{"id":6389,"date":"2023-01-23T11:48:55","date_gmt":"2023-01-23T10:48:55","guid":{"rendered":"https:\/\/aldaia.eu\/escuela-manana-curso-2022-2023\/"},"modified":"2025-12-30T13:08:09","modified_gmt":"2025-12-30T12:08:09","slug":"escuela-matinera","status":"publish","type":"page","link":"https:\/\/aldaia.es\/es\/educacion\/escuela-matinera\/","title":{"rendered":"Escuela matinera"},"content":{"rendered":"\n<div class=\"wp-block-columns dep-educacion is-layout-flex wp-container-core-columns-is-layout-9d6595d7 wp-block-columns-is-layout-flex\">\n<div class=\"wp-block-column is-layout-flow wp-block-column-is-layout-flow\" style=\"flex-basis:30%\"><!--  Info educacion -->\n\n \n\n<div class='bloque-infos-educacion wrapper-departamentos'>\n<p class=\"tit-bloque-infos\">Centro Municipal Vicent Andres Estell\u00e9s<\/p>\n        <div class='infos-departamento'>\n            <p>Av. Miguel Hern\u00e1ndez, 36, 46960 Aldaia, Valencia, Espa\u00f1a<\/p>\n            <p><i class=\"fa fa-phone\" aria-hidden=\"true\"><\/i> <a href=\"tel:+34961510693\">+34 96 198 88 12<\/a><\/p>\n            <p><strong>Horari:<\/strong><\/p>\n            <p>Lunes a Viernes de 9:00 a 14:00 horas. Tardes lunes de 17:00 a 19:00 horas.<\/p>\n            <p><i class=\"fas fa-envelope\"><\/i> <a href=\"mailto:educacio@ajuntamentaldaia.org\">educacio@ajuntamentaldaia.org<\/a><\/p>\n           \n        <\/div>\n\n        <div class='mapa-1'>\n        <iframe src=\"https:\/\/www.google.com\/maps\/embed?pb=!1m18!1m12!1m3!1d2690.682908478369!2d-0.4686331129630299!3d39.46730324512737!2m3!1f0!2f0!3f0!3m2!1i1024!2i768!4f13.1!3m3!1m2!1s0xd605015adeec8f5%3A0x8b1b4140f8e0c4b3!2sCentre%20Municipal%20Vicent%20Andres%20Estell%C3%A9s!5e0!3m2!1ses!2sus!4v1726660218475!5m2!1ses!2sus\" width=\"100%\" height=\"450\" style=\"border:0;\" allowfullscreen=\"\" loading=\"lazy\" referrerpolicy=\"no-referrer-when-downgrade\"><\/iframe>\n        <\/div>\n\n    <\/div>\n    <!-- end bloque infos -->\n   \n\n    \n\n\n<\/div>\n\n\n\n<div class=\"wp-block-column is-layout-flow wp-block-column-is-layout-flow\" style=\"flex-basis:70%\">\n<h1 class=\"wp-block-heading\">Escuela matinera<\/h1>\n\n\n\n<h2 class=\"wp-block-heading\">\u00bfQu\u00e9 es?&nbsp;<\/h2>\n\n\n\n<p>Este servicio se ofrece a aquellos ni\u00f1os y ni\u00f1as que necesitan atenci\u00f3n antes del inicio de las clases matinales, es decir, entre las 7 y las 9 de la ma\u00f1ana.<\/p>\n\n\n\n<p>Por tanto, el colectivo al que va dirigido este programa son aquellas familias que tienen hijos e hijas en edad escolar y que por razones de trabajo, salud, estudios\u2026 necesitan esta prestaci\u00f3n.<\/p>\n\n\n\n<p>Actividades: La Escuela Matinera se desarrolla en cada centro escolar del pueblo y las actividades que se realizan son de grupo y de car\u00e1cter l\u00fadico (juegos, cuentos, pl\u00e1stica,etc.)<\/p>\n\n\n\n<h2 class=\"wp-block-heading\">\u00bfQui\u00e9n puede solicitarlo?<\/h2>\n\n\n\n<p>Ni\u00f1os y ni\u00f1as con edades entre 3 y 11 a\u00f1os escolarizados en los colegios p\u00fablicos del municipio. Este servicio permanece aberto durante los d\u00edas lectivos del calendario escolar.<\/p>\n\n\n\n<h2 class=\"wp-block-heading\">C\u00f3mo solicitarlo<\/h2>\n\n\n\n<p>Instrucciones a continuaci\u00f3n o llamando al tel\u00e9fono del departamento: 96 198 88 12<\/p>\n<\/div>\n<\/div>\n\n\n\n<h2 class=\"wp-block-heading display-4\">Escuela matinera curso 2024-2025<\/h2>\n\n\n\n<figure data-wp-context=\"{&quot;imageId&quot;:&quot;69e358e23161b&quot;}\" data-wp-interactive=\"core\/image\" data-wp-key=\"69e358e23161b\" class=\"wp-block-image size-large wp-lightbox-container\"><img loading=\"lazy\" decoding=\"async\" width=\"1024\" height=\"576\" data-wp-class--hide=\"state.isContentHidden\" data-wp-class--show=\"state.isContentVisible\" data-wp-init=\"callbacks.setButtonStyles\" data-wp-on--click=\"actions.showLightbox\" data-wp-on--load=\"callbacks.setButtonStyles\" data-wp-on-window--resize=\"callbacks.setButtonStyles\" src=\"https:\/\/aldaia.es\/wp-content\/uploads\/2024\/07\/CARTEL-MATINERA-1024x576.jpg\" alt=\"\" class=\"wp-image-29093\" srcset=\"https:\/\/aldaia.es\/wp-content\/uploads\/2024\/07\/CARTEL-MATINERA-1024x576.jpg 1024w, https:\/\/aldaia.es\/wp-content\/uploads\/2024\/07\/CARTEL-MATINERA-300x169.jpg 300w, https:\/\/aldaia.es\/wp-content\/uploads\/2024\/07\/CARTEL-MATINERA-768x432.jpg 768w, https:\/\/aldaia.es\/wp-content\/uploads\/2024\/07\/CARTEL-MATINERA-1536x864.jpg 1536w, https:\/\/aldaia.es\/wp-content\/uploads\/2024\/07\/CARTEL-MATINERA-150x84.jpg 150w, https:\/\/aldaia.es\/wp-content\/uploads\/2024\/07\/CARTEL-MATINERA-696x392.jpg 696w, https:\/\/aldaia.es\/wp-content\/uploads\/2024\/07\/CARTEL-MATINERA-1068x601.jpg 1068w, https:\/\/aldaia.es\/wp-content\/uploads\/2024\/07\/CARTEL-MATINERA.jpg 1920w\" sizes=\"auto, (max-width: 1024px) 100vw, 1024px\" \/><button\n\t\t\tclass=\"lightbox-trigger\"\n\t\t\ttype=\"button\"\n\t\t\taria-haspopup=\"dialog\"\n\t\t\taria-label=\"Agrandar\"\n\t\t\tdata-wp-init=\"callbacks.initTriggerButton\"\n\t\t\tdata-wp-on--click=\"actions.showLightbox\"\n\t\t\tdata-wp-style--right=\"state.imageButtonRight\"\n\t\t\tdata-wp-style--top=\"state.imageButtonTop\"\n\t\t>\n\t\t\t<svg xmlns=\"http:\/\/www.w3.org\/2000\/svg\" width=\"12\" height=\"12\" fill=\"none\" viewBox=\"0 0 12 12\">\n\t\t\t\t<path fill=\"#fff\" d=\"M2 0a2 2 0 0 0-2 2v2h1.5V2a.5.5 0 0 1 .5-.5h2V0H2Zm2 10.5H2a.5.5 0 0 1-.5-.5V8H0v2a2 2 0 0 0 2 2h2v-1.5ZM8 12v-1.5h2a.5.5 0 0 0 .5-.5V8H12v2a2 2 0 0 1-2 2H8Zm2-12a2 2 0 0 1 2 2v2h-1.5V2a.5.5 0 0 0-.5-.5H8V0h2Z\" \/>\n\t\t\t<\/svg>\n\t\t<\/button><\/figure>\n\n\n\n<p><strong><u>HORARIO DE ATENCI\u00d3N Y GESTI\u00d3N:&nbsp;<\/u><\/strong><\/p>\n\n\n\n<p>En el mes de <strong>Julio<\/strong> \u00fanicamente por <strong>correo electr\u00f3nico o via telef\u00f3nica<\/strong>:<\/p>\n\n\n\n<ul class=\"wp-block-list\">\n<li>Correo Electr\u00f3nico: gestion.matinera@gmail.com<\/li>\n\n\n\n<li>Tel\u00e9fono: 637 55 79 73<\/li>\n<\/ul>\n\n\n\n<p>&nbsp;A partir de <strong>Septiembre<\/strong>, se podr\u00e1 acceder a <strong>citas presenciales<\/strong>.<\/p>\n\n\n\n<p><strong><u>(Se informa que cualquier usuario que tenga alg\u00fan pago pendiente, no podr\u00e1 hacer uso del servicio hasta que no se ponga al d\u00eda)<\/u><\/strong><\/p>\n\n\n\n<p>El Ayuntamiento de Aldaia se prepara para la puesta en marcha del servicio de Escuela Matinera durante el curso 2024\/2025, por ello ponemos a disposici\u00f3n de los padres, madres y tutores\/se la siguiente informaci\u00f3n sobre renovaciones, altas y bajas en el servicio:<\/p>\n\n\n\n<p><strong><u>RENOVACIONES<\/u><\/strong><\/p>\n\n\n\n<p>Si quer\u00e9is renovar autom\u00e1ticamente para el pr\u00f3ximo curso 2024\/2025, ten\u00e9is que enviar un correo a <a href=\"mailto:gestion.matinera@gmail.com\">gestion.matinera@gmail.com<\/a> con la siguiente informaci\u00f3n:<\/p>\n\n\n\n<ol class=\"wp-block-list\">\n<li><strong>Datos del\/la alumno\/a.<\/strong><\/li>\n\n\n\n<li><strong>Datos del padre\/madre\/tutor.<\/strong><\/li>\n\n\n\n<li><strong>Centro educativo.<\/strong><\/li>\n\n\n\n<li><strong>Forma de pago<\/strong> (domiciliaci\u00f3n, mensualidad, bonos) <strong>confirmando la continuidad en el servicio.<\/strong><\/li>\n<\/ol>\n\n\n\n<p><strong>(Una vez comprobada la documentaci\u00f3n que el servicio tiene del alumno\/a, si fuera necesario actualizar alg\u00fan documento, se lo har\u00eda saber)<\/strong><\/p>\n\n\n\n<p><strong><u>ALTAS<\/u><\/strong><\/p>\n\n\n\n<p>En caso de ser <strong>nuevos usuarios y usuarias<\/strong> del servicio de <em>matinera<\/em>, se tendr\u00e1n que rellenar los documentos necesarios situados en el siguiente enlace: <a href=\"https:\/\/aldaia.es\/wp-content\/uploads\/2024\/07\/24-25-INSCRIPCION-ALTA-ESCOLA-MATINERA-CAST_d.pdf\">24-25-INSCRIPCION-ALTA-ESCOLA-MATINERA-CAST_d.pdf (aldaia.es)<\/a>&nbsp;. Una vez rellenados, se deber\u00e1n de remitir por correo a <a href=\"mailto:gestion.matinera@gmail.com\">gestion.matinera@gmail.com<\/a>.<\/p>\n\n\n\n<p>Para resolver cualquier duda, puede telefonear al <strong>637 557 973<\/strong>.<\/p>\n\n\n\n<p><strong><u>BAJAS<\/u><\/strong><\/p>\n\n\n\n<p>En caso de<strong> NO<\/strong> <strong>continuar haciendo uso de la <em>matinera<\/em>,<\/strong> <strong>es obligatorio presentar el documento de baja del servicio. <\/strong>Este documento se puede encontrar en el siguiente enlace: <a href=\"https:\/\/aldaia.es\/wp-content\/uploads\/2024\/07\/24-25-Baja-matinera-CAST_d.pdf\">24-25-Baja-matinera-CAST_d.pdf (aldaia.es)<\/a>&nbsp;y se tiene que remitir al correo electr\u00f3nico <a href=\"mailto:gestion.matinera@gmail.com\">gestion.matinera@gmail.com<\/a><\/p>\n\n\n\n<p><strong><u>NORMAS ESCUELA MATINERA CURSO 2024\/2025<\/u><\/strong><\/p>\n\n\n\n<ul class=\"wp-block-list\">\n<li>Es necesario haber rellenado la hoja de inscripci\u00f3n con todos los datos.<\/li>\n\n\n\n<li>Es responsabilidad i obligaci\u00f3n del padre\/madre\/tutor\/a acompa\u00f1ar a los alumnos hasta la llegada del monitor, ya que el Ayuntamiento de Aldaia no se har\u00e1 responsable si hay alg\u00fan incidente por este motivo.<\/li>\n\n\n\n<li>Informamos a los usuarios de bonos, que solo son v\u00e1lidos para el curso escolar en funcionamiento, una vez acabado el curso los bonos habr\u00e1n caducado.<\/li>\n<\/ul>\n\n\n\n<div class=\"wp-block-columns is-layout-flex wp-container-core-columns-is-layout-9d6595d7 wp-block-columns-is-layout-flex\">\n<div class=\"wp-block-column lista_adjuntos is-layout-flow wp-block-column-is-layout-flow\">\n<h2 class=\"wp-block-heading  display-4\">Adjuntos<\/h2>\n\n\n\n<p><i class=\"fas fa-file-pdf\"><\/i> <a href=\"https:\/\/aldaia.es\/wp-content\/uploads\/2024\/07\/24-25-INSCRIPCIO-ALTA-ESCOLA-MATINERA-VAL_d.pdf\" target=\"_blank\" rel=\"noreferrer noopener\">ALTA INSCRIPCI\u00d3N ESCUELA MATINERA<\/a><\/p>\n\n\n\n<p><i class=\"fas fa-file-pdf\"><\/i> <a href=\"https:\/\/aldaia.es\/wp-content\/uploads\/2024\/07\/24-25-Baixa-Matinera-VAL_d.pdf\" target=\"_blank\" rel=\"noreferrer noopener\">BAJA INSCRIPCI\u00d3N ESCUELA MATINERA<\/a><\/p>\n\n\n\n<p><i class=\"fas fa-file-pdf\"><\/i> <a href=\"https:\/\/aldaia.es\/educacio\/escola-matinera-curs-2023-2024\/#\" target=\"_blank\" rel=\"noreferrer noopener\">FICHA MANTENIMIENTO DE TERCEROS<\/a><\/p>\n\n\n\n<p><i class=\"fas fa-file-pdf\"><\/i> <a href=\"https:\/\/aldaia.es\/wp-content\/uploads\/2024\/07\/24-25-Formas_de_pago_escola_matinera-VAL_d.pdf\" target=\"_blank\" rel=\"noreferrer noopener\">FORMAS DE PAGO<\/a><\/p>\n<\/div>\n<\/div>\n\n\n\n<div class=\"wp-block-columns is-layout-flex wp-container-core-columns-is-layout-9d6595d7 wp-block-columns-is-layout-flex\">\n<div class=\"wp-block-column lista_adjuntos is-layout-flow wp-block-column-is-layout-flow\">\n<h2 class=\"wp-block-heading  display-4\">Enlaces<\/h2>\n\n\n\n<p><i class=\"fas fa-link\"><\/i> <a href=\"https:\/\/aldaia.es\/educacio\/\">Educaci\u00f3n<\/a><\/p>\n<\/div>\n<\/div>\n","protected":false},"excerpt":{"rendered":"<p>Escuela matinera \u00bfQu\u00e9 es?&nbsp; Este servicio se ofrece a aquellos ni\u00f1os y ni\u00f1as que necesitan atenci\u00f3n antes del inicio de las clases matinales, es decir, entre las 7 y las <a class=\"text-decoration-none text-black\" href=\"https:\/\/aldaia.es\/es\/educacion\/escuela-matinera\/\"> &#8230; <\/a><\/p>\n","protected":false},"author":14,"featured_media":0,"parent":6252,"menu_order":0,"comment_status":"closed","ping_status":"closed","template":"basic-page-departamentos.php","meta":{"_acf_changed":false,"footnotes":""},"class_list":["post-6389","page","type-page","status-publish","hentry"],"acf":[],"yoast_head":"<!-- This site is optimized with the Yoast SEO plugin v27.0 - https:\/\/yoast.com\/product\/yoast-seo-wordpress\/ -->\n<title>Escuela matinera - Ayuntamiento de Aldaia<\/title>\n<meta name=\"description\" content=\"Servicio para ni\u00f1os y ni\u00f1as que necesitan atenci\u00f3n antes del inicio de las clases matinales, es decir, entre las 7 y las 9 de la ma\u00f1ana.\" \/>\n<meta name=\"robots\" content=\"index, follow, max-snippet:-1, max-image-preview:large, max-video-preview:-1\" \/>\n<link rel=\"canonical\" href=\"https:\/\/aldaia.es\/es\/educacion\/escuela-matinera\/\" \/>\n<meta property=\"og:locale\" content=\"es_ES\" \/>\n<meta property=\"og:type\" content=\"article\" \/>\n<meta property=\"og:title\" content=\"Escuela matinera - Ayuntamiento de Aldaia\" \/>\n<meta property=\"og:description\" content=\"Servicio para ni\u00f1os y ni\u00f1as que necesitan atenci\u00f3n antes del inicio de las clases matinales, es decir, entre las 7 y las 9 de la ma\u00f1ana.\" \/>\n<meta property=\"og:url\" content=\"https:\/\/aldaia.es\/es\/educacion\/escuela-matinera\/\" \/>\n<meta property=\"og:site_name\" content=\"Ayuntamiento de Aldaia\" \/>\n<meta property=\"article:modified_time\" content=\"2025-12-30T12:08:09+00:00\" \/>\n<meta property=\"og:image\" content=\"https:\/\/aldaia.es\/wp-content\/uploads\/2024\/07\/CARTEL-MATINERA.jpg\" \/>\n\t<meta property=\"og:image:width\" content=\"1920\" \/>\n\t<meta property=\"og:image:height\" content=\"1080\" \/>\n\t<meta property=\"og:image:type\" content=\"image\/jpeg\" \/>\n<script type=\"application\/ld+json\" class=\"yoast-schema-graph\">{\"@context\":\"https:\/\/schema.org\",\"@graph\":[{\"@type\":\"WebPage\",\"@id\":\"https:\/\/aldaia.es\/es\/educacion\/escuela-matinera\/\",\"url\":\"https:\/\/aldaia.es\/es\/educacion\/escuela-matinera\/\",\"name\":\"Escuela matinera - Ayuntamiento de Aldaia\",\"isPartOf\":{\"@id\":\"https:\/\/aldaia.es\/es\/#website\"},\"primaryImageOfPage\":{\"@id\":\"https:\/\/aldaia.es\/es\/educacion\/escuela-matinera\/#primaryimage\"},\"image\":{\"@id\":\"https:\/\/aldaia.es\/es\/educacion\/escuela-matinera\/#primaryimage\"},\"thumbnailUrl\":\"https:\/\/aldaia.es\/wp-content\/uploads\/2024\/07\/CARTEL-MATINERA-1024x576.jpg\",\"datePublished\":\"2023-01-23T10:48:55+00:00\",\"dateModified\":\"2025-12-30T12:08:09+00:00\",\"description\":\"Servicio para ni\u00f1os y ni\u00f1as que necesitan atenci\u00f3n antes del inicio de las clases matinales, es decir, entre las 7 y las 9 de la ma\u00f1ana.\",\"breadcrumb\":{\"@id\":\"https:\/\/aldaia.es\/es\/educacion\/escuela-matinera\/#breadcrumb\"},\"inLanguage\":\"es\",\"potentialAction\":[{\"@type\":\"ReadAction\",\"target\":[\"https:\/\/aldaia.es\/es\/educacion\/escuela-matinera\/\"]}]},{\"@type\":\"ImageObject\",\"inLanguage\":\"es\",\"@id\":\"https:\/\/aldaia.es\/es\/educacion\/escuela-matinera\/#primaryimage\",\"url\":\"https:\/\/aldaia.es\/wp-content\/uploads\/2024\/07\/CARTEL-MATINERA-1024x576.jpg\",\"contentUrl\":\"https:\/\/aldaia.es\/wp-content\/uploads\/2024\/07\/CARTEL-MATINERA-1024x576.jpg\"},{\"@type\":\"BreadcrumbList\",\"@id\":\"https:\/\/aldaia.es\/es\/educacion\/escuela-matinera\/#breadcrumb\",\"itemListElement\":[{\"@type\":\"ListItem\",\"position\":1,\"name\":\"Portada\",\"item\":\"https:\/\/aldaia.es\/es\/\"},{\"@type\":\"ListItem\",\"position\":2,\"name\":\"Educaci\u00f3n\",\"item\":\"https:\/\/aldaia.es\/es\/educacion\/\"},{\"@type\":\"ListItem\",\"position\":3,\"name\":\"Escuela matinera\"}]},{\"@type\":\"WebSite\",\"@id\":\"https:\/\/aldaia.es\/es\/#website\",\"url\":\"https:\/\/aldaia.es\/es\/\",\"name\":\"Ajuntament D'Aldaia\",\"description\":\"\",\"publisher\":{\"@id\":\"https:\/\/aldaia.es\/es\/#organization\"},\"alternateName\":\"Ajuntament D'Aldaia\",\"potentialAction\":[{\"@type\":\"SearchAction\",\"target\":{\"@type\":\"EntryPoint\",\"urlTemplate\":\"https:\/\/aldaia.es\/es\/?s={search_term_string}\"},\"query-input\":{\"@type\":\"PropertyValueSpecification\",\"valueRequired\":true,\"valueName\":\"search_term_string\"}}],\"inLanguage\":\"es\"},{\"@type\":\"Organization\",\"@id\":\"https:\/\/aldaia.es\/es\/#organization\",\"name\":\"Ajuntament D'Aldaia\",\"url\":\"https:\/\/aldaia.es\/es\/\",\"logo\":{\"@type\":\"ImageObject\",\"inLanguage\":\"es\",\"@id\":\"https:\/\/aldaia.es\/es\/#\/schema\/logo\/image\/\",\"url\":\"https:\/\/aldaia.es\/wp-content\/uploads\/2022\/06\/aldaia-negro-1.png\",\"contentUrl\":\"https:\/\/aldaia.es\/wp-content\/uploads\/2022\/06\/aldaia-negro-1.png\",\"width\":152,\"height\":70,\"caption\":\"Ajuntament D'Aldaia\"},\"image\":{\"@id\":\"https:\/\/aldaia.es\/es\/#\/schema\/logo\/image\/\"}}]}<\/script>\n<!-- \/ Yoast SEO plugin. -->","yoast_head_json":{"title":"Escuela matinera - Ayuntamiento de Aldaia","description":"Servicio para ni\u00f1os y ni\u00f1as que necesitan atenci\u00f3n antes del inicio de las clases matinales, es decir, entre las 7 y las 9 de la ma\u00f1ana.","robots":{"index":"index","follow":"follow","max-snippet":"max-snippet:-1","max-image-preview":"max-image-preview:large","max-video-preview":"max-video-preview:-1"},"canonical":"https:\/\/aldaia.es\/es\/educacion\/escuela-matinera\/","og_locale":"es_ES","og_type":"article","og_title":"Escuela matinera - Ayuntamiento de Aldaia","og_description":"Servicio para ni\u00f1os y ni\u00f1as que necesitan atenci\u00f3n antes del inicio de las clases matinales, es decir, entre las 7 y las 9 de la ma\u00f1ana.","og_url":"https:\/\/aldaia.es\/es\/educacion\/escuela-matinera\/","og_site_name":"Ayuntamiento de Aldaia","article_modified_time":"2025-12-30T12:08:09+00:00","og_image":[{"width":1920,"height":1080,"url":"https:\/\/aldaia.es\/wp-content\/uploads\/2024\/07\/CARTEL-MATINERA.jpg","type":"image\/jpeg"}],"schema":{"@context":"https:\/\/schema.org","@graph":[{"@type":"WebPage","@id":"https:\/\/aldaia.es\/es\/educacion\/escuela-matinera\/","url":"https:\/\/aldaia.es\/es\/educacion\/escuela-matinera\/","name":"Escuela matinera - Ayuntamiento de Aldaia","isPartOf":{"@id":"https:\/\/aldaia.es\/es\/#website"},"primaryImageOfPage":{"@id":"https:\/\/aldaia.es\/es\/educacion\/escuela-matinera\/#primaryimage"},"image":{"@id":"https:\/\/aldaia.es\/es\/educacion\/escuela-matinera\/#primaryimage"},"thumbnailUrl":"https:\/\/aldaia.es\/wp-content\/uploads\/2024\/07\/CARTEL-MATINERA-1024x576.jpg","datePublished":"2023-01-23T10:48:55+00:00","dateModified":"2025-12-30T12:08:09+00:00","description":"Servicio para ni\u00f1os y ni\u00f1as que necesitan atenci\u00f3n antes del inicio de las clases matinales, es decir, entre las 7 y las 9 de la ma\u00f1ana.","breadcrumb":{"@id":"https:\/\/aldaia.es\/es\/educacion\/escuela-matinera\/#breadcrumb"},"inLanguage":"es","potentialAction":[{"@type":"ReadAction","target":["https:\/\/aldaia.es\/es\/educacion\/escuela-matinera\/"]}]},{"@type":"ImageObject","inLanguage":"es","@id":"https:\/\/aldaia.es\/es\/educacion\/escuela-matinera\/#primaryimage","url":"https:\/\/aldaia.es\/wp-content\/uploads\/2024\/07\/CARTEL-MATINERA-1024x576.jpg","contentUrl":"https:\/\/aldaia.es\/wp-content\/uploads\/2024\/07\/CARTEL-MATINERA-1024x576.jpg"},{"@type":"BreadcrumbList","@id":"https:\/\/aldaia.es\/es\/educacion\/escuela-matinera\/#breadcrumb","itemListElement":[{"@type":"ListItem","position":1,"name":"Portada","item":"https:\/\/aldaia.es\/es\/"},{"@type":"ListItem","position":2,"name":"Educaci\u00f3n","item":"https:\/\/aldaia.es\/es\/educacion\/"},{"@type":"ListItem","position":3,"name":"Escuela matinera"}]},{"@type":"WebSite","@id":"https:\/\/aldaia.es\/es\/#website","url":"https:\/\/aldaia.es\/es\/","name":"Ajuntament D'Aldaia","description":"","publisher":{"@id":"https:\/\/aldaia.es\/es\/#organization"},"alternateName":"Ajuntament D'Aldaia","potentialAction":[{"@type":"SearchAction","target":{"@type":"EntryPoint","urlTemplate":"https:\/\/aldaia.es\/es\/?s={search_term_string}"},"query-input":{"@type":"PropertyValueSpecification","valueRequired":true,"valueName":"search_term_string"}}],"inLanguage":"es"},{"@type":"Organization","@id":"https:\/\/aldaia.es\/es\/#organization","name":"Ajuntament D'Aldaia","url":"https:\/\/aldaia.es\/es\/","logo":{"@type":"ImageObject","inLanguage":"es","@id":"https:\/\/aldaia.es\/es\/#\/schema\/logo\/image\/","url":"https:\/\/aldaia.es\/wp-content\/uploads\/2022\/06\/aldaia-negro-1.png","contentUrl":"https:\/\/aldaia.es\/wp-content\/uploads\/2022\/06\/aldaia-negro-1.png","width":152,"height":70,"caption":"Ajuntament D'Aldaia"},"image":{"@id":"https:\/\/aldaia.es\/es\/#\/schema\/logo\/image\/"}}]}},"_links":{"self":[{"href":"https:\/\/aldaia.es\/es\/wp-json\/wp\/v2\/pages\/6389","targetHints":{"allow":["GET"]}}],"collection":[{"href":"https:\/\/aldaia.es\/es\/wp-json\/wp\/v2\/pages"}],"about":[{"href":"https:\/\/aldaia.es\/es\/wp-json\/wp\/v2\/types\/page"}],"author":[{"embeddable":true,"href":"https:\/\/aldaia.es\/es\/wp-json\/wp\/v2\/users\/14"}],"replies":[{"embeddable":true,"href":"https:\/\/aldaia.es\/es\/wp-json\/wp\/v2\/comments?post=6389"}],"version-history":[{"count":53,"href":"https:\/\/aldaia.es\/es\/wp-json\/wp\/v2\/pages\/6389\/revisions"}],"predecessor-version":[{"id":40329,"href":"https:\/\/aldaia.es\/es\/wp-json\/wp\/v2\/pages\/6389\/revisions\/40329"}],"up":[{"embeddable":true,"href":"https:\/\/aldaia.es\/es\/wp-json\/wp\/v2\/pages\/6252"}],"wp:attachment":[{"href":"https:\/\/aldaia.es\/es\/wp-json\/wp\/v2\/media?parent=6389"}],"curies":[{"name":"wp","href":"https:\/\/api.w.org\/{rel}","templated":true}]}}