{"id":6391,"date":"2022-08-29T13:02:56","date_gmt":"2022-08-29T11:02:56","guid":{"rendered":"https:\/\/aldaia.eu\/escolarizacion\/"},"modified":"2026-03-26T10:25:32","modified_gmt":"2026-03-26T09:25:32","slug":"escolarizacion","status":"publish","type":"page","link":"https:\/\/aldaia.es\/es\/educacion\/escolarizacion\/","title":{"rendered":"Escolarizaci\u00f3n"},"content":{"rendered":"\n<div class=\"wp-block-columns dep-educacion is-layout-flex wp-container-core-columns-is-layout-9d6595d7 wp-block-columns-is-layout-flex\">\n<div class=\"wp-block-column is-layout-flow wp-block-column-is-layout-flow\" style=\"flex-basis:30%\"><!--  Info educacion -->\n\n \n\n<div class='bloque-infos-educacion wrapper-departamentos'>\n<p class=\"tit-bloque-infos\">Centro Municipal Vicent Andres Estell\u00e9s<\/p>\n        <div class='infos-departamento'>\n            <p>Av. Miguel Hern\u00e1ndez, 36, 46960 Aldaia, Valencia, Espa\u00f1a<\/p>\n            <p><i class=\"fa fa-phone\" aria-hidden=\"true\"><\/i> <a href=\"tel:+34961510693\">+34 96 198 88 12<\/a><\/p>\n            <p><strong>Horari:<\/strong><\/p>\n            <p>Lunes a Viernes de 9:00 a 14:00 horas. Tardes lunes de 17:00 a 19:00 horas.<\/p>\n            <p><i class=\"fas fa-envelope\"><\/i> <a href=\"mailto:educacio@ajuntamentaldaia.org\">educacio@ajuntamentaldaia.org<\/a><\/p>\n           \n        <\/div>\n\n        <div class='mapa-1'>\n        <iframe src=\"https:\/\/www.google.com\/maps\/embed?pb=!1m18!1m12!1m3!1d2690.682908478369!2d-0.4686331129630299!3d39.46730324512737!2m3!1f0!2f0!3f0!3m2!1i1024!2i768!4f13.1!3m3!1m2!1s0xd605015adeec8f5%3A0x8b1b4140f8e0c4b3!2sCentre%20Municipal%20Vicent%20Andres%20Estell%C3%A9s!5e0!3m2!1ses!2sus!4v1726660218475!5m2!1ses!2sus\" width=\"100%\" height=\"450\" style=\"border:0;\" allowfullscreen=\"\" loading=\"lazy\" referrerpolicy=\"no-referrer-when-downgrade\"><\/iframe>\n        <\/div>\n\n    <\/div>\n    <!-- end bloque infos -->\n   \n\n    \n\n\n<\/div>\n\n\n\n<div class=\"wp-block-column is-layout-flow wp-block-column-is-layout-flow\" style=\"flex-basis:70%\">\n<h1 class=\"wp-block-heading\">Escolarizaci\u00f3n<\/h1>\n\n\n\n<h2 class=\"wp-block-heading\">Calendario de admisi\u00f3n del alumnado para el curso 2026-2027<\/h2>\n\n\n\n<p>Ya est\u00e1 a disposici\u00f3n de todas las familias el calendario de admisi\u00f3n y matriculaci\u00f3n para el pr\u00f3ximo curso 2026\/2027.<\/p>\n\n\n\n<p>Las presentaciones de solicitudes de plaza en los centros educativos de <strong>Infantil y Primaria<\/strong> ser\u00e1 del 7 al 18 de mayo; la admisi\u00f3n para <strong>Secundaria y Bachillerato<\/strong> del 21 de mayo a 1 de junio y para <strong>Educaci\u00f3n Especial<\/strong> y <strong>Unidades Espec\u00edficas en Centros Ordinarios<\/strong> del 7 al 18 de mayo.<\/p>\n\n\n\n<p>Para poder realizar el proceso de <em>TELEMATRICULA, <\/em>debe hacerse de forma telem\u00e1tica a trav\u00e9s del siguiente enlace:&nbsp; <a href=\"https:\/\/portal.edu.gva.es\/telematricula\/es\/inicio\/\">portal.edu.gva.es\/telematricula\/es\/inicio\/<\/a><\/p>\n\n\n\n<p>Os recordamos que para m\u00e1s informaci\u00f3n o cualquier duda que pueda surgir, contact\u00e9is con el departamento:<\/p>\n\n\n\n<ul class=\"wp-block-list\">\n<li>Correo electr\u00f3nico: educacio@ajuntamentaldaia.org&nbsp;<\/li>\n\n\n\n<li>Tel\u00e9fono: 96 198 88 12&nbsp;<\/li>\n\n\n\n<li>Horario: Lunes a Viernes de 9:00 a 14:00 horas. Tardes lunes de 17:00 a 19:00 horas.<\/li>\n<\/ul>\n\n\n\n<p><\/p>\n\n\n\n<figure class=\"wp-block-image size-large\"><img loading=\"lazy\" decoding=\"async\" width=\"724\" height=\"1024\" src=\"https:\/\/aldaia.es\/wp-content\/uploads\/2026\/03\/CALENDARIO-ADMISION-Y-MATRICULA-4-1-724x1024.png\" alt=\"\" class=\"wp-image-41355\" srcset=\"https:\/\/aldaia.es\/wp-content\/uploads\/2026\/03\/CALENDARIO-ADMISION-Y-MATRICULA-4-1-724x1024.png 724w, https:\/\/aldaia.es\/wp-content\/uploads\/2026\/03\/CALENDARIO-ADMISION-Y-MATRICULA-4-1-212x300.png 212w, https:\/\/aldaia.es\/wp-content\/uploads\/2026\/03\/CALENDARIO-ADMISION-Y-MATRICULA-4-1-768x1086.png 768w, https:\/\/aldaia.es\/wp-content\/uploads\/2026\/03\/CALENDARIO-ADMISION-Y-MATRICULA-4-1-1086x1536.png 1086w, https:\/\/aldaia.es\/wp-content\/uploads\/2026\/03\/CALENDARIO-ADMISION-Y-MATRICULA-4-1.png 1414w\" sizes=\"auto, (max-width: 724px) 100vw, 724px\" \/><\/figure>\n\n\n\n<figure class=\"wp-block-image size-large\"><a href=\"https:\/\/aldaia.es\/wp-content\/uploads\/2026\/03\/Resolucion-DGCD-calendario-e-instrucciones-proceso-admision-curso-26-27-3.pdf\" target=\"_blank\" rel=\"noreferrer noopener\"><img loading=\"lazy\" decoding=\"async\" width=\"724\" height=\"1024\" src=\"https:\/\/aldaia.es\/wp-content\/uploads\/2026\/03\/Resolucion-DGCD-calendario-e-instrucciones-proceso-admision-curso-26-27-3-pdf-724x1024.jpg\" alt=\"\" class=\"wp-image-41034\" \/><\/a><\/figure>\n\n\n\n<p><\/p>\n\n\n\n<h2 class=\"wp-block-heading\">Calendario de admisi\u00f3n del alumnado de ciclos formativos para el curso 2025-2026<\/h2>\n\n\n\n<p>Ya est\u00e1 publicado el calendario de admisi\u00f3n y matriculaci\u00f3n de CICLOS FORMATIVOS para el curso 2025\/2026.<\/p>\n\n\n\n<p>Las presentaciones de solicitudes de Grado B\u00e1sico (GB), Grado Medio y Superior (GM\/GS), Curso de Especializaci\u00f3n (CE) del 23 de mayo al 2 de junio; Grado B\u00e1sico de 2\u00ba Oportunidad (GB2) del y Programa Formativos Cualificaci\u00f3n B\u00e1sica (PFCB) del 3 al 9 de julio.<\/p>\n\n\n\n<p>Las solicitudes y publicaciones se realizar\u00e1n en la p\u00e1gina web de la Conselleria de Educaci\u00f3n, Universidades y Empleo, en el apartado de \u00abFormaci\u00f3n Profesional \u2013 Admisi\u00f3n\u00bb, tambi\u00e9n llamada \u00abweb de admisi\u00f3n de FP\u00bb, o en el siguiente enlace: Admisi\u00f3n \u2013 Formaci\u00f3n Profesional \u2013 Generalitat Valenciana (gva.es)<\/p>\n\n\n\n<p>Os recordamos que para m\u00e1s informaci\u00f3n o cualquier duda que pueda surgir, contact\u00e9is con el departamento de Educaci\u00f3n.<\/p>\n\n\n\n<figure class=\"wp-block-image size-large\"><img loading=\"lazy\" decoding=\"async\" width=\"716\" height=\"1024\" src=\"https:\/\/aldaia.es\/wp-content\/uploads\/2025\/04\/CALENDARIO-ADMISION-GRADOS-_PFCB_25-26.1-2-716x1024.jpg\" alt=\"\" class=\"wp-image-37018\" srcset=\"https:\/\/aldaia.es\/wp-content\/uploads\/2025\/04\/CALENDARIO-ADMISION-GRADOS-_PFCB_25-26.1-2-716x1024.jpg 716w, https:\/\/aldaia.es\/wp-content\/uploads\/2025\/04\/CALENDARIO-ADMISION-GRADOS-_PFCB_25-26.1-2-210x300.jpg 210w, https:\/\/aldaia.es\/wp-content\/uploads\/2025\/04\/CALENDARIO-ADMISION-GRADOS-_PFCB_25-26.1-2-768x1099.jpg 768w, https:\/\/aldaia.es\/wp-content\/uploads\/2025\/04\/CALENDARIO-ADMISION-GRADOS-_PFCB_25-26.1-2-1074x1536.jpg 1074w, https:\/\/aldaia.es\/wp-content\/uploads\/2025\/04\/CALENDARIO-ADMISION-GRADOS-_PFCB_25-26.1-2-1432x2048.jpg 1432w, https:\/\/aldaia.es\/wp-content\/uploads\/2025\/04\/CALENDARIO-ADMISION-GRADOS-_PFCB_25-26.1-2-150x215.jpg 150w, https:\/\/aldaia.es\/wp-content\/uploads\/2025\/04\/CALENDARIO-ADMISION-GRADOS-_PFCB_25-26.1-2-300x429.jpg 300w, https:\/\/aldaia.es\/wp-content\/uploads\/2025\/04\/CALENDARIO-ADMISION-GRADOS-_PFCB_25-26.1-2-696x996.jpg 696w, https:\/\/aldaia.es\/wp-content\/uploads\/2025\/04\/CALENDARIO-ADMISION-GRADOS-_PFCB_25-26.1-2-1068x1528.jpg 1068w, https:\/\/aldaia.es\/wp-content\/uploads\/2025\/04\/CALENDARIO-ADMISION-GRADOS-_PFCB_25-26.1-2-1920x2747.jpg 1920w, https:\/\/aldaia.es\/wp-content\/uploads\/2025\/04\/CALENDARIO-ADMISION-GRADOS-_PFCB_25-26.1-2-scaled.jpg 1790w\" sizes=\"auto, (max-width: 716px) 100vw, 716px\" \/><\/figure>\n\n\n\n<p><\/p>\n<\/div>\n<\/div>\n\n\n\n<div class=\"wp-block-columns is-layout-flex wp-container-core-columns-is-layout-9d6595d7 wp-block-columns-is-layout-flex\">\n<div class=\"wp-block-column lista_adjuntos is-layout-flow wp-block-column-is-layout-flow\">\n<h2 class=\"wp-block-heading  display-4\">Adjuntos<\/h2>\n\n\n\n<p><i class=\"fas fa-file-pdf\"><\/i> <a href=\"https:\/\/dogv.gva.es\/datos\/2024\/04\/24\/pdf\/2024_3541.pdf\" target=\"_blank\" rel=\"noreferrer noopener\">DECRETO PROCESO DE ADMISI\u00d3N CURSO 2024\/2025<\/a><\/p>\n\n\n\n<p><i class=\"fas fa-file-pdf\"><\/i> <a href=\"https:\/\/aldaia.es\/wp-content\/uploads\/2026\/03\/Resolucion-DGCD-calendario-e-instrucciones-proceso-admision-curso-26-27.pdf\" target=\"_blank\" rel=\"noreferrer noopener\">RESOLUCI\u00d3N CALENDARIO ADMISI\u00d3N CURSO 2026\/2027<\/a><\/p>\n\n\n\n<p><i class=\"fas fa-file-pdf\"><\/i> <a href=\"https:\/\/aldaia.es\/wp-content\/uploads\/2025\/04\/RESOLUCION-Proceso-admision-Formacion-Profesional-PFCB-2025-26.pdf\" target=\"_blank\" rel=\"noreferrer noopener\">RESOLUCI\u00d3N ADMISI\u00d3N CICLOS FORMATIVOS 2025\/2026<\/a><\/p>\n<\/div>\n<\/div>\n\n\n\n<div class=\"wp-block-columns is-layout-flex wp-container-core-columns-is-layout-9d6595d7 wp-block-columns-is-layout-flex\">\n<div class=\"wp-block-column lista_adjuntos is-layout-flow wp-block-column-is-layout-flow\">\n<h2 class=\"wp-block-heading  display-4\">Enlaces<\/h2>\n\n\n\n<p><i class=\"fas fa-file-pdf\"><\/i> <a href=\"https:\/\/portal.edu.gva.es\/telematricula\/\" target=\"_blank\" rel=\"noreferrer noopener\">ENLACE TELEMATRICULA<\/a><\/p>\n\n\n\n<p><i class=\"fas fa-file-pdf\"><\/i> <a href=\"https:\/\/ceice.gva.es\/es\/web\/admision-alumnado\" target=\"_blank\" rel=\"noreferrer noopener\">ENLACE AdminNOVA &#8211; Ciclos Formativos<\/a><\/p>\n<\/div>\n<\/div>\n\n\n\n<p><\/p>\n","protected":false},"excerpt":{"rendered":"<p>Escolarizaci\u00f3n Calendario de admisi\u00f3n del alumnado para el curso 2026-2027 Ya est\u00e1 a disposici\u00f3n de todas las familias el calendario de admisi\u00f3n y matriculaci\u00f3n para el pr\u00f3ximo curso 2026\/2027. Las <a class=\"text-decoration-none text-black\" href=\"https:\/\/aldaia.es\/es\/educacion\/escolarizacion\/\"> &#8230; <\/a><\/p>\n","protected":false},"author":14,"featured_media":0,"parent":6252,"menu_order":0,"comment_status":"closed","ping_status":"closed","template":"basic-page-departamentos.php","meta":{"_acf_changed":false,"footnotes":""},"class_list":["post-6391","page","type-page","status-publish","hentry"],"acf":[],"yoast_head":"<!-- This site is optimized with the Yoast SEO plugin v27.0 - https:\/\/yoast.com\/product\/yoast-seo-wordpress\/ -->\n<title>Escolarizaci\u00f3n - Ayuntamiento de Aldaia<\/title>\n<meta name=\"description\" content=\"Calendario de admisi\u00f3n del alumnado para el presente curso. Toda la informaci\u00f3n del Ayuntamiento de Aldaia, departamento de Educaci\u00f3.\" \/>\n<meta name=\"robots\" content=\"index, follow, max-snippet:-1, max-image-preview:large, max-video-preview:-1\" \/>\n<link rel=\"canonical\" href=\"https:\/\/aldaia.es\/es\/educacion\/escolarizacion\/\" \/>\n<meta property=\"og:locale\" content=\"es_ES\" \/>\n<meta property=\"og:type\" content=\"article\" \/>\n<meta property=\"og:title\" content=\"Escolarizaci\u00f3n - Ayuntamiento de Aldaia\" \/>\n<meta property=\"og:description\" content=\"Calendario de admisi\u00f3n del alumnado para el presente curso. Toda la informaci\u00f3n del Ayuntamiento de Aldaia, departamento de Educaci\u00f3.\" \/>\n<meta property=\"og:url\" content=\"https:\/\/aldaia.es\/es\/educacion\/escolarizacion\/\" \/>\n<meta property=\"og:site_name\" content=\"Ayuntamiento de Aldaia\" \/>\n<meta property=\"article:modified_time\" content=\"2026-03-26T09:25:32+00:00\" \/>\n<meta property=\"og:image\" content=\"https:\/\/aldaia.es\/wp-content\/uploads\/2026\/03\/CALENDARIO-ADMISION-Y-MATRICULA-4-1.png\" \/>\n\t<meta property=\"og:image:width\" content=\"1414\" \/>\n\t<meta property=\"og:image:height\" content=\"2000\" \/>\n\t<meta property=\"og:image:type\" content=\"image\/png\" \/>\n<script type=\"application\/ld+json\" class=\"yoast-schema-graph\">{\"@context\":\"https:\/\/schema.org\",\"@graph\":[{\"@type\":\"WebPage\",\"@id\":\"https:\/\/aldaia.es\/es\/educacion\/escolarizacion\/\",\"url\":\"https:\/\/aldaia.es\/es\/educacion\/escolarizacion\/\",\"name\":\"Escolarizaci\u00f3n - Ayuntamiento de Aldaia\",\"isPartOf\":{\"@id\":\"https:\/\/aldaia.es\/es\/#website\"},\"primaryImageOfPage\":{\"@id\":\"https:\/\/aldaia.es\/es\/educacion\/escolarizacion\/#primaryimage\"},\"image\":{\"@id\":\"https:\/\/aldaia.es\/es\/educacion\/escolarizacion\/#primaryimage\"},\"thumbnailUrl\":\"https:\/\/aldaia.es\/wp-content\/uploads\/2026\/03\/CALENDARIO-ADMISION-Y-MATRICULA-4-1-724x1024.png\",\"datePublished\":\"2022-08-29T11:02:56+00:00\",\"dateModified\":\"2026-03-26T09:25:32+00:00\",\"description\":\"Calendario de admisi\u00f3n del alumnado para el presente curso. Toda la informaci\u00f3n del Ayuntamiento de Aldaia, departamento de Educaci\u00f3.\",\"breadcrumb\":{\"@id\":\"https:\/\/aldaia.es\/es\/educacion\/escolarizacion\/#breadcrumb\"},\"inLanguage\":\"es\",\"potentialAction\":[{\"@type\":\"ReadAction\",\"target\":[\"https:\/\/aldaia.es\/es\/educacion\/escolarizacion\/\"]}]},{\"@type\":\"ImageObject\",\"inLanguage\":\"es\",\"@id\":\"https:\/\/aldaia.es\/es\/educacion\/escolarizacion\/#primaryimage\",\"url\":\"https:\/\/aldaia.es\/wp-content\/uploads\/2026\/03\/CALENDARIO-ADMISION-Y-MATRICULA-4-1-724x1024.png\",\"contentUrl\":\"https:\/\/aldaia.es\/wp-content\/uploads\/2026\/03\/CALENDARIO-ADMISION-Y-MATRICULA-4-1-724x1024.png\"},{\"@type\":\"BreadcrumbList\",\"@id\":\"https:\/\/aldaia.es\/es\/educacion\/escolarizacion\/#breadcrumb\",\"itemListElement\":[{\"@type\":\"ListItem\",\"position\":1,\"name\":\"Portada\",\"item\":\"https:\/\/aldaia.es\/es\/\"},{\"@type\":\"ListItem\",\"position\":2,\"name\":\"Educaci\u00f3n\",\"item\":\"https:\/\/aldaia.es\/es\/educacion\/\"},{\"@type\":\"ListItem\",\"position\":3,\"name\":\"Escolarizaci\u00f3n\"}]},{\"@type\":\"WebSite\",\"@id\":\"https:\/\/aldaia.es\/es\/#website\",\"url\":\"https:\/\/aldaia.es\/es\/\",\"name\":\"Ajuntament D'Aldaia\",\"description\":\"\",\"publisher\":{\"@id\":\"https:\/\/aldaia.es\/es\/#organization\"},\"alternateName\":\"Ajuntament D'Aldaia\",\"potentialAction\":[{\"@type\":\"SearchAction\",\"target\":{\"@type\":\"EntryPoint\",\"urlTemplate\":\"https:\/\/aldaia.es\/es\/?s={search_term_string}\"},\"query-input\":{\"@type\":\"PropertyValueSpecification\",\"valueRequired\":true,\"valueName\":\"search_term_string\"}}],\"inLanguage\":\"es\"},{\"@type\":\"Organization\",\"@id\":\"https:\/\/aldaia.es\/es\/#organization\",\"name\":\"Ajuntament D'Aldaia\",\"url\":\"https:\/\/aldaia.es\/es\/\",\"logo\":{\"@type\":\"ImageObject\",\"inLanguage\":\"es\",\"@id\":\"https:\/\/aldaia.es\/es\/#\/schema\/logo\/image\/\",\"url\":\"https:\/\/aldaia.es\/wp-content\/uploads\/2022\/06\/aldaia-negro-1.png\",\"contentUrl\":\"https:\/\/aldaia.es\/wp-content\/uploads\/2022\/06\/aldaia-negro-1.png\",\"width\":152,\"height\":70,\"caption\":\"Ajuntament D'Aldaia\"},\"image\":{\"@id\":\"https:\/\/aldaia.es\/es\/#\/schema\/logo\/image\/\"}}]}<\/script>\n<!-- \/ Yoast SEO plugin. -->","yoast_head_json":{"title":"Escolarizaci\u00f3n - Ayuntamiento de Aldaia","description":"Calendario de admisi\u00f3n del alumnado para el presente curso. Toda la informaci\u00f3n del Ayuntamiento de Aldaia, departamento de Educaci\u00f3.","robots":{"index":"index","follow":"follow","max-snippet":"max-snippet:-1","max-image-preview":"max-image-preview:large","max-video-preview":"max-video-preview:-1"},"canonical":"https:\/\/aldaia.es\/es\/educacion\/escolarizacion\/","og_locale":"es_ES","og_type":"article","og_title":"Escolarizaci\u00f3n - Ayuntamiento de Aldaia","og_description":"Calendario de admisi\u00f3n del alumnado para el presente curso. Toda la informaci\u00f3n del Ayuntamiento de Aldaia, departamento de Educaci\u00f3.","og_url":"https:\/\/aldaia.es\/es\/educacion\/escolarizacion\/","og_site_name":"Ayuntamiento de Aldaia","article_modified_time":"2026-03-26T09:25:32+00:00","og_image":[{"width":1414,"height":2000,"url":"https:\/\/aldaia.es\/wp-content\/uploads\/2026\/03\/CALENDARIO-ADMISION-Y-MATRICULA-4-1.png","type":"image\/png"}],"schema":{"@context":"https:\/\/schema.org","@graph":[{"@type":"WebPage","@id":"https:\/\/aldaia.es\/es\/educacion\/escolarizacion\/","url":"https:\/\/aldaia.es\/es\/educacion\/escolarizacion\/","name":"Escolarizaci\u00f3n - Ayuntamiento de Aldaia","isPartOf":{"@id":"https:\/\/aldaia.es\/es\/#website"},"primaryImageOfPage":{"@id":"https:\/\/aldaia.es\/es\/educacion\/escolarizacion\/#primaryimage"},"image":{"@id":"https:\/\/aldaia.es\/es\/educacion\/escolarizacion\/#primaryimage"},"thumbnailUrl":"https:\/\/aldaia.es\/wp-content\/uploads\/2026\/03\/CALENDARIO-ADMISION-Y-MATRICULA-4-1-724x1024.png","datePublished":"2022-08-29T11:02:56+00:00","dateModified":"2026-03-26T09:25:32+00:00","description":"Calendario de admisi\u00f3n del alumnado para el presente curso. Toda la informaci\u00f3n del Ayuntamiento de Aldaia, departamento de Educaci\u00f3.","breadcrumb":{"@id":"https:\/\/aldaia.es\/es\/educacion\/escolarizacion\/#breadcrumb"},"inLanguage":"es","potentialAction":[{"@type":"ReadAction","target":["https:\/\/aldaia.es\/es\/educacion\/escolarizacion\/"]}]},{"@type":"ImageObject","inLanguage":"es","@id":"https:\/\/aldaia.es\/es\/educacion\/escolarizacion\/#primaryimage","url":"https:\/\/aldaia.es\/wp-content\/uploads\/2026\/03\/CALENDARIO-ADMISION-Y-MATRICULA-4-1-724x1024.png","contentUrl":"https:\/\/aldaia.es\/wp-content\/uploads\/2026\/03\/CALENDARIO-ADMISION-Y-MATRICULA-4-1-724x1024.png"},{"@type":"BreadcrumbList","@id":"https:\/\/aldaia.es\/es\/educacion\/escolarizacion\/#breadcrumb","itemListElement":[{"@type":"ListItem","position":1,"name":"Portada","item":"https:\/\/aldaia.es\/es\/"},{"@type":"ListItem","position":2,"name":"Educaci\u00f3n","item":"https:\/\/aldaia.es\/es\/educacion\/"},{"@type":"ListItem","position":3,"name":"Escolarizaci\u00f3n"}]},{"@type":"WebSite","@id":"https:\/\/aldaia.es\/es\/#website","url":"https:\/\/aldaia.es\/es\/","name":"Ajuntament D'Aldaia","description":"","publisher":{"@id":"https:\/\/aldaia.es\/es\/#organization"},"alternateName":"Ajuntament D'Aldaia","potentialAction":[{"@type":"SearchAction","target":{"@type":"EntryPoint","urlTemplate":"https:\/\/aldaia.es\/es\/?s={search_term_string}"},"query-input":{"@type":"PropertyValueSpecification","valueRequired":true,"valueName":"search_term_string"}}],"inLanguage":"es"},{"@type":"Organization","@id":"https:\/\/aldaia.es\/es\/#organization","name":"Ajuntament D'Aldaia","url":"https:\/\/aldaia.es\/es\/","logo":{"@type":"ImageObject","inLanguage":"es","@id":"https:\/\/aldaia.es\/es\/#\/schema\/logo\/image\/","url":"https:\/\/aldaia.es\/wp-content\/uploads\/2022\/06\/aldaia-negro-1.png","contentUrl":"https:\/\/aldaia.es\/wp-content\/uploads\/2022\/06\/aldaia-negro-1.png","width":152,"height":70,"caption":"Ajuntament D'Aldaia"},"image":{"@id":"https:\/\/aldaia.es\/es\/#\/schema\/logo\/image\/"}}]}},"_links":{"self":[{"href":"https:\/\/aldaia.es\/es\/wp-json\/wp\/v2\/pages\/6391","targetHints":{"allow":["GET"]}}],"collection":[{"href":"https:\/\/aldaia.es\/es\/wp-json\/wp\/v2\/pages"}],"about":[{"href":"https:\/\/aldaia.es\/es\/wp-json\/wp\/v2\/types\/page"}],"author":[{"embeddable":true,"href":"https:\/\/aldaia.es\/es\/wp-json\/wp\/v2\/users\/14"}],"replies":[{"embeddable":true,"href":"https:\/\/aldaia.es\/es\/wp-json\/wp\/v2\/comments?post=6391"}],"version-history":[{"count":41,"href":"https:\/\/aldaia.es\/es\/wp-json\/wp\/v2\/pages\/6391\/revisions"}],"predecessor-version":[{"id":41357,"href":"https:\/\/aldaia.es\/es\/wp-json\/wp\/v2\/pages\/6391\/revisions\/41357"}],"up":[{"embeddable":true,"href":"https:\/\/aldaia.es\/es\/wp-json\/wp\/v2\/pages\/6252"}],"wp:attachment":[{"href":"https:\/\/aldaia.es\/es\/wp-json\/wp\/v2\/media?parent=6391"}],"curies":[{"name":"wp","href":"https:\/\/api.w.org\/{rel}","templated":true}]}}