{"id":6411,"date":"2023-02-01T11:07:38","date_gmt":"2023-02-01T10:07:38","guid":{"rendered":"https:\/\/aldaia.eu\/deportes\/entidades-y-escuelas-deportivas\/"},"modified":"2024-08-01T09:06:22","modified_gmt":"2024-08-01T07:06:22","slug":"entidades-y-escuelas-deportivas","status":"publish","type":"page","link":"https:\/\/aldaia.es\/es\/deportes\/entidades-y-escuelas-deportivas\/","title":{"rendered":"Entidades y escuelas deportivas"},"content":{"rendered":"\n<div class=\"wp-block-columns dep-deportes is-layout-flex wp-container-core-columns-is-layout-9d6595d7 wp-block-columns-is-layout-flex\">\n<div class=\"wp-block-column is-layout-flow wp-block-column-is-layout-flow\" style=\"flex-basis:30%\"><!--  Info deportes -->\n\n \n\n<div class='bloque-infos-deportes wrapper-departamentos'>\n    <p class=\"tit-bloque-infos\">Pavell\u00f3n Municipal Polideportivo de Aldaia <\/p>\n        <div class='infos-departamento'>\n            <p>Joaqu\u00edn Blume, s\/n 46960, Aldaia, Valencia<\/p>\n            <p><i class=\"fa fa-phone\" aria-hidden=\"true\"><\/i> <a href=\"tel:+34961500702\">+34 961 50 07 02<\/a><\/p>\n            \n           \n        <\/div>\n\n        <div class='mapa-1'>\n        <iframe src=\"https:\/\/www.google.com\/maps\/embed?pb=!1m18!1m12!1m3!1d516.9498040178551!2d-0.4602445110923791!3d39.461333763590055!2m3!1f0!2f0!3f0!3m2!1i1024!2i768!4f13.1!3m3!1m2!1s0xd60503ca4d1771b%3A0xa7f996d81d8f7def!2sPabell%C3%B3n%20Municipal%20Aldaya!5e0!3m2!1ses!2ses!4v1721990333976!5m2!1ses!2ses\" width=\"100%\" height=\"300\" style=\"border:0;\" allowfullscreen=\"\" loading=\"lazy\" referrerpolicy=\"no-referrer-when-downgrade\"><\/iframe>\n        <\/div>\n\n        <br><br>\n\n        <p class=\"tit-bloque-infos\">Piscina Cubierta <\/p>\n        <div class='infos-departamento'>\n            <p>Ricardo Fuster y Fuster, s\/n 46960 Aldaia Valencia<\/p>\n            <p><i class=\"fa fa-phone\" aria-hidden=\"true\"><\/i> <a href=\"tel:+34961985270\">+34 961 98 52 70<\/a><\/p>\n            <p><i class=\"fas fa-envelope\"><\/i> <a href=\"mailto:esports@ajuntamentaldaia.org\">esports@ajuntamentaldaia.org<\/a><\/p>\n            <p><i class=\"fas fa-clock\"><\/i> Lunes a viernes: de 7:00 a 21:00 horas. S\u00e1bados y domingos: de 9:00 a 13:00 horas.<\/p>\n        <\/div>\n        <br><br>\n        <div class='mapa-1'>\n        <iframe src=\"https:\/\/www.google.com\/maps\/embed?pb=!1m18!1m12!1m3!1d1071.9310378256994!2d-0.458356196840644!3d39.45976172293869!2m3!1f0!2f0!3f0!3m2!1i1024!2i768!4f13.1!3m3!1m2!1s0xd60503cc6eae165%3A0xe86edf3f3eb37520!2sPiscina%20Cubierta%20Municipal%20de%20Aldaya!5e0!3m2!1ses!2ses!4v1721990464712!5m2!1ses!2ses\" width=\"100%\" height=\"300\" style=\"border:0;\" allowfullscreen=\"\" loading=\"lazy\" referrerpolicy=\"no-referrer-when-downgrade\"><\/iframe>\n        <\/div>\n\n        \n\n\n    <\/div>\n    <!-- end bloque infos -->\n   \n\n\n    \n\n\n<\/div>\n\n\n\n<div class=\"wp-block-column is-layout-flow wp-block-column-is-layout-flow\" style=\"flex-basis:70%\">\n<h1 class=\"wp-block-heading\">Entidades y escuelas deportivas<\/h1>\n\n\n\n<h2 class=\"wp-block-heading\">Noticias en los peri\u00f3dicos<\/h2>\n\n\n\n<div class=\"wp-block-columns is-layout-flex wp-container-core-columns-is-layout-9d6595d7 wp-block-columns-is-layout-flex\">\n<div class=\"wp-block-column is-layout-flow wp-block-column-is-layout-flow\" style=\"flex-basis:25%\">\n<figure class=\"wp-block-image size-thumbnail\"><img loading=\"lazy\" decoding=\"async\" width=\"150\" height=\"150\" src=\"https:\/\/aldaia.es\/wp-content\/uploads\/2024\/07\/ud-aldaia-entrenamientos-150x150.jpg\" alt=\"entrenamientos\" class=\"wp-image-30278\"\/><\/figure>\n<\/div>\n\n\n\n<div class=\"wp-block-column is-layout-flow wp-block-column-is-layout-flow\">\n<h3 class=\"wp-block-heading\"><strong><a href=\"https:\/\/esportbase.valenciaplaza.com\/2020\/06\/17\/la-ud-aldaia-regresa-a-los-entrenamientos-para-preparar-el-playoff-de-ascenso-a-reto-iberdrola\/\" target=\"_blank\" rel=\"noreferrer noopener\">ESPORTS BASE: La UD Aldaia regresa a los entrenamientos para preparar el playoff de ascenso a Reto Iberdrola<\/a><\/strong><\/h3>\n<\/div>\n<\/div>\n\n\n\n<div class=\"wp-block-columns is-layout-flex wp-container-core-columns-is-layout-9d6595d7 wp-block-columns-is-layout-flex\">\n<div class=\"wp-block-column is-layout-flow wp-block-column-is-layout-flow\" style=\"flex-basis:25%\">\n<figure class=\"wp-block-image size-thumbnail\"><img loading=\"lazy\" decoding=\"async\" width=\"150\" height=\"150\" src=\"https:\/\/aldaia.es\/wp-content\/uploads\/2023\/02\/captura_de_pantalla_2020-07-24_a_las_16.19.26-150x150.png\" alt=\"\" class=\"wp-image-4374\"\/><\/figure>\n<\/div>\n\n\n\n<div class=\"wp-block-column is-layout-flow wp-block-column-is-layout-flow\">\n<h3 class=\"wp-block-heading\"><strong><a href=\"https:\/\/www.yosoynoticia.es\/basket\/baloncesto-familia-y-cantera-la-forma-de-vida-del-cb-aldaia\" target=\"_blank\" rel=\"noreferrer noopener\">Reportaje: CB Aldaia desde dentro<\/a><\/strong><\/h3>\n\n\n\n<p>Yosoynoticia.es&nbsp;se adentra en el Club de Baloncesto Aldaia para ense\u00f1arnos los valores y el d\u00eda a d\u00eda de esta gran familia deportiva.&nbsp;Lee la noticia completa&nbsp;<a href=\"https:\/\/www.yosoynoticia.es\/basket\/baloncesto-familia-y-cantera-la-forma-de-vida-del-cb-aldaia#\">aqu\u00ed.<\/a><\/p>\n<\/div>\n<\/div>\n\n\n\n<div class=\"wp-block-columns is-layout-flex wp-container-core-columns-is-layout-9d6595d7 wp-block-columns-is-layout-flex\">\n<div class=\"wp-block-column is-layout-flow wp-block-column-is-layout-flow\" style=\"flex-basis:25%\">\n<figure class=\"wp-block-image size-thumbnail\"><a href=\"https:\/\/lichess.org\/swiss\/vWGqw7mb?fbclid=IwAR1dES9zgWijT07-iaLSclAgLUhXTt62zyo6doTSip7I9f7CARW9kf85zCM\" target=\"_blank\" rel=\"noreferrer noopener\"><img loading=\"lazy\" decoding=\"async\" width=\"150\" height=\"150\" src=\"https:\/\/aldaia.es\/wp-content\/uploads\/2023\/02\/107385507_3250129045212143_1738227675733727514_o-150x150.jpeg\" alt=\"\" class=\"wp-image-4382\" srcset=\"https:\/\/aldaia.es\/wp-content\/uploads\/2023\/02\/107385507_3250129045212143_1738227675733727514_o-150x150.jpeg 150w, https:\/\/aldaia.es\/wp-content\/uploads\/2023\/02\/107385507_3250129045212143_1738227675733727514_o-300x300.jpeg 300w, https:\/\/aldaia.es\/wp-content\/uploads\/2023\/02\/107385507_3250129045212143_1738227675733727514_o-768x768.jpeg 768w, https:\/\/aldaia.es\/wp-content\/uploads\/2023\/02\/107385507_3250129045212143_1738227675733727514_o-696x696.jpeg 696w, https:\/\/aldaia.es\/wp-content\/uploads\/2023\/02\/107385507_3250129045212143_1738227675733727514_o.jpeg 1000w\" sizes=\"auto, (max-width: 150px) 100vw, 150px\" \/><\/a><\/figure>\n<\/div>\n\n\n\n<div class=\"wp-block-column is-layout-flow wp-block-column-is-layout-flow\">\n<h3 class=\"wp-block-heading\"><strong><a href=\"https:\/\/lichess.org\/swiss\/vWGqw7mb?fbclid=IwAR1dES9zgWijT07-iaLSclAgLUhXTt62zyo6doTSip7I9f7CARW9kf85zCM\" target=\"_blank\" rel=\"noreferrer noopener\">I Torneo online Aldaia Educart<\/a><\/strong><\/h3>\n\n\n\n<p>El pasado s\u00e1bado 25 se disput\u00f3 el I torneo de ajedrez online organizado por&nbsp;Educart. Dadas las circunstancias, el tradicional torneo que se celebra con motivo de las fiestas patronales de la localidad, se disput\u00f3 de forma online consiguiendo ser un \u00e9xito de convocatoria con 56 participantes. Los&nbsp;aldaieros, Xavi&nbsp;Castellano&nbsp;(10\u00ba), Juan&nbsp;Verdejo&nbsp;(17\u00ba) y Jorge Vilanova (18\u00ba) jugaron un excelente torneo, quedando en 10\u00ba, 17\u00ba y 18\u00ba lugar respectivamente.<\/p>\n<\/div>\n<\/div>\n\n\n\n<div class=\"wp-block-columns is-layout-flex wp-container-core-columns-is-layout-9d6595d7 wp-block-columns-is-layout-flex\">\n<div class=\"wp-block-column is-layout-flow wp-block-column-is-layout-flow\" style=\"flex-basis:25%\">\n<figure class=\"wp-block-image size-large is-resized\"><img decoding=\"async\" src=\"https:\/\/aldaia.es\/wp-content\/uploads\/2023\/02\/img_1509_0-696x521.jpeg\" alt=\"\" style=\"width:150px\"\/><\/figure>\n<\/div>\n\n\n\n<div class=\"wp-block-column is-layout-flow wp-block-column-is-layout-flow\">\n<h3 class=\"wp-block-heading\"><strong><a href=\"http:\/\/www.cdna.es\/2020\/07\/cto-espana-juvenil-de-verano\/\" target=\"_blank\" rel=\"noreferrer noopener\">Mario de Andres representa al CDNA en el CTO Juvenil de verano<\/a><\/strong><\/h3>\n\n\n\n<p>El deportista particip\u00f3 en las pruebas individuales del Campeonato de Espa\u00f1a Juvenil de verano celebrado los d\u00edas 26 y 27 de julio. Mario de&nbsp;Andres&nbsp;consigui\u00e9 el 7\u00ba lugar en carrera con tabla de salvamento y 4\u00ba lugar en la prueba de&nbsp;NADR&nbsp;SURF.<\/p>\n<\/div>\n<\/div>\n\n\n\n<div style=\"height:20px\" aria-hidden=\"true\" class=\"wp-block-spacer\"><\/div>\n\n\n\n<div class=\"wp-block-columns is-layout-flex wp-container-core-columns-is-layout-9d6595d7 wp-block-columns-is-layout-flex\">\n<div class=\"wp-block-column lista_adjuntos is-layout-flow wp-block-column-is-layout-flow\">\n<h2 class=\"wp-block-heading adjuntos\">Enlaces<\/h2>\n\n\n\n<p><i class=\"fas fa-link\"><\/i> <a href=\"https:\/\/www.deportivookami.es\/\" target=\"_blank\" rel=\"noreferrer noopener\">ClubKarate Aldaia Okami<\/a><\/p>\n<\/div>\n<\/div>\n\n\n\n<p><a href=\"https:\/\/aldaia.es\/serveis-socials-igualtat\/serveis-socials\/programa-de-convivencia\/\"><\/a><\/p>\n<\/div>\n<\/div>\n","protected":false},"excerpt":{"rendered":"<p>Entidades y escuelas deportivas Noticias en los peri\u00f3dicos ESPORTS BASE: La UD Aldaia regresa a los entrenamientos para preparar el playoff de ascenso a Reto Iberdrola Reportaje: CB Aldaia desde <a class=\"text-decoration-none text-black\" href=\"https:\/\/aldaia.es\/es\/deportes\/entidades-y-escuelas-deportivas\/\"> &#8230; <\/a><\/p>\n","protected":false},"author":13,"featured_media":0,"parent":6239,"menu_order":0,"comment_status":"closed","ping_status":"closed","template":"basic-page-departamentos.php","meta":{"_acf_changed":false,"footnotes":""},"class_list":["post-6411","page","type-page","status-publish","hentry"],"acf":[],"yoast_head":"<!-- This site is optimized with the Yoast SEO plugin v27.0 - https:\/\/yoast.com\/product\/yoast-seo-wordpress\/ -->\n<title>Entidades y escuelas deportivas - Ayuntamiento de Aldaia<\/title>\n<meta name=\"robots\" content=\"index, follow, max-snippet:-1, max-image-preview:large, max-video-preview:-1\" \/>\n<link rel=\"canonical\" href=\"https:\/\/aldaia.es\/es\/deportes\/entidades-y-escuelas-deportivas\/\" \/>\n<meta property=\"og:locale\" content=\"es_ES\" \/>\n<meta property=\"og:type\" content=\"article\" \/>\n<meta property=\"og:title\" content=\"Entidades y escuelas deportivas - Ayuntamiento de Aldaia\" \/>\n<meta property=\"og:description\" content=\"Entidades y escuelas deportivas Noticias en los peri\u00f3dicos ESPORTS BASE: La UD Aldaia regresa a los entrenamientos para preparar el playoff de ascenso a Reto Iberdrola Reportaje: CB Aldaia desde ...\" \/>\n<meta property=\"og:url\" content=\"https:\/\/aldaia.es\/es\/deportes\/entidades-y-escuelas-deportivas\/\" \/>\n<meta property=\"og:site_name\" content=\"Ayuntamiento de Aldaia\" \/>\n<meta property=\"article:modified_time\" content=\"2024-08-01T07:06:22+00:00\" \/>\n<meta property=\"og:image\" content=\"https:\/\/aldaia.es\/wp-content\/uploads\/2024\/07\/ud-aldaia-entrenamientos-150x150.jpg\" \/>\n<script type=\"application\/ld+json\" class=\"yoast-schema-graph\">{\"@context\":\"https:\/\/schema.org\",\"@graph\":[{\"@type\":\"WebPage\",\"@id\":\"https:\/\/aldaia.es\/es\/deportes\/entidades-y-escuelas-deportivas\/\",\"url\":\"https:\/\/aldaia.es\/es\/deportes\/entidades-y-escuelas-deportivas\/\",\"name\":\"Entidades y escuelas deportivas - Ayuntamiento de Aldaia\",\"isPartOf\":{\"@id\":\"https:\/\/aldaia.es\/es\/#website\"},\"primaryImageOfPage\":{\"@id\":\"https:\/\/aldaia.es\/es\/deportes\/entidades-y-escuelas-deportivas\/#primaryimage\"},\"image\":{\"@id\":\"https:\/\/aldaia.es\/es\/deportes\/entidades-y-escuelas-deportivas\/#primaryimage\"},\"thumbnailUrl\":\"https:\/\/aldaia.es\/wp-content\/uploads\/2024\/07\/ud-aldaia-entrenamientos-150x150.jpg\",\"datePublished\":\"2023-02-01T10:07:38+00:00\",\"dateModified\":\"2024-08-01T07:06:22+00:00\",\"breadcrumb\":{\"@id\":\"https:\/\/aldaia.es\/es\/deportes\/entidades-y-escuelas-deportivas\/#breadcrumb\"},\"inLanguage\":\"es\",\"potentialAction\":[{\"@type\":\"ReadAction\",\"target\":[\"https:\/\/aldaia.es\/es\/deportes\/entidades-y-escuelas-deportivas\/\"]}]},{\"@type\":\"ImageObject\",\"inLanguage\":\"es\",\"@id\":\"https:\/\/aldaia.es\/es\/deportes\/entidades-y-escuelas-deportivas\/#primaryimage\",\"url\":\"https:\/\/aldaia.es\/wp-content\/uploads\/2024\/07\/ud-aldaia-entrenamientos-150x150.jpg\",\"contentUrl\":\"https:\/\/aldaia.es\/wp-content\/uploads\/2024\/07\/ud-aldaia-entrenamientos-150x150.jpg\"},{\"@type\":\"BreadcrumbList\",\"@id\":\"https:\/\/aldaia.es\/es\/deportes\/entidades-y-escuelas-deportivas\/#breadcrumb\",\"itemListElement\":[{\"@type\":\"ListItem\",\"position\":1,\"name\":\"Portada\",\"item\":\"https:\/\/aldaia.es\/es\/\"},{\"@type\":\"ListItem\",\"position\":2,\"name\":\"Deportes\",\"item\":\"https:\/\/aldaia.es\/es\/deportes\/\"},{\"@type\":\"ListItem\",\"position\":3,\"name\":\"Entidades y escuelas deportivas\"}]},{\"@type\":\"WebSite\",\"@id\":\"https:\/\/aldaia.es\/es\/#website\",\"url\":\"https:\/\/aldaia.es\/es\/\",\"name\":\"Ajuntament D'Aldaia\",\"description\":\"\",\"publisher\":{\"@id\":\"https:\/\/aldaia.es\/es\/#organization\"},\"alternateName\":\"Ajuntament D'Aldaia\",\"potentialAction\":[{\"@type\":\"SearchAction\",\"target\":{\"@type\":\"EntryPoint\",\"urlTemplate\":\"https:\/\/aldaia.es\/es\/?s={search_term_string}\"},\"query-input\":{\"@type\":\"PropertyValueSpecification\",\"valueRequired\":true,\"valueName\":\"search_term_string\"}}],\"inLanguage\":\"es\"},{\"@type\":\"Organization\",\"@id\":\"https:\/\/aldaia.es\/es\/#organization\",\"name\":\"Ajuntament D'Aldaia\",\"url\":\"https:\/\/aldaia.es\/es\/\",\"logo\":{\"@type\":\"ImageObject\",\"inLanguage\":\"es\",\"@id\":\"https:\/\/aldaia.es\/es\/#\/schema\/logo\/image\/\",\"url\":\"https:\/\/aldaia.es\/wp-content\/uploads\/2022\/06\/aldaia-negro-1.png\",\"contentUrl\":\"https:\/\/aldaia.es\/wp-content\/uploads\/2022\/06\/aldaia-negro-1.png\",\"width\":152,\"height\":70,\"caption\":\"Ajuntament D'Aldaia\"},\"image\":{\"@id\":\"https:\/\/aldaia.es\/es\/#\/schema\/logo\/image\/\"}}]}<\/script>\n<!-- \/ Yoast SEO plugin. -->","yoast_head_json":{"title":"Entidades y escuelas deportivas - Ayuntamiento de Aldaia","robots":{"index":"index","follow":"follow","max-snippet":"max-snippet:-1","max-image-preview":"max-image-preview:large","max-video-preview":"max-video-preview:-1"},"canonical":"https:\/\/aldaia.es\/es\/deportes\/entidades-y-escuelas-deportivas\/","og_locale":"es_ES","og_type":"article","og_title":"Entidades y escuelas deportivas - Ayuntamiento de Aldaia","og_description":"Entidades y escuelas deportivas Noticias en los peri\u00f3dicos ESPORTS BASE: La UD Aldaia regresa a los entrenamientos para preparar el playoff de ascenso a Reto Iberdrola Reportaje: CB Aldaia desde ...","og_url":"https:\/\/aldaia.es\/es\/deportes\/entidades-y-escuelas-deportivas\/","og_site_name":"Ayuntamiento de Aldaia","article_modified_time":"2024-08-01T07:06:22+00:00","og_image":[{"url":"https:\/\/aldaia.es\/wp-content\/uploads\/2024\/07\/ud-aldaia-entrenamientos-150x150.jpg","type":"","width":"","height":""}],"schema":{"@context":"https:\/\/schema.org","@graph":[{"@type":"WebPage","@id":"https:\/\/aldaia.es\/es\/deportes\/entidades-y-escuelas-deportivas\/","url":"https:\/\/aldaia.es\/es\/deportes\/entidades-y-escuelas-deportivas\/","name":"Entidades y escuelas deportivas - Ayuntamiento de Aldaia","isPartOf":{"@id":"https:\/\/aldaia.es\/es\/#website"},"primaryImageOfPage":{"@id":"https:\/\/aldaia.es\/es\/deportes\/entidades-y-escuelas-deportivas\/#primaryimage"},"image":{"@id":"https:\/\/aldaia.es\/es\/deportes\/entidades-y-escuelas-deportivas\/#primaryimage"},"thumbnailUrl":"https:\/\/aldaia.es\/wp-content\/uploads\/2024\/07\/ud-aldaia-entrenamientos-150x150.jpg","datePublished":"2023-02-01T10:07:38+00:00","dateModified":"2024-08-01T07:06:22+00:00","breadcrumb":{"@id":"https:\/\/aldaia.es\/es\/deportes\/entidades-y-escuelas-deportivas\/#breadcrumb"},"inLanguage":"es","potentialAction":[{"@type":"ReadAction","target":["https:\/\/aldaia.es\/es\/deportes\/entidades-y-escuelas-deportivas\/"]}]},{"@type":"ImageObject","inLanguage":"es","@id":"https:\/\/aldaia.es\/es\/deportes\/entidades-y-escuelas-deportivas\/#primaryimage","url":"https:\/\/aldaia.es\/wp-content\/uploads\/2024\/07\/ud-aldaia-entrenamientos-150x150.jpg","contentUrl":"https:\/\/aldaia.es\/wp-content\/uploads\/2024\/07\/ud-aldaia-entrenamientos-150x150.jpg"},{"@type":"BreadcrumbList","@id":"https:\/\/aldaia.es\/es\/deportes\/entidades-y-escuelas-deportivas\/#breadcrumb","itemListElement":[{"@type":"ListItem","position":1,"name":"Portada","item":"https:\/\/aldaia.es\/es\/"},{"@type":"ListItem","position":2,"name":"Deportes","item":"https:\/\/aldaia.es\/es\/deportes\/"},{"@type":"ListItem","position":3,"name":"Entidades y escuelas deportivas"}]},{"@type":"WebSite","@id":"https:\/\/aldaia.es\/es\/#website","url":"https:\/\/aldaia.es\/es\/","name":"Ajuntament D'Aldaia","description":"","publisher":{"@id":"https:\/\/aldaia.es\/es\/#organization"},"alternateName":"Ajuntament D'Aldaia","potentialAction":[{"@type":"SearchAction","target":{"@type":"EntryPoint","urlTemplate":"https:\/\/aldaia.es\/es\/?s={search_term_string}"},"query-input":{"@type":"PropertyValueSpecification","valueRequired":true,"valueName":"search_term_string"}}],"inLanguage":"es"},{"@type":"Organization","@id":"https:\/\/aldaia.es\/es\/#organization","name":"Ajuntament D'Aldaia","url":"https:\/\/aldaia.es\/es\/","logo":{"@type":"ImageObject","inLanguage":"es","@id":"https:\/\/aldaia.es\/es\/#\/schema\/logo\/image\/","url":"https:\/\/aldaia.es\/wp-content\/uploads\/2022\/06\/aldaia-negro-1.png","contentUrl":"https:\/\/aldaia.es\/wp-content\/uploads\/2022\/06\/aldaia-negro-1.png","width":152,"height":70,"caption":"Ajuntament D'Aldaia"},"image":{"@id":"https:\/\/aldaia.es\/es\/#\/schema\/logo\/image\/"}}]}},"_links":{"self":[{"href":"https:\/\/aldaia.es\/es\/wp-json\/wp\/v2\/pages\/6411","targetHints":{"allow":["GET"]}}],"collection":[{"href":"https:\/\/aldaia.es\/es\/wp-json\/wp\/v2\/pages"}],"about":[{"href":"https:\/\/aldaia.es\/es\/wp-json\/wp\/v2\/types\/page"}],"author":[{"embeddable":true,"href":"https:\/\/aldaia.es\/es\/wp-json\/wp\/v2\/users\/13"}],"replies":[{"embeddable":true,"href":"https:\/\/aldaia.es\/es\/wp-json\/wp\/v2\/comments?post=6411"}],"version-history":[{"count":10,"href":"https:\/\/aldaia.es\/es\/wp-json\/wp\/v2\/pages\/6411\/revisions"}],"predecessor-version":[{"id":30610,"href":"https:\/\/aldaia.es\/es\/wp-json\/wp\/v2\/pages\/6411\/revisions\/30610"}],"up":[{"embeddable":true,"href":"https:\/\/aldaia.es\/es\/wp-json\/wp\/v2\/pages\/6239"}],"wp:attachment":[{"href":"https:\/\/aldaia.es\/es\/wp-json\/wp\/v2\/media?parent=6411"}],"curies":[{"name":"wp","href":"https:\/\/api.w.org\/{rel}","templated":true}]}}