{"id":6413,"date":"2023-02-01T11:08:56","date_gmt":"2023-02-01T10:08:56","guid":{"rendered":"https:\/\/aldaia.eu\/deportes\/instalaciones\/"},"modified":"2025-09-18T11:23:41","modified_gmt":"2025-09-18T09:23:41","slug":"instalaciones","status":"publish","type":"page","link":"https:\/\/aldaia.es\/es\/deportes\/instalaciones\/","title":{"rendered":"Instalaciones"},"content":{"rendered":"\n<div class=\"wp-block-columns dep-deportes is-layout-flex wp-container-core-columns-is-layout-9d6595d7 wp-block-columns-is-layout-flex\">\n<div class=\"wp-block-column is-layout-flow wp-block-column-is-layout-flow\" style=\"flex-basis:30%\"><!--  Info deportes -->\n\n \n\n<div class='bloque-infos-deportes wrapper-departamentos'>\n    <p class=\"tit-bloque-infos\">Pavell\u00f3n Municipal Polideportivo de Aldaia <\/p>\n        <div class='infos-departamento'>\n            <p>Joaqu\u00edn Blume, s\/n 46960, Aldaia, Valencia<\/p>\n            <p><i class=\"fa fa-phone\" aria-hidden=\"true\"><\/i> <a href=\"tel:+34961500702\">+34 961 50 07 02<\/a><\/p>\n            \n           \n        <\/div>\n\n        <div class='mapa-1'>\n        <iframe src=\"https:\/\/www.google.com\/maps\/embed?pb=!1m18!1m12!1m3!1d516.9498040178551!2d-0.4602445110923791!3d39.461333763590055!2m3!1f0!2f0!3f0!3m2!1i1024!2i768!4f13.1!3m3!1m2!1s0xd60503ca4d1771b%3A0xa7f996d81d8f7def!2sPabell%C3%B3n%20Municipal%20Aldaya!5e0!3m2!1ses!2ses!4v1721990333976!5m2!1ses!2ses\" width=\"100%\" height=\"300\" style=\"border:0;\" allowfullscreen=\"\" loading=\"lazy\" referrerpolicy=\"no-referrer-when-downgrade\"><\/iframe>\n        <\/div>\n\n        <br><br>\n\n        <p class=\"tit-bloque-infos\">Piscina Cubierta <\/p>\n        <div class='infos-departamento'>\n            <p>Ricardo Fuster y Fuster, s\/n 46960 Aldaia Valencia<\/p>\n            <p><i class=\"fa fa-phone\" aria-hidden=\"true\"><\/i> <a href=\"tel:+34961985270\">+34 961 98 52 70<\/a><\/p>\n            <p><i class=\"fas fa-envelope\"><\/i> <a href=\"mailto:esports@ajuntamentaldaia.org\">esports@ajuntamentaldaia.org<\/a><\/p>\n            <p><i class=\"fas fa-clock\"><\/i> Lunes a viernes: de 7:00 a 21:00 horas. S\u00e1bados y domingos: de 9:00 a 13:00 horas.<\/p>\n        <\/div>\n        <br><br>\n        <div class='mapa-1'>\n        <iframe src=\"https:\/\/www.google.com\/maps\/embed?pb=!1m18!1m12!1m3!1d1071.9310378256994!2d-0.458356196840644!3d39.45976172293869!2m3!1f0!2f0!3f0!3m2!1i1024!2i768!4f13.1!3m3!1m2!1s0xd60503cc6eae165%3A0xe86edf3f3eb37520!2sPiscina%20Cubierta%20Municipal%20de%20Aldaya!5e0!3m2!1ses!2ses!4v1721990464712!5m2!1ses!2ses\" width=\"100%\" height=\"300\" style=\"border:0;\" allowfullscreen=\"\" loading=\"lazy\" referrerpolicy=\"no-referrer-when-downgrade\"><\/iframe>\n        <\/div>\n\n        \n\n\n    <\/div>\n    <!-- end bloque infos -->\n   \n\n\n    \n\n\n<\/div>\n\n\n\n<div class=\"wp-block-column is-layout-flow wp-block-column-is-layout-flow\" style=\"flex-basis:70%\">\n<h1 class=\"wp-block-heading\">Instalaciones<\/h1>\n\n\n\n<p>Aqu\u00ed puedes consultar todas las prestaciones de las que disponen las instalaciones deportivas de Aldaia<\/p>\n\n\n\n<p>Adem\u00e1s del equipamiento que encontrar\u00e1s al final de la p\u00e1gina , las instalaciones cuentan con:<\/p>\n\n\n\n<ul class=\"wp-block-list\">\n<li>Dos WC, de los cuales uno es de mujeres y otro de varones. Adem\u00e1s existen 2 vestuarios de mujeres y el cuarto adaptado al almacenamiento de los productos de limpieza.<\/li>\n\n\n\n<li>En la entrada al polideportivo se ubica un bar con zona de terraza, cerca de la entrada principal y parque infantil.<\/li>\n\n\n\n<li>Un ascensor en la planta baja del polideportivo<\/li>\n<\/ul>\n\n\n\n<div style=\"height:20px\" aria-hidden=\"true\" class=\"wp-block-spacer\"><\/div>\n\n\n\n<div class=\"wp-block-columns is-layout-flex wp-container-core-columns-is-layout-9d6595d7 wp-block-columns-is-layout-flex\">\n<div class=\"wp-block-column lista_adjuntos is-layout-flow wp-block-column-is-layout-flow\">\n<h2 class=\"wp-block-heading adjuntos\">Enlaces<\/h2>\n\n\n\n<p><i class=\"fas fa-link\"><\/i> <a href=\"https:\/\/aldaia.es\/es\/deportes\/salas-polivalentes\/\">Salas Polivalentes<\/a><\/p>\n\n\n\n<p><i class=\"fas fa-link\"><\/i> <a href=\"https:\/\/aldaia.es\/es\/deportes\/instalaciones-del-pabellon\/\">Instalaciones del pabell\u00f3n<\/a><\/p>\n\n\n\n<p><i class=\"fas fa-link\"><\/i> <a href=\"https:\/\/aldaia.es\/es\/deportes\/piscina-ludica-y-piscina-cubierta\/\">Piscina l\u00fadica i piscina cubierta<\/a><\/p>\n\n\n\n<p><i class=\"fas fa-link\"><\/i> <a href=\"https:\/\/aldaia.es\/es\/deportes\/gimnasio\/\">Gimnasio<\/a><\/p>\n\n\n\n<p><i class=\"fas fa-link\"><\/i> <a href=\"https:\/\/encreullades.aldaia.eu\/?lang=es\" target=\"_blank\" rel=\"noreferrer noopener\">Parque de ocio Encrucijadas<\/a><\/p>\n\n\n\n<p><i class=\"fas fa-link\"><\/i> <a href=\"https:\/\/aldaia.es\/wp-content\/uploads\/2025\/09\/PLANOL-ENCREULLADES.jpg\">Plano paelleros y mesas ENCRUCIJADAS<\/a><\/p>\n<\/div>\n<\/div>\n\n\n\n<p><a href=\"https:\/\/aldaia.es\/serveis-socials-igualtat\/serveis-socials\/programa-de-convivencia\/\"><\/a><\/p>\n<\/div>\n<\/div>\n\n\n\n<div style=\"height:30px\" aria-hidden=\"true\" class=\"wp-block-spacer\"><\/div>\n","protected":false},"excerpt":{"rendered":"<p>Instalaciones Aqu\u00ed puedes consultar todas las prestaciones de las que disponen las instalaciones deportivas de Aldaia Adem\u00e1s del equipamiento que encontrar\u00e1s al final de la p\u00e1gina , las instalaciones cuentan <a class=\"text-decoration-none text-black\" href=\"https:\/\/aldaia.es\/es\/deportes\/instalaciones\/\"> &#8230; <\/a><\/p>\n","protected":false},"author":13,"featured_media":0,"parent":6239,"menu_order":0,"comment_status":"closed","ping_status":"closed","template":"basic-page-departamentos.php","meta":{"_acf_changed":false,"footnotes":""},"class_list":["post-6413","page","type-page","status-publish","hentry"],"acf":[],"yoast_head":"<!-- This site is optimized with the Yoast SEO plugin v27.0 - https:\/\/yoast.com\/product\/yoast-seo-wordpress\/ -->\n<title>Instalaciones - Ayuntamiento de Aldaia<\/title>\n<meta name=\"robots\" content=\"index, follow, max-snippet:-1, max-image-preview:large, max-video-preview:-1\" \/>\n<link rel=\"canonical\" href=\"https:\/\/aldaia.es\/es\/deportes\/instalaciones\/\" \/>\n<meta property=\"og:locale\" content=\"es_ES\" \/>\n<meta property=\"og:type\" content=\"article\" \/>\n<meta property=\"og:title\" content=\"Instalaciones - Ayuntamiento de Aldaia\" \/>\n<meta property=\"og:description\" content=\"Instalaciones Aqu\u00ed puedes consultar todas las prestaciones de las que disponen las instalaciones deportivas de Aldaia Adem\u00e1s del equipamiento que encontrar\u00e1s al final de la p\u00e1gina , las instalaciones cuentan ...\" \/>\n<meta property=\"og:url\" content=\"https:\/\/aldaia.es\/es\/deportes\/instalaciones\/\" \/>\n<meta property=\"og:site_name\" content=\"Ayuntamiento de Aldaia\" \/>\n<meta property=\"article:modified_time\" content=\"2025-09-18T09:23:41+00:00\" \/>\n<script type=\"application\/ld+json\" class=\"yoast-schema-graph\">{\"@context\":\"https:\/\/schema.org\",\"@graph\":[{\"@type\":\"WebPage\",\"@id\":\"https:\/\/aldaia.es\/es\/deportes\/instalaciones\/\",\"url\":\"https:\/\/aldaia.es\/es\/deportes\/instalaciones\/\",\"name\":\"Instalaciones - Ayuntamiento de Aldaia\",\"isPartOf\":{\"@id\":\"https:\/\/aldaia.es\/es\/#website\"},\"datePublished\":\"2023-02-01T10:08:56+00:00\",\"dateModified\":\"2025-09-18T09:23:41+00:00\",\"breadcrumb\":{\"@id\":\"https:\/\/aldaia.es\/es\/deportes\/instalaciones\/#breadcrumb\"},\"inLanguage\":\"es\",\"potentialAction\":[{\"@type\":\"ReadAction\",\"target\":[\"https:\/\/aldaia.es\/es\/deportes\/instalaciones\/\"]}]},{\"@type\":\"BreadcrumbList\",\"@id\":\"https:\/\/aldaia.es\/es\/deportes\/instalaciones\/#breadcrumb\",\"itemListElement\":[{\"@type\":\"ListItem\",\"position\":1,\"name\":\"Portada\",\"item\":\"https:\/\/aldaia.es\/es\/\"},{\"@type\":\"ListItem\",\"position\":2,\"name\":\"Deportes\",\"item\":\"https:\/\/aldaia.es\/es\/deportes\/\"},{\"@type\":\"ListItem\",\"position\":3,\"name\":\"Instalaciones\"}]},{\"@type\":\"WebSite\",\"@id\":\"https:\/\/aldaia.es\/es\/#website\",\"url\":\"https:\/\/aldaia.es\/es\/\",\"name\":\"Ajuntament D'Aldaia\",\"description\":\"\",\"publisher\":{\"@id\":\"https:\/\/aldaia.es\/es\/#organization\"},\"alternateName\":\"Ajuntament D'Aldaia\",\"potentialAction\":[{\"@type\":\"SearchAction\",\"target\":{\"@type\":\"EntryPoint\",\"urlTemplate\":\"https:\/\/aldaia.es\/es\/?s={search_term_string}\"},\"query-input\":{\"@type\":\"PropertyValueSpecification\",\"valueRequired\":true,\"valueName\":\"search_term_string\"}}],\"inLanguage\":\"es\"},{\"@type\":\"Organization\",\"@id\":\"https:\/\/aldaia.es\/es\/#organization\",\"name\":\"Ajuntament D'Aldaia\",\"url\":\"https:\/\/aldaia.es\/es\/\",\"logo\":{\"@type\":\"ImageObject\",\"inLanguage\":\"es\",\"@id\":\"https:\/\/aldaia.es\/es\/#\/schema\/logo\/image\/\",\"url\":\"https:\/\/aldaia.es\/wp-content\/uploads\/2022\/06\/aldaia-negro-1.png\",\"contentUrl\":\"https:\/\/aldaia.es\/wp-content\/uploads\/2022\/06\/aldaia-negro-1.png\",\"width\":152,\"height\":70,\"caption\":\"Ajuntament D'Aldaia\"},\"image\":{\"@id\":\"https:\/\/aldaia.es\/es\/#\/schema\/logo\/image\/\"}}]}<\/script>\n<!-- \/ Yoast SEO plugin. -->","yoast_head_json":{"title":"Instalaciones - Ayuntamiento de Aldaia","robots":{"index":"index","follow":"follow","max-snippet":"max-snippet:-1","max-image-preview":"max-image-preview:large","max-video-preview":"max-video-preview:-1"},"canonical":"https:\/\/aldaia.es\/es\/deportes\/instalaciones\/","og_locale":"es_ES","og_type":"article","og_title":"Instalaciones - Ayuntamiento de Aldaia","og_description":"Instalaciones Aqu\u00ed puedes consultar todas las prestaciones de las que disponen las instalaciones deportivas de Aldaia Adem\u00e1s del equipamiento que encontrar\u00e1s al final de la p\u00e1gina , las instalaciones cuentan ...","og_url":"https:\/\/aldaia.es\/es\/deportes\/instalaciones\/","og_site_name":"Ayuntamiento de Aldaia","article_modified_time":"2025-09-18T09:23:41+00:00","schema":{"@context":"https:\/\/schema.org","@graph":[{"@type":"WebPage","@id":"https:\/\/aldaia.es\/es\/deportes\/instalaciones\/","url":"https:\/\/aldaia.es\/es\/deportes\/instalaciones\/","name":"Instalaciones - Ayuntamiento de Aldaia","isPartOf":{"@id":"https:\/\/aldaia.es\/es\/#website"},"datePublished":"2023-02-01T10:08:56+00:00","dateModified":"2025-09-18T09:23:41+00:00","breadcrumb":{"@id":"https:\/\/aldaia.es\/es\/deportes\/instalaciones\/#breadcrumb"},"inLanguage":"es","potentialAction":[{"@type":"ReadAction","target":["https:\/\/aldaia.es\/es\/deportes\/instalaciones\/"]}]},{"@type":"BreadcrumbList","@id":"https:\/\/aldaia.es\/es\/deportes\/instalaciones\/#breadcrumb","itemListElement":[{"@type":"ListItem","position":1,"name":"Portada","item":"https:\/\/aldaia.es\/es\/"},{"@type":"ListItem","position":2,"name":"Deportes","item":"https:\/\/aldaia.es\/es\/deportes\/"},{"@type":"ListItem","position":3,"name":"Instalaciones"}]},{"@type":"WebSite","@id":"https:\/\/aldaia.es\/es\/#website","url":"https:\/\/aldaia.es\/es\/","name":"Ajuntament D'Aldaia","description":"","publisher":{"@id":"https:\/\/aldaia.es\/es\/#organization"},"alternateName":"Ajuntament D'Aldaia","potentialAction":[{"@type":"SearchAction","target":{"@type":"EntryPoint","urlTemplate":"https:\/\/aldaia.es\/es\/?s={search_term_string}"},"query-input":{"@type":"PropertyValueSpecification","valueRequired":true,"valueName":"search_term_string"}}],"inLanguage":"es"},{"@type":"Organization","@id":"https:\/\/aldaia.es\/es\/#organization","name":"Ajuntament D'Aldaia","url":"https:\/\/aldaia.es\/es\/","logo":{"@type":"ImageObject","inLanguage":"es","@id":"https:\/\/aldaia.es\/es\/#\/schema\/logo\/image\/","url":"https:\/\/aldaia.es\/wp-content\/uploads\/2022\/06\/aldaia-negro-1.png","contentUrl":"https:\/\/aldaia.es\/wp-content\/uploads\/2022\/06\/aldaia-negro-1.png","width":152,"height":70,"caption":"Ajuntament D'Aldaia"},"image":{"@id":"https:\/\/aldaia.es\/es\/#\/schema\/logo\/image\/"}}]}},"_links":{"self":[{"href":"https:\/\/aldaia.es\/es\/wp-json\/wp\/v2\/pages\/6413","targetHints":{"allow":["GET"]}}],"collection":[{"href":"https:\/\/aldaia.es\/es\/wp-json\/wp\/v2\/pages"}],"about":[{"href":"https:\/\/aldaia.es\/es\/wp-json\/wp\/v2\/types\/page"}],"author":[{"embeddable":true,"href":"https:\/\/aldaia.es\/es\/wp-json\/wp\/v2\/users\/13"}],"replies":[{"embeddable":true,"href":"https:\/\/aldaia.es\/es\/wp-json\/wp\/v2\/comments?post=6413"}],"version-history":[{"count":25,"href":"https:\/\/aldaia.es\/es\/wp-json\/wp\/v2\/pages\/6413\/revisions"}],"predecessor-version":[{"id":38936,"href":"https:\/\/aldaia.es\/es\/wp-json\/wp\/v2\/pages\/6413\/revisions\/38936"}],"up":[{"embeddable":true,"href":"https:\/\/aldaia.es\/es\/wp-json\/wp\/v2\/pages\/6239"}],"wp:attachment":[{"href":"https:\/\/aldaia.es\/es\/wp-json\/wp\/v2\/media?parent=6413"}],"curies":[{"name":"wp","href":"https:\/\/api.w.org\/{rel}","templated":true}]}}