{"id":6414,"date":"2023-02-01T12:22:37","date_gmt":"2023-02-01T11:22:37","guid":{"rendered":"https:\/\/aldaia.eu\/deportes\/instalaciones-del-pabellon\/"},"modified":"2024-07-29T09:30:43","modified_gmt":"2024-07-29T07:30:43","slug":"instalaciones-del-pabellon","status":"publish","type":"page","link":"https:\/\/aldaia.es\/es\/deportes\/instalaciones-del-pabellon\/","title":{"rendered":"Instalaciones del pabell\u00f3n"},"content":{"rendered":"\n<h1 class=\"wp-block-heading\">Instalaciones del Pabell\u00f3n<\/h1>\n\n\n\n<ul class=\"wp-block-list\">\n<li>Un gimnasio (sala fitness) situado dentro del pabell\u00f3n. Ubicada en la planta baja.<\/li>\n\n\n\n<li>Dentro del pabell\u00f3n se encuentra una pista de f\u00fatbol sala que puede dividirse lateralmente en tres partes para la pr\u00e1ctica de baloncesto u otras actividades. Contar\u00e1 con unas dimensiones totales de 58\u00d724 metros. Se podr\u00e1 acceder a ella mediante escaleras o ascensor.<\/li>\n\n\n\n<li>3 salas multiusos ubicadas en el pabell\u00f3n, una de ellas en la planta baja, otra en la primera y otra en la segunda planta.<\/li>\n\n\n\n<li>Una grader\u00eda con capacidad para 472 personas.<\/li>\n\n\n\n<li>5 vestuarios dentro de la zona del pabell\u00f3n para: hombres y mujeres, personas discapacitadas, \u00e1rbitros y personal empleado en el pabell\u00f3n. Adem\u00e1s en el pasillo de vestuarios situados en la planta baja se situar\u00e1n las oficinas y el sal\u00f3n de botiqu\u00edn<\/li>\n\n\n\n<li>En la primera planta situados cerca de la pista de f\u00fatbol sala, se encontrar\u00e1n dos servicios, uno de mujeres, otro de varones.<\/li>\n<\/ul>\n\n\n\n<div style=\"height:40px\" aria-hidden=\"true\" class=\"wp-block-spacer\"><\/div>\n\n\n\n<h2 class=\"wp-block-heading\">Galer\u00eda<\/h2>\n\n\n\n<figure class=\"wp-block-gallery has-nested-images columns-default is-cropped wp-block-gallery-1 is-layout-flex wp-block-gallery-is-layout-flex\">\n<figure class=\"wp-block-image size-large\"><img loading=\"lazy\" decoding=\"async\" width=\"480\" height=\"250\" data-id=\"4316\" src=\"https:\/\/aldaia.es\/wp-content\/uploads\/2023\/02\/dsc_0563.jpeg\" alt=\"\" class=\"wp-image-4316\" srcset=\"https:\/\/aldaia.es\/wp-content\/uploads\/2023\/02\/dsc_0563.jpeg 480w, https:\/\/aldaia.es\/wp-content\/uploads\/2023\/02\/dsc_0563-300x156.jpeg 300w, https:\/\/aldaia.es\/wp-content\/uploads\/2023\/02\/dsc_0563-150x78.jpeg 150w\" sizes=\"auto, (max-width: 480px) 100vw, 480px\" \/><\/figure>\n\n\n\n<figure class=\"wp-block-image size-large\"><img loading=\"lazy\" decoding=\"async\" width=\"480\" height=\"250\" data-id=\"4317\" src=\"https:\/\/aldaia.es\/wp-content\/uploads\/2023\/02\/dsc_0543_0.jpeg\" alt=\"\" class=\"wp-image-4317\" srcset=\"https:\/\/aldaia.es\/wp-content\/uploads\/2023\/02\/dsc_0543_0.jpeg 480w, https:\/\/aldaia.es\/wp-content\/uploads\/2023\/02\/dsc_0543_0-300x156.jpeg 300w, https:\/\/aldaia.es\/wp-content\/uploads\/2023\/02\/dsc_0543_0-150x78.jpeg 150w\" sizes=\"auto, (max-width: 480px) 100vw, 480px\" \/><\/figure>\n\n\n\n<figure class=\"wp-block-image size-large\"><img loading=\"lazy\" decoding=\"async\" width=\"480\" height=\"250\" data-id=\"4318\" src=\"https:\/\/aldaia.es\/wp-content\/uploads\/2023\/02\/img_2603.jpeg\" alt=\"\" class=\"wp-image-4318\" srcset=\"https:\/\/aldaia.es\/wp-content\/uploads\/2023\/02\/img_2603.jpeg 480w, https:\/\/aldaia.es\/wp-content\/uploads\/2023\/02\/img_2603-300x156.jpeg 300w, https:\/\/aldaia.es\/wp-content\/uploads\/2023\/02\/img_2603-150x78.jpeg 150w\" sizes=\"auto, (max-width: 480px) 100vw, 480px\" \/><\/figure>\n\n\n\n<figure class=\"wp-block-image size-large\"><img loading=\"lazy\" decoding=\"async\" width=\"480\" height=\"250\" data-id=\"4319\" src=\"https:\/\/aldaia.es\/wp-content\/uploads\/2023\/02\/img_2577.jpeg\" alt=\"\" class=\"wp-image-4319\" srcset=\"https:\/\/aldaia.es\/wp-content\/uploads\/2023\/02\/img_2577.jpeg 480w, https:\/\/aldaia.es\/wp-content\/uploads\/2023\/02\/img_2577-300x156.jpeg 300w, https:\/\/aldaia.es\/wp-content\/uploads\/2023\/02\/img_2577-150x78.jpeg 150w\" sizes=\"auto, (max-width: 480px) 100vw, 480px\" \/><\/figure>\n\n\n\n<figure class=\"wp-block-image size-large\"><img loading=\"lazy\" decoding=\"async\" width=\"480\" height=\"250\" data-id=\"4320\" src=\"https:\/\/aldaia.es\/wp-content\/uploads\/2023\/02\/dsc_0585.jpeg\" alt=\"\" class=\"wp-image-4320\" srcset=\"https:\/\/aldaia.es\/wp-content\/uploads\/2023\/02\/dsc_0585.jpeg 480w, https:\/\/aldaia.es\/wp-content\/uploads\/2023\/02\/dsc_0585-300x156.jpeg 300w, https:\/\/aldaia.es\/wp-content\/uploads\/2023\/02\/dsc_0585-150x78.jpeg 150w\" sizes=\"auto, (max-width: 480px) 100vw, 480px\" \/><\/figure>\n<\/figure>\n\n\n\n<div style=\"height:40px\" aria-hidden=\"true\" class=\"wp-block-spacer\"><\/div>\n","protected":false},"excerpt":{"rendered":"<p>Instalaciones del Pabell\u00f3n Galer\u00eda <a class=\"text-decoration-none text-black\" href=\"https:\/\/aldaia.es\/es\/deportes\/instalaciones-del-pabellon\/\"> &#8230; <\/a><\/p>\n","protected":false},"author":13,"featured_media":0,"parent":6239,"menu_order":0,"comment_status":"closed","ping_status":"closed","template":"basic-page-departamentos.php","meta":{"_acf_changed":false,"footnotes":""},"class_list":["post-6414","page","type-page","status-publish","hentry"],"acf":[],"yoast_head":"<!-- This site is optimized with the Yoast SEO plugin v27.0 - https:\/\/yoast.com\/product\/yoast-seo-wordpress\/ -->\n<title>Instalaciones del pabell\u00f3n - Ayuntamiento de Aldaia<\/title>\n<meta name=\"robots\" content=\"index, follow, max-snippet:-1, max-image-preview:large, max-video-preview:-1\" \/>\n<link rel=\"canonical\" href=\"https:\/\/aldaia.es\/es\/deportes\/instalaciones-del-pabellon\/\" \/>\n<meta property=\"og:locale\" content=\"es_ES\" \/>\n<meta property=\"og:type\" content=\"article\" \/>\n<meta property=\"og:title\" content=\"Instalaciones del pabell\u00f3n - Ayuntamiento de Aldaia\" \/>\n<meta property=\"og:description\" content=\"Instalaciones del Pabell\u00f3n Galer\u00eda ...\" \/>\n<meta property=\"og:url\" content=\"https:\/\/aldaia.es\/es\/deportes\/instalaciones-del-pabellon\/\" \/>\n<meta property=\"og:site_name\" content=\"Ayuntamiento de Aldaia\" \/>\n<meta property=\"article:modified_time\" content=\"2024-07-29T07:30:43+00:00\" \/>\n<meta property=\"og:image\" content=\"https:\/\/aldaia.es\/wp-content\/uploads\/2023\/02\/dsc_0563.jpeg\" \/>\n<script type=\"application\/ld+json\" class=\"yoast-schema-graph\">{\"@context\":\"https:\/\/schema.org\",\"@graph\":[{\"@type\":\"WebPage\",\"@id\":\"https:\/\/aldaia.es\/es\/deportes\/instalaciones-del-pabellon\/\",\"url\":\"https:\/\/aldaia.es\/es\/deportes\/instalaciones-del-pabellon\/\",\"name\":\"Instalaciones del pabell\u00f3n - Ayuntamiento de Aldaia\",\"isPartOf\":{\"@id\":\"https:\/\/aldaia.es\/es\/#website\"},\"primaryImageOfPage\":{\"@id\":\"https:\/\/aldaia.es\/es\/deportes\/instalaciones-del-pabellon\/#primaryimage\"},\"image\":{\"@id\":\"https:\/\/aldaia.es\/es\/deportes\/instalaciones-del-pabellon\/#primaryimage\"},\"thumbnailUrl\":\"https:\/\/aldaia.es\/wp-content\/uploads\/2023\/02\/dsc_0563.jpeg\",\"datePublished\":\"2023-02-01T11:22:37+00:00\",\"dateModified\":\"2024-07-29T07:30:43+00:00\",\"breadcrumb\":{\"@id\":\"https:\/\/aldaia.es\/es\/deportes\/instalaciones-del-pabellon\/#breadcrumb\"},\"inLanguage\":\"es\",\"potentialAction\":[{\"@type\":\"ReadAction\",\"target\":[\"https:\/\/aldaia.es\/es\/deportes\/instalaciones-del-pabellon\/\"]}]},{\"@type\":\"ImageObject\",\"inLanguage\":\"es\",\"@id\":\"https:\/\/aldaia.es\/es\/deportes\/instalaciones-del-pabellon\/#primaryimage\",\"url\":\"https:\/\/aldaia.es\/wp-content\/uploads\/2023\/02\/dsc_0563.jpeg\",\"contentUrl\":\"https:\/\/aldaia.es\/wp-content\/uploads\/2023\/02\/dsc_0563.jpeg\"},{\"@type\":\"BreadcrumbList\",\"@id\":\"https:\/\/aldaia.es\/es\/deportes\/instalaciones-del-pabellon\/#breadcrumb\",\"itemListElement\":[{\"@type\":\"ListItem\",\"position\":1,\"name\":\"Portada\",\"item\":\"https:\/\/aldaia.es\/es\/\"},{\"@type\":\"ListItem\",\"position\":2,\"name\":\"Deportes\",\"item\":\"https:\/\/aldaia.es\/es\/deportes\/\"},{\"@type\":\"ListItem\",\"position\":3,\"name\":\"Instalaciones del pabell\u00f3n\"}]},{\"@type\":\"WebSite\",\"@id\":\"https:\/\/aldaia.es\/es\/#website\",\"url\":\"https:\/\/aldaia.es\/es\/\",\"name\":\"Ajuntament D'Aldaia\",\"description\":\"\",\"publisher\":{\"@id\":\"https:\/\/aldaia.es\/es\/#organization\"},\"alternateName\":\"Ajuntament D'Aldaia\",\"potentialAction\":[{\"@type\":\"SearchAction\",\"target\":{\"@type\":\"EntryPoint\",\"urlTemplate\":\"https:\/\/aldaia.es\/es\/?s={search_term_string}\"},\"query-input\":{\"@type\":\"PropertyValueSpecification\",\"valueRequired\":true,\"valueName\":\"search_term_string\"}}],\"inLanguage\":\"es\"},{\"@type\":\"Organization\",\"@id\":\"https:\/\/aldaia.es\/es\/#organization\",\"name\":\"Ajuntament D'Aldaia\",\"url\":\"https:\/\/aldaia.es\/es\/\",\"logo\":{\"@type\":\"ImageObject\",\"inLanguage\":\"es\",\"@id\":\"https:\/\/aldaia.es\/es\/#\/schema\/logo\/image\/\",\"url\":\"https:\/\/aldaia.es\/wp-content\/uploads\/2022\/06\/aldaia-negro-1.png\",\"contentUrl\":\"https:\/\/aldaia.es\/wp-content\/uploads\/2022\/06\/aldaia-negro-1.png\",\"width\":152,\"height\":70,\"caption\":\"Ajuntament D'Aldaia\"},\"image\":{\"@id\":\"https:\/\/aldaia.es\/es\/#\/schema\/logo\/image\/\"}}]}<\/script>\n<!-- \/ Yoast SEO plugin. -->","yoast_head_json":{"title":"Instalaciones del pabell\u00f3n - Ayuntamiento de Aldaia","robots":{"index":"index","follow":"follow","max-snippet":"max-snippet:-1","max-image-preview":"max-image-preview:large","max-video-preview":"max-video-preview:-1"},"canonical":"https:\/\/aldaia.es\/es\/deportes\/instalaciones-del-pabellon\/","og_locale":"es_ES","og_type":"article","og_title":"Instalaciones del pabell\u00f3n - Ayuntamiento de Aldaia","og_description":"Instalaciones del Pabell\u00f3n Galer\u00eda ...","og_url":"https:\/\/aldaia.es\/es\/deportes\/instalaciones-del-pabellon\/","og_site_name":"Ayuntamiento de Aldaia","article_modified_time":"2024-07-29T07:30:43+00:00","og_image":[{"url":"https:\/\/aldaia.es\/wp-content\/uploads\/2023\/02\/dsc_0563.jpeg","type":"","width":"","height":""}],"schema":{"@context":"https:\/\/schema.org","@graph":[{"@type":"WebPage","@id":"https:\/\/aldaia.es\/es\/deportes\/instalaciones-del-pabellon\/","url":"https:\/\/aldaia.es\/es\/deportes\/instalaciones-del-pabellon\/","name":"Instalaciones del pabell\u00f3n - Ayuntamiento de Aldaia","isPartOf":{"@id":"https:\/\/aldaia.es\/es\/#website"},"primaryImageOfPage":{"@id":"https:\/\/aldaia.es\/es\/deportes\/instalaciones-del-pabellon\/#primaryimage"},"image":{"@id":"https:\/\/aldaia.es\/es\/deportes\/instalaciones-del-pabellon\/#primaryimage"},"thumbnailUrl":"https:\/\/aldaia.es\/wp-content\/uploads\/2023\/02\/dsc_0563.jpeg","datePublished":"2023-02-01T11:22:37+00:00","dateModified":"2024-07-29T07:30:43+00:00","breadcrumb":{"@id":"https:\/\/aldaia.es\/es\/deportes\/instalaciones-del-pabellon\/#breadcrumb"},"inLanguage":"es","potentialAction":[{"@type":"ReadAction","target":["https:\/\/aldaia.es\/es\/deportes\/instalaciones-del-pabellon\/"]}]},{"@type":"ImageObject","inLanguage":"es","@id":"https:\/\/aldaia.es\/es\/deportes\/instalaciones-del-pabellon\/#primaryimage","url":"https:\/\/aldaia.es\/wp-content\/uploads\/2023\/02\/dsc_0563.jpeg","contentUrl":"https:\/\/aldaia.es\/wp-content\/uploads\/2023\/02\/dsc_0563.jpeg"},{"@type":"BreadcrumbList","@id":"https:\/\/aldaia.es\/es\/deportes\/instalaciones-del-pabellon\/#breadcrumb","itemListElement":[{"@type":"ListItem","position":1,"name":"Portada","item":"https:\/\/aldaia.es\/es\/"},{"@type":"ListItem","position":2,"name":"Deportes","item":"https:\/\/aldaia.es\/es\/deportes\/"},{"@type":"ListItem","position":3,"name":"Instalaciones del pabell\u00f3n"}]},{"@type":"WebSite","@id":"https:\/\/aldaia.es\/es\/#website","url":"https:\/\/aldaia.es\/es\/","name":"Ajuntament D'Aldaia","description":"","publisher":{"@id":"https:\/\/aldaia.es\/es\/#organization"},"alternateName":"Ajuntament D'Aldaia","potentialAction":[{"@type":"SearchAction","target":{"@type":"EntryPoint","urlTemplate":"https:\/\/aldaia.es\/es\/?s={search_term_string}"},"query-input":{"@type":"PropertyValueSpecification","valueRequired":true,"valueName":"search_term_string"}}],"inLanguage":"es"},{"@type":"Organization","@id":"https:\/\/aldaia.es\/es\/#organization","name":"Ajuntament D'Aldaia","url":"https:\/\/aldaia.es\/es\/","logo":{"@type":"ImageObject","inLanguage":"es","@id":"https:\/\/aldaia.es\/es\/#\/schema\/logo\/image\/","url":"https:\/\/aldaia.es\/wp-content\/uploads\/2022\/06\/aldaia-negro-1.png","contentUrl":"https:\/\/aldaia.es\/wp-content\/uploads\/2022\/06\/aldaia-negro-1.png","width":152,"height":70,"caption":"Ajuntament D'Aldaia"},"image":{"@id":"https:\/\/aldaia.es\/es\/#\/schema\/logo\/image\/"}}]}},"_links":{"self":[{"href":"https:\/\/aldaia.es\/es\/wp-json\/wp\/v2\/pages\/6414","targetHints":{"allow":["GET"]}}],"collection":[{"href":"https:\/\/aldaia.es\/es\/wp-json\/wp\/v2\/pages"}],"about":[{"href":"https:\/\/aldaia.es\/es\/wp-json\/wp\/v2\/types\/page"}],"author":[{"embeddable":true,"href":"https:\/\/aldaia.es\/es\/wp-json\/wp\/v2\/users\/13"}],"replies":[{"embeddable":true,"href":"https:\/\/aldaia.es\/es\/wp-json\/wp\/v2\/comments?post=6414"}],"version-history":[{"count":4,"href":"https:\/\/aldaia.es\/es\/wp-json\/wp\/v2\/pages\/6414\/revisions"}],"predecessor-version":[{"id":30225,"href":"https:\/\/aldaia.es\/es\/wp-json\/wp\/v2\/pages\/6414\/revisions\/30225"}],"up":[{"embeddable":true,"href":"https:\/\/aldaia.es\/es\/wp-json\/wp\/v2\/pages\/6239"}],"wp:attachment":[{"href":"https:\/\/aldaia.es\/es\/wp-json\/wp\/v2\/media?parent=6414"}],"curies":[{"name":"wp","href":"https:\/\/api.w.org\/{rel}","templated":true}]}}