{"id":6416,"date":"2023-02-01T12:22:56","date_gmt":"2023-02-01T11:22:56","guid":{"rendered":"https:\/\/aldaia.eu\/deportes\/piscina-ludica-y-piscina-cubierta\/"},"modified":"2025-07-04T14:52:09","modified_gmt":"2025-07-04T12:52:09","slug":"piscina-ludica-y-piscina-cubierta","status":"publish","type":"page","link":"https:\/\/aldaia.es\/es\/deportes\/piscina-ludica-y-piscina-cubierta\/","title":{"rendered":"Piscina l\u00fadica y piscina cubierta"},"content":{"rendered":"\n<div class=\"wp-block-columns dep-deportes is-layout-flex wp-container-core-columns-is-layout-9d6595d7 wp-block-columns-is-layout-flex\">\n<div class=\"wp-block-column is-layout-flow wp-block-column-is-layout-flow\" style=\"flex-basis:30%\"><!--  Info deportes -->\n\n \n\n<div class='bloque-infos-deportes wrapper-departamentos'>\n    <p class=\"tit-bloque-infos\">Pavell\u00f3n Municipal Polideportivo de Aldaia <\/p>\n        <div class='infos-departamento'>\n            <p>Joaqu\u00edn Blume, s\/n 46960, Aldaia, Valencia<\/p>\n            <p><i class=\"fa fa-phone\" aria-hidden=\"true\"><\/i> <a href=\"tel:+34961500702\">+34 961 50 07 02<\/a><\/p>\n            \n           \n        <\/div>\n\n        <div class='mapa-1'>\n        <iframe src=\"https:\/\/www.google.com\/maps\/embed?pb=!1m18!1m12!1m3!1d516.9498040178551!2d-0.4602445110923791!3d39.461333763590055!2m3!1f0!2f0!3f0!3m2!1i1024!2i768!4f13.1!3m3!1m2!1s0xd60503ca4d1771b%3A0xa7f996d81d8f7def!2sPabell%C3%B3n%20Municipal%20Aldaya!5e0!3m2!1ses!2ses!4v1721990333976!5m2!1ses!2ses\" width=\"100%\" height=\"300\" style=\"border:0;\" allowfullscreen=\"\" loading=\"lazy\" referrerpolicy=\"no-referrer-when-downgrade\"><\/iframe>\n        <\/div>\n\n        <br><br>\n\n        <p class=\"tit-bloque-infos\">Piscina Cubierta <\/p>\n        <div class='infos-departamento'>\n            <p>Ricardo Fuster y Fuster, s\/n 46960 Aldaia Valencia<\/p>\n            <p><i class=\"fa fa-phone\" aria-hidden=\"true\"><\/i> <a href=\"tel:+34961985270\">+34 961 98 52 70<\/a><\/p>\n            <p><i class=\"fas fa-envelope\"><\/i> <a href=\"mailto:esports@ajuntamentaldaia.org\">esports@ajuntamentaldaia.org<\/a><\/p>\n            <p><i class=\"fas fa-clock\"><\/i> Lunes a viernes: de 7:00 a 21:00 horas. S\u00e1bados y domingos: de 9:00 a 13:00 horas.<\/p>\n        <\/div>\n        <br><br>\n        <div class='mapa-1'>\n        <iframe src=\"https:\/\/www.google.com\/maps\/embed?pb=!1m18!1m12!1m3!1d1071.9310378256994!2d-0.458356196840644!3d39.45976172293869!2m3!1f0!2f0!3f0!3m2!1i1024!2i768!4f13.1!3m3!1m2!1s0xd60503cc6eae165%3A0xe86edf3f3eb37520!2sPiscina%20Cubierta%20Municipal%20de%20Aldaya!5e0!3m2!1ses!2ses!4v1721990464712!5m2!1ses!2ses\" width=\"100%\" height=\"300\" style=\"border:0;\" allowfullscreen=\"\" loading=\"lazy\" referrerpolicy=\"no-referrer-when-downgrade\"><\/iframe>\n        <\/div>\n\n        \n\n\n    <\/div>\n    <!-- end bloque infos -->\n   \n\n\n    \n\n\n<\/div>\n\n\n\n<div class=\"wp-block-column is-layout-flow wp-block-column-is-layout-flow\" style=\"flex-basis:66.66%\">\n<h1 class=\"wp-block-heading\">Piscina l\u00fadica i piscina cubierta<\/h1>\n\n\n\n<h2 class=\"wp-block-heading\">Piscina l\u00fadica (cerrada temporalmente)<\/h2>\n\n\n\n<p>Piscina L\u00fadica, a\u00f1o 2006, con sus respectivos vestuarios para hombres, mujeres, ni\u00f1os y ni\u00f1as, y personas con discapacidad.<\/p>\n\n\n\n<p>La piscina l\u00fadica se mantendr\u00e1 abierta durante los meses de verano para abarcar a todos los usuarios que quieran disfrutar de ella, tanto de nuestro municipio como de localidades lim\u00edtrofes. \u2013 Contiene toboganes y otras atracciones acu\u00e1ticas, enfocadas en la diversi\u00f3n de los m\u00e1s peque\u00f1os, as\u00ed como 2 jacuzzi y un bar situado dentro del recinto.<\/p>\n\n\n\n<h2 class=\"wp-block-heading\">Piscina cubierta<\/h2>\n\n\n\n<p>Piscina cubierta, 2002, que dispone de 8 carriles y tiene unas medidas de 24,90 metros de largo, 16,70 metros de ancho y con una profundidad m\u00ednima de 1,40 metros y 1,90 de profundidad m\u00e1xima.<\/p>\n\n\n\n<p>Tambi\u00e9n podemos encontrar una peque\u00f1a piscina cubierta con unas medidas de 14,60 metros de longitud y 5,6 metros de ancho, y contar\u00e1 con una profundidad de 1 metro. \u2013 Vestuarios para mujeres y hombres, ni\u00f1os y ni\u00f1as y personas discapacitadas, correspondientes a la piscina cubierta.&nbsp;<\/p>\n<\/div>\n<\/div>\n\n\n\n<h2 class=\"wp-block-heading display-4\">Galer\u00eda de fotos Piscina l\u00fadica<\/h2>\n\n\n\n<figure class=\"wp-block-gallery has-nested-images columns-default is-cropped wp-block-gallery-1 is-layout-flex wp-block-gallery-is-layout-flex\">\n<figure class=\"wp-block-image size-large\"><img loading=\"lazy\" decoding=\"async\" width=\"480\" height=\"250\" data-id=\"4337\" src=\"https:\/\/aldaia.es\/wp-content\/uploads\/2023\/02\/dsc_0345.jpeg\" alt=\"\" class=\"wp-image-4337\" srcset=\"https:\/\/aldaia.es\/wp-content\/uploads\/2023\/02\/dsc_0345.jpeg 480w, https:\/\/aldaia.es\/wp-content\/uploads\/2023\/02\/dsc_0345-300x156.jpeg 300w, https:\/\/aldaia.es\/wp-content\/uploads\/2023\/02\/dsc_0345-150x78.jpeg 150w\" sizes=\"auto, (max-width: 480px) 100vw, 480px\" \/><\/figure>\n\n\n\n<figure class=\"wp-block-image size-large\"><img loading=\"lazy\" decoding=\"async\" width=\"480\" height=\"250\" data-id=\"4336\" src=\"https:\/\/aldaia.es\/wp-content\/uploads\/2023\/02\/dsc_0319.jpeg\" alt=\"\" class=\"wp-image-4336\" srcset=\"https:\/\/aldaia.es\/wp-content\/uploads\/2023\/02\/dsc_0319.jpeg 480w, https:\/\/aldaia.es\/wp-content\/uploads\/2023\/02\/dsc_0319-300x156.jpeg 300w, https:\/\/aldaia.es\/wp-content\/uploads\/2023\/02\/dsc_0319-150x78.jpeg 150w\" sizes=\"auto, (max-width: 480px) 100vw, 480px\" \/><\/figure>\n\n\n\n<figure class=\"wp-block-image size-large\"><img loading=\"lazy\" decoding=\"async\" width=\"480\" height=\"250\" data-id=\"4335\" src=\"https:\/\/aldaia.es\/wp-content\/uploads\/2023\/02\/dsc_0305.jpeg\" alt=\"\" class=\"wp-image-4335\" srcset=\"https:\/\/aldaia.es\/wp-content\/uploads\/2023\/02\/dsc_0305.jpeg 480w, https:\/\/aldaia.es\/wp-content\/uploads\/2023\/02\/dsc_0305-300x156.jpeg 300w, https:\/\/aldaia.es\/wp-content\/uploads\/2023\/02\/dsc_0305-150x78.jpeg 150w\" sizes=\"auto, (max-width: 480px) 100vw, 480px\" \/><\/figure>\n\n\n\n<figure class=\"wp-block-image size-large\"><img loading=\"lazy\" decoding=\"async\" width=\"480\" height=\"250\" data-id=\"4334\" src=\"https:\/\/aldaia.es\/wp-content\/uploads\/2023\/02\/14_ok.jpeg\" alt=\"\" class=\"wp-image-4334\" srcset=\"https:\/\/aldaia.es\/wp-content\/uploads\/2023\/02\/14_ok.jpeg 480w, https:\/\/aldaia.es\/wp-content\/uploads\/2023\/02\/14_ok-300x156.jpeg 300w, https:\/\/aldaia.es\/wp-content\/uploads\/2023\/02\/14_ok-150x78.jpeg 150w\" sizes=\"auto, (max-width: 480px) 100vw, 480px\" \/><\/figure>\n\n\n\n<figure class=\"wp-block-image size-large\"><img loading=\"lazy\" decoding=\"async\" width=\"480\" height=\"250\" data-id=\"4333\" src=\"https:\/\/aldaia.es\/wp-content\/uploads\/2023\/02\/12ok.jpeg\" alt=\"\" class=\"wp-image-4333\" srcset=\"https:\/\/aldaia.es\/wp-content\/uploads\/2023\/02\/12ok.jpeg 480w, https:\/\/aldaia.es\/wp-content\/uploads\/2023\/02\/12ok-300x156.jpeg 300w, https:\/\/aldaia.es\/wp-content\/uploads\/2023\/02\/12ok-150x78.jpeg 150w\" sizes=\"auto, (max-width: 480px) 100vw, 480px\" \/><\/figure>\n\n\n\n<figure class=\"wp-block-image size-large\"><img loading=\"lazy\" decoding=\"async\" width=\"480\" height=\"250\" data-id=\"4332\" src=\"https:\/\/aldaia.es\/wp-content\/uploads\/2023\/02\/15_ok.jpeg\" alt=\"\" class=\"wp-image-4332\" srcset=\"https:\/\/aldaia.es\/wp-content\/uploads\/2023\/02\/15_ok.jpeg 480w, https:\/\/aldaia.es\/wp-content\/uploads\/2023\/02\/15_ok-300x156.jpeg 300w, https:\/\/aldaia.es\/wp-content\/uploads\/2023\/02\/15_ok-150x78.jpeg 150w\" sizes=\"auto, (max-width: 480px) 100vw, 480px\" \/><\/figure>\n\n\n\n<figure class=\"wp-block-image size-large\"><img loading=\"lazy\" decoding=\"async\" width=\"480\" height=\"250\" data-id=\"4331\" src=\"https:\/\/aldaia.es\/wp-content\/uploads\/2023\/02\/1ook.jpeg\" alt=\"\" class=\"wp-image-4331\" srcset=\"https:\/\/aldaia.es\/wp-content\/uploads\/2023\/02\/1ook.jpeg 480w, https:\/\/aldaia.es\/wp-content\/uploads\/2023\/02\/1ook-300x156.jpeg 300w, https:\/\/aldaia.es\/wp-content\/uploads\/2023\/02\/1ook-150x78.jpeg 150w\" sizes=\"auto, (max-width: 480px) 100vw, 480px\" \/><\/figure>\n\n\n\n<figure class=\"wp-block-image size-large\"><img loading=\"lazy\" decoding=\"async\" width=\"480\" height=\"250\" data-id=\"4330\" src=\"https:\/\/aldaia.es\/wp-content\/uploads\/2023\/02\/1ok.jpeg\" alt=\"\" class=\"wp-image-4330\" srcset=\"https:\/\/aldaia.es\/wp-content\/uploads\/2023\/02\/1ok.jpeg 480w, https:\/\/aldaia.es\/wp-content\/uploads\/2023\/02\/1ok-300x156.jpeg 300w, https:\/\/aldaia.es\/wp-content\/uploads\/2023\/02\/1ok-150x78.jpeg 150w\" sizes=\"auto, (max-width: 480px) 100vw, 480px\" \/><\/figure>\n<\/figure>\n\n\n\n<div style=\"height:30px\" aria-hidden=\"true\" class=\"wp-block-spacer\"><\/div>\n\n\n\n<h2 class=\"wp-block-heading display-4\">Galer\u00eda de fotos de la Piscina cubierta<\/h2>\n\n\n\n<figure class=\"wp-block-gallery has-nested-images columns-4 is-cropped wp-block-gallery-2 is-layout-flex wp-block-gallery-is-layout-flex\">\n<figure class=\"wp-block-image size-large\"><img loading=\"lazy\" decoding=\"async\" width=\"480\" height=\"250\" data-id=\"4329\" src=\"https:\/\/aldaia.es\/wp-content\/uploads\/2023\/02\/piscina_cubierta_2.jpeg\" alt=\"\" class=\"wp-image-4329\" srcset=\"https:\/\/aldaia.es\/wp-content\/uploads\/2023\/02\/piscina_cubierta_2.jpeg 480w, https:\/\/aldaia.es\/wp-content\/uploads\/2023\/02\/piscina_cubierta_2-300x156.jpeg 300w, https:\/\/aldaia.es\/wp-content\/uploads\/2023\/02\/piscina_cubierta_2-150x78.jpeg 150w\" sizes=\"auto, (max-width: 480px) 100vw, 480px\" \/><\/figure>\n\n\n\n<figure class=\"wp-block-image size-large\"><img loading=\"lazy\" decoding=\"async\" width=\"480\" height=\"250\" data-id=\"4328\" src=\"https:\/\/aldaia.es\/wp-content\/uploads\/2023\/02\/piscina_cubierta_4.jpeg\" alt=\"\" class=\"wp-image-4328\" srcset=\"https:\/\/aldaia.es\/wp-content\/uploads\/2023\/02\/piscina_cubierta_4.jpeg 480w, https:\/\/aldaia.es\/wp-content\/uploads\/2023\/02\/piscina_cubierta_4-300x156.jpeg 300w, https:\/\/aldaia.es\/wp-content\/uploads\/2023\/02\/piscina_cubierta_4-150x78.jpeg 150w\" sizes=\"auto, (max-width: 480px) 100vw, 480px\" \/><\/figure>\n\n\n\n<figure class=\"wp-block-image size-large\"><img loading=\"lazy\" decoding=\"async\" width=\"480\" height=\"250\" data-id=\"4327\" src=\"https:\/\/aldaia.es\/wp-content\/uploads\/2023\/02\/piscina_cubierta_5.jpeg\" alt=\"\" class=\"wp-image-4327\" srcset=\"https:\/\/aldaia.es\/wp-content\/uploads\/2023\/02\/piscina_cubierta_5.jpeg 480w, https:\/\/aldaia.es\/wp-content\/uploads\/2023\/02\/piscina_cubierta_5-300x156.jpeg 300w, https:\/\/aldaia.es\/wp-content\/uploads\/2023\/02\/piscina_cubierta_5-150x78.jpeg 150w\" sizes=\"auto, (max-width: 480px) 100vw, 480px\" \/><\/figure>\n\n\n\n<figure class=\"wp-block-image size-full\"><img loading=\"lazy\" decoding=\"async\" width=\"480\" height=\"250\" data-id=\"4326\" src=\"https:\/\/aldaia.es\/wp-content\/uploads\/2023\/02\/piscina_cubierta.jpeg\" alt=\"\" class=\"wp-image-4326\" srcset=\"https:\/\/aldaia.es\/wp-content\/uploads\/2023\/02\/piscina_cubierta.jpeg 480w, https:\/\/aldaia.es\/wp-content\/uploads\/2023\/02\/piscina_cubierta-300x156.jpeg 300w, https:\/\/aldaia.es\/wp-content\/uploads\/2023\/02\/piscina_cubierta-150x78.jpeg 150w\" sizes=\"auto, (max-width: 480px) 100vw, 480px\" \/><\/figure>\n<\/figure>\n\n\n\n<div style=\"height:40px\" aria-hidden=\"true\" class=\"wp-block-spacer\"><\/div>\n\n\n\n<div class=\"wp-block-columns is-layout-flex wp-container-core-columns-is-layout-9d6595d7 wp-block-columns-is-layout-flex\">\n<div class=\"wp-block-column lista_adjuntos is-layout-flow wp-block-column-is-layout-flow\">\n<h2 class=\"wp-block-heading display-4\">Enlaces<\/h2>\n\n\n\n<p><i class=\"fas fa-link\"><\/i> <a href=\"https:\/\/deporweb.ddns.net\/aldaia\/deporweb\/indice.php\" target=\"_blank\" rel=\"noreferrer noopener\">Deportes Web<\/a><\/p>\n\n\n\n<p><i class=\"fas fa-link\"><\/i> <a href=\"https:\/\/www.youtube.com\/watch?v=awSurZDQL-8\" target=\"_blank\" rel=\"noreferrer noopener\">Tutorial Piscina L\u00fadica Aldaia 2020<\/a><\/p>\n<\/div>\n<\/div>\n","protected":false},"excerpt":{"rendered":"<p>Piscina l\u00fadica i piscina cubierta Piscina l\u00fadica (cerrada temporalmente) Piscina L\u00fadica, a\u00f1o 2006, con sus respectivos vestuarios para hombres, mujeres, ni\u00f1os y ni\u00f1as, y personas con discapacidad. La piscina l\u00fadica <a class=\"text-decoration-none text-black\" href=\"https:\/\/aldaia.es\/es\/deportes\/piscina-ludica-y-piscina-cubierta\/\"> &#8230; <\/a><\/p>\n","protected":false},"author":13,"featured_media":0,"parent":6239,"menu_order":0,"comment_status":"closed","ping_status":"closed","template":"basic-page-departamentos.php","meta":{"_acf_changed":false,"footnotes":""},"class_list":["post-6416","page","type-page","status-publish","hentry"],"acf":[],"yoast_head":"<!-- This site is optimized with the Yoast SEO plugin v27.0 - https:\/\/yoast.com\/product\/yoast-seo-wordpress\/ -->\n<title>Piscina l\u00fadica y piscina cubierta - Ayuntamiento de Aldaia<\/title>\n<meta name=\"robots\" content=\"index, follow, max-snippet:-1, max-image-preview:large, max-video-preview:-1\" \/>\n<link rel=\"canonical\" href=\"https:\/\/aldaia.es\/es\/deportes\/piscina-ludica-y-piscina-cubierta\/\" \/>\n<meta property=\"og:locale\" content=\"es_ES\" \/>\n<meta property=\"og:type\" content=\"article\" \/>\n<meta property=\"og:title\" content=\"Piscina l\u00fadica y piscina cubierta - Ayuntamiento de Aldaia\" \/>\n<meta property=\"og:description\" content=\"Piscina l\u00fadica i piscina cubierta Piscina l\u00fadica (cerrada temporalmente) Piscina L\u00fadica, a\u00f1o 2006, con sus respectivos vestuarios para hombres, mujeres, ni\u00f1os y ni\u00f1as, y personas con discapacidad. La piscina l\u00fadica ...\" \/>\n<meta property=\"og:url\" content=\"https:\/\/aldaia.es\/es\/deportes\/piscina-ludica-y-piscina-cubierta\/\" \/>\n<meta property=\"og:site_name\" content=\"Ayuntamiento de Aldaia\" \/>\n<meta property=\"article:modified_time\" content=\"2025-07-04T12:52:09+00:00\" \/>\n<meta property=\"og:image\" content=\"https:\/\/aldaia.es\/wp-content\/uploads\/2023\/02\/dsc_0345.jpeg\" \/>\n<script type=\"application\/ld+json\" class=\"yoast-schema-graph\">{\"@context\":\"https:\/\/schema.org\",\"@graph\":[{\"@type\":\"WebPage\",\"@id\":\"https:\/\/aldaia.es\/es\/deportes\/piscina-ludica-y-piscina-cubierta\/\",\"url\":\"https:\/\/aldaia.es\/es\/deportes\/piscina-ludica-y-piscina-cubierta\/\",\"name\":\"Piscina l\u00fadica y piscina cubierta - Ayuntamiento de Aldaia\",\"isPartOf\":{\"@id\":\"https:\/\/aldaia.es\/es\/#website\"},\"primaryImageOfPage\":{\"@id\":\"https:\/\/aldaia.es\/es\/deportes\/piscina-ludica-y-piscina-cubierta\/#primaryimage\"},\"image\":{\"@id\":\"https:\/\/aldaia.es\/es\/deportes\/piscina-ludica-y-piscina-cubierta\/#primaryimage\"},\"thumbnailUrl\":\"https:\/\/aldaia.es\/wp-content\/uploads\/2023\/02\/dsc_0345.jpeg\",\"datePublished\":\"2023-02-01T11:22:56+00:00\",\"dateModified\":\"2025-07-04T12:52:09+00:00\",\"breadcrumb\":{\"@id\":\"https:\/\/aldaia.es\/es\/deportes\/piscina-ludica-y-piscina-cubierta\/#breadcrumb\"},\"inLanguage\":\"es\",\"potentialAction\":[{\"@type\":\"ReadAction\",\"target\":[\"https:\/\/aldaia.es\/es\/deportes\/piscina-ludica-y-piscina-cubierta\/\"]}]},{\"@type\":\"ImageObject\",\"inLanguage\":\"es\",\"@id\":\"https:\/\/aldaia.es\/es\/deportes\/piscina-ludica-y-piscina-cubierta\/#primaryimage\",\"url\":\"https:\/\/aldaia.es\/wp-content\/uploads\/2023\/02\/dsc_0345.jpeg\",\"contentUrl\":\"https:\/\/aldaia.es\/wp-content\/uploads\/2023\/02\/dsc_0345.jpeg\"},{\"@type\":\"BreadcrumbList\",\"@id\":\"https:\/\/aldaia.es\/es\/deportes\/piscina-ludica-y-piscina-cubierta\/#breadcrumb\",\"itemListElement\":[{\"@type\":\"ListItem\",\"position\":1,\"name\":\"Portada\",\"item\":\"https:\/\/aldaia.es\/es\/\"},{\"@type\":\"ListItem\",\"position\":2,\"name\":\"Deportes\",\"item\":\"https:\/\/aldaia.es\/es\/deportes\/\"},{\"@type\":\"ListItem\",\"position\":3,\"name\":\"Piscina l\u00fadica y piscina cubierta\"}]},{\"@type\":\"WebSite\",\"@id\":\"https:\/\/aldaia.es\/es\/#website\",\"url\":\"https:\/\/aldaia.es\/es\/\",\"name\":\"Ajuntament D'Aldaia\",\"description\":\"\",\"publisher\":{\"@id\":\"https:\/\/aldaia.es\/es\/#organization\"},\"alternateName\":\"Ajuntament D'Aldaia\",\"potentialAction\":[{\"@type\":\"SearchAction\",\"target\":{\"@type\":\"EntryPoint\",\"urlTemplate\":\"https:\/\/aldaia.es\/es\/?s={search_term_string}\"},\"query-input\":{\"@type\":\"PropertyValueSpecification\",\"valueRequired\":true,\"valueName\":\"search_term_string\"}}],\"inLanguage\":\"es\"},{\"@type\":\"Organization\",\"@id\":\"https:\/\/aldaia.es\/es\/#organization\",\"name\":\"Ajuntament D'Aldaia\",\"url\":\"https:\/\/aldaia.es\/es\/\",\"logo\":{\"@type\":\"ImageObject\",\"inLanguage\":\"es\",\"@id\":\"https:\/\/aldaia.es\/es\/#\/schema\/logo\/image\/\",\"url\":\"https:\/\/aldaia.es\/wp-content\/uploads\/2022\/06\/aldaia-negro-1.png\",\"contentUrl\":\"https:\/\/aldaia.es\/wp-content\/uploads\/2022\/06\/aldaia-negro-1.png\",\"width\":152,\"height\":70,\"caption\":\"Ajuntament D'Aldaia\"},\"image\":{\"@id\":\"https:\/\/aldaia.es\/es\/#\/schema\/logo\/image\/\"}}]}<\/script>\n<!-- \/ Yoast SEO plugin. -->","yoast_head_json":{"title":"Piscina l\u00fadica y piscina cubierta - Ayuntamiento de Aldaia","robots":{"index":"index","follow":"follow","max-snippet":"max-snippet:-1","max-image-preview":"max-image-preview:large","max-video-preview":"max-video-preview:-1"},"canonical":"https:\/\/aldaia.es\/es\/deportes\/piscina-ludica-y-piscina-cubierta\/","og_locale":"es_ES","og_type":"article","og_title":"Piscina l\u00fadica y piscina cubierta - Ayuntamiento de Aldaia","og_description":"Piscina l\u00fadica i piscina cubierta Piscina l\u00fadica (cerrada temporalmente) Piscina L\u00fadica, a\u00f1o 2006, con sus respectivos vestuarios para hombres, mujeres, ni\u00f1os y ni\u00f1as, y personas con discapacidad. La piscina l\u00fadica ...","og_url":"https:\/\/aldaia.es\/es\/deportes\/piscina-ludica-y-piscina-cubierta\/","og_site_name":"Ayuntamiento de Aldaia","article_modified_time":"2025-07-04T12:52:09+00:00","og_image":[{"url":"https:\/\/aldaia.es\/wp-content\/uploads\/2023\/02\/dsc_0345.jpeg","type":"","width":"","height":""}],"schema":{"@context":"https:\/\/schema.org","@graph":[{"@type":"WebPage","@id":"https:\/\/aldaia.es\/es\/deportes\/piscina-ludica-y-piscina-cubierta\/","url":"https:\/\/aldaia.es\/es\/deportes\/piscina-ludica-y-piscina-cubierta\/","name":"Piscina l\u00fadica y piscina cubierta - Ayuntamiento de Aldaia","isPartOf":{"@id":"https:\/\/aldaia.es\/es\/#website"},"primaryImageOfPage":{"@id":"https:\/\/aldaia.es\/es\/deportes\/piscina-ludica-y-piscina-cubierta\/#primaryimage"},"image":{"@id":"https:\/\/aldaia.es\/es\/deportes\/piscina-ludica-y-piscina-cubierta\/#primaryimage"},"thumbnailUrl":"https:\/\/aldaia.es\/wp-content\/uploads\/2023\/02\/dsc_0345.jpeg","datePublished":"2023-02-01T11:22:56+00:00","dateModified":"2025-07-04T12:52:09+00:00","breadcrumb":{"@id":"https:\/\/aldaia.es\/es\/deportes\/piscina-ludica-y-piscina-cubierta\/#breadcrumb"},"inLanguage":"es","potentialAction":[{"@type":"ReadAction","target":["https:\/\/aldaia.es\/es\/deportes\/piscina-ludica-y-piscina-cubierta\/"]}]},{"@type":"ImageObject","inLanguage":"es","@id":"https:\/\/aldaia.es\/es\/deportes\/piscina-ludica-y-piscina-cubierta\/#primaryimage","url":"https:\/\/aldaia.es\/wp-content\/uploads\/2023\/02\/dsc_0345.jpeg","contentUrl":"https:\/\/aldaia.es\/wp-content\/uploads\/2023\/02\/dsc_0345.jpeg"},{"@type":"BreadcrumbList","@id":"https:\/\/aldaia.es\/es\/deportes\/piscina-ludica-y-piscina-cubierta\/#breadcrumb","itemListElement":[{"@type":"ListItem","position":1,"name":"Portada","item":"https:\/\/aldaia.es\/es\/"},{"@type":"ListItem","position":2,"name":"Deportes","item":"https:\/\/aldaia.es\/es\/deportes\/"},{"@type":"ListItem","position":3,"name":"Piscina l\u00fadica y piscina cubierta"}]},{"@type":"WebSite","@id":"https:\/\/aldaia.es\/es\/#website","url":"https:\/\/aldaia.es\/es\/","name":"Ajuntament D'Aldaia","description":"","publisher":{"@id":"https:\/\/aldaia.es\/es\/#organization"},"alternateName":"Ajuntament D'Aldaia","potentialAction":[{"@type":"SearchAction","target":{"@type":"EntryPoint","urlTemplate":"https:\/\/aldaia.es\/es\/?s={search_term_string}"},"query-input":{"@type":"PropertyValueSpecification","valueRequired":true,"valueName":"search_term_string"}}],"inLanguage":"es"},{"@type":"Organization","@id":"https:\/\/aldaia.es\/es\/#organization","name":"Ajuntament D'Aldaia","url":"https:\/\/aldaia.es\/es\/","logo":{"@type":"ImageObject","inLanguage":"es","@id":"https:\/\/aldaia.es\/es\/#\/schema\/logo\/image\/","url":"https:\/\/aldaia.es\/wp-content\/uploads\/2022\/06\/aldaia-negro-1.png","contentUrl":"https:\/\/aldaia.es\/wp-content\/uploads\/2022\/06\/aldaia-negro-1.png","width":152,"height":70,"caption":"Ajuntament D'Aldaia"},"image":{"@id":"https:\/\/aldaia.es\/es\/#\/schema\/logo\/image\/"}}]}},"_links":{"self":[{"href":"https:\/\/aldaia.es\/es\/wp-json\/wp\/v2\/pages\/6416","targetHints":{"allow":["GET"]}}],"collection":[{"href":"https:\/\/aldaia.es\/es\/wp-json\/wp\/v2\/pages"}],"about":[{"href":"https:\/\/aldaia.es\/es\/wp-json\/wp\/v2\/types\/page"}],"author":[{"embeddable":true,"href":"https:\/\/aldaia.es\/es\/wp-json\/wp\/v2\/users\/13"}],"replies":[{"embeddable":true,"href":"https:\/\/aldaia.es\/es\/wp-json\/wp\/v2\/comments?post=6416"}],"version-history":[{"count":11,"href":"https:\/\/aldaia.es\/es\/wp-json\/wp\/v2\/pages\/6416\/revisions"}],"predecessor-version":[{"id":38359,"href":"https:\/\/aldaia.es\/es\/wp-json\/wp\/v2\/pages\/6416\/revisions\/38359"}],"up":[{"embeddable":true,"href":"https:\/\/aldaia.es\/es\/wp-json\/wp\/v2\/pages\/6239"}],"wp:attachment":[{"href":"https:\/\/aldaia.es\/es\/wp-json\/wp\/v2\/media?parent=6416"}],"curies":[{"name":"wp","href":"https:\/\/api.w.org\/{rel}","templated":true}]}}