{"id":6424,"date":"2022-08-30T10:07:42","date_gmt":"2022-08-30T08:07:42","guid":{"rendered":"https:\/\/aldaia.eu\/fallas\/"},"modified":"2026-02-25T12:52:31","modified_gmt":"2026-02-25T11:52:31","slug":"fallas","status":"publish","type":"page","link":"https:\/\/aldaia.es\/es\/fiestas\/fallas\/","title":{"rendered":"Fallas"},"content":{"rendered":"\n<div class=\"wp-block-columns dep-fiestas is-layout-flex wp-container-core-columns-is-layout-9d6595d7 wp-block-columns-is-layout-flex\">\n<div class=\"wp-block-column is-layout-flow wp-block-column-is-layout-flow\" style=\"flex-basis:30%\"><!--  Info fiestas -->\n\n \n\n<div class='bloque-infos-fiestas wrapper-departamentos'>\n<p class=\"tit-bloque-infos\">\u00c1rea de Fiestas <\/p>\n        <div class='infos-departamento'>\n            <p>Plaza Constituci\u00f3n, 10, 46960 Aldaia Valencia<\/p>\n            <p><i class=\"fa fa-phone\" aria-hidden=\"true\"><\/i> <a href=\"tel:+34961510693\">+34 96 151 06 93<\/a><\/p>\n            <p><i class=\"fas fa-envelope\"><\/i> <a href=\"mailto:ajuntamentaldaia@ajuntamentaldaia.org\">ajuntamentaldaia@ajuntamentaldaia.org<\/a><\/p>\n            <p><a href=\"https:\/\/www.facebook.com\/ajuntamentaldaia\" target=\"_blank\" rel=\"noreferrer noopener\"><i class=\"fab fa-facebook\"><\/i><\/a> &nbsp;&nbsp; <a href=\"https:\/\/www.instagram.com\/tamaldaia\/?hl=es\" target=\"_blank\" rel=\"noreferrer noopener\"><i class=\"fab fa-square-instagram\"><\/i><\/a>  &nbsp;&nbsp;  <a href=\"https:\/\/www.youtube.com\/@ajuntamentdaldaia8046\" target=\"_blank\" rel=\"noreferrer noopener\"><i class=\"fab fa-youtube\"><\/i><\/a> <\/p>\n        <\/div>\n\n        <div class='mapa-1'>\n        <iframe src=\"https:\/\/www.google.com\/maps\/embed?pb=!1m18!1m12!1m3!1d622.7679968418242!2d-0.4608059177881311!3d39.465164288659615!2m3!1f0!2f0!3f0!3m2!1i1024!2i768!4f13.1!3m3!1m2!1s0xd6051b0ac582aed%3A0xd3a2ed9d1d945ab0!2sAyuntamiento%20de%20Aldaya!5e0!3m2!1ses!2sus!4v1725979182758!5m2!1ses!2sus\" width=\"100%\" height=\"450\" style=\"border:0;\" allowfullscreen=\"\" loading=\"lazy\" referrerpolicy=\"no-referrer-when-downgrade\"><\/iframe>\n        <\/div>\n\n    <\/div>\n    <!-- end bloque infos -->\n   \n\n    \n\n\n<\/div>\n\n\n\n<div class=\"wp-block-column is-layout-flow wp-block-column-is-layout-flow\" style=\"flex-basis:66.66%\">\n<h1 class=\"wp-block-heading\">Fallas<\/h1>\n\n\n\n<p><\/p>\n\n\n\n<div class=\"wp-block-columns is-layout-flex wp-container-core-columns-is-layout-9d6595d7 wp-block-columns-is-layout-flex\">\n<div class=\"wp-block-column is-layout-flow wp-block-column-is-layout-flow\" style=\"flex-basis:70%\">\n<h2 class=\"wp-block-heading\">Junta Local Fallera &nbsp;<\/h2>\n\n\n\n<p><strong>Fallera Mayor de Aldaia: <\/strong>Marta Garc\u00eda i Pelufo<br><strong>Fallera Mayor Infantil de Aldaia: <\/strong>Vega Nav\u00edo i L\u00f3pez<br><strong>Presidente Ejecutivo: <\/strong>Daniel M\u00ednguez i Forn\u00e9s<br><strong>Secretaria General: <\/strong>Maria Comes<\/p>\n<\/div>\n\n\n\n<div class=\"wp-block-column is-layout-flow wp-block-column-is-layout-flow\"><div class=\"wp-block-image\">\n<figure class=\"aligncenter size-full\"><img loading=\"lazy\" decoding=\"async\" width=\"200\" height=\"200\" src=\"https:\/\/aldaia.es\/wp-content\/uploads\/2022\/08\/escut-junta-local-fallera.png\" alt=\"Junta Local Fallera \u00a0\" class=\"wp-image-909\" srcset=\"https:\/\/aldaia.es\/wp-content\/uploads\/2022\/08\/escut-junta-local-fallera.png 200w, https:\/\/aldaia.es\/wp-content\/uploads\/2022\/08\/escut-junta-local-fallera-150x150.png 150w\" sizes=\"auto, (max-width: 200px) 100vw, 200px\" \/><\/figure>\n<\/div><\/div>\n<\/div>\n\n\n\n<hr class=\"wp-block-separator has-alpha-channel-opacity\"\/>\n\n\n\n<h2 class=\"wp-block-heading\">Corte de Honor de la Fallera Mayor Infantil de Aldaia<\/h2>\n\n\n\n<p>Ciara Mart\u00ednez i Gim\u00e9nez<\/p>\n\n\n\n<p>Irene Garc\u00eda i Encarnaci\u00f3n<\/p>\n\n\n\n<p>Natalia N\u00fa\u00f1ez i Amores<\/p>\n\n\n\n<p>Daniela Garc\u00eda i Nicol\u00e1s<\/p>\n\n\n\n<hr class=\"wp-block-separator has-alpha-channel-opacity\"\/>\n\n\n\n<h2 class=\"wp-block-heading\">Corte de Honor de la Fallera Mayor de Aldaia<\/h2>\n\n\n\n<p>Beatriz Horta i Or\u00f3n<\/p>\n\n\n\n<p>Lorena Ruiz i Garc\u00eda<\/p>\n\n\n\n<p>Vanessa Villalta i Laguna<\/p>\n\n\n\n<p>Laura Catal\u00e1 i Mart\u00ednez<\/p>\n\n\n\n<hr class=\"wp-block-separator has-alpha-channel-opacity\"\/>\n\n\n\n<div class=\"wp-block-columns is-layout-flex wp-container-core-columns-is-layout-9d6595d7 wp-block-columns-is-layout-flex\">\n<div class=\"wp-block-column is-layout-flow wp-block-column-is-layout-flow\" style=\"flex-basis:70%\">\n<h2 class=\"wp-block-heading\">Falla Plaza Europa y alrededores<\/h2>\n\n\n\n<p><strong>Presidente: <\/strong>H\u00e9ctor Serrano i Horta<br><strong>Fallera Mayor: <\/strong>Beatriz Horta i Or\u00f3n<br><strong>Presidente Infantil: <\/strong>Mario Perea i Nieto<br><strong>Fallera Mayor Infantil: <\/strong>Daniela Garc\u00eda i Nicol\u00e1s<\/p>\n<\/div>\n\n\n\n<div class=\"wp-block-column is-layout-flow wp-block-column-is-layout-flow\"><div class=\"wp-block-image\">\n<figure class=\"aligncenter size-full\"><img loading=\"lazy\" decoding=\"async\" width=\"200\" height=\"150\" src=\"https:\/\/aldaia.es\/wp-content\/uploads\/2022\/08\/logo-falla-europa-1.png\" alt=\"Falla Plaza Europa i Voltants\" class=\"wp-image-899\" srcset=\"https:\/\/aldaia.es\/wp-content\/uploads\/2022\/08\/logo-falla-europa-1.png 200w, https:\/\/aldaia.es\/wp-content\/uploads\/2022\/08\/logo-falla-europa-1-150x113.png 150w\" sizes=\"auto, (max-width: 200px) 100vw, 200px\" \/><\/figure>\n<\/div><\/div>\n<\/div>\n\n\n\n<hr class=\"wp-block-separator has-alpha-channel-opacity\"\/>\n\n\n\n<div class=\"wp-block-columns is-layout-flex wp-container-core-columns-is-layout-9d6595d7 wp-block-columns-is-layout-flex\">\n<div class=\"wp-block-column is-layout-flow wp-block-column-is-layout-flow\" style=\"flex-basis:70%\">\n<h2 class=\"wp-block-heading\">Falla Plaza Cortes Valencianas&nbsp; &nbsp;<\/h2>\n\n\n\n<p><strong>Presidentes: <\/strong>El\u00edas Huerta i Mart\u00ednez, Mere L\u00f3pez i Serrano, Marino Carrascosa i Salda\u00f1a<br><strong>Fallera Mayor: <\/strong>Marta Garc\u00eda i Pelufo<br><strong>Presidente Infantil: <\/strong>\u00d3scar Naranjo i Galv\u00e1n<br><strong>Fallera Mayor Infantil: <\/strong>Norma Castillo i Hern\u00e1ndez<\/p>\n<\/div>\n\n\n\n<div class=\"wp-block-column is-layout-flow wp-block-column-is-layout-flow\"><div class=\"wp-block-image\">\n<figure class=\"aligncenter size-full\"><img loading=\"lazy\" decoding=\"async\" width=\"200\" height=\"200\" src=\"https:\/\/aldaia.es\/wp-content\/uploads\/2022\/08\/escut-falla-placa-corts-valencianes.png\" alt=\"Falla Pla\u00e7a Corts Valencianes\u00a0\" class=\"wp-image-900\" srcset=\"https:\/\/aldaia.es\/wp-content\/uploads\/2022\/08\/escut-falla-placa-corts-valencianes.png 200w, https:\/\/aldaia.es\/wp-content\/uploads\/2022\/08\/escut-falla-placa-corts-valencianes-150x150.png 150w\" sizes=\"auto, (max-width: 200px) 100vw, 200px\" \/><\/figure>\n<\/div><\/div>\n<\/div>\n\n\n\n<hr class=\"wp-block-separator has-alpha-channel-opacity\"\/>\n\n\n\n<div class=\"wp-block-columns is-layout-flex wp-container-core-columns-is-layout-9d6595d7 wp-block-columns-is-layout-flex\">\n<div class=\"wp-block-column is-layout-flow wp-block-column-is-layout-flow\" style=\"flex-basis:70%\">\n<h2 class=\"wp-block-heading\">Falla Villarrobledo<\/h2>\n\n\n\n<p><strong>Presidente: <\/strong>Javier Pastor i Guerola<br><strong>Fallera Mayor: <\/strong>Erica Pastor i Guerola<br><strong>Presidente Infantil: <\/strong>Marco Carmona i Vidal<br><strong>Fallera Mayor Infantil: <\/strong>Lucia P\u00e9rez i Vera<\/p>\n<\/div>\n\n\n\n<div class=\"wp-block-column is-layout-flow wp-block-column-is-layout-flow\"><div class=\"wp-block-image\">\n<figure class=\"aligncenter size-full\"><img loading=\"lazy\" decoding=\"async\" width=\"200\" height=\"200\" src=\"https:\/\/aldaia.es\/wp-content\/uploads\/2022\/08\/escut-falla-villarrobledo.png\" alt=\"falla villarrobledo\" class=\"wp-image-901\" srcset=\"https:\/\/aldaia.es\/wp-content\/uploads\/2022\/08\/escut-falla-villarrobledo.png 200w, https:\/\/aldaia.es\/wp-content\/uploads\/2022\/08\/escut-falla-villarrobledo-150x150.png 150w\" sizes=\"auto, (max-width: 200px) 100vw, 200px\" \/><\/figure>\n<\/div><\/div>\n<\/div>\n\n\n\n<hr class=\"wp-block-separator has-alpha-channel-opacity\"\/>\n\n\n\n<div class=\"wp-block-columns is-layout-flex wp-container-core-columns-is-layout-9d6595d7 wp-block-columns-is-layout-flex\">\n<div class=\"wp-block-column is-layout-flow wp-block-column-is-layout-flow\" style=\"flex-basis:70%\">\n<h2 class=\"wp-block-heading\">Falla Maestro Serrano i Adjts&nbsp; &nbsp;<\/h2>\n\n\n\n<p><strong>Presidente: <\/strong>Toni Josep Garc\u00eda i Torrijos<br><strong>Fallera Mayor: <\/strong>Noelia Tur\u00e9gano i Jim\u00e9nez<br><strong>Presidente Infantil: <\/strong>Dar\u00edo De Fez i Olivares<br><strong>Fallera Mayor Infantil: <\/strong>Aitana Ram\u00edrez i L\u00e1zaro<\/p>\n<\/div>\n\n\n\n<div class=\"wp-block-column is-layout-flow wp-block-column-is-layout-flow\"><div class=\"wp-block-image\">\n<figure class=\"aligncenter size-full\"><img loading=\"lazy\" decoding=\"async\" width=\"200\" height=\"200\" src=\"https:\/\/aldaia.es\/wp-content\/uploads\/2022\/08\/escut-falla-mestre-serrano.png\" alt=\"Falla Mestre Serrano i Adjts\" class=\"wp-image-902\" srcset=\"https:\/\/aldaia.es\/wp-content\/uploads\/2022\/08\/escut-falla-mestre-serrano.png 200w, https:\/\/aldaia.es\/wp-content\/uploads\/2022\/08\/escut-falla-mestre-serrano-150x150.png 150w\" sizes=\"auto, (max-width: 200px) 100vw, 200px\" \/><\/figure>\n<\/div><\/div>\n<\/div>\n\n\n\n<hr class=\"wp-block-separator has-alpha-channel-opacity\"\/>\n\n\n\n<div class=\"wp-block-columns is-layout-flex wp-container-core-columns-is-layout-9d6595d7 wp-block-columns-is-layout-flex\">\n<div class=\"wp-block-column is-layout-flow wp-block-column-is-layout-flow\" style=\"flex-basis:70%\">\n<h2 class=\"wp-block-heading\">Falla Santa Rita-Pilar y Adjts<strong>&nbsp;<\/strong>&nbsp;<\/h2>\n\n\n\n<p><strong>Presidente: <\/strong>Jorge Rodr\u00edguez i Piles<br><strong>Fallera Mayor: <\/strong>Vanessa Villalta i Laguna<br><strong>Presidente Infantil: <\/strong>Claudio Gordo i Andr\u00e9s<br><strong>Fallera Mayor Infantil: <\/strong>Vega Nav\u00edo i L\u00f3pez<\/p>\n<\/div>\n\n\n\n<div class=\"wp-block-column is-layout-flow wp-block-column-is-layout-flow\"><div class=\"wp-block-image\">\n<figure class=\"aligncenter size-full\"><img loading=\"lazy\" decoding=\"async\" width=\"200\" height=\"200\" src=\"https:\/\/aldaia.es\/wp-content\/uploads\/2022\/08\/escut-falla-santa-rita.png\" alt=\"\" class=\"wp-image-903\" srcset=\"https:\/\/aldaia.es\/wp-content\/uploads\/2022\/08\/escut-falla-santa-rita.png 200w, https:\/\/aldaia.es\/wp-content\/uploads\/2022\/08\/escut-falla-santa-rita-150x150.png 150w\" sizes=\"auto, (max-width: 200px) 100vw, 200px\" \/><\/figure>\n<\/div><\/div>\n<\/div>\n\n\n\n<hr class=\"wp-block-separator has-alpha-channel-opacity\"\/>\n\n\n\n<div class=\"wp-block-columns is-layout-flex wp-container-core-columns-is-layout-9d6595d7 wp-block-columns-is-layout-flex\">\n<div class=\"wp-block-column is-layout-flow wp-block-column-is-layout-flow\" style=\"flex-basis:70%\">\n<h2 class=\"wp-block-heading\">Falla Sant Antoni y Adts&nbsp; &nbsp;<\/h2>\n\n\n\n<p><strong>Presidente: <\/strong>Manuel Garc\u00eda i Garc\u00eda<br><strong>Fallera Mayor: <\/strong>Laura Catal\u00e0 i Mart\u00ednez<br><strong>Presidente Infantil: <\/strong>Marcos Mart\u00ednez i Soriano<br><strong>Fallera Mayor Infantil: <\/strong>Natalia Nu\u00f1ez i Amores<\/p>\n<\/div>\n\n\n\n<div class=\"wp-block-column is-layout-flow wp-block-column-is-layout-flow\"><div class=\"wp-block-image\">\n<figure class=\"aligncenter size-full\"><img loading=\"lazy\" decoding=\"async\" width=\"200\" height=\"200\" src=\"https:\/\/aldaia.es\/wp-content\/uploads\/2022\/08\/escut-falla-sant-antoni.png\" alt=\"Falla Sant Antoni i Adts\u00a0\" class=\"wp-image-905\" srcset=\"https:\/\/aldaia.es\/wp-content\/uploads\/2022\/08\/escut-falla-sant-antoni.png 200w, https:\/\/aldaia.es\/wp-content\/uploads\/2022\/08\/escut-falla-sant-antoni-150x150.png 150w\" sizes=\"auto, (max-width: 200px) 100vw, 200px\" \/><\/figure>\n<\/div><\/div>\n<\/div>\n\n\n\n<hr class=\"wp-block-separator has-alpha-channel-opacity\"\/>\n\n\n\n<div class=\"wp-block-columns is-layout-flex wp-container-core-columns-is-layout-9d6595d7 wp-block-columns-is-layout-flex\">\n<div class=\"wp-block-column is-layout-flow wp-block-column-is-layout-flow\" style=\"flex-basis:70%\">\n<h2 class=\"wp-block-heading\">Falla Colonia y alrededores&nbsp; &nbsp;&nbsp; &nbsp;<\/h2>\n\n\n\n<p><strong>Presidente: <\/strong>Sergio Peris i S\u00e1nchez<br><strong>Fallera Mayor: <\/strong>Laura P\u00e9rez i Beltr\u00e1n<br><strong>Presidente Infantil: <\/strong>Marc Marqu\u00e9s i Mart\u00ednez<br><strong>Fallera Mayor Infantil: <\/strong>\u00c1ngela Peris i Escribano<\/p>\n<\/div>\n\n\n\n<div class=\"wp-block-column is-layout-flow wp-block-column-is-layout-flow\"><div class=\"wp-block-image\">\n<figure class=\"aligncenter size-full\"><img loading=\"lazy\" decoding=\"async\" width=\"200\" height=\"200\" src=\"https:\/\/aldaia.es\/wp-content\/uploads\/2022\/08\/escut-falla-colonia.png\" alt=\"Falla Colonia i voltants\u00a0 \u00a0\u00a0 \u00a0\" class=\"wp-image-906\" srcset=\"https:\/\/aldaia.es\/wp-content\/uploads\/2022\/08\/escut-falla-colonia.png 200w, https:\/\/aldaia.es\/wp-content\/uploads\/2022\/08\/escut-falla-colonia-150x150.png 150w\" sizes=\"auto, (max-width: 200px) 100vw, 200px\" \/><\/figure>\n<\/div><\/div>\n<\/div>\n\n\n\n<hr class=\"wp-block-separator has-alpha-channel-opacity\"\/>\n\n\n\n<div class=\"wp-block-columns is-layout-flex wp-container-core-columns-is-layout-9d6595d7 wp-block-columns-is-layout-flex\">\n<div class=\"wp-block-column is-layout-flow wp-block-column-is-layout-flow\" style=\"flex-basis:70%\">\n<h2 class=\"wp-block-heading\">Falla La Saletta&nbsp;&nbsp; &nbsp;<\/h2>\n\n\n\n<p><strong>Presidente: <\/strong>Vicent Albiach i Hern\u00e1ndez<br><strong>Fallera Mayor: <\/strong>Mar\u00eda Amparo Mu\u00f1oz i Pascual<br><strong>Presidente Infantil: <\/strong>Diego Luengo i Huete<br><strong>Fallera Mayor Infantil: <\/strong>Ciara Mart\u00ednez i Gim\u00e9nez<\/p>\n<\/div>\n\n\n\n<div class=\"wp-block-column is-layout-flow wp-block-column-is-layout-flow\"><div class=\"wp-block-image\">\n<figure class=\"aligncenter size-full\"><img loading=\"lazy\" decoding=\"async\" width=\"200\" height=\"200\" src=\"https:\/\/aldaia.es\/wp-content\/uploads\/2022\/08\/escut-falla-saletta.png\" alt=\"\" class=\"wp-image-907\" srcset=\"https:\/\/aldaia.es\/wp-content\/uploads\/2022\/08\/escut-falla-saletta.png 200w, https:\/\/aldaia.es\/wp-content\/uploads\/2022\/08\/escut-falla-saletta-150x150.png 150w\" sizes=\"auto, (max-width: 200px) 100vw, 200px\" \/><\/figure>\n<\/div><\/div>\n<\/div>\n\n\n\n<hr class=\"wp-block-separator has-alpha-channel-opacity\"\/>\n\n\n\n<div class=\"wp-block-columns is-layout-flex wp-container-core-columns-is-layout-9d6595d7 wp-block-columns-is-layout-flex\">\n<div class=\"wp-block-column is-layout-flow wp-block-column-is-layout-flow\" style=\"flex-basis:70%\">\n<h2 class=\"wp-block-heading\">Falla Sant Vicent&nbsp;<\/h2>\n\n\n\n<p><strong>Presidente: <\/strong>Vicente Alemany i L\u00f3pez<br><strong>Fallera Mayor: <\/strong>Lorena Ruiz i Garc\u00eda<br><strong>Presidente Infantil: <\/strong>Eloy Orme\u00f1o i Valladolid<br><strong>Fallera Mayor Infantil: <\/strong>Sara Moreno i Mart\u00ednez<\/p>\n<\/div>\n\n\n\n<div class=\"wp-block-column is-layout-flow wp-block-column-is-layout-flow\"><div class=\"wp-block-image\">\n<figure class=\"aligncenter size-full\"><img loading=\"lazy\" decoding=\"async\" width=\"200\" height=\"200\" src=\"https:\/\/aldaia.es\/wp-content\/uploads\/2022\/08\/escut-falla-st-vicent.png\" alt=\"Falla Sant Vicent  \" class=\"wp-image-908\" srcset=\"https:\/\/aldaia.es\/wp-content\/uploads\/2022\/08\/escut-falla-st-vicent.png 200w, https:\/\/aldaia.es\/wp-content\/uploads\/2022\/08\/escut-falla-st-vicent-150x150.png 150w\" sizes=\"auto, (max-width: 200px) 100vw, 200px\" \/><\/figure>\n<\/div><\/div>\n<\/div>\n\n\n\n<hr class=\"wp-block-separator has-alpha-channel-opacity\"\/>\n\n\n\n<h2 class=\"wp-block-heading\">&nbsp;<\/h2>\n<\/div>\n<\/div>\n","protected":false},"excerpt":{"rendered":"<p>Fallas Junta Local Fallera &nbsp; Fallera Mayor de Aldaia: Marta Garc\u00eda i PelufoFallera Mayor Infantil de Aldaia: Vega Nav\u00edo i L\u00f3pezPresidente Ejecutivo: Daniel M\u00ednguez i Forn\u00e9sSecretaria General: Maria Comes Corte <a class=\"text-decoration-none text-black\" href=\"https:\/\/aldaia.es\/es\/fiestas\/fallas\/\"> &#8230; <\/a><\/p>\n","protected":false},"author":1,"featured_media":0,"parent":6231,"menu_order":0,"comment_status":"closed","ping_status":"closed","template":"basic-page-departamentos.php","meta":{"_acf_changed":false,"footnotes":""},"class_list":["post-6424","page","type-page","status-publish","hentry"],"acf":[],"yoast_head":"<!-- This site is optimized with the Yoast SEO plugin v27.0 - https:\/\/yoast.com\/product\/yoast-seo-wordpress\/ -->\n<title>Fallas - Ayuntamiento de Aldaia<\/title>\n<meta name=\"description\" content=\"Listado de fallas en la localidad de Aldaia. Presidentes, falleros y juntas locales. Informaci\u00f3n del Ayuntamiento de Aldaia.\" \/>\n<meta name=\"robots\" content=\"index, follow, max-snippet:-1, max-image-preview:large, max-video-preview:-1\" \/>\n<link rel=\"canonical\" href=\"https:\/\/aldaia.es\/es\/fiestas\/fallas\/\" \/>\n<meta property=\"og:locale\" content=\"es_ES\" \/>\n<meta property=\"og:type\" content=\"article\" \/>\n<meta property=\"og:title\" content=\"Fallas - Ayuntamiento de Aldaia\" \/>\n<meta property=\"og:description\" content=\"Listado de fallas en la localidad de Aldaia. Presidentes, falleros y juntas locales. Informaci\u00f3n del Ayuntamiento de Aldaia.\" \/>\n<meta property=\"og:url\" content=\"https:\/\/aldaia.es\/es\/fiestas\/fallas\/\" \/>\n<meta property=\"og:site_name\" content=\"Ayuntamiento de Aldaia\" \/>\n<meta property=\"article:modified_time\" content=\"2026-02-25T11:52:31+00:00\" \/>\n<meta property=\"og:image\" content=\"https:\/\/aldaia.es\/wp-content\/uploads\/2022\/08\/escut-junta-local-fallera.png\" \/>\n\t<meta property=\"og:image:width\" content=\"200\" \/>\n\t<meta property=\"og:image:height\" content=\"200\" \/>\n\t<meta property=\"og:image:type\" content=\"image\/png\" \/>\n<script type=\"application\/ld+json\" class=\"yoast-schema-graph\">{\"@context\":\"https:\/\/schema.org\",\"@graph\":[{\"@type\":\"WebPage\",\"@id\":\"https:\/\/aldaia.es\/es\/fiestas\/fallas\/\",\"url\":\"https:\/\/aldaia.es\/es\/fiestas\/fallas\/\",\"name\":\"Fallas - Ayuntamiento de Aldaia\",\"isPartOf\":{\"@id\":\"https:\/\/aldaia.es\/es\/#website\"},\"primaryImageOfPage\":{\"@id\":\"https:\/\/aldaia.es\/es\/fiestas\/fallas\/#primaryimage\"},\"image\":{\"@id\":\"https:\/\/aldaia.es\/es\/fiestas\/fallas\/#primaryimage\"},\"thumbnailUrl\":\"https:\/\/aldaia.es\/wp-content\/uploads\/2022\/08\/escut-junta-local-fallera.png\",\"datePublished\":\"2022-08-30T08:07:42+00:00\",\"dateModified\":\"2026-02-25T11:52:31+00:00\",\"description\":\"Listado de fallas en la localidad de Aldaia. Presidentes, falleros y juntas locales. Informaci\u00f3n del Ayuntamiento de Aldaia.\",\"breadcrumb\":{\"@id\":\"https:\/\/aldaia.es\/es\/fiestas\/fallas\/#breadcrumb\"},\"inLanguage\":\"es\",\"potentialAction\":[{\"@type\":\"ReadAction\",\"target\":[\"https:\/\/aldaia.es\/es\/fiestas\/fallas\/\"]}]},{\"@type\":\"ImageObject\",\"inLanguage\":\"es\",\"@id\":\"https:\/\/aldaia.es\/es\/fiestas\/fallas\/#primaryimage\",\"url\":\"https:\/\/aldaia.es\/wp-content\/uploads\/2022\/08\/escut-junta-local-fallera.png\",\"contentUrl\":\"https:\/\/aldaia.es\/wp-content\/uploads\/2022\/08\/escut-junta-local-fallera.png\"},{\"@type\":\"BreadcrumbList\",\"@id\":\"https:\/\/aldaia.es\/es\/fiestas\/fallas\/#breadcrumb\",\"itemListElement\":[{\"@type\":\"ListItem\",\"position\":1,\"name\":\"Portada\",\"item\":\"https:\/\/aldaia.es\/es\/\"},{\"@type\":\"ListItem\",\"position\":2,\"name\":\"Fiestas\",\"item\":\"https:\/\/aldaia.es\/es\/fiestas\/\"},{\"@type\":\"ListItem\",\"position\":3,\"name\":\"Fallas\"}]},{\"@type\":\"WebSite\",\"@id\":\"https:\/\/aldaia.es\/es\/#website\",\"url\":\"https:\/\/aldaia.es\/es\/\",\"name\":\"Ajuntament D'Aldaia\",\"description\":\"\",\"publisher\":{\"@id\":\"https:\/\/aldaia.es\/es\/#organization\"},\"alternateName\":\"Ajuntament D'Aldaia\",\"potentialAction\":[{\"@type\":\"SearchAction\",\"target\":{\"@type\":\"EntryPoint\",\"urlTemplate\":\"https:\/\/aldaia.es\/es\/?s={search_term_string}\"},\"query-input\":{\"@type\":\"PropertyValueSpecification\",\"valueRequired\":true,\"valueName\":\"search_term_string\"}}],\"inLanguage\":\"es\"},{\"@type\":\"Organization\",\"@id\":\"https:\/\/aldaia.es\/es\/#organization\",\"name\":\"Ajuntament D'Aldaia\",\"url\":\"https:\/\/aldaia.es\/es\/\",\"logo\":{\"@type\":\"ImageObject\",\"inLanguage\":\"es\",\"@id\":\"https:\/\/aldaia.es\/es\/#\/schema\/logo\/image\/\",\"url\":\"https:\/\/aldaia.es\/wp-content\/uploads\/2022\/06\/aldaia-negro-1.png\",\"contentUrl\":\"https:\/\/aldaia.es\/wp-content\/uploads\/2022\/06\/aldaia-negro-1.png\",\"width\":152,\"height\":70,\"caption\":\"Ajuntament D'Aldaia\"},\"image\":{\"@id\":\"https:\/\/aldaia.es\/es\/#\/schema\/logo\/image\/\"}}]}<\/script>\n<!-- \/ Yoast SEO plugin. -->","yoast_head_json":{"title":"Fallas - Ayuntamiento de Aldaia","description":"Listado de fallas en la localidad de Aldaia. Presidentes, falleros y juntas locales. Informaci\u00f3n del Ayuntamiento de Aldaia.","robots":{"index":"index","follow":"follow","max-snippet":"max-snippet:-1","max-image-preview":"max-image-preview:large","max-video-preview":"max-video-preview:-1"},"canonical":"https:\/\/aldaia.es\/es\/fiestas\/fallas\/","og_locale":"es_ES","og_type":"article","og_title":"Fallas - Ayuntamiento de Aldaia","og_description":"Listado de fallas en la localidad de Aldaia. Presidentes, falleros y juntas locales. Informaci\u00f3n del Ayuntamiento de Aldaia.","og_url":"https:\/\/aldaia.es\/es\/fiestas\/fallas\/","og_site_name":"Ayuntamiento de Aldaia","article_modified_time":"2026-02-25T11:52:31+00:00","og_image":[{"width":200,"height":200,"url":"https:\/\/aldaia.es\/wp-content\/uploads\/2022\/08\/escut-junta-local-fallera.png","type":"image\/png"}],"schema":{"@context":"https:\/\/schema.org","@graph":[{"@type":"WebPage","@id":"https:\/\/aldaia.es\/es\/fiestas\/fallas\/","url":"https:\/\/aldaia.es\/es\/fiestas\/fallas\/","name":"Fallas - Ayuntamiento de Aldaia","isPartOf":{"@id":"https:\/\/aldaia.es\/es\/#website"},"primaryImageOfPage":{"@id":"https:\/\/aldaia.es\/es\/fiestas\/fallas\/#primaryimage"},"image":{"@id":"https:\/\/aldaia.es\/es\/fiestas\/fallas\/#primaryimage"},"thumbnailUrl":"https:\/\/aldaia.es\/wp-content\/uploads\/2022\/08\/escut-junta-local-fallera.png","datePublished":"2022-08-30T08:07:42+00:00","dateModified":"2026-02-25T11:52:31+00:00","description":"Listado de fallas en la localidad de Aldaia. Presidentes, falleros y juntas locales. Informaci\u00f3n del Ayuntamiento de Aldaia.","breadcrumb":{"@id":"https:\/\/aldaia.es\/es\/fiestas\/fallas\/#breadcrumb"},"inLanguage":"es","potentialAction":[{"@type":"ReadAction","target":["https:\/\/aldaia.es\/es\/fiestas\/fallas\/"]}]},{"@type":"ImageObject","inLanguage":"es","@id":"https:\/\/aldaia.es\/es\/fiestas\/fallas\/#primaryimage","url":"https:\/\/aldaia.es\/wp-content\/uploads\/2022\/08\/escut-junta-local-fallera.png","contentUrl":"https:\/\/aldaia.es\/wp-content\/uploads\/2022\/08\/escut-junta-local-fallera.png"},{"@type":"BreadcrumbList","@id":"https:\/\/aldaia.es\/es\/fiestas\/fallas\/#breadcrumb","itemListElement":[{"@type":"ListItem","position":1,"name":"Portada","item":"https:\/\/aldaia.es\/es\/"},{"@type":"ListItem","position":2,"name":"Fiestas","item":"https:\/\/aldaia.es\/es\/fiestas\/"},{"@type":"ListItem","position":3,"name":"Fallas"}]},{"@type":"WebSite","@id":"https:\/\/aldaia.es\/es\/#website","url":"https:\/\/aldaia.es\/es\/","name":"Ajuntament D'Aldaia","description":"","publisher":{"@id":"https:\/\/aldaia.es\/es\/#organization"},"alternateName":"Ajuntament D'Aldaia","potentialAction":[{"@type":"SearchAction","target":{"@type":"EntryPoint","urlTemplate":"https:\/\/aldaia.es\/es\/?s={search_term_string}"},"query-input":{"@type":"PropertyValueSpecification","valueRequired":true,"valueName":"search_term_string"}}],"inLanguage":"es"},{"@type":"Organization","@id":"https:\/\/aldaia.es\/es\/#organization","name":"Ajuntament D'Aldaia","url":"https:\/\/aldaia.es\/es\/","logo":{"@type":"ImageObject","inLanguage":"es","@id":"https:\/\/aldaia.es\/es\/#\/schema\/logo\/image\/","url":"https:\/\/aldaia.es\/wp-content\/uploads\/2022\/06\/aldaia-negro-1.png","contentUrl":"https:\/\/aldaia.es\/wp-content\/uploads\/2022\/06\/aldaia-negro-1.png","width":152,"height":70,"caption":"Ajuntament D'Aldaia"},"image":{"@id":"https:\/\/aldaia.es\/es\/#\/schema\/logo\/image\/"}}]}},"_links":{"self":[{"href":"https:\/\/aldaia.es\/es\/wp-json\/wp\/v2\/pages\/6424","targetHints":{"allow":["GET"]}}],"collection":[{"href":"https:\/\/aldaia.es\/es\/wp-json\/wp\/v2\/pages"}],"about":[{"href":"https:\/\/aldaia.es\/es\/wp-json\/wp\/v2\/types\/page"}],"author":[{"embeddable":true,"href":"https:\/\/aldaia.es\/es\/wp-json\/wp\/v2\/users\/1"}],"replies":[{"embeddable":true,"href":"https:\/\/aldaia.es\/es\/wp-json\/wp\/v2\/comments?post=6424"}],"version-history":[{"count":12,"href":"https:\/\/aldaia.es\/es\/wp-json\/wp\/v2\/pages\/6424\/revisions"}],"predecessor-version":[{"id":40926,"href":"https:\/\/aldaia.es\/es\/wp-json\/wp\/v2\/pages\/6424\/revisions\/40926"}],"up":[{"embeddable":true,"href":"https:\/\/aldaia.es\/es\/wp-json\/wp\/v2\/pages\/6231"}],"wp:attachment":[{"href":"https:\/\/aldaia.es\/es\/wp-json\/wp\/v2\/media?parent=6424"}],"curies":[{"name":"wp","href":"https:\/\/api.w.org\/{rel}","templated":true}]}}