{"id":6435,"date":"2023-01-18T17:16:09","date_gmt":"2023-01-18T16:16:09","guid":{"rendered":"https:\/\/aldaia.eu\/matricula\/"},"modified":"2024-09-10T13:25:37","modified_gmt":"2024-09-10T11:25:37","slug":"matricula","status":"publish","type":"page","link":"https:\/\/aldaia.es\/es\/adl-y-comercio\/formacion\/aula-mentor\/matricula\/","title":{"rendered":"Matr\u00edcula"},"content":{"rendered":"\n<div class=\"wp-block-columns dep-adl is-layout-flex wp-container-core-columns-is-layout-9d6595d7 wp-block-columns-is-layout-flex\">\n<div class=\"wp-block-column is-layout-flow wp-block-column-is-layout-flow\">\n<h1 class=\"wp-block-heading\">Aula Mentor &#8211; Matr\u00edcula<\/h1>\n\n\n\n<p>Analiza la oferta formativa y elige el curso que m\u00e1s te interese.<\/p>\n\n\n\n<p>Rellena el formulario y env\u00edalo al aula v\u00eda <strong>correo electr\u00f3nico<\/strong> : <a href=\"mailto:aldaia@aulamentor.es\">aldaia@aulamentor.es<\/a> , <strong>presencialmente:<\/strong> C\/Ricardo Fuster, s\/no v\u00eda <strong>fax<\/strong> : 96 198 88 16.<\/p>\n\n\n\n<p>Haz el ingreso en la cuenta que indica la administradora. En el documento debe figurar:<\/p>\n\n\n\n<ul class=\"wp-block-list\">\n<li>Ordenante: Nombre y apellido alumno\/a<\/li>\n\n\n\n<li>Concepto: DNI alumno\/a + Mentor<\/li>\n\n\n\n<li>Solicitar dos copias, una para el alumno\/ay otra para entregar en el Aula Mentor.<\/li>\n\n\n\n<li>Presenta el justificante de pago por las v\u00edas anteriormente citadas.<\/li>\n<\/ul>\n\n\n\n<p>Si toda la documentaci\u00f3n es correcta, en breve recibir\u00e1s en tu correo las claves de acceso a la plataforma as\u00ed como el tutor asignado.<\/p>\n\n\n\n<div class=\"wp-block-columns is-layout-flex wp-container-core-columns-is-layout-9d6595d7 wp-block-columns-is-layout-flex\">\n<div class=\"wp-block-column lista_adjuntos is-layout-flow wp-block-column-is-layout-flow\">\n<h2 class=\"wp-block-heading display-4\">Enlaces<\/h2>\n\n\n\n<p><i class=\"fas fa-file-pdf\"><\/i> <a href=\"https:\/\/aldaia.es\/wp-content\/uploads\/2023\/01\/inscripcion_mentor-1-2.doc\" target=\"_blank\" rel=\"noreferrer noopener\">Formulario de matriculaci\u00f3n<\/a><\/p>\n<\/div>\n<\/div>\n<\/div>\n<\/div>\n\n\n\n<p><\/p>\n","protected":false},"excerpt":{"rendered":"<p>Aula Mentor &#8211; Matr\u00edcula Analiza la oferta formativa y elige el curso que m\u00e1s te interese. Rellena el formulario y env\u00edalo al aula v\u00eda correo electr\u00f3nico : aldaia@aulamentor.es , presencialmente: <a class=\"text-decoration-none text-black\" href=\"https:\/\/aldaia.es\/es\/adl-y-comercio\/formacion\/aula-mentor\/matricula\/\"> &#8230; <\/a><\/p>\n","protected":false},"author":42,"featured_media":0,"parent":6440,"menu_order":0,"comment_status":"closed","ping_status":"closed","template":"basic-page-departamentos.php","meta":{"_acf_changed":false,"footnotes":""},"class_list":["post-6435","page","type-page","status-publish","hentry"],"acf":[],"yoast_head":"<!-- This site is optimized with the Yoast SEO plugin v27.0 - https:\/\/yoast.com\/product\/yoast-seo-wordpress\/ -->\n<title>Matr\u00edcula - Ayuntamiento de Aldaia<\/title>\n<meta name=\"description\" content=\"Formulario de inscripci\u00f3n en Aula Mentor\" \/>\n<meta name=\"robots\" content=\"index, follow, max-snippet:-1, max-image-preview:large, max-video-preview:-1\" \/>\n<link rel=\"canonical\" href=\"https:\/\/aldaia.es\/es\/adl-y-comercio\/formacion\/aula-mentor\/matricula\/\" \/>\n<meta property=\"og:locale\" content=\"es_ES\" \/>\n<meta property=\"og:type\" content=\"article\" \/>\n<meta property=\"og:title\" content=\"Matr\u00edcula - Ayuntamiento de Aldaia\" \/>\n<meta property=\"og:description\" content=\"Formulario de inscripci\u00f3n en Aula Mentor\" \/>\n<meta property=\"og:url\" content=\"https:\/\/aldaia.es\/es\/adl-y-comercio\/formacion\/aula-mentor\/matricula\/\" \/>\n<meta property=\"og:site_name\" content=\"Ayuntamiento de Aldaia\" \/>\n<meta property=\"article:modified_time\" content=\"2024-09-10T11:25:37+00:00\" \/>\n<script type=\"application\/ld+json\" class=\"yoast-schema-graph\">{\"@context\":\"https:\/\/schema.org\",\"@graph\":[{\"@type\":\"WebPage\",\"@id\":\"https:\/\/aldaia.es\/es\/adl-y-comercio\/formacion\/aula-mentor\/matricula\/\",\"url\":\"https:\/\/aldaia.es\/es\/adl-y-comercio\/formacion\/aula-mentor\/matricula\/\",\"name\":\"Matr\u00edcula - Ayuntamiento de Aldaia\",\"isPartOf\":{\"@id\":\"https:\/\/aldaia.es\/es\/#website\"},\"datePublished\":\"2023-01-18T16:16:09+00:00\",\"dateModified\":\"2024-09-10T11:25:37+00:00\",\"description\":\"Formulario de inscripci\u00f3n en Aula Mentor\",\"breadcrumb\":{\"@id\":\"https:\/\/aldaia.es\/es\/adl-y-comercio\/formacion\/aula-mentor\/matricula\/#breadcrumb\"},\"inLanguage\":\"es\",\"potentialAction\":[{\"@type\":\"ReadAction\",\"target\":[\"https:\/\/aldaia.es\/es\/adl-y-comercio\/formacion\/aula-mentor\/matricula\/\"]}]},{\"@type\":\"BreadcrumbList\",\"@id\":\"https:\/\/aldaia.es\/es\/adl-y-comercio\/formacion\/aula-mentor\/matricula\/#breadcrumb\",\"itemListElement\":[{\"@type\":\"ListItem\",\"position\":1,\"name\":\"Portada\",\"item\":\"https:\/\/aldaia.es\/es\/\"},{\"@type\":\"ListItem\",\"position\":2,\"name\":\"ADL y Comercio\",\"item\":\"https:\/\/aldaia.es\/es\/adl-y-comercio\/\"},{\"@type\":\"ListItem\",\"position\":3,\"name\":\"Formaci\u00f3n\",\"item\":\"https:\/\/aldaia.es\/es\/adl-y-comercio\/formacion\/\"},{\"@type\":\"ListItem\",\"position\":4,\"name\":\"Aula Mentor\",\"item\":\"https:\/\/aldaia.es\/es\/adl-y-comercio\/formacion\/aula-mentor\/\"},{\"@type\":\"ListItem\",\"position\":5,\"name\":\"Matr\u00edcula\"}]},{\"@type\":\"WebSite\",\"@id\":\"https:\/\/aldaia.es\/es\/#website\",\"url\":\"https:\/\/aldaia.es\/es\/\",\"name\":\"Ajuntament D'Aldaia\",\"description\":\"\",\"publisher\":{\"@id\":\"https:\/\/aldaia.es\/es\/#organization\"},\"alternateName\":\"Ajuntament D'Aldaia\",\"potentialAction\":[{\"@type\":\"SearchAction\",\"target\":{\"@type\":\"EntryPoint\",\"urlTemplate\":\"https:\/\/aldaia.es\/es\/?s={search_term_string}\"},\"query-input\":{\"@type\":\"PropertyValueSpecification\",\"valueRequired\":true,\"valueName\":\"search_term_string\"}}],\"inLanguage\":\"es\"},{\"@type\":\"Organization\",\"@id\":\"https:\/\/aldaia.es\/es\/#organization\",\"name\":\"Ajuntament D'Aldaia\",\"url\":\"https:\/\/aldaia.es\/es\/\",\"logo\":{\"@type\":\"ImageObject\",\"inLanguage\":\"es\",\"@id\":\"https:\/\/aldaia.es\/es\/#\/schema\/logo\/image\/\",\"url\":\"https:\/\/aldaia.es\/wp-content\/uploads\/2022\/06\/aldaia-negro-1.png\",\"contentUrl\":\"https:\/\/aldaia.es\/wp-content\/uploads\/2022\/06\/aldaia-negro-1.png\",\"width\":152,\"height\":70,\"caption\":\"Ajuntament D'Aldaia\"},\"image\":{\"@id\":\"https:\/\/aldaia.es\/es\/#\/schema\/logo\/image\/\"}}]}<\/script>\n<!-- \/ Yoast SEO plugin. -->","yoast_head_json":{"title":"Matr\u00edcula - Ayuntamiento de Aldaia","description":"Formulario de inscripci\u00f3n en Aula Mentor","robots":{"index":"index","follow":"follow","max-snippet":"max-snippet:-1","max-image-preview":"max-image-preview:large","max-video-preview":"max-video-preview:-1"},"canonical":"https:\/\/aldaia.es\/es\/adl-y-comercio\/formacion\/aula-mentor\/matricula\/","og_locale":"es_ES","og_type":"article","og_title":"Matr\u00edcula - Ayuntamiento de Aldaia","og_description":"Formulario de inscripci\u00f3n en Aula Mentor","og_url":"https:\/\/aldaia.es\/es\/adl-y-comercio\/formacion\/aula-mentor\/matricula\/","og_site_name":"Ayuntamiento de Aldaia","article_modified_time":"2024-09-10T11:25:37+00:00","schema":{"@context":"https:\/\/schema.org","@graph":[{"@type":"WebPage","@id":"https:\/\/aldaia.es\/es\/adl-y-comercio\/formacion\/aula-mentor\/matricula\/","url":"https:\/\/aldaia.es\/es\/adl-y-comercio\/formacion\/aula-mentor\/matricula\/","name":"Matr\u00edcula - Ayuntamiento de Aldaia","isPartOf":{"@id":"https:\/\/aldaia.es\/es\/#website"},"datePublished":"2023-01-18T16:16:09+00:00","dateModified":"2024-09-10T11:25:37+00:00","description":"Formulario de inscripci\u00f3n en Aula Mentor","breadcrumb":{"@id":"https:\/\/aldaia.es\/es\/adl-y-comercio\/formacion\/aula-mentor\/matricula\/#breadcrumb"},"inLanguage":"es","potentialAction":[{"@type":"ReadAction","target":["https:\/\/aldaia.es\/es\/adl-y-comercio\/formacion\/aula-mentor\/matricula\/"]}]},{"@type":"BreadcrumbList","@id":"https:\/\/aldaia.es\/es\/adl-y-comercio\/formacion\/aula-mentor\/matricula\/#breadcrumb","itemListElement":[{"@type":"ListItem","position":1,"name":"Portada","item":"https:\/\/aldaia.es\/es\/"},{"@type":"ListItem","position":2,"name":"ADL y Comercio","item":"https:\/\/aldaia.es\/es\/adl-y-comercio\/"},{"@type":"ListItem","position":3,"name":"Formaci\u00f3n","item":"https:\/\/aldaia.es\/es\/adl-y-comercio\/formacion\/"},{"@type":"ListItem","position":4,"name":"Aula Mentor","item":"https:\/\/aldaia.es\/es\/adl-y-comercio\/formacion\/aula-mentor\/"},{"@type":"ListItem","position":5,"name":"Matr\u00edcula"}]},{"@type":"WebSite","@id":"https:\/\/aldaia.es\/es\/#website","url":"https:\/\/aldaia.es\/es\/","name":"Ajuntament D'Aldaia","description":"","publisher":{"@id":"https:\/\/aldaia.es\/es\/#organization"},"alternateName":"Ajuntament D'Aldaia","potentialAction":[{"@type":"SearchAction","target":{"@type":"EntryPoint","urlTemplate":"https:\/\/aldaia.es\/es\/?s={search_term_string}"},"query-input":{"@type":"PropertyValueSpecification","valueRequired":true,"valueName":"search_term_string"}}],"inLanguage":"es"},{"@type":"Organization","@id":"https:\/\/aldaia.es\/es\/#organization","name":"Ajuntament D'Aldaia","url":"https:\/\/aldaia.es\/es\/","logo":{"@type":"ImageObject","inLanguage":"es","@id":"https:\/\/aldaia.es\/es\/#\/schema\/logo\/image\/","url":"https:\/\/aldaia.es\/wp-content\/uploads\/2022\/06\/aldaia-negro-1.png","contentUrl":"https:\/\/aldaia.es\/wp-content\/uploads\/2022\/06\/aldaia-negro-1.png","width":152,"height":70,"caption":"Ajuntament D'Aldaia"},"image":{"@id":"https:\/\/aldaia.es\/es\/#\/schema\/logo\/image\/"}}]}},"_links":{"self":[{"href":"https:\/\/aldaia.es\/es\/wp-json\/wp\/v2\/pages\/6435","targetHints":{"allow":["GET"]}}],"collection":[{"href":"https:\/\/aldaia.es\/es\/wp-json\/wp\/v2\/pages"}],"about":[{"href":"https:\/\/aldaia.es\/es\/wp-json\/wp\/v2\/types\/page"}],"author":[{"embeddable":true,"href":"https:\/\/aldaia.es\/es\/wp-json\/wp\/v2\/users\/42"}],"replies":[{"embeddable":true,"href":"https:\/\/aldaia.es\/es\/wp-json\/wp\/v2\/comments?post=6435"}],"version-history":[{"count":3,"href":"https:\/\/aldaia.es\/es\/wp-json\/wp\/v2\/pages\/6435\/revisions"}],"predecessor-version":[{"id":31185,"href":"https:\/\/aldaia.es\/es\/wp-json\/wp\/v2\/pages\/6435\/revisions\/31185"}],"up":[{"embeddable":true,"href":"https:\/\/aldaia.es\/es\/wp-json\/wp\/v2\/pages\/6440"}],"wp:attachment":[{"href":"https:\/\/aldaia.es\/es\/wp-json\/wp\/v2\/media?parent=6435"}],"curies":[{"name":"wp","href":"https:\/\/api.w.org\/{rel}","templated":true}]}}