{"id":6436,"date":"2022-08-30T11:13:01","date_gmt":"2022-08-30T09:13:01","guid":{"rendered":"https:\/\/aldaia.eu\/fiestas-en-el-barrio-de-cristo\/"},"modified":"2024-10-08T17:26:59","modified_gmt":"2024-10-08T15:26:59","slug":"fiestas-en-el-barrio-de-cristo","status":"publish","type":"page","link":"https:\/\/aldaia.es\/es\/fiestas\/fiestas-en-el-barrio-de-cristo\/","title":{"rendered":"Fiestas en el Barrio de Cristo"},"content":{"rendered":"\n<div class=\"wp-block-columns dep-fiestas is-layout-flex wp-container-core-columns-is-layout-9d6595d7 wp-block-columns-is-layout-flex\">\n<div class=\"wp-block-column is-layout-flow wp-block-column-is-layout-flow\" style=\"flex-basis:30%\"><!--  Info fiestas -->\n\n \n\n<div class='bloque-infos-fiestas wrapper-departamentos'>\n<p class=\"tit-bloque-infos\">\u00c1rea de Fiestas <\/p>\n        <div class='infos-departamento'>\n            <p>Plaza Constituci\u00f3n, 10, 46960 Aldaia Valencia<\/p>\n            <p><i class=\"fa fa-phone\" aria-hidden=\"true\"><\/i> <a href=\"tel:+34961510693\">+34 96 151 06 93<\/a><\/p>\n            <p><i class=\"fas fa-envelope\"><\/i> <a href=\"mailto:ajuntamentaldaia@ajuntamentaldaia.org\">ajuntamentaldaia@ajuntamentaldaia.org<\/a><\/p>\n            <p><a href=\"https:\/\/www.facebook.com\/ajuntamentaldaia\" target=\"_blank\" rel=\"noreferrer noopener\"><i class=\"fab fa-facebook\"><\/i><\/a> &nbsp;&nbsp; <a href=\"https:\/\/www.instagram.com\/tamaldaia\/?hl=es\" target=\"_blank\" rel=\"noreferrer noopener\"><i class=\"fab fa-square-instagram\"><\/i><\/a>  &nbsp;&nbsp;  <a href=\"https:\/\/www.youtube.com\/@ajuntamentdaldaia8046\" target=\"_blank\" rel=\"noreferrer noopener\"><i class=\"fab fa-youtube\"><\/i><\/a> <\/p>\n        <\/div>\n\n        <div class='mapa-1'>\n        <iframe src=\"https:\/\/www.google.com\/maps\/embed?pb=!1m18!1m12!1m3!1d622.7679968418242!2d-0.4608059177881311!3d39.465164288659615!2m3!1f0!2f0!3f0!3m2!1i1024!2i768!4f13.1!3m3!1m2!1s0xd6051b0ac582aed%3A0xd3a2ed9d1d945ab0!2sAyuntamiento%20de%20Aldaya!5e0!3m2!1ses!2sus!4v1725979182758!5m2!1ses!2sus\" width=\"100%\" height=\"450\" style=\"border:0;\" allowfullscreen=\"\" loading=\"lazy\" referrerpolicy=\"no-referrer-when-downgrade\"><\/iframe>\n        <\/div>\n\n    <\/div>\n    <!-- end bloque infos -->\n   \n\n    \n\n\n<\/div>\n\n\n\n<div class=\"wp-block-column is-layout-flow wp-block-column-is-layout-flow\" style=\"flex-basis:66.66%\">\n<h1 class=\"wp-block-heading\">Fiestas en el Barrio de Cristo<\/h1>\n\n\n\n<p>Las tradicionales Fiestas Populares del Barrio de Cristo se realizan a finales del mes de agosto, y principios de septiembre, ofreciendo un amplio abanico de actividades dirigidas a toda la poblaci\u00f3n. La variedad de actividades que se realizan durante toda la semana las convierten en unas fiestas para todos los vecinos y vecinas, para todo tipo de edades y gustos. La Mancomunidad del Barrio de Cristo, en colaboraci\u00f3n con la Comisi\u00f3n de Fiestas y otras asociaciones del barrio, elabora la programaci\u00f3n de festejos realizando actos tan significativos como los que pasamos a enumerar:<\/p>\n\n\n\n<ul class=\"wp-block-list\">\n<li>Presentaci\u00f3n de la Reina y Corte de Honor de las Fiestas,<\/li>\n\n\n\n<li>Disco-m\u00f3viles, espect\u00e1culos musicales y conciertos,<\/li>\n\n\n\n<li>Campeonatos y juegos de mesa,<\/li>\n\n\n\n<li>Concurso calles engalanadas,<\/li>\n\n\n\n<li>Concurso de paellas,<\/li>\n\n\n\n<li>Correfuegos,<\/li>\n\n\n\n<li>La tradicional Holly-Barri,<\/li>\n\n\n\n<li>Actuaciones grupos de baile de las Asociaciones,<\/li>\n\n\n\n<li>Talleres, actividades y fiestas para ni\u00f1os\/as,<\/li>\n\n\n\n<li>Procesiones y ofrendas,<\/li>\n\n\n\n<li>Torneos deportivos,<\/li>\n\n\n\n<li>Cenas populares,<\/li>\n\n\n\n<li>Verbenas<\/li>\n\n\n\n<li>Una gran cabalgata de Fiestas<\/li>\n\n\n\n<li>Gran masclet\u00e1 y castillo de fuegos artificiales en el \u00faltimo d\u00eda.<\/li>\n<\/ul>\n<\/div>\n<\/div>\n\n\n\n<div style=\"height:100px\" aria-hidden=\"true\" class=\"wp-block-spacer\"><\/div>\n","protected":false},"excerpt":{"rendered":"<p>Fiestas en el Barrio de Cristo Las tradicionales Fiestas Populares del Barrio de Cristo se realizan a finales del mes de agosto, y principios de septiembre, ofreciendo un amplio abanico <a class=\"text-decoration-none text-black\" href=\"https:\/\/aldaia.es\/es\/fiestas\/fiestas-en-el-barrio-de-cristo\/\"> &#8230; <\/a><\/p>\n","protected":false},"author":1,"featured_media":0,"parent":6231,"menu_order":0,"comment_status":"closed","ping_status":"closed","template":"basic-page-departamentos.php","meta":{"_acf_changed":false,"footnotes":""},"class_list":["post-6436","page","type-page","status-publish","hentry"],"acf":[],"yoast_head":"<!-- This site is optimized with the Yoast SEO plugin v27.0 - https:\/\/yoast.com\/product\/yoast-seo-wordpress\/ -->\n<title>Fiestas en el Barrio de Cristo - Ayuntamiento de Aldaia<\/title>\n<meta name=\"description\" content=\"Las Fiestas Populares del Barrio de Cristo se realizan a finales del mes de agosto, y principios de septiembre dirigidas a toda la poblaci\u00f3n.\" \/>\n<meta name=\"robots\" content=\"index, follow, max-snippet:-1, max-image-preview:large, max-video-preview:-1\" \/>\n<link rel=\"canonical\" href=\"https:\/\/aldaia.es\/es\/fiestas\/fiestas-en-el-barrio-de-cristo\/\" \/>\n<meta property=\"og:locale\" content=\"es_ES\" \/>\n<meta property=\"og:type\" content=\"article\" \/>\n<meta property=\"og:title\" content=\"Fiestas en el Barrio de Cristo - Ayuntamiento de Aldaia\" \/>\n<meta property=\"og:description\" content=\"Las Fiestas Populares del Barrio de Cristo se realizan a finales del mes de agosto, y principios de septiembre dirigidas a toda la poblaci\u00f3n.\" \/>\n<meta property=\"og:url\" content=\"https:\/\/aldaia.es\/es\/fiestas\/fiestas-en-el-barrio-de-cristo\/\" \/>\n<meta property=\"og:site_name\" content=\"Ayuntamiento de Aldaia\" \/>\n<meta property=\"article:modified_time\" content=\"2024-10-08T15:26:59+00:00\" \/>\n<script type=\"application\/ld+json\" class=\"yoast-schema-graph\">{\"@context\":\"https:\/\/schema.org\",\"@graph\":[{\"@type\":\"WebPage\",\"@id\":\"https:\/\/aldaia.es\/es\/fiestas\/fiestas-en-el-barrio-de-cristo\/\",\"url\":\"https:\/\/aldaia.es\/es\/fiestas\/fiestas-en-el-barrio-de-cristo\/\",\"name\":\"Fiestas en el Barrio de Cristo - Ayuntamiento de Aldaia\",\"isPartOf\":{\"@id\":\"https:\/\/aldaia.es\/es\/#website\"},\"datePublished\":\"2022-08-30T09:13:01+00:00\",\"dateModified\":\"2024-10-08T15:26:59+00:00\",\"description\":\"Las Fiestas Populares del Barrio de Cristo se realizan a finales del mes de agosto, y principios de septiembre dirigidas a toda la poblaci\u00f3n.\",\"breadcrumb\":{\"@id\":\"https:\/\/aldaia.es\/es\/fiestas\/fiestas-en-el-barrio-de-cristo\/#breadcrumb\"},\"inLanguage\":\"es\",\"potentialAction\":[{\"@type\":\"ReadAction\",\"target\":[\"https:\/\/aldaia.es\/es\/fiestas\/fiestas-en-el-barrio-de-cristo\/\"]}]},{\"@type\":\"BreadcrumbList\",\"@id\":\"https:\/\/aldaia.es\/es\/fiestas\/fiestas-en-el-barrio-de-cristo\/#breadcrumb\",\"itemListElement\":[{\"@type\":\"ListItem\",\"position\":1,\"name\":\"Portada\",\"item\":\"https:\/\/aldaia.es\/es\/\"},{\"@type\":\"ListItem\",\"position\":2,\"name\":\"Fiestas\",\"item\":\"https:\/\/aldaia.es\/es\/fiestas\/\"},{\"@type\":\"ListItem\",\"position\":3,\"name\":\"Fiestas en el Barrio de Cristo\"}]},{\"@type\":\"WebSite\",\"@id\":\"https:\/\/aldaia.es\/es\/#website\",\"url\":\"https:\/\/aldaia.es\/es\/\",\"name\":\"Ajuntament D'Aldaia\",\"description\":\"\",\"publisher\":{\"@id\":\"https:\/\/aldaia.es\/es\/#organization\"},\"alternateName\":\"Ajuntament D'Aldaia\",\"potentialAction\":[{\"@type\":\"SearchAction\",\"target\":{\"@type\":\"EntryPoint\",\"urlTemplate\":\"https:\/\/aldaia.es\/es\/?s={search_term_string}\"},\"query-input\":{\"@type\":\"PropertyValueSpecification\",\"valueRequired\":true,\"valueName\":\"search_term_string\"}}],\"inLanguage\":\"es\"},{\"@type\":\"Organization\",\"@id\":\"https:\/\/aldaia.es\/es\/#organization\",\"name\":\"Ajuntament D'Aldaia\",\"url\":\"https:\/\/aldaia.es\/es\/\",\"logo\":{\"@type\":\"ImageObject\",\"inLanguage\":\"es\",\"@id\":\"https:\/\/aldaia.es\/es\/#\/schema\/logo\/image\/\",\"url\":\"https:\/\/aldaia.es\/wp-content\/uploads\/2022\/06\/aldaia-negro-1.png\",\"contentUrl\":\"https:\/\/aldaia.es\/wp-content\/uploads\/2022\/06\/aldaia-negro-1.png\",\"width\":152,\"height\":70,\"caption\":\"Ajuntament D'Aldaia\"},\"image\":{\"@id\":\"https:\/\/aldaia.es\/es\/#\/schema\/logo\/image\/\"}}]}<\/script>\n<!-- \/ Yoast SEO plugin. -->","yoast_head_json":{"title":"Fiestas en el Barrio de Cristo - Ayuntamiento de Aldaia","description":"Las Fiestas Populares del Barrio de Cristo se realizan a finales del mes de agosto, y principios de septiembre dirigidas a toda la poblaci\u00f3n.","robots":{"index":"index","follow":"follow","max-snippet":"max-snippet:-1","max-image-preview":"max-image-preview:large","max-video-preview":"max-video-preview:-1"},"canonical":"https:\/\/aldaia.es\/es\/fiestas\/fiestas-en-el-barrio-de-cristo\/","og_locale":"es_ES","og_type":"article","og_title":"Fiestas en el Barrio de Cristo - Ayuntamiento de Aldaia","og_description":"Las Fiestas Populares del Barrio de Cristo se realizan a finales del mes de agosto, y principios de septiembre dirigidas a toda la poblaci\u00f3n.","og_url":"https:\/\/aldaia.es\/es\/fiestas\/fiestas-en-el-barrio-de-cristo\/","og_site_name":"Ayuntamiento de Aldaia","article_modified_time":"2024-10-08T15:26:59+00:00","schema":{"@context":"https:\/\/schema.org","@graph":[{"@type":"WebPage","@id":"https:\/\/aldaia.es\/es\/fiestas\/fiestas-en-el-barrio-de-cristo\/","url":"https:\/\/aldaia.es\/es\/fiestas\/fiestas-en-el-barrio-de-cristo\/","name":"Fiestas en el Barrio de Cristo - Ayuntamiento de Aldaia","isPartOf":{"@id":"https:\/\/aldaia.es\/es\/#website"},"datePublished":"2022-08-30T09:13:01+00:00","dateModified":"2024-10-08T15:26:59+00:00","description":"Las Fiestas Populares del Barrio de Cristo se realizan a finales del mes de agosto, y principios de septiembre dirigidas a toda la poblaci\u00f3n.","breadcrumb":{"@id":"https:\/\/aldaia.es\/es\/fiestas\/fiestas-en-el-barrio-de-cristo\/#breadcrumb"},"inLanguage":"es","potentialAction":[{"@type":"ReadAction","target":["https:\/\/aldaia.es\/es\/fiestas\/fiestas-en-el-barrio-de-cristo\/"]}]},{"@type":"BreadcrumbList","@id":"https:\/\/aldaia.es\/es\/fiestas\/fiestas-en-el-barrio-de-cristo\/#breadcrumb","itemListElement":[{"@type":"ListItem","position":1,"name":"Portada","item":"https:\/\/aldaia.es\/es\/"},{"@type":"ListItem","position":2,"name":"Fiestas","item":"https:\/\/aldaia.es\/es\/fiestas\/"},{"@type":"ListItem","position":3,"name":"Fiestas en el Barrio de Cristo"}]},{"@type":"WebSite","@id":"https:\/\/aldaia.es\/es\/#website","url":"https:\/\/aldaia.es\/es\/","name":"Ajuntament D'Aldaia","description":"","publisher":{"@id":"https:\/\/aldaia.es\/es\/#organization"},"alternateName":"Ajuntament D'Aldaia","potentialAction":[{"@type":"SearchAction","target":{"@type":"EntryPoint","urlTemplate":"https:\/\/aldaia.es\/es\/?s={search_term_string}"},"query-input":{"@type":"PropertyValueSpecification","valueRequired":true,"valueName":"search_term_string"}}],"inLanguage":"es"},{"@type":"Organization","@id":"https:\/\/aldaia.es\/es\/#organization","name":"Ajuntament D'Aldaia","url":"https:\/\/aldaia.es\/es\/","logo":{"@type":"ImageObject","inLanguage":"es","@id":"https:\/\/aldaia.es\/es\/#\/schema\/logo\/image\/","url":"https:\/\/aldaia.es\/wp-content\/uploads\/2022\/06\/aldaia-negro-1.png","contentUrl":"https:\/\/aldaia.es\/wp-content\/uploads\/2022\/06\/aldaia-negro-1.png","width":152,"height":70,"caption":"Ajuntament D'Aldaia"},"image":{"@id":"https:\/\/aldaia.es\/es\/#\/schema\/logo\/image\/"}}]}},"_links":{"self":[{"href":"https:\/\/aldaia.es\/es\/wp-json\/wp\/v2\/pages\/6436","targetHints":{"allow":["GET"]}}],"collection":[{"href":"https:\/\/aldaia.es\/es\/wp-json\/wp\/v2\/pages"}],"about":[{"href":"https:\/\/aldaia.es\/es\/wp-json\/wp\/v2\/types\/page"}],"author":[{"embeddable":true,"href":"https:\/\/aldaia.es\/es\/wp-json\/wp\/v2\/users\/1"}],"replies":[{"embeddable":true,"href":"https:\/\/aldaia.es\/es\/wp-json\/wp\/v2\/comments?post=6436"}],"version-history":[{"count":5,"href":"https:\/\/aldaia.es\/es\/wp-json\/wp\/v2\/pages\/6436\/revisions"}],"predecessor-version":[{"id":33593,"href":"https:\/\/aldaia.es\/es\/wp-json\/wp\/v2\/pages\/6436\/revisions\/33593"}],"up":[{"embeddable":true,"href":"https:\/\/aldaia.es\/es\/wp-json\/wp\/v2\/pages\/6231"}],"wp:attachment":[{"href":"https:\/\/aldaia.es\/es\/wp-json\/wp\/v2\/media?parent=6436"}],"curies":[{"name":"wp","href":"https:\/\/api.w.org\/{rel}","templated":true}]}}