{"id":6440,"date":"2023-01-18T17:13:17","date_gmt":"2023-01-18T16:13:17","guid":{"rendered":"https:\/\/aldaia.eu\/aula-mentor\/"},"modified":"2026-04-07T13:18:08","modified_gmt":"2026-04-07T11:18:08","slug":"aula-mentor","status":"publish","type":"page","link":"https:\/\/aldaia.es\/es\/adl-y-comercio\/formacion\/aula-mentor\/","title":{"rendered":"Aula Mentor"},"content":{"rendered":"\n<div class=\"wp-block-columns dep-adl is-layout-flex wp-container-core-columns-is-layout-9d6595d7 wp-block-columns-is-layout-flex\">\n<div class=\"wp-block-column is-layout-flow wp-block-column-is-layout-flow\">\n<h1 class=\"wp-block-heading\">Aula Mentor<\/h1>\n\n\n\n<p>Aula Mentor es una iniciativa de formaci\u00f3n a distancia a trav\u00e9s de internet para personas adultas.<br>Est\u00e1 promovida por el Ministerio de Educaci\u00f3n, Formaci\u00f3n Profesional y Deportes con el Ayuntamiento de Aldaia a trav\u00e9s de un convenio de colaboraci\u00f3n.<\/p>\n\n\n\n<h3 class=\"wp-block-heading\"><strong>Objetivos<\/strong><\/h3>\n\n\n\n<p>Los objetivos de Aula Mentor se centran en proporcionar una alternativa en materia de formaci\u00f3n a la poblaci\u00f3n adulta que desee ampliar sus competencias personales y profesionales.<\/p>\n\n\n\n<h3 class=\"wp-block-heading\"><strong>Destinatarios\/as<\/strong><\/h3>\n\n\n\n<p>Los destinatarios son personas que no tienen oportunidad de asistir a la oferta presencial y cuyo ritmo de aprendizaje y\/o dedicaci\u00f3n requiere un sistema totalmente flexible no sujeto ni a horarios ni a plazos de ning\u00fan tipo.<\/p>\n\n\n\n<h3 class=\"wp-block-heading\"><strong>Caracter\u00edsticas principales<\/strong><\/h3>\n\n\n\n<ul class=\"wp-block-list\">\n<li>A trav\u00e9s de Internet.<\/li>\n\n\n\n<li>Soporte tutorial personalizado online.<\/li>\n\n\n\n<li>Aulas f\u00edsicas de referencia y soporte. En Aldaia est\u00e1n ubicadas en la calle Ricardo Fuster s\/n, frente a la piscina.<\/li>\n\n\n\n<li>Matr\u00edcula abierta todo el a\u00f1o (excepto el mes de agosto).<\/li>\n\n\n\n<li>Orientadores educativos en las aulas.<\/li>\n\n\n\n<li>Gran variedad de \u00e1reas formativas en constante actualizaci\u00f3n (m\u00e1s de 140 cursos).<\/li>\n\n\n\n<li>Formaci\u00f3n abierta.<\/li>\n\n\n\n<li>Flexible (no sujeta a horarios).<\/li>\n\n\n\n<li>A distancia.<\/li>\n\n\n\n<li>Examen presencial final en el aula del Ayuntamiento de Aldaia (se garantiza la identidad del alumno\/a que realiza la prueba).<\/li>\n<\/ul>\n\n\n\n<h3 class=\"wp-block-heading\"><strong>Certificaci\u00f3n<\/strong><\/h3>\n\n\n\n<p>Certificado de aprovechamiento expedido por el Ministerio de Educaci\u00f3n. NO sustituye en ning\u00fan caso a la ense\u00f1anza reglada y NO conduce a ning\u00fan t\u00edtulo oficial. La validez y reconocimiento de los certificados emitidos por Aula Mentor es responsabilidad de la instituci\u00f3n u organismo donde se pueda presentar como m\u00e9rito.<\/p>\n\n\n\n<p>Aula Mentor no es un sistema gratuito de formaci\u00f3n, pero su reducido coste lo hace accesible a la mayor parte de la poblaci\u00f3n.<\/p>\n\n\n\n<h3 class=\"wp-block-heading\"><strong>Precio por curso<\/strong><\/h3>\n\n\n\n<p><strong>48\u20ac.<\/strong>&nbsp;<\/p>\n\n\n\n<p>Permite acceso a la plataforma durante 60 d\u00edas.<\/p>\n<\/div>\n<\/div>\n\n\n\n<div class=\"wp-block-columns is-layout-flex wp-container-core-columns-is-layout-9d6595d7 wp-block-columns-is-layout-flex\">\n<div class=\"wp-block-column lista_adjuntos is-layout-flow wp-block-column-is-layout-flow\">\n<h2 class=\"wp-block-heading display-4\">Enlaces<\/h2>\n\n\n\n<p><i class=\"fas fa-link\"><\/i> <a href=\"https:\/\/www.aulamentor.es\/\" target=\"_blank\" rel=\"noreferrer noopener\">Acceso a la Plataforma Aula Mentor<\/a><\/p>\n\n\n\n<p><i class=\"fas fa-file-pdf\"><\/i> <a href=\"https:\/\/aldaia.es\/wp-content\/uploads\/2025\/10\/Cursos-gratuitos-de-Aula-Mentor-publicar.pdf\"><a href=\"https:\/\/aldaia.es\/wp-content\/uploads\/2026\/04\/Informacion-y-listado-cursos-disponibles.pdf\">Cursos gratuitos de Aula Mentor abril 2026<\/a><\/a><\/p>\n\n\n\n<p><i class=\"fas fa-file-pdf\"><\/i> <a href=\"https:\/\/aldaia.es\/wp-content\/uploads\/2025\/08\/Cursos-Cisco-1.png\">Cursos CISCO<\/a><\/p>\n\n\n\n<p><i class=\"fas fa-file-pdf\"><\/i> <a href=\"https:\/\/aldaia.es\/adl-i-comerc\/formacio\/aula-mentor\/matricula\/\">Matr\u00edcula<\/a><\/p>\n\n\n\n<p><i class=\"fas fa-file-pdf\"><\/i> <a href=\"https:\/\/aldaia.es\/wp-content\/uploads\/2026\/02\/Folleto-Informativo-Aula-Mentor-castellano-feb-2026.pdf\">Oferta Formativa<\/a><\/p>\n\n\n\n<p><i class=\"fas fa-link\"><\/i> <a href=\"https:\/\/aulamentor.es\/modelo-formativo\/#itinerarios-formativos\">\u00bfQu\u00e9 son los Itinerarios Formativos?<\/a><\/p>\n\n\n\n<p><i class=\"fas fa-file-pdf\"><\/i> <a href=\"https:\/\/aldaia.es\/wp-content\/uploads\/2026\/02\/Calendario-examenes-2026.pdf\">Calendario de Ex\u00e1menes<\/a><\/p>\n\n\n\n<p><i class=\"fas fa-link\"><\/i> <a href=\"https:\/\/aldaia.eu\/formacio\/aula-mentor\/preguntes-frequents\/\">Preguntas Frecuentes<\/a><\/p>\n<\/div>\n<\/div>\n","protected":false},"excerpt":{"rendered":"<p>Aula Mentor Aula Mentor es una iniciativa de formaci\u00f3n a distancia a trav\u00e9s de internet para personas adultas.Est\u00e1 promovida por el Ministerio de Educaci\u00f3n, Formaci\u00f3n Profesional y Deportes con el <a class=\"text-decoration-none text-black\" href=\"https:\/\/aldaia.es\/es\/adl-y-comercio\/formacion\/aula-mentor\/\"> &#8230; <\/a><\/p>\n","protected":false},"author":2,"featured_media":0,"parent":6442,"menu_order":0,"comment_status":"closed","ping_status":"closed","template":"basic-page-departamentos.php","meta":{"_acf_changed":false,"footnotes":""},"class_list":["post-6440","page","type-page","status-publish","hentry"],"acf":[],"yoast_head":"<!-- This site is optimized with the Yoast SEO plugin v27.0 - https:\/\/yoast.com\/product\/yoast-seo-wordpress\/ -->\n<title>Aula Mentor - Ayuntamiento de Aldaia<\/title>\n<meta name=\"robots\" content=\"index, follow, max-snippet:-1, max-image-preview:large, max-video-preview:-1\" \/>\n<link rel=\"canonical\" href=\"https:\/\/aldaia.es\/es\/adl-y-comercio\/formacion\/aula-mentor\/\" \/>\n<meta property=\"og:locale\" content=\"es_ES\" \/>\n<meta property=\"og:type\" content=\"article\" \/>\n<meta property=\"og:title\" content=\"Aula Mentor - Ayuntamiento de Aldaia\" \/>\n<meta property=\"og:description\" content=\"Aula Mentor Aula Mentor es una iniciativa de formaci\u00f3n a distancia a trav\u00e9s de internet para personas adultas.Est\u00e1 promovida por el Ministerio de Educaci\u00f3n, Formaci\u00f3n Profesional y Deportes con el ...\" \/>\n<meta property=\"og:url\" content=\"https:\/\/aldaia.es\/es\/adl-y-comercio\/formacion\/aula-mentor\/\" \/>\n<meta property=\"og:site_name\" content=\"Ayuntamiento de Aldaia\" \/>\n<meta property=\"article:modified_time\" content=\"2026-04-07T11:18:08+00:00\" \/>\n<script type=\"application\/ld+json\" class=\"yoast-schema-graph\">{\"@context\":\"https:\/\/schema.org\",\"@graph\":[{\"@type\":\"WebPage\",\"@id\":\"https:\/\/aldaia.es\/es\/adl-y-comercio\/formacion\/aula-mentor\/\",\"url\":\"https:\/\/aldaia.es\/es\/adl-y-comercio\/formacion\/aula-mentor\/\",\"name\":\"Aula Mentor - Ayuntamiento de Aldaia\",\"isPartOf\":{\"@id\":\"https:\/\/aldaia.es\/es\/#website\"},\"datePublished\":\"2023-01-18T16:13:17+00:00\",\"dateModified\":\"2026-04-07T11:18:08+00:00\",\"breadcrumb\":{\"@id\":\"https:\/\/aldaia.es\/es\/adl-y-comercio\/formacion\/aula-mentor\/#breadcrumb\"},\"inLanguage\":\"es\",\"potentialAction\":[{\"@type\":\"ReadAction\",\"target\":[\"https:\/\/aldaia.es\/es\/adl-y-comercio\/formacion\/aula-mentor\/\"]}]},{\"@type\":\"BreadcrumbList\",\"@id\":\"https:\/\/aldaia.es\/es\/adl-y-comercio\/formacion\/aula-mentor\/#breadcrumb\",\"itemListElement\":[{\"@type\":\"ListItem\",\"position\":1,\"name\":\"Portada\",\"item\":\"https:\/\/aldaia.es\/es\/\"},{\"@type\":\"ListItem\",\"position\":2,\"name\":\"ADL y Comercio\",\"item\":\"https:\/\/aldaia.es\/es\/adl-y-comercio\/\"},{\"@type\":\"ListItem\",\"position\":3,\"name\":\"Formaci\u00f3n\",\"item\":\"https:\/\/aldaia.es\/es\/adl-y-comercio\/formacion\/\"},{\"@type\":\"ListItem\",\"position\":4,\"name\":\"Aula Mentor\"}]},{\"@type\":\"WebSite\",\"@id\":\"https:\/\/aldaia.es\/es\/#website\",\"url\":\"https:\/\/aldaia.es\/es\/\",\"name\":\"Ajuntament D'Aldaia\",\"description\":\"\",\"publisher\":{\"@id\":\"https:\/\/aldaia.es\/es\/#organization\"},\"alternateName\":\"Ajuntament D'Aldaia\",\"potentialAction\":[{\"@type\":\"SearchAction\",\"target\":{\"@type\":\"EntryPoint\",\"urlTemplate\":\"https:\/\/aldaia.es\/es\/?s={search_term_string}\"},\"query-input\":{\"@type\":\"PropertyValueSpecification\",\"valueRequired\":true,\"valueName\":\"search_term_string\"}}],\"inLanguage\":\"es\"},{\"@type\":\"Organization\",\"@id\":\"https:\/\/aldaia.es\/es\/#organization\",\"name\":\"Ajuntament D'Aldaia\",\"url\":\"https:\/\/aldaia.es\/es\/\",\"logo\":{\"@type\":\"ImageObject\",\"inLanguage\":\"es\",\"@id\":\"https:\/\/aldaia.es\/es\/#\/schema\/logo\/image\/\",\"url\":\"https:\/\/aldaia.es\/wp-content\/uploads\/2022\/06\/aldaia-negro-1.png\",\"contentUrl\":\"https:\/\/aldaia.es\/wp-content\/uploads\/2022\/06\/aldaia-negro-1.png\",\"width\":152,\"height\":70,\"caption\":\"Ajuntament D'Aldaia\"},\"image\":{\"@id\":\"https:\/\/aldaia.es\/es\/#\/schema\/logo\/image\/\"}}]}<\/script>\n<!-- \/ Yoast SEO plugin. -->","yoast_head_json":{"title":"Aula Mentor - Ayuntamiento de Aldaia","robots":{"index":"index","follow":"follow","max-snippet":"max-snippet:-1","max-image-preview":"max-image-preview:large","max-video-preview":"max-video-preview:-1"},"canonical":"https:\/\/aldaia.es\/es\/adl-y-comercio\/formacion\/aula-mentor\/","og_locale":"es_ES","og_type":"article","og_title":"Aula Mentor - Ayuntamiento de Aldaia","og_description":"Aula Mentor Aula Mentor es una iniciativa de formaci\u00f3n a distancia a trav\u00e9s de internet para personas adultas.Est\u00e1 promovida por el Ministerio de Educaci\u00f3n, Formaci\u00f3n Profesional y Deportes con el ...","og_url":"https:\/\/aldaia.es\/es\/adl-y-comercio\/formacion\/aula-mentor\/","og_site_name":"Ayuntamiento de Aldaia","article_modified_time":"2026-04-07T11:18:08+00:00","schema":{"@context":"https:\/\/schema.org","@graph":[{"@type":"WebPage","@id":"https:\/\/aldaia.es\/es\/adl-y-comercio\/formacion\/aula-mentor\/","url":"https:\/\/aldaia.es\/es\/adl-y-comercio\/formacion\/aula-mentor\/","name":"Aula Mentor - Ayuntamiento de Aldaia","isPartOf":{"@id":"https:\/\/aldaia.es\/es\/#website"},"datePublished":"2023-01-18T16:13:17+00:00","dateModified":"2026-04-07T11:18:08+00:00","breadcrumb":{"@id":"https:\/\/aldaia.es\/es\/adl-y-comercio\/formacion\/aula-mentor\/#breadcrumb"},"inLanguage":"es","potentialAction":[{"@type":"ReadAction","target":["https:\/\/aldaia.es\/es\/adl-y-comercio\/formacion\/aula-mentor\/"]}]},{"@type":"BreadcrumbList","@id":"https:\/\/aldaia.es\/es\/adl-y-comercio\/formacion\/aula-mentor\/#breadcrumb","itemListElement":[{"@type":"ListItem","position":1,"name":"Portada","item":"https:\/\/aldaia.es\/es\/"},{"@type":"ListItem","position":2,"name":"ADL y Comercio","item":"https:\/\/aldaia.es\/es\/adl-y-comercio\/"},{"@type":"ListItem","position":3,"name":"Formaci\u00f3n","item":"https:\/\/aldaia.es\/es\/adl-y-comercio\/formacion\/"},{"@type":"ListItem","position":4,"name":"Aula Mentor"}]},{"@type":"WebSite","@id":"https:\/\/aldaia.es\/es\/#website","url":"https:\/\/aldaia.es\/es\/","name":"Ajuntament D'Aldaia","description":"","publisher":{"@id":"https:\/\/aldaia.es\/es\/#organization"},"alternateName":"Ajuntament D'Aldaia","potentialAction":[{"@type":"SearchAction","target":{"@type":"EntryPoint","urlTemplate":"https:\/\/aldaia.es\/es\/?s={search_term_string}"},"query-input":{"@type":"PropertyValueSpecification","valueRequired":true,"valueName":"search_term_string"}}],"inLanguage":"es"},{"@type":"Organization","@id":"https:\/\/aldaia.es\/es\/#organization","name":"Ajuntament D'Aldaia","url":"https:\/\/aldaia.es\/es\/","logo":{"@type":"ImageObject","inLanguage":"es","@id":"https:\/\/aldaia.es\/es\/#\/schema\/logo\/image\/","url":"https:\/\/aldaia.es\/wp-content\/uploads\/2022\/06\/aldaia-negro-1.png","contentUrl":"https:\/\/aldaia.es\/wp-content\/uploads\/2022\/06\/aldaia-negro-1.png","width":152,"height":70,"caption":"Ajuntament D'Aldaia"},"image":{"@id":"https:\/\/aldaia.es\/es\/#\/schema\/logo\/image\/"}}]}},"_links":{"self":[{"href":"https:\/\/aldaia.es\/es\/wp-json\/wp\/v2\/pages\/6440","targetHints":{"allow":["GET"]}}],"collection":[{"href":"https:\/\/aldaia.es\/es\/wp-json\/wp\/v2\/pages"}],"about":[{"href":"https:\/\/aldaia.es\/es\/wp-json\/wp\/v2\/types\/page"}],"author":[{"embeddable":true,"href":"https:\/\/aldaia.es\/es\/wp-json\/wp\/v2\/users\/2"}],"replies":[{"embeddable":true,"href":"https:\/\/aldaia.es\/es\/wp-json\/wp\/v2\/comments?post=6440"}],"version-history":[{"count":97,"href":"https:\/\/aldaia.es\/es\/wp-json\/wp\/v2\/pages\/6440\/revisions"}],"predecessor-version":[{"id":41475,"href":"https:\/\/aldaia.es\/es\/wp-json\/wp\/v2\/pages\/6440\/revisions\/41475"}],"up":[{"embeddable":true,"href":"https:\/\/aldaia.es\/es\/wp-json\/wp\/v2\/pages\/6442"}],"wp:attachment":[{"href":"https:\/\/aldaia.es\/es\/wp-json\/wp\/v2\/media?parent=6440"}],"curies":[{"name":"wp","href":"https:\/\/api.w.org\/{rel}","templated":true}]}}