{"id":6441,"date":"2023-01-18T17:26:59","date_gmt":"2023-01-18T16:26:59","guid":{"rendered":"https:\/\/aldaia.eu\/aula-mentor\/preguntas-frecuentes\/"},"modified":"2024-09-10T13:46:27","modified_gmt":"2024-09-10T11:46:27","slug":"preguntas-frecuentes","status":"publish","type":"page","link":"https:\/\/aldaia.es\/es\/adl-y-comercio\/formacion\/aula-mentor\/preguntas-frecuentes\/","title":{"rendered":"Preguntas Frecuentes"},"content":{"rendered":"\n<div class=\"wp-block-columns dep-adl is-layout-flex wp-container-core-columns-is-layout-9d6595d7 wp-block-columns-is-layout-flex\">\n<div class=\"wp-block-column is-layout-flow wp-block-column-is-layout-flow\">\n<h1 class=\"wp-block-heading\">Aula Mentor &#8211; Preguntas Frecuentes<\/h1>\n\n\n\n<p><strong>1. \u00bfCu\u00e1ndo puedo matricularme?<\/strong><\/p>\n\n\n\n<p>La matr\u00edcula est\u00e1 permanentemente abierta y puede realizarse cualquier d\u00eda del a\u00f1o, excepto en agosto.<\/p>\n\n\n\n<p>Contacta: <a href=\"mailto:aldaia@aulamentor.es\">aldaia@aulamentor.es<\/a><\/p>\n\n\n\n<p>Tel\u00e9fono: <a href=\"tel:+34961988815\">961988815<\/a><\/p>\n\n\n\n<p><strong>2. \u00bfEl curso tiene una duraci\u00f3n determinada?<\/strong><\/p>\n\n\n\n<p>No. El alumno marca su propio ritmo de trabajo. Existe una duraci\u00f3n m\u00ednima que est\u00e1 determinada por el n\u00famero de actividades del curso para respetar el env\u00edo gradual de las mismas (Consulte la informaci\u00f3n espec\u00edfica del curso). Sin embargo, el per\u00edodo de matr\u00edcula m\u00ednimo es de 2 meses por cada curso de m\u00e1s de 30 horas en que te matriculas.<\/p>\n\n\n\n<p><strong>3. \u00bfTengo que estar siempre conectado a Internet para seguir el curso?<\/strong><\/p>\n\n\n\n<p>No siempre. Muchas tareas pueden realizarse sin necesidad de estar conectado a Internet puesto que es posible descargar algunos de los materiales. No obstante, existen otras tareas en las que hace falta la conexi\u00f3n a Internet: acceso a la mesa de trabajo, evaluaciones online, entrega de actividades al tutor, participaci\u00f3n en foros, env\u00edo y recepci\u00f3n de mensajes, etc.<\/p>\n\n\n\n<p><strong>4. \u00bfY si no dispongo de Internet u ordenador en el domicilio o nunca he navegado por Internet?<\/strong><\/p>\n\n\n\n<p>Puedes realizar el curso desde el Aula Mentor de Aldaia ubicada en la calle Ricardo Fuster y Fuster s\/n (delante de la piscina).<\/p>\n\n\n\n<p><strong>5. \u00bfVoy a estudiar solo?<\/strong><\/p>\n\n\n\n<p>Por un lado, en el Aula Mentor contar\u00e1s con el apoyo del administrador\/a que te informar\u00e1, asesorar\u00e1 y apoyar\u00e1 en el manejo de equipos y de la comunicaci\u00f3n telem\u00e1tica; por otro, ya distancia, el alumno tendr\u00e1 asignado un tutor que le resolver\u00e1 sus dudas, evaluar\u00e1 y seguir\u00e1 su proceso de aprendizaje. A su vez, tendr\u00e1 la posibilidad de contactar con el resto de sus compa\u00f1eros de curso a trav\u00e9s de los distintos medios de comunicaci\u00f3n telem\u00e1ticos disponibles.<\/p>\n\n\n\n<p><strong>6. \u00bfEl precio de la matr\u00edcula incluye los materiales did\u00e1cticos?<\/strong><\/p>\n\n\n\n<p>Todas las personas matriculadas tienen acceso a los recursos formativos online. Los materiales pueden descargarse para disponer de ellos sin necesidad de estar conectados a Internet. Los cursos NO incluyen el software comercial.<\/p>\n\n\n\n<p><strong>7. \u00bfQui\u00e9n es el tutor?<\/strong><\/p>\n\n\n\n<p>El tutor es una persona especializada en los contenidos de su curso, con experiencia docente y dominio de las aplicaciones telem\u00e1ticas a trav\u00e9s de Internet. Su labor tutorial consiste en apoyar, evaluar y realizar un seguimiento individualizado del proceso de aprendizaje de su alumnado. Tambi\u00e9n fomentar\u00e1 las interacciones entre personas matriculadas en el curso para crear una din\u00e1mica de curso.<\/p>\n\n\n\n<p><strong>8. \u00bfCu\u00e1ndo recibir\u00e9 la respuesta del tutor?<\/strong><\/p>\n\n\n\n<p>El tutor o tutora atiende a la tutor\u00eda diariamente de forma que el alumnado obtendr\u00e1 las respuestas a sus consultas en un plazo no superior a 48 horas (sin contar fines de semana, festivos y el mes de agosto).<\/p>\n\n\n\n<p><strong>9. \u00bfSe puede realizar la matr\u00edcula en m\u00e1s de un curso a la vez?<\/strong><\/p>\n\n\n\n<p>Cada curso est\u00e1 sujeto a una matr\u00edcula independiente. El alumno si lo desea puede realizar varios cursos al mismo tiempo, pero \u00e9stos son gestionados de forma independiente.<\/p>\n\n\n\n<p><strong>10. \u00bfCu\u00e1ndo se realiza la prueba final?<\/strong><\/p>\n\n\n\n<p>Aquellos alumnos que hayan realizado de forma correcta todas las actividades obligatorias del curso y sean autorizados a examen por su tutor. Para obtener el certificado de aprovechamiento el alumno debe superar una prueba final de car\u00e1cter presencial que se realizar\u00e1 en el aula. Existen cinco convocatorias de examen programadas al a\u00f1o. Con el abono de la matr\u00edcula, el alumno tiene derecho a presentarse en dos convocatorias. Si el alumno opta por no presentarse a examen puede hacerlo hasta un m\u00e1ximo de tres convocatorias.<\/p>\n\n\n\n<p><strong>11. \u00bfQu\u00e9 es la mesa de trabajo?<\/strong><\/p>\n\n\n\n<p>Es el entorno virtual de estudio desde el que se accede a los materiales de formaci\u00f3n, ejercicios, al grupo de noticias del curso y donde se desarrolla la tutor\u00eda telem\u00e1tica. En la propia mesa se explica el funcionamiento de cada herramienta.<\/p>\n\n\n\n<p><strong>12. \u00bfSe expide alg\u00fan tipo de certificaci\u00f3n al finalizar el curso?<\/strong><\/p>\n\n\n\n<p>S\u00ed. Despu\u00e9s de superar la prueba final se gestiona el certificado de aprovechamiento en el que ir\u00e1n consignados los contenidos del curso y las horas. Este certificado estar\u00e1 firmado por el Ministerio de Educaci\u00f3n, Cultura y Deporte. El alumno\/a debe recoger el certificado en el aula en el que se ha matriculado. El plazo estimado ser\u00e1 de dos meses despu\u00e9s de cada convocatoria.<\/p>\n\n\n\n<div class=\"wp-block-columns is-layout-flex wp-container-core-columns-is-layout-9d6595d7 wp-block-columns-is-layout-flex\">\n<div class=\"wp-block-column lista_adjuntos is-layout-flow wp-block-column-is-layout-flow\">\n<h2 class=\"wp-block-heading display-4\">Enlaces<\/h2>\n\n\n\n<p><i class=\"fas fa-file-pdf\"><\/i> <a href=\"https:\/\/aldaia.es\/wp-content\/uploads\/2023\/01\/inscripcion_mentor-1-2.doc\" target=\"_blank\" rel=\"noreferrer noopener\">Formulario de matriculaci\u00f3n<\/a><\/p>\n<\/div>\n<\/div>\n<\/div>\n<\/div>\n","protected":false},"excerpt":{"rendered":"<p>Aula Mentor &#8211; Preguntas Frecuentes 1. \u00bfCu\u00e1ndo puedo matricularme? La matr\u00edcula est\u00e1 permanentemente abierta y puede realizarse cualquier d\u00eda del a\u00f1o, excepto en agosto. Contacta: aldaia@aulamentor.es Tel\u00e9fono: 961988815 2. \u00bfEl <a class=\"text-decoration-none text-black\" href=\"https:\/\/aldaia.es\/es\/adl-y-comercio\/formacion\/aula-mentor\/preguntas-frecuentes\/\"> &#8230; <\/a><\/p>\n","protected":false},"author":42,"featured_media":0,"parent":6440,"menu_order":0,"comment_status":"closed","ping_status":"closed","template":"basic-page-departamentos.php","meta":{"_acf_changed":false,"footnotes":""},"class_list":["post-6441","page","type-page","status-publish","hentry"],"acf":[],"yoast_head":"<!-- This site is optimized with the Yoast SEO plugin v27.0 - https:\/\/yoast.com\/product\/yoast-seo-wordpress\/ -->\n<title>Preguntas Frecuentes - Ayuntamiento de Aldaia<\/title>\n<meta name=\"description\" content=\"Respuestas a las dudas sobre los cursos en Aula Mentor. Matr\u00edcula, cursos, opciones, tutor, materiales did\u00e1cticos, etc.\" \/>\n<meta name=\"robots\" content=\"index, follow, max-snippet:-1, max-image-preview:large, max-video-preview:-1\" \/>\n<link rel=\"canonical\" href=\"https:\/\/aldaia.es\/es\/adl-y-comercio\/formacion\/aula-mentor\/preguntas-frecuentes\/\" \/>\n<meta property=\"og:locale\" content=\"es_ES\" \/>\n<meta property=\"og:type\" content=\"article\" \/>\n<meta property=\"og:title\" content=\"Preguntas Frecuentes - Ayuntamiento de Aldaia\" \/>\n<meta property=\"og:description\" content=\"Respuestas a las dudas sobre los cursos en Aula Mentor. Matr\u00edcula, cursos, opciones, tutor, materiales did\u00e1cticos, etc.\" \/>\n<meta property=\"og:url\" content=\"https:\/\/aldaia.es\/es\/adl-y-comercio\/formacion\/aula-mentor\/preguntas-frecuentes\/\" \/>\n<meta property=\"og:site_name\" content=\"Ayuntamiento de Aldaia\" \/>\n<meta property=\"article:modified_time\" content=\"2024-09-10T11:46:27+00:00\" \/>\n<script type=\"application\/ld+json\" class=\"yoast-schema-graph\">{\"@context\":\"https:\/\/schema.org\",\"@graph\":[{\"@type\":\"WebPage\",\"@id\":\"https:\/\/aldaia.es\/es\/adl-y-comercio\/formacion\/aula-mentor\/preguntas-frecuentes\/\",\"url\":\"https:\/\/aldaia.es\/es\/adl-y-comercio\/formacion\/aula-mentor\/preguntas-frecuentes\/\",\"name\":\"Preguntas Frecuentes - Ayuntamiento de Aldaia\",\"isPartOf\":{\"@id\":\"https:\/\/aldaia.es\/es\/#website\"},\"datePublished\":\"2023-01-18T16:26:59+00:00\",\"dateModified\":\"2024-09-10T11:46:27+00:00\",\"description\":\"Respuestas a las dudas sobre los cursos en Aula Mentor. Matr\u00edcula, cursos, opciones, tutor, materiales did\u00e1cticos, etc.\",\"breadcrumb\":{\"@id\":\"https:\/\/aldaia.es\/es\/adl-y-comercio\/formacion\/aula-mentor\/preguntas-frecuentes\/#breadcrumb\"},\"inLanguage\":\"es\",\"potentialAction\":[{\"@type\":\"ReadAction\",\"target\":[\"https:\/\/aldaia.es\/es\/adl-y-comercio\/formacion\/aula-mentor\/preguntas-frecuentes\/\"]}]},{\"@type\":\"BreadcrumbList\",\"@id\":\"https:\/\/aldaia.es\/es\/adl-y-comercio\/formacion\/aula-mentor\/preguntas-frecuentes\/#breadcrumb\",\"itemListElement\":[{\"@type\":\"ListItem\",\"position\":1,\"name\":\"Portada\",\"item\":\"https:\/\/aldaia.es\/es\/\"},{\"@type\":\"ListItem\",\"position\":2,\"name\":\"ADL y Comercio\",\"item\":\"https:\/\/aldaia.es\/es\/adl-y-comercio\/\"},{\"@type\":\"ListItem\",\"position\":3,\"name\":\"Formaci\u00f3n\",\"item\":\"https:\/\/aldaia.es\/es\/adl-y-comercio\/formacion\/\"},{\"@type\":\"ListItem\",\"position\":4,\"name\":\"Aula Mentor\",\"item\":\"https:\/\/aldaia.es\/es\/adl-y-comercio\/formacion\/aula-mentor\/\"},{\"@type\":\"ListItem\",\"position\":5,\"name\":\"Preguntas Frecuentes\"}]},{\"@type\":\"WebSite\",\"@id\":\"https:\/\/aldaia.es\/es\/#website\",\"url\":\"https:\/\/aldaia.es\/es\/\",\"name\":\"Ajuntament D'Aldaia\",\"description\":\"\",\"publisher\":{\"@id\":\"https:\/\/aldaia.es\/es\/#organization\"},\"alternateName\":\"Ajuntament D'Aldaia\",\"potentialAction\":[{\"@type\":\"SearchAction\",\"target\":{\"@type\":\"EntryPoint\",\"urlTemplate\":\"https:\/\/aldaia.es\/es\/?s={search_term_string}\"},\"query-input\":{\"@type\":\"PropertyValueSpecification\",\"valueRequired\":true,\"valueName\":\"search_term_string\"}}],\"inLanguage\":\"es\"},{\"@type\":\"Organization\",\"@id\":\"https:\/\/aldaia.es\/es\/#organization\",\"name\":\"Ajuntament D'Aldaia\",\"url\":\"https:\/\/aldaia.es\/es\/\",\"logo\":{\"@type\":\"ImageObject\",\"inLanguage\":\"es\",\"@id\":\"https:\/\/aldaia.es\/es\/#\/schema\/logo\/image\/\",\"url\":\"https:\/\/aldaia.es\/wp-content\/uploads\/2022\/06\/aldaia-negro-1.png\",\"contentUrl\":\"https:\/\/aldaia.es\/wp-content\/uploads\/2022\/06\/aldaia-negro-1.png\",\"width\":152,\"height\":70,\"caption\":\"Ajuntament D'Aldaia\"},\"image\":{\"@id\":\"https:\/\/aldaia.es\/es\/#\/schema\/logo\/image\/\"}}]}<\/script>\n<!-- \/ Yoast SEO plugin. -->","yoast_head_json":{"title":"Preguntas Frecuentes - Ayuntamiento de Aldaia","description":"Respuestas a las dudas sobre los cursos en Aula Mentor. Matr\u00edcula, cursos, opciones, tutor, materiales did\u00e1cticos, etc.","robots":{"index":"index","follow":"follow","max-snippet":"max-snippet:-1","max-image-preview":"max-image-preview:large","max-video-preview":"max-video-preview:-1"},"canonical":"https:\/\/aldaia.es\/es\/adl-y-comercio\/formacion\/aula-mentor\/preguntas-frecuentes\/","og_locale":"es_ES","og_type":"article","og_title":"Preguntas Frecuentes - Ayuntamiento de Aldaia","og_description":"Respuestas a las dudas sobre los cursos en Aula Mentor. Matr\u00edcula, cursos, opciones, tutor, materiales did\u00e1cticos, etc.","og_url":"https:\/\/aldaia.es\/es\/adl-y-comercio\/formacion\/aula-mentor\/preguntas-frecuentes\/","og_site_name":"Ayuntamiento de Aldaia","article_modified_time":"2024-09-10T11:46:27+00:00","schema":{"@context":"https:\/\/schema.org","@graph":[{"@type":"WebPage","@id":"https:\/\/aldaia.es\/es\/adl-y-comercio\/formacion\/aula-mentor\/preguntas-frecuentes\/","url":"https:\/\/aldaia.es\/es\/adl-y-comercio\/formacion\/aula-mentor\/preguntas-frecuentes\/","name":"Preguntas Frecuentes - Ayuntamiento de Aldaia","isPartOf":{"@id":"https:\/\/aldaia.es\/es\/#website"},"datePublished":"2023-01-18T16:26:59+00:00","dateModified":"2024-09-10T11:46:27+00:00","description":"Respuestas a las dudas sobre los cursos en Aula Mentor. Matr\u00edcula, cursos, opciones, tutor, materiales did\u00e1cticos, etc.","breadcrumb":{"@id":"https:\/\/aldaia.es\/es\/adl-y-comercio\/formacion\/aula-mentor\/preguntas-frecuentes\/#breadcrumb"},"inLanguage":"es","potentialAction":[{"@type":"ReadAction","target":["https:\/\/aldaia.es\/es\/adl-y-comercio\/formacion\/aula-mentor\/preguntas-frecuentes\/"]}]},{"@type":"BreadcrumbList","@id":"https:\/\/aldaia.es\/es\/adl-y-comercio\/formacion\/aula-mentor\/preguntas-frecuentes\/#breadcrumb","itemListElement":[{"@type":"ListItem","position":1,"name":"Portada","item":"https:\/\/aldaia.es\/es\/"},{"@type":"ListItem","position":2,"name":"ADL y Comercio","item":"https:\/\/aldaia.es\/es\/adl-y-comercio\/"},{"@type":"ListItem","position":3,"name":"Formaci\u00f3n","item":"https:\/\/aldaia.es\/es\/adl-y-comercio\/formacion\/"},{"@type":"ListItem","position":4,"name":"Aula Mentor","item":"https:\/\/aldaia.es\/es\/adl-y-comercio\/formacion\/aula-mentor\/"},{"@type":"ListItem","position":5,"name":"Preguntas Frecuentes"}]},{"@type":"WebSite","@id":"https:\/\/aldaia.es\/es\/#website","url":"https:\/\/aldaia.es\/es\/","name":"Ajuntament D'Aldaia","description":"","publisher":{"@id":"https:\/\/aldaia.es\/es\/#organization"},"alternateName":"Ajuntament D'Aldaia","potentialAction":[{"@type":"SearchAction","target":{"@type":"EntryPoint","urlTemplate":"https:\/\/aldaia.es\/es\/?s={search_term_string}"},"query-input":{"@type":"PropertyValueSpecification","valueRequired":true,"valueName":"search_term_string"}}],"inLanguage":"es"},{"@type":"Organization","@id":"https:\/\/aldaia.es\/es\/#organization","name":"Ajuntament D'Aldaia","url":"https:\/\/aldaia.es\/es\/","logo":{"@type":"ImageObject","inLanguage":"es","@id":"https:\/\/aldaia.es\/es\/#\/schema\/logo\/image\/","url":"https:\/\/aldaia.es\/wp-content\/uploads\/2022\/06\/aldaia-negro-1.png","contentUrl":"https:\/\/aldaia.es\/wp-content\/uploads\/2022\/06\/aldaia-negro-1.png","width":152,"height":70,"caption":"Ajuntament D'Aldaia"},"image":{"@id":"https:\/\/aldaia.es\/es\/#\/schema\/logo\/image\/"}}]}},"_links":{"self":[{"href":"https:\/\/aldaia.es\/es\/wp-json\/wp\/v2\/pages\/6441","targetHints":{"allow":["GET"]}}],"collection":[{"href":"https:\/\/aldaia.es\/es\/wp-json\/wp\/v2\/pages"}],"about":[{"href":"https:\/\/aldaia.es\/es\/wp-json\/wp\/v2\/types\/page"}],"author":[{"embeddable":true,"href":"https:\/\/aldaia.es\/es\/wp-json\/wp\/v2\/users\/42"}],"replies":[{"embeddable":true,"href":"https:\/\/aldaia.es\/es\/wp-json\/wp\/v2\/comments?post=6441"}],"version-history":[{"count":2,"href":"https:\/\/aldaia.es\/es\/wp-json\/wp\/v2\/pages\/6441\/revisions"}],"predecessor-version":[{"id":31192,"href":"https:\/\/aldaia.es\/es\/wp-json\/wp\/v2\/pages\/6441\/revisions\/31192"}],"up":[{"embeddable":true,"href":"https:\/\/aldaia.es\/es\/wp-json\/wp\/v2\/pages\/6440"}],"wp:attachment":[{"href":"https:\/\/aldaia.es\/es\/wp-json\/wp\/v2\/media?parent=6441"}],"curies":[{"name":"wp","href":"https:\/\/api.w.org\/{rel}","templated":true}]}}