{"id":6449,"date":"2023-01-18T17:40:33","date_gmt":"2023-01-18T16:40:33","guid":{"rendered":"https:\/\/aldaia.eu\/formacion\/servicio-de-formacion-y-mejora-competencial\/"},"modified":"2024-09-03T17:38:48","modified_gmt":"2024-09-03T15:38:48","slug":"servicio-de-formacion-y-mejora-competencial","status":"publish","type":"page","link":"https:\/\/aldaia.es\/es\/adl-y-comercio\/formacion\/servicio-de-formacion-y-mejora-competencial\/","title":{"rendered":"Servicio de Formaci\u00f3n y Mejora Competencial"},"content":{"rendered":"\n<div class=\"wp-block-columns dep-adl is-layout-flex wp-container-core-columns-is-layout-9d6595d7 wp-block-columns-is-layout-flex\">\n<div class=\"wp-block-column is-layout-flow wp-block-column-is-layout-flow\">\n<h1 class=\"wp-block-heading\">Servicio de Formaci\u00f3n y Mejora Competencial<\/h1>\n\n\n\n<p>Se programan acciones formativas con recursos propios y se socilitan subvenciones para la impartici\u00f3n de diferentes acciones formativas dirgidas a la mejora de la empleabilidad de las personas participantes (talleres de empleo, formaci\u00f3n para colectivos en riesgo de exclusi\u00f3n, formaci\u00f3n para el empleo, formaci\u00f3n propia del Ayuntamiento, formaci\u00f3n en colaboraci\u00f3n con otras entidades&#8230;)<\/p>\n\n\n\n<p>Este servicio va dirigido a las personas interesadas en formarse y\/o reciclarse que cumplan los requisitos de las entidades que las convocan.<\/p>\n<\/div>\n<\/div>\n","protected":false},"excerpt":{"rendered":"<p>Servicio de Formaci\u00f3n y Mejora Competencial Se programan acciones formativas con recursos propios y se socilitan subvenciones para la impartici\u00f3n de diferentes acciones formativas dirgidas a la mejora de la <a class=\"text-decoration-none text-black\" href=\"https:\/\/aldaia.es\/es\/adl-y-comercio\/formacion\/servicio-de-formacion-y-mejora-competencial\/\"> &#8230; <\/a><\/p>\n","protected":false},"author":2,"featured_media":0,"parent":6442,"menu_order":0,"comment_status":"closed","ping_status":"closed","template":"basic-page-departamentos.php","meta":{"_acf_changed":false,"footnotes":""},"class_list":["post-6449","page","type-page","status-publish","hentry"],"acf":[],"yoast_head":"<!-- This site is optimized with the Yoast SEO plugin v27.0 - https:\/\/yoast.com\/product\/yoast-seo-wordpress\/ -->\n<title>Servicio de Formaci\u00f3n y Mejora Competencial - Ayuntamiento de Aldaia<\/title>\n<meta name=\"description\" content=\"Subvenciones para la impartici\u00f3n de diferentes acciones formativas dirgidas a la mejora de la empleabilidad de las personas participantes.\" \/>\n<meta name=\"robots\" content=\"index, follow, max-snippet:-1, max-image-preview:large, max-video-preview:-1\" \/>\n<link rel=\"canonical\" href=\"https:\/\/aldaia.es\/es\/adl-y-comercio\/formacion\/servicio-de-formacion-y-mejora-competencial\/\" \/>\n<meta property=\"og:locale\" content=\"es_ES\" \/>\n<meta property=\"og:type\" content=\"article\" \/>\n<meta property=\"og:title\" content=\"Servicio de Formaci\u00f3n y Mejora Competencial - Ayuntamiento de Aldaia\" \/>\n<meta property=\"og:description\" content=\"Subvenciones para la impartici\u00f3n de diferentes acciones formativas dirgidas a la mejora de la empleabilidad de las personas participantes.\" \/>\n<meta property=\"og:url\" content=\"https:\/\/aldaia.es\/es\/adl-y-comercio\/formacion\/servicio-de-formacion-y-mejora-competencial\/\" \/>\n<meta property=\"og:site_name\" content=\"Ayuntamiento de Aldaia\" \/>\n<meta property=\"article:modified_time\" content=\"2024-09-03T15:38:48+00:00\" \/>\n<script type=\"application\/ld+json\" class=\"yoast-schema-graph\">{\"@context\":\"https:\/\/schema.org\",\"@graph\":[{\"@type\":\"WebPage\",\"@id\":\"https:\/\/aldaia.es\/es\/adl-y-comercio\/formacion\/servicio-de-formacion-y-mejora-competencial\/\",\"url\":\"https:\/\/aldaia.es\/es\/adl-y-comercio\/formacion\/servicio-de-formacion-y-mejora-competencial\/\",\"name\":\"Servicio de Formaci\u00f3n y Mejora Competencial - Ayuntamiento de Aldaia\",\"isPartOf\":{\"@id\":\"https:\/\/aldaia.es\/es\/#website\"},\"datePublished\":\"2023-01-18T16:40:33+00:00\",\"dateModified\":\"2024-09-03T15:38:48+00:00\",\"description\":\"Subvenciones para la impartici\u00f3n de diferentes acciones formativas dirgidas a la mejora de la empleabilidad de las personas participantes.\",\"breadcrumb\":{\"@id\":\"https:\/\/aldaia.es\/es\/adl-y-comercio\/formacion\/servicio-de-formacion-y-mejora-competencial\/#breadcrumb\"},\"inLanguage\":\"es\",\"potentialAction\":[{\"@type\":\"ReadAction\",\"target\":[\"https:\/\/aldaia.es\/es\/adl-y-comercio\/formacion\/servicio-de-formacion-y-mejora-competencial\/\"]}]},{\"@type\":\"BreadcrumbList\",\"@id\":\"https:\/\/aldaia.es\/es\/adl-y-comercio\/formacion\/servicio-de-formacion-y-mejora-competencial\/#breadcrumb\",\"itemListElement\":[{\"@type\":\"ListItem\",\"position\":1,\"name\":\"Portada\",\"item\":\"https:\/\/aldaia.es\/es\/\"},{\"@type\":\"ListItem\",\"position\":2,\"name\":\"ADL y Comercio\",\"item\":\"https:\/\/aldaia.es\/es\/adl-y-comercio\/\"},{\"@type\":\"ListItem\",\"position\":3,\"name\":\"Formaci\u00f3n\",\"item\":\"https:\/\/aldaia.es\/es\/adl-y-comercio\/formacion\/\"},{\"@type\":\"ListItem\",\"position\":4,\"name\":\"Servicio de Formaci\u00f3n y Mejora Competencial\"}]},{\"@type\":\"WebSite\",\"@id\":\"https:\/\/aldaia.es\/es\/#website\",\"url\":\"https:\/\/aldaia.es\/es\/\",\"name\":\"Ajuntament D'Aldaia\",\"description\":\"\",\"publisher\":{\"@id\":\"https:\/\/aldaia.es\/es\/#organization\"},\"alternateName\":\"Ajuntament D'Aldaia\",\"potentialAction\":[{\"@type\":\"SearchAction\",\"target\":{\"@type\":\"EntryPoint\",\"urlTemplate\":\"https:\/\/aldaia.es\/es\/?s={search_term_string}\"},\"query-input\":{\"@type\":\"PropertyValueSpecification\",\"valueRequired\":true,\"valueName\":\"search_term_string\"}}],\"inLanguage\":\"es\"},{\"@type\":\"Organization\",\"@id\":\"https:\/\/aldaia.es\/es\/#organization\",\"name\":\"Ajuntament D'Aldaia\",\"url\":\"https:\/\/aldaia.es\/es\/\",\"logo\":{\"@type\":\"ImageObject\",\"inLanguage\":\"es\",\"@id\":\"https:\/\/aldaia.es\/es\/#\/schema\/logo\/image\/\",\"url\":\"https:\/\/aldaia.es\/wp-content\/uploads\/2022\/06\/aldaia-negro-1.png\",\"contentUrl\":\"https:\/\/aldaia.es\/wp-content\/uploads\/2022\/06\/aldaia-negro-1.png\",\"width\":152,\"height\":70,\"caption\":\"Ajuntament D'Aldaia\"},\"image\":{\"@id\":\"https:\/\/aldaia.es\/es\/#\/schema\/logo\/image\/\"}}]}<\/script>\n<!-- \/ Yoast SEO plugin. -->","yoast_head_json":{"title":"Servicio de Formaci\u00f3n y Mejora Competencial - Ayuntamiento de Aldaia","description":"Subvenciones para la impartici\u00f3n de diferentes acciones formativas dirgidas a la mejora de la empleabilidad de las personas participantes.","robots":{"index":"index","follow":"follow","max-snippet":"max-snippet:-1","max-image-preview":"max-image-preview:large","max-video-preview":"max-video-preview:-1"},"canonical":"https:\/\/aldaia.es\/es\/adl-y-comercio\/formacion\/servicio-de-formacion-y-mejora-competencial\/","og_locale":"es_ES","og_type":"article","og_title":"Servicio de Formaci\u00f3n y Mejora Competencial - Ayuntamiento de Aldaia","og_description":"Subvenciones para la impartici\u00f3n de diferentes acciones formativas dirgidas a la mejora de la empleabilidad de las personas participantes.","og_url":"https:\/\/aldaia.es\/es\/adl-y-comercio\/formacion\/servicio-de-formacion-y-mejora-competencial\/","og_site_name":"Ayuntamiento de Aldaia","article_modified_time":"2024-09-03T15:38:48+00:00","schema":{"@context":"https:\/\/schema.org","@graph":[{"@type":"WebPage","@id":"https:\/\/aldaia.es\/es\/adl-y-comercio\/formacion\/servicio-de-formacion-y-mejora-competencial\/","url":"https:\/\/aldaia.es\/es\/adl-y-comercio\/formacion\/servicio-de-formacion-y-mejora-competencial\/","name":"Servicio de Formaci\u00f3n y Mejora Competencial - Ayuntamiento de Aldaia","isPartOf":{"@id":"https:\/\/aldaia.es\/es\/#website"},"datePublished":"2023-01-18T16:40:33+00:00","dateModified":"2024-09-03T15:38:48+00:00","description":"Subvenciones para la impartici\u00f3n de diferentes acciones formativas dirgidas a la mejora de la empleabilidad de las personas participantes.","breadcrumb":{"@id":"https:\/\/aldaia.es\/es\/adl-y-comercio\/formacion\/servicio-de-formacion-y-mejora-competencial\/#breadcrumb"},"inLanguage":"es","potentialAction":[{"@type":"ReadAction","target":["https:\/\/aldaia.es\/es\/adl-y-comercio\/formacion\/servicio-de-formacion-y-mejora-competencial\/"]}]},{"@type":"BreadcrumbList","@id":"https:\/\/aldaia.es\/es\/adl-y-comercio\/formacion\/servicio-de-formacion-y-mejora-competencial\/#breadcrumb","itemListElement":[{"@type":"ListItem","position":1,"name":"Portada","item":"https:\/\/aldaia.es\/es\/"},{"@type":"ListItem","position":2,"name":"ADL y Comercio","item":"https:\/\/aldaia.es\/es\/adl-y-comercio\/"},{"@type":"ListItem","position":3,"name":"Formaci\u00f3n","item":"https:\/\/aldaia.es\/es\/adl-y-comercio\/formacion\/"},{"@type":"ListItem","position":4,"name":"Servicio de Formaci\u00f3n y Mejora Competencial"}]},{"@type":"WebSite","@id":"https:\/\/aldaia.es\/es\/#website","url":"https:\/\/aldaia.es\/es\/","name":"Ajuntament D'Aldaia","description":"","publisher":{"@id":"https:\/\/aldaia.es\/es\/#organization"},"alternateName":"Ajuntament D'Aldaia","potentialAction":[{"@type":"SearchAction","target":{"@type":"EntryPoint","urlTemplate":"https:\/\/aldaia.es\/es\/?s={search_term_string}"},"query-input":{"@type":"PropertyValueSpecification","valueRequired":true,"valueName":"search_term_string"}}],"inLanguage":"es"},{"@type":"Organization","@id":"https:\/\/aldaia.es\/es\/#organization","name":"Ajuntament D'Aldaia","url":"https:\/\/aldaia.es\/es\/","logo":{"@type":"ImageObject","inLanguage":"es","@id":"https:\/\/aldaia.es\/es\/#\/schema\/logo\/image\/","url":"https:\/\/aldaia.es\/wp-content\/uploads\/2022\/06\/aldaia-negro-1.png","contentUrl":"https:\/\/aldaia.es\/wp-content\/uploads\/2022\/06\/aldaia-negro-1.png","width":152,"height":70,"caption":"Ajuntament D'Aldaia"},"image":{"@id":"https:\/\/aldaia.es\/es\/#\/schema\/logo\/image\/"}}]}},"_links":{"self":[{"href":"https:\/\/aldaia.es\/es\/wp-json\/wp\/v2\/pages\/6449","targetHints":{"allow":["GET"]}}],"collection":[{"href":"https:\/\/aldaia.es\/es\/wp-json\/wp\/v2\/pages"}],"about":[{"href":"https:\/\/aldaia.es\/es\/wp-json\/wp\/v2\/types\/page"}],"author":[{"embeddable":true,"href":"https:\/\/aldaia.es\/es\/wp-json\/wp\/v2\/users\/2"}],"replies":[{"embeddable":true,"href":"https:\/\/aldaia.es\/es\/wp-json\/wp\/v2\/comments?post=6449"}],"version-history":[{"count":5,"href":"https:\/\/aldaia.es\/es\/wp-json\/wp\/v2\/pages\/6449\/revisions"}],"predecessor-version":[{"id":31032,"href":"https:\/\/aldaia.es\/es\/wp-json\/wp\/v2\/pages\/6449\/revisions\/31032"}],"up":[{"embeddable":true,"href":"https:\/\/aldaia.es\/es\/wp-json\/wp\/v2\/pages\/6442"}],"wp:attachment":[{"href":"https:\/\/aldaia.es\/es\/wp-json\/wp\/v2\/media?parent=6449"}],"curies":[{"name":"wp","href":"https:\/\/api.w.org\/{rel}","templated":true}]}}