{"id":6463,"date":"2022-08-23T14:51:15","date_gmt":"2022-08-23T12:51:15","guid":{"rendered":"https:\/\/aldaia.eu\/oficina-de-asesoramiento-financiero-a-empresas\/"},"modified":"2024-09-06T13:55:22","modified_gmt":"2024-09-06T11:55:22","slug":"oficina-de-asesoramiento-financiero-a-empresas","status":"publish","type":"page","link":"https:\/\/aldaia.es\/es\/adl-y-comercio\/oficina-de-asesoramiento-financiero-a-empresas\/","title":{"rendered":"Oficina de Asesoramiento Financiero a Empresas"},"content":{"rendered":"\n<div class=\"wp-block-columns dep-adl is-layout-flex wp-container-core-columns-is-layout-9d6595d7 wp-block-columns-is-layout-flex\">\n<div class=\"wp-block-column is-layout-flow wp-block-column-is-layout-flow\">\n<h1 class=\"wp-block-heading\">Oficina de Asesoramiento Financiero a Empresas<\/h1>\n\n\n\n<p>El Ayuntamiento de Aldaia ha puesto en marcha la&nbsp;<strong>Oficina d&#8217;Assessorament Financer d&#8217;Empreses d&#8217;Aldaia<\/strong>&nbsp;(OAFE), que se encargar\u00e1 de informar sobre los diferentes productos financieros que ofrece el Instituto Valenciano de Finanzas (IVF) dirigidos a<strong>&nbsp;aut\u00f3nomos<\/strong>,&nbsp;<strong>microempresas<\/strong>,&nbsp;<strong>pymes&nbsp;<\/strong>y&nbsp;<strong>grandes empresas de Aldaia<\/strong>. El consistorio y el IVF han suscrito un acuerdo sobre la base del cual el ayuntamiento colabora en la difusi\u00f3n de la labor de financiamento llevado a cabo para el IVF, que puede repercutir en el fomento y la promoci\u00f3n tanto de la actividad comercial como la econ\u00f3mica en este municipio.<\/p>\n\n\n\n<p>El Institut Valenciano de Finanzas, como principal instrumento de la pol\u00edtica financiera del Consell, ha aplicado nuevas condiciones a sus l\u00edneas de financiamiento de manera que estos productos respondan a las necesidades actuales, adapt\u00e1ndose a las nuevas circunstancias, con el fin de minimizar las consecuencias negativas de la crisis provocada por el Covid-19 sobre el tejido productivo valenciano y evitar cierres masivos y la destrucci\u00f3n de ocupaci\u00f3n en la comunitat.<\/p>\n\n\n\n<p>Para el cumplimiento de estos objetivos estrat\u00e9gicos, el IVF ha puesto en marcha diferentes l\u00edneas de financiamiento con la finalidad de ajustar la oferta crediticia de la entidad a las necesidades existentes, y reorientar la actividad de este organismo a aquellos nichos en los cuales pueda ser de mayor utilidad p\u00fablica.&nbsp;Estas nuevas l\u00edneas de financiamiento creadas incluyen&nbsp;<strong>ayudas directas<\/strong>&nbsp;que pueden llegar a ser de&nbsp;<strong>hasta el 30% del capital solicitado<\/strong>&nbsp;para aquellas actividades englobadas en loss&nbsp;<strong>sectores econ\u00f3micos<\/strong>&nbsp;m\u00e1s&nbsp;<strong>afectados por el Covid-19<\/strong>.<\/p>\n\n\n\n<p>Si quieres obtener m\u00e1s informaci\u00f3n puedes enviar un correo a:&nbsp;<strong><a href=\"mailto:oficinaayudaempresasaldaia@ajuntamentaldaia.org\">oficinaayudaempresasaldaia@ajuntamentaldaia.org<\/a><\/strong><\/p>\n\n\n\n<figure class=\"wp-block-image size-large\"><img decoding=\"async\" src=\"https:\/\/aldaia.es\/wp-content\/uploads\/2023\/01\/oafe-2.jpeg\" alt=\"\"\/><\/figure>\n\n\n\n<div style=\"height:31px\" aria-hidden=\"true\" class=\"wp-block-spacer\"><\/div>\n\n\n\n<div class=\"wp-block-columns is-layout-flex wp-container-core-columns-is-layout-9d6595d7 wp-block-columns-is-layout-flex\">\n<div class=\"wp-block-column lista_adjuntos is-layout-flow wp-block-column-is-layout-flow\">\n<h2 class=\"wp-block-heading display-4\">Enlaces<\/h2>\n\n\n\n<p><i class=\"fas fa-file-pdf\"><\/i> <a href=\"https:\/\/transparencia.aldaia.es\/sites\/default\/files\/files\/-aldaia\/OAFE\/oafe_castellano_.pdf\" target=\"_blank\" rel=\"noreferrer noopener\">\u00bfQu\u00e9 es la OAFE?<\/a><\/p>\n<\/div>\n<\/div>\n<\/div>\n<\/div>\n","protected":false},"excerpt":{"rendered":"<p>Oficina de Asesoramiento Financiero a Empresas El Ayuntamiento de Aldaia ha puesto en marcha la&nbsp;Oficina d&#8217;Assessorament Financer d&#8217;Empreses d&#8217;Aldaia&nbsp;(OAFE), que se encargar\u00e1 de informar sobre los diferentes productos financieros que <a class=\"text-decoration-none text-black\" href=\"https:\/\/aldaia.es\/es\/adl-y-comercio\/oficina-de-asesoramiento-financiero-a-empresas\/\"> &#8230; <\/a><\/p>\n","protected":false},"author":2,"featured_media":0,"parent":6207,"menu_order":0,"comment_status":"closed","ping_status":"closed","template":"basic-page-departamentos.php","meta":{"_acf_changed":false,"footnotes":""},"class_list":["post-6463","page","type-page","status-publish","hentry"],"acf":[],"yoast_head":"<!-- This site is optimized with the Yoast SEO plugin v27.0 - https:\/\/yoast.com\/product\/yoast-seo-wordpress\/ -->\n<title>Oficina de Asesoramiento Financiero a Empresas - Ayuntamiento de Aldaia<\/title>\n<meta name=\"description\" content=\"El Ayuntamiento de Aldaia ha puesto en marcha la\u00a0Oficina d&#039;Assessorament Financer d&#039;Empreses d&#039;Aldaia. Instituto Valenciano de Finanzas\" \/>\n<meta name=\"robots\" content=\"index, follow, max-snippet:-1, max-image-preview:large, max-video-preview:-1\" \/>\n<link rel=\"canonical\" href=\"https:\/\/aldaia.es\/es\/adl-y-comercio\/oficina-de-asesoramiento-financiero-a-empresas\/\" \/>\n<meta property=\"og:locale\" content=\"es_ES\" \/>\n<meta property=\"og:type\" content=\"article\" \/>\n<meta property=\"og:title\" content=\"Oficina de Asesoramiento Financiero a Empresas - Ayuntamiento de Aldaia\" \/>\n<meta property=\"og:description\" content=\"El Ayuntamiento de Aldaia ha puesto en marcha la\u00a0Oficina d&#039;Assessorament Financer d&#039;Empreses d&#039;Aldaia. Instituto Valenciano de Finanzas\" \/>\n<meta property=\"og:url\" content=\"https:\/\/aldaia.es\/es\/adl-y-comercio\/oficina-de-asesoramiento-financiero-a-empresas\/\" \/>\n<meta property=\"og:site_name\" content=\"Ayuntamiento de Aldaia\" \/>\n<meta property=\"article:modified_time\" content=\"2024-09-06T11:55:22+00:00\" \/>\n<meta property=\"og:image\" content=\"https:\/\/aldaia.es\/wp-content\/uploads\/2023\/01\/oafe-2.jpeg\" \/>\n<script type=\"application\/ld+json\" class=\"yoast-schema-graph\">{\"@context\":\"https:\/\/schema.org\",\"@graph\":[{\"@type\":\"WebPage\",\"@id\":\"https:\/\/aldaia.es\/es\/adl-y-comercio\/oficina-de-asesoramiento-financiero-a-empresas\/\",\"url\":\"https:\/\/aldaia.es\/es\/adl-y-comercio\/oficina-de-asesoramiento-financiero-a-empresas\/\",\"name\":\"Oficina de Asesoramiento Financiero a Empresas - Ayuntamiento de Aldaia\",\"isPartOf\":{\"@id\":\"https:\/\/aldaia.es\/es\/#website\"},\"primaryImageOfPage\":{\"@id\":\"https:\/\/aldaia.es\/es\/adl-y-comercio\/oficina-de-asesoramiento-financiero-a-empresas\/#primaryimage\"},\"image\":{\"@id\":\"https:\/\/aldaia.es\/es\/adl-y-comercio\/oficina-de-asesoramiento-financiero-a-empresas\/#primaryimage\"},\"thumbnailUrl\":\"https:\/\/aldaia.es\/wp-content\/uploads\/2023\/01\/oafe-2.jpeg\",\"datePublished\":\"2022-08-23T12:51:15+00:00\",\"dateModified\":\"2024-09-06T11:55:22+00:00\",\"description\":\"El Ayuntamiento de Aldaia ha puesto en marcha la\u00a0Oficina d'Assessorament Financer d'Empreses d'Aldaia. Instituto Valenciano de Finanzas\",\"breadcrumb\":{\"@id\":\"https:\/\/aldaia.es\/es\/adl-y-comercio\/oficina-de-asesoramiento-financiero-a-empresas\/#breadcrumb\"},\"inLanguage\":\"es\",\"potentialAction\":[{\"@type\":\"ReadAction\",\"target\":[\"https:\/\/aldaia.es\/es\/adl-y-comercio\/oficina-de-asesoramiento-financiero-a-empresas\/\"]}]},{\"@type\":\"ImageObject\",\"inLanguage\":\"es\",\"@id\":\"https:\/\/aldaia.es\/es\/adl-y-comercio\/oficina-de-asesoramiento-financiero-a-empresas\/#primaryimage\",\"url\":\"https:\/\/aldaia.es\/wp-content\/uploads\/2023\/01\/oafe-2.jpeg\",\"contentUrl\":\"https:\/\/aldaia.es\/wp-content\/uploads\/2023\/01\/oafe-2.jpeg\"},{\"@type\":\"BreadcrumbList\",\"@id\":\"https:\/\/aldaia.es\/es\/adl-y-comercio\/oficina-de-asesoramiento-financiero-a-empresas\/#breadcrumb\",\"itemListElement\":[{\"@type\":\"ListItem\",\"position\":1,\"name\":\"Portada\",\"item\":\"https:\/\/aldaia.es\/es\/\"},{\"@type\":\"ListItem\",\"position\":2,\"name\":\"ADL y Comercio\",\"item\":\"https:\/\/aldaia.es\/es\/adl-y-comercio\/\"},{\"@type\":\"ListItem\",\"position\":3,\"name\":\"Oficina de Asesoramiento Financiero a Empresas\"}]},{\"@type\":\"WebSite\",\"@id\":\"https:\/\/aldaia.es\/es\/#website\",\"url\":\"https:\/\/aldaia.es\/es\/\",\"name\":\"Ajuntament D'Aldaia\",\"description\":\"\",\"publisher\":{\"@id\":\"https:\/\/aldaia.es\/es\/#organization\"},\"alternateName\":\"Ajuntament D'Aldaia\",\"potentialAction\":[{\"@type\":\"SearchAction\",\"target\":{\"@type\":\"EntryPoint\",\"urlTemplate\":\"https:\/\/aldaia.es\/es\/?s={search_term_string}\"},\"query-input\":{\"@type\":\"PropertyValueSpecification\",\"valueRequired\":true,\"valueName\":\"search_term_string\"}}],\"inLanguage\":\"es\"},{\"@type\":\"Organization\",\"@id\":\"https:\/\/aldaia.es\/es\/#organization\",\"name\":\"Ajuntament D'Aldaia\",\"url\":\"https:\/\/aldaia.es\/es\/\",\"logo\":{\"@type\":\"ImageObject\",\"inLanguage\":\"es\",\"@id\":\"https:\/\/aldaia.es\/es\/#\/schema\/logo\/image\/\",\"url\":\"https:\/\/aldaia.es\/wp-content\/uploads\/2022\/06\/aldaia-negro-1.png\",\"contentUrl\":\"https:\/\/aldaia.es\/wp-content\/uploads\/2022\/06\/aldaia-negro-1.png\",\"width\":152,\"height\":70,\"caption\":\"Ajuntament D'Aldaia\"},\"image\":{\"@id\":\"https:\/\/aldaia.es\/es\/#\/schema\/logo\/image\/\"}}]}<\/script>\n<!-- \/ Yoast SEO plugin. -->","yoast_head_json":{"title":"Oficina de Asesoramiento Financiero a Empresas - Ayuntamiento de Aldaia","description":"El Ayuntamiento de Aldaia ha puesto en marcha la\u00a0Oficina d'Assessorament Financer d'Empreses d'Aldaia. Instituto Valenciano de Finanzas","robots":{"index":"index","follow":"follow","max-snippet":"max-snippet:-1","max-image-preview":"max-image-preview:large","max-video-preview":"max-video-preview:-1"},"canonical":"https:\/\/aldaia.es\/es\/adl-y-comercio\/oficina-de-asesoramiento-financiero-a-empresas\/","og_locale":"es_ES","og_type":"article","og_title":"Oficina de Asesoramiento Financiero a Empresas - Ayuntamiento de Aldaia","og_description":"El Ayuntamiento de Aldaia ha puesto en marcha la\u00a0Oficina d'Assessorament Financer d'Empreses d'Aldaia. Instituto Valenciano de Finanzas","og_url":"https:\/\/aldaia.es\/es\/adl-y-comercio\/oficina-de-asesoramiento-financiero-a-empresas\/","og_site_name":"Ayuntamiento de Aldaia","article_modified_time":"2024-09-06T11:55:22+00:00","og_image":[{"url":"https:\/\/aldaia.es\/wp-content\/uploads\/2023\/01\/oafe-2.jpeg","type":"","width":"","height":""}],"schema":{"@context":"https:\/\/schema.org","@graph":[{"@type":"WebPage","@id":"https:\/\/aldaia.es\/es\/adl-y-comercio\/oficina-de-asesoramiento-financiero-a-empresas\/","url":"https:\/\/aldaia.es\/es\/adl-y-comercio\/oficina-de-asesoramiento-financiero-a-empresas\/","name":"Oficina de Asesoramiento Financiero a Empresas - Ayuntamiento de Aldaia","isPartOf":{"@id":"https:\/\/aldaia.es\/es\/#website"},"primaryImageOfPage":{"@id":"https:\/\/aldaia.es\/es\/adl-y-comercio\/oficina-de-asesoramiento-financiero-a-empresas\/#primaryimage"},"image":{"@id":"https:\/\/aldaia.es\/es\/adl-y-comercio\/oficina-de-asesoramiento-financiero-a-empresas\/#primaryimage"},"thumbnailUrl":"https:\/\/aldaia.es\/wp-content\/uploads\/2023\/01\/oafe-2.jpeg","datePublished":"2022-08-23T12:51:15+00:00","dateModified":"2024-09-06T11:55:22+00:00","description":"El Ayuntamiento de Aldaia ha puesto en marcha la\u00a0Oficina d'Assessorament Financer d'Empreses d'Aldaia. Instituto Valenciano de Finanzas","breadcrumb":{"@id":"https:\/\/aldaia.es\/es\/adl-y-comercio\/oficina-de-asesoramiento-financiero-a-empresas\/#breadcrumb"},"inLanguage":"es","potentialAction":[{"@type":"ReadAction","target":["https:\/\/aldaia.es\/es\/adl-y-comercio\/oficina-de-asesoramiento-financiero-a-empresas\/"]}]},{"@type":"ImageObject","inLanguage":"es","@id":"https:\/\/aldaia.es\/es\/adl-y-comercio\/oficina-de-asesoramiento-financiero-a-empresas\/#primaryimage","url":"https:\/\/aldaia.es\/wp-content\/uploads\/2023\/01\/oafe-2.jpeg","contentUrl":"https:\/\/aldaia.es\/wp-content\/uploads\/2023\/01\/oafe-2.jpeg"},{"@type":"BreadcrumbList","@id":"https:\/\/aldaia.es\/es\/adl-y-comercio\/oficina-de-asesoramiento-financiero-a-empresas\/#breadcrumb","itemListElement":[{"@type":"ListItem","position":1,"name":"Portada","item":"https:\/\/aldaia.es\/es\/"},{"@type":"ListItem","position":2,"name":"ADL y Comercio","item":"https:\/\/aldaia.es\/es\/adl-y-comercio\/"},{"@type":"ListItem","position":3,"name":"Oficina de Asesoramiento Financiero a Empresas"}]},{"@type":"WebSite","@id":"https:\/\/aldaia.es\/es\/#website","url":"https:\/\/aldaia.es\/es\/","name":"Ajuntament D'Aldaia","description":"","publisher":{"@id":"https:\/\/aldaia.es\/es\/#organization"},"alternateName":"Ajuntament D'Aldaia","potentialAction":[{"@type":"SearchAction","target":{"@type":"EntryPoint","urlTemplate":"https:\/\/aldaia.es\/es\/?s={search_term_string}"},"query-input":{"@type":"PropertyValueSpecification","valueRequired":true,"valueName":"search_term_string"}}],"inLanguage":"es"},{"@type":"Organization","@id":"https:\/\/aldaia.es\/es\/#organization","name":"Ajuntament D'Aldaia","url":"https:\/\/aldaia.es\/es\/","logo":{"@type":"ImageObject","inLanguage":"es","@id":"https:\/\/aldaia.es\/es\/#\/schema\/logo\/image\/","url":"https:\/\/aldaia.es\/wp-content\/uploads\/2022\/06\/aldaia-negro-1.png","contentUrl":"https:\/\/aldaia.es\/wp-content\/uploads\/2022\/06\/aldaia-negro-1.png","width":152,"height":70,"caption":"Ajuntament D'Aldaia"},"image":{"@id":"https:\/\/aldaia.es\/es\/#\/schema\/logo\/image\/"}}]}},"_links":{"self":[{"href":"https:\/\/aldaia.es\/es\/wp-json\/wp\/v2\/pages\/6463","targetHints":{"allow":["GET"]}}],"collection":[{"href":"https:\/\/aldaia.es\/es\/wp-json\/wp\/v2\/pages"}],"about":[{"href":"https:\/\/aldaia.es\/es\/wp-json\/wp\/v2\/types\/page"}],"author":[{"embeddable":true,"href":"https:\/\/aldaia.es\/es\/wp-json\/wp\/v2\/users\/2"}],"replies":[{"embeddable":true,"href":"https:\/\/aldaia.es\/es\/wp-json\/wp\/v2\/comments?post=6463"}],"version-history":[{"count":9,"href":"https:\/\/aldaia.es\/es\/wp-json\/wp\/v2\/pages\/6463\/revisions"}],"predecessor-version":[{"id":31130,"href":"https:\/\/aldaia.es\/es\/wp-json\/wp\/v2\/pages\/6463\/revisions\/31130"}],"up":[{"embeddable":true,"href":"https:\/\/aldaia.es\/es\/wp-json\/wp\/v2\/pages\/6207"}],"wp:attachment":[{"href":"https:\/\/aldaia.es\/es\/wp-json\/wp\/v2\/media?parent=6463"}],"curies":[{"name":"wp","href":"https:\/\/api.w.org\/{rel}","templated":true}]}}