{"id":6465,"date":"2022-08-30T09:05:17","date_gmt":"2022-08-30T07:05:17","guid":{"rendered":"https:\/\/aldaia.eu\/padron\/"},"modified":"2024-09-25T13:00:19","modified_gmt":"2024-09-25T11:00:19","slug":"padron","status":"publish","type":"page","link":"https:\/\/aldaia.es\/es\/servicios-administrativos\/padron\/","title":{"rendered":"Padr\u00f3n municipal"},"content":{"rendered":"\n<div class=\"wp-block-columns dep-administracion is-layout-flex wp-container-core-columns-is-layout-9d6595d7 wp-block-columns-is-layout-flex\">\n<div class=\"wp-block-column is-layout-flow wp-block-column-is-layout-flow\" style=\"flex-basis:30%\"><!--  Info administracion -->\n\n \n\n<div class='bloque-infos-administracion wrapper-departamentos'>\n<p class=\"tit-bloque-infos\">Ajuntament d'Aldaia <\/p>\n        <div class='infos-departamento'>\n            <p>Plaza Constituci\u00f3n, 10, 46960 Aldaia Valencia<\/p>\n            <p><i class=\"fa fa-phone\" aria-hidden=\"true\"><\/i> <a href=\"tel:+34961510693\">+34 96 151 06 93<\/a><\/p>\n            <p><i class=\"fas fa-envelope\"><\/i> <a href=\"mailto:ajuntament@ajuntamentaldaia.org\">ajuntament@ajuntamentaldaia.org<\/a><\/p>\n            \n        <\/div>\n\n        <div class='mapa-1'>\n        <iframe src=\"https:\/\/www.google.com\/maps\/embed?pb=!1m18!1m12!1m3!1d622.7679968418242!2d-0.4608059177881311!3d39.465164288659615!2m3!1f0!2f0!3f0!3m2!1i1024!2i768!4f13.1!3m3!1m2!1s0xd6051b0ac582aed%3A0xd3a2ed9d1d945ab0!2sAyuntamiento%20de%20Aldaya!5e0!3m2!1ses!2sus!4v1725979182758!5m2!1ses!2sus\" width=\"100%\" height=\"450\" style=\"border:0;\" allowfullscreen=\"\" loading=\"lazy\" referrerpolicy=\"no-referrer-when-downgrade\"><\/iframe>\n        <\/div>\n\n    <\/div>\n    <!-- end bloque infos -->\n   \n\n    \n\n\n<\/div>\n\n\n\n<div class=\"wp-block-column is-layout-flow wp-block-column-is-layout-flow\" style=\"flex-basis:70%\">\n<h1 class=\"wp-block-heading\">Padr\u00f3n municipal<\/h1>\n\n\n\n<p>Seg\u00fan los datos publicados por el INE a 1 de Enero de 2019 el n\u00famero de habitantes en Aldaia es de 31.864, 372 habitantes m\u00e1s que en 2018.<\/p>\n\n\n\n<p>El Padr\u00f3n municipal es el registro administrativo en el que constan los vecinos de un municipio. Sus datos constituyen prueba de la residencia en el municipio y del domicilio habitual en \u00e9ste.<\/p>\n\n\n\n<p>La formaci\u00f3n, mantenimiento, revisi\u00f3n y custodia del Padr\u00f3n municipal corresponde al Ayuntamiento, de acuerdo con lo que establezca la legislaci\u00f3n del Estado.<\/p>\n\n\n\n<p>La inscripci\u00f3n en el Padr\u00f3n municipal contendr\u00e1 como obligatorios s\u00f3lo los siguientes datos:<\/p>\n\n\n\n<p>a) Nombre y apellidos.<\/p>\n\n\n\n<p>b) Sexo.<\/p>\n\n\n\n<p>c) Domicilio habitual.<\/p>\n\n\n\n<p>d) Nacionalidad.<\/p>\n\n\n\n<p>e) Lugar y fecha de nacimiento.<\/p>\n\n\n\n<p>f) N\u00famero de documento nacional de identidad o, trat\u00e1ndose de extranjeros:<\/p>\n\n\n\n<p>\u2014 N\u00famero de la tarjeta de residencia en vigor, expedida por las autoridades espa\u00f1olas, o en su defecto, n\u00famero del documento acreditativo de la identidad o del pasaporte en vigor expedido por las autoridades del pa\u00eds de procedencia, trat\u00e1ndose de ciudadanos nacionales de Estados miembros de la Uni\u00f3n Europea, de otros Estados parte en el Acuerdo sobre el Espacio Econ\u00f3mico Europeo o de Estados a los que, en virtud de un convenio internacional se extienda el r\u00e9gimen jur\u00eddico previsto para los ciudadanos de los Estados citados.<\/p>\n\n\n\n<p>\u2014 N\u00famero de identificaci\u00f3n de extranjero que conste en documento, en vigor, expedido por las autoridades espa\u00f1olas o, en su defecto, por no ser titulares de \u00e9stos, el n\u00famero del pasaporte en vigor expedido por las autoridades del pa\u00eds de procedencia, trat\u00e1ndose de ciudadanos nacionales de Estados no comprendidos en el inciso anterior de este p\u00e1rrafo, salvo que, por virtud de Tratado o Acuerdo Internacional, gocen de un r\u00e9gimen espec\u00edfico de exenci\u00f3n de visado en materia de peque\u00f1o tr\u00e1fico fronterizo con el municipio en el que se pretenda el empadronamiento, en cuyo caso, se exigir\u00e1 el correspondiente visado.<\/p>\n\n\n\n<p>g) Certificado o t\u00edtulo escolar o acad\u00e9mico que se posea.<\/p>\n\n\n\n<p>h) Cuantos otros datos puedan ser necesarios para la elaboraci\u00f3n del Censo Electoral, siempre que se garantice el respeto a los derechos fundamentales reconocidos en la Constituci\u00f3n.<\/p>\n\n\n\n<p>Los datos del Padr\u00f3n Municipal se ceder\u00e1n a otras Administraciones p\u00fablicas que lo soliciten sin consentimiento previo al afectado s\u00f3lo cuando les sean necesarios para el ejercicio de sus respectivas competencias, y exclusivamente para asuntos en los que la residencia o el domicilio sean datos relevantes. Tambi\u00e9n pueden servir para elaborar estad\u00edsticas oficiales sometidas al secreto estad\u00edstico, en los t\u00e9rminos previstos en la Ley 12\/1989, de 9 de mayo, de la Funci\u00f3n Estad\u00edstica P\u00fablica y en las leyes de estad\u00edstica de las comunidades aut\u00f3nomas con competencia en la materia .<\/p>\n<\/div>\n<\/div>\n\n\n\n<div class=\"wp-block-columns is-layout-flex wp-container-core-columns-is-layout-9d6595d7 wp-block-columns-is-layout-flex\">\n<div class=\"wp-block-column lista_adjuntos is-layout-flow wp-block-column-is-layout-flow\">\n<h2 class=\"wp-block-heading display-4\">Enlaces<\/h2>\n\n\n\n<p><i class=\"fas fa-file-pdf\"><\/i> <a href=\"https:\/\/sede.ine.gob.es\/ss\/Satellite?c=SETramite_C&amp;cid=1254734895886&amp;lang=es_ES&amp;p=1254734719739&amp;pagename=SedeElectronica%2FSELayout\" target=\"_blank\" rel=\"noreferrer noopener\">Consulta de datos de inscripci\u00f3n en la base padronal<\/a><\/p>\n\n\n\n<p><i class=\"fas fa-file-pdf\"><\/i> <a href=\"https:\/\/sede.valencia.es\/sede\/registro\/procedimiento\/PA.CE.10\" target=\"_blank\" rel=\"noreferrer noopener\">Sede electr\u00f3nica<\/a><\/p>\n<\/div>\n<\/div>\n\n\n\n<p><\/p>\n","protected":false},"excerpt":{"rendered":"<p>Padr\u00f3n municipal Seg\u00fan los datos publicados por el INE a 1 de Enero de 2019 el n\u00famero de habitantes en Aldaia es de 31.864, 372 habitantes m\u00e1s que en 2018. <a class=\"text-decoration-none text-black\" href=\"https:\/\/aldaia.es\/es\/servicios-administrativos\/padron\/\"> &#8230; <\/a><\/p>\n","protected":false},"author":16,"featured_media":0,"parent":6255,"menu_order":0,"comment_status":"closed","ping_status":"closed","template":"basic-page-departamentos.php","meta":{"_acf_changed":false,"footnotes":""},"class_list":["post-6465","page","type-page","status-publish","hentry"],"acf":[],"yoast_head":"<!-- This site is optimized with the Yoast SEO plugin v27.0 - https:\/\/yoast.com\/product\/yoast-seo-wordpress\/ -->\n<title>Padr\u00f3n municipal - Ayuntamiento de Aldaia<\/title>\n<meta name=\"description\" content=\"El Padr\u00f3n municipal es el registro administrativo en el que constan los vecinos de un municipio. Datos de poblaci\u00f3n en la localidad.\" \/>\n<meta name=\"robots\" content=\"index, follow, max-snippet:-1, max-image-preview:large, max-video-preview:-1\" \/>\n<link rel=\"canonical\" href=\"https:\/\/aldaia.es\/es\/servicios-administrativos\/padron\/\" \/>\n<meta property=\"og:locale\" content=\"es_ES\" \/>\n<meta property=\"og:type\" content=\"article\" \/>\n<meta property=\"og:title\" content=\"Padr\u00f3n municipal - Ayuntamiento de Aldaia\" \/>\n<meta property=\"og:description\" content=\"El Padr\u00f3n municipal es el registro administrativo en el que constan los vecinos de un municipio. Datos de poblaci\u00f3n en la localidad.\" \/>\n<meta property=\"og:url\" content=\"https:\/\/aldaia.es\/es\/servicios-administrativos\/padron\/\" \/>\n<meta property=\"og:site_name\" content=\"Ayuntamiento de Aldaia\" \/>\n<meta property=\"article:modified_time\" content=\"2024-09-25T11:00:19+00:00\" \/>\n<script type=\"application\/ld+json\" class=\"yoast-schema-graph\">{\"@context\":\"https:\/\/schema.org\",\"@graph\":[{\"@type\":\"WebPage\",\"@id\":\"https:\/\/aldaia.es\/es\/servicios-administrativos\/padron\/\",\"url\":\"https:\/\/aldaia.es\/es\/servicios-administrativos\/padron\/\",\"name\":\"Padr\u00f3n municipal - Ayuntamiento de Aldaia\",\"isPartOf\":{\"@id\":\"https:\/\/aldaia.es\/es\/#website\"},\"datePublished\":\"2022-08-30T07:05:17+00:00\",\"dateModified\":\"2024-09-25T11:00:19+00:00\",\"description\":\"El Padr\u00f3n municipal es el registro administrativo en el que constan los vecinos de un municipio. Datos de poblaci\u00f3n en la localidad.\",\"breadcrumb\":{\"@id\":\"https:\/\/aldaia.es\/es\/servicios-administrativos\/padron\/#breadcrumb\"},\"inLanguage\":\"es\",\"potentialAction\":[{\"@type\":\"ReadAction\",\"target\":[\"https:\/\/aldaia.es\/es\/servicios-administrativos\/padron\/\"]}]},{\"@type\":\"BreadcrumbList\",\"@id\":\"https:\/\/aldaia.es\/es\/servicios-administrativos\/padron\/#breadcrumb\",\"itemListElement\":[{\"@type\":\"ListItem\",\"position\":1,\"name\":\"Portada\",\"item\":\"https:\/\/aldaia.es\/es\/\"},{\"@type\":\"ListItem\",\"position\":2,\"name\":\"Servicios administrativos\",\"item\":\"https:\/\/aldaia.es\/es\/servicios-administrativos\/\"},{\"@type\":\"ListItem\",\"position\":3,\"name\":\"Padr\u00f3n municipal\"}]},{\"@type\":\"WebSite\",\"@id\":\"https:\/\/aldaia.es\/es\/#website\",\"url\":\"https:\/\/aldaia.es\/es\/\",\"name\":\"Ajuntament D'Aldaia\",\"description\":\"\",\"publisher\":{\"@id\":\"https:\/\/aldaia.es\/es\/#organization\"},\"alternateName\":\"Ajuntament D'Aldaia\",\"potentialAction\":[{\"@type\":\"SearchAction\",\"target\":{\"@type\":\"EntryPoint\",\"urlTemplate\":\"https:\/\/aldaia.es\/es\/?s={search_term_string}\"},\"query-input\":{\"@type\":\"PropertyValueSpecification\",\"valueRequired\":true,\"valueName\":\"search_term_string\"}}],\"inLanguage\":\"es\"},{\"@type\":\"Organization\",\"@id\":\"https:\/\/aldaia.es\/es\/#organization\",\"name\":\"Ajuntament D'Aldaia\",\"url\":\"https:\/\/aldaia.es\/es\/\",\"logo\":{\"@type\":\"ImageObject\",\"inLanguage\":\"es\",\"@id\":\"https:\/\/aldaia.es\/es\/#\/schema\/logo\/image\/\",\"url\":\"https:\/\/aldaia.es\/wp-content\/uploads\/2022\/06\/aldaia-negro-1.png\",\"contentUrl\":\"https:\/\/aldaia.es\/wp-content\/uploads\/2022\/06\/aldaia-negro-1.png\",\"width\":152,\"height\":70,\"caption\":\"Ajuntament D'Aldaia\"},\"image\":{\"@id\":\"https:\/\/aldaia.es\/es\/#\/schema\/logo\/image\/\"}}]}<\/script>\n<!-- \/ Yoast SEO plugin. -->","yoast_head_json":{"title":"Padr\u00f3n municipal - Ayuntamiento de Aldaia","description":"El Padr\u00f3n municipal es el registro administrativo en el que constan los vecinos de un municipio. Datos de poblaci\u00f3n en la localidad.","robots":{"index":"index","follow":"follow","max-snippet":"max-snippet:-1","max-image-preview":"max-image-preview:large","max-video-preview":"max-video-preview:-1"},"canonical":"https:\/\/aldaia.es\/es\/servicios-administrativos\/padron\/","og_locale":"es_ES","og_type":"article","og_title":"Padr\u00f3n municipal - Ayuntamiento de Aldaia","og_description":"El Padr\u00f3n municipal es el registro administrativo en el que constan los vecinos de un municipio. Datos de poblaci\u00f3n en la localidad.","og_url":"https:\/\/aldaia.es\/es\/servicios-administrativos\/padron\/","og_site_name":"Ayuntamiento de Aldaia","article_modified_time":"2024-09-25T11:00:19+00:00","schema":{"@context":"https:\/\/schema.org","@graph":[{"@type":"WebPage","@id":"https:\/\/aldaia.es\/es\/servicios-administrativos\/padron\/","url":"https:\/\/aldaia.es\/es\/servicios-administrativos\/padron\/","name":"Padr\u00f3n municipal - Ayuntamiento de Aldaia","isPartOf":{"@id":"https:\/\/aldaia.es\/es\/#website"},"datePublished":"2022-08-30T07:05:17+00:00","dateModified":"2024-09-25T11:00:19+00:00","description":"El Padr\u00f3n municipal es el registro administrativo en el que constan los vecinos de un municipio. Datos de poblaci\u00f3n en la localidad.","breadcrumb":{"@id":"https:\/\/aldaia.es\/es\/servicios-administrativos\/padron\/#breadcrumb"},"inLanguage":"es","potentialAction":[{"@type":"ReadAction","target":["https:\/\/aldaia.es\/es\/servicios-administrativos\/padron\/"]}]},{"@type":"BreadcrumbList","@id":"https:\/\/aldaia.es\/es\/servicios-administrativos\/padron\/#breadcrumb","itemListElement":[{"@type":"ListItem","position":1,"name":"Portada","item":"https:\/\/aldaia.es\/es\/"},{"@type":"ListItem","position":2,"name":"Servicios administrativos","item":"https:\/\/aldaia.es\/es\/servicios-administrativos\/"},{"@type":"ListItem","position":3,"name":"Padr\u00f3n municipal"}]},{"@type":"WebSite","@id":"https:\/\/aldaia.es\/es\/#website","url":"https:\/\/aldaia.es\/es\/","name":"Ajuntament D'Aldaia","description":"","publisher":{"@id":"https:\/\/aldaia.es\/es\/#organization"},"alternateName":"Ajuntament D'Aldaia","potentialAction":[{"@type":"SearchAction","target":{"@type":"EntryPoint","urlTemplate":"https:\/\/aldaia.es\/es\/?s={search_term_string}"},"query-input":{"@type":"PropertyValueSpecification","valueRequired":true,"valueName":"search_term_string"}}],"inLanguage":"es"},{"@type":"Organization","@id":"https:\/\/aldaia.es\/es\/#organization","name":"Ajuntament D'Aldaia","url":"https:\/\/aldaia.es\/es\/","logo":{"@type":"ImageObject","inLanguage":"es","@id":"https:\/\/aldaia.es\/es\/#\/schema\/logo\/image\/","url":"https:\/\/aldaia.es\/wp-content\/uploads\/2022\/06\/aldaia-negro-1.png","contentUrl":"https:\/\/aldaia.es\/wp-content\/uploads\/2022\/06\/aldaia-negro-1.png","width":152,"height":70,"caption":"Ajuntament D'Aldaia"},"image":{"@id":"https:\/\/aldaia.es\/es\/#\/schema\/logo\/image\/"}}]}},"_links":{"self":[{"href":"https:\/\/aldaia.es\/es\/wp-json\/wp\/v2\/pages\/6465","targetHints":{"allow":["GET"]}}],"collection":[{"href":"https:\/\/aldaia.es\/es\/wp-json\/wp\/v2\/pages"}],"about":[{"href":"https:\/\/aldaia.es\/es\/wp-json\/wp\/v2\/types\/page"}],"author":[{"embeddable":true,"href":"https:\/\/aldaia.es\/es\/wp-json\/wp\/v2\/users\/16"}],"replies":[{"embeddable":true,"href":"https:\/\/aldaia.es\/es\/wp-json\/wp\/v2\/comments?post=6465"}],"version-history":[{"count":5,"href":"https:\/\/aldaia.es\/es\/wp-json\/wp\/v2\/pages\/6465\/revisions"}],"predecessor-version":[{"id":33179,"href":"https:\/\/aldaia.es\/es\/wp-json\/wp\/v2\/pages\/6465\/revisions\/33179"}],"up":[{"embeddable":true,"href":"https:\/\/aldaia.es\/es\/wp-json\/wp\/v2\/pages\/6255"}],"wp:attachment":[{"href":"https:\/\/aldaia.es\/es\/wp-json\/wp\/v2\/media?parent=6465"}],"curies":[{"name":"wp","href":"https:\/\/api.w.org\/{rel}","templated":true}]}}