{"id":6467,"date":"2022-08-29T14:27:00","date_gmt":"2022-08-29T12:27:00","guid":{"rendered":"https:\/\/aldaia.eu\/plan-joven\/"},"modified":"2024-09-23T13:55:32","modified_gmt":"2024-09-23T11:55:32","slug":"plan-joven","status":"publish","type":"page","link":"https:\/\/aldaia.es\/es\/juventud\/plan-joven\/","title":{"rendered":"Plan Joven"},"content":{"rendered":"\n<div class=\"wp-block-columns dep-juventud is-layout-flex wp-container-core-columns-is-layout-9d6595d7 wp-block-columns-is-layout-flex\">\n<div class=\"wp-block-column is-layout-flow wp-block-column-is-layout-flow\" style=\"flex-basis:30%\"><!--  Info juventud -->\n\n \n\n<div class='bloque-infos-juventud wrapper-departamentos'>\n<p class=\"tit-bloque-infos\">Centro Gent Jove<\/p>\n    <div class='infos-departamento'>\n        <p>Plaza Constituci\u00f3n, 10, 46960 Aldaia Valencia<\/p>\n        <p><i class=\"fa fa-phone\" aria-hidden=\"true\"><\/i> <a href=\"tel:+34964636246\">+34 964 636 246<\/a><\/p>\n        <p><strong>Horario:<\/strong> De lunes a viernes de 9h a 21h.<\/p>\n        <p><a href=\"https:\/\/www.facebook.com\/centrematildesalvador\/\" target=\"_blank\" rel=\"noreferrer noopener\"><i class=\"fab fa-facebook\"><\/i><\/a> &nbsp;&nbsp; <a href=\"https:\/\/www.instagram.com\/gentjove_aldaia\/\" target=\"_blank\" rel=\"noreferrer noopener\"><i class=\"fab fa-square-instagram\"><\/i><\/a>  &nbsp;&nbsp;  <a href=\"https:\/\/www.youtube.com\/@gentjove4994\" target=\"_blank\" rel=\"noreferrer noopener\"><i class=\"fab fa-youtube\"><\/i><\/a> <\/p>\n           \n     <\/div>\n\n     <div class='mapa-1'>\n        <iframe src=\"https:\/\/www.google.com\/maps\/embed?pb=!1m18!1m12!1m3!1d622.7679968418242!2d-0.4608059177881311!3d39.465164288659615!2m3!1f0!2f0!3f0!3m2!1i1024!2i768!4f13.1!3m3!1m2!1s0xd6051b0ac582aed%3A0xd3a2ed9d1d945ab0!2sAyuntamiento%20de%20Aldaya!5e0!3m2!1ses!2sus!4v1725979182758!5m2!1ses!2sus\" width=\"100%\" height=\"450\" style=\"border:0;\" allowfullscreen=\"\" loading=\"lazy\" referrerpolicy=\"no-referrer-when-downgrade\"><\/iframe>\n    <\/div>\n<br>\n\n<p class=\"tit-bloque-infos\">Centro Matilde Salvador<\/p>\n    <div class='infos-departamento'>\n        <p>C\/ Maestro Serrano, 42, Piso 1 - Puerta 1, 46960 Aldaia, Valencia<\/p>\n        <p><i class=\"fa fa-phone\" aria-hidden=\"true\"><\/i> <a href=\"tel:+34964636246\">+34 961 988 796<\/a><\/p>\n        <p><strong>Horario:<\/strong> De lunes a viernes de 9h a 14h y de 17h a 21h.<\/p>\n              \n     <\/div>\n\n     <div class='mapa-1'>\n        <iframe src=\"https:\/\/www.google.com\/maps\/embed?pb=!1m18!1m12!1m3!1d3080.501933719872!2d-0.4695230881715891!3d39.457988013314!2m3!1f0!2f0!3f0!3m2!1i1024!2i768!4f13.1!3m3!1m2!1s0xd605038e1ce4193%3A0xdb19ed001da1e3b3!2sCentro%20Sociocultural%20Matilde%20Salvador!5e0!3m2!1ses!2ses!4v1727076403998!5m2!1ses!2ses\" width=\"100%\" height=\"450\" style=\"border:0;\" allowfullscreen=\"\" loading=\"lazy\" referrerpolicy=\"no-referrer-when-downgrade\"><\/iframe>\n    <\/div>\n\n<\/div>\n<!-- end bloque infos -->\n   \n\n    \n\n\n<\/div>\n\n\n\n<div class=\"wp-block-column is-layout-flow wp-block-column-is-layout-flow\" style=\"flex-basis:70%\">\n<h1 class=\"wp-block-heading\">Plan Joven de Aldaia 2021-2025<\/h1>\n\n\n\n<p>El \u201cPlan Joven de Aldaia 2021-2025\u201d es la hoja de ruta para que las pol\u00edticas de Juventud de Aldaia respondan de forma efectiva y concreta a las nuevas necesidades de las personas j\u00f3venes de nuestro municipio. Supone, por tanto, un gran avance en este \u00e1mbito a escala municipal, ya que no es un compendio de acciones previstas por una administraci\u00f3n de forma aislada, sino un conjunto de estrategias de acci\u00f3n, con objetivos concretos y definidos a partir de las inquietudes que cientos de j\u00f3venes de Aldaia han manifestado a trav\u00e9s del proceso participativo \u201cAmplificaveu\u201d y que finalmente han desembocado en una recopilaci\u00f3n de iniciativas transversales e integrales que pretenden dar respuesta a las demandas y necesidades planteadas por los propios j\u00f3venes.<\/p>\n\n\n\n<div class=\"wp-block-columns is-layout-flex wp-container-core-columns-is-layout-9d6595d7 wp-block-columns-is-layout-flex\">\n<div class=\"wp-block-column lista_adjuntos is-layout-flow wp-block-column-is-layout-flow\">\n<h2 class=\"wp-block-heading display-4\">Adjuntos<\/h2>\n\n\n\n<p><i class=\"fas fa-file-pdf\"><\/i> <a href=\"https:\/\/aldaia.es\/wp-content\/uploads\/2023\/02\/pla_jove_digital.pdf\" target=\"_blank\" rel=\"noreferrer noopener\">Plan Joven de Aldaia 2021-2025<\/a><\/p>\n<\/div>\n<\/div>\n<\/div>\n<\/div>\n\n\n\n<p><\/p>\n","protected":false},"excerpt":{"rendered":"<p>Plan Joven de Aldaia 2021-2025 El \u201cPlan Joven de Aldaia 2021-2025\u201d es la hoja de ruta para que las pol\u00edticas de Juventud de Aldaia respondan de forma efectiva y concreta <a class=\"text-decoration-none text-black\" href=\"https:\/\/aldaia.es\/es\/juventud\/plan-joven\/\"> &#8230; <\/a><\/p>\n","protected":false},"author":15,"featured_media":0,"parent":6253,"menu_order":0,"comment_status":"closed","ping_status":"closed","template":"basic-page-departamentos.php","meta":{"_acf_changed":false,"footnotes":""},"class_list":["post-6467","page","type-page","status-publish","hentry"],"acf":[],"yoast_head":"<!-- This site is optimized with the Yoast SEO plugin v27.0 - https:\/\/yoast.com\/product\/yoast-seo-wordpress\/ -->\n<title>Plan Joven - Ayuntamiento de Aldaia<\/title>\n<meta name=\"robots\" content=\"index, follow, max-snippet:-1, max-image-preview:large, max-video-preview:-1\" \/>\n<link rel=\"canonical\" href=\"https:\/\/aldaia.es\/es\/juventud\/plan-joven\/\" \/>\n<meta property=\"og:locale\" content=\"es_ES\" \/>\n<meta property=\"og:type\" content=\"article\" \/>\n<meta property=\"og:title\" content=\"Plan Joven - Ayuntamiento de Aldaia\" \/>\n<meta property=\"og:description\" content=\"Plan Joven de Aldaia 2021-2025 El \u201cPlan Joven de Aldaia 2021-2025\u201d es la hoja de ruta para que las pol\u00edticas de Juventud de Aldaia respondan de forma efectiva y concreta ...\" \/>\n<meta property=\"og:url\" content=\"https:\/\/aldaia.es\/es\/juventud\/plan-joven\/\" \/>\n<meta property=\"og:site_name\" content=\"Ayuntamiento de Aldaia\" \/>\n<meta property=\"article:modified_time\" content=\"2024-09-23T11:55:32+00:00\" \/>\n<script type=\"application\/ld+json\" class=\"yoast-schema-graph\">{\"@context\":\"https:\/\/schema.org\",\"@graph\":[{\"@type\":\"WebPage\",\"@id\":\"https:\/\/aldaia.es\/es\/juventud\/plan-joven\/\",\"url\":\"https:\/\/aldaia.es\/es\/juventud\/plan-joven\/\",\"name\":\"Plan Joven - Ayuntamiento de Aldaia\",\"isPartOf\":{\"@id\":\"https:\/\/aldaia.es\/es\/#website\"},\"datePublished\":\"2022-08-29T12:27:00+00:00\",\"dateModified\":\"2024-09-23T11:55:32+00:00\",\"breadcrumb\":{\"@id\":\"https:\/\/aldaia.es\/es\/juventud\/plan-joven\/#breadcrumb\"},\"inLanguage\":\"es\",\"potentialAction\":[{\"@type\":\"ReadAction\",\"target\":[\"https:\/\/aldaia.es\/es\/juventud\/plan-joven\/\"]}]},{\"@type\":\"BreadcrumbList\",\"@id\":\"https:\/\/aldaia.es\/es\/juventud\/plan-joven\/#breadcrumb\",\"itemListElement\":[{\"@type\":\"ListItem\",\"position\":1,\"name\":\"Portada\",\"item\":\"https:\/\/aldaia.es\/es\/\"},{\"@type\":\"ListItem\",\"position\":2,\"name\":\"Juventud\",\"item\":\"https:\/\/aldaia.es\/es\/juventud\/\"},{\"@type\":\"ListItem\",\"position\":3,\"name\":\"Plan Joven\"}]},{\"@type\":\"WebSite\",\"@id\":\"https:\/\/aldaia.es\/es\/#website\",\"url\":\"https:\/\/aldaia.es\/es\/\",\"name\":\"Ajuntament D'Aldaia\",\"description\":\"\",\"publisher\":{\"@id\":\"https:\/\/aldaia.es\/es\/#organization\"},\"alternateName\":\"Ajuntament D'Aldaia\",\"potentialAction\":[{\"@type\":\"SearchAction\",\"target\":{\"@type\":\"EntryPoint\",\"urlTemplate\":\"https:\/\/aldaia.es\/es\/?s={search_term_string}\"},\"query-input\":{\"@type\":\"PropertyValueSpecification\",\"valueRequired\":true,\"valueName\":\"search_term_string\"}}],\"inLanguage\":\"es\"},{\"@type\":\"Organization\",\"@id\":\"https:\/\/aldaia.es\/es\/#organization\",\"name\":\"Ajuntament D'Aldaia\",\"url\":\"https:\/\/aldaia.es\/es\/\",\"logo\":{\"@type\":\"ImageObject\",\"inLanguage\":\"es\",\"@id\":\"https:\/\/aldaia.es\/es\/#\/schema\/logo\/image\/\",\"url\":\"https:\/\/aldaia.es\/wp-content\/uploads\/2022\/06\/aldaia-negro-1.png\",\"contentUrl\":\"https:\/\/aldaia.es\/wp-content\/uploads\/2022\/06\/aldaia-negro-1.png\",\"width\":152,\"height\":70,\"caption\":\"Ajuntament D'Aldaia\"},\"image\":{\"@id\":\"https:\/\/aldaia.es\/es\/#\/schema\/logo\/image\/\"}}]}<\/script>\n<!-- \/ Yoast SEO plugin. -->","yoast_head_json":{"title":"Plan Joven - Ayuntamiento de Aldaia","robots":{"index":"index","follow":"follow","max-snippet":"max-snippet:-1","max-image-preview":"max-image-preview:large","max-video-preview":"max-video-preview:-1"},"canonical":"https:\/\/aldaia.es\/es\/juventud\/plan-joven\/","og_locale":"es_ES","og_type":"article","og_title":"Plan Joven - Ayuntamiento de Aldaia","og_description":"Plan Joven de Aldaia 2021-2025 El \u201cPlan Joven de Aldaia 2021-2025\u201d es la hoja de ruta para que las pol\u00edticas de Juventud de Aldaia respondan de forma efectiva y concreta ...","og_url":"https:\/\/aldaia.es\/es\/juventud\/plan-joven\/","og_site_name":"Ayuntamiento de Aldaia","article_modified_time":"2024-09-23T11:55:32+00:00","schema":{"@context":"https:\/\/schema.org","@graph":[{"@type":"WebPage","@id":"https:\/\/aldaia.es\/es\/juventud\/plan-joven\/","url":"https:\/\/aldaia.es\/es\/juventud\/plan-joven\/","name":"Plan Joven - Ayuntamiento de Aldaia","isPartOf":{"@id":"https:\/\/aldaia.es\/es\/#website"},"datePublished":"2022-08-29T12:27:00+00:00","dateModified":"2024-09-23T11:55:32+00:00","breadcrumb":{"@id":"https:\/\/aldaia.es\/es\/juventud\/plan-joven\/#breadcrumb"},"inLanguage":"es","potentialAction":[{"@type":"ReadAction","target":["https:\/\/aldaia.es\/es\/juventud\/plan-joven\/"]}]},{"@type":"BreadcrumbList","@id":"https:\/\/aldaia.es\/es\/juventud\/plan-joven\/#breadcrumb","itemListElement":[{"@type":"ListItem","position":1,"name":"Portada","item":"https:\/\/aldaia.es\/es\/"},{"@type":"ListItem","position":2,"name":"Juventud","item":"https:\/\/aldaia.es\/es\/juventud\/"},{"@type":"ListItem","position":3,"name":"Plan Joven"}]},{"@type":"WebSite","@id":"https:\/\/aldaia.es\/es\/#website","url":"https:\/\/aldaia.es\/es\/","name":"Ajuntament D'Aldaia","description":"","publisher":{"@id":"https:\/\/aldaia.es\/es\/#organization"},"alternateName":"Ajuntament D'Aldaia","potentialAction":[{"@type":"SearchAction","target":{"@type":"EntryPoint","urlTemplate":"https:\/\/aldaia.es\/es\/?s={search_term_string}"},"query-input":{"@type":"PropertyValueSpecification","valueRequired":true,"valueName":"search_term_string"}}],"inLanguage":"es"},{"@type":"Organization","@id":"https:\/\/aldaia.es\/es\/#organization","name":"Ajuntament D'Aldaia","url":"https:\/\/aldaia.es\/es\/","logo":{"@type":"ImageObject","inLanguage":"es","@id":"https:\/\/aldaia.es\/es\/#\/schema\/logo\/image\/","url":"https:\/\/aldaia.es\/wp-content\/uploads\/2022\/06\/aldaia-negro-1.png","contentUrl":"https:\/\/aldaia.es\/wp-content\/uploads\/2022\/06\/aldaia-negro-1.png","width":152,"height":70,"caption":"Ajuntament D'Aldaia"},"image":{"@id":"https:\/\/aldaia.es\/es\/#\/schema\/logo\/image\/"}}]}},"_links":{"self":[{"href":"https:\/\/aldaia.es\/es\/wp-json\/wp\/v2\/pages\/6467","targetHints":{"allow":["GET"]}}],"collection":[{"href":"https:\/\/aldaia.es\/es\/wp-json\/wp\/v2\/pages"}],"about":[{"href":"https:\/\/aldaia.es\/es\/wp-json\/wp\/v2\/types\/page"}],"author":[{"embeddable":true,"href":"https:\/\/aldaia.es\/es\/wp-json\/wp\/v2\/users\/15"}],"replies":[{"embeddable":true,"href":"https:\/\/aldaia.es\/es\/wp-json\/wp\/v2\/comments?post=6467"}],"version-history":[{"count":5,"href":"https:\/\/aldaia.es\/es\/wp-json\/wp\/v2\/pages\/6467\/revisions"}],"predecessor-version":[{"id":32936,"href":"https:\/\/aldaia.es\/es\/wp-json\/wp\/v2\/pages\/6467\/revisions\/32936"}],"up":[{"embeddable":true,"href":"https:\/\/aldaia.es\/es\/wp-json\/wp\/v2\/pages\/6253"}],"wp:attachment":[{"href":"https:\/\/aldaia.es\/es\/wp-json\/wp\/v2\/media?parent=6467"}],"curies":[{"name":"wp","href":"https:\/\/api.w.org\/{rel}","templated":true}]}}