{"id":6472,"date":"2022-08-31T09:06:24","date_gmt":"2022-08-31T07:06:24","guid":{"rendered":"https:\/\/aldaia.eu\/programas-de-conciliacion-de-la-vida-laboral-y-familiar\/"},"modified":"2024-09-20T08:31:19","modified_gmt":"2024-09-20T06:31:19","slug":"programas-de-conciliacion-de-la-vida-laboral-y-familiar","status":"publish","type":"page","link":"https:\/\/aldaia.es\/es\/educacion\/programas-de-conciliacion-de-la-vida-laboral-y-familiar\/","title":{"rendered":"Programas de conciliaci\u00f3n de la vida laboral y familiar"},"content":{"rendered":"\n<div class=\"wp-block-columns dep-educacion is-layout-flex wp-container-core-columns-is-layout-9d6595d7 wp-block-columns-is-layout-flex\">\n<div class=\"wp-block-column is-layout-flow wp-block-column-is-layout-flow\" style=\"flex-basis:30%\"><!--  Info educacion -->\n\n \n\n<div class='bloque-infos-educacion wrapper-departamentos'>\n<p class=\"tit-bloque-infos\">Centro Municipal Vicent Andres Estell\u00e9s<\/p>\n        <div class='infos-departamento'>\n            <p>Av. Miguel Hern\u00e1ndez, 36, 46960 Aldaia, Valencia, Espa\u00f1a<\/p>\n            <p><i class=\"fa fa-phone\" aria-hidden=\"true\"><\/i> <a href=\"tel:+34961988812\">+34 96 198 88 12<\/a><\/p>\n            <p><strong>Horari:<\/strong><\/p>\n            <p>Lunes a Viernes de 9:00 a 14:00 horas. Tardes lunes de 17:00 a 19:00 horas.<\/p>\n            <p><i class=\"fas fa-envelope\"><\/i> <a href=\"mailto:educacio@ajuntamentaldaia.org\">educacio@ajuntamentaldaia.org<\/a><\/p>\n           \n        <\/div>\n\n        <div class='mapa-1'>\n        <iframe src=\"https:\/\/www.google.com\/maps\/embed?pb=!1m18!1m12!1m3!1d2690.682908478369!2d-0.4686331129630299!3d39.46730324512737!2m3!1f0!2f0!3f0!3m2!1i1024!2i768!4f13.1!3m3!1m2!1s0xd605015adeec8f5%3A0x8b1b4140f8e0c4b3!2sCentre%20Municipal%20Vicent%20Andres%20Estell%C3%A9s!5e0!3m2!1ses!2sus!4v1726660218475!5m2!1ses!2sus\" width=\"100%\" height=\"450\" style=\"border:0;\" allowfullscreen=\"\" loading=\"lazy\" referrerpolicy=\"no-referrer-when-downgrade\"><\/iframe>\n        <\/div>\n\n    <\/div>\n    <!-- end bloque infos -->\n   \n\n    \n\n\n<\/div>\n\n\n\n<div class=\"wp-block-column is-layout-flow wp-block-column-is-layout-flow\" style=\"flex-basis:70%\">\n<h1 class=\"wp-block-heading\">Programas de conciliaci\u00f3n de la vida laboral y familiar<\/h1>\n\n\n\n<p>Ofrecemos varios servicios y actividades para ayudar a conciliar la vida laboral y familiar:<\/p>\n\n\n\n<ul class=\"wp-block-list\">\n<li>Escuela madrugadora<\/li>\n\n\n\n<li>Escuela de verano<\/li>\n\n\n\n<li>Horarios de conciliaci\u00f3n de verano (julio)<\/li>\n\n\n\n<li>Ludotecas, programas de Navidad y Pascua\u2026<\/li>\n\n\n\n<li>Escuela infantil.<\/li>\n\n\n\n<li>Programas de atenci\u00f3n a los mayores y discapacitados: Servicio de Ayuda a domicilio, centro de d\u00eda, club de ocio de mayores, centro de ocio para discapacitados\u2026<\/li>\n\n\n\n<li>Horario de apertura al p\u00fablico en los servicios municipales de ma\u00f1ana y tarde.<\/li>\n<\/ul>\n\n\n\n<h2 class=\"wp-block-heading\">Escola Infantil Municipal Llavoreta<\/h2>\n\n\n\n<h3 class=\"wp-block-heading\"><strong>\u00bfQu\u00e9 es?<\/strong><\/h3>\n\n\n\n<p>Es una apuesta por mejorar la vida laboral y familiar de las familias.<\/p>\n\n\n\n<ul class=\"wp-block-list\">\n<li>Responde a las caracter\u00edsticas de Escola que concilia la vida familiar y laboral por sus amplios horarios.<\/li>\n\n\n\n<li>Facilita la integraci\u00f3n de los ni\u00f1os con necesidades educativas especiales respetando la singularidad y la diversidad de cada ni\u00f1o.<\/li>\n\n\n\n<li>Plantea una educaci\u00f3n triling\u00fce (valenciano, castellano e ingl\u00e9s) aprovechando la facilidad para el aprendizaje ling\u00edstico en los primeros a\u00f1os de vida.<\/li>\n\n\n\n<li>Favorece una educaci\u00f3n para la igualdad y el respeto.<\/li>\n\n\n\n<li>Responde a criterios de nuevas metodolog\u00edas con la priorizaci\u00f3n de aprendizajes funcionales y significativos, manteniendo una concepci\u00f3n constructivista del desarrollo aprendizaje.<\/li>\n<\/ul>\n\n\n\n<p>T\u00e9 una capacitat de 140 places per a xiquets de 0 a 3 anys (1er Cicle Educaci\u00f3 Infantil).<\/p>\n\n\n\n<div class=\"wp-block-columns lista_adjuntos is-layout-flex wp-container-core-columns-is-layout-9d6595d7 wp-block-columns-is-layout-flex\">\n<div class=\"wp-block-column is-layout-flow wp-block-column-is-layout-flow\">\n<p><i class=\"fas fa-link\"><\/i> <a href=\"https:\/\/aldaia.es\/es\/educacion\/preinscripcion-llavoreta\/\">Preinscripci\u00f3n Llavoreta<\/a><\/p>\n<\/div>\n<\/div>\n\n\n\n<h2 class=\"wp-block-heading\">Escuela de verano<\/h2>\n\n\n\n<h3 class=\"wp-block-heading\"><strong>\u00bfQu\u00e9 es?<\/strong><\/h3>\n\n\n\n<p>La \u201cEscuela de Verano\u201d es una propuesta del Ayuntamiento para todos los ni\u00f1os y ni\u00f1as y adolescentes que quieran disfrutar en el mes de julio de actividades de ocio, actividades de calle, reuniones al aire libre, deporte , excursiones, aprendizajes \u00fatiles, piscina\u2026<\/p>\n\n\n\n<p>Cuenta con un programa especial de conciliaci\u00f3n (horario especial de ma\u00f1anas, comida\u2026).<\/p>\n\n\n\n<p>Cada a\u00f1o existe un programa espec\u00edfico con todas las indicaciones y posibilidades (se puede consultar en la web y en la programaci\u00f3n de papel).<\/p>\n\n\n\n<h3 class=\"wp-block-heading\"><strong>\u00bfA qui\u00e9n est\u00e1 dirigido?<\/strong><\/h3>\n\n\n\n<p>Est\u00e1 dirigida a <strong>ni\u00f1os y ni\u00f1as desde los 3 a\u00f1os<\/strong>, sin l\u00edmite de edad por encima de esta cifra.<\/p>\n\n\n\n<h2 class=\"wp-block-heading\">Juegos de Navidad y Pascua<\/h2>\n\n\n\n<p>Durante estos d\u00edas, las familias pueden dejar a sus hijos e hijas por la ma\u00f1ana y al mediod\u00eda. Las actividades l\u00fadicas est\u00e1n dirigidas por especialistas.<\/p>\n\n\n\n<p>Hay servicio de comedor.<\/p>\n\n\n\n<h3 class=\"wp-block-heading\"><strong>\u00bfQui\u00e9n puede solicitarlo?<\/strong><\/h3>\n\n\n\n<p>Esta actividad va dirigida a ni\u00f1os y ni\u00f1as de entre 3 y 9 a\u00f1os.<\/p>\n\n\n\n<div class=\"wp-block-columns lista_adjuntos is-layout-flex wp-container-core-columns-is-layout-9d6595d7 wp-block-columns-is-layout-flex\">\n<div class=\"wp-block-column is-layout-flow wp-block-column-is-layout-flow\">\n<p><i class=\"fas fa-link\"><\/i> <a href=\"https:\/\/aldaia.es\/educacio\/campus-de-pasqua\/\">Campus de Pascua<\/a><\/p>\n<\/div>\n<\/div>\n<\/div>\n<\/div>\n\n\n\n<div class=\"wp-block-columns is-layout-flex wp-container-core-columns-is-layout-9d6595d7 wp-block-columns-is-layout-flex\">\n<div class=\"wp-block-column lista_adjuntos is-layout-flow wp-block-column-is-layout-flow\">\n<h2 class=\"wp-block-heading display-4\">Adjuntos<\/h2>\n\n\n\n<p><i class=\"fas fa-file-pdf\"><\/i> <a href=\"https:\/\/aldaia.es\/wp-content\/uploads\/2024\/07\/24-25-INSCRIPCION-ALTA-ESCOLA-MATINERA-CAST_d.pdf\" target=\"_blank\" rel=\"noreferrer noopener\">Inscripci\u00f3n escuela matinera Curso 2024 -25<\/a><\/p>\n\n\n\n<p><i class=\"fas fa-file-pdf\"><\/i> <a href=\"https:\/\/aldaia.es\/wp-content\/uploads\/2024\/07\/24-25-Formas_de_pago_escola_matinera-CAST_d.pdf\" target=\"_blank\" rel=\"noreferrer noopener\">Forma de pago escola matinera Curs 2024 -25<\/a><\/p>\n<\/div>\n<\/div>\n\n\n\n<div class=\"wp-block-columns is-layout-flex wp-container-core-columns-is-layout-9d6595d7 wp-block-columns-is-layout-flex\">\n<div class=\"wp-block-column lista_adjuntos is-layout-flow wp-block-column-is-layout-flow\">\n<h2 class=\"wp-block-heading display-4\">Enlaces<\/h2>\n\n\n\n<p><i class=\"fas fa-link\"><\/i>  <a href=\"https:\/\/aldaia.es\/es\/educacion\/preinscripcion-llavoreta\/\">Preinscripci\u00f3n Llavoreta<\/a><\/p>\n<\/div>\n<\/div>\n","protected":false},"excerpt":{"rendered":"<p>Programas de conciliaci\u00f3n de la vida laboral y familiar Ofrecemos varios servicios y actividades para ayudar a conciliar la vida laboral y familiar: Escola Infantil Municipal Llavoreta \u00bfQu\u00e9 es? Es <a class=\"text-decoration-none text-black\" href=\"https:\/\/aldaia.es\/es\/educacion\/programas-de-conciliacion-de-la-vida-laboral-y-familiar\/\"> &#8230; <\/a><\/p>\n","protected":false},"author":1,"featured_media":0,"parent":6252,"menu_order":0,"comment_status":"closed","ping_status":"closed","template":"basic-page-departamentos.php","meta":{"_acf_changed":false,"footnotes":""},"class_list":["post-6472","page","type-page","status-publish","hentry"],"acf":[],"yoast_head":"<!-- This site is optimized with the Yoast SEO plugin v27.0 - https:\/\/yoast.com\/product\/yoast-seo-wordpress\/ -->\n<title>Programas de conciliaci\u00f3n de la vida laboral y familiar - Ayuntamiento de Aldaia<\/title>\n<meta name=\"description\" content=\"Ofrecemos varios servicios y actividades para ayudar a conciliar la vida laboral y familiar en verano, navidad, pascua y para beb\u00e9s.\" \/>\n<meta name=\"robots\" content=\"index, follow, max-snippet:-1, max-image-preview:large, max-video-preview:-1\" \/>\n<link rel=\"canonical\" href=\"https:\/\/aldaia.es\/es\/educacion\/programas-de-conciliacion-de-la-vida-laboral-y-familiar\/\" \/>\n<meta property=\"og:locale\" content=\"es_ES\" \/>\n<meta property=\"og:type\" content=\"article\" \/>\n<meta property=\"og:title\" content=\"Programas de conciliaci\u00f3n de la vida laboral y familiar - Ayuntamiento de Aldaia\" \/>\n<meta property=\"og:description\" content=\"Ofrecemos varios servicios y actividades para ayudar a conciliar la vida laboral y familiar en verano, navidad, pascua y para beb\u00e9s.\" \/>\n<meta property=\"og:url\" content=\"https:\/\/aldaia.es\/es\/educacion\/programas-de-conciliacion-de-la-vida-laboral-y-familiar\/\" \/>\n<meta property=\"og:site_name\" content=\"Ayuntamiento de Aldaia\" \/>\n<meta property=\"article:modified_time\" content=\"2024-09-20T06:31:19+00:00\" \/>\n<script type=\"application\/ld+json\" class=\"yoast-schema-graph\">{\"@context\":\"https:\/\/schema.org\",\"@graph\":[{\"@type\":\"WebPage\",\"@id\":\"https:\/\/aldaia.es\/es\/educacion\/programas-de-conciliacion-de-la-vida-laboral-y-familiar\/\",\"url\":\"https:\/\/aldaia.es\/es\/educacion\/programas-de-conciliacion-de-la-vida-laboral-y-familiar\/\",\"name\":\"Programas de conciliaci\u00f3n de la vida laboral y familiar - Ayuntamiento de Aldaia\",\"isPartOf\":{\"@id\":\"https:\/\/aldaia.es\/es\/#website\"},\"datePublished\":\"2022-08-31T07:06:24+00:00\",\"dateModified\":\"2024-09-20T06:31:19+00:00\",\"description\":\"Ofrecemos varios servicios y actividades para ayudar a conciliar la vida laboral y familiar en verano, navidad, pascua y para beb\u00e9s.\",\"breadcrumb\":{\"@id\":\"https:\/\/aldaia.es\/es\/educacion\/programas-de-conciliacion-de-la-vida-laboral-y-familiar\/#breadcrumb\"},\"inLanguage\":\"es\",\"potentialAction\":[{\"@type\":\"ReadAction\",\"target\":[\"https:\/\/aldaia.es\/es\/educacion\/programas-de-conciliacion-de-la-vida-laboral-y-familiar\/\"]}]},{\"@type\":\"BreadcrumbList\",\"@id\":\"https:\/\/aldaia.es\/es\/educacion\/programas-de-conciliacion-de-la-vida-laboral-y-familiar\/#breadcrumb\",\"itemListElement\":[{\"@type\":\"ListItem\",\"position\":1,\"name\":\"Portada\",\"item\":\"https:\/\/aldaia.es\/es\/\"},{\"@type\":\"ListItem\",\"position\":2,\"name\":\"Educaci\u00f3n\",\"item\":\"https:\/\/aldaia.es\/es\/educacion\/\"},{\"@type\":\"ListItem\",\"position\":3,\"name\":\"Programas de conciliaci\u00f3n de la vida laboral y familiar\"}]},{\"@type\":\"WebSite\",\"@id\":\"https:\/\/aldaia.es\/es\/#website\",\"url\":\"https:\/\/aldaia.es\/es\/\",\"name\":\"Ajuntament D'Aldaia\",\"description\":\"\",\"publisher\":{\"@id\":\"https:\/\/aldaia.es\/es\/#organization\"},\"alternateName\":\"Ajuntament D'Aldaia\",\"potentialAction\":[{\"@type\":\"SearchAction\",\"target\":{\"@type\":\"EntryPoint\",\"urlTemplate\":\"https:\/\/aldaia.es\/es\/?s={search_term_string}\"},\"query-input\":{\"@type\":\"PropertyValueSpecification\",\"valueRequired\":true,\"valueName\":\"search_term_string\"}}],\"inLanguage\":\"es\"},{\"@type\":\"Organization\",\"@id\":\"https:\/\/aldaia.es\/es\/#organization\",\"name\":\"Ajuntament D'Aldaia\",\"url\":\"https:\/\/aldaia.es\/es\/\",\"logo\":{\"@type\":\"ImageObject\",\"inLanguage\":\"es\",\"@id\":\"https:\/\/aldaia.es\/es\/#\/schema\/logo\/image\/\",\"url\":\"https:\/\/aldaia.es\/wp-content\/uploads\/2022\/06\/aldaia-negro-1.png\",\"contentUrl\":\"https:\/\/aldaia.es\/wp-content\/uploads\/2022\/06\/aldaia-negro-1.png\",\"width\":152,\"height\":70,\"caption\":\"Ajuntament D'Aldaia\"},\"image\":{\"@id\":\"https:\/\/aldaia.es\/es\/#\/schema\/logo\/image\/\"}}]}<\/script>\n<!-- \/ Yoast SEO plugin. -->","yoast_head_json":{"title":"Programas de conciliaci\u00f3n de la vida laboral y familiar - Ayuntamiento de Aldaia","description":"Ofrecemos varios servicios y actividades para ayudar a conciliar la vida laboral y familiar en verano, navidad, pascua y para beb\u00e9s.","robots":{"index":"index","follow":"follow","max-snippet":"max-snippet:-1","max-image-preview":"max-image-preview:large","max-video-preview":"max-video-preview:-1"},"canonical":"https:\/\/aldaia.es\/es\/educacion\/programas-de-conciliacion-de-la-vida-laboral-y-familiar\/","og_locale":"es_ES","og_type":"article","og_title":"Programas de conciliaci\u00f3n de la vida laboral y familiar - Ayuntamiento de Aldaia","og_description":"Ofrecemos varios servicios y actividades para ayudar a conciliar la vida laboral y familiar en verano, navidad, pascua y para beb\u00e9s.","og_url":"https:\/\/aldaia.es\/es\/educacion\/programas-de-conciliacion-de-la-vida-laboral-y-familiar\/","og_site_name":"Ayuntamiento de Aldaia","article_modified_time":"2024-09-20T06:31:19+00:00","schema":{"@context":"https:\/\/schema.org","@graph":[{"@type":"WebPage","@id":"https:\/\/aldaia.es\/es\/educacion\/programas-de-conciliacion-de-la-vida-laboral-y-familiar\/","url":"https:\/\/aldaia.es\/es\/educacion\/programas-de-conciliacion-de-la-vida-laboral-y-familiar\/","name":"Programas de conciliaci\u00f3n de la vida laboral y familiar - Ayuntamiento de Aldaia","isPartOf":{"@id":"https:\/\/aldaia.es\/es\/#website"},"datePublished":"2022-08-31T07:06:24+00:00","dateModified":"2024-09-20T06:31:19+00:00","description":"Ofrecemos varios servicios y actividades para ayudar a conciliar la vida laboral y familiar en verano, navidad, pascua y para beb\u00e9s.","breadcrumb":{"@id":"https:\/\/aldaia.es\/es\/educacion\/programas-de-conciliacion-de-la-vida-laboral-y-familiar\/#breadcrumb"},"inLanguage":"es","potentialAction":[{"@type":"ReadAction","target":["https:\/\/aldaia.es\/es\/educacion\/programas-de-conciliacion-de-la-vida-laboral-y-familiar\/"]}]},{"@type":"BreadcrumbList","@id":"https:\/\/aldaia.es\/es\/educacion\/programas-de-conciliacion-de-la-vida-laboral-y-familiar\/#breadcrumb","itemListElement":[{"@type":"ListItem","position":1,"name":"Portada","item":"https:\/\/aldaia.es\/es\/"},{"@type":"ListItem","position":2,"name":"Educaci\u00f3n","item":"https:\/\/aldaia.es\/es\/educacion\/"},{"@type":"ListItem","position":3,"name":"Programas de conciliaci\u00f3n de la vida laboral y familiar"}]},{"@type":"WebSite","@id":"https:\/\/aldaia.es\/es\/#website","url":"https:\/\/aldaia.es\/es\/","name":"Ajuntament D'Aldaia","description":"","publisher":{"@id":"https:\/\/aldaia.es\/es\/#organization"},"alternateName":"Ajuntament D'Aldaia","potentialAction":[{"@type":"SearchAction","target":{"@type":"EntryPoint","urlTemplate":"https:\/\/aldaia.es\/es\/?s={search_term_string}"},"query-input":{"@type":"PropertyValueSpecification","valueRequired":true,"valueName":"search_term_string"}}],"inLanguage":"es"},{"@type":"Organization","@id":"https:\/\/aldaia.es\/es\/#organization","name":"Ajuntament D'Aldaia","url":"https:\/\/aldaia.es\/es\/","logo":{"@type":"ImageObject","inLanguage":"es","@id":"https:\/\/aldaia.es\/es\/#\/schema\/logo\/image\/","url":"https:\/\/aldaia.es\/wp-content\/uploads\/2022\/06\/aldaia-negro-1.png","contentUrl":"https:\/\/aldaia.es\/wp-content\/uploads\/2022\/06\/aldaia-negro-1.png","width":152,"height":70,"caption":"Ajuntament D'Aldaia"},"image":{"@id":"https:\/\/aldaia.es\/es\/#\/schema\/logo\/image\/"}}]}},"_links":{"self":[{"href":"https:\/\/aldaia.es\/es\/wp-json\/wp\/v2\/pages\/6472","targetHints":{"allow":["GET"]}}],"collection":[{"href":"https:\/\/aldaia.es\/es\/wp-json\/wp\/v2\/pages"}],"about":[{"href":"https:\/\/aldaia.es\/es\/wp-json\/wp\/v2\/types\/page"}],"author":[{"embeddable":true,"href":"https:\/\/aldaia.es\/es\/wp-json\/wp\/v2\/users\/1"}],"replies":[{"embeddable":true,"href":"https:\/\/aldaia.es\/es\/wp-json\/wp\/v2\/comments?post=6472"}],"version-history":[{"count":6,"href":"https:\/\/aldaia.es\/es\/wp-json\/wp\/v2\/pages\/6472\/revisions"}],"predecessor-version":[{"id":32525,"href":"https:\/\/aldaia.es\/es\/wp-json\/wp\/v2\/pages\/6472\/revisions\/32525"}],"up":[{"embeddable":true,"href":"https:\/\/aldaia.es\/es\/wp-json\/wp\/v2\/pages\/6252"}],"wp:attachment":[{"href":"https:\/\/aldaia.es\/es\/wp-json\/wp\/v2\/media?parent=6472"}],"curies":[{"name":"wp","href":"https:\/\/api.w.org\/{rel}","templated":true}]}}