{"id":6474,"date":"2022-08-30T09:36:56","date_gmt":"2022-08-30T07:36:56","guid":{"rendered":"https:\/\/aldaia.eu\/puam-aldaia\/"},"modified":"2024-09-25T10:40:44","modified_gmt":"2024-09-25T08:40:44","slug":"puam-aldaia","status":"publish","type":"page","link":"https:\/\/aldaia.es\/es\/urbanismo-y-medio-ambiente\/puam-aldaia\/","title":{"rendered":"PUAM Aldaia"},"content":{"rendered":"\n<div class=\"wp-block-columns is-not-stacked-on-mobile dep-urbanismo is-layout-flex wp-container-core-columns-is-layout-9d6595d7 wp-block-columns-is-layout-flex\">\n<div class=\"wp-block-column is-layout-flow wp-block-column-is-layout-flow\" style=\"flex-basis:30%\"><!--  Info urbanismo -->\n\n \n\n<div class='bloque-infos-urbanismo wrapper-departamentos'>\n<p class=\"tit-bloque-infos\">Departamento de Urbanismo y Medio ambiente<\/p>\n        <div class='infos-departamento'>\n            <p>Plaza Constituci\u00f3n, 10, 46960 Aldaia Valencia<\/p>\n            <p><i class=\"fa fa-phone\" aria-hidden=\"true\"><\/i> <a href=\"tel:+34961501500\">+34 96 150 15 00<\/a><\/p>\n            <p><i class=\"fa fa-phone\" aria-hidden=\"true\"><\/i> <a href=\"tel:+34961510693\">+34 96 151 06 93<\/a><\/p>\n            <p><i class=\"fas fa-envelope\"><\/i> <a href=\"mailto:urbanisme@ajuntamentaldaia.org\">urbanisme@ajuntamentaldaia.org<\/a><\/p>\n            \n        <\/div>\n\n        <div class='mapa-1'>\n        <iframe src=\"https:\/\/www.google.com\/maps\/embed?pb=!1m18!1m12!1m3!1d622.7679968418242!2d-0.4608059177881311!3d39.465164288659615!2m3!1f0!2f0!3f0!3m2!1i1024!2i768!4f13.1!3m3!1m2!1s0xd6051b0ac582aed%3A0xd3a2ed9d1d945ab0!2sAyuntamiento%20de%20Aldaya!5e0!3m2!1ses!2sus!4v1725979182758!5m2!1ses!2sus\" width=\"100%\" height=\"450\" style=\"border:0;\" allowfullscreen=\"\" loading=\"lazy\" referrerpolicy=\"no-referrer-when-downgrade\"><\/iframe>\n        <\/div>\n\n    <\/div>\n    <!-- end bloque infos -->\n   \n\n    \n\n\n<\/div>\n\n\n\n<div class=\"wp-block-column is-layout-flow wp-block-column-is-layout-flow\" style=\"flex-basis:70%\">\n<h1 class=\"wp-block-heading\">Plan Urbano Actuaci\u00f3n Municipal (PUAM) Aldaia<\/h1>\n\n\n\n<p>El Plan Urbano de Actuaci\u00f3n Municipal de Aldaia (PUAM ALDAIA) es un documento de car\u00e1cter estrat\u00e9gico local que describe las l\u00edneas de actuaci\u00f3n del municipio con el fin de incorporar los objetivos establecidos por la Agenda 2030 y las prioridades futuras respecto a obras y servicios en la agenda urbana municipal.<\/p>\n\n\n\n<p>Surge de la convocatoria de la Diputaci\u00f3n de Valencia dentro de su Plan de Inversiones, con el objetivo de que todas las entidades locales de la provincia de Valencia dispongan de su propio Plan Urbano de Actuaci\u00f3n Municipal (PUAM) en consenso con la ciudadan\u00eda, con el fin de que las actuaciones incluidas en estos planes puedan ser elegidas como subvencionables en el Plan de Inversiones del bienio 2022-2023.<\/p>\n\n\n\n<p>La naturaleza de estos planes es su alineaci\u00f3n con los 17 Objetivos de Desarrollo Sostenible (ODS) de la Agenda 2030 para el Desarrollo Sostenible, que abarcan las esferas econ\u00f3mica, social y ambiental, y en el que cada entidad local, debe adaptar sus recursos, actividades y objetivos en funci\u00f3n de los retos espec\u00edficos que desea afrontar.<\/p>\n\n\n\n<p>El principal punto de partida del PUAM de Aldaia es el de entender la ciudad y el territorio como el espacio f\u00edsico donde se desarrollan las relaciones personales y la diversidad de usos, que deben dise\u00f1arse para superponerse, interrelacionarse y fomentarse entre ellos, puesto que el ordenamiento f\u00edsico tiene importantes efectos en la cohesi\u00f3n, la convivencia y el bienestar de las personas.<\/p>\n\n\n\n<p>Y se quiere hacer hincapi\u00e9 principalmente en que no se trate de un documento gen\u00e9rico y\/o te\u00f3rico, sino que sea espec\u00edfico de Aldaia, que responda a sus caracter\u00edsticas y potencialidades, y sea un instrumento \u00fatil para resolver sus problem\u00e1ticas y retos. Y especialmente se pretende que el PUAM sea el resultado de procesos participativos que puedan captar las distintas sensibilidades, logrando consensos y sinergias con la ciudadan\u00eda. Es aqu\u00ed donde su participaci\u00f3n es de gran importancia para el PUAM.<br>Es decir, el PUAM de Aldaia se plantea con vocaci\u00f3n transformadora de los espacios y \u00e1reas municipales y pretende activar, para su desarrollo, los procesos de participaci\u00f3n, debate e interlocuci\u00f3n entre la ciudadan\u00eda y los agentes sociales para concretar un dise\u00f1o municipal de futuro, resultado de la reflexi\u00f3n y de la acci\u00f3n colectiva.<\/p>\n\n\n\n<p>Sin embargo, el PUAM de Aldaia va m\u00e1s all\u00e1 de los requisitos de la propia convocatoria de la Diputaci\u00f3n, buscando su alineaci\u00f3n con el Dec\u00e1logo de Objetivos Estrat\u00e9gicos, los 30 Objetivos espec\u00edficos y las L\u00edneas de Actuaci\u00f3n de la Agenda Urbana Espa\u00f1ola (AUE). La Agenda Urbana Espa\u00f1ola es la hoja de ruta que marcar\u00e1 la estrategia y las acciones a realizar hasta 2030, para hacer de nuestros pueblos y ciudades \u00e1mbitos de convivencia amables, acogedores, saludables y concienciados.<\/p>\n\n\n\n<p>El PUAM de Aldaia ser\u00e1 el resultado de la Estrategia de ciudad que la ciudadan\u00eda defina, resultando un requisito fundamental la correlaci\u00f3n de la Estrategia Urbana de Aldaia con la Agenda 2030 y la Agenda Urbana Espa\u00f1ola, para poder presentar las solicitudes en las convocatorias de ayuda, en igualdad de condiciones con el resto de municipios espa\u00f1oles y obtener la financiaci\u00f3n procedente de diferentes fuentes como el Plan de Inversiones de la Diputaci\u00f3n, los fondos Next Generation o el pr\u00f3ximo Programa Operativo de la Uni\u00f3n Europea para el per\u00edodo 2021-2027.<\/p>\n\n\n\n<p>Esta primera fase de Diagn\u00f3stico resulta especialmente \u00fatil, puesto que aporta un an\u00e1lisis integrado y multidimensional de la realidad, detect\u00e1ndose los principales problemas y retos a los que se enfrenta el municipio.<\/p>\n<\/div>\n<\/div>\n\n\n\n<h2 class=\"wp-block-heading\">Resumen visual<\/h2>\n\n\n\n<figure class=\"wp-block-image size-large\"><img decoding=\"async\" src=\"https:\/\/aldaia.es\/wp-content\/uploads\/2023\/01\/tza1rf.png\" alt=\"\"\/><\/figure>\n\n\n\n<figure class=\"wp-block-image size-large\"><img decoding=\"async\" src=\"https:\/\/aldaia.es\/wp-content\/uploads\/2023\/01\/1cvy4u.png\" alt=\"\"\/><\/figure>\n\n\n\n<figure class=\"wp-block-image size-large\"><img decoding=\"async\" src=\"https:\/\/aldaia.es\/wp-content\/uploads\/2023\/01\/7tscus.png\" alt=\"\"\/><\/figure>\n\n\n\n<div class=\"wp-block-columns is-layout-flex wp-container-core-columns-is-layout-9d6595d7 wp-block-columns-is-layout-flex\">\n<div class=\"wp-block-column lista_adjuntos is-layout-flow wp-block-column-is-layout-flow\">\n<h2 class=\"wp-block-heading display-4\">Adjuntos<\/h2>\n\n\n\n<p><i class=\"fas fa-file-pdf\"><\/i> <a href=\"https:\/\/transparencia.aldaia.es\/sites\/default\/files\/puam-definitivo.pdf\" target=\"_blank\" rel=\"noreferrer noopener\">PUAM Aldaia 2022<\/a><\/p>\n\n\n\n<p><i class=\"fas fa-file-pdf\"><\/i> <a href=\"https:\/\/aldaia.es\/wp-content\/uploads\/2023\/02\/puam_aldaia_documento_inicial_diagnostico%20%281%29.pdf\" target=\"_blank\" rel=\"noreferrer noopener\">Diagnostico del PUAM<\/a><\/p>\n\n\n\n<p><i class=\"fas fa-link\"><\/i> <a href=\"https:\/\/aldaia.es\/wp-content\/uploads\/2023\/01\/puam_aldaia_cartel_personalizado_puam_aldaia.pdf\" target=\"_blank\" rel=\"noreferrer noopener\">Cartel del PUAM Aldaia<\/a><\/p>\n<\/div>\n<\/div>\n\n\n\n<div class=\"wp-block-columns is-layout-flex wp-container-core-columns-is-layout-9d6595d7 wp-block-columns-is-layout-flex\">\n<div class=\"wp-block-column lista_adjuntos is-layout-flow wp-block-column-is-layout-flow\">\n<h2 class=\"wp-block-heading display-4\">Enlaces<\/h2>\n\n\n\n<p><i class=\"fas fa-link\"><\/i> <a href=\"https:\/\/transparencia.aldaia.es\/es\/general\/transparencia\/plan-urbano-actuacion-municipal-puam\" target=\"_blank\" rel=\"noreferrer noopener\">Transparencia<\/a><\/p>\n<\/div>\n<\/div>\n\n\n\n<p><\/p>\n","protected":false},"excerpt":{"rendered":"<p>Plan Urbano Actuaci\u00f3n Municipal (PUAM) Aldaia El Plan Urbano de Actuaci\u00f3n Municipal de Aldaia (PUAM ALDAIA) es un documento de car\u00e1cter estrat\u00e9gico local que describe las l\u00edneas de actuaci\u00f3n del <a class=\"text-decoration-none text-black\" href=\"https:\/\/aldaia.es\/es\/urbanismo-y-medio-ambiente\/puam-aldaia\/\"> &#8230; <\/a><\/p>\n","protected":false},"author":1,"featured_media":0,"parent":6254,"menu_order":0,"comment_status":"closed","ping_status":"closed","template":"basic-page-departamentos.php","meta":{"_acf_changed":false,"footnotes":""},"class_list":["post-6474","page","type-page","status-publish","hentry"],"acf":[],"yoast_head":"<!-- This site is optimized with the Yoast SEO plugin v27.0 - https:\/\/yoast.com\/product\/yoast-seo-wordpress\/ -->\n<title>PUAM Aldaia - Ayuntamiento de Aldaia<\/title>\n<meta name=\"description\" content=\"El Plan Urbano de Actuaci\u00f3n Municipal de Aldaia (PUAM ALDAIA), documento de car\u00e1cter estrat\u00e9gico local. 17 Objetivos Desarrollo Sostenible\" \/>\n<meta name=\"robots\" content=\"index, follow, max-snippet:-1, max-image-preview:large, max-video-preview:-1\" \/>\n<link rel=\"canonical\" href=\"https:\/\/aldaia.es\/es\/urbanismo-y-medio-ambiente\/puam-aldaia\/\" \/>\n<meta property=\"og:locale\" content=\"es_ES\" \/>\n<meta property=\"og:type\" content=\"article\" \/>\n<meta property=\"og:title\" content=\"PUAM Aldaia - Ayuntamiento de Aldaia\" \/>\n<meta property=\"og:description\" content=\"El Plan Urbano de Actuaci\u00f3n Municipal de Aldaia (PUAM ALDAIA), documento de car\u00e1cter estrat\u00e9gico local. 17 Objetivos Desarrollo Sostenible\" \/>\n<meta property=\"og:url\" content=\"https:\/\/aldaia.es\/es\/urbanismo-y-medio-ambiente\/puam-aldaia\/\" \/>\n<meta property=\"og:site_name\" content=\"Ayuntamiento de Aldaia\" \/>\n<meta property=\"article:modified_time\" content=\"2024-09-25T08:40:44+00:00\" \/>\n<meta property=\"og:image\" content=\"https:\/\/aldaia.es\/wp-content\/uploads\/2023\/01\/tza1rf.png\" \/>\n<script type=\"application\/ld+json\" class=\"yoast-schema-graph\">{\"@context\":\"https:\/\/schema.org\",\"@graph\":[{\"@type\":\"WebPage\",\"@id\":\"https:\/\/aldaia.es\/es\/urbanismo-y-medio-ambiente\/puam-aldaia\/\",\"url\":\"https:\/\/aldaia.es\/es\/urbanismo-y-medio-ambiente\/puam-aldaia\/\",\"name\":\"PUAM Aldaia - Ayuntamiento de Aldaia\",\"isPartOf\":{\"@id\":\"https:\/\/aldaia.es\/es\/#website\"},\"primaryImageOfPage\":{\"@id\":\"https:\/\/aldaia.es\/es\/urbanismo-y-medio-ambiente\/puam-aldaia\/#primaryimage\"},\"image\":{\"@id\":\"https:\/\/aldaia.es\/es\/urbanismo-y-medio-ambiente\/puam-aldaia\/#primaryimage\"},\"thumbnailUrl\":\"https:\/\/aldaia.es\/wp-content\/uploads\/2023\/01\/tza1rf.png\",\"datePublished\":\"2022-08-30T07:36:56+00:00\",\"dateModified\":\"2024-09-25T08:40:44+00:00\",\"description\":\"El Plan Urbano de Actuaci\u00f3n Municipal de Aldaia (PUAM ALDAIA), documento de car\u00e1cter estrat\u00e9gico local. 17 Objetivos Desarrollo Sostenible\",\"breadcrumb\":{\"@id\":\"https:\/\/aldaia.es\/es\/urbanismo-y-medio-ambiente\/puam-aldaia\/#breadcrumb\"},\"inLanguage\":\"es\",\"potentialAction\":[{\"@type\":\"ReadAction\",\"target\":[\"https:\/\/aldaia.es\/es\/urbanismo-y-medio-ambiente\/puam-aldaia\/\"]}]},{\"@type\":\"ImageObject\",\"inLanguage\":\"es\",\"@id\":\"https:\/\/aldaia.es\/es\/urbanismo-y-medio-ambiente\/puam-aldaia\/#primaryimage\",\"url\":\"https:\/\/aldaia.es\/wp-content\/uploads\/2023\/01\/tza1rf.png\",\"contentUrl\":\"https:\/\/aldaia.es\/wp-content\/uploads\/2023\/01\/tza1rf.png\"},{\"@type\":\"BreadcrumbList\",\"@id\":\"https:\/\/aldaia.es\/es\/urbanismo-y-medio-ambiente\/puam-aldaia\/#breadcrumb\",\"itemListElement\":[{\"@type\":\"ListItem\",\"position\":1,\"name\":\"Portada\",\"item\":\"https:\/\/aldaia.es\/es\/\"},{\"@type\":\"ListItem\",\"position\":2,\"name\":\"Urbanismo y medio ambiente\",\"item\":\"https:\/\/aldaia.es\/es\/urbanismo-y-medio-ambiente\/\"},{\"@type\":\"ListItem\",\"position\":3,\"name\":\"PUAM Aldaia\"}]},{\"@type\":\"WebSite\",\"@id\":\"https:\/\/aldaia.es\/es\/#website\",\"url\":\"https:\/\/aldaia.es\/es\/\",\"name\":\"Ajuntament D'Aldaia\",\"description\":\"\",\"publisher\":{\"@id\":\"https:\/\/aldaia.es\/es\/#organization\"},\"alternateName\":\"Ajuntament D'Aldaia\",\"potentialAction\":[{\"@type\":\"SearchAction\",\"target\":{\"@type\":\"EntryPoint\",\"urlTemplate\":\"https:\/\/aldaia.es\/es\/?s={search_term_string}\"},\"query-input\":{\"@type\":\"PropertyValueSpecification\",\"valueRequired\":true,\"valueName\":\"search_term_string\"}}],\"inLanguage\":\"es\"},{\"@type\":\"Organization\",\"@id\":\"https:\/\/aldaia.es\/es\/#organization\",\"name\":\"Ajuntament D'Aldaia\",\"url\":\"https:\/\/aldaia.es\/es\/\",\"logo\":{\"@type\":\"ImageObject\",\"inLanguage\":\"es\",\"@id\":\"https:\/\/aldaia.es\/es\/#\/schema\/logo\/image\/\",\"url\":\"https:\/\/aldaia.es\/wp-content\/uploads\/2022\/06\/aldaia-negro-1.png\",\"contentUrl\":\"https:\/\/aldaia.es\/wp-content\/uploads\/2022\/06\/aldaia-negro-1.png\",\"width\":152,\"height\":70,\"caption\":\"Ajuntament D'Aldaia\"},\"image\":{\"@id\":\"https:\/\/aldaia.es\/es\/#\/schema\/logo\/image\/\"}}]}<\/script>\n<!-- \/ Yoast SEO plugin. -->","yoast_head_json":{"title":"PUAM Aldaia - Ayuntamiento de Aldaia","description":"El Plan Urbano de Actuaci\u00f3n Municipal de Aldaia (PUAM ALDAIA), documento de car\u00e1cter estrat\u00e9gico local. 17 Objetivos Desarrollo Sostenible","robots":{"index":"index","follow":"follow","max-snippet":"max-snippet:-1","max-image-preview":"max-image-preview:large","max-video-preview":"max-video-preview:-1"},"canonical":"https:\/\/aldaia.es\/es\/urbanismo-y-medio-ambiente\/puam-aldaia\/","og_locale":"es_ES","og_type":"article","og_title":"PUAM Aldaia - Ayuntamiento de Aldaia","og_description":"El Plan Urbano de Actuaci\u00f3n Municipal de Aldaia (PUAM ALDAIA), documento de car\u00e1cter estrat\u00e9gico local. 17 Objetivos Desarrollo Sostenible","og_url":"https:\/\/aldaia.es\/es\/urbanismo-y-medio-ambiente\/puam-aldaia\/","og_site_name":"Ayuntamiento de Aldaia","article_modified_time":"2024-09-25T08:40:44+00:00","og_image":[{"url":"https:\/\/aldaia.es\/wp-content\/uploads\/2023\/01\/tza1rf.png","type":"","width":"","height":""}],"schema":{"@context":"https:\/\/schema.org","@graph":[{"@type":"WebPage","@id":"https:\/\/aldaia.es\/es\/urbanismo-y-medio-ambiente\/puam-aldaia\/","url":"https:\/\/aldaia.es\/es\/urbanismo-y-medio-ambiente\/puam-aldaia\/","name":"PUAM Aldaia - Ayuntamiento de Aldaia","isPartOf":{"@id":"https:\/\/aldaia.es\/es\/#website"},"primaryImageOfPage":{"@id":"https:\/\/aldaia.es\/es\/urbanismo-y-medio-ambiente\/puam-aldaia\/#primaryimage"},"image":{"@id":"https:\/\/aldaia.es\/es\/urbanismo-y-medio-ambiente\/puam-aldaia\/#primaryimage"},"thumbnailUrl":"https:\/\/aldaia.es\/wp-content\/uploads\/2023\/01\/tza1rf.png","datePublished":"2022-08-30T07:36:56+00:00","dateModified":"2024-09-25T08:40:44+00:00","description":"El Plan Urbano de Actuaci\u00f3n Municipal de Aldaia (PUAM ALDAIA), documento de car\u00e1cter estrat\u00e9gico local. 17 Objetivos Desarrollo Sostenible","breadcrumb":{"@id":"https:\/\/aldaia.es\/es\/urbanismo-y-medio-ambiente\/puam-aldaia\/#breadcrumb"},"inLanguage":"es","potentialAction":[{"@type":"ReadAction","target":["https:\/\/aldaia.es\/es\/urbanismo-y-medio-ambiente\/puam-aldaia\/"]}]},{"@type":"ImageObject","inLanguage":"es","@id":"https:\/\/aldaia.es\/es\/urbanismo-y-medio-ambiente\/puam-aldaia\/#primaryimage","url":"https:\/\/aldaia.es\/wp-content\/uploads\/2023\/01\/tza1rf.png","contentUrl":"https:\/\/aldaia.es\/wp-content\/uploads\/2023\/01\/tza1rf.png"},{"@type":"BreadcrumbList","@id":"https:\/\/aldaia.es\/es\/urbanismo-y-medio-ambiente\/puam-aldaia\/#breadcrumb","itemListElement":[{"@type":"ListItem","position":1,"name":"Portada","item":"https:\/\/aldaia.es\/es\/"},{"@type":"ListItem","position":2,"name":"Urbanismo y medio ambiente","item":"https:\/\/aldaia.es\/es\/urbanismo-y-medio-ambiente\/"},{"@type":"ListItem","position":3,"name":"PUAM Aldaia"}]},{"@type":"WebSite","@id":"https:\/\/aldaia.es\/es\/#website","url":"https:\/\/aldaia.es\/es\/","name":"Ajuntament D'Aldaia","description":"","publisher":{"@id":"https:\/\/aldaia.es\/es\/#organization"},"alternateName":"Ajuntament D'Aldaia","potentialAction":[{"@type":"SearchAction","target":{"@type":"EntryPoint","urlTemplate":"https:\/\/aldaia.es\/es\/?s={search_term_string}"},"query-input":{"@type":"PropertyValueSpecification","valueRequired":true,"valueName":"search_term_string"}}],"inLanguage":"es"},{"@type":"Organization","@id":"https:\/\/aldaia.es\/es\/#organization","name":"Ajuntament D'Aldaia","url":"https:\/\/aldaia.es\/es\/","logo":{"@type":"ImageObject","inLanguage":"es","@id":"https:\/\/aldaia.es\/es\/#\/schema\/logo\/image\/","url":"https:\/\/aldaia.es\/wp-content\/uploads\/2022\/06\/aldaia-negro-1.png","contentUrl":"https:\/\/aldaia.es\/wp-content\/uploads\/2022\/06\/aldaia-negro-1.png","width":152,"height":70,"caption":"Ajuntament D'Aldaia"},"image":{"@id":"https:\/\/aldaia.es\/es\/#\/schema\/logo\/image\/"}}]}},"_links":{"self":[{"href":"https:\/\/aldaia.es\/es\/wp-json\/wp\/v2\/pages\/6474","targetHints":{"allow":["GET"]}}],"collection":[{"href":"https:\/\/aldaia.es\/es\/wp-json\/wp\/v2\/pages"}],"about":[{"href":"https:\/\/aldaia.es\/es\/wp-json\/wp\/v2\/types\/page"}],"author":[{"embeddable":true,"href":"https:\/\/aldaia.es\/es\/wp-json\/wp\/v2\/users\/1"}],"replies":[{"embeddable":true,"href":"https:\/\/aldaia.es\/es\/wp-json\/wp\/v2\/comments?post=6474"}],"version-history":[{"count":5,"href":"https:\/\/aldaia.es\/es\/wp-json\/wp\/v2\/pages\/6474\/revisions"}],"predecessor-version":[{"id":33090,"href":"https:\/\/aldaia.es\/es\/wp-json\/wp\/v2\/pages\/6474\/revisions\/33090"}],"up":[{"embeddable":true,"href":"https:\/\/aldaia.es\/es\/wp-json\/wp\/v2\/pages\/6254"}],"wp:attachment":[{"href":"https:\/\/aldaia.es\/es\/wp-json\/wp\/v2\/media?parent=6474"}],"curies":[{"name":"wp","href":"https:\/\/api.w.org\/{rel}","templated":true}]}}