{"id":6479,"date":"2023-02-01T12:20:01","date_gmt":"2023-02-01T11:20:01","guid":{"rendered":"https:\/\/aldaia.eu\/refuerzo-educativo-2023\/"},"modified":"2025-01-24T09:38:03","modified_gmt":"2025-01-24T08:38:03","slug":"refuerzo-educativo","status":"publish","type":"page","link":"https:\/\/aldaia.es\/es\/educacion\/refuerzo-educativo\/","title":{"rendered":"Refuerzo educativo curso 2024-2025"},"content":{"rendered":"\n<div class=\"wp-block-columns dep-educacion is-layout-flex wp-container-core-columns-is-layout-9d6595d7 wp-block-columns-is-layout-flex\">\n<div class=\"wp-block-column is-layout-flow wp-block-column-is-layout-flow\" style=\"flex-basis:30%\"><!--  Info educacion -->\n\n \n\n<div class='bloque-infos-educacion wrapper-departamentos'>\n<p class=\"tit-bloque-infos\">Centro Municipal Vicent Andres Estell\u00e9s<\/p>\n        <div class='infos-departamento'>\n            <p>Av. Miguel Hern\u00e1ndez, 36, 46960 Aldaia, Valencia, Espa\u00f1a<\/p>\n            <p><i class=\"fa fa-phone\" aria-hidden=\"true\"><\/i> <a href=\"tel:+34961510693\">+34 96 198 88 12<\/a><\/p>\n            <p><strong>Horari:<\/strong><\/p>\n            <p>Lunes a Viernes de 9:00 a 14:00 horas. Tardes lunes de 17:00 a 19:00 horas.<\/p>\n            <p><i class=\"fas fa-envelope\"><\/i> <a href=\"mailto:educacio@ajuntamentaldaia.org\">educacio@ajuntamentaldaia.org<\/a><\/p>\n           \n        <\/div>\n\n        <div class='mapa-1'>\n        <iframe src=\"https:\/\/www.google.com\/maps\/embed?pb=!1m18!1m12!1m3!1d2690.682908478369!2d-0.4686331129630299!3d39.46730324512737!2m3!1f0!2f0!3f0!3m2!1i1024!2i768!4f13.1!3m3!1m2!1s0xd605015adeec8f5%3A0x8b1b4140f8e0c4b3!2sCentre%20Municipal%20Vicent%20Andres%20Estell%C3%A9s!5e0!3m2!1ses!2sus!4v1726660218475!5m2!1ses!2sus\" width=\"100%\" height=\"450\" style=\"border:0;\" allowfullscreen=\"\" loading=\"lazy\" referrerpolicy=\"no-referrer-when-downgrade\"><\/iframe>\n        <\/div>\n\n    <\/div>\n    <!-- end bloque infos -->\n   \n\n    \n\n\n<\/div>\n\n\n\n<div class=\"wp-block-column is-layout-flow wp-block-column-is-layout-flow\" style=\"flex-basis:70%\">\n<h1 class=\"wp-block-heading\">Refuerzo educativo curso 2024-2025<\/h1>\n\n\n\n<p>La actividad de \u201c<strong>REFUERZO EDUCATIVO<\/strong>\u201d tiene como finalidad cubrir las desigualdades a nivel educativo, a la vez que ayuda a la conciliaci\u00f3n familiar y promueve el principio de igualdad de oportunidades en el ejercicio del derecho a la educaci\u00f3n.<\/p>\n\n\n\n<p><strong>Abierto plazo de inscripci\u00f3n:  Desde el 27 de enero hasta el 30 de enero de 2025.<\/strong><\/p>\n\n\n\n<h2 class=\"wp-block-heading\">Duraci\u00f3n y lugar<\/h2>\n\n\n\n<p>La duraci\u00f3n de la actividad ser\u00e1 de una hora dos d\u00edas a la semana. Se podr\u00e1 elegir entre el horario de lunes y mi\u00e9rcoles o de martes y jueves, en los colegio donde haya m\u00e1s de un grupo.<\/p>\n\n\n\n<p>El horario ser\u00e1:<\/p>\n\n\n\n<p>-Ausi\u00e0s March 16:30 a 17:30h<\/p>\n\n\n\n<p>-Mariano Benlliure 16:30 a 17:30h<\/p>\n\n\n\n<p>-Platero y yo 17:00 a 18:00h<\/p>\n\n\n\n<p>-Mart\u00ednez Torres 17:00 a 18:00h<\/p>\n\n\n\n<p>-Rajolar 17:00 a 18:00h<\/p>\n\n\n\n<p>-Ntra. Se\u00f1ora del Carmen 17:00 a 18:00h<\/p>\n\n\n\n<p>-Blasco Ib\u00e1\u00f1ez (16:45h)17:00 a 18:00h <\/p>\n\n\n\n<p>-Mariano Serra 17:00 a 18:00h<\/p>\n\n\n\n<p><\/p>\n\n\n\n<p>Tendr\u00e1 comienzo a partir del 3 de febrero y terminar\u00e1 el 31 de mayo de 2025, ambos incluidos.<\/p>\n\n\n\n<h2 class=\"wp-block-heading\">Requisitos<\/h2>\n\n\n\n<p>Podr\u00e1 participar en esta actividad todo el alumnado que est\u00e9 matriculado en alguno de los centros educativos p\u00fablicos o concertados de Aldaia que cumplan con los siguientes requisitos:<\/p>\n\n\n\n<ul class=\"wp-block-list\">\n<li>Estar empadronado en el municipio de Aldaia.<\/li>\n\n\n\n<li>Estar cursando los cursos de 1\u00ba, 2\u00ba, 3\u00ba, 4\u00ba, 5\u00ba o 6\u00ba de primaria durante el per\u00edodo de realizaci\u00f3n de la actividad.<\/li>\n\n\n\n<li>Tener evidentes dificultades, en el \u00e1rea educativa, que hagan que no se alcancen los objetivos m\u00ednimos se\u00f1alados por cada etapa educativa.<\/li>\n<\/ul>\n\n\n\n<h2 class=\"wp-block-heading\">Documentaci\u00f3n requerida<\/h2>\n\n\n\n<p>Formulario de inscripci\u00f3n para la actividad de \u201cRefuerzo educativo\u201d, debidamente cumplimentados todos los campos.<\/p>\n\n\n\n<p><strong><a href=\"https:\/\/forms.gle\/wNPKSffnvxtRn1t37\" target=\"_blank\" rel=\"noreferrer noopener\">[ACCEDE AL FORMULARIO DE INSCRIPCI\u00d3N]<\/a><\/strong> o escanea el c\u00f3digo que aparece en el cartel informativo aqu\u00ed adjunto.<\/p>\n\n\n\n<p>Si alguna persona necesitara ayuda para rellenar el formulario puede acudir a educaci\u00f3n, de lunes a jueves de 9 a 14h.<\/p>\n\n\n\n<p>Una vez rellenado el formulario, recibir\u00e1n un correo en el que se confirma la plaza o que queda en la lista de espera.<\/p>\n\n\n\n<p><strong>En caso de que el aforo est\u00e9 completo se crear\u00e1 una lista de espera y podr\u00e1 ser llamado en cualquier momento que se produzca una baja de alg\u00fan ni\u00f1o o ni\u00f1a.<\/strong><\/p>\n\n\n\n<h2 class=\"wp-block-heading\">Consultas \/ Dudas <\/h2>\n\n\n\n<ul class=\"wp-block-list\">\n<li>Correo electr\u00f3nico:&nbsp;<a href=\"mailto:educacio@ajuntamentaldaia.org\">educacio@ajuntamentaldaia.org<\/a><\/li>\n\n\n\n<li>Tel\u00e9fono Departamento de Educaci\u00f3n: 96 198 88 12<\/li>\n<\/ul>\n<\/div>\n<\/div>\n\n\n\n<div class=\"wp-block-columns is-layout-flex wp-container-core-columns-is-layout-9d6595d7 wp-block-columns-is-layout-flex\">\n<div class=\"wp-block-column lista_adjuntos is-layout-flow wp-block-column-is-layout-flow\">\n<h2 class=\"wp-block-heading display-4\">Adjuntos<\/h2>\n\n\n\n<p><i class=\"fas fa-file-pdf\"><\/i> <a href=\"https:\/\/aldaia.es\/wp-content\/uploads\/2025\/01\/taller-refuerzo-educativo-2025-aldaia-scaled.jpg\" target=\"_blank\" rel=\"noreferrer noopener\">CARTEL INFORMATIVO CON CODIGO QR<\/a><\/p>\n\n\n\n<p><i class=\"fas fa-file-pdf\"><\/i> <strong><a href=\"https:\/\/forms.gle\/wNPKSffnvxtRn1t37\" target=\"_blank\" rel=\"noreferrer noopener\"> ACCESO AL FORMULARIO DE INSCRIPCI\u00d3N<\/a><\/strong><\/p>\n<\/div>\n<\/div>\n\n\n\n<div class=\"wp-block-columns is-layout-flex wp-container-core-columns-is-layout-9d6595d7 wp-block-columns-is-layout-flex\">\n<div class=\"wp-block-column lista_adjuntos is-layout-flow wp-block-column-is-layout-flow\">\n<h2 class=\"wp-block-heading display-4\">Enlaces<\/h2>\n\n\n\n<p><i class=\"fas fa-link\"><\/i> <a href=\"https:\/\/aldaia.es\/es\/educacion\/\">Educaci\u00f3n<\/a><\/p>\n<\/div>\n<\/div>\n\n\n\n<p><\/p>\n","protected":false},"excerpt":{"rendered":"<p>Refuerzo educativo curso 2024-2025 La actividad de \u201cREFUERZO EDUCATIVO\u201d tiene como finalidad cubrir las desigualdades a nivel educativo, a la vez que ayuda a la conciliaci\u00f3n familiar y promueve el <a class=\"text-decoration-none text-black\" href=\"https:\/\/aldaia.es\/es\/educacion\/refuerzo-educativo\/\"> &#8230; <\/a><\/p>\n","protected":false},"author":14,"featured_media":0,"parent":6252,"menu_order":0,"comment_status":"closed","ping_status":"closed","template":"basic-page-departamentos.php","meta":{"_acf_changed":false,"footnotes":""},"class_list":["post-6479","page","type-page","status-publish","hentry"],"acf":[],"yoast_head":"<!-- This site is optimized with the Yoast SEO plugin v27.0 - https:\/\/yoast.com\/product\/yoast-seo-wordpress\/ -->\n<title>Refuerzo educativo curso 2024-2025 - Ayuntamiento de Aldaia<\/title>\n<meta name=\"robots\" content=\"index, follow, max-snippet:-1, max-image-preview:large, max-video-preview:-1\" \/>\n<link rel=\"canonical\" href=\"https:\/\/aldaia.es\/es\/educacion\/refuerzo-educativo\/\" \/>\n<meta property=\"og:locale\" content=\"es_ES\" \/>\n<meta property=\"og:type\" content=\"article\" \/>\n<meta property=\"og:title\" content=\"Refuerzo educativo curso 2024-2025 - Ayuntamiento de Aldaia\" \/>\n<meta property=\"og:description\" content=\"Refuerzo educativo curso 2024-2025 La actividad de \u201cREFUERZO EDUCATIVO\u201d tiene como finalidad cubrir las desigualdades a nivel educativo, a la vez que ayuda a la conciliaci\u00f3n familiar y promueve el ...\" \/>\n<meta property=\"og:url\" content=\"https:\/\/aldaia.es\/es\/educacion\/refuerzo-educativo\/\" \/>\n<meta property=\"og:site_name\" content=\"Ayuntamiento de Aldaia\" \/>\n<meta property=\"article:modified_time\" content=\"2025-01-24T08:38:03+00:00\" \/>\n<script type=\"application\/ld+json\" class=\"yoast-schema-graph\">{\"@context\":\"https:\/\/schema.org\",\"@graph\":[{\"@type\":\"WebPage\",\"@id\":\"https:\/\/aldaia.es\/es\/educacion\/refuerzo-educativo\/\",\"url\":\"https:\/\/aldaia.es\/es\/educacion\/refuerzo-educativo\/\",\"name\":\"Refuerzo educativo curso 2024-2025 - Ayuntamiento de Aldaia\",\"isPartOf\":{\"@id\":\"https:\/\/aldaia.es\/es\/#website\"},\"datePublished\":\"2023-02-01T11:20:01+00:00\",\"dateModified\":\"2025-01-24T08:38:03+00:00\",\"breadcrumb\":{\"@id\":\"https:\/\/aldaia.es\/es\/educacion\/refuerzo-educativo\/#breadcrumb\"},\"inLanguage\":\"es\",\"potentialAction\":[{\"@type\":\"ReadAction\",\"target\":[\"https:\/\/aldaia.es\/es\/educacion\/refuerzo-educativo\/\"]}]},{\"@type\":\"BreadcrumbList\",\"@id\":\"https:\/\/aldaia.es\/es\/educacion\/refuerzo-educativo\/#breadcrumb\",\"itemListElement\":[{\"@type\":\"ListItem\",\"position\":1,\"name\":\"Portada\",\"item\":\"https:\/\/aldaia.es\/es\/\"},{\"@type\":\"ListItem\",\"position\":2,\"name\":\"Educaci\u00f3n\",\"item\":\"https:\/\/aldaia.es\/es\/educacion\/\"},{\"@type\":\"ListItem\",\"position\":3,\"name\":\"Refuerzo educativo curso 2024-2025\"}]},{\"@type\":\"WebSite\",\"@id\":\"https:\/\/aldaia.es\/es\/#website\",\"url\":\"https:\/\/aldaia.es\/es\/\",\"name\":\"Ajuntament D'Aldaia\",\"description\":\"\",\"publisher\":{\"@id\":\"https:\/\/aldaia.es\/es\/#organization\"},\"alternateName\":\"Ajuntament D'Aldaia\",\"potentialAction\":[{\"@type\":\"SearchAction\",\"target\":{\"@type\":\"EntryPoint\",\"urlTemplate\":\"https:\/\/aldaia.es\/es\/?s={search_term_string}\"},\"query-input\":{\"@type\":\"PropertyValueSpecification\",\"valueRequired\":true,\"valueName\":\"search_term_string\"}}],\"inLanguage\":\"es\"},{\"@type\":\"Organization\",\"@id\":\"https:\/\/aldaia.es\/es\/#organization\",\"name\":\"Ajuntament D'Aldaia\",\"url\":\"https:\/\/aldaia.es\/es\/\",\"logo\":{\"@type\":\"ImageObject\",\"inLanguage\":\"es\",\"@id\":\"https:\/\/aldaia.es\/es\/#\/schema\/logo\/image\/\",\"url\":\"https:\/\/aldaia.es\/wp-content\/uploads\/2022\/06\/aldaia-negro-1.png\",\"contentUrl\":\"https:\/\/aldaia.es\/wp-content\/uploads\/2022\/06\/aldaia-negro-1.png\",\"width\":152,\"height\":70,\"caption\":\"Ajuntament D'Aldaia\"},\"image\":{\"@id\":\"https:\/\/aldaia.es\/es\/#\/schema\/logo\/image\/\"}}]}<\/script>\n<!-- \/ Yoast SEO plugin. -->","yoast_head_json":{"title":"Refuerzo educativo curso 2024-2025 - Ayuntamiento de Aldaia","robots":{"index":"index","follow":"follow","max-snippet":"max-snippet:-1","max-image-preview":"max-image-preview:large","max-video-preview":"max-video-preview:-1"},"canonical":"https:\/\/aldaia.es\/es\/educacion\/refuerzo-educativo\/","og_locale":"es_ES","og_type":"article","og_title":"Refuerzo educativo curso 2024-2025 - Ayuntamiento de Aldaia","og_description":"Refuerzo educativo curso 2024-2025 La actividad de \u201cREFUERZO EDUCATIVO\u201d tiene como finalidad cubrir las desigualdades a nivel educativo, a la vez que ayuda a la conciliaci\u00f3n familiar y promueve el ...","og_url":"https:\/\/aldaia.es\/es\/educacion\/refuerzo-educativo\/","og_site_name":"Ayuntamiento de Aldaia","article_modified_time":"2025-01-24T08:38:03+00:00","schema":{"@context":"https:\/\/schema.org","@graph":[{"@type":"WebPage","@id":"https:\/\/aldaia.es\/es\/educacion\/refuerzo-educativo\/","url":"https:\/\/aldaia.es\/es\/educacion\/refuerzo-educativo\/","name":"Refuerzo educativo curso 2024-2025 - Ayuntamiento de Aldaia","isPartOf":{"@id":"https:\/\/aldaia.es\/es\/#website"},"datePublished":"2023-02-01T11:20:01+00:00","dateModified":"2025-01-24T08:38:03+00:00","breadcrumb":{"@id":"https:\/\/aldaia.es\/es\/educacion\/refuerzo-educativo\/#breadcrumb"},"inLanguage":"es","potentialAction":[{"@type":"ReadAction","target":["https:\/\/aldaia.es\/es\/educacion\/refuerzo-educativo\/"]}]},{"@type":"BreadcrumbList","@id":"https:\/\/aldaia.es\/es\/educacion\/refuerzo-educativo\/#breadcrumb","itemListElement":[{"@type":"ListItem","position":1,"name":"Portada","item":"https:\/\/aldaia.es\/es\/"},{"@type":"ListItem","position":2,"name":"Educaci\u00f3n","item":"https:\/\/aldaia.es\/es\/educacion\/"},{"@type":"ListItem","position":3,"name":"Refuerzo educativo curso 2024-2025"}]},{"@type":"WebSite","@id":"https:\/\/aldaia.es\/es\/#website","url":"https:\/\/aldaia.es\/es\/","name":"Ajuntament D'Aldaia","description":"","publisher":{"@id":"https:\/\/aldaia.es\/es\/#organization"},"alternateName":"Ajuntament D'Aldaia","potentialAction":[{"@type":"SearchAction","target":{"@type":"EntryPoint","urlTemplate":"https:\/\/aldaia.es\/es\/?s={search_term_string}"},"query-input":{"@type":"PropertyValueSpecification","valueRequired":true,"valueName":"search_term_string"}}],"inLanguage":"es"},{"@type":"Organization","@id":"https:\/\/aldaia.es\/es\/#organization","name":"Ajuntament D'Aldaia","url":"https:\/\/aldaia.es\/es\/","logo":{"@type":"ImageObject","inLanguage":"es","@id":"https:\/\/aldaia.es\/es\/#\/schema\/logo\/image\/","url":"https:\/\/aldaia.es\/wp-content\/uploads\/2022\/06\/aldaia-negro-1.png","contentUrl":"https:\/\/aldaia.es\/wp-content\/uploads\/2022\/06\/aldaia-negro-1.png","width":152,"height":70,"caption":"Ajuntament D'Aldaia"},"image":{"@id":"https:\/\/aldaia.es\/es\/#\/schema\/logo\/image\/"}}]}},"_links":{"self":[{"href":"https:\/\/aldaia.es\/es\/wp-json\/wp\/v2\/pages\/6479","targetHints":{"allow":["GET"]}}],"collection":[{"href":"https:\/\/aldaia.es\/es\/wp-json\/wp\/v2\/pages"}],"about":[{"href":"https:\/\/aldaia.es\/es\/wp-json\/wp\/v2\/types\/page"}],"author":[{"embeddable":true,"href":"https:\/\/aldaia.es\/es\/wp-json\/wp\/v2\/users\/14"}],"replies":[{"embeddable":true,"href":"https:\/\/aldaia.es\/es\/wp-json\/wp\/v2\/comments?post=6479"}],"version-history":[{"count":19,"href":"https:\/\/aldaia.es\/es\/wp-json\/wp\/v2\/pages\/6479\/revisions"}],"predecessor-version":[{"id":35666,"href":"https:\/\/aldaia.es\/es\/wp-json\/wp\/v2\/pages\/6479\/revisions\/35666"}],"up":[{"embeddable":true,"href":"https:\/\/aldaia.es\/es\/wp-json\/wp\/v2\/pages\/6252"}],"wp:attachment":[{"href":"https:\/\/aldaia.es\/es\/wp-json\/wp\/v2\/media?parent=6479"}],"curies":[{"name":"wp","href":"https:\/\/api.w.org\/{rel}","templated":true}]}}