{"id":6490,"date":"2022-08-17T12:20:59","date_gmt":"2022-08-17T10:20:59","guid":{"rendered":"https:\/\/aldaia.eu\/sanidad-y-bienestar-animal\/bienestar-animal\/"},"modified":"2024-10-15T12:46:55","modified_gmt":"2024-10-15T10:46:55","slug":"bienestar-animal","status":"publish","type":"page","link":"https:\/\/aldaia.es\/es\/sanidad-y-bienestar-animal\/bienestar-animal\/","title":{"rendered":"Bienestar Animal"},"content":{"rendered":"\n<div class=\"wp-block-columns top-info-dep dep-sanitat is-layout-flex wp-container-core-columns-is-layout-9d6595d7 wp-block-columns-is-layout-flex\">\n<div class=\"wp-block-column is-layout-flow wp-block-column-is-layout-flow\" style=\"flex-basis:30%\">\n<p class=\"tit-bloque-infos\">Ayuntamiento de Aldaia &#8211; Bienestar Animal<\/p>\n\n\n\n<p>Plaza Constituci\u00f3n, 10, 46960 Aldaia Valencia<\/p>\n\n\n\n<p><i class=\"fas fa-phone\"><\/i> \u00a0<a href=\"tel:+34961501500\">+34 96 150 15 00<\/a><\/p>\n\n\n\n<p><a style=\"font-size:15px;\" href=\"mailto:benestaranimal@ajuntamentaldaia.org\">benestaranimal@ajuntamentaldaia.org<\/a><\/p>\n\n\n\n<iframe src=\"https:\/\/www.google.com\/maps\/embed?pb=!1m18!1m12!1m3!1d622.7679968418242!2d-0.4608059177881311!3d39.465164288659615!2m3!1f0!2f0!3f0!3m2!1i1024!2i768!4f13.1!3m3!1m2!1s0xd6051b0ac582aed%3A0xd3a2ed9d1d945ab0!2sAyuntamiento%20de%20Aldaya!5e0!3m2!1ses!2sus!4v1725979182758!5m2!1ses!2sus\" width=\"100%\" height=\"300\" style=\"border:0;\" allowfullscreen=\"\" loading=\"lazy\" referrerpolicy=\"no-referrer-when-downgrade\"><\/iframe>\n\n\n\n<div style=\"height:20px\" aria-hidden=\"true\" class=\"wp-block-spacer\"><\/div>\n<\/div>\n\n\n\n<div class=\"wp-block-column is-layout-flow wp-block-column-is-layout-flow\" style=\"flex-basis:70%\">\n<h1 class=\"wp-block-heading\">Bienestar Animal<\/h1>\n\n\n\n<p>En Aldaia, la convivencia, defensa y protecci\u00f3n de los animales es una de las prioridades de la gesti\u00f3n municipal. Son ciudadanos de pleno derecho y, nos corresponde garantizar su bienestar fomentando una buena convivencia con toda la ciudadan\u00eda.<\/p>\n\n\n\n<p>Para garantizar su bienestar, derechos y convivencia, contamos con la ordenanza municipal de tenencia de animales de compa\u00f1\u00eda, el Consejo de Bienestar Animal, registro censal municipal, as\u00ed como la colaboraci\u00f3n con asociaciones y personas voluntarias.<\/p>\n\n\n\n<p>Tenemos como referente la Declaraci\u00f3n Universal de los Derechos del Animal aprobada por la UNESCO y posteriormente por la Organizaci\u00f3n de Naciones Unidas (ONU) y la futura Ley Valenciana de Protecci\u00f3n y Bienestar de los Animales de Compa\u00f1\u00eda.<\/p>\n\n\n\n<p>Entre las prioridades de Aldaia est\u00e1 el de conseguir el cero sacrificio, cero maltrato y cero abandono.<\/p>\n<\/div>\n<\/div>\n\n\n\n<div class=\"wp-block-columns is-layout-flex wp-container-core-columns-is-layout-9d6595d7 wp-block-columns-is-layout-flex\">\n<div class=\"wp-block-column is-layout-flow wp-block-column-is-layout-flow\">\n<iframe loading=\"lazy\" width=\"100%\" height=\"550\" src=\"https:\/\/www.youtube.com\/embed\/U1KmmtHm3RE?si=zxTeZM8s_VXaYEmI\" title=\"YouTube video player\" frameborder=\"0\" allow=\"accelerometer; autoplay; clipboard-write; encrypted-media; gyroscope; picture-in-picture; web-share\" referrerpolicy=\"strict-origin-when-cross-origin\" allowfullscreen><\/iframe>\n<\/div>\n<\/div>\n\n\n\n<div class=\"wp-block-columns is-layout-flex wp-container-core-columns-is-layout-9d6595d7 wp-block-columns-is-layout-flex\">\n<div class=\"wp-block-column lista_adjuntos is-layout-flow wp-block-column-is-layout-flow\">\n<h2 class=\"wp-block-heading display-4\">Enlaces<\/h2>\n\n\n\n<p><i class=\"fas fa-file-pdf\"><\/i> <a href=\"https:\/\/aldaia.es\/wp-content\/uploads\/2023\/11\/2023_2777.pdf\" target=\"_blank\" rel=\"noreferrer noopener\">LEY 2\/2023, de 13 de marzo, de la Generalitat, de Protecci\u00f3n, Bienestar y Tenencia de animales de compa\u00f1\u00eda<\/a><\/p>\n\n\n\n<p><i class=\"fas fa-file-pdf\"><\/i> <a href=\"https:\/\/aldaia.es\/wp-content\/uploads\/2023\/02\/ordenanza_municipal_sobre_tenencia_de_animales.pdf\" target=\"_blank\" rel=\"noreferrer noopener\">Ordenanza municipal sobre tenencia de animales<\/a><\/p>\n\n\n\n<p><i class=\"fas fa-file-pdf\"><\/i> <a href=\"https:\/\/www.youtube.com\/watch?v=UXtojzIJNDU\" target=\"_blank\" rel=\"noreferrer noopener\">Ley de Bienestar Animal &#8211; TODO lo que necesitas saber<\/a><\/p>\n\n\n\n<p><i class=\"fas fa-file-pdf\"><\/i> <a href=\"https:\/\/www.mancohortasud.es\/serveis\/cens-comarcal-adn-cani\/\" target=\"_blank\" rel=\"noreferrer noopener\">Censo comarcal ADN canino<\/a><\/p>\n<\/div>\n<\/div>\n","protected":false},"excerpt":{"rendered":"<p>Ayuntamiento de Aldaia &#8211; Bienestar Animal Plaza Constituci\u00f3n, 10, 46960 Aldaia Valencia \u00a0+34 96 150 15 00 benestaranimal@ajuntamentaldaia.org Bienestar Animal En Aldaia, la convivencia, defensa y protecci\u00f3n de los animales <a class=\"text-decoration-none text-black\" href=\"https:\/\/aldaia.es\/es\/sanidad-y-bienestar-animal\/bienestar-animal\/\"> &#8230; <\/a><\/p>\n","protected":false},"author":1,"featured_media":0,"parent":6243,"menu_order":0,"comment_status":"closed","ping_status":"closed","template":"basic-page-departamentos.php","meta":{"_acf_changed":false,"footnotes":""},"class_list":["post-6490","page","type-page","status-publish","hentry"],"acf":[],"yoast_head":"<!-- This site is optimized with the Yoast SEO plugin v27.0 - https:\/\/yoast.com\/product\/yoast-seo-wordpress\/ -->\n<title>Bienestar Animal - Ayuntamiento de Aldaia<\/title>\n<meta name=\"robots\" content=\"index, follow, max-snippet:-1, max-image-preview:large, max-video-preview:-1\" \/>\n<link rel=\"canonical\" href=\"https:\/\/aldaia.es\/es\/sanidad-y-bienestar-animal\/bienestar-animal\/\" \/>\n<meta property=\"og:locale\" content=\"es_ES\" \/>\n<meta property=\"og:type\" content=\"article\" \/>\n<meta property=\"og:title\" content=\"Bienestar Animal - Ayuntamiento de Aldaia\" \/>\n<meta property=\"og:description\" content=\"Ayuntamiento de Aldaia &#8211; Bienestar Animal Plaza Constituci\u00f3n, 10, 46960 Aldaia Valencia \u00a0+34 96 150 15 00 benestaranimal@ajuntamentaldaia.org Bienestar Animal En Aldaia, la convivencia, defensa y protecci\u00f3n de los animales ...\" \/>\n<meta property=\"og:url\" content=\"https:\/\/aldaia.es\/es\/sanidad-y-bienestar-animal\/bienestar-animal\/\" \/>\n<meta property=\"og:site_name\" content=\"Ayuntamiento de Aldaia\" \/>\n<meta property=\"article:modified_time\" content=\"2024-10-15T10:46:55+00:00\" \/>\n<script type=\"application\/ld+json\" class=\"yoast-schema-graph\">{\"@context\":\"https:\/\/schema.org\",\"@graph\":[{\"@type\":\"WebPage\",\"@id\":\"https:\/\/aldaia.es\/es\/sanidad-y-bienestar-animal\/bienestar-animal\/\",\"url\":\"https:\/\/aldaia.es\/es\/sanidad-y-bienestar-animal\/bienestar-animal\/\",\"name\":\"Bienestar Animal - Ayuntamiento de Aldaia\",\"isPartOf\":{\"@id\":\"https:\/\/aldaia.es\/es\/#website\"},\"datePublished\":\"2022-08-17T10:20:59+00:00\",\"dateModified\":\"2024-10-15T10:46:55+00:00\",\"breadcrumb\":{\"@id\":\"https:\/\/aldaia.es\/es\/sanidad-y-bienestar-animal\/bienestar-animal\/#breadcrumb\"},\"inLanguage\":\"es\",\"potentialAction\":[{\"@type\":\"ReadAction\",\"target\":[\"https:\/\/aldaia.es\/es\/sanidad-y-bienestar-animal\/bienestar-animal\/\"]}]},{\"@type\":\"BreadcrumbList\",\"@id\":\"https:\/\/aldaia.es\/es\/sanidad-y-bienestar-animal\/bienestar-animal\/#breadcrumb\",\"itemListElement\":[{\"@type\":\"ListItem\",\"position\":1,\"name\":\"Portada\",\"item\":\"https:\/\/aldaia.es\/es\/\"},{\"@type\":\"ListItem\",\"position\":2,\"name\":\"Sanidad y Bienestar animal\",\"item\":\"https:\/\/aldaia.es\/es\/sanidad-y-bienestar-animal\/\"},{\"@type\":\"ListItem\",\"position\":3,\"name\":\"Bienestar Animal\"}]},{\"@type\":\"WebSite\",\"@id\":\"https:\/\/aldaia.es\/es\/#website\",\"url\":\"https:\/\/aldaia.es\/es\/\",\"name\":\"Ajuntament D'Aldaia\",\"description\":\"\",\"publisher\":{\"@id\":\"https:\/\/aldaia.es\/es\/#organization\"},\"alternateName\":\"Ajuntament D'Aldaia\",\"potentialAction\":[{\"@type\":\"SearchAction\",\"target\":{\"@type\":\"EntryPoint\",\"urlTemplate\":\"https:\/\/aldaia.es\/es\/?s={search_term_string}\"},\"query-input\":{\"@type\":\"PropertyValueSpecification\",\"valueRequired\":true,\"valueName\":\"search_term_string\"}}],\"inLanguage\":\"es\"},{\"@type\":\"Organization\",\"@id\":\"https:\/\/aldaia.es\/es\/#organization\",\"name\":\"Ajuntament D'Aldaia\",\"url\":\"https:\/\/aldaia.es\/es\/\",\"logo\":{\"@type\":\"ImageObject\",\"inLanguage\":\"es\",\"@id\":\"https:\/\/aldaia.es\/es\/#\/schema\/logo\/image\/\",\"url\":\"https:\/\/aldaia.es\/wp-content\/uploads\/2022\/06\/aldaia-negro-1.png\",\"contentUrl\":\"https:\/\/aldaia.es\/wp-content\/uploads\/2022\/06\/aldaia-negro-1.png\",\"width\":152,\"height\":70,\"caption\":\"Ajuntament D'Aldaia\"},\"image\":{\"@id\":\"https:\/\/aldaia.es\/es\/#\/schema\/logo\/image\/\"}}]}<\/script>\n<!-- \/ Yoast SEO plugin. -->","yoast_head_json":{"title":"Bienestar Animal - Ayuntamiento de Aldaia","robots":{"index":"index","follow":"follow","max-snippet":"max-snippet:-1","max-image-preview":"max-image-preview:large","max-video-preview":"max-video-preview:-1"},"canonical":"https:\/\/aldaia.es\/es\/sanidad-y-bienestar-animal\/bienestar-animal\/","og_locale":"es_ES","og_type":"article","og_title":"Bienestar Animal - Ayuntamiento de Aldaia","og_description":"Ayuntamiento de Aldaia &#8211; Bienestar Animal Plaza Constituci\u00f3n, 10, 46960 Aldaia Valencia \u00a0+34 96 150 15 00 benestaranimal@ajuntamentaldaia.org Bienestar Animal En Aldaia, la convivencia, defensa y protecci\u00f3n de los animales ...","og_url":"https:\/\/aldaia.es\/es\/sanidad-y-bienestar-animal\/bienestar-animal\/","og_site_name":"Ayuntamiento de Aldaia","article_modified_time":"2024-10-15T10:46:55+00:00","schema":{"@context":"https:\/\/schema.org","@graph":[{"@type":"WebPage","@id":"https:\/\/aldaia.es\/es\/sanidad-y-bienestar-animal\/bienestar-animal\/","url":"https:\/\/aldaia.es\/es\/sanidad-y-bienestar-animal\/bienestar-animal\/","name":"Bienestar Animal - Ayuntamiento de Aldaia","isPartOf":{"@id":"https:\/\/aldaia.es\/es\/#website"},"datePublished":"2022-08-17T10:20:59+00:00","dateModified":"2024-10-15T10:46:55+00:00","breadcrumb":{"@id":"https:\/\/aldaia.es\/es\/sanidad-y-bienestar-animal\/bienestar-animal\/#breadcrumb"},"inLanguage":"es","potentialAction":[{"@type":"ReadAction","target":["https:\/\/aldaia.es\/es\/sanidad-y-bienestar-animal\/bienestar-animal\/"]}]},{"@type":"BreadcrumbList","@id":"https:\/\/aldaia.es\/es\/sanidad-y-bienestar-animal\/bienestar-animal\/#breadcrumb","itemListElement":[{"@type":"ListItem","position":1,"name":"Portada","item":"https:\/\/aldaia.es\/es\/"},{"@type":"ListItem","position":2,"name":"Sanidad y Bienestar animal","item":"https:\/\/aldaia.es\/es\/sanidad-y-bienestar-animal\/"},{"@type":"ListItem","position":3,"name":"Bienestar Animal"}]},{"@type":"WebSite","@id":"https:\/\/aldaia.es\/es\/#website","url":"https:\/\/aldaia.es\/es\/","name":"Ajuntament D'Aldaia","description":"","publisher":{"@id":"https:\/\/aldaia.es\/es\/#organization"},"alternateName":"Ajuntament D'Aldaia","potentialAction":[{"@type":"SearchAction","target":{"@type":"EntryPoint","urlTemplate":"https:\/\/aldaia.es\/es\/?s={search_term_string}"},"query-input":{"@type":"PropertyValueSpecification","valueRequired":true,"valueName":"search_term_string"}}],"inLanguage":"es"},{"@type":"Organization","@id":"https:\/\/aldaia.es\/es\/#organization","name":"Ajuntament D'Aldaia","url":"https:\/\/aldaia.es\/es\/","logo":{"@type":"ImageObject","inLanguage":"es","@id":"https:\/\/aldaia.es\/es\/#\/schema\/logo\/image\/","url":"https:\/\/aldaia.es\/wp-content\/uploads\/2022\/06\/aldaia-negro-1.png","contentUrl":"https:\/\/aldaia.es\/wp-content\/uploads\/2022\/06\/aldaia-negro-1.png","width":152,"height":70,"caption":"Ajuntament D'Aldaia"},"image":{"@id":"https:\/\/aldaia.es\/es\/#\/schema\/logo\/image\/"}}]}},"_links":{"self":[{"href":"https:\/\/aldaia.es\/es\/wp-json\/wp\/v2\/pages\/6490","targetHints":{"allow":["GET"]}}],"collection":[{"href":"https:\/\/aldaia.es\/es\/wp-json\/wp\/v2\/pages"}],"about":[{"href":"https:\/\/aldaia.es\/es\/wp-json\/wp\/v2\/types\/page"}],"author":[{"embeddable":true,"href":"https:\/\/aldaia.es\/es\/wp-json\/wp\/v2\/users\/1"}],"replies":[{"embeddable":true,"href":"https:\/\/aldaia.es\/es\/wp-json\/wp\/v2\/comments?post=6490"}],"version-history":[{"count":22,"href":"https:\/\/aldaia.es\/es\/wp-json\/wp\/v2\/pages\/6490\/revisions"}],"predecessor-version":[{"id":33842,"href":"https:\/\/aldaia.es\/es\/wp-json\/wp\/v2\/pages\/6490\/revisions\/33842"}],"up":[{"embeddable":true,"href":"https:\/\/aldaia.es\/es\/wp-json\/wp\/v2\/pages\/6243"}],"wp:attachment":[{"href":"https:\/\/aldaia.es\/es\/wp-json\/wp\/v2\/media?parent=6490"}],"curies":[{"name":"wp","href":"https:\/\/api.w.org\/{rel}","templated":true}]}}