{"id":6492,"date":"2022-08-17T12:09:31","date_gmt":"2022-08-17T10:09:31","guid":{"rendered":"https:\/\/aldaia.eu\/sanidad-y-bienestar-animal\/sanidad\/"},"modified":"2024-10-15T10:52:10","modified_gmt":"2024-10-15T08:52:10","slug":"sanidad","status":"publish","type":"page","link":"https:\/\/aldaia.es\/es\/sanidad-y-bienestar-animal\/sanidad\/","title":{"rendered":"Sanidad"},"content":{"rendered":"\n<div class=\"wp-block-columns top-info-dep dep-sanitat is-layout-flex wp-container-core-columns-is-layout-9d6595d7 wp-block-columns-is-layout-flex\">\n<div class=\"wp-block-column is-layout-flow wp-block-column-is-layout-flow\" style=\"flex-basis:30%\">\n<p class=\"tit-bloque-infos\">Centro de Sanidad<\/p>\n\n\n\n<p>Calle Tres de abril, n\u00ba1. 46960 Aldaia, Valencia, Espa\u00f1a.<br><strong>Cita previa:<\/strong> 96 150 75 90<br><strong>Informaci\u00f3n:<\/strong> 96 150 75 91<\/p>\n\n\n\n<iframe src=\"https:\/\/www.google.com\/maps\/embed?pb=!1m14!1m8!1m3!1d6160.5688272393845!2d-0.46708199999999994!3d39.462903!3m2!1i1024!2i768!4f13.1!3m3!1m2!1s0xd60503fafc46df3%3A0x581e666abfea5b21!2sC.%20Tres%20de%20Abril%2C%201%2C%2046960%20Aldaya%2C%20Valencia!5e0!3m2!1ses!2ses!4v1722341686894!5m2!1ses!2ses\" width=\"100%\" height=\"450\" style=\"border:0;\" allowfullscreen=\"\" loading=\"lazy\" referrerpolicy=\"no-referrer-when-downgrade\"><\/iframe>\n\n\n\n<div style=\"height:20px\" aria-hidden=\"true\" class=\"wp-block-spacer\"><\/div>\n<\/div>\n\n\n\n<div class=\"wp-block-column is-layout-flow wp-block-column-is-layout-flow\" style=\"flex-basis:70%\">\n<h1 class=\"wp-block-heading\">Sanidad<\/h1>\n\n\n\n<h2 class=\"wp-block-heading\"><strong>Qu\u00e9 es la sanidad p\u00fablica universal: definici\u00f3n y ventajas<\/strong><\/h2>\n\n\n\n<p>La sanidad p\u00fablica universal, tambi\u00e9n conocida como cobertura universal de salud, es un tipo espec\u00edfico de atenci\u00f3n sanitaria que se presta a todos la cobertura independientemente de sus ingresos, raza, edad, condiciones preexistentes, sexo, o la riqueza.<\/p>\n\n\n\n<p>El prop\u00f3sito de la asistencia sanitaria universal es proporcionar a todos los ciudadanos la oportunidad de conseguir el cuidado de la salud que pueden necesitar sin tener que preocuparse por sus problemas financieros.<\/p>\n\n\n\n<h2 class=\"wp-block-heading\"><strong>Ventajas de la sanidad p\u00fablica universal<\/strong><\/h2>\n\n\n\n<ul class=\"wp-block-list\">\n<li>Mejora de la salud de la poblaci\u00f3n, puesto que todas las personas tienen acceso a los servicios de salud. Esto dar\u00e1 lugar a una disminuci\u00f3n de la enfermedad en la poblaci\u00f3n general.<\/li>\n\n\n\n<li>Se evitan casos en los que el paciente termina en la pobreza debido a los elevados costes m\u00e9dicos a los que debe hacer frente.<\/li>\n\n\n\n<li>Todas las personas tienen el mismo acceso a la atenci\u00f3n sanitaria, lo que promueve la igualdad y la equidad.<\/li>\n\n\n\n<li>Se animar\u00eda a las personas a buscar el cuidado preventivo y obtener ayuda m\u00e9dica desde el principio cuando el tratamiento no es tan agresivo. Actualmente, mucha gente evita el cuidado preventivo en pa\u00edses como Estados Unidos para ahorrar dinero.<\/li>\n\n\n\n<li>La cobertura universal de salud puede ayudar a las peque\u00f1as empresas a ser m\u00e1s rentables y mejorar su crecimiento. En una naci\u00f3n de cobertura de salud privatizada en la que las primas de seguros son altas, la mayor\u00eda de las peque\u00f1as empresas no pueden permitirse el lujo de proporcionar a sus empleados un seguro de salud.<\/li>\n<\/ul>\n<\/div>\n<\/div>\n\n\n\n<h2 class=\"wp-block-heading display-4\"><strong>Centro de Especialidades<\/strong><\/h2>\n\n\n\n<p>Tel\u00e9fonos: 96 150 75 91\/90<br>Cita Previa: 96 150 75 90<br>Calle Tres de Abril,1<br>46960 Aldaia, Valencia<\/p>\n\n\n\n<h2 class=\"wp-block-heading display-4\"><strong>Hospital de Manises<\/strong><\/h2>\n\n\n\n<p>Tel\u00e9fono: 96 184 50 00<br>Avenida Generalitat Valenciana, 50<br>46940 Manises, Valencia<br>POINT (-0.7532809 39.4840108)<\/p>\n\n\n\n<h2 class=\"wp-block-heading display-4\"><strong>Centro de Salud<\/strong><\/h2>\n\n\n\n<p>Cita previa: 96 313 16 70<br>Urgencias: 96 313 16 71<br>Plaza Antiguo Reino de Valencia, s\/n<br>46960 Aldaia Valencia<\/p>\n\n\n\n<p><\/p>\n","protected":false},"excerpt":{"rendered":"<p>Centro de Sanidad Calle Tres de abril, n\u00ba1. 46960 Aldaia, Valencia, Espa\u00f1a.Cita previa: 96 150 75 90Informaci\u00f3n: 96 150 75 91 Sanidad Qu\u00e9 es la sanidad p\u00fablica universal: definici\u00f3n y <a class=\"text-decoration-none text-black\" href=\"https:\/\/aldaia.es\/es\/sanidad-y-bienestar-animal\/sanidad\/\"> &#8230; <\/a><\/p>\n","protected":false},"author":1,"featured_media":0,"parent":6243,"menu_order":0,"comment_status":"closed","ping_status":"closed","template":"basic-page-departamentos.php","meta":{"_acf_changed":false,"footnotes":""},"class_list":["post-6492","page","type-page","status-publish","hentry"],"acf":[],"yoast_head":"<!-- This site is optimized with the Yoast SEO plugin v27.0 - https:\/\/yoast.com\/product\/yoast-seo-wordpress\/ -->\n<title>Sanidad - Ayuntamiento de Aldaia<\/title>\n<meta name=\"robots\" content=\"index, follow, max-snippet:-1, max-image-preview:large, max-video-preview:-1\" \/>\n<link rel=\"canonical\" href=\"https:\/\/aldaia.es\/es\/sanidad-y-bienestar-animal\/sanidad\/\" \/>\n<meta property=\"og:locale\" content=\"es_ES\" \/>\n<meta property=\"og:type\" content=\"article\" \/>\n<meta property=\"og:title\" content=\"Sanidad - Ayuntamiento de Aldaia\" \/>\n<meta property=\"og:description\" content=\"Centro de Sanidad Calle Tres de abril, n\u00ba1. 46960 Aldaia, Valencia, Espa\u00f1a.Cita previa: 96 150 75 90Informaci\u00f3n: 96 150 75 91 Sanidad Qu\u00e9 es la sanidad p\u00fablica universal: definici\u00f3n y ...\" \/>\n<meta property=\"og:url\" content=\"https:\/\/aldaia.es\/es\/sanidad-y-bienestar-animal\/sanidad\/\" \/>\n<meta property=\"og:site_name\" content=\"Ayuntamiento de Aldaia\" \/>\n<meta property=\"article:modified_time\" content=\"2024-10-15T08:52:10+00:00\" \/>\n<script type=\"application\/ld+json\" class=\"yoast-schema-graph\">{\"@context\":\"https:\/\/schema.org\",\"@graph\":[{\"@type\":\"WebPage\",\"@id\":\"https:\/\/aldaia.es\/es\/sanidad-y-bienestar-animal\/sanidad\/\",\"url\":\"https:\/\/aldaia.es\/es\/sanidad-y-bienestar-animal\/sanidad\/\",\"name\":\"Sanidad - Ayuntamiento de Aldaia\",\"isPartOf\":{\"@id\":\"https:\/\/aldaia.es\/es\/#website\"},\"datePublished\":\"2022-08-17T10:09:31+00:00\",\"dateModified\":\"2024-10-15T08:52:10+00:00\",\"breadcrumb\":{\"@id\":\"https:\/\/aldaia.es\/es\/sanidad-y-bienestar-animal\/sanidad\/#breadcrumb\"},\"inLanguage\":\"es\",\"potentialAction\":[{\"@type\":\"ReadAction\",\"target\":[\"https:\/\/aldaia.es\/es\/sanidad-y-bienestar-animal\/sanidad\/\"]}]},{\"@type\":\"BreadcrumbList\",\"@id\":\"https:\/\/aldaia.es\/es\/sanidad-y-bienestar-animal\/sanidad\/#breadcrumb\",\"itemListElement\":[{\"@type\":\"ListItem\",\"position\":1,\"name\":\"Portada\",\"item\":\"https:\/\/aldaia.es\/es\/\"},{\"@type\":\"ListItem\",\"position\":2,\"name\":\"Sanidad y Bienestar animal\",\"item\":\"https:\/\/aldaia.es\/es\/sanidad-y-bienestar-animal\/\"},{\"@type\":\"ListItem\",\"position\":3,\"name\":\"Sanidad\"}]},{\"@type\":\"WebSite\",\"@id\":\"https:\/\/aldaia.es\/es\/#website\",\"url\":\"https:\/\/aldaia.es\/es\/\",\"name\":\"Ajuntament D'Aldaia\",\"description\":\"\",\"publisher\":{\"@id\":\"https:\/\/aldaia.es\/es\/#organization\"},\"alternateName\":\"Ajuntament D'Aldaia\",\"potentialAction\":[{\"@type\":\"SearchAction\",\"target\":{\"@type\":\"EntryPoint\",\"urlTemplate\":\"https:\/\/aldaia.es\/es\/?s={search_term_string}\"},\"query-input\":{\"@type\":\"PropertyValueSpecification\",\"valueRequired\":true,\"valueName\":\"search_term_string\"}}],\"inLanguage\":\"es\"},{\"@type\":\"Organization\",\"@id\":\"https:\/\/aldaia.es\/es\/#organization\",\"name\":\"Ajuntament D'Aldaia\",\"url\":\"https:\/\/aldaia.es\/es\/\",\"logo\":{\"@type\":\"ImageObject\",\"inLanguage\":\"es\",\"@id\":\"https:\/\/aldaia.es\/es\/#\/schema\/logo\/image\/\",\"url\":\"https:\/\/aldaia.es\/wp-content\/uploads\/2022\/06\/aldaia-negro-1.png\",\"contentUrl\":\"https:\/\/aldaia.es\/wp-content\/uploads\/2022\/06\/aldaia-negro-1.png\",\"width\":152,\"height\":70,\"caption\":\"Ajuntament D'Aldaia\"},\"image\":{\"@id\":\"https:\/\/aldaia.es\/es\/#\/schema\/logo\/image\/\"}}]}<\/script>\n<!-- \/ Yoast SEO plugin. -->","yoast_head_json":{"title":"Sanidad - Ayuntamiento de Aldaia","robots":{"index":"index","follow":"follow","max-snippet":"max-snippet:-1","max-image-preview":"max-image-preview:large","max-video-preview":"max-video-preview:-1"},"canonical":"https:\/\/aldaia.es\/es\/sanidad-y-bienestar-animal\/sanidad\/","og_locale":"es_ES","og_type":"article","og_title":"Sanidad - Ayuntamiento de Aldaia","og_description":"Centro de Sanidad Calle Tres de abril, n\u00ba1. 46960 Aldaia, Valencia, Espa\u00f1a.Cita previa: 96 150 75 90Informaci\u00f3n: 96 150 75 91 Sanidad Qu\u00e9 es la sanidad p\u00fablica universal: definici\u00f3n y ...","og_url":"https:\/\/aldaia.es\/es\/sanidad-y-bienestar-animal\/sanidad\/","og_site_name":"Ayuntamiento de Aldaia","article_modified_time":"2024-10-15T08:52:10+00:00","schema":{"@context":"https:\/\/schema.org","@graph":[{"@type":"WebPage","@id":"https:\/\/aldaia.es\/es\/sanidad-y-bienestar-animal\/sanidad\/","url":"https:\/\/aldaia.es\/es\/sanidad-y-bienestar-animal\/sanidad\/","name":"Sanidad - Ayuntamiento de Aldaia","isPartOf":{"@id":"https:\/\/aldaia.es\/es\/#website"},"datePublished":"2022-08-17T10:09:31+00:00","dateModified":"2024-10-15T08:52:10+00:00","breadcrumb":{"@id":"https:\/\/aldaia.es\/es\/sanidad-y-bienestar-animal\/sanidad\/#breadcrumb"},"inLanguage":"es","potentialAction":[{"@type":"ReadAction","target":["https:\/\/aldaia.es\/es\/sanidad-y-bienestar-animal\/sanidad\/"]}]},{"@type":"BreadcrumbList","@id":"https:\/\/aldaia.es\/es\/sanidad-y-bienestar-animal\/sanidad\/#breadcrumb","itemListElement":[{"@type":"ListItem","position":1,"name":"Portada","item":"https:\/\/aldaia.es\/es\/"},{"@type":"ListItem","position":2,"name":"Sanidad y Bienestar animal","item":"https:\/\/aldaia.es\/es\/sanidad-y-bienestar-animal\/"},{"@type":"ListItem","position":3,"name":"Sanidad"}]},{"@type":"WebSite","@id":"https:\/\/aldaia.es\/es\/#website","url":"https:\/\/aldaia.es\/es\/","name":"Ajuntament D'Aldaia","description":"","publisher":{"@id":"https:\/\/aldaia.es\/es\/#organization"},"alternateName":"Ajuntament D'Aldaia","potentialAction":[{"@type":"SearchAction","target":{"@type":"EntryPoint","urlTemplate":"https:\/\/aldaia.es\/es\/?s={search_term_string}"},"query-input":{"@type":"PropertyValueSpecification","valueRequired":true,"valueName":"search_term_string"}}],"inLanguage":"es"},{"@type":"Organization","@id":"https:\/\/aldaia.es\/es\/#organization","name":"Ajuntament D'Aldaia","url":"https:\/\/aldaia.es\/es\/","logo":{"@type":"ImageObject","inLanguage":"es","@id":"https:\/\/aldaia.es\/es\/#\/schema\/logo\/image\/","url":"https:\/\/aldaia.es\/wp-content\/uploads\/2022\/06\/aldaia-negro-1.png","contentUrl":"https:\/\/aldaia.es\/wp-content\/uploads\/2022\/06\/aldaia-negro-1.png","width":152,"height":70,"caption":"Ajuntament D'Aldaia"},"image":{"@id":"https:\/\/aldaia.es\/es\/#\/schema\/logo\/image\/"}}]}},"_links":{"self":[{"href":"https:\/\/aldaia.es\/es\/wp-json\/wp\/v2\/pages\/6492","targetHints":{"allow":["GET"]}}],"collection":[{"href":"https:\/\/aldaia.es\/es\/wp-json\/wp\/v2\/pages"}],"about":[{"href":"https:\/\/aldaia.es\/es\/wp-json\/wp\/v2\/types\/page"}],"author":[{"embeddable":true,"href":"https:\/\/aldaia.es\/es\/wp-json\/wp\/v2\/users\/1"}],"replies":[{"embeddable":true,"href":"https:\/\/aldaia.es\/es\/wp-json\/wp\/v2\/comments?post=6492"}],"version-history":[{"count":14,"href":"https:\/\/aldaia.es\/es\/wp-json\/wp\/v2\/pages\/6492\/revisions"}],"predecessor-version":[{"id":33828,"href":"https:\/\/aldaia.es\/es\/wp-json\/wp\/v2\/pages\/6492\/revisions\/33828"}],"up":[{"embeddable":true,"href":"https:\/\/aldaia.es\/es\/wp-json\/wp\/v2\/pages\/6243"}],"wp:attachment":[{"href":"https:\/\/aldaia.es\/es\/wp-json\/wp\/v2\/media?parent=6492"}],"curies":[{"name":"wp","href":"https:\/\/api.w.org\/{rel}","templated":true}]}}