{"id":6494,"date":"2023-02-01T14:40:37","date_gmt":"2023-02-01T13:40:37","guid":{"rendered":"https:\/\/aldaia.eu\/seguridad-ciudadana\/consejos-de-seguridad\/"},"modified":"2024-08-02T12:12:49","modified_gmt":"2024-08-02T10:12:49","slug":"consejos-de-seguridad","status":"publish","type":"page","link":"https:\/\/aldaia.es\/es\/seguridad-ciudadana\/consejos-de-seguridad\/","title":{"rendered":"Consejos de seguridad"},"content":{"rendered":"\n<div class=\"wp-block-columns top-info-dep dep-seguridad is-layout-flex wp-container-core-columns-is-layout-9d6595d7 wp-block-columns-is-layout-flex\">\n<div class=\"wp-block-column is-layout-flow wp-block-column-is-layout-flow\" style=\"flex-basis:30%\"><!--  Info deportes -->\n\n \n\n<div class='bloque-infos-seguridad wrapper-departamentos'>\n<p class=\"tit-bloque-infos\">Polic\u00eda local <\/p>\n        <div class='infos-departamento'>\n            <p>Ayuntamiento de Aldaia, Plaza Constituci\u00f3n, n\u00ba 10.  46960 Aldaia, Valencia<\/p>\n            <p><i class=\"fa fa-phone\" aria-hidden=\"true\"><\/i> <a href=\"tel:+34961500702\">092<\/a><\/p>\n            <p><i class=\"fa fa-phone\" aria-hidden=\"true\"><\/i> <a href=\"tel:+34961500702\">+34 961 510 061<\/a><\/p>\n            <p><i class=\"fa fa-phone\" aria-hidden=\"true\"><\/i> <a href=\"tel:+34961500702\">+34 961 985 838<\/a><\/p>\n            \n        <\/div>\n\n        <div class='mapa-1'>\n        <iframe src=\"https:\/\/www.google.com\/maps\/embed?pb=!1m18!1m12!1m3!1d649.4021361226742!2d-0.46257141374235977!3d39.46513134014793!2m3!1f0!2f0!3f0!3m2!1i1024!2i768!4f13.1!3m3!1m2!1s0xd60503d5f979a0f%3A0xcce710060a023d09!2sPolic%C3%ADa%20Local%20Aldaya!5e0!3m2!1ses!2sus!4v1722506203369!5m2!1ses!2sus\" width=\"100%\" height=\"300\" style=\"border:0;\" allowfullscreen=\"\" loading=\"lazy\" referrerpolicy=\"no-referrer-when-downgrade\"><\/iframe>\n        <\/div>\n<\/div>\n<!-- end bloque infos -->\n   \n\n\n\n\n\n\n<div style=\"height:20px\" aria-hidden=\"true\" class=\"wp-block-spacer\"><\/div>\n<\/div>\n\n\n\n<div class=\"wp-block-column is-layout-flow wp-block-column-is-layout-flow\" style=\"flex-basis:70%\">\n<h1 class=\"wp-block-heading\">Consejos de seguridad<\/h1>\n\n\n\n<h2 class=\"wp-block-heading\"><strong>Consejos para los mayores<\/strong><\/h2>\n\n\n\n<div class=\"wp-block-columns is-layout-flex wp-container-core-columns-is-layout-9d6595d7 wp-block-columns-is-layout-flex\">\n<div class=\"wp-block-column is-layout-flow wp-block-column-is-layout-flow\">\n<p>La seguridad del ciudadano es una misi\u00f3n primordial en el quehacer diario de la Guardia Civil. Las personas de mayor edad de nuestra sociedad constituyen un colectivo que debe ser objeto de una especial protecci\u00f3n.<\/p>\n\n\n\n<p>Las pautas de conducta que se aconsejan en esta p\u00e1gina tienen por objeto la prevenci\u00f3n de aquellos actos delictivos que con mayor frecuencia se cometen contra nuestros mayores.<\/p>\n<\/div>\n\n\n\n<div class=\"wp-block-column is-layout-flow wp-block-column-is-layout-flow\" style=\"flex-basis:35%\">\n<figure class=\"wp-block-image size-large\"><img decoding=\"async\" src=\"https:\/\/aldaia.es\/wp-content\/uploads\/2023\/02\/foto-home-vell.jpeg\" alt=\"\"\/><\/figure>\n<\/div>\n<\/div>\n\n\n\n<p>De ah\u00ed que sea tan importante para este colectivo la adopci\u00f3n de estas medidas de prevenci\u00f3n en sus actividades del d\u00eda a d\u00eda.<\/p>\n\n\n\n<p>No olvide que la Guardia Civil est\u00e1 para ayudarle. Si usted tiene alguna pregunta o cree que ha sido v\u00edctima de alg\u00fan delito, no dude en llamarnos.<\/p>\n<\/div>\n<\/div>\n\n\n\n<div class=\"wp-block-columns is-layout-flex wp-container-core-columns-is-layout-9d6595d7 wp-block-columns-is-layout-flex\">\n<div class=\"wp-block-column is-layout-flow wp-block-column-is-layout-flow\">\n<h3 class=\"wp-block-heading\"><strong>Si es v\u00edctima de un delito\u2026<\/strong><\/h3>\n\n\n\n<p>Trate de mantener la calma y, si puede, f\u00edjese en detalles que puedan ayudar a identificar al delincuente.<br>LLAMA A LA GUARDIA CIVIL OA LA POLIC\u00cdA lo antes posible e informe de todos los datos que recuerde.<br>Comunique la sustracci\u00f3n de sus tarjetas o cheques bancarios a las entidades emisoras de inmediato.<br>Si es v\u00edctima de un tir\u00f3n, no oponga fuerte resistencia para evitar ser arrastrado.<br>Si le han sustra\u00eddo las llaves de su vivienda cambie lo antes posible la cerradura de la puerta.<\/p>\n\n\n\n<h3 class=\"wp-block-heading\"><strong>En la v\u00eda p\u00fablica<\/strong><\/h3>\n\n\n\n<p>En la calle, camine por la parte interior de la acera, colocando el bolso en el lado de la pared. Utilice preferentemente bolsas de asa o que no lleven correa.<br>Evite hacer alarde de joyas u otros objetos de valor y proteja su bolsa o cartera en las grandes aglomeraciones.<br>No acepte ninguna propuesta que le ofrezcan por la calle, por ventajosa que le parezca. Normalmente ser\u00e1 una estafa.<\/p>\n\n\n\n<h3 class=\"wp-block-heading\"><strong>En su domicilio<\/strong><\/h3>\n\n\n\n<p>No abra la puerta de su casa o el portero autom\u00e1tico a personas desconocidas. Si no tiene mirilla, inst\u00e1lela.<br>Desconf\u00ede siempre de quien llame a su puerta ofreci\u00e9ndole la venta de cualquier cosa o que diga representar a un organismo p\u00fablico o asociaci\u00f3n humanitaria. El delincuente utilizar\u00e1 cualquier excusa para entrar en su casa.<br>Desconf\u00ede de los servicios t\u00e9cnicos que no hayan sido solicitados por usted o por su familia.<br>Identifique a los empleados que, a\u00fan con su autorizaci\u00f3n, deban efectuar reparaciones, revisiones o cobros en su domicilio.<\/p>\n\n\n\n<h3 class=\"wp-block-heading\"><strong>En el banco<\/strong><\/h3>\n\n\n\n<p>Si debe utilizar un cajero autom\u00e1tico, no lleve anotadas las claves de sus tarjetas, procure memorizarlas. Vigile siempre los alrededores y no saque grandes cantidades de dinero.<br>Si es posible, domicilie sus pagos mensuales para evitar salir a la calle con dinero.<br>Procure ir acompa\u00f1ado cuando deba firmar documentos, deba realizar cobros o pagos de cierta importancia.<\/p>\n\n\n\n<h3 class=\"wp-block-heading\"><strong>En sus viajes<\/strong><\/h3>\n\n\n\n<p>Nunca olvide su documentaci\u00f3n personal.<br>Cuando viaje, intente llevar \u00fanicamente lo necesario.<br>Mantenga siempre vigilado su equipaje y pertenencias personales.<br>No conf\u00ede sus maletas a personas desconocidas o que no est\u00e9n debidamente acreditadas. Nunca acepto llevar maletas de personas que no conozca.<\/p>\n\n\n\n<h3 class=\"wp-block-heading\"><strong>En internet<\/strong><\/h3>\n\n\n\n<p>No conf\u00ede en supuestos mensajes de su banco en los que le soliciten sus claves secretas o los n\u00fameros de sus tarjetas bancarias.<br>No realice compras en p\u00e1ginas que no le garanticen la seguridad de sus datos.<br>Sea precavido con su perfil y datos personales al acceder a redes sociales.<br>Desconf\u00ede de grandes ofertas o gangas a trav\u00e9s de la red.<\/p>\n\n\n\n<h2 class=\"wp-block-heading\"><strong>Prevenci\u00f3n de robos en domicilios<\/strong><\/h2>\n\n\n\n<h3 class=\"wp-block-heading\"><strong>Recomendaciones generales<\/strong><\/h3>\n\n\n\n<ul class=\"wp-block-list\">\n<li>Compruebe que puertas y ventanas est\u00e1n bien cerradas.<\/li>\n\n\n\n<li>Cierre la puerta siempre usando la llave, no s\u00f3lo con el resbal\u00f3n, ya que as\u00ed pueden abrirse f\u00e1cilmente.<\/li>\n\n\n\n<li>Instale en su vivienda una puerta blindada. Si su puerta no es blindada, procure que tenga, al menos, dos puntos de cierre, y que no exista hueco entre la puerta y el suelo. Refuerzo la parte de las bisagras con p\u00edvots de acero y \u00e1ngulos met\u00e1licos que impidan apalancar la puerta. Instale mirillas panor\u00e1micas.<\/li>\n\n\n\n<li>Valore la posibilidad de instalar dispositivos electr\u00f3nicos de alarma.<\/li>\n\n\n\n<li>Nunca deje las llaves escondidas en el buz\u00f3n, macetas, caja de contadores, etc., ya que pueden ser localizadas con relativa facilidad por los ladrones.<\/li>\n\n\n\n<li>No deje las persianas completamente cerradas, es un signo evidente de ausencia.<\/li>\n\n\n\n<li>Si vive fuera del casco urbano un buen alumbrado exterior y un perro, convenientemente adiestrado, son \u00fatiles medidas de disuasi\u00f3n.<\/li>\n\n\n\n<li>No duerme con las ventanas abiertas si no cuenta con medidas de seguridad.<\/li>\n\n\n\n<li>Deje ropa tendida en caso de ausencias que no sean muy prolongadas.<\/li>\n\n\n\n<li>No desconecte totalmente la electricidad. El timbre de la puerta desconectado es un atisbo de ausencia.<\/li>\n\n\n\n<li>No deje dinero, joyas ni objetos valiosos en el domicilio.<\/li>\n\n\n\n<li>No deje objetos de cierto valor en terrazas sin cierre.<\/li>\n\n\n\n<li>Anote el n\u00famero de serie de los electrodom\u00e9sticos, aparatos de fotograf\u00eda, v\u00eddeo y similares.<\/li>\n\n\n\n<li>Fotograf\u00eda joyas y otros objetos valiosos.<\/li>\n\n\n\n<li>No comente su ausencia ni su duraci\u00f3n con desconocidos, ni deje mensajes avisando de la misma en el contestador.<\/li>\n\n\n\n<li>En ausencias prolongadas pido a un vecino que colabore con usted mediante la recogida del correo, comprobaci\u00f3n del estado de la vivienda, encendido ocasional de alguna luz, conexi\u00f3n de radio o el televisor, etc. Deje un tel\u00e9fono para que le localicen en caso de emergencia.<\/li>\n\n\n\n<li>No abra mediante el portero autom\u00e1tico a desconocidos. Compromete su seguridad y la de sus vecinos. Los vendedores, operarios de servicios de agua, electricidad, gas, tienen obligaci\u00f3n de acreditarse y usted puede verificarlo telef\u00f3nicamente. Si en la tarjeta del empleado figura un n\u00famero que no es el oficial, desconf\u00ede.<\/li>\n\n\n\n<li>Haga una buena elecci\u00f3n de los empleados de servicio dom\u00e9stico. Si estas personas han tenido acceso a las llaves de entrada a la vivienda, al cesar en sus servicios, cambie los sombreros fuertes.<\/li>\n\n\n\n<li>En plazas de garaje comunitarias, donde el cierre de la puerta se acciona por medio de un temporizador, espere hasta que se haya cerrado para evitar que alguna persona aproveche para entrar.<\/li>\n\n\n\n<li>No concierte citas en la vivienda con personas desconocidas, especialmente si el contacto se ha establecido mediante tel\u00e9fono, Internet, u otro medio que facilite el anonimato.<\/li>\n\n\n\n<li>Ante la presencia de marcas en las puertas o portales, o ruidos no habituales en casas desempleadas, avise al Cuerpo de Seguridad competente en la zona, si es la Guardia Civil llame al tel\u00e9fono 062 o en cualquier caso al 112. Recuerde tomar nota de cualquier cosa o veh\u00edculo sospechoso.<\/li>\n\n\n\n<li>Si el piso ha sido comprado a otro propietario, o si es de nueva construcci\u00f3n y han tenido acceso varias personas, es aconsejable cambiar el sombrero fuerte de la cerradura.<\/li>\n\n\n\n<li>Antes de abandonar la vivienda compruebe la presencia de cualquier persona que no inspire confianza.<\/li>\n\n\n\n<li>Anote los datos de los veh\u00edculos y\/o personas que rondan por los alrededores de la vivienda.<\/li>\n\n\n\n<li>Es conveniente contratar un seguro, especialmente en caso de tener objetos de valor.<\/li>\n<\/ul>\n\n\n\n<h3 class=\"wp-block-heading\"><strong>Recomendaciones en caso de robo<\/strong><\/h3>\n\n\n\n<ul class=\"wp-block-list\">\n<li>Mantenga la calma y no entre en la vivienda ni toque o mueva nada que pudiera haber sido manipulado por los ladrones.<\/li>\n\n\n\n<li>Aviso al Cuerpo de Seguridad competente en la zona, si es la Guardia Civil llame al tel\u00e9fono 062 o en cualquier caso al 112<\/li>\n\n\n\n<li>Al formular la denuncia presente documentos justificativos de los objetos robados, como facturas, fotograf\u00edas, etc.<\/li>\n\n\n\n<li>Solicite un justificante de la presentaci\u00f3n de la denuncia.<\/li>\n<\/ul>\n\n\n\n<div style=\"height:40px\" aria-hidden=\"true\" class=\"wp-block-spacer\"><\/div>\n<\/div>\n<\/div>\n","protected":false},"excerpt":{"rendered":"<p>Consejos de seguridad Consejos para los mayores La seguridad del ciudadano es una misi\u00f3n primordial en el quehacer diario de la Guardia Civil. Las personas de mayor edad de nuestra <a class=\"text-decoration-none text-black\" href=\"https:\/\/aldaia.es\/es\/seguridad-ciudadana\/consejos-de-seguridad\/\"> &#8230; <\/a><\/p>\n","protected":false},"author":17,"featured_media":0,"parent":6242,"menu_order":0,"comment_status":"closed","ping_status":"closed","template":"basic-page-departamentos.php","meta":{"_acf_changed":false,"footnotes":""},"class_list":["post-6494","page","type-page","status-publish","hentry"],"acf":[],"yoast_head":"<!-- This site is optimized with the Yoast SEO plugin v27.0 - https:\/\/yoast.com\/product\/yoast-seo-wordpress\/ -->\n<title>Consejos de seguridad - Ayuntamiento de Aldaia<\/title>\n<meta name=\"robots\" content=\"index, follow, max-snippet:-1, max-image-preview:large, max-video-preview:-1\" \/>\n<link rel=\"canonical\" href=\"https:\/\/aldaia.es\/es\/seguridad-ciudadana\/consejos-de-seguridad\/\" \/>\n<meta property=\"og:locale\" content=\"es_ES\" \/>\n<meta property=\"og:type\" content=\"article\" \/>\n<meta property=\"og:title\" content=\"Consejos de seguridad - Ayuntamiento de Aldaia\" \/>\n<meta property=\"og:description\" content=\"Consejos de seguridad Consejos para los mayores La seguridad del ciudadano es una misi\u00f3n primordial en el quehacer diario de la Guardia Civil. Las personas de mayor edad de nuestra ...\" \/>\n<meta property=\"og:url\" content=\"https:\/\/aldaia.es\/es\/seguridad-ciudadana\/consejos-de-seguridad\/\" \/>\n<meta property=\"og:site_name\" content=\"Ayuntamiento de Aldaia\" \/>\n<meta property=\"article:modified_time\" content=\"2024-08-02T10:12:49+00:00\" \/>\n<meta property=\"og:image\" content=\"https:\/\/aldaia.es\/wp-content\/uploads\/2023\/02\/foto-home-vell.jpeg\" \/>\n<script type=\"application\/ld+json\" class=\"yoast-schema-graph\">{\"@context\":\"https:\/\/schema.org\",\"@graph\":[{\"@type\":\"WebPage\",\"@id\":\"https:\/\/aldaia.es\/es\/seguridad-ciudadana\/consejos-de-seguridad\/\",\"url\":\"https:\/\/aldaia.es\/es\/seguridad-ciudadana\/consejos-de-seguridad\/\",\"name\":\"Consejos de seguridad - Ayuntamiento de Aldaia\",\"isPartOf\":{\"@id\":\"https:\/\/aldaia.es\/es\/#website\"},\"primaryImageOfPage\":{\"@id\":\"https:\/\/aldaia.es\/es\/seguridad-ciudadana\/consejos-de-seguridad\/#primaryimage\"},\"image\":{\"@id\":\"https:\/\/aldaia.es\/es\/seguridad-ciudadana\/consejos-de-seguridad\/#primaryimage\"},\"thumbnailUrl\":\"https:\/\/aldaia.es\/wp-content\/uploads\/2023\/02\/foto-home-vell.jpeg\",\"datePublished\":\"2023-02-01T13:40:37+00:00\",\"dateModified\":\"2024-08-02T10:12:49+00:00\",\"breadcrumb\":{\"@id\":\"https:\/\/aldaia.es\/es\/seguridad-ciudadana\/consejos-de-seguridad\/#breadcrumb\"},\"inLanguage\":\"es\",\"potentialAction\":[{\"@type\":\"ReadAction\",\"target\":[\"https:\/\/aldaia.es\/es\/seguridad-ciudadana\/consejos-de-seguridad\/\"]}]},{\"@type\":\"ImageObject\",\"inLanguage\":\"es\",\"@id\":\"https:\/\/aldaia.es\/es\/seguridad-ciudadana\/consejos-de-seguridad\/#primaryimage\",\"url\":\"https:\/\/aldaia.es\/wp-content\/uploads\/2023\/02\/foto-home-vell.jpeg\",\"contentUrl\":\"https:\/\/aldaia.es\/wp-content\/uploads\/2023\/02\/foto-home-vell.jpeg\"},{\"@type\":\"BreadcrumbList\",\"@id\":\"https:\/\/aldaia.es\/es\/seguridad-ciudadana\/consejos-de-seguridad\/#breadcrumb\",\"itemListElement\":[{\"@type\":\"ListItem\",\"position\":1,\"name\":\"Portada\",\"item\":\"https:\/\/aldaia.es\/es\/\"},{\"@type\":\"ListItem\",\"position\":2,\"name\":\"Seguridad Ciudadana\",\"item\":\"https:\/\/aldaia.es\/es\/seguridad-ciudadana\/\"},{\"@type\":\"ListItem\",\"position\":3,\"name\":\"Consejos de seguridad\"}]},{\"@type\":\"WebSite\",\"@id\":\"https:\/\/aldaia.es\/es\/#website\",\"url\":\"https:\/\/aldaia.es\/es\/\",\"name\":\"Ajuntament D'Aldaia\",\"description\":\"\",\"publisher\":{\"@id\":\"https:\/\/aldaia.es\/es\/#organization\"},\"alternateName\":\"Ajuntament D'Aldaia\",\"potentialAction\":[{\"@type\":\"SearchAction\",\"target\":{\"@type\":\"EntryPoint\",\"urlTemplate\":\"https:\/\/aldaia.es\/es\/?s={search_term_string}\"},\"query-input\":{\"@type\":\"PropertyValueSpecification\",\"valueRequired\":true,\"valueName\":\"search_term_string\"}}],\"inLanguage\":\"es\"},{\"@type\":\"Organization\",\"@id\":\"https:\/\/aldaia.es\/es\/#organization\",\"name\":\"Ajuntament D'Aldaia\",\"url\":\"https:\/\/aldaia.es\/es\/\",\"logo\":{\"@type\":\"ImageObject\",\"inLanguage\":\"es\",\"@id\":\"https:\/\/aldaia.es\/es\/#\/schema\/logo\/image\/\",\"url\":\"https:\/\/aldaia.es\/wp-content\/uploads\/2022\/06\/aldaia-negro-1.png\",\"contentUrl\":\"https:\/\/aldaia.es\/wp-content\/uploads\/2022\/06\/aldaia-negro-1.png\",\"width\":152,\"height\":70,\"caption\":\"Ajuntament D'Aldaia\"},\"image\":{\"@id\":\"https:\/\/aldaia.es\/es\/#\/schema\/logo\/image\/\"}}]}<\/script>\n<!-- \/ Yoast SEO plugin. -->","yoast_head_json":{"title":"Consejos de seguridad - Ayuntamiento de Aldaia","robots":{"index":"index","follow":"follow","max-snippet":"max-snippet:-1","max-image-preview":"max-image-preview:large","max-video-preview":"max-video-preview:-1"},"canonical":"https:\/\/aldaia.es\/es\/seguridad-ciudadana\/consejos-de-seguridad\/","og_locale":"es_ES","og_type":"article","og_title":"Consejos de seguridad - Ayuntamiento de Aldaia","og_description":"Consejos de seguridad Consejos para los mayores La seguridad del ciudadano es una misi\u00f3n primordial en el quehacer diario de la Guardia Civil. Las personas de mayor edad de nuestra ...","og_url":"https:\/\/aldaia.es\/es\/seguridad-ciudadana\/consejos-de-seguridad\/","og_site_name":"Ayuntamiento de Aldaia","article_modified_time":"2024-08-02T10:12:49+00:00","og_image":[{"url":"https:\/\/aldaia.es\/wp-content\/uploads\/2023\/02\/foto-home-vell.jpeg","type":"","width":"","height":""}],"schema":{"@context":"https:\/\/schema.org","@graph":[{"@type":"WebPage","@id":"https:\/\/aldaia.es\/es\/seguridad-ciudadana\/consejos-de-seguridad\/","url":"https:\/\/aldaia.es\/es\/seguridad-ciudadana\/consejos-de-seguridad\/","name":"Consejos de seguridad - Ayuntamiento de Aldaia","isPartOf":{"@id":"https:\/\/aldaia.es\/es\/#website"},"primaryImageOfPage":{"@id":"https:\/\/aldaia.es\/es\/seguridad-ciudadana\/consejos-de-seguridad\/#primaryimage"},"image":{"@id":"https:\/\/aldaia.es\/es\/seguridad-ciudadana\/consejos-de-seguridad\/#primaryimage"},"thumbnailUrl":"https:\/\/aldaia.es\/wp-content\/uploads\/2023\/02\/foto-home-vell.jpeg","datePublished":"2023-02-01T13:40:37+00:00","dateModified":"2024-08-02T10:12:49+00:00","breadcrumb":{"@id":"https:\/\/aldaia.es\/es\/seguridad-ciudadana\/consejos-de-seguridad\/#breadcrumb"},"inLanguage":"es","potentialAction":[{"@type":"ReadAction","target":["https:\/\/aldaia.es\/es\/seguridad-ciudadana\/consejos-de-seguridad\/"]}]},{"@type":"ImageObject","inLanguage":"es","@id":"https:\/\/aldaia.es\/es\/seguridad-ciudadana\/consejos-de-seguridad\/#primaryimage","url":"https:\/\/aldaia.es\/wp-content\/uploads\/2023\/02\/foto-home-vell.jpeg","contentUrl":"https:\/\/aldaia.es\/wp-content\/uploads\/2023\/02\/foto-home-vell.jpeg"},{"@type":"BreadcrumbList","@id":"https:\/\/aldaia.es\/es\/seguridad-ciudadana\/consejos-de-seguridad\/#breadcrumb","itemListElement":[{"@type":"ListItem","position":1,"name":"Portada","item":"https:\/\/aldaia.es\/es\/"},{"@type":"ListItem","position":2,"name":"Seguridad Ciudadana","item":"https:\/\/aldaia.es\/es\/seguridad-ciudadana\/"},{"@type":"ListItem","position":3,"name":"Consejos de seguridad"}]},{"@type":"WebSite","@id":"https:\/\/aldaia.es\/es\/#website","url":"https:\/\/aldaia.es\/es\/","name":"Ajuntament D'Aldaia","description":"","publisher":{"@id":"https:\/\/aldaia.es\/es\/#organization"},"alternateName":"Ajuntament D'Aldaia","potentialAction":[{"@type":"SearchAction","target":{"@type":"EntryPoint","urlTemplate":"https:\/\/aldaia.es\/es\/?s={search_term_string}"},"query-input":{"@type":"PropertyValueSpecification","valueRequired":true,"valueName":"search_term_string"}}],"inLanguage":"es"},{"@type":"Organization","@id":"https:\/\/aldaia.es\/es\/#organization","name":"Ajuntament D'Aldaia","url":"https:\/\/aldaia.es\/es\/","logo":{"@type":"ImageObject","inLanguage":"es","@id":"https:\/\/aldaia.es\/es\/#\/schema\/logo\/image\/","url":"https:\/\/aldaia.es\/wp-content\/uploads\/2022\/06\/aldaia-negro-1.png","contentUrl":"https:\/\/aldaia.es\/wp-content\/uploads\/2022\/06\/aldaia-negro-1.png","width":152,"height":70,"caption":"Ajuntament D'Aldaia"},"image":{"@id":"https:\/\/aldaia.es\/es\/#\/schema\/logo\/image\/"}}]}},"_links":{"self":[{"href":"https:\/\/aldaia.es\/es\/wp-json\/wp\/v2\/pages\/6494","targetHints":{"allow":["GET"]}}],"collection":[{"href":"https:\/\/aldaia.es\/es\/wp-json\/wp\/v2\/pages"}],"about":[{"href":"https:\/\/aldaia.es\/es\/wp-json\/wp\/v2\/types\/page"}],"author":[{"embeddable":true,"href":"https:\/\/aldaia.es\/es\/wp-json\/wp\/v2\/users\/17"}],"replies":[{"embeddable":true,"href":"https:\/\/aldaia.es\/es\/wp-json\/wp\/v2\/comments?post=6494"}],"version-history":[{"count":8,"href":"https:\/\/aldaia.es\/es\/wp-json\/wp\/v2\/pages\/6494\/revisions"}],"predecessor-version":[{"id":30857,"href":"https:\/\/aldaia.es\/es\/wp-json\/wp\/v2\/pages\/6494\/revisions\/30857"}],"up":[{"embeddable":true,"href":"https:\/\/aldaia.es\/es\/wp-json\/wp\/v2\/pages\/6242"}],"wp:attachment":[{"href":"https:\/\/aldaia.es\/es\/wp-json\/wp\/v2\/media?parent=6494"}],"curies":[{"name":"wp","href":"https:\/\/api.w.org\/{rel}","templated":true}]}}