{"id":6496,"date":"2022-08-29T10:25:10","date_gmt":"2022-08-29T08:25:10","guid":{"rendered":"https:\/\/aldaia.eu\/seguridad-ciudadana\/vehiculos-abandonados\/"},"modified":"2024-08-02T11:39:22","modified_gmt":"2024-08-02T09:39:22","slug":"vehiculos-abandonados","status":"publish","type":"page","link":"https:\/\/aldaia.es\/es\/seguridad-ciudadana\/vehiculos-abandonados\/","title":{"rendered":"Veh\u00edculos abandonados"},"content":{"rendered":"\n<div class=\"wp-block-columns top-info-dep dep-seguridad is-layout-flex wp-container-core-columns-is-layout-9d6595d7 wp-block-columns-is-layout-flex\">\n<div class=\"wp-block-column is-layout-flow wp-block-column-is-layout-flow\" style=\"flex-basis:30%\">\n<div style=\"height:20px\" aria-hidden=\"true\" class=\"wp-block-spacer\"><\/div>\n\n\n<!--  Info deportes -->\n\n \n\n<div class='bloque-infos-seguridad wrapper-departamentos'>\n<p class=\"tit-bloque-infos\">Polic\u00eda local <\/p>\n        <div class='infos-departamento'>\n            <p>Ayuntamiento de Aldaia, Plaza Constituci\u00f3n, n\u00ba 10.  46960 Aldaia, Valencia<\/p>\n            <p><i class=\"fa fa-phone\" aria-hidden=\"true\"><\/i> <a href=\"tel:+34961500702\">092<\/a><\/p>\n            <p><i class=\"fa fa-phone\" aria-hidden=\"true\"><\/i> <a href=\"tel:+34961500702\">+34 961 510 061<\/a><\/p>\n            <p><i class=\"fa fa-phone\" aria-hidden=\"true\"><\/i> <a href=\"tel:+34961500702\">+34 961 985 838<\/a><\/p>\n            \n        <\/div>\n\n        <div class='mapa-1'>\n        <iframe src=\"https:\/\/www.google.com\/maps\/embed?pb=!1m18!1m12!1m3!1d649.4021361226742!2d-0.46257141374235977!3d39.46513134014793!2m3!1f0!2f0!3f0!3m2!1i1024!2i768!4f13.1!3m3!1m2!1s0xd60503d5f979a0f%3A0xcce710060a023d09!2sPolic%C3%ADa%20Local%20Aldaya!5e0!3m2!1ses!2sus!4v1722506203369!5m2!1ses!2sus\" width=\"100%\" height=\"300\" style=\"border:0;\" allowfullscreen=\"\" loading=\"lazy\" referrerpolicy=\"no-referrer-when-downgrade\"><\/iframe>\n        <\/div>\n<\/div>\n<!-- end bloque infos -->\n   \n\n\n\n<\/div>\n\n\n\n<div class=\"wp-block-column is-layout-flow wp-block-column-is-layout-flow\" style=\"flex-basis:70%\">\n<h1 class=\"wp-block-heading\">Veh\u00edculos abandonados<\/h1>\n\n\n\n<h3 class=\"wp-block-heading\">El medio ambiente es cosa de todos y adem\u00e1s es gratis.<\/h3>\n\n\n\n<p>Evitar que en las calles de Aldaia haya coches abandonados, no cuesta nada.<br>Porque no cuesta nada tramitar la baja del veh\u00edculo ni entregarlo en el dep\u00f3sito municipal.<br>Tampoco cuesta nada solicitar que la Polic\u00eda Local le retire de la calle.<\/p>\n\n\n\n<p>El Ayuntamiento de Aldaia habilita un servicio a trav\u00e9s del cual los propietarios de veh\u00edculos podr\u00e1n pedir su retirada de la v\u00eda p\u00fablica y la baja administrativa sin coste alguno.<\/p>\n\n\n\n<p>Para m\u00e1s informaci\u00f3n vea apartado: <a href=\"#cesion\">Cesi\u00f3n de veh\u00edculo abandonado en el ayuntamiento<\/a>.<\/p>\n\n\n\n<h2 class=\"wp-block-heading\">Gesti\u00f3n de veh\u00edculos abandonados<\/h2>\n\n\n\n<p>Un veh\u00edculo podr\u00e1 considerarse abandonado:<\/p>\n\n\n\n<ul class=\"wp-block-list\">\n<li>Cuando est\u00e9 estacionado m\u00e1s de un mes en el mismo sitio de la v\u00eda p\u00fablica.<\/li>\n\n\n\n<li>Presente desperfectos que hagan imposible su desplazamiento por sus propios medios.<\/li>\n\n\n\n<li>Presente desperfectos graves que supongan un peligro para la integridad de las personas y para el medio ambiente.<\/li>\n\n\n\n<li>Le faltan las placas de matr\u00edcula. En este caso, pasa a ser considerado un residuo s\u00f3lido de acuerdo con la normativa ambiental correspondiente.<\/li>\n\n\n\n<li>Cuando presente leves s\u00edntomas de abandono y no tenga en vigor tanto el seguro de responsabilidad civil como la ITV.<\/li>\n<\/ul>\n\n\n\n<h2 class=\"wp-block-heading\">Tr\u00e1mite veh\u00edculos abandonados<\/h2>\n\n\n\n<p>Si desea denunciar un veh\u00edculo abandonado en la v\u00eda p\u00fablica, podr\u00e1 hacerlo de la siguiente forma:<\/p>\n\n\n\n<ul class=\"wp-block-list\">\n<li>De forma presencial en la central de la Polic\u00eda Local. (Pl. Constituci\u00f3n 10).<\/li>\n\n\n\n<li>Telef\u00f3nicamente en los n\u00fameros de la Polic\u00eda Local: Tel. 96 151 00 61 \u00b7 Tel.: 092.<\/li>\n\n\n\n<li>Comunicaci\u00f3n personal a cualquier agente de la Polic\u00eda Local.<\/li>\n\n\n\n<li>Por medio de un escrito presentado en la Oficina de Informaci\u00f3n al Ciudadana.<\/li>\n<\/ul>\n\n\n\n<p>Deber\u00e1 facilitar la localizaci\u00f3n del veh\u00edculo, as\u00ed como la marca, modelo y matr\u00edcula del mismo.<\/p>\n\n\n\n<p>Tras la denuncia de un veh\u00edculo abandonado se inician una serie de tr\u00e1mites que consisten en:<\/p>\n\n\n\n<ul class=\"wp-block-list\">\n<li>Inicio del expediente con la constataci\u00f3n de hechos mediante la confecci\u00f3n de un acta acreditativa del abandono del veh\u00edculo en la v\u00eda p\u00fablica y la obtenci\u00f3n de dos fotograf\u00edas a efectos probatorios procedentes.<\/li>\n\n\n\n<li>Investigaci\u00f3n del propietario y situaci\u00f3n del veh\u00edculo, a trav\u00e9s de la Jefatura Provincial de Tr\u00e1fico, del Padr\u00f3n Municipal y datos vecinales.<\/li>\n\n\n\n<li>Notificaci\u00f3n por correo certificado de la situaci\u00f3n de su veh\u00edculo y la concesi\u00f3n del plazo de un mes para que resuelva la citada situaci\u00f3n.<\/li>\n\n\n\n<li>En caso de que no se localice al propietario del veh\u00edculo se publicar\u00e1 en el BOP la situaci\u00f3n del veh\u00edculo y la concesi\u00f3n del plazo anteriormente citado.<\/li>\n\n\n\n<li>En caso de que no se localice el propietario del veh\u00edculo se colocar\u00e1 una pegatina en el veh\u00edculo, se advertir\u00e1 su situaci\u00f3n irregular y se indicar\u00e1 que en un breve plazo de tiempo ser\u00e1 retirado de la v\u00eda p\u00fablica.<\/li>\n\n\n\n<li>No obstante, si a lo largo de todo el proceso el veh\u00edculo presentase riesgo para el resto de usuarios de la v\u00eda p\u00fablica, se retirar\u00e1 de inmediato con la oportuna denuncia.<\/li>\n<\/ul>\n\n\n\n<h2 class=\"wp-block-heading\" id=\"cesion\">Cesi\u00f3n de veh\u00edculos abandonados en el ayuntamiento<\/h2>\n\n\n\n<p>El Ayuntamiento de Aldaia dispone de un servicio de retirada voluntaria de veh\u00edculos de la v\u00eda p\u00fablica, a petici\u00f3n de su propietario o titular, para que proceda, en su nombre o representaci\u00f3n, a realizar los tr\u00e1mites administrativos oportunos para la destrucci\u00f3n del veh\u00edculo y la baja en la Jefatura de Tr\u00e1fico.<br>Con este servicio, el Ayuntamiento de Aldaia, a trav\u00e9s de la Polic\u00eda Local, pretende facilitar a los ciudadanos, la retirada de veh\u00edculos fuera de uso para evitar su abandono en la v\u00eda p\u00fablica.<\/p>\n\n\n\n<h3 class=\"wp-block-heading\">Requisitos<\/h3>\n\n\n\n<p>Personarse en la Oficina de la Unidad Administrativa de la Polic\u00eda Local (Plaza de la Constituci\u00f3n, 21 bajo) y aportar la siguiente documentaci\u00f3n:<\/p>\n\n\n\n<ul class=\"wp-block-list\">\n<li>Fotocopia del DNI\/NIE del titular del veh\u00edculo.<\/li>\n\n\n\n<li>Permiso de Circulaci\u00f3n y Ficha de Inspecci\u00f3n T\u00e9cnica del Veh\u00edculo.<\/li>\n\n\n\n<li>Cumplimentar el impreso de solicitud de cesi\u00f3n de veh\u00edculo, firmando la documentaci\u00f3n necesaria para tramitar la baja del veh\u00edculo.<\/li>\n\n\n\n<li>Que el veh\u00edculo carezca de cargas ni embargos o precintos judiciales pendientes.<\/li>\n\n\n\n<li>Para dar de baja motocicletas y ciclomotores es necesario dirigirse a la Direcci\u00f3n General de Tr\u00e1fico, salvo los que se encuentren retirados por la Polic\u00eda Local en el dep\u00f3sito municipal, que podr\u00e1n ser cedidos por sus propietarios para tramitar su baja de oficio.<\/li>\n\n\n\n<li>Por \u00faltimo se entregar\u00e1 al interesado la Certificaci\u00f3n de Destrucci\u00f3n del Veh\u00edculo, facilitada por el centro autorizado, como justificante de su baja definitiva y necesaria para efectuar la liquidaci\u00f3n del Impuesto de Veh\u00edculos de Tracci\u00f3n Mec\u00e1nica ante la Agencia Tributaria.<\/li>\n<\/ul>\n<\/div>\n<\/div>\n","protected":false},"excerpt":{"rendered":"<p>Veh\u00edculos abandonados El medio ambiente es cosa de todos y adem\u00e1s es gratis. Evitar que en las calles de Aldaia haya coches abandonados, no cuesta nada.Porque no cuesta nada tramitar <a class=\"text-decoration-none text-black\" href=\"https:\/\/aldaia.es\/es\/seguridad-ciudadana\/vehiculos-abandonados\/\"> &#8230; <\/a><\/p>\n","protected":false},"author":17,"featured_media":0,"parent":6242,"menu_order":0,"comment_status":"closed","ping_status":"closed","template":"basic-page-departamentos.php","meta":{"_acf_changed":false,"footnotes":""},"class_list":["post-6496","page","type-page","status-publish","hentry"],"acf":[],"yoast_head":"<!-- This site is optimized with the Yoast SEO plugin v27.0 - https:\/\/yoast.com\/product\/yoast-seo-wordpress\/ -->\n<title>Veh\u00edculos abandonados - Ayuntamiento de Aldaia<\/title>\n<meta name=\"description\" content=\"El Ayuntamiento de Aldaia habilita un servicio a trav\u00e9s del cual los propietarios de veh\u00edculos podr\u00e1n pedir su retirada de la v\u00eda p\u00fablica\" \/>\n<meta name=\"robots\" content=\"index, follow, max-snippet:-1, max-image-preview:large, max-video-preview:-1\" \/>\n<link rel=\"canonical\" href=\"https:\/\/aldaia.es\/es\/seguridad-ciudadana\/vehiculos-abandonados\/\" \/>\n<meta property=\"og:locale\" content=\"es_ES\" \/>\n<meta property=\"og:type\" content=\"article\" \/>\n<meta property=\"og:title\" content=\"Veh\u00edculos abandonados - Ayuntamiento de Aldaia\" \/>\n<meta property=\"og:description\" content=\"El Ayuntamiento de Aldaia habilita un servicio a trav\u00e9s del cual los propietarios de veh\u00edculos podr\u00e1n pedir su retirada de la v\u00eda p\u00fablica\" \/>\n<meta property=\"og:url\" content=\"https:\/\/aldaia.es\/es\/seguridad-ciudadana\/vehiculos-abandonados\/\" \/>\n<meta property=\"og:site_name\" content=\"Ayuntamiento de Aldaia\" \/>\n<meta property=\"article:modified_time\" content=\"2024-08-02T09:39:22+00:00\" \/>\n<script type=\"application\/ld+json\" class=\"yoast-schema-graph\">{\"@context\":\"https:\/\/schema.org\",\"@graph\":[{\"@type\":\"WebPage\",\"@id\":\"https:\/\/aldaia.es\/es\/seguridad-ciudadana\/vehiculos-abandonados\/\",\"url\":\"https:\/\/aldaia.es\/es\/seguridad-ciudadana\/vehiculos-abandonados\/\",\"name\":\"Veh\u00edculos abandonados - Ayuntamiento de Aldaia\",\"isPartOf\":{\"@id\":\"https:\/\/aldaia.es\/es\/#website\"},\"datePublished\":\"2022-08-29T08:25:10+00:00\",\"dateModified\":\"2024-08-02T09:39:22+00:00\",\"description\":\"El Ayuntamiento de Aldaia habilita un servicio a trav\u00e9s del cual los propietarios de veh\u00edculos podr\u00e1n pedir su retirada de la v\u00eda p\u00fablica\",\"breadcrumb\":{\"@id\":\"https:\/\/aldaia.es\/es\/seguridad-ciudadana\/vehiculos-abandonados\/#breadcrumb\"},\"inLanguage\":\"es\",\"potentialAction\":[{\"@type\":\"ReadAction\",\"target\":[\"https:\/\/aldaia.es\/es\/seguridad-ciudadana\/vehiculos-abandonados\/\"]}]},{\"@type\":\"BreadcrumbList\",\"@id\":\"https:\/\/aldaia.es\/es\/seguridad-ciudadana\/vehiculos-abandonados\/#breadcrumb\",\"itemListElement\":[{\"@type\":\"ListItem\",\"position\":1,\"name\":\"Portada\",\"item\":\"https:\/\/aldaia.es\/es\/\"},{\"@type\":\"ListItem\",\"position\":2,\"name\":\"Seguridad Ciudadana\",\"item\":\"https:\/\/aldaia.es\/es\/seguridad-ciudadana\/\"},{\"@type\":\"ListItem\",\"position\":3,\"name\":\"Veh\u00edculos abandonados\"}]},{\"@type\":\"WebSite\",\"@id\":\"https:\/\/aldaia.es\/es\/#website\",\"url\":\"https:\/\/aldaia.es\/es\/\",\"name\":\"Ajuntament D'Aldaia\",\"description\":\"\",\"publisher\":{\"@id\":\"https:\/\/aldaia.es\/es\/#organization\"},\"alternateName\":\"Ajuntament D'Aldaia\",\"potentialAction\":[{\"@type\":\"SearchAction\",\"target\":{\"@type\":\"EntryPoint\",\"urlTemplate\":\"https:\/\/aldaia.es\/es\/?s={search_term_string}\"},\"query-input\":{\"@type\":\"PropertyValueSpecification\",\"valueRequired\":true,\"valueName\":\"search_term_string\"}}],\"inLanguage\":\"es\"},{\"@type\":\"Organization\",\"@id\":\"https:\/\/aldaia.es\/es\/#organization\",\"name\":\"Ajuntament D'Aldaia\",\"url\":\"https:\/\/aldaia.es\/es\/\",\"logo\":{\"@type\":\"ImageObject\",\"inLanguage\":\"es\",\"@id\":\"https:\/\/aldaia.es\/es\/#\/schema\/logo\/image\/\",\"url\":\"https:\/\/aldaia.es\/wp-content\/uploads\/2022\/06\/aldaia-negro-1.png\",\"contentUrl\":\"https:\/\/aldaia.es\/wp-content\/uploads\/2022\/06\/aldaia-negro-1.png\",\"width\":152,\"height\":70,\"caption\":\"Ajuntament D'Aldaia\"},\"image\":{\"@id\":\"https:\/\/aldaia.es\/es\/#\/schema\/logo\/image\/\"}}]}<\/script>\n<!-- \/ Yoast SEO plugin. -->","yoast_head_json":{"title":"Veh\u00edculos abandonados - Ayuntamiento de Aldaia","description":"El Ayuntamiento de Aldaia habilita un servicio a trav\u00e9s del cual los propietarios de veh\u00edculos podr\u00e1n pedir su retirada de la v\u00eda p\u00fablica","robots":{"index":"index","follow":"follow","max-snippet":"max-snippet:-1","max-image-preview":"max-image-preview:large","max-video-preview":"max-video-preview:-1"},"canonical":"https:\/\/aldaia.es\/es\/seguridad-ciudadana\/vehiculos-abandonados\/","og_locale":"es_ES","og_type":"article","og_title":"Veh\u00edculos abandonados - Ayuntamiento de Aldaia","og_description":"El Ayuntamiento de Aldaia habilita un servicio a trav\u00e9s del cual los propietarios de veh\u00edculos podr\u00e1n pedir su retirada de la v\u00eda p\u00fablica","og_url":"https:\/\/aldaia.es\/es\/seguridad-ciudadana\/vehiculos-abandonados\/","og_site_name":"Ayuntamiento de Aldaia","article_modified_time":"2024-08-02T09:39:22+00:00","schema":{"@context":"https:\/\/schema.org","@graph":[{"@type":"WebPage","@id":"https:\/\/aldaia.es\/es\/seguridad-ciudadana\/vehiculos-abandonados\/","url":"https:\/\/aldaia.es\/es\/seguridad-ciudadana\/vehiculos-abandonados\/","name":"Veh\u00edculos abandonados - Ayuntamiento de Aldaia","isPartOf":{"@id":"https:\/\/aldaia.es\/es\/#website"},"datePublished":"2022-08-29T08:25:10+00:00","dateModified":"2024-08-02T09:39:22+00:00","description":"El Ayuntamiento de Aldaia habilita un servicio a trav\u00e9s del cual los propietarios de veh\u00edculos podr\u00e1n pedir su retirada de la v\u00eda p\u00fablica","breadcrumb":{"@id":"https:\/\/aldaia.es\/es\/seguridad-ciudadana\/vehiculos-abandonados\/#breadcrumb"},"inLanguage":"es","potentialAction":[{"@type":"ReadAction","target":["https:\/\/aldaia.es\/es\/seguridad-ciudadana\/vehiculos-abandonados\/"]}]},{"@type":"BreadcrumbList","@id":"https:\/\/aldaia.es\/es\/seguridad-ciudadana\/vehiculos-abandonados\/#breadcrumb","itemListElement":[{"@type":"ListItem","position":1,"name":"Portada","item":"https:\/\/aldaia.es\/es\/"},{"@type":"ListItem","position":2,"name":"Seguridad Ciudadana","item":"https:\/\/aldaia.es\/es\/seguridad-ciudadana\/"},{"@type":"ListItem","position":3,"name":"Veh\u00edculos abandonados"}]},{"@type":"WebSite","@id":"https:\/\/aldaia.es\/es\/#website","url":"https:\/\/aldaia.es\/es\/","name":"Ajuntament D'Aldaia","description":"","publisher":{"@id":"https:\/\/aldaia.es\/es\/#organization"},"alternateName":"Ajuntament D'Aldaia","potentialAction":[{"@type":"SearchAction","target":{"@type":"EntryPoint","urlTemplate":"https:\/\/aldaia.es\/es\/?s={search_term_string}"},"query-input":{"@type":"PropertyValueSpecification","valueRequired":true,"valueName":"search_term_string"}}],"inLanguage":"es"},{"@type":"Organization","@id":"https:\/\/aldaia.es\/es\/#organization","name":"Ajuntament D'Aldaia","url":"https:\/\/aldaia.es\/es\/","logo":{"@type":"ImageObject","inLanguage":"es","@id":"https:\/\/aldaia.es\/es\/#\/schema\/logo\/image\/","url":"https:\/\/aldaia.es\/wp-content\/uploads\/2022\/06\/aldaia-negro-1.png","contentUrl":"https:\/\/aldaia.es\/wp-content\/uploads\/2022\/06\/aldaia-negro-1.png","width":152,"height":70,"caption":"Ajuntament D'Aldaia"},"image":{"@id":"https:\/\/aldaia.es\/es\/#\/schema\/logo\/image\/"}}]}},"_links":{"self":[{"href":"https:\/\/aldaia.es\/es\/wp-json\/wp\/v2\/pages\/6496","targetHints":{"allow":["GET"]}}],"collection":[{"href":"https:\/\/aldaia.es\/es\/wp-json\/wp\/v2\/pages"}],"about":[{"href":"https:\/\/aldaia.es\/es\/wp-json\/wp\/v2\/types\/page"}],"author":[{"embeddable":true,"href":"https:\/\/aldaia.es\/es\/wp-json\/wp\/v2\/users\/17"}],"replies":[{"embeddable":true,"href":"https:\/\/aldaia.es\/es\/wp-json\/wp\/v2\/comments?post=6496"}],"version-history":[{"count":6,"href":"https:\/\/aldaia.es\/es\/wp-json\/wp\/v2\/pages\/6496\/revisions"}],"predecessor-version":[{"id":30840,"href":"https:\/\/aldaia.es\/es\/wp-json\/wp\/v2\/pages\/6496\/revisions\/30840"}],"up":[{"embeddable":true,"href":"https:\/\/aldaia.es\/es\/wp-json\/wp\/v2\/pages\/6242"}],"wp:attachment":[{"href":"https:\/\/aldaia.es\/es\/wp-json\/wp\/v2\/media?parent=6496"}],"curies":[{"name":"wp","href":"https:\/\/api.w.org\/{rel}","templated":true}]}}