{"id":6497,"date":"2022-08-30T09:13:48","date_gmt":"2022-08-30T07:13:48","guid":{"rendered":"https:\/\/aldaia.eu\/secretaria-general\/"},"modified":"2024-09-25T13:32:39","modified_gmt":"2024-09-25T11:32:39","slug":"secretaria-general","status":"publish","type":"page","link":"https:\/\/aldaia.es\/es\/servicios-administrativos\/secretaria-general\/","title":{"rendered":"Secretar\u00eda General"},"content":{"rendered":"\n<div class=\"wp-block-columns dep-administracion is-layout-flex wp-container-core-columns-is-layout-9d6595d7 wp-block-columns-is-layout-flex\">\n<div class=\"wp-block-column is-layout-flow wp-block-column-is-layout-flow\" style=\"flex-basis:30%\"><!--  Info administracion -->\n\n \n\n<div class='bloque-infos-administracion wrapper-departamentos'>\n<p class=\"tit-bloque-infos\">Ajuntament d'Aldaia <\/p>\n        <div class='infos-departamento'>\n            <p>Plaza Constituci\u00f3n, 10, 46960 Aldaia Valencia<\/p>\n            <p><i class=\"fa fa-phone\" aria-hidden=\"true\"><\/i> <a href=\"tel:+34961510693\">+34 96 151 06 93<\/a><\/p>\n            <p><i class=\"fas fa-envelope\"><\/i> <a href=\"mailto:ajuntament@ajuntamentaldaia.org\">ajuntament@ajuntamentaldaia.org<\/a><\/p>\n            \n        <\/div>\n\n        <div class='mapa-1'>\n        <iframe src=\"https:\/\/www.google.com\/maps\/embed?pb=!1m18!1m12!1m3!1d622.7679968418242!2d-0.4608059177881311!3d39.465164288659615!2m3!1f0!2f0!3f0!3m2!1i1024!2i768!4f13.1!3m3!1m2!1s0xd6051b0ac582aed%3A0xd3a2ed9d1d945ab0!2sAyuntamiento%20de%20Aldaya!5e0!3m2!1ses!2sus!4v1725979182758!5m2!1ses!2sus\" width=\"100%\" height=\"450\" style=\"border:0;\" allowfullscreen=\"\" loading=\"lazy\" referrerpolicy=\"no-referrer-when-downgrade\"><\/iframe>\n        <\/div>\n\n    <\/div>\n    <!-- end bloque infos -->\n   \n\n    \n\n\n<\/div>\n\n\n\n<div class=\"wp-block-column is-layout-flow wp-block-column-is-layout-flow\" style=\"flex-basis:70%\">\n<h1 class=\"wp-block-heading\">Secretar\u00eda General<\/h1>\n\n\n\n<p>Se encarga de la realizaci\u00f3n de las funciones p\u00fablicas de asesoramiento legal preceptivo de la Corporaci\u00f3n y fe p\u00fablica de todos los actos y acuerdos determinados en el Reglamento del r\u00e9gimen jur\u00eddico de los funcionarios de administraci\u00f3n local con habilitaci\u00f3n de car\u00e1cter nacional.<\/p>\n\n\n\n<p>Corresponde al puesto de trabajo de secretario o secretaria general, la jefatura de la Secretar\u00eda General y, en consecuencia, dirigir y coordinar las tareas del personal adscrito a la misma y distribuir los recursos materiales y econ\u00f3micos que se le asignan, con las atribuciones propias de una direcci\u00f3n de \u00e1rea.<\/p>\n\n\n\n<p>Corresponde adem\u00e1s al secretario o secretaria general la coordinaci\u00f3n de las tareas burocr\u00e1ticas que desarrollen los diferentes servicios municipales, en los aspectos jur\u00eddico-administrativos relacionados con las responsabilidades atribuidas legalmente a aqu\u00e9l. En el ejercicio de esta funci\u00f3n, con el fin de adecuar la actuaci\u00f3n administrativa en sus aspectos formales a las reglas por las que se rige y de unificar criterios, la persona titular del puesto de secretario o secretaria general, podr\u00e1 dictar \u00f3rdenes particulares e instrucciones de car\u00e1cter general, con subordinaci\u00f3n a las emanadas de la Alcald\u00eda.<\/p>\n<\/div>\n<\/div>\n\n\n\n<div class=\"wp-block-columns is-layout-flex wp-container-core-columns-is-layout-9d6595d7 wp-block-columns-is-layout-flex\">\n<div class=\"wp-block-column lista_adjuntos is-layout-flow wp-block-column-is-layout-flow\">\n<h2 class=\"wp-block-heading display-4\">Enlaces<\/h2>\n\n\n\n<p><i class=\"fas fa-file-pdf\"><\/i> <a href=\"https:\/\/sede.mjusticia.gob.es\/es\/tramites\/certificado-nacimiento\" target=\"_blank\" rel=\"noreferrer noopener\">Certificado de Nacimiento<\/a><\/p>\n\n\n\n<p><i class=\"fas fa-file-pdf\"><\/i> <a href=\"https:\/\/sede.mjusticia.gob.es\/es\/tramites\/certificado-matrimonio\">Certificado de Matrimonio<\/a><\/p>\n\n\n\n<p><i class=\"fas fa-file-pdf\"><\/i> <a href=\"https:\/\/sede.mjusticia.gob.es\/es\/tramites\/certificado-defuncion\" target=\"_blank\" rel=\"noreferrer noopener\">Certificado de Defunci\u00f3n<\/a><\/p>\n<\/div>\n<\/div>\n\n\n\n<p><\/p>\n","protected":false},"excerpt":{"rendered":"<p>Secretar\u00eda General Se encarga de la realizaci\u00f3n de las funciones p\u00fablicas de asesoramiento legal preceptivo de la Corporaci\u00f3n y fe p\u00fablica de todos los actos y acuerdos determinados en el <a class=\"text-decoration-none text-black\" href=\"https:\/\/aldaia.es\/es\/servicios-administrativos\/secretaria-general\/\"> &#8230; <\/a><\/p>\n","protected":false},"author":16,"featured_media":0,"parent":6255,"menu_order":0,"comment_status":"closed","ping_status":"closed","template":"basic-page-departamentos.php","meta":{"_acf_changed":false,"footnotes":""},"class_list":["post-6497","page","type-page","status-publish","hentry"],"acf":[],"yoast_head":"<!-- This site is optimized with the Yoast SEO plugin v27.0 - https:\/\/yoast.com\/product\/yoast-seo-wordpress\/ -->\n<title>Secretar\u00eda General - Ayuntamiento de Aldaia<\/title>\n<meta name=\"description\" content=\"Se encarga de la realizaci\u00f3n de las funciones p\u00fablicas de asesoramiento legal preceptivo de la Corporaci\u00f3n y fe p\u00fablica de todos los actos.\" \/>\n<meta name=\"robots\" content=\"index, follow, max-snippet:-1, max-image-preview:large, max-video-preview:-1\" \/>\n<link rel=\"canonical\" href=\"https:\/\/aldaia.es\/es\/servicios-administrativos\/secretaria-general\/\" \/>\n<meta property=\"og:locale\" content=\"es_ES\" \/>\n<meta property=\"og:type\" content=\"article\" \/>\n<meta property=\"og:title\" content=\"Secretar\u00eda General - Ayuntamiento de Aldaia\" \/>\n<meta property=\"og:description\" content=\"Se encarga de la realizaci\u00f3n de las funciones p\u00fablicas de asesoramiento legal preceptivo de la Corporaci\u00f3n y fe p\u00fablica de todos los actos.\" \/>\n<meta property=\"og:url\" content=\"https:\/\/aldaia.es\/es\/servicios-administrativos\/secretaria-general\/\" \/>\n<meta property=\"og:site_name\" content=\"Ayuntamiento de Aldaia\" \/>\n<meta property=\"article:modified_time\" content=\"2024-09-25T11:32:39+00:00\" \/>\n<script type=\"application\/ld+json\" class=\"yoast-schema-graph\">{\"@context\":\"https:\/\/schema.org\",\"@graph\":[{\"@type\":\"WebPage\",\"@id\":\"https:\/\/aldaia.es\/es\/servicios-administrativos\/secretaria-general\/\",\"url\":\"https:\/\/aldaia.es\/es\/servicios-administrativos\/secretaria-general\/\",\"name\":\"Secretar\u00eda General - Ayuntamiento de Aldaia\",\"isPartOf\":{\"@id\":\"https:\/\/aldaia.es\/es\/#website\"},\"datePublished\":\"2022-08-30T07:13:48+00:00\",\"dateModified\":\"2024-09-25T11:32:39+00:00\",\"description\":\"Se encarga de la realizaci\u00f3n de las funciones p\u00fablicas de asesoramiento legal preceptivo de la Corporaci\u00f3n y fe p\u00fablica de todos los actos.\",\"breadcrumb\":{\"@id\":\"https:\/\/aldaia.es\/es\/servicios-administrativos\/secretaria-general\/#breadcrumb\"},\"inLanguage\":\"es\",\"potentialAction\":[{\"@type\":\"ReadAction\",\"target\":[\"https:\/\/aldaia.es\/es\/servicios-administrativos\/secretaria-general\/\"]}]},{\"@type\":\"BreadcrumbList\",\"@id\":\"https:\/\/aldaia.es\/es\/servicios-administrativos\/secretaria-general\/#breadcrumb\",\"itemListElement\":[{\"@type\":\"ListItem\",\"position\":1,\"name\":\"Portada\",\"item\":\"https:\/\/aldaia.es\/es\/\"},{\"@type\":\"ListItem\",\"position\":2,\"name\":\"Servicios administrativos\",\"item\":\"https:\/\/aldaia.es\/es\/servicios-administrativos\/\"},{\"@type\":\"ListItem\",\"position\":3,\"name\":\"Secretar\u00eda General\"}]},{\"@type\":\"WebSite\",\"@id\":\"https:\/\/aldaia.es\/es\/#website\",\"url\":\"https:\/\/aldaia.es\/es\/\",\"name\":\"Ajuntament D'Aldaia\",\"description\":\"\",\"publisher\":{\"@id\":\"https:\/\/aldaia.es\/es\/#organization\"},\"alternateName\":\"Ajuntament D'Aldaia\",\"potentialAction\":[{\"@type\":\"SearchAction\",\"target\":{\"@type\":\"EntryPoint\",\"urlTemplate\":\"https:\/\/aldaia.es\/es\/?s={search_term_string}\"},\"query-input\":{\"@type\":\"PropertyValueSpecification\",\"valueRequired\":true,\"valueName\":\"search_term_string\"}}],\"inLanguage\":\"es\"},{\"@type\":\"Organization\",\"@id\":\"https:\/\/aldaia.es\/es\/#organization\",\"name\":\"Ajuntament D'Aldaia\",\"url\":\"https:\/\/aldaia.es\/es\/\",\"logo\":{\"@type\":\"ImageObject\",\"inLanguage\":\"es\",\"@id\":\"https:\/\/aldaia.es\/es\/#\/schema\/logo\/image\/\",\"url\":\"https:\/\/aldaia.es\/wp-content\/uploads\/2022\/06\/aldaia-negro-1.png\",\"contentUrl\":\"https:\/\/aldaia.es\/wp-content\/uploads\/2022\/06\/aldaia-negro-1.png\",\"width\":152,\"height\":70,\"caption\":\"Ajuntament D'Aldaia\"},\"image\":{\"@id\":\"https:\/\/aldaia.es\/es\/#\/schema\/logo\/image\/\"}}]}<\/script>\n<!-- \/ Yoast SEO plugin. -->","yoast_head_json":{"title":"Secretar\u00eda General - Ayuntamiento de Aldaia","description":"Se encarga de la realizaci\u00f3n de las funciones p\u00fablicas de asesoramiento legal preceptivo de la Corporaci\u00f3n y fe p\u00fablica de todos los actos.","robots":{"index":"index","follow":"follow","max-snippet":"max-snippet:-1","max-image-preview":"max-image-preview:large","max-video-preview":"max-video-preview:-1"},"canonical":"https:\/\/aldaia.es\/es\/servicios-administrativos\/secretaria-general\/","og_locale":"es_ES","og_type":"article","og_title":"Secretar\u00eda General - Ayuntamiento de Aldaia","og_description":"Se encarga de la realizaci\u00f3n de las funciones p\u00fablicas de asesoramiento legal preceptivo de la Corporaci\u00f3n y fe p\u00fablica de todos los actos.","og_url":"https:\/\/aldaia.es\/es\/servicios-administrativos\/secretaria-general\/","og_site_name":"Ayuntamiento de Aldaia","article_modified_time":"2024-09-25T11:32:39+00:00","schema":{"@context":"https:\/\/schema.org","@graph":[{"@type":"WebPage","@id":"https:\/\/aldaia.es\/es\/servicios-administrativos\/secretaria-general\/","url":"https:\/\/aldaia.es\/es\/servicios-administrativos\/secretaria-general\/","name":"Secretar\u00eda General - Ayuntamiento de Aldaia","isPartOf":{"@id":"https:\/\/aldaia.es\/es\/#website"},"datePublished":"2022-08-30T07:13:48+00:00","dateModified":"2024-09-25T11:32:39+00:00","description":"Se encarga de la realizaci\u00f3n de las funciones p\u00fablicas de asesoramiento legal preceptivo de la Corporaci\u00f3n y fe p\u00fablica de todos los actos.","breadcrumb":{"@id":"https:\/\/aldaia.es\/es\/servicios-administrativos\/secretaria-general\/#breadcrumb"},"inLanguage":"es","potentialAction":[{"@type":"ReadAction","target":["https:\/\/aldaia.es\/es\/servicios-administrativos\/secretaria-general\/"]}]},{"@type":"BreadcrumbList","@id":"https:\/\/aldaia.es\/es\/servicios-administrativos\/secretaria-general\/#breadcrumb","itemListElement":[{"@type":"ListItem","position":1,"name":"Portada","item":"https:\/\/aldaia.es\/es\/"},{"@type":"ListItem","position":2,"name":"Servicios administrativos","item":"https:\/\/aldaia.es\/es\/servicios-administrativos\/"},{"@type":"ListItem","position":3,"name":"Secretar\u00eda General"}]},{"@type":"WebSite","@id":"https:\/\/aldaia.es\/es\/#website","url":"https:\/\/aldaia.es\/es\/","name":"Ajuntament D'Aldaia","description":"","publisher":{"@id":"https:\/\/aldaia.es\/es\/#organization"},"alternateName":"Ajuntament D'Aldaia","potentialAction":[{"@type":"SearchAction","target":{"@type":"EntryPoint","urlTemplate":"https:\/\/aldaia.es\/es\/?s={search_term_string}"},"query-input":{"@type":"PropertyValueSpecification","valueRequired":true,"valueName":"search_term_string"}}],"inLanguage":"es"},{"@type":"Organization","@id":"https:\/\/aldaia.es\/es\/#organization","name":"Ajuntament D'Aldaia","url":"https:\/\/aldaia.es\/es\/","logo":{"@type":"ImageObject","inLanguage":"es","@id":"https:\/\/aldaia.es\/es\/#\/schema\/logo\/image\/","url":"https:\/\/aldaia.es\/wp-content\/uploads\/2022\/06\/aldaia-negro-1.png","contentUrl":"https:\/\/aldaia.es\/wp-content\/uploads\/2022\/06\/aldaia-negro-1.png","width":152,"height":70,"caption":"Ajuntament D'Aldaia"},"image":{"@id":"https:\/\/aldaia.es\/es\/#\/schema\/logo\/image\/"}}]}},"_links":{"self":[{"href":"https:\/\/aldaia.es\/es\/wp-json\/wp\/v2\/pages\/6497","targetHints":{"allow":["GET"]}}],"collection":[{"href":"https:\/\/aldaia.es\/es\/wp-json\/wp\/v2\/pages"}],"about":[{"href":"https:\/\/aldaia.es\/es\/wp-json\/wp\/v2\/types\/page"}],"author":[{"embeddable":true,"href":"https:\/\/aldaia.es\/es\/wp-json\/wp\/v2\/users\/16"}],"replies":[{"embeddable":true,"href":"https:\/\/aldaia.es\/es\/wp-json\/wp\/v2\/comments?post=6497"}],"version-history":[{"count":8,"href":"https:\/\/aldaia.es\/es\/wp-json\/wp\/v2\/pages\/6497\/revisions"}],"predecessor-version":[{"id":33189,"href":"https:\/\/aldaia.es\/es\/wp-json\/wp\/v2\/pages\/6497\/revisions\/33189"}],"up":[{"embeddable":true,"href":"https:\/\/aldaia.es\/es\/wp-json\/wp\/v2\/pages\/6255"}],"wp:attachment":[{"href":"https:\/\/aldaia.es\/es\/wp-json\/wp\/v2\/media?parent=6497"}],"curies":[{"name":"wp","href":"https:\/\/api.w.org\/{rel}","templated":true}]}}