{"id":6498,"date":"2022-08-29T10:17:04","date_gmt":"2022-08-29T08:17:04","guid":{"rendered":"https:\/\/aldaia.eu\/seguridad-ciudadana\/ordenanza-reguladora-de-las-armas-de-categoria-4\/"},"modified":"2024-08-02T11:31:13","modified_gmt":"2024-08-02T09:31:13","slug":"ordenanza-reguladora-de-las-armas-de-categoria-4","status":"publish","type":"page","link":"https:\/\/aldaia.es\/es\/seguridad-ciudadana\/ordenanza-reguladora-de-las-armas-de-categoria-4\/","title":{"rendered":"Ordenanza reguladora de las Armas de Categor\u00eda 4"},"content":{"rendered":"\n<div class=\"wp-block-columns top-info-dep dep-seguridad is-layout-flex wp-container-core-columns-is-layout-9d6595d7 wp-block-columns-is-layout-flex\">\n<div class=\"wp-block-column is-layout-flow wp-block-column-is-layout-flow\" style=\"flex-basis:30%\">\n<div style=\"height:20px\" aria-hidden=\"true\" class=\"wp-block-spacer\"><\/div>\n\n\n<!--  Info deportes -->\n\n \n\n<div class='bloque-infos-seguridad wrapper-departamentos'>\n<p class=\"tit-bloque-infos\">Polic\u00eda local <\/p>\n        <div class='infos-departamento'>\n            <p>Ayuntamiento de Aldaia, Plaza Constituci\u00f3n, n\u00ba 10.  46960 Aldaia, Valencia<\/p>\n            <p><i class=\"fa fa-phone\" aria-hidden=\"true\"><\/i> <a href=\"tel:+34961500702\">092<\/a><\/p>\n            <p><i class=\"fa fa-phone\" aria-hidden=\"true\"><\/i> <a href=\"tel:+34961500702\">+34 961 510 061<\/a><\/p>\n            <p><i class=\"fa fa-phone\" aria-hidden=\"true\"><\/i> <a href=\"tel:+34961500702\">+34 961 985 838<\/a><\/p>\n            \n        <\/div>\n\n        <div class='mapa-1'>\n        <iframe src=\"https:\/\/www.google.com\/maps\/embed?pb=!1m18!1m12!1m3!1d649.4021361226742!2d-0.46257141374235977!3d39.46513134014793!2m3!1f0!2f0!3f0!3m2!1i1024!2i768!4f13.1!3m3!1m2!1s0xd60503d5f979a0f%3A0xcce710060a023d09!2sPolic%C3%ADa%20Local%20Aldaya!5e0!3m2!1ses!2sus!4v1722506203369!5m2!1ses!2sus\" width=\"100%\" height=\"300\" style=\"border:0;\" allowfullscreen=\"\" loading=\"lazy\" referrerpolicy=\"no-referrer-when-downgrade\"><\/iframe>\n        <\/div>\n<\/div>\n<!-- end bloque infos -->\n   \n\n\n\n<\/div>\n\n\n\n<div class=\"wp-block-column is-layout-flow wp-block-column-is-layout-flow\" style=\"flex-basis:70%\">\n<h1 class=\"wp-block-heading\">Ordenanza reguladora de las Armas de Categor\u00eda 4<\/h1>\n\n\n\n<p>Ante la necesidad de regular la adquisici\u00f3n, uso y tenencia de armas de aire comprimido y simulaciones de Air Soft, se publica la Ordenanza municipal en la que se recogen los tr\u00e1mites y requisitos necesarios para obtener la autorizaci\u00f3n municipal.<\/p>\n\n\n\n<div class=\"wp-block-columns lista_adjuntos is-layout-flex wp-container-core-columns-is-layout-9d6595d7 wp-block-columns-is-layout-flex\">\n<div class=\"wp-block-column is-layout-flow wp-block-column-is-layout-flow\">\n<h2 class=\"wp-block-heading\">Enlaces<\/h2>\n\n\n\n<p><i class=\"fas fa-file-pdf\"><\/i> <a href=\"https:\/\/aldaia.es\/wp-content\/uploads\/2023\/02\/ordenanza-registro-armas-cat-4.pdf\" target=\"_blank\" rel=\"noreferrer noopener\">Ordenanza registro de armas categor\u00eda 4<\/a><\/p>\n<\/div>\n<\/div>\n<\/div>\n<\/div>\n","protected":false},"excerpt":{"rendered":"<p>Ordenanza reguladora de las Armas de Categor\u00eda 4 Ante la necesidad de regular la adquisici\u00f3n, uso y tenencia de armas de aire comprimido y simulaciones de Air Soft, se publica <a class=\"text-decoration-none text-black\" href=\"https:\/\/aldaia.es\/es\/seguridad-ciudadana\/ordenanza-reguladora-de-las-armas-de-categoria-4\/\"> &#8230; <\/a><\/p>\n","protected":false},"author":17,"featured_media":0,"parent":6242,"menu_order":0,"comment_status":"closed","ping_status":"closed","template":"basic-page-departamentos.php","meta":{"_acf_changed":false,"footnotes":""},"class_list":["post-6498","page","type-page","status-publish","hentry"],"acf":[],"yoast_head":"<!-- This site is optimized with the Yoast SEO plugin v27.0 - https:\/\/yoast.com\/product\/yoast-seo-wordpress\/ -->\n<title>Ordenanza reguladora de las Armas de Categor\u00eda 4 - Ayuntamiento de Aldaia<\/title>\n<meta name=\"robots\" content=\"index, follow, max-snippet:-1, max-image-preview:large, max-video-preview:-1\" \/>\n<link rel=\"canonical\" href=\"https:\/\/aldaia.es\/es\/seguridad-ciudadana\/ordenanza-reguladora-de-las-armas-de-categoria-4\/\" \/>\n<meta property=\"og:locale\" content=\"es_ES\" \/>\n<meta property=\"og:type\" content=\"article\" \/>\n<meta property=\"og:title\" content=\"Ordenanza reguladora de las Armas de Categor\u00eda 4 - Ayuntamiento de Aldaia\" \/>\n<meta property=\"og:description\" content=\"Ordenanza reguladora de las Armas de Categor\u00eda 4 Ante la necesidad de regular la adquisici\u00f3n, uso y tenencia de armas de aire comprimido y simulaciones de Air Soft, se publica ...\" \/>\n<meta property=\"og:url\" content=\"https:\/\/aldaia.es\/es\/seguridad-ciudadana\/ordenanza-reguladora-de-las-armas-de-categoria-4\/\" \/>\n<meta property=\"og:site_name\" content=\"Ayuntamiento de Aldaia\" \/>\n<meta property=\"article:modified_time\" content=\"2024-08-02T09:31:13+00:00\" \/>\n<script type=\"application\/ld+json\" class=\"yoast-schema-graph\">{\"@context\":\"https:\/\/schema.org\",\"@graph\":[{\"@type\":\"WebPage\",\"@id\":\"https:\/\/aldaia.es\/es\/seguridad-ciudadana\/ordenanza-reguladora-de-las-armas-de-categoria-4\/\",\"url\":\"https:\/\/aldaia.es\/es\/seguridad-ciudadana\/ordenanza-reguladora-de-las-armas-de-categoria-4\/\",\"name\":\"Ordenanza reguladora de las Armas de Categor\u00eda 4 - Ayuntamiento de Aldaia\",\"isPartOf\":{\"@id\":\"https:\/\/aldaia.es\/es\/#website\"},\"datePublished\":\"2022-08-29T08:17:04+00:00\",\"dateModified\":\"2024-08-02T09:31:13+00:00\",\"breadcrumb\":{\"@id\":\"https:\/\/aldaia.es\/es\/seguridad-ciudadana\/ordenanza-reguladora-de-las-armas-de-categoria-4\/#breadcrumb\"},\"inLanguage\":\"es\",\"potentialAction\":[{\"@type\":\"ReadAction\",\"target\":[\"https:\/\/aldaia.es\/es\/seguridad-ciudadana\/ordenanza-reguladora-de-las-armas-de-categoria-4\/\"]}]},{\"@type\":\"BreadcrumbList\",\"@id\":\"https:\/\/aldaia.es\/es\/seguridad-ciudadana\/ordenanza-reguladora-de-las-armas-de-categoria-4\/#breadcrumb\",\"itemListElement\":[{\"@type\":\"ListItem\",\"position\":1,\"name\":\"Portada\",\"item\":\"https:\/\/aldaia.es\/es\/\"},{\"@type\":\"ListItem\",\"position\":2,\"name\":\"Seguridad Ciudadana\",\"item\":\"https:\/\/aldaia.es\/es\/seguridad-ciudadana\/\"},{\"@type\":\"ListItem\",\"position\":3,\"name\":\"Ordenanza reguladora de las Armas de Categor\u00eda 4\"}]},{\"@type\":\"WebSite\",\"@id\":\"https:\/\/aldaia.es\/es\/#website\",\"url\":\"https:\/\/aldaia.es\/es\/\",\"name\":\"Ajuntament D'Aldaia\",\"description\":\"\",\"publisher\":{\"@id\":\"https:\/\/aldaia.es\/es\/#organization\"},\"alternateName\":\"Ajuntament D'Aldaia\",\"potentialAction\":[{\"@type\":\"SearchAction\",\"target\":{\"@type\":\"EntryPoint\",\"urlTemplate\":\"https:\/\/aldaia.es\/es\/?s={search_term_string}\"},\"query-input\":{\"@type\":\"PropertyValueSpecification\",\"valueRequired\":true,\"valueName\":\"search_term_string\"}}],\"inLanguage\":\"es\"},{\"@type\":\"Organization\",\"@id\":\"https:\/\/aldaia.es\/es\/#organization\",\"name\":\"Ajuntament D'Aldaia\",\"url\":\"https:\/\/aldaia.es\/es\/\",\"logo\":{\"@type\":\"ImageObject\",\"inLanguage\":\"es\",\"@id\":\"https:\/\/aldaia.es\/es\/#\/schema\/logo\/image\/\",\"url\":\"https:\/\/aldaia.es\/wp-content\/uploads\/2022\/06\/aldaia-negro-1.png\",\"contentUrl\":\"https:\/\/aldaia.es\/wp-content\/uploads\/2022\/06\/aldaia-negro-1.png\",\"width\":152,\"height\":70,\"caption\":\"Ajuntament D'Aldaia\"},\"image\":{\"@id\":\"https:\/\/aldaia.es\/es\/#\/schema\/logo\/image\/\"}}]}<\/script>\n<!-- \/ Yoast SEO plugin. -->","yoast_head_json":{"title":"Ordenanza reguladora de las Armas de Categor\u00eda 4 - Ayuntamiento de Aldaia","robots":{"index":"index","follow":"follow","max-snippet":"max-snippet:-1","max-image-preview":"max-image-preview:large","max-video-preview":"max-video-preview:-1"},"canonical":"https:\/\/aldaia.es\/es\/seguridad-ciudadana\/ordenanza-reguladora-de-las-armas-de-categoria-4\/","og_locale":"es_ES","og_type":"article","og_title":"Ordenanza reguladora de las Armas de Categor\u00eda 4 - Ayuntamiento de Aldaia","og_description":"Ordenanza reguladora de las Armas de Categor\u00eda 4 Ante la necesidad de regular la adquisici\u00f3n, uso y tenencia de armas de aire comprimido y simulaciones de Air Soft, se publica ...","og_url":"https:\/\/aldaia.es\/es\/seguridad-ciudadana\/ordenanza-reguladora-de-las-armas-de-categoria-4\/","og_site_name":"Ayuntamiento de Aldaia","article_modified_time":"2024-08-02T09:31:13+00:00","schema":{"@context":"https:\/\/schema.org","@graph":[{"@type":"WebPage","@id":"https:\/\/aldaia.es\/es\/seguridad-ciudadana\/ordenanza-reguladora-de-las-armas-de-categoria-4\/","url":"https:\/\/aldaia.es\/es\/seguridad-ciudadana\/ordenanza-reguladora-de-las-armas-de-categoria-4\/","name":"Ordenanza reguladora de las Armas de Categor\u00eda 4 - Ayuntamiento de Aldaia","isPartOf":{"@id":"https:\/\/aldaia.es\/es\/#website"},"datePublished":"2022-08-29T08:17:04+00:00","dateModified":"2024-08-02T09:31:13+00:00","breadcrumb":{"@id":"https:\/\/aldaia.es\/es\/seguridad-ciudadana\/ordenanza-reguladora-de-las-armas-de-categoria-4\/#breadcrumb"},"inLanguage":"es","potentialAction":[{"@type":"ReadAction","target":["https:\/\/aldaia.es\/es\/seguridad-ciudadana\/ordenanza-reguladora-de-las-armas-de-categoria-4\/"]}]},{"@type":"BreadcrumbList","@id":"https:\/\/aldaia.es\/es\/seguridad-ciudadana\/ordenanza-reguladora-de-las-armas-de-categoria-4\/#breadcrumb","itemListElement":[{"@type":"ListItem","position":1,"name":"Portada","item":"https:\/\/aldaia.es\/es\/"},{"@type":"ListItem","position":2,"name":"Seguridad Ciudadana","item":"https:\/\/aldaia.es\/es\/seguridad-ciudadana\/"},{"@type":"ListItem","position":3,"name":"Ordenanza reguladora de las Armas de Categor\u00eda 4"}]},{"@type":"WebSite","@id":"https:\/\/aldaia.es\/es\/#website","url":"https:\/\/aldaia.es\/es\/","name":"Ajuntament D'Aldaia","description":"","publisher":{"@id":"https:\/\/aldaia.es\/es\/#organization"},"alternateName":"Ajuntament D'Aldaia","potentialAction":[{"@type":"SearchAction","target":{"@type":"EntryPoint","urlTemplate":"https:\/\/aldaia.es\/es\/?s={search_term_string}"},"query-input":{"@type":"PropertyValueSpecification","valueRequired":true,"valueName":"search_term_string"}}],"inLanguage":"es"},{"@type":"Organization","@id":"https:\/\/aldaia.es\/es\/#organization","name":"Ajuntament D'Aldaia","url":"https:\/\/aldaia.es\/es\/","logo":{"@type":"ImageObject","inLanguage":"es","@id":"https:\/\/aldaia.es\/es\/#\/schema\/logo\/image\/","url":"https:\/\/aldaia.es\/wp-content\/uploads\/2022\/06\/aldaia-negro-1.png","contentUrl":"https:\/\/aldaia.es\/wp-content\/uploads\/2022\/06\/aldaia-negro-1.png","width":152,"height":70,"caption":"Ajuntament D'Aldaia"},"image":{"@id":"https:\/\/aldaia.es\/es\/#\/schema\/logo\/image\/"}}]}},"_links":{"self":[{"href":"https:\/\/aldaia.es\/es\/wp-json\/wp\/v2\/pages\/6498","targetHints":{"allow":["GET"]}}],"collection":[{"href":"https:\/\/aldaia.es\/es\/wp-json\/wp\/v2\/pages"}],"about":[{"href":"https:\/\/aldaia.es\/es\/wp-json\/wp\/v2\/types\/page"}],"author":[{"embeddable":true,"href":"https:\/\/aldaia.es\/es\/wp-json\/wp\/v2\/users\/17"}],"replies":[{"embeddable":true,"href":"https:\/\/aldaia.es\/es\/wp-json\/wp\/v2\/comments?post=6498"}],"version-history":[{"count":7,"href":"https:\/\/aldaia.es\/es\/wp-json\/wp\/v2\/pages\/6498\/revisions"}],"predecessor-version":[{"id":30836,"href":"https:\/\/aldaia.es\/es\/wp-json\/wp\/v2\/pages\/6498\/revisions\/30836"}],"up":[{"embeddable":true,"href":"https:\/\/aldaia.es\/es\/wp-json\/wp\/v2\/pages\/6242"}],"wp:attachment":[{"href":"https:\/\/aldaia.es\/es\/wp-json\/wp\/v2\/media?parent=6498"}],"curies":[{"name":"wp","href":"https:\/\/api.w.org\/{rel}","templated":true}]}}