{"id":6509,"date":"2022-08-29T11:37:14","date_gmt":"2022-08-29T09:37:14","guid":{"rendered":"https:\/\/aldaia.eu\/unete-a-nuestro-whatsapp\/"},"modified":"2024-09-18T10:39:24","modified_gmt":"2024-09-18T08:39:24","slug":"unete-a-nuestro-whatsapp","status":"publish","type":"page","link":"https:\/\/aldaia.es\/es\/gobierno-abierto\/unete-a-nuestro-whatsapp\/","title":{"rendered":"\u00danete a nuestro Whatsapp"},"content":{"rendered":"\n<div class=\"wp-block-columns dep-govern is-layout-flex wp-container-core-columns-is-layout-9d6595d7 wp-block-columns-is-layout-flex\">\n<div class=\"wp-block-column is-layout-flow wp-block-column-is-layout-flow\" style=\"flex-basis:30%\"><!--  Info govern -->\n\n \n\n<div class='bloque-infos-govern wrapper-departamentos'>\n<p class=\"tit-bloque-infos\">Ayuntamiento de Aldaia<\/p>\n        <div class='infos-departamento'>\n            <p>Plaza Constituci\u00f3n, 10, 46960 Aldaia Valencia<\/p>\n            <p><i class=\"fa fa-phone\" aria-hidden=\"true\"><\/i> <a href=\"tel:+34961510693\">+34 96 151 06 93<\/a><\/p>\n            <p><i class=\"fas fa-envelope\"><\/i> <a href=\"mailto:ajuntament@ajuntamentaldaia.org\">ajuntament@ajuntamentaldaia.org<\/a><\/p>\n            <p><a href=\"https:\/\/www.facebook.com\/ajuntamentaldaia\" target=\"_blank\" rel=\"noreferrer noopener\"><i class=\"fab fa-facebook\"><\/i><\/a> &nbsp;&nbsp; <a href=\"https:\/\/www.instagram.com\/ajuntamentaldaia_\/\" target=\"_blank\" rel=\"noreferrer noopener\"><i class=\"fab fa-square-instagram\"><\/i><\/a>  &nbsp;&nbsp;  <a href=\"https:\/\/www.youtube.com\/@ajuntamentdaldaia8046\" target=\"_blank\" rel=\"noreferrer noopener\"><i class=\"fab fa-youtube\"><\/i><\/a> <\/p>\n        <\/div>\n\n        <div class='mapa-1'>\n        <iframe src=\"https:\/\/www.google.com\/maps\/embed?pb=!1m18!1m12!1m3!1d622.7679968418242!2d-0.4608059177881311!3d39.465164288659615!2m3!1f0!2f0!3f0!3m2!1i1024!2i768!4f13.1!3m3!1m2!1s0xd6051b0ac582aed%3A0xd3a2ed9d1d945ab0!2sAyuntamiento%20de%20Aldaya!5e0!3m2!1ses!2sus!4v1725979182758!5m2!1ses!2sus\" width=\"100%\" height=\"450\" style=\"border:0;\" allowfullscreen=\"\" loading=\"lazy\" referrerpolicy=\"no-referrer-when-downgrade\"><\/iframe>\n        <\/div>\n\n    <\/div>\n    <!-- end bloque infos -->\n   \n\n    \n\n\n<\/div>\n\n\n\n<div class=\"wp-block-column is-layout-flow wp-block-column-is-layout-flow\" style=\"flex-basis:70%\">\n<h1 class=\"wp-block-heading\">\u00danete a nuestro Whatsapp<\/h1>\n\n\n\n<p>Servicio municipal de informaci\u00f3n por whatsapp del Ayuntamiento de Aldaia:<\/p>\n\n\n\n<div class=\"wp-block-columns lista_adjuntos is-layout-flex wp-container-core-columns-is-layout-9d6595d7 wp-block-columns-is-layout-flex\">\n<div class=\"wp-block-column is-layout-flow wp-block-column-is-layout-flow\">\n<p><i class=\"fab fa-whatsapp\"><\/i> <a href=\"tel:+34627364803\">627 364 803<\/a><\/p>\n<\/div>\n<\/div>\n\n\n\n<div style=\"height:30px\" aria-hidden=\"true\" class=\"wp-block-spacer\"><\/div>\n\n\n\n<h2 class=\"wp-block-heading\">\u00bfC\u00f3mo suscribirse?<\/h2>\n\n\n\n<ul class=\"wp-block-list\">\n<li>Gu\u00e1rdate el n\u00famero de WHATSAPP AYUNTAMIENTO DE ALDAIA en la agenda de tu m\u00f3vil.<\/li>\n\n\n\n<li>Env\u00eda un whatsapp con la palabra ALTA + tu nombre y apellidos.<\/li>\n\n\n\n<li>\u00a1Recibir\u00e1s toda la informaci\u00f3n cultural, de ocio y de servicio p\u00fablico en tu tel\u00e9fono!<\/li>\n<\/ul>\n<\/div>\n<\/div>\n\n\n\n<p><\/p>\n","protected":false},"excerpt":{"rendered":"<p>\u00danete a nuestro Whatsapp Servicio municipal de informaci\u00f3n por whatsapp del Ayuntamiento de Aldaia: 627 364 803 \u00bfC\u00f3mo suscribirse? <a class=\"text-decoration-none text-black\" href=\"https:\/\/aldaia.es\/es\/gobierno-abierto\/unete-a-nuestro-whatsapp\/\"> &#8230; <\/a><\/p>\n","protected":false},"author":1,"featured_media":0,"parent":6251,"menu_order":0,"comment_status":"closed","ping_status":"closed","template":"basic-page-departamentos.php","meta":{"_acf_changed":false,"footnotes":""},"class_list":["post-6509","page","type-page","status-publish","hentry"],"acf":[],"yoast_head":"<!-- This site is optimized with the Yoast SEO plugin v27.0 - https:\/\/yoast.com\/product\/yoast-seo-wordpress\/ -->\n<title>\u00danete a nuestro Whatsapp - Ayuntamiento de Aldaia<\/title>\n<meta name=\"description\" content=\"Servicio municipal de informaci\u00f3n por whatsapp del Ayuntamiento de Aldaia.\" \/>\n<meta name=\"robots\" content=\"index, follow, max-snippet:-1, max-image-preview:large, max-video-preview:-1\" \/>\n<link rel=\"canonical\" href=\"https:\/\/aldaia.es\/es\/gobierno-abierto\/unete-a-nuestro-whatsapp\/\" \/>\n<meta property=\"og:locale\" content=\"es_ES\" \/>\n<meta property=\"og:type\" content=\"article\" \/>\n<meta property=\"og:title\" content=\"\u00danete a nuestro Whatsapp - Ayuntamiento de Aldaia\" \/>\n<meta property=\"og:description\" content=\"Servicio municipal de informaci\u00f3n por whatsapp del Ayuntamiento de Aldaia.\" \/>\n<meta property=\"og:url\" content=\"https:\/\/aldaia.es\/es\/gobierno-abierto\/unete-a-nuestro-whatsapp\/\" \/>\n<meta property=\"og:site_name\" content=\"Ayuntamiento de Aldaia\" \/>\n<meta property=\"article:modified_time\" content=\"2024-09-18T08:39:24+00:00\" \/>\n<script type=\"application\/ld+json\" class=\"yoast-schema-graph\">{\"@context\":\"https:\/\/schema.org\",\"@graph\":[{\"@type\":\"WebPage\",\"@id\":\"https:\/\/aldaia.es\/es\/gobierno-abierto\/unete-a-nuestro-whatsapp\/\",\"url\":\"https:\/\/aldaia.es\/es\/gobierno-abierto\/unete-a-nuestro-whatsapp\/\",\"name\":\"\u00danete a nuestro Whatsapp - Ayuntamiento de Aldaia\",\"isPartOf\":{\"@id\":\"https:\/\/aldaia.es\/es\/#website\"},\"datePublished\":\"2022-08-29T09:37:14+00:00\",\"dateModified\":\"2024-09-18T08:39:24+00:00\",\"description\":\"Servicio municipal de informaci\u00f3n por whatsapp del Ayuntamiento de Aldaia.\",\"breadcrumb\":{\"@id\":\"https:\/\/aldaia.es\/es\/gobierno-abierto\/unete-a-nuestro-whatsapp\/#breadcrumb\"},\"inLanguage\":\"es\",\"potentialAction\":[{\"@type\":\"ReadAction\",\"target\":[\"https:\/\/aldaia.es\/es\/gobierno-abierto\/unete-a-nuestro-whatsapp\/\"]}]},{\"@type\":\"BreadcrumbList\",\"@id\":\"https:\/\/aldaia.es\/es\/gobierno-abierto\/unete-a-nuestro-whatsapp\/#breadcrumb\",\"itemListElement\":[{\"@type\":\"ListItem\",\"position\":1,\"name\":\"Portada\",\"item\":\"https:\/\/aldaia.es\/es\/\"},{\"@type\":\"ListItem\",\"position\":2,\"name\":\"\u00danete a nuestro Whatsapp\"}]},{\"@type\":\"WebSite\",\"@id\":\"https:\/\/aldaia.es\/es\/#website\",\"url\":\"https:\/\/aldaia.es\/es\/\",\"name\":\"Ajuntament D'Aldaia\",\"description\":\"\",\"publisher\":{\"@id\":\"https:\/\/aldaia.es\/es\/#organization\"},\"alternateName\":\"Ajuntament D'Aldaia\",\"potentialAction\":[{\"@type\":\"SearchAction\",\"target\":{\"@type\":\"EntryPoint\",\"urlTemplate\":\"https:\/\/aldaia.es\/es\/?s={search_term_string}\"},\"query-input\":{\"@type\":\"PropertyValueSpecification\",\"valueRequired\":true,\"valueName\":\"search_term_string\"}}],\"inLanguage\":\"es\"},{\"@type\":\"Organization\",\"@id\":\"https:\/\/aldaia.es\/es\/#organization\",\"name\":\"Ajuntament D'Aldaia\",\"url\":\"https:\/\/aldaia.es\/es\/\",\"logo\":{\"@type\":\"ImageObject\",\"inLanguage\":\"es\",\"@id\":\"https:\/\/aldaia.es\/es\/#\/schema\/logo\/image\/\",\"url\":\"https:\/\/aldaia.es\/wp-content\/uploads\/2022\/06\/aldaia-negro-1.png\",\"contentUrl\":\"https:\/\/aldaia.es\/wp-content\/uploads\/2022\/06\/aldaia-negro-1.png\",\"width\":152,\"height\":70,\"caption\":\"Ajuntament D'Aldaia\"},\"image\":{\"@id\":\"https:\/\/aldaia.es\/es\/#\/schema\/logo\/image\/\"}}]}<\/script>\n<!-- \/ Yoast SEO plugin. -->","yoast_head_json":{"title":"\u00danete a nuestro Whatsapp - Ayuntamiento de Aldaia","description":"Servicio municipal de informaci\u00f3n por whatsapp del Ayuntamiento de Aldaia.","robots":{"index":"index","follow":"follow","max-snippet":"max-snippet:-1","max-image-preview":"max-image-preview:large","max-video-preview":"max-video-preview:-1"},"canonical":"https:\/\/aldaia.es\/es\/gobierno-abierto\/unete-a-nuestro-whatsapp\/","og_locale":"es_ES","og_type":"article","og_title":"\u00danete a nuestro Whatsapp - Ayuntamiento de Aldaia","og_description":"Servicio municipal de informaci\u00f3n por whatsapp del Ayuntamiento de Aldaia.","og_url":"https:\/\/aldaia.es\/es\/gobierno-abierto\/unete-a-nuestro-whatsapp\/","og_site_name":"Ayuntamiento de Aldaia","article_modified_time":"2024-09-18T08:39:24+00:00","schema":{"@context":"https:\/\/schema.org","@graph":[{"@type":"WebPage","@id":"https:\/\/aldaia.es\/es\/gobierno-abierto\/unete-a-nuestro-whatsapp\/","url":"https:\/\/aldaia.es\/es\/gobierno-abierto\/unete-a-nuestro-whatsapp\/","name":"\u00danete a nuestro Whatsapp - Ayuntamiento de Aldaia","isPartOf":{"@id":"https:\/\/aldaia.es\/es\/#website"},"datePublished":"2022-08-29T09:37:14+00:00","dateModified":"2024-09-18T08:39:24+00:00","description":"Servicio municipal de informaci\u00f3n por whatsapp del Ayuntamiento de Aldaia.","breadcrumb":{"@id":"https:\/\/aldaia.es\/es\/gobierno-abierto\/unete-a-nuestro-whatsapp\/#breadcrumb"},"inLanguage":"es","potentialAction":[{"@type":"ReadAction","target":["https:\/\/aldaia.es\/es\/gobierno-abierto\/unete-a-nuestro-whatsapp\/"]}]},{"@type":"BreadcrumbList","@id":"https:\/\/aldaia.es\/es\/gobierno-abierto\/unete-a-nuestro-whatsapp\/#breadcrumb","itemListElement":[{"@type":"ListItem","position":1,"name":"Portada","item":"https:\/\/aldaia.es\/es\/"},{"@type":"ListItem","position":2,"name":"\u00danete a nuestro Whatsapp"}]},{"@type":"WebSite","@id":"https:\/\/aldaia.es\/es\/#website","url":"https:\/\/aldaia.es\/es\/","name":"Ajuntament D'Aldaia","description":"","publisher":{"@id":"https:\/\/aldaia.es\/es\/#organization"},"alternateName":"Ajuntament D'Aldaia","potentialAction":[{"@type":"SearchAction","target":{"@type":"EntryPoint","urlTemplate":"https:\/\/aldaia.es\/es\/?s={search_term_string}"},"query-input":{"@type":"PropertyValueSpecification","valueRequired":true,"valueName":"search_term_string"}}],"inLanguage":"es"},{"@type":"Organization","@id":"https:\/\/aldaia.es\/es\/#organization","name":"Ajuntament D'Aldaia","url":"https:\/\/aldaia.es\/es\/","logo":{"@type":"ImageObject","inLanguage":"es","@id":"https:\/\/aldaia.es\/es\/#\/schema\/logo\/image\/","url":"https:\/\/aldaia.es\/wp-content\/uploads\/2022\/06\/aldaia-negro-1.png","contentUrl":"https:\/\/aldaia.es\/wp-content\/uploads\/2022\/06\/aldaia-negro-1.png","width":152,"height":70,"caption":"Ajuntament D'Aldaia"},"image":{"@id":"https:\/\/aldaia.es\/es\/#\/schema\/logo\/image\/"}}]}},"_links":{"self":[{"href":"https:\/\/aldaia.es\/es\/wp-json\/wp\/v2\/pages\/6509","targetHints":{"allow":["GET"]}}],"collection":[{"href":"https:\/\/aldaia.es\/es\/wp-json\/wp\/v2\/pages"}],"about":[{"href":"https:\/\/aldaia.es\/es\/wp-json\/wp\/v2\/types\/page"}],"author":[{"embeddable":true,"href":"https:\/\/aldaia.es\/es\/wp-json\/wp\/v2\/users\/1"}],"replies":[{"embeddable":true,"href":"https:\/\/aldaia.es\/es\/wp-json\/wp\/v2\/comments?post=6509"}],"version-history":[{"count":8,"href":"https:\/\/aldaia.es\/es\/wp-json\/wp\/v2\/pages\/6509\/revisions"}],"predecessor-version":[{"id":32237,"href":"https:\/\/aldaia.es\/es\/wp-json\/wp\/v2\/pages\/6509\/revisions\/32237"}],"up":[{"embeddable":true,"href":"https:\/\/aldaia.es\/es\/wp-json\/wp\/v2\/pages\/6251"}],"wp:attachment":[{"href":"https:\/\/aldaia.es\/es\/wp-json\/wp\/v2\/media?parent=6509"}],"curies":[{"name":"wp","href":"https:\/\/api.w.org\/{rel}","templated":true}]}}