{"id":6512,"date":"2023-01-31T11:57:48","date_gmt":"2023-01-31T10:57:48","guid":{"rendered":"https:\/\/aldaia.eu\/tribunal-del-comunero-de-aldaia\/"},"modified":"2024-09-24T08:46:20","modified_gmt":"2024-09-24T06:46:20","slug":"tribunal-del-comunero-de-aldaia","status":"publish","type":"page","link":"https:\/\/aldaia.es\/es\/urbanismo-y-medio-ambiente\/agricultura\/tribunal-del-comunero-de-aldaia\/","title":{"rendered":"Tribunal del comunero de Aldaia"},"content":{"rendered":"\n<div class=\"wp-block-columns is-not-stacked-on-mobile dep-urbanismo is-layout-flex wp-container-core-columns-is-layout-9d6595d7 wp-block-columns-is-layout-flex\">\n<div class=\"wp-block-column is-layout-flow wp-block-column-is-layout-flow\" style=\"flex-basis:30%\"><!--  Info urbanismo -->\n\n \n\n<div class='bloque-infos-urbanismo wrapper-departamentos'>\n<p class=\"tit-bloque-infos\">Departamento de Urbanismo y Medio ambiente<\/p>\n        <div class='infos-departamento'>\n            <p>Plaza Constituci\u00f3n, 10, 46960 Aldaia Valencia<\/p>\n            <p><i class=\"fa fa-phone\" aria-hidden=\"true\"><\/i> <a href=\"tel:+34961501500\">+34 96 150 15 00<\/a><\/p>\n            <p><i class=\"fa fa-phone\" aria-hidden=\"true\"><\/i> <a href=\"tel:+34961510693\">+34 96 151 06 93<\/a><\/p>\n            <p><i class=\"fas fa-envelope\"><\/i> <a href=\"mailto:urbanisme@ajuntamentaldaia.org\">urbanisme@ajuntamentaldaia.org<\/a><\/p>\n            \n        <\/div>\n\n        <div class='mapa-1'>\n        <iframe src=\"https:\/\/www.google.com\/maps\/embed?pb=!1m18!1m12!1m3!1d622.7679968418242!2d-0.4608059177881311!3d39.465164288659615!2m3!1f0!2f0!3f0!3m2!1i1024!2i768!4f13.1!3m3!1m2!1s0xd6051b0ac582aed%3A0xd3a2ed9d1d945ab0!2sAyuntamiento%20de%20Aldaya!5e0!3m2!1ses!2sus!4v1725979182758!5m2!1ses!2sus\" width=\"100%\" height=\"450\" style=\"border:0;\" allowfullscreen=\"\" loading=\"lazy\" referrerpolicy=\"no-referrer-when-downgrade\"><\/iframe>\n        <\/div>\n\n    <\/div>\n    <!-- end bloque infos -->\n   \n\n    \n\n\n<\/div>\n\n\n\n<div class=\"wp-block-column is-layout-flow wp-block-column-is-layout-flow\" style=\"flex-basis:70%\">\n<h1 class=\"wp-block-heading\">Tribunal del comunero de Aldaia<\/h1>\n\n\n\n<h3 class=\"wp-block-heading\">Tesoro jur\u00eddico y cultural de la localidad de Aldaia.<\/h3>\n\n\n\n<p>Se trata del \u00f3rgano encargado de resolver, en exclusiva y sin sumisi\u00f3n a cualquier otro tribunal, los conflictos de riego que se producen en la comunidad de regantes denominada Rollet de Gr\u00e0cia, situado en gran parte de la huerta de Aldaia.<\/p>\n\n\n\n<p>Partiendo de su contextualizaci\u00f3n entre los m\u00faltiples tribunales o juzgados de aguas o de riego, de aproximar a la comunidad de regantes en la que opera, as\u00ed como tras resaltar su car\u00e1cter tradicional y consuetudinario y por tanto su potencialidad para llegar a ser \u00f3rgano jurisdiccional en los t\u00e9rminos del art\u00edculo 125 CE y 19 LOPJ, se realiza un estudio riguroso del Tribunal del Comunero como \u00f3rgano para la resoluci\u00f3n de los litigios de riego. El hist\u00f3rico Tribunal aglutina aspectos org\u00e1nicos y subjetivos, as\u00ed como jurisdicci\u00f3n, elecci\u00f3n y composici\u00f3n de miembros propia. Competencia, capacidad y legitimaci\u00f3n.<\/p>\n\n\n\n<p>Y con el prisma de los principios del proceso y del procedimiento, se analizan los actos procesales que realiza. Reuni\u00e9ndose cada 4 de agosto en la plaza de la Constituci\u00f3n de Aldaia.<\/p>\n<\/div>\n<\/div>\n","protected":false},"excerpt":{"rendered":"<p>Tribunal del comunero de Aldaia Tesoro jur\u00eddico y cultural de la localidad de Aldaia. Se trata del \u00f3rgano encargado de resolver, en exclusiva y sin sumisi\u00f3n a cualquier otro tribunal, <a class=\"text-decoration-none text-black\" href=\"https:\/\/aldaia.es\/es\/urbanismo-y-medio-ambiente\/agricultura\/tribunal-del-comunero-de-aldaia\/\"> &#8230; <\/a><\/p>\n","protected":false},"author":1,"featured_media":0,"parent":6268,"menu_order":0,"comment_status":"closed","ping_status":"closed","template":"basic-page-departamentos.php","meta":{"_acf_changed":false,"footnotes":""},"class_list":["post-6512","page","type-page","status-publish","hentry"],"acf":[],"yoast_head":"<!-- This site is optimized with the Yoast SEO plugin v27.0 - https:\/\/yoast.com\/product\/yoast-seo-wordpress\/ -->\n<title>Tribunal del comunero de Aldaia - Ayuntamiento de Aldaia<\/title>\n<meta name=\"robots\" content=\"index, follow, max-snippet:-1, max-image-preview:large, max-video-preview:-1\" \/>\n<link rel=\"canonical\" href=\"https:\/\/aldaia.es\/es\/urbanismo-y-medio-ambiente\/agricultura\/tribunal-del-comunero-de-aldaia\/\" \/>\n<meta property=\"og:locale\" content=\"es_ES\" \/>\n<meta property=\"og:type\" content=\"article\" \/>\n<meta property=\"og:title\" content=\"Tribunal del comunero de Aldaia - Ayuntamiento de Aldaia\" \/>\n<meta property=\"og:description\" content=\"Tribunal del comunero de Aldaia Tesoro jur\u00eddico y cultural de la localidad de Aldaia. Se trata del \u00f3rgano encargado de resolver, en exclusiva y sin sumisi\u00f3n a cualquier otro tribunal, ...\" \/>\n<meta property=\"og:url\" content=\"https:\/\/aldaia.es\/es\/urbanismo-y-medio-ambiente\/agricultura\/tribunal-del-comunero-de-aldaia\/\" \/>\n<meta property=\"og:site_name\" content=\"Ayuntamiento de Aldaia\" \/>\n<meta property=\"article:modified_time\" content=\"2024-09-24T06:46:20+00:00\" \/>\n<script type=\"application\/ld+json\" class=\"yoast-schema-graph\">{\"@context\":\"https:\/\/schema.org\",\"@graph\":[{\"@type\":\"WebPage\",\"@id\":\"https:\/\/aldaia.es\/es\/urbanismo-y-medio-ambiente\/agricultura\/tribunal-del-comunero-de-aldaia\/\",\"url\":\"https:\/\/aldaia.es\/es\/urbanismo-y-medio-ambiente\/agricultura\/tribunal-del-comunero-de-aldaia\/\",\"name\":\"Tribunal del comunero de Aldaia - Ayuntamiento de Aldaia\",\"isPartOf\":{\"@id\":\"https:\/\/aldaia.es\/es\/#website\"},\"datePublished\":\"2023-01-31T10:57:48+00:00\",\"dateModified\":\"2024-09-24T06:46:20+00:00\",\"breadcrumb\":{\"@id\":\"https:\/\/aldaia.es\/es\/urbanismo-y-medio-ambiente\/agricultura\/tribunal-del-comunero-de-aldaia\/#breadcrumb\"},\"inLanguage\":\"es\",\"potentialAction\":[{\"@type\":\"ReadAction\",\"target\":[\"https:\/\/aldaia.es\/es\/urbanismo-y-medio-ambiente\/agricultura\/tribunal-del-comunero-de-aldaia\/\"]}]},{\"@type\":\"BreadcrumbList\",\"@id\":\"https:\/\/aldaia.es\/es\/urbanismo-y-medio-ambiente\/agricultura\/tribunal-del-comunero-de-aldaia\/#breadcrumb\",\"itemListElement\":[{\"@type\":\"ListItem\",\"position\":1,\"name\":\"Portada\",\"item\":\"https:\/\/aldaia.es\/es\/\"},{\"@type\":\"ListItem\",\"position\":2,\"name\":\"Urbanismo y medio ambiente\",\"item\":\"https:\/\/aldaia.es\/es\/urbanismo-y-medio-ambiente\/\"},{\"@type\":\"ListItem\",\"position\":3,\"name\":\"Agricultura\",\"item\":\"https:\/\/aldaia.es\/es\/urbanismo-y-medio-ambiente\/agricultura\/\"},{\"@type\":\"ListItem\",\"position\":4,\"name\":\"Tribunal del comunero de Aldaia\"}]},{\"@type\":\"WebSite\",\"@id\":\"https:\/\/aldaia.es\/es\/#website\",\"url\":\"https:\/\/aldaia.es\/es\/\",\"name\":\"Ajuntament D'Aldaia\",\"description\":\"\",\"publisher\":{\"@id\":\"https:\/\/aldaia.es\/es\/#organization\"},\"alternateName\":\"Ajuntament D'Aldaia\",\"potentialAction\":[{\"@type\":\"SearchAction\",\"target\":{\"@type\":\"EntryPoint\",\"urlTemplate\":\"https:\/\/aldaia.es\/es\/?s={search_term_string}\"},\"query-input\":{\"@type\":\"PropertyValueSpecification\",\"valueRequired\":true,\"valueName\":\"search_term_string\"}}],\"inLanguage\":\"es\"},{\"@type\":\"Organization\",\"@id\":\"https:\/\/aldaia.es\/es\/#organization\",\"name\":\"Ajuntament D'Aldaia\",\"url\":\"https:\/\/aldaia.es\/es\/\",\"logo\":{\"@type\":\"ImageObject\",\"inLanguage\":\"es\",\"@id\":\"https:\/\/aldaia.es\/es\/#\/schema\/logo\/image\/\",\"url\":\"https:\/\/aldaia.es\/wp-content\/uploads\/2022\/06\/aldaia-negro-1.png\",\"contentUrl\":\"https:\/\/aldaia.es\/wp-content\/uploads\/2022\/06\/aldaia-negro-1.png\",\"width\":152,\"height\":70,\"caption\":\"Ajuntament D'Aldaia\"},\"image\":{\"@id\":\"https:\/\/aldaia.es\/es\/#\/schema\/logo\/image\/\"}}]}<\/script>\n<!-- \/ Yoast SEO plugin. -->","yoast_head_json":{"title":"Tribunal del comunero de Aldaia - Ayuntamiento de Aldaia","robots":{"index":"index","follow":"follow","max-snippet":"max-snippet:-1","max-image-preview":"max-image-preview:large","max-video-preview":"max-video-preview:-1"},"canonical":"https:\/\/aldaia.es\/es\/urbanismo-y-medio-ambiente\/agricultura\/tribunal-del-comunero-de-aldaia\/","og_locale":"es_ES","og_type":"article","og_title":"Tribunal del comunero de Aldaia - Ayuntamiento de Aldaia","og_description":"Tribunal del comunero de Aldaia Tesoro jur\u00eddico y cultural de la localidad de Aldaia. Se trata del \u00f3rgano encargado de resolver, en exclusiva y sin sumisi\u00f3n a cualquier otro tribunal, ...","og_url":"https:\/\/aldaia.es\/es\/urbanismo-y-medio-ambiente\/agricultura\/tribunal-del-comunero-de-aldaia\/","og_site_name":"Ayuntamiento de Aldaia","article_modified_time":"2024-09-24T06:46:20+00:00","schema":{"@context":"https:\/\/schema.org","@graph":[{"@type":"WebPage","@id":"https:\/\/aldaia.es\/es\/urbanismo-y-medio-ambiente\/agricultura\/tribunal-del-comunero-de-aldaia\/","url":"https:\/\/aldaia.es\/es\/urbanismo-y-medio-ambiente\/agricultura\/tribunal-del-comunero-de-aldaia\/","name":"Tribunal del comunero de Aldaia - Ayuntamiento de Aldaia","isPartOf":{"@id":"https:\/\/aldaia.es\/es\/#website"},"datePublished":"2023-01-31T10:57:48+00:00","dateModified":"2024-09-24T06:46:20+00:00","breadcrumb":{"@id":"https:\/\/aldaia.es\/es\/urbanismo-y-medio-ambiente\/agricultura\/tribunal-del-comunero-de-aldaia\/#breadcrumb"},"inLanguage":"es","potentialAction":[{"@type":"ReadAction","target":["https:\/\/aldaia.es\/es\/urbanismo-y-medio-ambiente\/agricultura\/tribunal-del-comunero-de-aldaia\/"]}]},{"@type":"BreadcrumbList","@id":"https:\/\/aldaia.es\/es\/urbanismo-y-medio-ambiente\/agricultura\/tribunal-del-comunero-de-aldaia\/#breadcrumb","itemListElement":[{"@type":"ListItem","position":1,"name":"Portada","item":"https:\/\/aldaia.es\/es\/"},{"@type":"ListItem","position":2,"name":"Urbanismo y medio ambiente","item":"https:\/\/aldaia.es\/es\/urbanismo-y-medio-ambiente\/"},{"@type":"ListItem","position":3,"name":"Agricultura","item":"https:\/\/aldaia.es\/es\/urbanismo-y-medio-ambiente\/agricultura\/"},{"@type":"ListItem","position":4,"name":"Tribunal del comunero de Aldaia"}]},{"@type":"WebSite","@id":"https:\/\/aldaia.es\/es\/#website","url":"https:\/\/aldaia.es\/es\/","name":"Ajuntament D'Aldaia","description":"","publisher":{"@id":"https:\/\/aldaia.es\/es\/#organization"},"alternateName":"Ajuntament D'Aldaia","potentialAction":[{"@type":"SearchAction","target":{"@type":"EntryPoint","urlTemplate":"https:\/\/aldaia.es\/es\/?s={search_term_string}"},"query-input":{"@type":"PropertyValueSpecification","valueRequired":true,"valueName":"search_term_string"}}],"inLanguage":"es"},{"@type":"Organization","@id":"https:\/\/aldaia.es\/es\/#organization","name":"Ajuntament D'Aldaia","url":"https:\/\/aldaia.es\/es\/","logo":{"@type":"ImageObject","inLanguage":"es","@id":"https:\/\/aldaia.es\/es\/#\/schema\/logo\/image\/","url":"https:\/\/aldaia.es\/wp-content\/uploads\/2022\/06\/aldaia-negro-1.png","contentUrl":"https:\/\/aldaia.es\/wp-content\/uploads\/2022\/06\/aldaia-negro-1.png","width":152,"height":70,"caption":"Ajuntament D'Aldaia"},"image":{"@id":"https:\/\/aldaia.es\/es\/#\/schema\/logo\/image\/"}}]}},"_links":{"self":[{"href":"https:\/\/aldaia.es\/es\/wp-json\/wp\/v2\/pages\/6512","targetHints":{"allow":["GET"]}}],"collection":[{"href":"https:\/\/aldaia.es\/es\/wp-json\/wp\/v2\/pages"}],"about":[{"href":"https:\/\/aldaia.es\/es\/wp-json\/wp\/v2\/types\/page"}],"author":[{"embeddable":true,"href":"https:\/\/aldaia.es\/es\/wp-json\/wp\/v2\/users\/1"}],"replies":[{"embeddable":true,"href":"https:\/\/aldaia.es\/es\/wp-json\/wp\/v2\/comments?post=6512"}],"version-history":[{"count":4,"href":"https:\/\/aldaia.es\/es\/wp-json\/wp\/v2\/pages\/6512\/revisions"}],"predecessor-version":[{"id":32987,"href":"https:\/\/aldaia.es\/es\/wp-json\/wp\/v2\/pages\/6512\/revisions\/32987"}],"up":[{"embeddable":true,"href":"https:\/\/aldaia.es\/es\/wp-json\/wp\/v2\/pages\/6268"}],"wp:attachment":[{"href":"https:\/\/aldaia.es\/es\/wp-json\/wp\/v2\/media?parent=6512"}],"curies":[{"name":"wp","href":"https:\/\/api.w.org\/{rel}","templated":true}]}}