{"id":6522,"date":"2023-01-15T17:40:38","date_gmt":"2023-01-15T16:40:38","guid":{"rendered":"https:\/\/aldaia.eu\/bolsa-de-empleo-de-ingenieros-as-tecnicos-as-industriales\/"},"modified":"2023-01-15T17:40:38","modified_gmt":"2023-01-15T16:40:38","slug":"bolsa-de-empleo-de-ingenieros-as-tecnicos-as-industriales","status":"publish","type":"page","link":"https:\/\/aldaia.es\/es\/bolsa-de-empleo-de-ingenieros-as-tecnicos-as-industriales\/","title":{"rendered":"Bolsa de empleo de ingenieros\/as t\u00e9cnicos\/as industriales"},"content":{"rendered":"<p>[tdc_zone type=\u00bbtdc_content\u00bb][vc_row][vc_column][tdb_title tdc_css=\u00bbeyJhbGwiOnsiYm9yZGVyLWJvdHRvbS13aWR0aCI6IjVweCIsImRpc3BsYXkiOiIifX0=\u00bb][\/vc_column][\/vc_row][vc_row][vc_column][td_block_raw_css content=\u00bbLnBvcnRhbGVzN19maWxlcy1pdGVtJTIwYSUzQWJlZm9yZSUyMCU3QiUwQSUyMCUyMGZvbnQtZmFtaWx5JTNBJTIwRm9udEF3ZXNvbWUlM0IlMEElMjAlMjBjb250ZW50JTNBJTIwJTIyJTVDZjFjMSUyMiUzQiUwQSUyMCUyMGNvbG9yJTNBJTIwJTIzMzM5OTMzJTNCJTBBJTIwJTIwbWFyZ2luLXJpZ2h0JTNBJTIwMjBweCUzQiUwQSU3RCUwQWgyLnBvcnRhbGVzN19maWxlcy1pdGVtJTIwJTdCJTBBJTIwJTIwYm9yZGVyJTNBJTIwMXB4JTIwc29saWQlM0IlMEElMjAlMjBtYXJnaW4lM0ElMjAxMHB4JTNCJTBBJTIwJTIwcGFkZGluZyUzQSUyMDEwcHglM0IlMEElN0QlMEE=\u00bb][vc_column_text]<\/p>\n<h1 class=\"field-item even\"><strong>Adjuntos<\/strong><\/h1>\n<div class=\"field-content field-portales7_files\">\n<h2 class=\"portales7_files-item field-item even\"><span class=\"file\" data-wahfont=\"16\"><a href=\"https:\/\/aldaia.es\/wp-content\/uploads\/2023\/01\/bases-bolsa-puesto-ingenieria-tecnica-industrial-2.pdf\" type=\"application\/pdf; length=359353\" data-wahfont=\"16\">Fase I: Bases y Convocatoria bolsa<\/a><\/span><\/h2>\n<\/div>\n<div class=\"field-content field-portales7_files\">\n<h2 class=\"portales7_files-item field-item odd\"><span class=\"file\" data-wahfont=\"16\"><a href=\"https:\/\/aldaia.es\/wp-content\/uploads\/2023\/01\/lista-provisional-admitidos-y-tribunal-2.pdf\" type=\"application\/pdf; length=109522\" data-wahfont=\"16\">Fase II: Lista de personas admitidas y excluidas y tribunal<\/a><\/span><\/h2>\n<\/div>\n<div class=\"field-content field-portales7_files\">\n<h2 class=\"portales7_files-item field-item even\"><span class=\"file\" data-wahfont=\"16\"><a href=\"https:\/\/aldaia.es\/wp-content\/uploads\/2023\/01\/lista-definitiva-tribunal-y-1-ejercicio-2.pdf\" type=\"application\/pdf; length=122967\" data-wahfont=\"16\">Fase III: Lista definitiva, tribunal y fecha 1er ejercicio<\/a><\/span><\/h2>\n<\/div>\n<div class=\"field-content field-portales7_files\">\n<h2 class=\"portales7_files-item field-item odd\"><span class=\"file\" data-wahfont=\"16\"><a href=\"https:\/\/aldaia.es\/wp-content\/uploads\/2023\/01\/anexo-i-resultados-primer-ejercicio-2.pdf\" type=\"application\/pdf; length=68367\" data-wahfont=\"16\">Fase IV: Anexo I. Resultados 1er ejercicio<\/a><\/span><\/h2>\n<\/div>\n<div class=\"field-content field-portales7_files\">\n<h2 class=\"portales7_files-item field-item even\"><span class=\"file\" data-wahfont=\"16\"><a href=\"https:\/\/aldaia.es\/wp-content\/uploads\/2023\/01\/anexo-ii-supuesto-practico-2.pdf\" type=\"application\/pdf; length=51628\" data-wahfont=\"16\">Fase V: Anexiono II. Resultado 2\u00ba ejercicio y convocatoria de m\u00e9ritos<\/a><\/span><\/h2>\n<\/div>\n<div class=\"field-content field-portales7_files\">\n<h2 class=\"portales7_files-item field-item odd\"><span class=\"file\" data-wahfont=\"16\"><a href=\"https:\/\/aldaia.es\/wp-content\/uploads\/2023\/01\/6-anexo-iii-resultado-final-2.pdf\" type=\"application\/pdf; length=153182\" data-wahfont=\"16\">Fase VI: Anexo III. Resultado, revisi\u00f3n, m\u00e9ritos y puntuaci\u00f3n final<\/a><\/span><\/h2>\n<\/div>\n<div class=\"field-content field-portales7_files\">\n<h2 class=\"portales7_files-item field-item even\"><span class=\"file\" data-wahfont=\"16\"><a href=\"https:\/\/aldaia.es\/wp-content\/uploads\/2023\/01\/configuracion-bolsa-iti-2.pdf\" type=\"application\/pdf; length=43136\" data-wahfont=\"16\">Fase VII: Configuraci\u00f3n bolsa puesto Ingenier\u00eda T\u00e9cnica Industrial<\/a><\/span><\/h2>\n<\/div>\n<p>[\/vc_column_text][\/vc_column][\/vc_row][\/tdc_zone]<\/p>\n","protected":false},"excerpt":{"rendered":"<p>[tdc_zone type=\u00bbtdc_content\u00bb][vc_row][vc_column][tdb_title tdc_css=\u00bbeyJhbGwiOnsiYm9yZGVyLWJvdHRvbS13aWR0aCI6IjVweCIsImRpc3BsYXkiOiIifX0=\u00bb][\/vc_column][\/vc_row][vc_row][vc_column][td_block_raw_css content=\u00bbLnBvcnRhbGVzN19maWxlcy1pdGVtJTIwYSUzQWJlZm9yZSUyMCU3QiUwQSUyMCUyMGZvbnQtZmFtaWx5JTNBJTIwRm9udEF3ZXNvbWUlM0IlMEElMjAlMjBjb250ZW50JTNBJTIwJTIyJTVDZjFjMSUyMiUzQiUwQSUyMCUyMGNvbG9yJTNBJTIwJTIzMzM5OTMzJTNCJTBBJTIwJTIwbWFyZ2luLXJpZ2h0JTNBJTIwMjBweCUzQiUwQSU3RCUwQWgyLnBvcnRhbGVzN19maWxlcy1pdGVtJTIwJTdCJTBBJTIwJTIwYm9yZGVyJTNBJTIwMXB4JTIwc29saWQlM0IlMEElMjAlMjBtYXJnaW4lM0ElMjAxMHB4JTNCJTBBJTIwJTIwcGFkZGluZyUzQSUyMDEwcHglM0IlMEElN0QlMEE=\u00bb][vc_column_text] Adjuntos Fase I: Bases y Convocatoria bolsa Fase II: Lista de personas admitidas y excluidas y tribunal Fase III: Lista definitiva, tribunal y fecha 1er ejercicio <a class=\"text-decoration-none text-black\" href=\"https:\/\/aldaia.es\/es\/bolsa-de-empleo-de-ingenieros-as-tecnicos-as-industriales\/\"> &#8230; <\/a><\/p>\n","protected":false},"author":42,"featured_media":0,"parent":0,"menu_order":0,"comment_status":"closed","ping_status":"closed","template":"","meta":{"_acf_changed":false,"footnotes":""},"class_list":["post-6522","page","type-page","status-publish","hentry"],"acf":[],"yoast_head":"<!-- This site is optimized with the Yoast SEO plugin v27.0 - https:\/\/yoast.com\/product\/yoast-seo-wordpress\/ -->\n<title>Bolsa de empleo de ingenieros\/as t\u00e9cnicos\/as industriales - Ayuntamiento de Aldaia<\/title>\n<meta name=\"robots\" content=\"index, follow, max-snippet:-1, max-image-preview:large, max-video-preview:-1\" \/>\n<link rel=\"canonical\" href=\"https:\/\/aldaia.es\/es\/bolsa-de-empleo-de-ingenieros-as-tecnicos-as-industriales\/\" \/>\n<meta property=\"og:locale\" content=\"es_ES\" \/>\n<meta property=\"og:type\" content=\"article\" \/>\n<meta property=\"og:title\" content=\"Bolsa de empleo de ingenieros\/as t\u00e9cnicos\/as industriales - Ayuntamiento de Aldaia\" \/>\n<meta property=\"og:description\" content=\"[tdc_zone type=\u00bbtdc_content\u00bb][vc_row][vc_column][tdb_title tdc_css=\u00bbeyJhbGwiOnsiYm9yZGVyLWJvdHRvbS13aWR0aCI6IjVweCIsImRpc3BsYXkiOiIifX0=\u00bb][\/vc_column][\/vc_row][vc_row][vc_column][td_block_raw_css content=\u00bbLnBvcnRhbGVzN19maWxlcy1pdGVtJTIwYSUzQWJlZm9yZSUyMCU3QiUwQSUyMCUyMGZvbnQtZmFtaWx5JTNBJTIwRm9udEF3ZXNvbWUlM0IlMEElMjAlMjBjb250ZW50JTNBJTIwJTIyJTVDZjFjMSUyMiUzQiUwQSUyMCUyMGNvbG9yJTNBJTIwJTIzMzM5OTMzJTNCJTBBJTIwJTIwbWFyZ2luLXJpZ2h0JTNBJTIwMjBweCUzQiUwQSU3RCUwQWgyLnBvcnRhbGVzN19maWxlcy1pdGVtJTIwJTdCJTBBJTIwJTIwYm9yZGVyJTNBJTIwMXB4JTIwc29saWQlM0IlMEElMjAlMjBtYXJnaW4lM0ElMjAxMHB4JTNCJTBBJTIwJTIwcGFkZGluZyUzQSUyMDEwcHglM0IlMEElN0QlMEE=\u00bb][vc_column_text] Adjuntos Fase I: Bases y Convocatoria bolsa Fase II: Lista de personas admitidas y excluidas y tribunal Fase III: Lista definitiva, tribunal y fecha 1er ejercicio ...\" \/>\n<meta property=\"og:url\" content=\"https:\/\/aldaia.es\/es\/bolsa-de-empleo-de-ingenieros-as-tecnicos-as-industriales\/\" \/>\n<meta property=\"og:site_name\" content=\"Ayuntamiento de Aldaia\" \/>\n<script type=\"application\/ld+json\" class=\"yoast-schema-graph\">{\"@context\":\"https:\/\/schema.org\",\"@graph\":[{\"@type\":\"WebPage\",\"@id\":\"https:\/\/aldaia.es\/es\/bolsa-de-empleo-de-ingenieros-as-tecnicos-as-industriales\/\",\"url\":\"https:\/\/aldaia.es\/es\/bolsa-de-empleo-de-ingenieros-as-tecnicos-as-industriales\/\",\"name\":\"Bolsa de empleo de ingenieros\/as t\u00e9cnicos\/as industriales - Ayuntamiento de Aldaia\",\"isPartOf\":{\"@id\":\"https:\/\/aldaia.es\/es\/#website\"},\"datePublished\":\"2023-01-15T16:40:38+00:00\",\"breadcrumb\":{\"@id\":\"https:\/\/aldaia.es\/es\/bolsa-de-empleo-de-ingenieros-as-tecnicos-as-industriales\/#breadcrumb\"},\"inLanguage\":\"es\",\"potentialAction\":[{\"@type\":\"ReadAction\",\"target\":[\"https:\/\/aldaia.es\/es\/bolsa-de-empleo-de-ingenieros-as-tecnicos-as-industriales\/\"]}]},{\"@type\":\"BreadcrumbList\",\"@id\":\"https:\/\/aldaia.es\/es\/bolsa-de-empleo-de-ingenieros-as-tecnicos-as-industriales\/#breadcrumb\",\"itemListElement\":[{\"@type\":\"ListItem\",\"position\":1,\"name\":\"Portada\",\"item\":\"https:\/\/aldaia.es\/es\/\"},{\"@type\":\"ListItem\",\"position\":2,\"name\":\"Bolsa de empleo de ingenieros\/as t\u00e9cnicos\/as industriales\"}]},{\"@type\":\"WebSite\",\"@id\":\"https:\/\/aldaia.es\/es\/#website\",\"url\":\"https:\/\/aldaia.es\/es\/\",\"name\":\"Ajuntament D'Aldaia\",\"description\":\"\",\"publisher\":{\"@id\":\"https:\/\/aldaia.es\/es\/#organization\"},\"alternateName\":\"Ajuntament D'Aldaia\",\"potentialAction\":[{\"@type\":\"SearchAction\",\"target\":{\"@type\":\"EntryPoint\",\"urlTemplate\":\"https:\/\/aldaia.es\/es\/?s={search_term_string}\"},\"query-input\":{\"@type\":\"PropertyValueSpecification\",\"valueRequired\":true,\"valueName\":\"search_term_string\"}}],\"inLanguage\":\"es\"},{\"@type\":\"Organization\",\"@id\":\"https:\/\/aldaia.es\/es\/#organization\",\"name\":\"Ajuntament D'Aldaia\",\"url\":\"https:\/\/aldaia.es\/es\/\",\"logo\":{\"@type\":\"ImageObject\",\"inLanguage\":\"es\",\"@id\":\"https:\/\/aldaia.es\/es\/#\/schema\/logo\/image\/\",\"url\":\"https:\/\/aldaia.es\/wp-content\/uploads\/2022\/06\/aldaia-negro-1.png\",\"contentUrl\":\"https:\/\/aldaia.es\/wp-content\/uploads\/2022\/06\/aldaia-negro-1.png\",\"width\":152,\"height\":70,\"caption\":\"Ajuntament D'Aldaia\"},\"image\":{\"@id\":\"https:\/\/aldaia.es\/es\/#\/schema\/logo\/image\/\"}}]}<\/script>\n<!-- \/ Yoast SEO plugin. -->","yoast_head_json":{"title":"Bolsa de empleo de ingenieros\/as t\u00e9cnicos\/as industriales - Ayuntamiento de Aldaia","robots":{"index":"index","follow":"follow","max-snippet":"max-snippet:-1","max-image-preview":"max-image-preview:large","max-video-preview":"max-video-preview:-1"},"canonical":"https:\/\/aldaia.es\/es\/bolsa-de-empleo-de-ingenieros-as-tecnicos-as-industriales\/","og_locale":"es_ES","og_type":"article","og_title":"Bolsa de empleo de ingenieros\/as t\u00e9cnicos\/as industriales - Ayuntamiento de Aldaia","og_description":"[tdc_zone type=\u00bbtdc_content\u00bb][vc_row][vc_column][tdb_title tdc_css=\u00bbeyJhbGwiOnsiYm9yZGVyLWJvdHRvbS13aWR0aCI6IjVweCIsImRpc3BsYXkiOiIifX0=\u00bb][\/vc_column][\/vc_row][vc_row][vc_column][td_block_raw_css content=\u00bbLnBvcnRhbGVzN19maWxlcy1pdGVtJTIwYSUzQWJlZm9yZSUyMCU3QiUwQSUyMCUyMGZvbnQtZmFtaWx5JTNBJTIwRm9udEF3ZXNvbWUlM0IlMEElMjAlMjBjb250ZW50JTNBJTIwJTIyJTVDZjFjMSUyMiUzQiUwQSUyMCUyMGNvbG9yJTNBJTIwJTIzMzM5OTMzJTNCJTBBJTIwJTIwbWFyZ2luLXJpZ2h0JTNBJTIwMjBweCUzQiUwQSU3RCUwQWgyLnBvcnRhbGVzN19maWxlcy1pdGVtJTIwJTdCJTBBJTIwJTIwYm9yZGVyJTNBJTIwMXB4JTIwc29saWQlM0IlMEElMjAlMjBtYXJnaW4lM0ElMjAxMHB4JTNCJTBBJTIwJTIwcGFkZGluZyUzQSUyMDEwcHglM0IlMEElN0QlMEE=\u00bb][vc_column_text] Adjuntos Fase I: Bases y Convocatoria bolsa Fase II: Lista de personas admitidas y excluidas y tribunal Fase III: Lista definitiva, tribunal y fecha 1er ejercicio ...","og_url":"https:\/\/aldaia.es\/es\/bolsa-de-empleo-de-ingenieros-as-tecnicos-as-industriales\/","og_site_name":"Ayuntamiento de Aldaia","schema":{"@context":"https:\/\/schema.org","@graph":[{"@type":"WebPage","@id":"https:\/\/aldaia.es\/es\/bolsa-de-empleo-de-ingenieros-as-tecnicos-as-industriales\/","url":"https:\/\/aldaia.es\/es\/bolsa-de-empleo-de-ingenieros-as-tecnicos-as-industriales\/","name":"Bolsa de empleo de ingenieros\/as t\u00e9cnicos\/as industriales - Ayuntamiento de Aldaia","isPartOf":{"@id":"https:\/\/aldaia.es\/es\/#website"},"datePublished":"2023-01-15T16:40:38+00:00","breadcrumb":{"@id":"https:\/\/aldaia.es\/es\/bolsa-de-empleo-de-ingenieros-as-tecnicos-as-industriales\/#breadcrumb"},"inLanguage":"es","potentialAction":[{"@type":"ReadAction","target":["https:\/\/aldaia.es\/es\/bolsa-de-empleo-de-ingenieros-as-tecnicos-as-industriales\/"]}]},{"@type":"BreadcrumbList","@id":"https:\/\/aldaia.es\/es\/bolsa-de-empleo-de-ingenieros-as-tecnicos-as-industriales\/#breadcrumb","itemListElement":[{"@type":"ListItem","position":1,"name":"Portada","item":"https:\/\/aldaia.es\/es\/"},{"@type":"ListItem","position":2,"name":"Bolsa de empleo de ingenieros\/as t\u00e9cnicos\/as industriales"}]},{"@type":"WebSite","@id":"https:\/\/aldaia.es\/es\/#website","url":"https:\/\/aldaia.es\/es\/","name":"Ajuntament D'Aldaia","description":"","publisher":{"@id":"https:\/\/aldaia.es\/es\/#organization"},"alternateName":"Ajuntament D'Aldaia","potentialAction":[{"@type":"SearchAction","target":{"@type":"EntryPoint","urlTemplate":"https:\/\/aldaia.es\/es\/?s={search_term_string}"},"query-input":{"@type":"PropertyValueSpecification","valueRequired":true,"valueName":"search_term_string"}}],"inLanguage":"es"},{"@type":"Organization","@id":"https:\/\/aldaia.es\/es\/#organization","name":"Ajuntament D'Aldaia","url":"https:\/\/aldaia.es\/es\/","logo":{"@type":"ImageObject","inLanguage":"es","@id":"https:\/\/aldaia.es\/es\/#\/schema\/logo\/image\/","url":"https:\/\/aldaia.es\/wp-content\/uploads\/2022\/06\/aldaia-negro-1.png","contentUrl":"https:\/\/aldaia.es\/wp-content\/uploads\/2022\/06\/aldaia-negro-1.png","width":152,"height":70,"caption":"Ajuntament D'Aldaia"},"image":{"@id":"https:\/\/aldaia.es\/es\/#\/schema\/logo\/image\/"}}]}},"_links":{"self":[{"href":"https:\/\/aldaia.es\/es\/wp-json\/wp\/v2\/pages\/6522","targetHints":{"allow":["GET"]}}],"collection":[{"href":"https:\/\/aldaia.es\/es\/wp-json\/wp\/v2\/pages"}],"about":[{"href":"https:\/\/aldaia.es\/es\/wp-json\/wp\/v2\/types\/page"}],"author":[{"embeddable":true,"href":"https:\/\/aldaia.es\/es\/wp-json\/wp\/v2\/users\/42"}],"replies":[{"embeddable":true,"href":"https:\/\/aldaia.es\/es\/wp-json\/wp\/v2\/comments?post=6522"}],"version-history":[{"count":0,"href":"https:\/\/aldaia.es\/es\/wp-json\/wp\/v2\/pages\/6522\/revisions"}],"wp:attachment":[{"href":"https:\/\/aldaia.es\/es\/wp-json\/wp\/v2\/media?parent=6522"}],"curies":[{"name":"wp","href":"https:\/\/api.w.org\/{rel}","templated":true}]}}