{"id":6534,"date":"2023-02-01T17:31:41","date_gmt":"2023-02-01T16:31:41","guid":{"rendered":"https:\/\/aldaia.eu\/agencia-tributaria\/punto-pic\/"},"modified":"2024-08-02T08:43:38","modified_gmt":"2024-08-02T06:43:38","slug":"punto-pic","status":"publish","type":"page","link":"https:\/\/aldaia.es\/es\/agencia-tributaria\/punto-pic\/","title":{"rendered":"Punto PIC"},"content":{"rendered":"\n<div class=\"wp-block-columns dep-agencia-tributaria is-layout-flex wp-container-core-columns-is-layout-9d6595d7 wp-block-columns-is-layout-flex\">\n<div class=\"wp-block-column is-layout-flow wp-block-column-is-layout-flow\" style=\"flex-basis:30%\"><!--  Info deportes -->\n\n \n\n<div class='bloque-infos-seguridad wrapper-departamentos'>\n<p class=\"tit-bloque-infos\">Localizaci\u00f3n y contactos <\/p>\n        <div class='infos-departamento'>\n            <p>Ayuntamiento de Aldaia. Plaza Constituci\u00f3n 10. Oficina ubicada temporalmente en el salon de plenos.<\/p>\n            <p><i class=\"fa fa-phone\" aria-hidden=\"true\"><\/i> <a href=\"tel:+34961501500\">+34 961 501 500<\/a><\/p>\n            <p><i class=\"fa fa-phone\" aria-hidden=\"true\"><\/i> <a href=\"tel:+34960455082\">+34 960 455 082<\/a><\/p>\n           \n            <p><strong>Horario:<\/strong><\/p>\n            <p>Lunes, martes, mi\u00e9rcoles y viernes: de 9h a 14h. Jueves: de 9h a 14h y de 16:30h a 18h<\/p>\n            <p><i class=\"fas fa-envelope\"><\/i> <a href=\"mailto:agenciatributaria@ajuntamentaldaia.org\">agenciatributaria@ajuntamentaldaia.org<\/a><\/p>\n            \n            \n        <\/div>\n\n        <div class='mapa-1'>\n            <iframe src=\"https:\/\/www.google.com\/maps\/embed?pb=!1m13!1m8!1m3!1d1500.715008194719!2d-0.4611377692555841!3d39.45873765794469!3m2!1i1024!2i768!4f13.1!3m2!1m1!2zMznCsDI3JzMxLjMiTiAwwrAyNyc0MC40Ilc!5e0!3m2!1ses!2sus!4v1722515828938!5m2!1ses!2sus\" width=\"100%\" height=\"300\" style=\"border:0;\" allowfullscreen=\"\" loading=\"lazy\" referrerpolicy=\"no-referrer-when-downgrade\"><\/iframe>\n        <\/div>\n<\/div>\n<!-- end bloque infos -->\n   \n\n\n\n<\/div>\n\n\n\n<div class=\"wp-block-column is-layout-flow wp-block-column-is-layout-flow\" style=\"flex-basis:70%\">\n<h1 class=\"wp-block-heading\">Punt PIC<\/h1>\n\n\n\n<p>En la Agencia Tributaria municipal, el Ayuntamiento de Aldaia tiene autorizado por la Direcci\u00f3n General del Catastro de un Punto de Informaci\u00f3n Catastral, donde los ciudadanos pueden acceder a la informaci\u00f3n catastral.<\/p>\n\n\n\n<p>El Puntos de Informaci\u00f3n Catastral (PIC) usted podr\u00e1 obtener los siguientes servicios:<\/p>\n\n\n\n<ul class=\"wp-block-list\">\n<li>Informaci\u00f3n de car\u00e1cter general y particular de inmuebles.<\/li>\n\n\n\n<li>Asesoramiento sobre obligaciones con el Catastro.<\/li>\n\n\n\n<li>Notificaci\u00f3n por comparecencia en procedimientos catastrales.<\/li>\n\n\n\n<li>Servicio de consulta libre y certificaci\u00f3n de datos catastrales no protegidos y de cartograf\u00eda digital.<\/li>\n\n\n\n<li>Servicio de consulta y certificaci\u00f3n electr\u00f3nica para los titulares catastrales de datos catastrales protegidos, relativo a los inmuebles de su titularidad.<\/li>\n\n\n\n<li>Servicio de certificaci\u00f3n negativa de bienes inmuebles o de la circunstancia de no figurar como titular catastral relativa al propio solicitante.<\/li>\n<\/ul>\n\n\n\n<div class=\"wp-block-columns is-layout-flex wp-container-core-columns-is-layout-9d6595d7 wp-block-columns-is-layout-flex\">\n<div class=\"wp-block-column lista_adjuntos is-layout-flow wp-block-column-is-layout-flow\">\n<h2 class=\"wp-block-heading\">Enlaces<\/h2>\n\n\n\n<p><i class=\"fas fa-link\"><\/i> <a href=\"https:\/\/www.catastro.hacienda.gob.es\/esp\/pic.asp?var=menuleft4\" target=\"_blank\" rel=\"noreferrer noopener\">Puntos de informaci\u00f3n Catastral<\/a><\/p>\n<\/div>\n<\/div>\n<\/div>\n<\/div>\n","protected":false},"excerpt":{"rendered":"<p>Punt PIC En la Agencia Tributaria municipal, el Ayuntamiento de Aldaia tiene autorizado por la Direcci\u00f3n General del Catastro de un Punto de Informaci\u00f3n Catastral, donde los ciudadanos pueden acceder <a class=\"text-decoration-none text-black\" href=\"https:\/\/aldaia.es\/es\/agencia-tributaria\/punto-pic\/\"> &#8230; <\/a><\/p>\n","protected":false},"author":1,"featured_media":0,"parent":6244,"menu_order":0,"comment_status":"closed","ping_status":"closed","template":"basic-page-departamentos.php","meta":{"_acf_changed":false,"footnotes":""},"class_list":["post-6534","page","type-page","status-publish","hentry"],"acf":[],"yoast_head":"<!-- This site is optimized with the Yoast SEO plugin v27.0 - https:\/\/yoast.com\/product\/yoast-seo-wordpress\/ -->\n<title>Punto PIC - Ayuntamiento de Aldaia<\/title>\n<meta name=\"robots\" content=\"index, follow, max-snippet:-1, max-image-preview:large, max-video-preview:-1\" \/>\n<link rel=\"canonical\" href=\"https:\/\/aldaia.es\/es\/agencia-tributaria\/punto-pic\/\" \/>\n<meta property=\"og:locale\" content=\"es_ES\" \/>\n<meta property=\"og:type\" content=\"article\" \/>\n<meta property=\"og:title\" content=\"Punto PIC - Ayuntamiento de Aldaia\" \/>\n<meta property=\"og:description\" content=\"Punt PIC En la Agencia Tributaria municipal, el Ayuntamiento de Aldaia tiene autorizado por la Direcci\u00f3n General del Catastro de un Punto de Informaci\u00f3n Catastral, donde los ciudadanos pueden acceder ...\" \/>\n<meta property=\"og:url\" content=\"https:\/\/aldaia.es\/es\/agencia-tributaria\/punto-pic\/\" \/>\n<meta property=\"og:site_name\" content=\"Ayuntamiento de Aldaia\" \/>\n<meta property=\"article:modified_time\" content=\"2024-08-02T06:43:38+00:00\" \/>\n<script type=\"application\/ld+json\" class=\"yoast-schema-graph\">{\"@context\":\"https:\/\/schema.org\",\"@graph\":[{\"@type\":\"WebPage\",\"@id\":\"https:\/\/aldaia.es\/es\/agencia-tributaria\/punto-pic\/\",\"url\":\"https:\/\/aldaia.es\/es\/agencia-tributaria\/punto-pic\/\",\"name\":\"Punto PIC - Ayuntamiento de Aldaia\",\"isPartOf\":{\"@id\":\"https:\/\/aldaia.es\/es\/#website\"},\"datePublished\":\"2023-02-01T16:31:41+00:00\",\"dateModified\":\"2024-08-02T06:43:38+00:00\",\"breadcrumb\":{\"@id\":\"https:\/\/aldaia.es\/es\/agencia-tributaria\/punto-pic\/#breadcrumb\"},\"inLanguage\":\"es\",\"potentialAction\":[{\"@type\":\"ReadAction\",\"target\":[\"https:\/\/aldaia.es\/es\/agencia-tributaria\/punto-pic\/\"]}]},{\"@type\":\"BreadcrumbList\",\"@id\":\"https:\/\/aldaia.es\/es\/agencia-tributaria\/punto-pic\/#breadcrumb\",\"itemListElement\":[{\"@type\":\"ListItem\",\"position\":1,\"name\":\"Portada\",\"item\":\"https:\/\/aldaia.es\/es\/\"},{\"@type\":\"ListItem\",\"position\":2,\"name\":\"Agencia Tributaria\",\"item\":\"https:\/\/aldaia.es\/es\/agencia-tributaria\/\"},{\"@type\":\"ListItem\",\"position\":3,\"name\":\"Punto PIC\"}]},{\"@type\":\"WebSite\",\"@id\":\"https:\/\/aldaia.es\/es\/#website\",\"url\":\"https:\/\/aldaia.es\/es\/\",\"name\":\"Ajuntament D'Aldaia\",\"description\":\"\",\"publisher\":{\"@id\":\"https:\/\/aldaia.es\/es\/#organization\"},\"alternateName\":\"Ajuntament D'Aldaia\",\"potentialAction\":[{\"@type\":\"SearchAction\",\"target\":{\"@type\":\"EntryPoint\",\"urlTemplate\":\"https:\/\/aldaia.es\/es\/?s={search_term_string}\"},\"query-input\":{\"@type\":\"PropertyValueSpecification\",\"valueRequired\":true,\"valueName\":\"search_term_string\"}}],\"inLanguage\":\"es\"},{\"@type\":\"Organization\",\"@id\":\"https:\/\/aldaia.es\/es\/#organization\",\"name\":\"Ajuntament D'Aldaia\",\"url\":\"https:\/\/aldaia.es\/es\/\",\"logo\":{\"@type\":\"ImageObject\",\"inLanguage\":\"es\",\"@id\":\"https:\/\/aldaia.es\/es\/#\/schema\/logo\/image\/\",\"url\":\"https:\/\/aldaia.es\/wp-content\/uploads\/2022\/06\/aldaia-negro-1.png\",\"contentUrl\":\"https:\/\/aldaia.es\/wp-content\/uploads\/2022\/06\/aldaia-negro-1.png\",\"width\":152,\"height\":70,\"caption\":\"Ajuntament D'Aldaia\"},\"image\":{\"@id\":\"https:\/\/aldaia.es\/es\/#\/schema\/logo\/image\/\"}}]}<\/script>\n<!-- \/ Yoast SEO plugin. -->","yoast_head_json":{"title":"Punto PIC - Ayuntamiento de Aldaia","robots":{"index":"index","follow":"follow","max-snippet":"max-snippet:-1","max-image-preview":"max-image-preview:large","max-video-preview":"max-video-preview:-1"},"canonical":"https:\/\/aldaia.es\/es\/agencia-tributaria\/punto-pic\/","og_locale":"es_ES","og_type":"article","og_title":"Punto PIC - Ayuntamiento de Aldaia","og_description":"Punt PIC En la Agencia Tributaria municipal, el Ayuntamiento de Aldaia tiene autorizado por la Direcci\u00f3n General del Catastro de un Punto de Informaci\u00f3n Catastral, donde los ciudadanos pueden acceder ...","og_url":"https:\/\/aldaia.es\/es\/agencia-tributaria\/punto-pic\/","og_site_name":"Ayuntamiento de Aldaia","article_modified_time":"2024-08-02T06:43:38+00:00","schema":{"@context":"https:\/\/schema.org","@graph":[{"@type":"WebPage","@id":"https:\/\/aldaia.es\/es\/agencia-tributaria\/punto-pic\/","url":"https:\/\/aldaia.es\/es\/agencia-tributaria\/punto-pic\/","name":"Punto PIC - Ayuntamiento de Aldaia","isPartOf":{"@id":"https:\/\/aldaia.es\/es\/#website"},"datePublished":"2023-02-01T16:31:41+00:00","dateModified":"2024-08-02T06:43:38+00:00","breadcrumb":{"@id":"https:\/\/aldaia.es\/es\/agencia-tributaria\/punto-pic\/#breadcrumb"},"inLanguage":"es","potentialAction":[{"@type":"ReadAction","target":["https:\/\/aldaia.es\/es\/agencia-tributaria\/punto-pic\/"]}]},{"@type":"BreadcrumbList","@id":"https:\/\/aldaia.es\/es\/agencia-tributaria\/punto-pic\/#breadcrumb","itemListElement":[{"@type":"ListItem","position":1,"name":"Portada","item":"https:\/\/aldaia.es\/es\/"},{"@type":"ListItem","position":2,"name":"Agencia Tributaria","item":"https:\/\/aldaia.es\/es\/agencia-tributaria\/"},{"@type":"ListItem","position":3,"name":"Punto PIC"}]},{"@type":"WebSite","@id":"https:\/\/aldaia.es\/es\/#website","url":"https:\/\/aldaia.es\/es\/","name":"Ajuntament D'Aldaia","description":"","publisher":{"@id":"https:\/\/aldaia.es\/es\/#organization"},"alternateName":"Ajuntament D'Aldaia","potentialAction":[{"@type":"SearchAction","target":{"@type":"EntryPoint","urlTemplate":"https:\/\/aldaia.es\/es\/?s={search_term_string}"},"query-input":{"@type":"PropertyValueSpecification","valueRequired":true,"valueName":"search_term_string"}}],"inLanguage":"es"},{"@type":"Organization","@id":"https:\/\/aldaia.es\/es\/#organization","name":"Ajuntament D'Aldaia","url":"https:\/\/aldaia.es\/es\/","logo":{"@type":"ImageObject","inLanguage":"es","@id":"https:\/\/aldaia.es\/es\/#\/schema\/logo\/image\/","url":"https:\/\/aldaia.es\/wp-content\/uploads\/2022\/06\/aldaia-negro-1.png","contentUrl":"https:\/\/aldaia.es\/wp-content\/uploads\/2022\/06\/aldaia-negro-1.png","width":152,"height":70,"caption":"Ajuntament D'Aldaia"},"image":{"@id":"https:\/\/aldaia.es\/es\/#\/schema\/logo\/image\/"}}]}},"_links":{"self":[{"href":"https:\/\/aldaia.es\/es\/wp-json\/wp\/v2\/pages\/6534","targetHints":{"allow":["GET"]}}],"collection":[{"href":"https:\/\/aldaia.es\/es\/wp-json\/wp\/v2\/pages"}],"about":[{"href":"https:\/\/aldaia.es\/es\/wp-json\/wp\/v2\/types\/page"}],"author":[{"embeddable":true,"href":"https:\/\/aldaia.es\/es\/wp-json\/wp\/v2\/users\/1"}],"replies":[{"embeddable":true,"href":"https:\/\/aldaia.es\/es\/wp-json\/wp\/v2\/comments?post=6534"}],"version-history":[{"count":5,"href":"https:\/\/aldaia.es\/es\/wp-json\/wp\/v2\/pages\/6534\/revisions"}],"predecessor-version":[{"id":30812,"href":"https:\/\/aldaia.es\/es\/wp-json\/wp\/v2\/pages\/6534\/revisions\/30812"}],"up":[{"embeddable":true,"href":"https:\/\/aldaia.es\/es\/wp-json\/wp\/v2\/pages\/6244"}],"wp:attachment":[{"href":"https:\/\/aldaia.es\/es\/wp-json\/wp\/v2\/media?parent=6534"}],"curies":[{"name":"wp","href":"https:\/\/api.w.org\/{rel}","templated":true}]}}