{"id":6538,"date":"2023-02-01T14:22:30","date_gmt":"2023-02-01T13:22:30","guid":{"rendered":"https:\/\/aldaia.eu\/beca-material-escolar-curso-2022-2023-resolucion-aprobacion-y-susanacion\/"},"modified":"2026-02-27T10:35:42","modified_gmt":"2026-02-27T09:35:42","slug":"beca-material-escolar-curso","status":"publish","type":"page","link":"https:\/\/aldaia.es\/es\/educacion\/becas\/beca-material-escolar-curso\/","title":{"rendered":"Beca material escolar curso 2025-2026"},"content":{"rendered":"\n<div class=\"wp-block-columns dep-educacion is-layout-flex wp-container-core-columns-is-layout-9d6595d7 wp-block-columns-is-layout-flex\">\n<div class=\"wp-block-column is-layout-flow wp-block-column-is-layout-flow\" style=\"flex-basis:30%\"><!--  Info educacion -->\n\n \n\n<div class='bloque-infos-educacion wrapper-departamentos'>\n<p class=\"tit-bloque-infos\">Centro Municipal Vicent Andres Estell\u00e9s<\/p>\n        <div class='infos-departamento'>\n            <p>Av. Miguel Hern\u00e1ndez, 36, 46960 Aldaia, Valencia, Espa\u00f1a<\/p>\n            <p><i class=\"fa fa-phone\" aria-hidden=\"true\"><\/i> <a href=\"tel:+34961988812\">+34 96 198 88 12<\/a><\/p>\n            <p><strong>Horari:<\/strong><\/p>\n            <p>Lunes a Viernes de 9:00 a 14:00 horas. Tardes lunes de 17:00 a 19:00 horas.<\/p>\n            <p><i class=\"fas fa-envelope\"><\/i> <a href=\"mailto:educacio@ajuntamentaldaia.org\">educacio@ajuntamentaldaia.org<\/a><\/p>\n           \n        <\/div>\n\n        <div class='mapa-1'>\n        <iframe src=\"https:\/\/www.google.com\/maps\/embed?pb=!1m18!1m12!1m3!1d2690.682908478369!2d-0.4686331129630299!3d39.46730324512737!2m3!1f0!2f0!3f0!3m2!1i1024!2i768!4f13.1!3m3!1m2!1s0xd605015adeec8f5%3A0x8b1b4140f8e0c4b3!2sCentre%20Municipal%20Vicent%20Andres%20Estell%C3%A9s!5e0!3m2!1ses!2sus!4v1726660218475!5m2!1ses!2sus\" width=\"100%\" height=\"450\" style=\"border:0;\" allowfullscreen=\"\" loading=\"lazy\" referrerpolicy=\"no-referrer-when-downgrade\"><\/iframe>\n        <\/div>\n\n    <\/div>\n    <!-- end bloque infos -->\n   \n\n    \n\n\n<\/div>\n\n\n\n<div class=\"wp-block-column is-layout-flow wp-block-column-is-layout-flow\" style=\"flex-basis:70%\">\n<h1 class=\"wp-block-heading\">Beca material escolar curso 2025-2026<\/h1>\n\n\n\n<p>Ayuda destinada a todo el alumnado del municipio que curse los niveles de Educaci\u00f3n Infantil, Primaria, Secundaria, Formaci\u00f3n Profesional B\u00e1sica, Bachillerato, Ciclos Medios y Superiores, Educaci\u00f3n Especial y PFQB.<\/p>\n\n\n\n<p>\u2013 <strong>INSTANCIAS:<\/strong><\/p>\n\n\n\n<ol class=\"wp-block-list\">\n<li>En tu papeler\u00eda de confianza (ver adjunto de papeler\u00edas adheridas)<\/li>\n\n\n\n<li>En el departamento de educaci\u00f3n de lunes a viernes de julio y agosto de 09.00 a 14.00 horas.&nbsp;<\/li>\n\n\n\n<li>Descarg\u00e1ndola en esta misma p\u00e1gina (ver anexo I)<\/li>\n<\/ol>\n\n\n\n<p><strong>\u2013 CUMPLIMENTAR LA INSTANCIA TELEM\u00c1TICAMENTE:<\/strong><\/p>\n\n\n\n<ol class=\"wp-block-list\">\n<li><strong>Descarga el Anexo I. Solicitud \/ Declaraci\u00f3n Responsable y gu\u00e1rdala en tu ordenador.<\/strong><\/li>\n\n\n\n<li><strong>\u00c1brela desde tu ordenador, rellena todos los datos y gu\u00e1rdala.<\/strong><\/li>\n\n\n\n<li><strong>\u00c1brala de nuevo y comprueba que se han guardado los datos correctamente.<\/strong><\/li>\n<\/ol>\n\n\n\n<p><strong>\u2013 PRESENTAR SOLICITUD:<\/strong><\/p>\n\n\n\n<ol class=\"wp-block-list\">\n<li>Telem\u00e1ticamente con certificado digital en el siguiente enlace <a href=\"https:\/\/www.oficinavirtual.aldaia.es\/portalCiudadano\/sede\/fichaInformativa.do?asu_cod=410&amp;asu_mod_cod=184&amp;codVerif=2FAB87D79580AD14527C831E00CB6BB222DE0E2B&amp;tra_cod=\">Sede electr\u00f3nica \u2013 Ficha Informativa (aldaia.es)<\/a><\/li>\n\n\n\n<li>Conseguir certificado digital paso a paso en el siguiente enlace: : <a href=\"https:\/\/citaprevia.aldaia.eu\/frontend.php\">Ayto Aldaia | Cita Previa<\/a><\/li>\n\n\n\n<li>Presencialmente, y a partir de septiembre solicitando cita previa:<\/li>\n<\/ol>\n\n\n\n<ul class=\"wp-block-list\">\n<li>Por tel\u00e9fono en el departamento de Educaci\u00f3n 96 198 88 12<\/li>\n\n\n\n<li><a href=\"https:\/\/citaprevia.aldaia.eu\/frontend.php\">PINCHA AQUI PARA COGER CITA PREVIA<\/a>: <a href=\"https:\/\/citaprevia.aldaia.eu\/frontend.php\">Ayto Aldaia | Cita Previa<\/a><\/li>\n\n\n\n<li>A trav\u00e9s de la aplicaci\u00f3n <a href=\"https:\/\/play.google.com\/store\/apps\/details?id=es.digitalvalue.aldaia\">https:\/\/play.google.com\/store\/apps\/details?id=es.digitalvalue.aldaia<\/a><\/li>\n<\/ul>\n\n\n\n<p><strong>\u2013 PUNTOS DE INFORMACI\u00d3N:<\/strong><\/p>\n\n\n\n<ol class=\"wp-block-list\">\n<li><strong>Papeler\u00edas adheridas:<\/strong><\/li>\n<\/ol>\n\n\n\n<figure class=\"wp-block-table\"><table><tbody><tr><td><strong>Papeler\u00eda JC<\/strong>.<\/td><td>Pl\u00e7\/ Corts Valencianes, 5<\/td><\/tr><tr><td><strong>Librer\u00eda Cuentos de F\u00e1bula.<\/strong><\/td><td>C\/ Juan Ram\u00f3n Jimenez, 18 (Barri del Crist)<\/td><\/tr><tr><td><strong>Col\u00b7legi Mariano Serra.<\/strong><\/td><td>Cam\u00ed Hondo, s\/n<\/td><\/tr><tr><td><strong>C\u00f2pies Aldaia.&nbsp;<\/strong><\/td><td>C\/ Esglesia, 37<\/td><\/tr><tr><td><strong>Urban Bags, S.L.&nbsp;<\/strong><\/td><td>C\/ Esglesia, 41<\/td><\/tr><tr><td><strong>Papereria Garrig\u00f3s<\/strong><\/td><td>C\/ Hernan Cort\u00e9s, 5<\/td><\/tr><tr><td><strong>Crisan<\/strong><\/td><td>Cam\u00ed de la Lloma, 10<\/td><\/tr><tr><td><strong>Kiosko Platero<\/strong><\/td><td>Pl\u00e7 \/ Europa, 1<\/td><\/tr><tr><td><strong>E.I. Angelets<\/strong><\/td><td>C\/ San Vicente, 21 bajo<\/td><\/tr><tr><td><strong>E.I. El cole<\/strong><\/td><td>C\/ Alacu\u00e1s, 14 bajo<\/td><\/tr><tr><td><strong>E.I. Nadons<\/strong><\/td><td>C\/ Pintor Sorolla, 4 bajo<\/td><\/tr><tr><td><strong>E.I.M. Llavoreta<\/strong><\/td><td>Cami Encreullades, 6.<\/td><\/tr><\/tbody><\/table><\/figure>\n\n\n\n<ol start=\"2\" class=\"wp-block-list\">\n<li><strong>Departamento de Educaci\u00f3n Vicent Andres Estelles (Avda. Miguel Hern\u00e1ndez, 40) en horario de 09.00 a 14.00 horas.<\/strong><\/li>\n<\/ol>\n\n\n\n<p>\u2013 <strong>REQUISITOS<\/strong> y <strong>OBLIGACIONES<\/strong> del beneficiario:<\/p>\n\n\n\n<ul class=\"wp-block-list\">\n<li>Estar <strong>empadronado en Aldaia<\/strong> <strong>con anterioridad a la fecha de publicaci\u00f3n de las presentes bases en el BOP<\/strong> .<\/li>\n<\/ul>\n\n\n\n<p>No se podr\u00e1n conceder ayudas a empadronados en Aldaia que residan en el \u00e1mbito del Barrio de Cristo, al contar la mancomunidad con sus propias ayudas destinadas a mismo objeto.<\/p>\n\n\n\n<ul class=\"wp-block-list\">\n<li>Estar <strong>matriculado en un centro p\u00fablico o concertado salvo en Educaci\u00f3n Especial (para la que la matr\u00edcula podr\u00e1 ser en cualquier centro educativo).<\/strong><\/li>\n\n\n\n<li>El <strong>material escolar<\/strong> deber\u00e1 ser <strong>adquirido en las librer\u00edas, papeler\u00edas, AMPA o establecimientos colaboradores de Aldaia<\/strong> , que firman con el Ayuntamiento el convenio. Y exclusivamente para el alumnado del colegio Mariano Serra podr\u00e1 adquirirse all\u00ed mismo. (Listado adjunto)<\/li>\n<\/ul>\n\n\n\n<p><strong>\u2013 DOCUMENTACI\u00d3N REQUERIDA:<\/strong><\/p>\n\n\n\n<ol class=\"wp-block-list\">\n<li>Solicitud\/Declaraci\u00f3n Responsable. Anexo I debidamente cumplimentado y firmado.<\/li>\n\n\n\n<li>Justificante del gasto ( <strong>FACTURA<\/strong> ):<\/li>\n<\/ol>\n\n\n\n<p>En el caso de adquirir el material escolar en librer\u00edas, papeler\u00edas, en el colegio Mariano Serra (s\u00f3lo su alumnado) o en empresas de suministro de equipamiento laboral para el caso de alumnado de Formaci\u00f3n Profesional B\u00e1sica, que hayan firmado el correspondiente convenio.<\/p>\n\n\n\n<ul class=\"wp-block-list\">\n<li>Aportar facturas originales a nombre de la persona solicitante, que deber\u00e1 coincidir con el titular de la cuenta que se indique en la solicitud de la beca. Adem\u00e1s, deber\u00e1 figurar la forma de pago: \u201cpago por transferencia\u201d, \u201cpago con tarjeta\u201d (en ambos casos deber\u00e1 acompa\u00f1arse tambi\u00e9n el justificante) o \u201cpago en efectivo\u201d.<\/li>\n<\/ul>\n\n\n\n<p>No ser\u00e1n subvencionables los libros incluidos en la RED DE LIBROS, cuyo valor se descontar\u00e1 del total, salvo que el alumno o alumna no pertenezca a la RED, en cuyo caso deber\u00e1 haberse marcado la correspondiente casilla en la solicitud.<\/p>\n\n\n\n<ul class=\"wp-block-list\">\n<li>En el caso de adquirir el material en el AMPA del centro escolar:<\/li>\n<\/ul>\n\n\n\n<p>Aportar recibo a nombre del alumno o alumna con cabecera del AMPA y sellado, donde figure el nombre y CIF de \u00e9sta y donde se relacione el material suministrado y el importe del mismo.<\/p>\n\n\n\n<p><strong>Adem\u00e1s, si ha marcado alguna condici\u00f3n especial deber\u00e1 aportar:<\/strong><\/p>\n\n\n\n<ol class=\"wp-block-list\">\n<li>Certificado de matr\u00edcula en un centro p\u00fablico o concertado en caso de matriculados fuera de Aldaia.<\/li>\n\n\n\n<li>T\u00edtulo Oficial en vigor de familia numerosa, monoparental.<\/li>\n\n\n\n<li>Resoluci\u00f3n de la Consejer\u00eda acreditando la familia de acogida.<\/li>\n\n\n\n<li>Certificado en vigor de la calificaci\u00f3n oficial de diversidad funcional expedida por la Conselleria de Bienestar Social, en caso de que el alumno tenga diversidad funcional igual o superior al 65% (en vigor)<\/li>\n\n\n\n<li>Acreditaci\u00f3n del n\u00famero de cuenta indicado en la solicitud mediante cualquiera de los siguientes medios:<\/li>\n<\/ol>\n\n\n\n<ul class=\"wp-block-list\">\n<li>Presentaci\u00f3n de certificado de titularidad bancaria que acredite la titularidad obtenida v\u00eda electr\u00f3nica o presencial.<\/li>\n\n\n\n<li>Presentaci\u00f3n del Anexo II (Ficha de mantenimiento de terceros) firmada y sellada por el banco que podr\u00e1 descargarse desde la sede electr\u00f3nica.<\/li>\n\n\n\n<li>Indicaci\u00f3n que ya obra en poder de la administraci\u00f3n por haber sido presentado con anterioridad.<\/li>\n<\/ul>\n\n\n\n<p>La firma de la solicitud a trav\u00e9s del registro telem\u00e1tico o presencial supone la aceptaci\u00f3n de las bases y la declaraci\u00f3n responsable de cumplir los requisitos.<\/p>\n\n\n\n<p><strong>\u2013 CUANT\u00cdA DE LA BECA:<\/strong><\/p>\n\n\n\n<ul class=\"wp-block-list\">\n<li>20 \u20ac para Educaci\u00f3n Infantil 1\u00ba y 2\u00ba ciclo (0 a 5 a\u00f1os) y Educaci\u00f3n Especial de la misma edad.<\/li>\n\n\n\n<li>40\u20ac para Educaci\u00f3n Primaria y Educaci\u00f3n Especial de 6 a 11 a\u00f1os.<\/li>\n\n\n\n<li>50\u20ac para Educaci\u00f3n Secundaria, Formaci\u00f3n Profesional B\u00e1sica, PFCB (Programas Formativos de Calificaci\u00f3n B\u00e1sica) y Educaci\u00f3n Especial de 12 y m\u00e1s a\u00f1os.<\/li>\n\n\n\n<li>60\u20ac para Bachiller.<\/li>\n\n\n\n<li>60\u20ac para Ciclos Medio y Superior.<\/li>\n<\/ul>\n\n\n\n<p>(*) En los casos de tener la condici\u00f3n de familia numerosa, monoparental, familia de acogida y\/o diversidad funcional del 65%, la cuant\u00eda anterior se incrementar\u00e1 en un 50% (aplic\u00e1ndose una \u00fanica circunstancia de las anteriores en caso que concurran ambas)<\/p>\n\n\n\n<p>Si el importe de la factura o facturas presentadas no superan las cantidades indicadas anteriormente, la ayuda se limitar\u00e1 al importe justificado.<\/p>\n\n\n\n<p><strong>SI TIENES DIFICULTADES TECNOL\u00d3GICAS, ESCRIBE UN CORREO A <\/strong><a href=\"mailto:educacio@ajuntamentaldaia.org\"><strong>educacio@ajuntamentaldaia.org<\/strong><\/a><strong> con tus datos y tel\u00e9fono y nos pondremos en contacto contigo.<\/strong><\/p>\n<\/div>\n<\/div>\n\n\n\n<div style=\"height:42px\" aria-hidden=\"true\" class=\"wp-block-spacer\"><\/div>\n\n\n\n<figure class=\"wp-block-image size-full\"><a href=\"https:\/\/aldaia.es\/wp-content\/uploads\/2025\/07\/cartel-becaaaaaaaa.jpg\" target=\"_blank\" rel=\"noreferrer noopener\"><img loading=\"lazy\" decoding=\"async\" width=\"452\" height=\"619\" src=\"https:\/\/aldaia.es\/wp-content\/uploads\/2025\/07\/cartel-becaaaaaaaa.jpg\" alt=\"\" class=\"wp-image-38573\" srcset=\"https:\/\/aldaia.es\/wp-content\/uploads\/2025\/07\/cartel-becaaaaaaaa.jpg 452w, https:\/\/aldaia.es\/wp-content\/uploads\/2025\/07\/cartel-becaaaaaaaa-219x300.jpg 219w\" sizes=\"auto, (max-width: 452px) 100vw, 452px\" \/><\/a><\/figure>\n\n\n\n<div class=\"wp-block-columns is-layout-flex wp-container-core-columns-is-layout-9d6595d7 wp-block-columns-is-layout-flex\">\n<div class=\"wp-block-column lista_adjuntos is-layout-flow wp-block-column-is-layout-flow\">\n<h2 class=\"wp-block-heading  display-4\">Adjuntos<\/h2>\n\n\n\n<p><i class=\"fas fa-file-pdf\"><\/i> <a href=\"https:\/\/aldaia.es\/wp-content\/uploads\/2025\/07\/EDICTO-Rectificacion-error-decreto-beca-material-25-26.pdf\">BASES BECA MATERIAL ESCOLAR 2025\/2026<\/a><\/p>\n\n\n\n<p><i class=\"fas fa-file-pdf\"><\/i> <a href=\"https:\/\/aldaia.es\/wp-content\/uploads\/2025\/07\/ANEXO-I-solicitud.pdf\">ANEXO I &#8211; SOLICITUD<\/a><\/p>\n\n\n\n<p><i class=\"fas fa-file-pdf\"><\/i> <a href=\"https:\/\/aldaia.es\/wp-content\/uploads\/2024\/07\/ANEXO-II-FICHA-MANTENIMIENTO-DE-TERCEROS.pdf\" target=\"_blank\" rel=\"noreferrer noopener\">ANEXO II, FICHA MANTENIMIENTO DE TERCEROS<\/a><\/p>\n\n\n\n<p><i class=\"fas fa-file-pdf\"><\/i> <a href=\"https:\/\/aldaia.es\/wp-content\/uploads\/2025\/12\/EDICTO-LISTADO-PROVISIONAL-BECA-MAT-2025-2026.pdf\">LISTADO APROBACI\u00d3N PROVISIONAL 2025\/26<\/a><\/p>\n\n\n\n<p><i class=\"fas fa-file-pdf\"><\/i> <a href=\"https:\/\/aldaia.es\/wp-content\/uploads\/2025\/12\/EDICTO-LISTADOS-DEFINITIVOS-BECA-MATERIAL-ESCOLAR-2025-2026.pdf\" target=\"_blank\" rel=\"noreferrer noopener\">LISTADO DEFINITIVO BECA MATERIAL ESCOLAR 2025\/2026<\/a><a href=\"\/\/aldaia.es\/wp-content\/uploads\/2025\/12\/EDICTO-LISTADOS-DEFINITIVOS-BECA-MATERIAL-ESCOLAR-2025-2026.pdf\" target=\"_blank\" rel=\"noreferrer noopener\">\/2026<\/a><\/p>\n<\/div>\n<\/div>\n\n\n\n<p><\/p>\n","protected":false},"excerpt":{"rendered":"<p>Beca material escolar curso 2025-2026 Ayuda destinada a todo el alumnado del municipio que curse los niveles de Educaci\u00f3n Infantil, Primaria, Secundaria, Formaci\u00f3n Profesional B\u00e1sica, Bachillerato, Ciclos Medios y Superiores, <a class=\"text-decoration-none text-black\" href=\"https:\/\/aldaia.es\/es\/educacion\/becas\/beca-material-escolar-curso\/\"> &#8230; <\/a><\/p>\n","protected":false},"author":14,"featured_media":0,"parent":6338,"menu_order":0,"comment_status":"closed","ping_status":"closed","template":"basic-page-departamentos.php","meta":{"_acf_changed":false,"footnotes":""},"class_list":["post-6538","page","type-page","status-publish","hentry"],"acf":[],"yoast_head":"<!-- This site is optimized with the Yoast SEO plugin v27.0 - https:\/\/yoast.com\/product\/yoast-seo-wordpress\/ -->\n<title>Beca material escolar curso 2025-2026 - Ayuntamiento de Aldaia<\/title>\n<meta name=\"description\" content=\"Ayuda para Infantil, Primaria, Secundaria, Formaci\u00f3n Profesional B\u00e1sica, Bachillerato, Ciclos Medios y Superiores, Educaci\u00f3n Especial y PFQB.\" \/>\n<meta name=\"robots\" content=\"index, follow, max-snippet:-1, max-image-preview:large, max-video-preview:-1\" \/>\n<link rel=\"canonical\" href=\"https:\/\/aldaia.es\/es\/educacion\/becas\/beca-material-escolar-curso\/\" \/>\n<meta property=\"og:locale\" content=\"es_ES\" \/>\n<meta property=\"og:type\" content=\"article\" \/>\n<meta property=\"og:title\" content=\"Beca material escolar curso 2025-2026 - Ayuntamiento de Aldaia\" \/>\n<meta property=\"og:description\" content=\"Ayuda para Infantil, Primaria, Secundaria, Formaci\u00f3n Profesional B\u00e1sica, Bachillerato, Ciclos Medios y Superiores, Educaci\u00f3n Especial y PFQB.\" \/>\n<meta property=\"og:url\" content=\"https:\/\/aldaia.es\/es\/educacion\/becas\/beca-material-escolar-curso\/\" \/>\n<meta property=\"og:site_name\" content=\"Ayuntamiento de Aldaia\" \/>\n<meta property=\"article:modified_time\" content=\"2026-02-27T09:35:42+00:00\" \/>\n<meta property=\"og:image\" content=\"https:\/\/aldaia.es\/wp-content\/uploads\/2025\/07\/cartel-becaaaaaaaa.jpg\" \/>\n\t<meta property=\"og:image:width\" content=\"452\" \/>\n\t<meta property=\"og:image:height\" content=\"619\" \/>\n\t<meta property=\"og:image:type\" content=\"image\/jpeg\" \/>\n<script type=\"application\/ld+json\" class=\"yoast-schema-graph\">{\"@context\":\"https:\/\/schema.org\",\"@graph\":[{\"@type\":\"WebPage\",\"@id\":\"https:\/\/aldaia.es\/es\/educacion\/becas\/beca-material-escolar-curso\/\",\"url\":\"https:\/\/aldaia.es\/es\/educacion\/becas\/beca-material-escolar-curso\/\",\"name\":\"Beca material escolar curso 2025-2026 - Ayuntamiento de Aldaia\",\"isPartOf\":{\"@id\":\"https:\/\/aldaia.es\/es\/#website\"},\"primaryImageOfPage\":{\"@id\":\"https:\/\/aldaia.es\/es\/educacion\/becas\/beca-material-escolar-curso\/#primaryimage\"},\"image\":{\"@id\":\"https:\/\/aldaia.es\/es\/educacion\/becas\/beca-material-escolar-curso\/#primaryimage\"},\"thumbnailUrl\":\"https:\/\/aldaia.es\/wp-content\/uploads\/2025\/07\/cartel-becaaaaaaaa.jpg\",\"datePublished\":\"2023-02-01T13:22:30+00:00\",\"dateModified\":\"2026-02-27T09:35:42+00:00\",\"description\":\"Ayuda para Infantil, Primaria, Secundaria, Formaci\u00f3n Profesional B\u00e1sica, Bachillerato, Ciclos Medios y Superiores, Educaci\u00f3n Especial y PFQB.\",\"breadcrumb\":{\"@id\":\"https:\/\/aldaia.es\/es\/educacion\/becas\/beca-material-escolar-curso\/#breadcrumb\"},\"inLanguage\":\"es\",\"potentialAction\":[{\"@type\":\"ReadAction\",\"target\":[\"https:\/\/aldaia.es\/es\/educacion\/becas\/beca-material-escolar-curso\/\"]}]},{\"@type\":\"ImageObject\",\"inLanguage\":\"es\",\"@id\":\"https:\/\/aldaia.es\/es\/educacion\/becas\/beca-material-escolar-curso\/#primaryimage\",\"url\":\"https:\/\/aldaia.es\/wp-content\/uploads\/2025\/07\/cartel-becaaaaaaaa.jpg\",\"contentUrl\":\"https:\/\/aldaia.es\/wp-content\/uploads\/2025\/07\/cartel-becaaaaaaaa.jpg\"},{\"@type\":\"BreadcrumbList\",\"@id\":\"https:\/\/aldaia.es\/es\/educacion\/becas\/beca-material-escolar-curso\/#breadcrumb\",\"itemListElement\":[{\"@type\":\"ListItem\",\"position\":1,\"name\":\"Portada\",\"item\":\"https:\/\/aldaia.es\/es\/\"},{\"@type\":\"ListItem\",\"position\":2,\"name\":\"Educaci\u00f3n\",\"item\":\"https:\/\/aldaia.es\/es\/educacion\/\"},{\"@type\":\"ListItem\",\"position\":3,\"name\":\"Becas\",\"item\":\"https:\/\/aldaia.es\/es\/educacion\/becas\/\"},{\"@type\":\"ListItem\",\"position\":4,\"name\":\"Beca material escolar curso 2025-2026\"}]},{\"@type\":\"WebSite\",\"@id\":\"https:\/\/aldaia.es\/es\/#website\",\"url\":\"https:\/\/aldaia.es\/es\/\",\"name\":\"Ajuntament D'Aldaia\",\"description\":\"\",\"publisher\":{\"@id\":\"https:\/\/aldaia.es\/es\/#organization\"},\"alternateName\":\"Ajuntament D'Aldaia\",\"potentialAction\":[{\"@type\":\"SearchAction\",\"target\":{\"@type\":\"EntryPoint\",\"urlTemplate\":\"https:\/\/aldaia.es\/es\/?s={search_term_string}\"},\"query-input\":{\"@type\":\"PropertyValueSpecification\",\"valueRequired\":true,\"valueName\":\"search_term_string\"}}],\"inLanguage\":\"es\"},{\"@type\":\"Organization\",\"@id\":\"https:\/\/aldaia.es\/es\/#organization\",\"name\":\"Ajuntament D'Aldaia\",\"url\":\"https:\/\/aldaia.es\/es\/\",\"logo\":{\"@type\":\"ImageObject\",\"inLanguage\":\"es\",\"@id\":\"https:\/\/aldaia.es\/es\/#\/schema\/logo\/image\/\",\"url\":\"https:\/\/aldaia.es\/wp-content\/uploads\/2022\/06\/aldaia-negro-1.png\",\"contentUrl\":\"https:\/\/aldaia.es\/wp-content\/uploads\/2022\/06\/aldaia-negro-1.png\",\"width\":152,\"height\":70,\"caption\":\"Ajuntament D'Aldaia\"},\"image\":{\"@id\":\"https:\/\/aldaia.es\/es\/#\/schema\/logo\/image\/\"}}]}<\/script>\n<!-- \/ Yoast SEO plugin. -->","yoast_head_json":{"title":"Beca material escolar curso 2025-2026 - Ayuntamiento de Aldaia","description":"Ayuda para Infantil, Primaria, Secundaria, Formaci\u00f3n Profesional B\u00e1sica, Bachillerato, Ciclos Medios y Superiores, Educaci\u00f3n Especial y PFQB.","robots":{"index":"index","follow":"follow","max-snippet":"max-snippet:-1","max-image-preview":"max-image-preview:large","max-video-preview":"max-video-preview:-1"},"canonical":"https:\/\/aldaia.es\/es\/educacion\/becas\/beca-material-escolar-curso\/","og_locale":"es_ES","og_type":"article","og_title":"Beca material escolar curso 2025-2026 - Ayuntamiento de Aldaia","og_description":"Ayuda para Infantil, Primaria, Secundaria, Formaci\u00f3n Profesional B\u00e1sica, Bachillerato, Ciclos Medios y Superiores, Educaci\u00f3n Especial y PFQB.","og_url":"https:\/\/aldaia.es\/es\/educacion\/becas\/beca-material-escolar-curso\/","og_site_name":"Ayuntamiento de Aldaia","article_modified_time":"2026-02-27T09:35:42+00:00","og_image":[{"width":452,"height":619,"url":"https:\/\/aldaia.es\/wp-content\/uploads\/2025\/07\/cartel-becaaaaaaaa.jpg","type":"image\/jpeg"}],"schema":{"@context":"https:\/\/schema.org","@graph":[{"@type":"WebPage","@id":"https:\/\/aldaia.es\/es\/educacion\/becas\/beca-material-escolar-curso\/","url":"https:\/\/aldaia.es\/es\/educacion\/becas\/beca-material-escolar-curso\/","name":"Beca material escolar curso 2025-2026 - Ayuntamiento de Aldaia","isPartOf":{"@id":"https:\/\/aldaia.es\/es\/#website"},"primaryImageOfPage":{"@id":"https:\/\/aldaia.es\/es\/educacion\/becas\/beca-material-escolar-curso\/#primaryimage"},"image":{"@id":"https:\/\/aldaia.es\/es\/educacion\/becas\/beca-material-escolar-curso\/#primaryimage"},"thumbnailUrl":"https:\/\/aldaia.es\/wp-content\/uploads\/2025\/07\/cartel-becaaaaaaaa.jpg","datePublished":"2023-02-01T13:22:30+00:00","dateModified":"2026-02-27T09:35:42+00:00","description":"Ayuda para Infantil, Primaria, Secundaria, Formaci\u00f3n Profesional B\u00e1sica, Bachillerato, Ciclos Medios y Superiores, Educaci\u00f3n Especial y PFQB.","breadcrumb":{"@id":"https:\/\/aldaia.es\/es\/educacion\/becas\/beca-material-escolar-curso\/#breadcrumb"},"inLanguage":"es","potentialAction":[{"@type":"ReadAction","target":["https:\/\/aldaia.es\/es\/educacion\/becas\/beca-material-escolar-curso\/"]}]},{"@type":"ImageObject","inLanguage":"es","@id":"https:\/\/aldaia.es\/es\/educacion\/becas\/beca-material-escolar-curso\/#primaryimage","url":"https:\/\/aldaia.es\/wp-content\/uploads\/2025\/07\/cartel-becaaaaaaaa.jpg","contentUrl":"https:\/\/aldaia.es\/wp-content\/uploads\/2025\/07\/cartel-becaaaaaaaa.jpg"},{"@type":"BreadcrumbList","@id":"https:\/\/aldaia.es\/es\/educacion\/becas\/beca-material-escolar-curso\/#breadcrumb","itemListElement":[{"@type":"ListItem","position":1,"name":"Portada","item":"https:\/\/aldaia.es\/es\/"},{"@type":"ListItem","position":2,"name":"Educaci\u00f3n","item":"https:\/\/aldaia.es\/es\/educacion\/"},{"@type":"ListItem","position":3,"name":"Becas","item":"https:\/\/aldaia.es\/es\/educacion\/becas\/"},{"@type":"ListItem","position":4,"name":"Beca material escolar curso 2025-2026"}]},{"@type":"WebSite","@id":"https:\/\/aldaia.es\/es\/#website","url":"https:\/\/aldaia.es\/es\/","name":"Ajuntament D'Aldaia","description":"","publisher":{"@id":"https:\/\/aldaia.es\/es\/#organization"},"alternateName":"Ajuntament D'Aldaia","potentialAction":[{"@type":"SearchAction","target":{"@type":"EntryPoint","urlTemplate":"https:\/\/aldaia.es\/es\/?s={search_term_string}"},"query-input":{"@type":"PropertyValueSpecification","valueRequired":true,"valueName":"search_term_string"}}],"inLanguage":"es"},{"@type":"Organization","@id":"https:\/\/aldaia.es\/es\/#organization","name":"Ajuntament D'Aldaia","url":"https:\/\/aldaia.es\/es\/","logo":{"@type":"ImageObject","inLanguage":"es","@id":"https:\/\/aldaia.es\/es\/#\/schema\/logo\/image\/","url":"https:\/\/aldaia.es\/wp-content\/uploads\/2022\/06\/aldaia-negro-1.png","contentUrl":"https:\/\/aldaia.es\/wp-content\/uploads\/2022\/06\/aldaia-negro-1.png","width":152,"height":70,"caption":"Ajuntament D'Aldaia"},"image":{"@id":"https:\/\/aldaia.es\/es\/#\/schema\/logo\/image\/"}}]}},"_links":{"self":[{"href":"https:\/\/aldaia.es\/es\/wp-json\/wp\/v2\/pages\/6538","targetHints":{"allow":["GET"]}}],"collection":[{"href":"https:\/\/aldaia.es\/es\/wp-json\/wp\/v2\/pages"}],"about":[{"href":"https:\/\/aldaia.es\/es\/wp-json\/wp\/v2\/types\/page"}],"author":[{"embeddable":true,"href":"https:\/\/aldaia.es\/es\/wp-json\/wp\/v2\/users\/14"}],"replies":[{"embeddable":true,"href":"https:\/\/aldaia.es\/es\/wp-json\/wp\/v2\/comments?post=6538"}],"version-history":[{"count":52,"href":"https:\/\/aldaia.es\/es\/wp-json\/wp\/v2\/pages\/6538\/revisions"}],"predecessor-version":[{"id":40957,"href":"https:\/\/aldaia.es\/es\/wp-json\/wp\/v2\/pages\/6538\/revisions\/40957"}],"up":[{"embeddable":true,"href":"https:\/\/aldaia.es\/es\/wp-json\/wp\/v2\/pages\/6338"}],"wp:attachment":[{"href":"https:\/\/aldaia.es\/es\/wp-json\/wp\/v2\/media?parent=6538"}],"curies":[{"name":"wp","href":"https:\/\/api.w.org\/{rel}","templated":true}]}}