{"id":6539,"date":"2023-02-02T11:01:44","date_gmt":"2023-02-02T10:01:44","guid":{"rendered":"https:\/\/aldaia.eu\/biblioteca\/actividades-de-la-biblioteca\/"},"modified":"2024-09-16T14:19:58","modified_gmt":"2024-09-16T12:19:58","slug":"actividades-de-la-biblioteca","status":"publish","type":"page","link":"https:\/\/aldaia.es\/es\/biblioteca\/actividades-de-la-biblioteca\/","title":{"rendered":"Actividades de la biblioteca"},"content":{"rendered":"\n<div class=\"wp-block-columns dep-biblioteca is-layout-flex wp-container-core-columns-is-layout-9d6595d7 wp-block-columns-is-layout-flex\">\n<div class=\"wp-block-column is-layout-flow wp-block-column-is-layout-flow\" style=\"flex-basis:30%\"><!--  Info biblioteca -->\n\n \n\n<div class='bloque-infos-biblioteca wrapper-departamentos'>\n<p class=\"tit-bloque-infos\">Biblioteca P\u00fablica Municipal <\/p>\n        <div class='infos-departamento'>\n            <p>Plaza de la Cultura, s\/n, 46960 Aldaia, Valencia<\/p>\n            <p><i class=\"fa fa-phone\" aria-hidden=\"true\"><\/i> <a href=\"tel:+34961988786\">+34 96 198 87 86<\/a><\/p>\n            <p><strong>Horario:<\/strong><\/p>\n            <p>De lunes a viernes de 9:30h a 14h y de 16:30h a 20:30h<\/p>\n            <p><i class=\"fas fa-envelope\"><\/i> <a href=\"mailto:biblioteca@ajuntamentaldaia.org\">biblioteca@ajuntamentaldaia.org<\/a><\/p>\n            <p><a href=\"https:\/\/www.youtube.com\/@bibliotecapublicadaldaia1230\/videos\" target=\"_blank\" rel=\"noreferrer noopener\"><i class=\"fab fa-youtube\"><\/i> Youtube <\/a> <a href=\" https:\/\/www.instagram.com\/Bibliotecaaldaia\" target=\"_blank\" rel=\"noreferrer noopener\"><i class=\"fab fa-square-instagram\"><\/i> Instagram<\/a>  <\/p>  \n           \n           \n        <\/div>\n\n        <div class='mapa-1'>\n            <iframe src=\"https:\/\/www.google.com\/maps\/embed?pb=!1m18!1m12!1m3!1d1255.310476274827!2d-0.46820543894206657!3d39.46383639499155!2m3!1f0!2f0!3f0!3m2!1i1024!2i768!4f13.1!3m3!1m2!1s0xd60503e43338013%3A0x952a90d840c0c5e1!2sBiblioteca%20P%C3%BAblica%20Municipal%20d&#39;Aldaia!5e0!3m2!1ses!2ses!4v1726483429156!5m2!1ses!2ses\" width=\"100%\" height=\"450\" style=\"border:0;\" allowfullscreen=\"\" loading=\"lazy\" referrerpolicy=\"no-referrer-when-downgrade\"><\/iframe>\n        <\/div>\n\n    <\/div>\n    <!-- end bloque infos -->\n   \n\n    \n\n\n<\/div>\n\n\n\n<div class=\"wp-block-column is-layout-flow wp-block-column-is-layout-flow\" style=\"flex-basis:70%\">\n<h1 class=\"wp-block-heading\">Actividades de la biblioteca<\/h1>\n\n\n\n<p>La biblioteca te ofrece un abanico de actividades relacionadas con la lectura y la cultura. Son gratuitas y muy diversas.<\/p>\n\n\n\n<h2 class=\"wp-block-heading\"><strong>Clubes de lectura<\/strong><\/h2>\n\n\n\n<p>El club de lectura es una buena experiencia para que diferentes personas compartan y hablen de sus lecturas.<\/p>\n\n\n\n<p>Consiste en la lectura de un mismo libro por todas las personas que quieren participar y despu\u00e9s se re\u00fanen y valoran, analizan, comentan sus impresiones sobre la obra.<\/p>\n\n\n\n<p>Para participar en el club de lectura no es necesario leer todas las obras que se proponen en un a\u00f1o, se puede realizar una elecci\u00f3n en raz\u00f3n de los intereses o de la disponibilidad de cada una de las personas.<\/p>\n\n\n\n<p>Las reuniones se realizan el primer y segundo martes de mes a las 19 horas.<\/p>\n\n\n\n<p>Para formar parte del Club de Lectura se puede realizar la inscripci\u00f3n por mail a <a href=\"mailto:biblioteca@ajuntamentaldaia.org\">biblioteca@ajuntamentaldaia.org<\/a> , por tel\u00e9fono 961 988 786 o directamente en la Biblioteca en el mostrador de atenci\u00f3n al p\u00fablico.<\/p>\n\n\n\n<p>La actividad es gratuita.<\/p>\n\n\n\n<h2 class=\"wp-block-heading\"><strong>Cuentacuentos<\/strong><\/h2>\n\n\n\n<h3 class=\"wp-block-heading\"><strong>\u00bfQu\u00e9 es?<\/strong><\/h3>\n\n\n\n<p>Esta actividad cultural consiste en la narraci\u00f3n oral de cuentos y\/o relatos que nos acercan al mundo de la literatura.<\/p>\n\n\n\n<h3 class=\"wp-block-heading\"><strong>\u00bfA qui\u00e9n va dirigida?<\/strong><\/h3>\n\n\n\n<p>Para p\u00fablico infantil y adulto.<\/p>\n\n\n\n<h3 class=\"wp-block-heading\"><strong>\u00bfC\u00f3mo participar?<\/strong><\/h3>\n\n\n\n<p>Actividad de entrada libre para toda la poblaci\u00f3n. Consultar programaci\u00f3n.<\/p>\n\n\n\n<h3 class=\"wp-block-heading\"><strong>\u00bfCu\u00e1nto cuesta?<\/strong><\/h3>\n\n\n\n<p>Actividad gratuita.<\/p>\n\n\n\n<h2 class=\"wp-block-heading\"><strong>Presentaci\u00f3n de libros<\/strong><\/h2>\n\n\n\n<h3 class=\"wp-block-heading\"><strong>\u00bfQu\u00e9 es?<\/strong><\/h3>\n\n\n\n<p>Es un acto para dar a conocer un libro, con la participaci\u00f3n de la persona que lo ha escrito, con el acompa\u00f1amiento de otras personas que tambi\u00e9n contribuyen a la presentaci\u00f3n de la obra.<\/p>\n\n\n\n<h3 class=\"wp-block-heading\"><strong>\u00bfA qui\u00e9n va dirigida?<\/strong><\/h3>\n\n\n\n<p>Para toda la poblaci\u00f3n.<\/p>\n\n\n\n<h3 class=\"wp-block-heading\"><strong>\u00bfC\u00f3mo participar?<\/strong><\/h3>\n\n\n\n<p>Actividad de entrada libre y gratuita para toda la poblaci\u00f3n. Consultar programaci\u00f3n.<\/p>\n\n\n\n<h3 class=\"wp-block-heading\"><strong>\u00bfCu\u00e1nto cuesta?<\/strong><\/h3>\n\n\n\n<p>Actividad gratuita.<\/p>\n\n\n\n<h2 class=\"wp-block-heading\"><strong>Talleres<\/strong><\/h2>\n\n\n\n<h3 class=\"wp-block-heading\"><strong>\u00bfQu\u00e9 es?<\/strong><\/h3>\n\n\n\n<p>Actividades relacionadas con el mundo del libro y la lectura programadas teniendo presente sus diferentes vertientes.<\/p>\n\n\n\n<h3 class=\"wp-block-heading\"><strong>\u00bfA qui\u00e9n va dirigida?<\/strong><\/h3>\n\n\n\n<p>Para toda la poblaci\u00f3n.<\/p>\n\n\n\n<h3 class=\"wp-block-heading\"><strong>\u00bfC\u00f3mo participar?<\/strong><\/h3>\n\n\n\n<p>Actividad de entrada libre y gratuita para toda la poblaci\u00f3n. Consultar programaci\u00f3n.<\/p>\n\n\n\n<h3 class=\"wp-block-heading\"><strong>\u00bfCu\u00e1nto cuesta?<\/strong><\/h3>\n\n\n\n<p>Actividad gratuita.<\/p>\n\n\n\n<h2 class=\"wp-block-heading\"><strong>Exposici\u00f3n de libros<\/strong><\/h2>\n\n\n\n<h3 class=\"wp-block-heading\"><strong>\u00bfQu\u00e9 es?<\/strong><\/h3>\n\n\n\n<p>Una muestra puntual de libros de libros de la Biblioteca que tienen alg\u00fan aspecto en com\u00fan y que por diferentes razones la biblioteca considera que deben destacarse en un momento puntual.<\/p>\n\n\n\n<h3 class=\"wp-block-heading\"><strong>\u00bfA qui\u00e9n va dirigido?<\/strong><\/h3>\n\n\n\n<p>Para toda la poblaci\u00f3n.<\/p>\n\n\n\n<p>Menores de 8 a\u00f1os acompa\u00f1ados por una persona adulta.<\/p>\n\n\n\n<h3 class=\"wp-block-heading\"><strong>\u00bfC\u00f3mo participar?<\/strong><\/h3>\n\n\n\n<p>Actividad de entrada libre y gratuita para toda la poblaci\u00f3n. Consultar programaci\u00f3n.<\/p>\n\n\n\n<h3 class=\"wp-block-heading\"><strong>\u00bfCu\u00e1nto cuesta?<\/strong><\/h3>\n\n\n\n<p>Actividad gratuita.<\/p>\n\n\n\n<h2 class=\"wp-block-heading\"><strong>Gu\u00edas de lectura<\/strong><\/h2>\n\n\n\n<h3 class=\"wp-block-heading\"><strong>\u00bfQu\u00e9 es?<\/strong><\/h3>\n\n\n\n<p>Gu\u00edas de lectura de novedades y tem\u00e1ticas de libros y otras materias, en las que se presentan una selecci\u00f3n de libros que forman parte de la biblioteca y que han sido elegidos por un inter\u00e9s y\/o actualidad.<\/p>\n\n\n\n<h3 class=\"wp-block-heading\"><strong>\u00bfA qui\u00e9n va dirigido?<\/strong><\/h3>\n\n\n\n<p>Para toda la poblaci\u00f3n.<\/p>\n\n\n\n<h3 class=\"wp-block-heading\"><strong>\u00bfC\u00f3mo participar?<\/strong><\/h3>\n\n\n\n<p>Actividad de entrada libre y gratuita para toda la poblaci\u00f3n. Consultar programaci\u00f3n.<\/p>\n\n\n\n<h3 class=\"wp-block-heading\"><strong>\u00bfCu\u00e1nto cuesta?<\/strong><\/h3>\n\n\n\n<p>Actividad gratuita.<\/p>\n\n\n\n<h2 class=\"wp-block-heading\"><strong>Actividades para aprender idiomas<\/strong><\/h2>\n\n\n\n<p>La informaci\u00f3n puntual de las actividades la puedes encontrar en web del Ayuntamiento de Aldaia, en el facebook Biblioteca P\u00fablica Municipal Aldaia y en Instagram Bibliotecaaldaia.<\/p>\n<\/div>\n<\/div>\n\n\n\n<div class=\"wp-block-columns is-layout-flex wp-container-core-columns-is-layout-9d6595d7 wp-block-columns-is-layout-flex\">\n<div class=\"wp-block-column lista_adjuntos is-layout-flow wp-block-column-is-layout-flow\">\n<h2 class=\"wp-block-heading display-4\">Enlaces<\/h2>\n\n\n\n<p><i class=\"fas fa-link\"><\/i> <a href=\"https:\/\/aldaia.es\/publicacions-municipals\/\">Publicaciones Municipales <\/a><\/p>\n\n\n\n<p><i class=\"fas fa-link\"><\/i> <a href=\"https:\/\/www.bibliotecaspublicas.es\/va\/Bibliotecas\/aldaia\/Actividades.html\" target=\"_blank\" rel=\"noreferrer noopener\">Actividades<\/a><\/p>\n<\/div>\n<\/div>\n\n\n\n<p><\/p>\n","protected":false},"excerpt":{"rendered":"<p>Actividades de la biblioteca La biblioteca te ofrece un abanico de actividades relacionadas con la lectura y la cultura. Son gratuitas y muy diversas. Clubes de lectura El club de <a class=\"text-decoration-none text-black\" href=\"https:\/\/aldaia.es\/es\/biblioteca\/actividades-de-la-biblioteca\/\"> &#8230; <\/a><\/p>\n","protected":false},"author":12,"featured_media":0,"parent":19321,"menu_order":0,"comment_status":"closed","ping_status":"closed","template":"basic-page-departamentos.php","meta":{"_acf_changed":false,"footnotes":""},"class_list":["post-6539","page","type-page","status-publish","hentry"],"acf":[],"yoast_head":"<!-- This site is optimized with the Yoast SEO plugin v27.0 - https:\/\/yoast.com\/product\/yoast-seo-wordpress\/ -->\n<title>Actividades de la biblioteca - Ayuntamiento de Aldaia<\/title>\n<meta name=\"description\" content=\"La biblioteca te ofrece un abanico de actividades relacionadas con la lectura y la cultura. Son gratuitas y muy diversas.\" \/>\n<meta name=\"robots\" content=\"index, follow, max-snippet:-1, max-image-preview:large, max-video-preview:-1\" \/>\n<link rel=\"canonical\" href=\"https:\/\/aldaia.es\/es\/biblioteca\/actividades-de-la-biblioteca\/\" \/>\n<meta property=\"og:locale\" content=\"es_ES\" \/>\n<meta property=\"og:type\" content=\"article\" \/>\n<meta property=\"og:title\" content=\"Actividades de la biblioteca - Ayuntamiento de Aldaia\" \/>\n<meta property=\"og:description\" content=\"La biblioteca te ofrece un abanico de actividades relacionadas con la lectura y la cultura. Son gratuitas y muy diversas.\" \/>\n<meta property=\"og:url\" content=\"https:\/\/aldaia.es\/es\/biblioteca\/actividades-de-la-biblioteca\/\" \/>\n<meta property=\"og:site_name\" content=\"Ayuntamiento de Aldaia\" \/>\n<meta property=\"article:modified_time\" content=\"2024-09-16T12:19:58+00:00\" \/>\n<script type=\"application\/ld+json\" class=\"yoast-schema-graph\">{\"@context\":\"https:\/\/schema.org\",\"@graph\":[{\"@type\":\"WebPage\",\"@id\":\"https:\/\/aldaia.es\/es\/biblioteca\/actividades-de-la-biblioteca\/\",\"url\":\"https:\/\/aldaia.es\/es\/biblioteca\/actividades-de-la-biblioteca\/\",\"name\":\"Actividades de la biblioteca - Ayuntamiento de Aldaia\",\"isPartOf\":{\"@id\":\"https:\/\/aldaia.es\/es\/#website\"},\"datePublished\":\"2023-02-02T10:01:44+00:00\",\"dateModified\":\"2024-09-16T12:19:58+00:00\",\"description\":\"La biblioteca te ofrece un abanico de actividades relacionadas con la lectura y la cultura. Son gratuitas y muy diversas.\",\"breadcrumb\":{\"@id\":\"https:\/\/aldaia.es\/es\/biblioteca\/actividades-de-la-biblioteca\/#breadcrumb\"},\"inLanguage\":\"es\",\"potentialAction\":[{\"@type\":\"ReadAction\",\"target\":[\"https:\/\/aldaia.es\/es\/biblioteca\/actividades-de-la-biblioteca\/\"]}]},{\"@type\":\"BreadcrumbList\",\"@id\":\"https:\/\/aldaia.es\/es\/biblioteca\/actividades-de-la-biblioteca\/#breadcrumb\",\"itemListElement\":[{\"@type\":\"ListItem\",\"position\":1,\"name\":\"Portada\",\"item\":\"https:\/\/aldaia.es\/es\/\"},{\"@type\":\"ListItem\",\"position\":2,\"name\":\"Biblioteca\",\"item\":\"https:\/\/aldaia.es\/es\/biblioteca\/\"},{\"@type\":\"ListItem\",\"position\":3,\"name\":\"Actividades de la biblioteca\"}]},{\"@type\":\"WebSite\",\"@id\":\"https:\/\/aldaia.es\/es\/#website\",\"url\":\"https:\/\/aldaia.es\/es\/\",\"name\":\"Ajuntament D'Aldaia\",\"description\":\"\",\"publisher\":{\"@id\":\"https:\/\/aldaia.es\/es\/#organization\"},\"alternateName\":\"Ajuntament D'Aldaia\",\"potentialAction\":[{\"@type\":\"SearchAction\",\"target\":{\"@type\":\"EntryPoint\",\"urlTemplate\":\"https:\/\/aldaia.es\/es\/?s={search_term_string}\"},\"query-input\":{\"@type\":\"PropertyValueSpecification\",\"valueRequired\":true,\"valueName\":\"search_term_string\"}}],\"inLanguage\":\"es\"},{\"@type\":\"Organization\",\"@id\":\"https:\/\/aldaia.es\/es\/#organization\",\"name\":\"Ajuntament D'Aldaia\",\"url\":\"https:\/\/aldaia.es\/es\/\",\"logo\":{\"@type\":\"ImageObject\",\"inLanguage\":\"es\",\"@id\":\"https:\/\/aldaia.es\/es\/#\/schema\/logo\/image\/\",\"url\":\"https:\/\/aldaia.es\/wp-content\/uploads\/2022\/06\/aldaia-negro-1.png\",\"contentUrl\":\"https:\/\/aldaia.es\/wp-content\/uploads\/2022\/06\/aldaia-negro-1.png\",\"width\":152,\"height\":70,\"caption\":\"Ajuntament D'Aldaia\"},\"image\":{\"@id\":\"https:\/\/aldaia.es\/es\/#\/schema\/logo\/image\/\"}}]}<\/script>\n<!-- \/ Yoast SEO plugin. -->","yoast_head_json":{"title":"Actividades de la biblioteca - Ayuntamiento de Aldaia","description":"La biblioteca te ofrece un abanico de actividades relacionadas con la lectura y la cultura. Son gratuitas y muy diversas.","robots":{"index":"index","follow":"follow","max-snippet":"max-snippet:-1","max-image-preview":"max-image-preview:large","max-video-preview":"max-video-preview:-1"},"canonical":"https:\/\/aldaia.es\/es\/biblioteca\/actividades-de-la-biblioteca\/","og_locale":"es_ES","og_type":"article","og_title":"Actividades de la biblioteca - Ayuntamiento de Aldaia","og_description":"La biblioteca te ofrece un abanico de actividades relacionadas con la lectura y la cultura. Son gratuitas y muy diversas.","og_url":"https:\/\/aldaia.es\/es\/biblioteca\/actividades-de-la-biblioteca\/","og_site_name":"Ayuntamiento de Aldaia","article_modified_time":"2024-09-16T12:19:58+00:00","schema":{"@context":"https:\/\/schema.org","@graph":[{"@type":"WebPage","@id":"https:\/\/aldaia.es\/es\/biblioteca\/actividades-de-la-biblioteca\/","url":"https:\/\/aldaia.es\/es\/biblioteca\/actividades-de-la-biblioteca\/","name":"Actividades de la biblioteca - Ayuntamiento de Aldaia","isPartOf":{"@id":"https:\/\/aldaia.es\/es\/#website"},"datePublished":"2023-02-02T10:01:44+00:00","dateModified":"2024-09-16T12:19:58+00:00","description":"La biblioteca te ofrece un abanico de actividades relacionadas con la lectura y la cultura. Son gratuitas y muy diversas.","breadcrumb":{"@id":"https:\/\/aldaia.es\/es\/biblioteca\/actividades-de-la-biblioteca\/#breadcrumb"},"inLanguage":"es","potentialAction":[{"@type":"ReadAction","target":["https:\/\/aldaia.es\/es\/biblioteca\/actividades-de-la-biblioteca\/"]}]},{"@type":"BreadcrumbList","@id":"https:\/\/aldaia.es\/es\/biblioteca\/actividades-de-la-biblioteca\/#breadcrumb","itemListElement":[{"@type":"ListItem","position":1,"name":"Portada","item":"https:\/\/aldaia.es\/es\/"},{"@type":"ListItem","position":2,"name":"Biblioteca","item":"https:\/\/aldaia.es\/es\/biblioteca\/"},{"@type":"ListItem","position":3,"name":"Actividades de la biblioteca"}]},{"@type":"WebSite","@id":"https:\/\/aldaia.es\/es\/#website","url":"https:\/\/aldaia.es\/es\/","name":"Ajuntament D'Aldaia","description":"","publisher":{"@id":"https:\/\/aldaia.es\/es\/#organization"},"alternateName":"Ajuntament D'Aldaia","potentialAction":[{"@type":"SearchAction","target":{"@type":"EntryPoint","urlTemplate":"https:\/\/aldaia.es\/es\/?s={search_term_string}"},"query-input":{"@type":"PropertyValueSpecification","valueRequired":true,"valueName":"search_term_string"}}],"inLanguage":"es"},{"@type":"Organization","@id":"https:\/\/aldaia.es\/es\/#organization","name":"Ajuntament D'Aldaia","url":"https:\/\/aldaia.es\/es\/","logo":{"@type":"ImageObject","inLanguage":"es","@id":"https:\/\/aldaia.es\/es\/#\/schema\/logo\/image\/","url":"https:\/\/aldaia.es\/wp-content\/uploads\/2022\/06\/aldaia-negro-1.png","contentUrl":"https:\/\/aldaia.es\/wp-content\/uploads\/2022\/06\/aldaia-negro-1.png","width":152,"height":70,"caption":"Ajuntament D'Aldaia"},"image":{"@id":"https:\/\/aldaia.es\/es\/#\/schema\/logo\/image\/"}}]}},"_links":{"self":[{"href":"https:\/\/aldaia.es\/es\/wp-json\/wp\/v2\/pages\/6539","targetHints":{"allow":["GET"]}}],"collection":[{"href":"https:\/\/aldaia.es\/es\/wp-json\/wp\/v2\/pages"}],"about":[{"href":"https:\/\/aldaia.es\/es\/wp-json\/wp\/v2\/types\/page"}],"author":[{"embeddable":true,"href":"https:\/\/aldaia.es\/es\/wp-json\/wp\/v2\/users\/12"}],"replies":[{"embeddable":true,"href":"https:\/\/aldaia.es\/es\/wp-json\/wp\/v2\/comments?post=6539"}],"version-history":[{"count":6,"href":"https:\/\/aldaia.es\/es\/wp-json\/wp\/v2\/pages\/6539\/revisions"}],"predecessor-version":[{"id":32138,"href":"https:\/\/aldaia.es\/es\/wp-json\/wp\/v2\/pages\/6539\/revisions\/32138"}],"up":[{"embeddable":true,"href":"https:\/\/aldaia.es\/es\/wp-json\/wp\/v2\/pages\/19321"}],"wp:attachment":[{"href":"https:\/\/aldaia.es\/es\/wp-json\/wp\/v2\/media?parent=6539"}],"curies":[{"name":"wp","href":"https:\/\/api.w.org\/{rel}","templated":true}]}}