{"id":6540,"date":"2023-02-02T10:36:10","date_gmt":"2023-02-02T09:36:10","guid":{"rendered":"https:\/\/aldaia.eu\/biblioteca\/informacion-para-el-prestamo-de-libros\/"},"modified":"2023-02-12T10:19:30","modified_gmt":"2023-02-12T09:19:30","slug":"informacion-para-el-prestamo-de-libros","status":"publish","type":"page","link":"https:\/\/aldaia.es\/es\/biblioteca\/informacion-para-el-prestamo-de-libros\/","title":{"rendered":"Informaci\u00f3n para el pr\u00e9stamo de libros"},"content":{"rendered":"<p>[tdc_zone type=\u00bbtdc_content\u00bb tdc_css=\u00bbeyJhbGwiOnsiZGlzcGxheSI6IiJ9fQ==\u00bb][vc_row tdc_css=\u00bbeyJhbGwiOnsibWFyZ2luLXRvcCI6IjIwIiwiZGlzcGxheSI6IiJ9fQ==\u00bb][vc_column][td_block_title title_tag=\u00bbh4&#8243; custom_title=\u00bbBiblioteca\u00bb f_header_font_size=\u00bb50&#8243; block_template_id=\u00bbtd_block_template_2&#8243; tdc_css=\u00bbeyJhbGwiOnsiYm9yZGVyLWJvdHRvbS13aWR0aCI6IjEwIiwiYm9yZGVyLWNvbG9yIjoiI2M1OTVmNCIsImRpc3BsYXkiOiIifX0=\u00bb][\/vc_column][\/vc_row][vc_row][vc_column width=\u00bb1\/4&#8243; flex_horiz_align=\u00bbcenter\u00bb flex_layout=\u00bbrow\u00bb flex_grow=\u00bbdefault\u00bb tdc_css=\u00bbeyJhbGwiOnsiZGlzcGxheSI6IiJ9fQ==\u00bb][tdm_block_button button_text=\u00bbArchivo Municipal\u00bb button_size=\u00bbtdm-btn-lg\u00bb button_display=\u00bbtdm-block-button-inline\u00bb content_align_horizontal=\u00bbcontent-horiz-center\u00bb button_icon_space=\u00bb26&#8243; tds_button1-background_hover_color=\u00bb#2d2d2d\u00bb tds_button=\u00bb\u00bb tds_button1-background_color=\u00bb#c595f4&#8243; tds_button1-f_btn_text_font_weight=\u00bb700&#8243; tds_button1-f_btn_text_font_size=\u00bb20&#8243; tdc_css=\u00bbeyJhbGwiOnsiZGlzcGxheSI6IiJ9fQ==\u00bb button_width=\u00bb230&#8243; button_url=\u00bbhttps:\/\/aldaia.eu\/es\/biblioteca\/archivo-municipal\/\u00bb tds_button1-f_btn_text_font_line_height=\u00bb1.3&#8243;][\/vc_column][vc_column width=\u00bb1\/4&#8243; flex_layout=\u00bbrow\u00bb flex_horiz_align=\u00bbcenter\u00bb flex_grow=\u00bbdefault\u00bb tdc_css=\u00bbeyJhbGwiOnsiZGlzcGxheSI6IiJ9fQ==\u00bb][tdm_block_button button_text=\u00bbWeb Biblioteca P\u00fablica Aldaia\u00bb button_size=\u00bbtdm-btn-lg\u00bb button_display=\u00bbtdm-block-button-inline\u00bb content_align_horizontal=\u00bbcontent-horiz-center\u00bb tds_button1-background_hover_color=\u00bb#2d2d2d\u00bb tds_button=\u00bb\u00bb tds_button1-background_color=\u00bb#c595f4&#8243; tds_button1-f_btn_text_font_weight=\u00bb700&#8243; tds_button1-f_btn_text_font_size=\u00bb20&#8243; button_width=\u00bb230&#8243; button_icon_space=\u00bb4&#8243; icon_align=\u00bb-39&#8243; tds_button1-f_btn_text_font_line_height=\u00bb1.3&#8243; button_url=\u00bbhttps:\/\/www.bibliotecaspublicas.es\/aldaia\u00bb button_open_in_new_window=\u00bbyes\u00bb][\/vc_column][vc_column width=\u00bb1\/4&#8243;][\/vc_column][vc_column width=\u00bb1\/4&#8243;][\/vc_column][\/vc_row][vc_row][vc_column width=\u00bb1\/4&#8243; flex_layout=\u00bbrow\u00bb flex_horiz_align=\u00bbcenter\u00bb tdc_css=\u00bbeyJhbGwiOnsicGFkZGluZy10b3AiOiIxMCIsImRpc3BsYXkiOiIifX0=\u00bb][\/vc_column][vc_column width=\u00bb1\/4&#8243; tdc_css=\u00bbeyJhbGwiOnsicGFkZGluZy10b3AiOiIxMCIsImRpc3BsYXkiOiIifX0=\u00bb flex_layout=\u00bbrow\u00bb flex_horiz_align=\u00bbcenter\u00bb][\/vc_column][vc_column width=\u00bb1\/4&#8243; tdc_css=\u00bbeyJhbGwiOnsicGFkZGluZy10b3AiOiIxMCIsImRpc3BsYXkiOiIifX0=\u00bb][\/vc_column][vc_column width=\u00bb1\/4&#8243;][\/vc_column][\/vc_row][vc_row tdc_css=\u00bbeyJhbGwiOnsibWFyZ2luLXRvcCI6IjIwIiwiZGlzcGxheSI6IiJ9fQ==\u00bb][vc_column tdc_css=\u00bbeyJhbGwiOnsiZGlzcGxheSI6IiJ9fQ==\u00bb width=\u00bb1\/1&#8243; flex_layout=\u00bbrow\u00bb flex_horiz_align=\u00bbcenter\u00bb][\/vc_column][\/vc_row][vc_row][vc_column width=\u00bb1\/1&#8243;][\/vc_column][\/vc_row][vc_row][vc_column width=\u00bb1\/4&#8243;][td_block_title title_tag=\u00bbh4&#8243; custom_title=\u00bbBiblioteca P\u00fablica Municipal\u00bb block_template_id=\u00bbtd_block_template_2&#8243; f_header_font_size=\u00bb18&#8243; tdc_css=\u00bbeyJhbGwiOnsiYm9yZGVyLWJvdHRvbS13aWR0aCI6IjUiLCJib3JkZXItY29sb3IiOiIjMDAwMDAwIiwiZGlzcGxheSI6IiJ9fQ==\u00bb][vc_column_text]<\/p>\n<p>96 198 87 86<\/p>\n<p>Plaza de la Cultura, s\/n<br \/>\n46960 Aldaia Valencia<\/p>\n<p><a href=\"mailto:biblioteca@ajuntamentaldaia.org\">biblioteca@ajuntamentaldaia.org<\/a><\/p>\n<p><a href=\"https:\/\/www.facebook.com\/Biblioteca-P%C3%BAblica-Municipal-Aldaia-149154348599791\/\" target=\"_blank\" rel=\"noopener\">Facebook<\/a><\/p>\n<p><a href=\"https:\/\/www.instagram.com\/bibliotecaaldaia\/\" target=\"_blank\" rel=\"noopener\">Twitter<\/a><\/p>\n<p><a href=\"https:\/\/www.bibliotecaspublicas.es\/aldaia\" target=\"_blank\" rel=\"noopener\">web<\/a><\/p>\n<p>Horario de lunes a viernes:<\/p>\n<p style=\"padding-left: 40px;\">de 9:30 a 14:00 h. y de 16:30 a 20:30 h.<\/p>\n<p>[\/vc_column_text][vc_raw_html]JTNDaWZyYW1lJTIwc3JjJTNEJTIyaHR0cHMlM0ElMkYlMkZ3d3cuZ29vZ2xlLmNvbSUyRm1hcHMlMkZlbWJlZCUzRnBiJTNEITFtMTMhMW04ITFtMyExZDI0NjQyLjAzNTk1NTYyODc4ITJkLTAuNDY5NjY2ITNkMzkuNDYzNTc5ITNtMiExaTEwMjQhMmk3NjghNGYxMy4xITNtMiExbTEhMnpNem5Dc0RJM0p6UTRMamtpVGlBd3dyQXlPQ2N4TUM0NElsYyE1ZTAhM20yITFzZXMhMnN1cyE0djE2NzUzMjIzMzc1MDQhNW0yITFzZXMhMnN1cyUyMiUyMHdpZHRoJTNEJTIyMjUwJTIyJTIwaGVpZ2h0JTNEJTIyMjUwJTIyJTIwc3R5bGUlM0QlMjJib3JkZXIlM0EwJTNCJTIyJTIwYWxsb3dmdWxsc2NyZWVuJTNEJTIyJTIyJTIwbG9hZGluZyUzRCUyMmxhenklMjIlMjByZWZlcnJlcnBvbGljeSUzRCUyMm5vLXJlZmVycmVyLXdoZW4tZG93bmdyYWRlJTIyJTNFJTNDJTJGaWZyYW1lJTNF[\/vc_raw_html][vc_column_text]<\/p>\n<h4><strong>Biblioteca Municipal de Aldaia<\/strong><\/h4>\n<p style=\"padding-left: 40px;\">96 198 87 86<\/p>\n<p style=\"padding-left: 40px;\">Plaza de la Cultura s\/n,<br \/>\n46960 Aldaia Valencia<\/p>\n<h4><strong>Edificio Servicios Municipales<\/strong><\/h4>\n<p style=\"padding-left: 40px;\">96 198 87 86<\/p>\n<p style=\"padding-left: 40px;\">Plaza de la Cultura s\/n,<br \/>\n46960 Aldaia Valencia<br \/>\nPOINT:<br \/>\n(-0.4674768 39.4635794)<\/p>\n<p>[\/vc_column_text][\/vc_column][vc_column width=\u00bb3\/4&#8243;][tdb_title f_title_font_size=\u00bb50&#8243; el_class=\u00bbbordeTitulo\u00bb tdc_css=\u00bbeyJhbGwiOnsiYm9yZGVyLWJvdHRvbS13aWR0aCI6IjUiLCJwYWRkaW5nLWJvdHRvbSI6IjgiLCJib3JkZXItY29sb3IiOiIjMDAwMDAwIiwiZGlzcGxheSI6IiJ9fQ==\u00bb title_color=\u00bbeyJ0eXBlIjoiZ3JhZGllbnQiLCJjb2xvcjEiOiIjYzU5NWY0IiwiY29sb3IyIjoiI2M1OTVmNCIsIm1peGVkQ29sb3JzIjpbXSwiZGVncmVlIjoiLTkwIiwiY3NzIjoiYmFja2dyb3VuZC1jb2xvcjogI2M1OTVmNDsiLCJjc3NQYXJhbXMiOiIwZGVnLCNjNTk1ZjQsI2M1OTVmNCJ9&#8243; f_title_font_line_height=\u00bb1&#8243;][vc_column_text]<\/p>\n<h2 data-wahfont=\"24\">Pr\u00e9stamo<\/h2>\n<p data-wahstyle=\"1\" data-wahfont=\"14\">En la Biblioteca de Aldaia tienes todo un abanico de materiales para llevarte a casa en pr\u00e9stamo: libros, revistas, dvds, cds y libros electr\u00f3nicos.<\/p>\n<p data-wahstyle=\"1\" data-wahfont=\"14\">Tan s\u00f3lo necesitas tu carn\u00e9 de la biblioteca y podr\u00e1s disponer c\u00f3modamente de todos esos documentos por un per\u00edodo de tiempo determinado, seg\u00fan el tipo de documento que sea.<\/p>\n<p data-wahstyle=\"1\" data-wahfont=\"14\">Recuerda que el pr\u00e9stamo puede renovarse por tel\u00e9fono, o por internet, siempre que no est\u00e9 retrasado ni reservado por otra persona.<\/p>\n<p data-wahstyle=\"1\" data-wahfont=\"14\">El retraso en la devoluci\u00f3n del material ser\u00e1 sancionado con la suspensi\u00f3n temporal del carn\u00e9.<\/p>\n<h2 data-wahfont=\"24\">C\u00f3mo hacer el carn\u00e9<\/h2>\n<p data-wahstyle=\"1\" data-wahfont=\"14\">El carn\u00e9 de la Biblioteca de Aldaia es gratuito, personal e intransferible, y su uso supone la aceptaci\u00f3n de la Normativa reguladora para la obtenci\u00f3n del carn\u00e9 de la Red de Lectura P\u00fablica Valenciana (XLPV), a la que pertenece la Biblioteca de Aldaia. Ser\u00e1 v\u00e1lido para todas las bibliotecas valencianas que formen parte de la XLPV.<\/p>\n<p data-wahstyle=\"1\" data-wahfont=\"14\">Para solicitar tu carn\u00e9:<\/p>\n<ul data-wahstyle=\"1\">\n<li data-wahstyle=\"1\" data-wahfont=\"14\">puedes hacerlo en la Biblioteca, llevando el DNI, NIE y Certificado de Empadronamiento (en caso de no tener DNI)<\/li>\n<\/ul>\n<ul data-wahstyle=\"1\">\n<li data-wahstyle=\"1\" data-wahfont=\"14\">tambi\u00e9n puedes rellenar el siguiente formulario y enviarlo al email de la Biblioteca, firmado y adjuntando una foto a color tama\u00f1o carn\u00e9.<\/li>\n<\/ul>\n<p class=\"link\" data-wahstyle=\"1\" data-wahfont=\"14\"><span data-wahstyle=\"1\" data-wahfont=\"14\"><a href=\"http:\/\/www.ceice.gva.es\/documents\/161918732\/163396893\/FORMULARI+CARNETS+eXLPV+2019-1.pdf\/7dd26f4c-0ad8-4940-9dde-812b163e628c\" data-wahfont=\"14\">Formulario carn\u00e9 Biblioteca<\/a><\/span><\/p>\n<p data-wahstyle=\"1\" data-wahfont=\"14\">El carn\u00e9 de menores de 14 a\u00f1os, lo solicitar\u00e1 el tutor o tutora y deber\u00e1 aportarse el DNI de la persona adulta y de la menor (si lo tuviera).<\/p>\n<p data-wahstyle=\"1\" data-wahfont=\"14\">El uso del carn\u00e9 por parte de otras personas distintas al titular del mismo puede ser objeto de suspensi\u00f3n del servicio. S\u00f3lo los padres y madres podr\u00e1n utilizar el carn\u00e9 de sus hijos e hijas para retirar en pr\u00e9stamo documentos dirigidos a p\u00fablico infantil.<\/p>\n<p data-wahstyle=\"1\" data-wahfont=\"14\">Es imprescindible que lleve su carn\u00e9 de Biblioteca para realizar el pr\u00e9stamo.<\/p>\n<p data-wahstyle=\"1\" data-wahfont=\"14\">El carn\u00e9 en vigor es necesario para pr\u00e9stamo, pr\u00e9stamo interbibliotecario, acceso a Internet con los ordenadores de la Biblioteca oa trav\u00e9s de la red wifi, ofim\u00e1tica, la impresi\u00f3n de documentos y utilizar eBiblio.<\/p>\n<p data-wahstyle=\"1\" data-wahfont=\"14\">Tiene algunas ventajas como los descuentos en los teatros de la Red de Teatros de la Generalitat.<\/p>\n<h2 data-wahfont=\"24\">C\u00f3mo hacer uso del pr\u00e9stamo interbibliotecario.<\/h2>\n<p data-wahfont=\"16\"><span data-wahstyle=\"1\" data-wahfont=\"14\">Se pueden solicitar libros de otras bibliotecas de la Red de lectura p\u00fablica valenciana, siempre que no haya ejemplares en la Biblioteca de Aldaia o de otras bibliotecas que est\u00e9n a unos veinticinco kil\u00f3metros de Aldaia y siempre que la biblioteca a la que le hacemos la petici\u00f3n considere factible enviar el ejemplar.<\/span><\/p>\n<h2 data-wahfont=\"24\">Carn\u00e9 para lectura en familia<\/h2>\n<p data-wahfont=\"16\"><span data-wahstyle=\"1\" data-wahfont=\"14\">Leer en voz alta a los peque\u00f1os que todav\u00eda no saben leer es fundamental. Les ayuda a conocer sus palabras y su significado, a desarrollar su lenguaje, a conocer el mundo que les rodea, a estimular su imaginaci\u00f3n y creatividad.<\/span><\/p>\n<p data-wahfont=\"16\"><span data-wahstyle=\"1\" data-wahfont=\"14\">Tambi\u00e9n favorece una mejor relaci\u00f3n entre el adulto y el ni\u00f1o, fomenta el placer de escuchar y ayuda a superar sus miedos.<\/span><\/p>\n<p data-wahfont=\"16\"><span data-wahstyle=\"1\" data-wahfont=\"14\">Por todo esto tenemos un carn\u00e9 muy especial de lectura para los m\u00e1s peque\u00f1os de la casa. Porque cuando se lee en compa\u00f1\u00eda es un regalo.<\/span><\/p>\n<h2 data-wahfont=\"24\"><img loading=\"lazy\" decoding=\"async\" class=\"alignnone wp-image-4609\" src=\"https:\/\/aldaia.es\/wp-content\/uploads\/2023\/02\/carnet_familiar-300x185.jpeg\" alt=\"\" width=\"756\" height=\"466\" srcset=\"https:\/\/aldaia.es\/wp-content\/uploads\/2023\/02\/carnet_familiar-300x185.jpeg 300w, https:\/\/aldaia.es\/wp-content\/uploads\/2023\/02\/carnet_familiar-768x473.jpeg 768w, https:\/\/aldaia.es\/wp-content\/uploads\/2023\/02\/carnet_familiar-150x92.jpeg 150w, https:\/\/aldaia.es\/wp-content\/uploads\/2023\/02\/carnet_familiar-696x429.jpeg 696w, https:\/\/aldaia.es\/wp-content\/uploads\/2023\/02\/carnet_familiar.jpeg 1024w\" sizes=\"auto, (max-width: 756px) 100vw, 756px\" \/><\/h2>\n<p>[\/vc_column_text][\/vc_column][\/vc_row][vc_row tdc_css=\u00bbeyJhbGwiOnsibWFyZ2luLXRvcCI6IjIwIiwiZGlzcGxheSI6IiJ9fQ==\u00bb][vc_column][\/vc_column][\/vc_row][vc_row][vc_column width=\u00bb1\/4&#8243;][\/vc_column][vc_column width=\u00bb3\/4&#8243;][\/vc_column][\/vc_row][vc_row][vc_column width=\u00bb1\/4&#8243;][\/vc_column][vc_column width=\u00bb3\/4&#8243;][\/vc_column][\/vc_row][vc_row flex_vert_align=\u00bbcenter\u00bb content_align_vertical=\u00bbcontent-vert-center\u00bb][vc_column width=\u00bb1\/4&#8243;][\/vc_column][vc_column width=\u00bb3\/4&#8243; flex_vert_align=\u00bbcenter\u00bb][\/vc_column][\/vc_row][vc_row][vc_column][\/vc_column][\/vc_row][\/tdc_zone]<\/p>\n","protected":false},"excerpt":{"rendered":"<p>[tdc_zone type=\u00bbtdc_content\u00bb tdc_css=\u00bbeyJhbGwiOnsiZGlzcGxheSI6IiJ9fQ==\u00bb][vc_row tdc_css=\u00bbeyJhbGwiOnsibWFyZ2luLXRvcCI6IjIwIiwiZGlzcGxheSI6IiJ9fQ==\u00bb][vc_column][td_block_title title_tag=\u00bbh4&#8243; custom_title=\u00bbBiblioteca\u00bb f_header_font_size=\u00bb50&#8243; block_template_id=\u00bbtd_block_template_2&#8243; tdc_css=\u00bbeyJhbGwiOnsiYm9yZGVyLWJvdHRvbS13aWR0aCI6IjEwIiwiYm9yZGVyLWNvbG9yIjoiI2M1OTVmNCIsImRpc3BsYXkiOiIifX0=\u00bb][\/vc_column][\/vc_row][vc_row][vc_column width=\u00bb1\/4&#8243; flex_horiz_align=\u00bbcenter\u00bb flex_layout=\u00bbrow\u00bb flex_grow=\u00bbdefault\u00bb tdc_css=\u00bbeyJhbGwiOnsiZGlzcGxheSI6IiJ9fQ==\u00bb][tdm_block_button button_text=\u00bbArchivo Municipal\u00bb button_size=\u00bbtdm-btn-lg\u00bb button_display=\u00bbtdm-block-button-inline\u00bb content_align_horizontal=\u00bbcontent-horiz-center\u00bb button_icon_space=\u00bb26&#8243; tds_button1-background_hover_color=\u00bb#2d2d2d\u00bb tds_button=\u00bb\u00bb tds_button1-background_color=\u00bb#c595f4&#8243; tds_button1-f_btn_text_font_weight=\u00bb700&#8243; tds_button1-f_btn_text_font_size=\u00bb20&#8243; tdc_css=\u00bbeyJhbGwiOnsiZGlzcGxheSI6IiJ9fQ==\u00bb button_width=\u00bb230&#8243; button_url=\u00bbhttps:\/\/aldaia.eu\/es\/biblioteca\/archivo-municipal\/\u00bb tds_button1-f_btn_text_font_line_height=\u00bb1.3&#8243;][\/vc_column][vc_column width=\u00bb1\/4&#8243; <a class=\"text-decoration-none text-black\" href=\"https:\/\/aldaia.es\/es\/biblioteca\/informacion-para-el-prestamo-de-libros\/\"> &#8230; <\/a><\/p>\n","protected":false},"author":12,"featured_media":0,"parent":19321,"menu_order":0,"comment_status":"closed","ping_status":"closed","template":"","meta":{"_acf_changed":false,"footnotes":""},"class_list":["post-6540","page","type-page","status-publish","hentry"],"acf":[],"yoast_head":"<!-- This site is optimized with the Yoast SEO plugin v27.0 - https:\/\/yoast.com\/product\/yoast-seo-wordpress\/ -->\n<title>Informaci\u00f3n para el pr\u00e9stamo de libros - Ayuntamiento de Aldaia<\/title>\n<meta name=\"robots\" content=\"index, follow, max-snippet:-1, max-image-preview:large, max-video-preview:-1\" \/>\n<link rel=\"canonical\" href=\"https:\/\/aldaia.es\/es\/biblioteca\/informacion-para-el-prestamo-de-libros\/\" \/>\n<meta property=\"og:locale\" content=\"es_ES\" \/>\n<meta property=\"og:type\" content=\"article\" \/>\n<meta property=\"og:title\" content=\"Informaci\u00f3n para el pr\u00e9stamo de libros - Ayuntamiento de Aldaia\" \/>\n<meta property=\"og:description\" content=\"[tdc_zone type=\u00bbtdc_content\u00bb tdc_css=\u00bbeyJhbGwiOnsiZGlzcGxheSI6IiJ9fQ==\u00bb][vc_row tdc_css=\u00bbeyJhbGwiOnsibWFyZ2luLXRvcCI6IjIwIiwiZGlzcGxheSI6IiJ9fQ==\u00bb][vc_column][td_block_title title_tag=\u00bbh4&#8243; custom_title=\u00bbBiblioteca\u00bb f_header_font_size=\u00bb50&#8243; block_template_id=\u00bbtd_block_template_2&#8243; tdc_css=\u00bbeyJhbGwiOnsiYm9yZGVyLWJvdHRvbS13aWR0aCI6IjEwIiwiYm9yZGVyLWNvbG9yIjoiI2M1OTVmNCIsImRpc3BsYXkiOiIifX0=\u00bb][\/vc_column][\/vc_row][vc_row][vc_column width=\u00bb1\/4&#8243; flex_horiz_align=\u00bbcenter\u00bb flex_layout=\u00bbrow\u00bb flex_grow=\u00bbdefault\u00bb tdc_css=\u00bbeyJhbGwiOnsiZGlzcGxheSI6IiJ9fQ==\u00bb][tdm_block_button button_text=\u00bbArchivo Municipal\u00bb button_size=\u00bbtdm-btn-lg\u00bb button_display=\u00bbtdm-block-button-inline\u00bb content_align_horizontal=\u00bbcontent-horiz-center\u00bb button_icon_space=\u00bb26&#8243; tds_button1-background_hover_color=\u00bb#2d2d2d\u00bb tds_button=\u00bb\u00bb tds_button1-background_color=\u00bb#c595f4&#8243; tds_button1-f_btn_text_font_weight=\u00bb700&#8243; tds_button1-f_btn_text_font_size=\u00bb20&#8243; tdc_css=\u00bbeyJhbGwiOnsiZGlzcGxheSI6IiJ9fQ==\u00bb button_width=\u00bb230&#8243; button_url=\u00bbhttps:\/\/aldaia.eu\/es\/biblioteca\/archivo-municipal\/\u00bb tds_button1-f_btn_text_font_line_height=\u00bb1.3&#8243;][\/vc_column][vc_column width=\u00bb1\/4&#8243; ...\" \/>\n<meta property=\"og:url\" content=\"https:\/\/aldaia.es\/es\/biblioteca\/informacion-para-el-prestamo-de-libros\/\" \/>\n<meta property=\"og:site_name\" content=\"Ayuntamiento de Aldaia\" \/>\n<meta property=\"article:modified_time\" content=\"2023-02-12T09:19:30+00:00\" \/>\n<meta property=\"og:image\" content=\"https:\/\/aldaia.eu\/wp-content\/uploads\/2023\/02\/carnet_familiar-300x185.jpeg\" \/>\n<script type=\"application\/ld+json\" class=\"yoast-schema-graph\">{\"@context\":\"https:\/\/schema.org\",\"@graph\":[{\"@type\":\"WebPage\",\"@id\":\"https:\/\/aldaia.es\/es\/biblioteca\/informacion-para-el-prestamo-de-libros\/\",\"url\":\"https:\/\/aldaia.es\/es\/biblioteca\/informacion-para-el-prestamo-de-libros\/\",\"name\":\"Informaci\u00f3n para el pr\u00e9stamo de libros - Ayuntamiento de Aldaia\",\"isPartOf\":{\"@id\":\"https:\/\/aldaia.es\/es\/#website\"},\"primaryImageOfPage\":{\"@id\":\"https:\/\/aldaia.es\/es\/biblioteca\/informacion-para-el-prestamo-de-libros\/#primaryimage\"},\"image\":{\"@id\":\"https:\/\/aldaia.es\/es\/biblioteca\/informacion-para-el-prestamo-de-libros\/#primaryimage\"},\"thumbnailUrl\":\"https:\/\/aldaia.es\/wp-content\/uploads\/2023\/02\/carnet_familiar-300x185.jpeg\",\"datePublished\":\"2023-02-02T09:36:10+00:00\",\"dateModified\":\"2023-02-12T09:19:30+00:00\",\"breadcrumb\":{\"@id\":\"https:\/\/aldaia.es\/es\/biblioteca\/informacion-para-el-prestamo-de-libros\/#breadcrumb\"},\"inLanguage\":\"es\",\"potentialAction\":[{\"@type\":\"ReadAction\",\"target\":[\"https:\/\/aldaia.es\/es\/biblioteca\/informacion-para-el-prestamo-de-libros\/\"]}]},{\"@type\":\"ImageObject\",\"inLanguage\":\"es\",\"@id\":\"https:\/\/aldaia.es\/es\/biblioteca\/informacion-para-el-prestamo-de-libros\/#primaryimage\",\"url\":\"https:\/\/aldaia.es\/wp-content\/uploads\/2023\/02\/carnet_familiar-300x185.jpeg\",\"contentUrl\":\"https:\/\/aldaia.es\/wp-content\/uploads\/2023\/02\/carnet_familiar-300x185.jpeg\"},{\"@type\":\"BreadcrumbList\",\"@id\":\"https:\/\/aldaia.es\/es\/biblioteca\/informacion-para-el-prestamo-de-libros\/#breadcrumb\",\"itemListElement\":[{\"@type\":\"ListItem\",\"position\":1,\"name\":\"Portada\",\"item\":\"https:\/\/aldaia.es\/es\/\"},{\"@type\":\"ListItem\",\"position\":2,\"name\":\"Biblioteca\",\"item\":\"https:\/\/aldaia.es\/es\/biblioteca\/\"},{\"@type\":\"ListItem\",\"position\":3,\"name\":\"Informaci\u00f3n para el pr\u00e9stamo de libros\"}]},{\"@type\":\"WebSite\",\"@id\":\"https:\/\/aldaia.es\/es\/#website\",\"url\":\"https:\/\/aldaia.es\/es\/\",\"name\":\"Ajuntament D'Aldaia\",\"description\":\"\",\"publisher\":{\"@id\":\"https:\/\/aldaia.es\/es\/#organization\"},\"alternateName\":\"Ajuntament D'Aldaia\",\"potentialAction\":[{\"@type\":\"SearchAction\",\"target\":{\"@type\":\"EntryPoint\",\"urlTemplate\":\"https:\/\/aldaia.es\/es\/?s={search_term_string}\"},\"query-input\":{\"@type\":\"PropertyValueSpecification\",\"valueRequired\":true,\"valueName\":\"search_term_string\"}}],\"inLanguage\":\"es\"},{\"@type\":\"Organization\",\"@id\":\"https:\/\/aldaia.es\/es\/#organization\",\"name\":\"Ajuntament D'Aldaia\",\"url\":\"https:\/\/aldaia.es\/es\/\",\"logo\":{\"@type\":\"ImageObject\",\"inLanguage\":\"es\",\"@id\":\"https:\/\/aldaia.es\/es\/#\/schema\/logo\/image\/\",\"url\":\"https:\/\/aldaia.es\/wp-content\/uploads\/2022\/06\/aldaia-negro-1.png\",\"contentUrl\":\"https:\/\/aldaia.es\/wp-content\/uploads\/2022\/06\/aldaia-negro-1.png\",\"width\":152,\"height\":70,\"caption\":\"Ajuntament D'Aldaia\"},\"image\":{\"@id\":\"https:\/\/aldaia.es\/es\/#\/schema\/logo\/image\/\"}}]}<\/script>\n<!-- \/ Yoast SEO plugin. -->","yoast_head_json":{"title":"Informaci\u00f3n para el pr\u00e9stamo de libros - Ayuntamiento de Aldaia","robots":{"index":"index","follow":"follow","max-snippet":"max-snippet:-1","max-image-preview":"max-image-preview:large","max-video-preview":"max-video-preview:-1"},"canonical":"https:\/\/aldaia.es\/es\/biblioteca\/informacion-para-el-prestamo-de-libros\/","og_locale":"es_ES","og_type":"article","og_title":"Informaci\u00f3n para el pr\u00e9stamo de libros - Ayuntamiento de Aldaia","og_description":"[tdc_zone type=\u00bbtdc_content\u00bb tdc_css=\u00bbeyJhbGwiOnsiZGlzcGxheSI6IiJ9fQ==\u00bb][vc_row tdc_css=\u00bbeyJhbGwiOnsibWFyZ2luLXRvcCI6IjIwIiwiZGlzcGxheSI6IiJ9fQ==\u00bb][vc_column][td_block_title title_tag=\u00bbh4&#8243; custom_title=\u00bbBiblioteca\u00bb f_header_font_size=\u00bb50&#8243; block_template_id=\u00bbtd_block_template_2&#8243; tdc_css=\u00bbeyJhbGwiOnsiYm9yZGVyLWJvdHRvbS13aWR0aCI6IjEwIiwiYm9yZGVyLWNvbG9yIjoiI2M1OTVmNCIsImRpc3BsYXkiOiIifX0=\u00bb][\/vc_column][\/vc_row][vc_row][vc_column width=\u00bb1\/4&#8243; flex_horiz_align=\u00bbcenter\u00bb flex_layout=\u00bbrow\u00bb flex_grow=\u00bbdefault\u00bb tdc_css=\u00bbeyJhbGwiOnsiZGlzcGxheSI6IiJ9fQ==\u00bb][tdm_block_button button_text=\u00bbArchivo Municipal\u00bb button_size=\u00bbtdm-btn-lg\u00bb button_display=\u00bbtdm-block-button-inline\u00bb content_align_horizontal=\u00bbcontent-horiz-center\u00bb button_icon_space=\u00bb26&#8243; tds_button1-background_hover_color=\u00bb#2d2d2d\u00bb tds_button=\u00bb\u00bb tds_button1-background_color=\u00bb#c595f4&#8243; tds_button1-f_btn_text_font_weight=\u00bb700&#8243; tds_button1-f_btn_text_font_size=\u00bb20&#8243; tdc_css=\u00bbeyJhbGwiOnsiZGlzcGxheSI6IiJ9fQ==\u00bb button_width=\u00bb230&#8243; button_url=\u00bbhttps:\/\/aldaia.eu\/es\/biblioteca\/archivo-municipal\/\u00bb tds_button1-f_btn_text_font_line_height=\u00bb1.3&#8243;][\/vc_column][vc_column width=\u00bb1\/4&#8243; ...","og_url":"https:\/\/aldaia.es\/es\/biblioteca\/informacion-para-el-prestamo-de-libros\/","og_site_name":"Ayuntamiento de Aldaia","article_modified_time":"2023-02-12T09:19:30+00:00","og_image":[{"url":"https:\/\/aldaia.eu\/wp-content\/uploads\/2023\/02\/carnet_familiar-300x185.jpeg","type":"","width":"","height":""}],"schema":{"@context":"https:\/\/schema.org","@graph":[{"@type":"WebPage","@id":"https:\/\/aldaia.es\/es\/biblioteca\/informacion-para-el-prestamo-de-libros\/","url":"https:\/\/aldaia.es\/es\/biblioteca\/informacion-para-el-prestamo-de-libros\/","name":"Informaci\u00f3n para el pr\u00e9stamo de libros - Ayuntamiento de Aldaia","isPartOf":{"@id":"https:\/\/aldaia.es\/es\/#website"},"primaryImageOfPage":{"@id":"https:\/\/aldaia.es\/es\/biblioteca\/informacion-para-el-prestamo-de-libros\/#primaryimage"},"image":{"@id":"https:\/\/aldaia.es\/es\/biblioteca\/informacion-para-el-prestamo-de-libros\/#primaryimage"},"thumbnailUrl":"https:\/\/aldaia.es\/wp-content\/uploads\/2023\/02\/carnet_familiar-300x185.jpeg","datePublished":"2023-02-02T09:36:10+00:00","dateModified":"2023-02-12T09:19:30+00:00","breadcrumb":{"@id":"https:\/\/aldaia.es\/es\/biblioteca\/informacion-para-el-prestamo-de-libros\/#breadcrumb"},"inLanguage":"es","potentialAction":[{"@type":"ReadAction","target":["https:\/\/aldaia.es\/es\/biblioteca\/informacion-para-el-prestamo-de-libros\/"]}]},{"@type":"ImageObject","inLanguage":"es","@id":"https:\/\/aldaia.es\/es\/biblioteca\/informacion-para-el-prestamo-de-libros\/#primaryimage","url":"https:\/\/aldaia.es\/wp-content\/uploads\/2023\/02\/carnet_familiar-300x185.jpeg","contentUrl":"https:\/\/aldaia.es\/wp-content\/uploads\/2023\/02\/carnet_familiar-300x185.jpeg"},{"@type":"BreadcrumbList","@id":"https:\/\/aldaia.es\/es\/biblioteca\/informacion-para-el-prestamo-de-libros\/#breadcrumb","itemListElement":[{"@type":"ListItem","position":1,"name":"Portada","item":"https:\/\/aldaia.es\/es\/"},{"@type":"ListItem","position":2,"name":"Biblioteca","item":"https:\/\/aldaia.es\/es\/biblioteca\/"},{"@type":"ListItem","position":3,"name":"Informaci\u00f3n para el pr\u00e9stamo de libros"}]},{"@type":"WebSite","@id":"https:\/\/aldaia.es\/es\/#website","url":"https:\/\/aldaia.es\/es\/","name":"Ajuntament D'Aldaia","description":"","publisher":{"@id":"https:\/\/aldaia.es\/es\/#organization"},"alternateName":"Ajuntament D'Aldaia","potentialAction":[{"@type":"SearchAction","target":{"@type":"EntryPoint","urlTemplate":"https:\/\/aldaia.es\/es\/?s={search_term_string}"},"query-input":{"@type":"PropertyValueSpecification","valueRequired":true,"valueName":"search_term_string"}}],"inLanguage":"es"},{"@type":"Organization","@id":"https:\/\/aldaia.es\/es\/#organization","name":"Ajuntament D'Aldaia","url":"https:\/\/aldaia.es\/es\/","logo":{"@type":"ImageObject","inLanguage":"es","@id":"https:\/\/aldaia.es\/es\/#\/schema\/logo\/image\/","url":"https:\/\/aldaia.es\/wp-content\/uploads\/2022\/06\/aldaia-negro-1.png","contentUrl":"https:\/\/aldaia.es\/wp-content\/uploads\/2022\/06\/aldaia-negro-1.png","width":152,"height":70,"caption":"Ajuntament D'Aldaia"},"image":{"@id":"https:\/\/aldaia.es\/es\/#\/schema\/logo\/image\/"}}]}},"_links":{"self":[{"href":"https:\/\/aldaia.es\/es\/wp-json\/wp\/v2\/pages\/6540","targetHints":{"allow":["GET"]}}],"collection":[{"href":"https:\/\/aldaia.es\/es\/wp-json\/wp\/v2\/pages"}],"about":[{"href":"https:\/\/aldaia.es\/es\/wp-json\/wp\/v2\/types\/page"}],"author":[{"embeddable":true,"href":"https:\/\/aldaia.es\/es\/wp-json\/wp\/v2\/users\/12"}],"replies":[{"embeddable":true,"href":"https:\/\/aldaia.es\/es\/wp-json\/wp\/v2\/comments?post=6540"}],"version-history":[{"count":2,"href":"https:\/\/aldaia.es\/es\/wp-json\/wp\/v2\/pages\/6540\/revisions"}],"predecessor-version":[{"id":7085,"href":"https:\/\/aldaia.es\/es\/wp-json\/wp\/v2\/pages\/6540\/revisions\/7085"}],"up":[{"embeddable":true,"href":"https:\/\/aldaia.es\/es\/wp-json\/wp\/v2\/pages\/19321"}],"wp:attachment":[{"href":"https:\/\/aldaia.es\/es\/wp-json\/wp\/v2\/media?parent=6540"}],"curies":[{"name":"wp","href":"https:\/\/api.w.org\/{rel}","templated":true}]}}