{"id":6541,"date":"2023-02-02T10:44:45","date_gmt":"2023-02-02T09:44:45","guid":{"rendered":"https:\/\/aldaia.eu\/biblioteca\/publicaciones-del-ayuntamiento-de-aldaia\/"},"modified":"2024-09-16T13:34:54","modified_gmt":"2024-09-16T11:34:54","slug":"publicaciones-del-ayuntamiento-de-aldaia","status":"publish","type":"page","link":"https:\/\/aldaia.es\/es\/biblioteca\/publicaciones-del-ayuntamiento-de-aldaia\/","title":{"rendered":"Publicaciones del Ayuntamiento de Aldaia"},"content":{"rendered":"\n<div class=\"wp-block-columns dep-biblioteca is-layout-flex wp-container-core-columns-is-layout-9d6595d7 wp-block-columns-is-layout-flex\">\n<div class=\"wp-block-column is-layout-flow wp-block-column-is-layout-flow\" style=\"flex-basis:30%\"><!--  Info biblioteca -->\n\n \n\n<div class='bloque-infos-biblioteca wrapper-departamentos'>\n<p class=\"tit-bloque-infos\">Biblioteca P\u00fablica Municipal <\/p>\n        <div class='infos-departamento'>\n            <p>Plaza de la Cultura, s\/n, 46960 Aldaia, Valencia<\/p>\n            <p><i class=\"fa fa-phone\" aria-hidden=\"true\"><\/i> <a href=\"tel:+34961988786\">+34 96 198 87 86<\/a><\/p>\n            <p><strong>Horario:<\/strong><\/p>\n            <p>De lunes a viernes de 9:30h a 14h y de 16:30h a 20:30h<\/p>\n            <p><i class=\"fas fa-envelope\"><\/i> <a href=\"mailto:biblioteca@ajuntamentaldaia.org\">biblioteca@ajuntamentaldaia.org<\/a><\/p>\n            <p><a href=\"https:\/\/www.youtube.com\/@bibliotecapublicadaldaia1230\/videos\" target=\"_blank\" rel=\"noreferrer noopener\"><i class=\"fab fa-youtube\"><\/i> Youtube <\/a> <a href=\" https:\/\/www.instagram.com\/Bibliotecaaldaia\" target=\"_blank\" rel=\"noreferrer noopener\"><i class=\"fab fa-square-instagram\"><\/i> Instagram<\/a>  <\/p>  \n           \n           \n        <\/div>\n\n        <div class='mapa-1'>\n            <iframe src=\"https:\/\/www.google.com\/maps\/embed?pb=!1m18!1m12!1m3!1d1255.310476274827!2d-0.46820543894206657!3d39.46383639499155!2m3!1f0!2f0!3f0!3m2!1i1024!2i768!4f13.1!3m3!1m2!1s0xd60503e43338013%3A0x952a90d840c0c5e1!2sBiblioteca%20P%C3%BAblica%20Municipal%20d&#39;Aldaia!5e0!3m2!1ses!2ses!4v1726483429156!5m2!1ses!2ses\" width=\"100%\" height=\"450\" style=\"border:0;\" allowfullscreen=\"\" loading=\"lazy\" referrerpolicy=\"no-referrer-when-downgrade\"><\/iframe>\n        <\/div>\n\n    <\/div>\n    <!-- end bloque infos -->\n   \n\n    \n\n\n<\/div>\n\n\n\n<div class=\"wp-block-column is-layout-flow wp-block-column-is-layout-flow\" style=\"flex-basis:70%\">\n<h1 class=\"wp-block-heading\">Publicaciones del Ayuntamiento de Aldaia<\/h1>\n\n\n\n<h3 class=\"wp-block-heading\"><strong>La iglesia parroquial de Nuetra Se\u00f1ora de la Anunciaci\u00f3n de Aldaya<\/strong><\/h3>\n\n\n\n<p>Autores: Jos\u00e9 Ram\u00f3n Sanchis, Daniel Benito Goerlich A\u00f1o de publicaci\u00f3n: 1977<\/p>\n\n\n\n<h3 class=\"wp-block-heading\"><strong>Un a\u00f1o en el centro socio-cultural Joaquin Sorolla, Aldaia \u201991<\/strong><\/h3>\n\n\n\n<p>Ayuntamiento de Aldaia<br>A\u00f1o de edici\u00f3n: 1991<\/p>\n\n\n\n<h3 class=\"wp-block-heading\"><strong>1er concurso Cobijo relatos cortos y poemas<\/strong><\/h3>\n\n\n\n<p>Autores\/as: Asociaci\u00f3n Aixopluc Arte y Comunicaci\u00f3n<br>N\u00famero de p\u00e1ginas: 46<br>A\u00f1o de edici\u00f3n: 1996<\/p>\n\n\n\n<h3 class=\"wp-block-heading\"><strong>Orfe\u00f3n de Aldaia: 25 a\u00f1os de historia: 1972-1997<\/strong><\/h3>\n\n\n\n<p>N\u00famero de p\u00e1ginas: 79<br>A\u00f1o de edici\u00f3n: 1997<\/p>\n\n\n\n<h3 class=\"wp-block-heading\"><strong>Documentos hist\u00f3ricos de Aldaia<\/strong><\/h3>\n\n\n\n<ul class=\"wp-block-list\">\n<li>Concordia, con su aprobaci\u00f3n, estipulada entre partes de los acreedores censalistas del lugar de Aldaya, y la Justicia, y el Regimiento del mismo, autorizada por Antonio Manuel Salafranca, Escrivano, en 9 de Mayo 1733.<\/li>\n\n\n\n<li>Manifiesto que hace el M.ro D. N Fr Geronimo[\u2026] mayoral de las poblaciones de Quart y Aldaya, de los reales privilegios[\u2026] en justificaci\u00f3n del dominio mayor y directo que tiene el Real Monasterio de Nuestra Se\u00f1ora de Ponlet[\u2026]para hacer evidente la injusta repugnancia de algunos vasallos emphiteutas de Aldaya, que han hecho cuerpo, \u00e1 cabrevar sus respectivas emphiteusis.<\/li>\n<\/ul>\n\n\n\n<p>A\u00f1o de edici\u00f3n: 1998<\/p>\n\n\n\n<h3 class=\"wp-block-heading\"><strong>Paseo por la indumentaria valenciana de los siglos XVIII y XIX<\/strong><\/h3>\n\n\n\n<p>Autor: Vicent Ferrandis Mas<br>N\u00famero de p\u00e1ginas: 68<br>A\u00f1o de edici\u00f3n: 1998<br>Cat\u00e1logo de la exposici\u00f3n que tuvo lugar del 20 de octubre al 15 de noviembre de 1998<\/p>\n\n\n\n<h3 class=\"wp-block-heading\"><strong>Juguetes y lecturas: Gu\u00eda pr\u00e1ctica<\/strong><\/h3>\n\n\n\n<p>Coordinaci\u00f3n: Gabinete psicopedag\u00f3gico municipal (Amparo Baixauli, Enrique Blat, Milagros Campos, M\u00aa Consuelo Royo Ferrandis.<\/p>\n\n\n\n<h3 class=\"wp-block-heading\"><strong>Compositores de Aldaia a los 200 a\u00f1os<\/strong><\/h3>\n\n\n\n<p>Autores: Antonio Andr\u00e9s, Vicent Ferrandis<br>N\u00famero de p\u00e1ginas: 95<br>A\u00f1o de edici\u00f3n: 1999<\/p>\n\n\n\n<h3 class=\"wp-block-heading\"><strong>El libro de privilegios del priorato de San Vicente de la Roqueta de Valencia, coordinado por Lluc Parreu<\/strong><br>(Edici\u00f3n del c\u00f3dice 494 B del Archivo Hist\u00f3rico Nacional)<\/h3>\n\n\n\n<p>Transcripci\u00f3n y estudios Josep Ramon Sanchis Alfonso<br>N\u00famero de p\u00e1ginas: 441<br>A\u00f1o de edici\u00f3n: 1999<\/p>\n\n\n\n<h3 class=\"wp-block-heading\"><strong>El mundo escolar: medio siglo de escuela en Aldaia (1930-1980)<\/strong><\/h3>\n\n\n\n<p>Autoras: Ana E. Alfoso Sanchis, Rema Hidalgo Fabra, Inma R\u00edos Sanchis, Pilar S\u00e1nchez Chuli\u00e1<br>N\u00famero de p\u00e1ginas: 67<br>A\u00f1o de edici\u00f3n: 1999<br>Cat\u00e1logo de la exposici\u00f3n que tuvo lugar del 13 al 26 de abril de 1999<\/p>\n\n\n\n<h3 class=\"wp-block-heading\"><strong>Sal\u00f3m\u00f3n: exposici\u00f3n<\/strong><\/h3>\n\n\n\n<p>Autor: Salom\u00f3n T\u00e1rrega<br>N\u00famero de p\u00e1ginas: 22<br>A\u00f1o de edici\u00f3n: 2000<br>Cat\u00e1logo de la exposici\u00f3n que tuvo lugar del 21 de julio hasta el 6 de agosto de 2000<\/p>\n\n\n\n<h3 class=\"wp-block-heading\"><strong>Susana Laguarda<\/strong><\/h3>\n\n\n\n<p>Autora: Susana Laguarda<br>N\u00famero de p\u00e1ginas: 22<br>A\u00f1o de edici\u00f3n: 2000<br>Cat\u00e1logo de la exposici\u00f3n que tuvo lugar del 21 de julio hasta el 6 de agosto de 2000<\/p>\n\n\n\n<h3 class=\"wp-block-heading\"><strong>Aldaia 10 a\u00f1os de arte<\/strong><\/h3>\n\n\n\n<p>Coordinaci\u00f3n: M\u00aa Pilar S\u00e1nchez Chuli\u00e1, Roc\u00edo Parrilla Ferrando<br>N\u00famero de p\u00e1ginas: 46<br>A\u00f1o de edici\u00f3n: 1999<br>Cat\u00e1logo de la exposici\u00f3n que tuvo lugar del 3 de diciembre de 1999 al 21 de enero de 2000.<\/p>\n\n\n\n<h3 class=\"wp-block-heading\"><strong>Los \u00e1rboles de Aldaia tienen nombre<\/strong><\/h3>\n\n\n\n<p>Autor: Salvador Torrijos i T\u00e0rrega<br>N\u00famero de p\u00e1ginas: 96<br>A\u00f1o de edici\u00f3n: 2001<\/p>\n\n\n\n<h3 class=\"wp-block-heading\"><strong>Aldaia Entorno 2001: I Encuentro Internacional de Escultura P\u00fablica<\/strong><\/h3>\n\n\n\n<p>Autores: VVAA<br>N\u00famero de p\u00e1ginas:95<br>A\u00f1o de edici\u00f3n: 2002<\/p>\n\n\n\n<h3 class=\"wp-block-heading\"><strong>Peir\u00f3 Ferrandis: Los a\u00f1os de Par\u00eds<\/strong><\/h3>\n\n\n\n<p>Autores: J. Ramon Escriv\u00e1, Concha Ros<br>N\u00famero de p\u00e1ginas: 47<br>A\u00f1o de edici\u00f3n: 2002<br>Cat\u00e1logo de la exposici\u00f3n<\/p>\n\n\n\n<h3 class=\"wp-block-heading\"><strong>Aldaia, entradas y salidas al tiempo: Hans<\/strong><\/h3>\n\n\n\n<p>Textos: Nuria Tendeiro Parilla, JL Cueto Lominchar, Vicente Bosc\u00e0 y Perell\u00f3, Francesc Mart\u00ednez, Carlos Ferrandis.<br>N\u00famero de p\u00e1ginas: 85<br>A\u00f1o de edici\u00f3n: 2002<br>Cat\u00e1logo de la exposici\u00f3n<\/p>\n\n\n\n<h3 class=\"wp-block-heading\"><strong>Una pintura hecha con amor: Ram\u00f3n Ribes<\/strong><\/h3>\n\n\n\n<p>Textos: Francisco Gallego Fortea, Nuria Tendeiro Parilla, Salom\u00f3n T\u00e1rrega, Marta T\u00e1rrega.<br>N\u00famero de p\u00e1ginas: 47<br>A\u00f1o de edici\u00f3n: 2003<br>Cat\u00e1logo de la exposici\u00f3n que tuvo lugar del 19 de diciembre de 2003 al 23 de enero de 2004<\/p>\n\n\n\n<h3 class=\"wp-block-heading\"><strong>Una vida por la pintura: F. Ruiz Ferrandis<\/strong><\/h3>\n\n\n\n<p>Textos: Nuria Tendeiro, Lara Tornero, Mayte Ruiz<br>A\u00f1o de edici\u00f3n: 2003<br>Contiene CD del pasodoble F. Ruiz Ferrandis, m\u00fasica de Bernab\u00e9 Sanchis<br>Cat\u00e1logo de la exposici\u00f3n que tuvo lugar del 25 de julio al 6 de agosto de 2003<\/p>\n\n\n\n<h3 class=\"wp-block-heading\"><strong>Escultura en el arte religioso: Melit\u00f3n Comes<\/strong><\/h3>\n\n\n\n<p>Textos: Juan \u00c1ngel Blasco Carrasco, Nuria Tendeiro Parilla, Jos\u00e9 M\u00aa Alc\u00e1cer. N\u00famero de p\u00e1ginas:47<br>A\u00f1o de edici\u00f3n: 2004<br>Cat\u00e1logo de la exposici\u00f3n que tuvo lugar del 24 de julio al 6 de agosto de 2004<\/p>\n\n\n\n<h3 class=\"wp-block-heading\"><strong>La poes\u00eda es\u2026 Programa de animaci\u00f3n a la lectura de la Biblioteca P\u00fablica Municipal de Aldaia con las escuelas de Aldaia 2002-2003<\/strong><\/h3>\n\n\n\n<p>Poemas realizados por el alumnado de primaria de los colegios Juan Antonio Mart\u00ednez<br>Torres, Mariano Benlliure, Mariano Serra y Platero y yo. N\u00famero de p\u00e1ginas: 105<br>A\u00f1o de edici\u00f3n: 2003<\/p>\n\n\n\n<h3 class=\"wp-block-heading\"><strong>15 a\u00f1os Escuela Municipal de Teatro de Aldaia 1987-2003<\/strong><\/h3>\n\n\n\n<p>Coordinaci\u00f3n: Xema Palanca, M\u00aa Francisca L\u00f3pez Sanchis<br>N\u00famero de p\u00e1ginas: 83<br>A\u00f1o de edici\u00f3n: 2003<\/p>\n\n\n\n<h3 class=\"wp-block-heading\"><strong>Poemas: animaci\u00f3n lectora de la biblioteca Municipal de Aldaia con las escuelas 2005-2006<\/strong><\/h3>\n\n\n\n<p>Poemas realizados por el alumnado de 3\u00ba, 4\u00ba, 5\u00ba y 6\u00ba de primaria de los colegios Ausi\u00e0s March, Juan Antonio Mart\u00ednez Torres, Mariano Benlliure, Mariano Serra y Platero y yo.<br>N\u00famero de p\u00e1ginas: 147<br>A\u00f1o de edici\u00f3n: 2006<\/p>\n\n\n\n<h3 class=\"wp-block-heading\"><strong>Los motes de Aldaia: un hecho del habla popular<\/strong><\/h3>\n\n\n\n<p>Autores: Elo\u00edna Hern\u00e1ndez Doria y H\u00e9ctor Tronchoni Albert<br>N\u00famero de p\u00e1ginas: 142<br>A\u00f1o de edici\u00f3n: 2006<br>Trabajo ganador de la XIX edici\u00f3n de los Premios a Universitarios Alaqu\u00e0s-Aldaia 2004.<\/p>\n\n\n\n<h3 class=\"wp-block-heading\"><strong>Arte P\u00fablico en Aldaia<\/strong><\/h3>\n\n\n\n<p>Textos: Juan Bautista Peir\u00f3, Juan Llaver\u00eda, Silvia Molinero<br>N\u00famero de p\u00e1ginas: 177<br>A\u00f1o de edici\u00f3n: 2006<\/p>\n\n\n\n<h3 class=\"wp-block-heading\"><strong>Interculturalidad y valores<\/strong><\/h3>\n\n\n\n<p>Autores\/as: Gabinetes Psicopedag\u00f3gicos Municipales Alaqu\u00e0s, Aldaia, Mislata,<br>Quart de Poblet y Xirivella<br>N\u00famero de p\u00e1ginas: 10<br>A\u00f1o de edici\u00f3n: 2007<\/p>\n\n\n\n<h3 class=\"wp-block-heading\"><strong>Tiempo para nuestros hijos<\/strong><\/h3>\n\n\n\n<p>Autores\/as: Gabinetes Psicopedag\u00f3gicos Municipales Alaqu\u00e0s, Aldaia, Mislata,<br>Quart de Poblet y Xirivella<br>N\u00famero de p\u00e1ginas: 8<br>A\u00f1o de edici\u00f3n: 2007<\/p>\n\n\n\n<h3 class=\"wp-block-heading\"><strong>Historia de la huerta de Aldaia: construcci\u00f3n y evoluci\u00f3n de un paisaje social<\/strong><\/h3>\n\n\n\n<p>Autor: Ferran Esquilache Mart\u00ed<br>N\u00famero de p\u00e1ginas: 164<br>A\u00f1o de edici\u00f3n: 2007<br>I Premio de Estudios Locales de Aldaia 2006<\/p>\n\n\n\n<h3 class=\"wp-block-heading\"><strong>Entre el agua y el barro. Las riadas de Aldaia: im\u00e1genes y recuerdos<\/strong><\/h3>\n\n\n\n<p>Autores: Francesc Mart\u00ednez, M\u00aa Pilar S\u00e1nchez Chuli\u00e1<br>N\u00famero de p\u00e1ginas 131<br>A\u00f1o de edici\u00f3n 2008<br>Contiene DVD con im\u00e1genes de la riada de 1957 en Valencia e inundaciones de Aldaia del \u00faltimo tercio del siglo XX.<\/p>\n\n\n\n<h3 class=\"wp-block-heading\"><strong>Enric Lujan: una vida de compromiso c\u00edvico y democr\u00e1tico<\/strong><\/h3>\n\n\n\n<p>N\u00famero de p\u00e1ginas: 99<br>A\u00f1o de edici\u00f3n: 2009<\/p>\n\n\n\n<h3 class=\"wp-block-heading\"><strong>Sin efectos secundarios<\/strong><\/h3>\n\n\n\n<p>Autoras: Mercedes Santos, Marta Mart\u00edn, Carmen Tamarit, Ana Su\u00f1er, Amparo Cervera<br>N\u00famero de p\u00e1ginas: 151<br>A\u00f1o de edici\u00f3n: 2010<\/p>\n\n\n\n<h3 class=\"wp-block-heading\"><strong>M\u00fasica tradicional de Aldaia: canciones y m\u00fasicas religiosas y canciones profanas infantiles<\/strong><\/h3>\n\n\n\n<p>Autores: Carlos Antoni Pitarch Alfonso, Antonio Andr\u00e9s Ferrandis.<br>N\u00famero de p\u00e1ginas: 434<br>A\u00f1o de edici\u00f3n 2017<\/p>\n\n\n\n<h3 class=\"wp-block-heading\"><strong>Catalogaci\u00f3n de casas del pueblo de Aldaia: edificios construidos entre 1880 y 1940<\/strong><\/h3>\n\n\n\n<p>Autor: Juan Pedro S\u00e1nchez Vidal.<br>N\u00famero de p\u00e1ginas: 125<br>A\u00f1o de edici\u00f3n 2017<\/p>\n\n\n\n<h3 class=\"wp-block-heading\"><strong>XXIX Premio de investigaci\u00f3n a universitarios de Aldaia y Alaqu\u00e0s 2014. Fumerales de Aldaia<\/strong><\/h3>\n\n\n\n<p>Autor: Gracia L\u00f3pez Pati\u00f1o, Pedro Verdejo Gimeno.<br>N\u00famero de p\u00e1ginas: 50<br>A\u00f1o de edici\u00f3n: 2018<\/p>\n\n\n\n<h3 class=\"wp-block-heading\"><strong>Los colores del aire: el arte del palmito en Aldaia<\/strong><\/h3>\n\n\n\n<p>Autor: Francesc Mart\u00ednez Sanchis<br>N\u00famero de p\u00e1ginas: 71<br>A\u00f1o de edici\u00f3n: 2018<\/p>\n\n\n\n<h3 class=\"wp-block-heading\"><strong>Arquitectura y arte cristiano en Aldaia: historia e iconograf\u00eda de los templos de culto<\/strong><\/h3>\n\n\n\n<p>Autora: Helena Navarro P\u00e9rez<br>N\u00famero de p\u00e1ginas: 62<br>A\u00f1o de edici\u00f3n: 2018<\/p>\n\n\n\n<h3 class=\"wp-block-heading\"><strong>Aldaia: historia, etnolog\u00eda, toponimia y urbanismo<\/strong><\/h3>\n\n\n\n<p>Autor: Jos\u00e9 Ram\u00f3n Sanchis Alfonso<br>N\u00famero de p\u00e1ginas: 988 (2 vol\u00famenes)<br>A\u00f1o de edici\u00f3n: 2018<\/p>\n\n\n\n<h3 class=\"wp-block-heading\"><strong>Certamen Literario Juvenil Crist\u00f3bal Aguado y Medina de Aldaia desde 1990 hasta 2018<\/strong><\/h3>\n\n\n\n<h2 class=\"wp-block-heading display-4\">Otros tipos publicaciones<\/h2>\n\n\n\n<ul class=\"wp-block-list\">\n<li>Puzzle de la escultur de la puerta de Kioto (situada en la redonda de Melit\u00f3n Comes). Juego infantil.<\/li>\n\n\n\n<li>Domin\u00f3n de las fiestas. Juego infantil.<\/li>\n\n\n\n<li>Juego De la Oca de Aldaia. Juego infantil.<\/li>\n<\/ul>\n\n\n\n<h2 class=\"wp-block-heading display-4\">Coediciones<\/h2>\n\n\n\n<h3 class=\"wp-block-heading\"><strong>Albaes y canto de Estilo de Aldaia interpretadas por el Grupo Mari de Aldaia<\/strong><\/h3>\n\n\n\n<p>Coeditado con la Asociaci\u00f3n de m\u00fasica tradicional de Aldaia.<\/p>\n\n\n\n<h3 class=\"wp-block-heading\"><strong>Aldaia 200 a\u00f1os con los necesitados<\/strong><\/h3>\n\n\n\n<p>Varios autores<br>Editado por los Clavarios del Cristo 2001<\/p>\n\n\n\n<h3 class=\"wp-block-heading\"><strong>Im\u00e1genes de fiesta<\/strong><\/h3>\n\n\n\n<p>Editado por los Clavarios del Cristo 2006<\/p>\n\n\n\n<h2 class=\"wp-block-heading display-4\">Editado por la Diputaci\u00f3n de Valencia<\/h2>\n\n\n\n<h3 class=\"wp-block-heading\">D<strong>iagn\u00f3stico de salud municipal: Aldaia<\/strong><\/h3>\n\n\n\n<p>Autor: Jorge Perpi\u00f1\u00e1 Cano A\u00f1o de publicaci\u00f3n: 1991<\/p>\n<\/div>\n<\/div>\n\n\n\n<div class=\"wp-block-columns is-layout-flex wp-container-core-columns-is-layout-9d6595d7 wp-block-columns-is-layout-flex\">\n<div class=\"wp-block-column lista_adjuntos is-layout-flow wp-block-column-is-layout-flow\">\n<h2 class=\"wp-block-heading display-4\">Enlaces<\/h2>\n\n\n\n<p><i class=\"fas fa-link\"><\/i> <a href=\"https:\/\/aldaia.es\/publicacions-municipals\/\">Publicaciones Municipales <\/a><\/p>\n<\/div>\n<\/div>\n\n\n\n<p><\/p>\n","protected":false},"excerpt":{"rendered":"<p>Publicaciones del Ayuntamiento de Aldaia La iglesia parroquial de Nuetra Se\u00f1ora de la Anunciaci\u00f3n de Aldaya Autores: Jos\u00e9 Ram\u00f3n Sanchis, Daniel Benito Goerlich A\u00f1o de publicaci\u00f3n: 1977 Un a\u00f1o en <a class=\"text-decoration-none text-black\" href=\"https:\/\/aldaia.es\/es\/biblioteca\/publicaciones-del-ayuntamiento-de-aldaia\/\"> &#8230; <\/a><\/p>\n","protected":false},"author":12,"featured_media":0,"parent":19321,"menu_order":0,"comment_status":"closed","ping_status":"closed","template":"basic-page-departamentos.php","meta":{"_acf_changed":false,"footnotes":""},"class_list":["post-6541","page","type-page","status-publish","hentry"],"acf":[],"yoast_head":"<!-- This site is optimized with the Yoast SEO plugin v27.0 - https:\/\/yoast.com\/product\/yoast-seo-wordpress\/ -->\n<title>Publicaciones del Ayuntamiento de Aldaia - Ayuntamiento de Aldaia<\/title>\n<meta name=\"description\" content=\"Publicaciones de libros en colaboraci\u00f3n con el ayuntamiento de Aldaia. Informaciones de la biblioteca Municipal de Aldaia.\" \/>\n<meta name=\"robots\" content=\"index, follow, max-snippet:-1, max-image-preview:large, max-video-preview:-1\" \/>\n<link rel=\"canonical\" href=\"https:\/\/aldaia.es\/es\/biblioteca\/publicaciones-del-ayuntamiento-de-aldaia\/\" \/>\n<meta property=\"og:locale\" content=\"es_ES\" \/>\n<meta property=\"og:type\" content=\"article\" \/>\n<meta property=\"og:title\" content=\"Publicaciones del Ayuntamiento de Aldaia - Ayuntamiento de Aldaia\" \/>\n<meta property=\"og:description\" content=\"Publicaciones de libros en colaboraci\u00f3n con el ayuntamiento de Aldaia. Informaciones de la biblioteca Municipal de Aldaia.\" \/>\n<meta property=\"og:url\" content=\"https:\/\/aldaia.es\/es\/biblioteca\/publicaciones-del-ayuntamiento-de-aldaia\/\" \/>\n<meta property=\"og:site_name\" content=\"Ayuntamiento de Aldaia\" \/>\n<meta property=\"article:modified_time\" content=\"2024-09-16T11:34:54+00:00\" \/>\n<script type=\"application\/ld+json\" class=\"yoast-schema-graph\">{\"@context\":\"https:\/\/schema.org\",\"@graph\":[{\"@type\":\"WebPage\",\"@id\":\"https:\/\/aldaia.es\/es\/biblioteca\/publicaciones-del-ayuntamiento-de-aldaia\/\",\"url\":\"https:\/\/aldaia.es\/es\/biblioteca\/publicaciones-del-ayuntamiento-de-aldaia\/\",\"name\":\"Publicaciones del Ayuntamiento de Aldaia - Ayuntamiento de Aldaia\",\"isPartOf\":{\"@id\":\"https:\/\/aldaia.es\/es\/#website\"},\"datePublished\":\"2023-02-02T09:44:45+00:00\",\"dateModified\":\"2024-09-16T11:34:54+00:00\",\"description\":\"Publicaciones de libros en colaboraci\u00f3n con el ayuntamiento de Aldaia. Informaciones de la biblioteca Municipal de Aldaia.\",\"breadcrumb\":{\"@id\":\"https:\/\/aldaia.es\/es\/biblioteca\/publicaciones-del-ayuntamiento-de-aldaia\/#breadcrumb\"},\"inLanguage\":\"es\",\"potentialAction\":[{\"@type\":\"ReadAction\",\"target\":[\"https:\/\/aldaia.es\/es\/biblioteca\/publicaciones-del-ayuntamiento-de-aldaia\/\"]}]},{\"@type\":\"BreadcrumbList\",\"@id\":\"https:\/\/aldaia.es\/es\/biblioteca\/publicaciones-del-ayuntamiento-de-aldaia\/#breadcrumb\",\"itemListElement\":[{\"@type\":\"ListItem\",\"position\":1,\"name\":\"Portada\",\"item\":\"https:\/\/aldaia.es\/es\/\"},{\"@type\":\"ListItem\",\"position\":2,\"name\":\"Biblioteca\",\"item\":\"https:\/\/aldaia.es\/es\/biblioteca\/\"},{\"@type\":\"ListItem\",\"position\":3,\"name\":\"Publicaciones del Ayuntamiento de Aldaia\"}]},{\"@type\":\"WebSite\",\"@id\":\"https:\/\/aldaia.es\/es\/#website\",\"url\":\"https:\/\/aldaia.es\/es\/\",\"name\":\"Ajuntament D'Aldaia\",\"description\":\"\",\"publisher\":{\"@id\":\"https:\/\/aldaia.es\/es\/#organization\"},\"alternateName\":\"Ajuntament D'Aldaia\",\"potentialAction\":[{\"@type\":\"SearchAction\",\"target\":{\"@type\":\"EntryPoint\",\"urlTemplate\":\"https:\/\/aldaia.es\/es\/?s={search_term_string}\"},\"query-input\":{\"@type\":\"PropertyValueSpecification\",\"valueRequired\":true,\"valueName\":\"search_term_string\"}}],\"inLanguage\":\"es\"},{\"@type\":\"Organization\",\"@id\":\"https:\/\/aldaia.es\/es\/#organization\",\"name\":\"Ajuntament D'Aldaia\",\"url\":\"https:\/\/aldaia.es\/es\/\",\"logo\":{\"@type\":\"ImageObject\",\"inLanguage\":\"es\",\"@id\":\"https:\/\/aldaia.es\/es\/#\/schema\/logo\/image\/\",\"url\":\"https:\/\/aldaia.es\/wp-content\/uploads\/2022\/06\/aldaia-negro-1.png\",\"contentUrl\":\"https:\/\/aldaia.es\/wp-content\/uploads\/2022\/06\/aldaia-negro-1.png\",\"width\":152,\"height\":70,\"caption\":\"Ajuntament D'Aldaia\"},\"image\":{\"@id\":\"https:\/\/aldaia.es\/es\/#\/schema\/logo\/image\/\"}}]}<\/script>\n<!-- \/ Yoast SEO plugin. -->","yoast_head_json":{"title":"Publicaciones del Ayuntamiento de Aldaia - Ayuntamiento de Aldaia","description":"Publicaciones de libros en colaboraci\u00f3n con el ayuntamiento de Aldaia. Informaciones de la biblioteca Municipal de Aldaia.","robots":{"index":"index","follow":"follow","max-snippet":"max-snippet:-1","max-image-preview":"max-image-preview:large","max-video-preview":"max-video-preview:-1"},"canonical":"https:\/\/aldaia.es\/es\/biblioteca\/publicaciones-del-ayuntamiento-de-aldaia\/","og_locale":"es_ES","og_type":"article","og_title":"Publicaciones del Ayuntamiento de Aldaia - Ayuntamiento de Aldaia","og_description":"Publicaciones de libros en colaboraci\u00f3n con el ayuntamiento de Aldaia. Informaciones de la biblioteca Municipal de Aldaia.","og_url":"https:\/\/aldaia.es\/es\/biblioteca\/publicaciones-del-ayuntamiento-de-aldaia\/","og_site_name":"Ayuntamiento de Aldaia","article_modified_time":"2024-09-16T11:34:54+00:00","schema":{"@context":"https:\/\/schema.org","@graph":[{"@type":"WebPage","@id":"https:\/\/aldaia.es\/es\/biblioteca\/publicaciones-del-ayuntamiento-de-aldaia\/","url":"https:\/\/aldaia.es\/es\/biblioteca\/publicaciones-del-ayuntamiento-de-aldaia\/","name":"Publicaciones del Ayuntamiento de Aldaia - Ayuntamiento de Aldaia","isPartOf":{"@id":"https:\/\/aldaia.es\/es\/#website"},"datePublished":"2023-02-02T09:44:45+00:00","dateModified":"2024-09-16T11:34:54+00:00","description":"Publicaciones de libros en colaboraci\u00f3n con el ayuntamiento de Aldaia. Informaciones de la biblioteca Municipal de Aldaia.","breadcrumb":{"@id":"https:\/\/aldaia.es\/es\/biblioteca\/publicaciones-del-ayuntamiento-de-aldaia\/#breadcrumb"},"inLanguage":"es","potentialAction":[{"@type":"ReadAction","target":["https:\/\/aldaia.es\/es\/biblioteca\/publicaciones-del-ayuntamiento-de-aldaia\/"]}]},{"@type":"BreadcrumbList","@id":"https:\/\/aldaia.es\/es\/biblioteca\/publicaciones-del-ayuntamiento-de-aldaia\/#breadcrumb","itemListElement":[{"@type":"ListItem","position":1,"name":"Portada","item":"https:\/\/aldaia.es\/es\/"},{"@type":"ListItem","position":2,"name":"Biblioteca","item":"https:\/\/aldaia.es\/es\/biblioteca\/"},{"@type":"ListItem","position":3,"name":"Publicaciones del Ayuntamiento de Aldaia"}]},{"@type":"WebSite","@id":"https:\/\/aldaia.es\/es\/#website","url":"https:\/\/aldaia.es\/es\/","name":"Ajuntament D'Aldaia","description":"","publisher":{"@id":"https:\/\/aldaia.es\/es\/#organization"},"alternateName":"Ajuntament D'Aldaia","potentialAction":[{"@type":"SearchAction","target":{"@type":"EntryPoint","urlTemplate":"https:\/\/aldaia.es\/es\/?s={search_term_string}"},"query-input":{"@type":"PropertyValueSpecification","valueRequired":true,"valueName":"search_term_string"}}],"inLanguage":"es"},{"@type":"Organization","@id":"https:\/\/aldaia.es\/es\/#organization","name":"Ajuntament D'Aldaia","url":"https:\/\/aldaia.es\/es\/","logo":{"@type":"ImageObject","inLanguage":"es","@id":"https:\/\/aldaia.es\/es\/#\/schema\/logo\/image\/","url":"https:\/\/aldaia.es\/wp-content\/uploads\/2022\/06\/aldaia-negro-1.png","contentUrl":"https:\/\/aldaia.es\/wp-content\/uploads\/2022\/06\/aldaia-negro-1.png","width":152,"height":70,"caption":"Ajuntament D'Aldaia"},"image":{"@id":"https:\/\/aldaia.es\/es\/#\/schema\/logo\/image\/"}}]}},"_links":{"self":[{"href":"https:\/\/aldaia.es\/es\/wp-json\/wp\/v2\/pages\/6541","targetHints":{"allow":["GET"]}}],"collection":[{"href":"https:\/\/aldaia.es\/es\/wp-json\/wp\/v2\/pages"}],"about":[{"href":"https:\/\/aldaia.es\/es\/wp-json\/wp\/v2\/types\/page"}],"author":[{"embeddable":true,"href":"https:\/\/aldaia.es\/es\/wp-json\/wp\/v2\/users\/12"}],"replies":[{"embeddable":true,"href":"https:\/\/aldaia.es\/es\/wp-json\/wp\/v2\/comments?post=6541"}],"version-history":[{"count":8,"href":"https:\/\/aldaia.es\/es\/wp-json\/wp\/v2\/pages\/6541\/revisions"}],"predecessor-version":[{"id":32104,"href":"https:\/\/aldaia.es\/es\/wp-json\/wp\/v2\/pages\/6541\/revisions\/32104"}],"up":[{"embeddable":true,"href":"https:\/\/aldaia.es\/es\/wp-json\/wp\/v2\/pages\/19321"}],"wp:attachment":[{"href":"https:\/\/aldaia.es\/es\/wp-json\/wp\/v2\/media?parent=6541"}],"curies":[{"name":"wp","href":"https:\/\/api.w.org\/{rel}","templated":true}]}}