{"id":6543,"date":"2023-02-05T11:11:22","date_gmt":"2023-02-05T10:11:22","guid":{"rendered":"https:\/\/aldaia.eu\/contratacion\/"},"modified":"2024-09-25T12:47:33","modified_gmt":"2024-09-25T10:47:33","slug":"contratacion","status":"publish","type":"page","link":"https:\/\/aldaia.es\/es\/servicios-administrativos\/contratacion\/","title":{"rendered":"Contrataci\u00f3n"},"content":{"rendered":"\n<div class=\"wp-block-columns dep-administracion is-layout-flex wp-container-core-columns-is-layout-9d6595d7 wp-block-columns-is-layout-flex\">\n<div class=\"wp-block-column is-layout-flow wp-block-column-is-layout-flow\" style=\"flex-basis:30%\"><!--  Info administracion -->\n\n \n\n<div class='bloque-infos-administracion wrapper-departamentos'>\n<p class=\"tit-bloque-infos\">Ajuntament d'Aldaia <\/p>\n        <div class='infos-departamento'>\n            <p>Plaza Constituci\u00f3n, 10, 46960 Aldaia Valencia<\/p>\n            <p><i class=\"fa fa-phone\" aria-hidden=\"true\"><\/i> <a href=\"tel:+34961510693\">+34 96 151 06 93<\/a><\/p>\n            <p><i class=\"fas fa-envelope\"><\/i> <a href=\"mailto:ajuntament@ajuntamentaldaia.org\">ajuntament@ajuntamentaldaia.org<\/a><\/p>\n            \n        <\/div>\n\n        <div class='mapa-1'>\n        <iframe src=\"https:\/\/www.google.com\/maps\/embed?pb=!1m18!1m12!1m3!1d622.7679968418242!2d-0.4608059177881311!3d39.465164288659615!2m3!1f0!2f0!3f0!3m2!1i1024!2i768!4f13.1!3m3!1m2!1s0xd6051b0ac582aed%3A0xd3a2ed9d1d945ab0!2sAyuntamiento%20de%20Aldaya!5e0!3m2!1ses!2sus!4v1725979182758!5m2!1ses!2sus\" width=\"100%\" height=\"450\" style=\"border:0;\" allowfullscreen=\"\" loading=\"lazy\" referrerpolicy=\"no-referrer-when-downgrade\"><\/iframe>\n        <\/div>\n\n    <\/div>\n    <!-- end bloque infos -->\n   \n\n    \n\n\n<\/div>\n\n\n\n<div class=\"wp-block-column is-layout-flow wp-block-column-is-layout-flow\" style=\"flex-basis:70%\">\n<h1 class=\"wp-block-heading\">Contrataci\u00f3n<\/h1>\n\n\n\n<p>La contrataci\u00f3n p\u00fablica est\u00e1 regulada por leyes y normas que buscan garantizar la legalidad y la buena gesti\u00f3n de los recursos p\u00fablicos. Este proceso implica varias etapas, desde la identificaci\u00f3n de una necesidad hasta la ejecuci\u00f3n del contrato, y se debe realizar de manera transparente y abierta. Existen diferentes tipos de contratos, como los de obras, suministros y servicios, y cada uno tiene sus propias caracter\u00edsticas y regulaciones.<\/p>\n\n\n\n<div class=\"wp-block-columns is-layout-flex wp-container-core-columns-is-layout-9d6595d7 wp-block-columns-is-layout-flex\">\n<div class=\"wp-block-column lista_adjuntos is-layout-flow wp-block-column-is-layout-flow\">\n<h2 class=\"wp-block-heading display-4\">Enlaces<\/h2>\n\n\n\n<p><i class=\"fas fa-file-pdf\"><\/i> <a href=\"https:\/\/transparencia.aldaia.es\/va\/contratacion-publica\" target=\"_blank\" rel=\"noreferrer noopener\">\u00d3gano de contractaci\u00f3n p\u00fablica<\/a><\/p>\n\n\n\n<p><i class=\"fas fa-file-pdf\"><\/i> <a href=\"https:\/\/contrataciondelestado.es\/\" target=\"_blank\" rel=\"noreferrer noopener\">Plataforma de Contrataciones<\/a><\/p>\n<\/div>\n<\/div>\n<\/div>\n<\/div>\n","protected":false},"excerpt":{"rendered":"<p>Contrataci\u00f3n La contrataci\u00f3n p\u00fablica est\u00e1 regulada por leyes y normas que buscan garantizar la legalidad y la buena gesti\u00f3n de los recursos p\u00fablicos. Este proceso implica varias etapas, desde la <a class=\"text-decoration-none text-black\" href=\"https:\/\/aldaia.es\/es\/servicios-administrativos\/contratacion\/\"> &#8230; <\/a><\/p>\n","protected":false},"author":16,"featured_media":0,"parent":6255,"menu_order":0,"comment_status":"closed","ping_status":"closed","template":"basic-page-departamentos.php","meta":{"_acf_changed":false,"footnotes":""},"class_list":["post-6543","page","type-page","status-publish","hentry"],"acf":[],"yoast_head":"<!-- This site is optimized with the Yoast SEO plugin v27.0 - https:\/\/yoast.com\/product\/yoast-seo-wordpress\/ -->\n<title>Contrataci\u00f3n - Ayuntamiento de Aldaia<\/title>\n<meta name=\"description\" content=\"La contrataci\u00f3n p\u00fablica est\u00e1 regulada por leyes y normas que buscan garantizar la legalidad y la buena gesti\u00f3n de los recursos p\u00fablicos.\" \/>\n<meta name=\"robots\" content=\"index, follow, max-snippet:-1, max-image-preview:large, max-video-preview:-1\" \/>\n<link rel=\"canonical\" href=\"https:\/\/aldaia.es\/es\/servicios-administrativos\/contratacion\/\" \/>\n<meta property=\"og:locale\" content=\"es_ES\" \/>\n<meta property=\"og:type\" content=\"article\" \/>\n<meta property=\"og:title\" content=\"Contrataci\u00f3n - Ayuntamiento de Aldaia\" \/>\n<meta property=\"og:description\" content=\"La contrataci\u00f3n p\u00fablica est\u00e1 regulada por leyes y normas que buscan garantizar la legalidad y la buena gesti\u00f3n de los recursos p\u00fablicos.\" \/>\n<meta property=\"og:url\" content=\"https:\/\/aldaia.es\/es\/servicios-administrativos\/contratacion\/\" \/>\n<meta property=\"og:site_name\" content=\"Ayuntamiento de Aldaia\" \/>\n<meta property=\"article:modified_time\" content=\"2024-09-25T10:47:33+00:00\" \/>\n<script type=\"application\/ld+json\" class=\"yoast-schema-graph\">{\"@context\":\"https:\/\/schema.org\",\"@graph\":[{\"@type\":\"WebPage\",\"@id\":\"https:\/\/aldaia.es\/es\/servicios-administrativos\/contratacion\/\",\"url\":\"https:\/\/aldaia.es\/es\/servicios-administrativos\/contratacion\/\",\"name\":\"Contrataci\u00f3n - Ayuntamiento de Aldaia\",\"isPartOf\":{\"@id\":\"https:\/\/aldaia.es\/es\/#website\"},\"datePublished\":\"2023-02-05T10:11:22+00:00\",\"dateModified\":\"2024-09-25T10:47:33+00:00\",\"description\":\"La contrataci\u00f3n p\u00fablica est\u00e1 regulada por leyes y normas que buscan garantizar la legalidad y la buena gesti\u00f3n de los recursos p\u00fablicos.\",\"breadcrumb\":{\"@id\":\"https:\/\/aldaia.es\/es\/servicios-administrativos\/contratacion\/#breadcrumb\"},\"inLanguage\":\"es\",\"potentialAction\":[{\"@type\":\"ReadAction\",\"target\":[\"https:\/\/aldaia.es\/es\/servicios-administrativos\/contratacion\/\"]}]},{\"@type\":\"BreadcrumbList\",\"@id\":\"https:\/\/aldaia.es\/es\/servicios-administrativos\/contratacion\/#breadcrumb\",\"itemListElement\":[{\"@type\":\"ListItem\",\"position\":1,\"name\":\"Portada\",\"item\":\"https:\/\/aldaia.es\/es\/\"},{\"@type\":\"ListItem\",\"position\":2,\"name\":\"Servicios administrativos\",\"item\":\"https:\/\/aldaia.es\/es\/servicios-administrativos\/\"},{\"@type\":\"ListItem\",\"position\":3,\"name\":\"Contrataci\u00f3n\"}]},{\"@type\":\"WebSite\",\"@id\":\"https:\/\/aldaia.es\/es\/#website\",\"url\":\"https:\/\/aldaia.es\/es\/\",\"name\":\"Ajuntament D'Aldaia\",\"description\":\"\",\"publisher\":{\"@id\":\"https:\/\/aldaia.es\/es\/#organization\"},\"alternateName\":\"Ajuntament D'Aldaia\",\"potentialAction\":[{\"@type\":\"SearchAction\",\"target\":{\"@type\":\"EntryPoint\",\"urlTemplate\":\"https:\/\/aldaia.es\/es\/?s={search_term_string}\"},\"query-input\":{\"@type\":\"PropertyValueSpecification\",\"valueRequired\":true,\"valueName\":\"search_term_string\"}}],\"inLanguage\":\"es\"},{\"@type\":\"Organization\",\"@id\":\"https:\/\/aldaia.es\/es\/#organization\",\"name\":\"Ajuntament D'Aldaia\",\"url\":\"https:\/\/aldaia.es\/es\/\",\"logo\":{\"@type\":\"ImageObject\",\"inLanguage\":\"es\",\"@id\":\"https:\/\/aldaia.es\/es\/#\/schema\/logo\/image\/\",\"url\":\"https:\/\/aldaia.es\/wp-content\/uploads\/2022\/06\/aldaia-negro-1.png\",\"contentUrl\":\"https:\/\/aldaia.es\/wp-content\/uploads\/2022\/06\/aldaia-negro-1.png\",\"width\":152,\"height\":70,\"caption\":\"Ajuntament D'Aldaia\"},\"image\":{\"@id\":\"https:\/\/aldaia.es\/es\/#\/schema\/logo\/image\/\"}}]}<\/script>\n<!-- \/ Yoast SEO plugin. -->","yoast_head_json":{"title":"Contrataci\u00f3n - Ayuntamiento de Aldaia","description":"La contrataci\u00f3n p\u00fablica est\u00e1 regulada por leyes y normas que buscan garantizar la legalidad y la buena gesti\u00f3n de los recursos p\u00fablicos.","robots":{"index":"index","follow":"follow","max-snippet":"max-snippet:-1","max-image-preview":"max-image-preview:large","max-video-preview":"max-video-preview:-1"},"canonical":"https:\/\/aldaia.es\/es\/servicios-administrativos\/contratacion\/","og_locale":"es_ES","og_type":"article","og_title":"Contrataci\u00f3n - Ayuntamiento de Aldaia","og_description":"La contrataci\u00f3n p\u00fablica est\u00e1 regulada por leyes y normas que buscan garantizar la legalidad y la buena gesti\u00f3n de los recursos p\u00fablicos.","og_url":"https:\/\/aldaia.es\/es\/servicios-administrativos\/contratacion\/","og_site_name":"Ayuntamiento de Aldaia","article_modified_time":"2024-09-25T10:47:33+00:00","schema":{"@context":"https:\/\/schema.org","@graph":[{"@type":"WebPage","@id":"https:\/\/aldaia.es\/es\/servicios-administrativos\/contratacion\/","url":"https:\/\/aldaia.es\/es\/servicios-administrativos\/contratacion\/","name":"Contrataci\u00f3n - Ayuntamiento de Aldaia","isPartOf":{"@id":"https:\/\/aldaia.es\/es\/#website"},"datePublished":"2023-02-05T10:11:22+00:00","dateModified":"2024-09-25T10:47:33+00:00","description":"La contrataci\u00f3n p\u00fablica est\u00e1 regulada por leyes y normas que buscan garantizar la legalidad y la buena gesti\u00f3n de los recursos p\u00fablicos.","breadcrumb":{"@id":"https:\/\/aldaia.es\/es\/servicios-administrativos\/contratacion\/#breadcrumb"},"inLanguage":"es","potentialAction":[{"@type":"ReadAction","target":["https:\/\/aldaia.es\/es\/servicios-administrativos\/contratacion\/"]}]},{"@type":"BreadcrumbList","@id":"https:\/\/aldaia.es\/es\/servicios-administrativos\/contratacion\/#breadcrumb","itemListElement":[{"@type":"ListItem","position":1,"name":"Portada","item":"https:\/\/aldaia.es\/es\/"},{"@type":"ListItem","position":2,"name":"Servicios administrativos","item":"https:\/\/aldaia.es\/es\/servicios-administrativos\/"},{"@type":"ListItem","position":3,"name":"Contrataci\u00f3n"}]},{"@type":"WebSite","@id":"https:\/\/aldaia.es\/es\/#website","url":"https:\/\/aldaia.es\/es\/","name":"Ajuntament D'Aldaia","description":"","publisher":{"@id":"https:\/\/aldaia.es\/es\/#organization"},"alternateName":"Ajuntament D'Aldaia","potentialAction":[{"@type":"SearchAction","target":{"@type":"EntryPoint","urlTemplate":"https:\/\/aldaia.es\/es\/?s={search_term_string}"},"query-input":{"@type":"PropertyValueSpecification","valueRequired":true,"valueName":"search_term_string"}}],"inLanguage":"es"},{"@type":"Organization","@id":"https:\/\/aldaia.es\/es\/#organization","name":"Ajuntament D'Aldaia","url":"https:\/\/aldaia.es\/es\/","logo":{"@type":"ImageObject","inLanguage":"es","@id":"https:\/\/aldaia.es\/es\/#\/schema\/logo\/image\/","url":"https:\/\/aldaia.es\/wp-content\/uploads\/2022\/06\/aldaia-negro-1.png","contentUrl":"https:\/\/aldaia.es\/wp-content\/uploads\/2022\/06\/aldaia-negro-1.png","width":152,"height":70,"caption":"Ajuntament D'Aldaia"},"image":{"@id":"https:\/\/aldaia.es\/es\/#\/schema\/logo\/image\/"}}]}},"_links":{"self":[{"href":"https:\/\/aldaia.es\/es\/wp-json\/wp\/v2\/pages\/6543","targetHints":{"allow":["GET"]}}],"collection":[{"href":"https:\/\/aldaia.es\/es\/wp-json\/wp\/v2\/pages"}],"about":[{"href":"https:\/\/aldaia.es\/es\/wp-json\/wp\/v2\/types\/page"}],"author":[{"embeddable":true,"href":"https:\/\/aldaia.es\/es\/wp-json\/wp\/v2\/users\/16"}],"replies":[{"embeddable":true,"href":"https:\/\/aldaia.es\/es\/wp-json\/wp\/v2\/comments?post=6543"}],"version-history":[{"count":5,"href":"https:\/\/aldaia.es\/es\/wp-json\/wp\/v2\/pages\/6543\/revisions"}],"predecessor-version":[{"id":33168,"href":"https:\/\/aldaia.es\/es\/wp-json\/wp\/v2\/pages\/6543\/revisions\/33168"}],"up":[{"embeddable":true,"href":"https:\/\/aldaia.es\/es\/wp-json\/wp\/v2\/pages\/6255"}],"wp:attachment":[{"href":"https:\/\/aldaia.es\/es\/wp-json\/wp\/v2\/media?parent=6543"}],"curies":[{"name":"wp","href":"https:\/\/api.w.org\/{rel}","templated":true}]}}