{"id":6555,"date":"2022-08-30T08:52:03","date_gmt":"2022-08-30T06:52:03","guid":{"rendered":"https:\/\/aldaia.eu\/oficina-de-informacion-y-registro\/"},"modified":"2024-11-20T11:45:59","modified_gmt":"2024-11-20T10:45:59","slug":"oficina-de-informacion-y-registro","status":"publish","type":"page","link":"https:\/\/aldaia.es\/es\/servicios-administrativos\/oficina-de-informacion-y-registro\/","title":{"rendered":"OIA \u00b7 Oficina de Informaci\u00f3n y Atenci\u00f3n al Ciudadano"},"content":{"rendered":"\n<div class=\"wp-block-columns dep-administracion is-layout-flex wp-container-core-columns-is-layout-9d6595d7 wp-block-columns-is-layout-flex\">\n<div class=\"wp-block-column is-layout-flow wp-block-column-is-layout-flow\" style=\"flex-basis:30%\"><!--  Info administracion -->\n\n \n\n<div class='bloque-infos-administracion wrapper-departamentos'>\n<p class=\"tit-bloque-infos\">Ajuntament d'Aldaia <\/p>\n        <div class='infos-departamento'>\n            <p>Plaza Constituci\u00f3n, 10, 46960 Aldaia Valencia<\/p>\n            <p><i class=\"fa fa-phone\" aria-hidden=\"true\"><\/i> <a href=\"tel:+34961510693\">+34 96 151 06 93<\/a><\/p>\n            <p><i class=\"fas fa-envelope\"><\/i> <a href=\"mailto:ajuntament@ajuntamentaldaia.org\">ajuntament@ajuntamentaldaia.org<\/a><\/p>\n            \n        <\/div>\n\n        <div class='mapa-1'>\n        <iframe src=\"https:\/\/www.google.com\/maps\/embed?pb=!1m18!1m12!1m3!1d622.7679968418242!2d-0.4608059177881311!3d39.465164288659615!2m3!1f0!2f0!3f0!3m2!1i1024!2i768!4f13.1!3m3!1m2!1s0xd6051b0ac582aed%3A0xd3a2ed9d1d945ab0!2sAyuntamiento%20de%20Aldaya!5e0!3m2!1ses!2sus!4v1725979182758!5m2!1ses!2sus\" width=\"100%\" height=\"450\" style=\"border:0;\" allowfullscreen=\"\" loading=\"lazy\" referrerpolicy=\"no-referrer-when-downgrade\"><\/iframe>\n        <\/div>\n\n    <\/div>\n    <!-- end bloque infos -->\n   \n\n    \n\n\n<\/div>\n\n\n\n<div class=\"wp-block-column is-layout-flow wp-block-column-is-layout-flow\" style=\"flex-basis:70%\">\n<h1 class=\"wp-block-heading\">OIA \u00b7 Oficina de Informaci\u00f3n y Atenci\u00f3n al Ciudadano<\/h1>\n\n\n\n<h2 class=\"wp-block-heading\">\u00bfQu\u00e9 es el OIA?<\/h2>\n\n\n\n<p>La Oficina de Informaci\u00f3n es el servicio de referencia del Ayuntamiento y primer punto de acceso para la ciudadan\u00eda. Desde aqu\u00ed se ofrece, de forma integrada, el acceso a la informaci\u00f3n y tramitaci\u00f3n de la mayor parte de los servicios municipales, a trav\u00e9s de los canales presencial y telem\u00e1tico.<\/p>\n\n\n\n<p>Estas dependencias, ubicadas en la planta baja del edificio principal del Ayuntamiento, est\u00e1n concebidas con una clara orientaci\u00f3n y vocaci\u00f3n de servicio al interesado, para facilitar de una manera c\u00f3moda, el acceso y la comunicaci\u00f3n de la ciudadan\u00eda con la administraci\u00f3n.<\/p>\n\n\n\n<ul class=\"wp-block-list\">\n<li>Facilitar el acceso, comunicaci\u00f3n y relaci\u00f3n con la ciudadan\u00eda, en funci\u00f3n de sus necesidades y disponibilidades.<\/li>\n\n\n\n<li>Agilizar las gestiones administrativas de los interesados.<\/li>\n\n\n\n<li>Establecer una alta calidad de servicio independientemente del canal utilizado: presencial o telem\u00e1tico.<\/li>\n\n\n\n<li>Procurar un trato personalizado al interesado.<\/li>\n\n\n\n<li>Prestar una atenci\u00f3n integral acorde con las expectativas del interesado.<\/li>\n\n\n\n<li>Mejorar el nivel de satisfacci\u00f3n de la ciudadan\u00eda, y su valoraci\u00f3n sobre los servicios que le son prestados.<\/li>\n\n\n\n<li>Convertirse en la puerta de referencia de la ciudadan\u00eda.<\/li>\n<\/ul>\n\n\n\n<h2 class=\"wp-block-heading\">Preguntas frecuentes<\/h2>\n\n\n\n<h3 class=\"wp-block-heading\"><strong>\u00bfQu\u00e9 documentaci\u00f3n debo llevar para darme de alta en el padr\u00f3n municipal?<\/strong><\/h3>\n\n\n\n<p>(Normas de empadronamiento recogidas en la Resoluci\u00f3n de 29 de abril de 2020 del INE)<\/p>\n\n\n\n<p><strong>Documentaci\u00f3n acreditativa del domicilio de residencia:<\/strong><\/p>\n\n\n\n<ul class=\"wp-block-list\">\n<li>T\u00edtulo de propiedad (escritura, contrato de compraventa, nota del registro, comprobaci\u00f3n en la base de datos municipales (cadastro).<\/li>\n\n\n\n<li>Contrato vigente de arrendamiento acompa\u00f1ado del \u00faltimo recibo de alquiler.<\/li>\n\n\n\n<li>Otros documentos potestativos que el Ayuntamiento considere oportunos para comprobar la veracidad de la residencia.<\/li>\n\n\n\n<li>Cuando se pretenda empadronar en un domicilio en el que consten empadronadas otras personas que si residan se les deber\u00e1 exigir la autorizaci\u00f3n por escrito de una persona mayor de edad que figure empadronada en ese domicilio. La persona que autorice deber\u00e1 disponer de alg\u00fan t\u00edtulo acreditativo de la posesi\u00f3n de la vivienda a nombre de \u00e9sta, de acuerdo con los apartados a), b) o c).<\/li>\n\n\n\n<li>Empadronamientos en establecimientos colectivos:<\/li>\n<\/ul>\n\n\n\n<p>En el alta en establecimientos colectivos (residencias, conventos, etc.) la autorizaci\u00f3n deber\u00e1 ser suscrita por la persona responsable del centro.<\/p>\n\n\n\n<p><strong>Documentaci\u00f3n acreditativa de la identidad:<\/strong><\/p>\n\n\n\n<ul class=\"wp-block-list\">\n<li>Documento Nacional de Identidad.<\/li>\n\n\n\n<li>Pasaporte para ciudadanos espa\u00f1oles procedentes del extranjero que todav\u00eda no disponen del DNI.<\/li>\n\n\n\n<li>Tarjeta de residencia expedida por las autoridades espa\u00f1olas.<\/li>\n\n\n\n<li>Documento acreditativo de la identidad o pasaporte expedido por las autoridades del pa\u00eds de procedencia.<\/li>\n\n\n\n<li>Fotocopia de cualquiera de estos documentos que hayan cise sustra\u00eddos o extraviados, siempre que vaya acompa\u00f1ada por la denuncia formulada ante la polic\u00eda.<\/li>\n\n\n\n<li>Fotocopia compulsada por el Ministerio del Interior (Comisar\u00eda) Juzgado o Tribunales de un pasaporte retenido.<\/li>\n\n\n\n<li>Permiso de conducir espa\u00f1ol siempre que vaya acompa\u00f1ado de otro documento en el que conste el sexo, nacionalidad y lugar de nacimiento.<\/li>\n\n\n\n<li>Para los espa\u00f1oles y extranjeros menores de edad nacidos en Espa\u00f1a, la identidad se acredita mediante el libro de familia o certificado de nacimiento. Para los extranjeros menores de edad no nacidos en Espa\u00f1a, se les exigir\u00e1 los mismos documentos que para los mayores extranjeros.<\/li>\n\n\n\n<li>Para Menor Extranjero No Acompa\u00f1ado (MENA), ficha de inscripci\u00f3n expedida por el Ministerio del Interior.<\/li>\n<\/ul>\n\n\n\n<p>Todos estos documentos deber\u00e1n estar en vigor no siendo v\u00e1lido un documento caducado, salvo que se aporte la solicitud de renovaci\u00f3n del mismo.<\/p>\n\n\n\n<p><strong>Empadronamiento de menores de padres separados o divorciados:<\/strong><\/p>\n\n\n\n<ul class=\"wp-block-list\">\n<li>Se realizar\u00e1 por el progenitor que ostente la guardia y custodia, lo que deber\u00e1 acreditarse mediante copia de la correspondiente resoluci\u00f3n judicial.<\/li>\n\n\n\n<li>Cuando la guardia y custodia es compartida debe exigirse la firma de ambos progenitores.<\/li>\n\n\n\n<li>Cuando excepcionalmente no se disponga de la firma de ambos progenitores deber\u00e1 aportarse declaraci\u00f3n responsable firmada por el progenitor que realiza la inscripci\u00f3n del menor.<\/li>\n<\/ul>\n\n\n\n<p><strong>Casos especiales de empadronamiento:<\/strong><\/p>\n\n\n\n<p>Personas sin domicilio fijo, en caravanas, de ocupas u otras situaciones an\u00e1logas deber\u00e1n presentar un escrito solicitando su empadronamiento.<\/p>\n\n\n\n<p>La hoja padronal ser\u00e1 firmada por todos los vecinos que figuran en la misma o, en su caso, por su representante legal.<\/p>\n\n\n\n<p>Puede obtenerlo a trav\u00e9s de la Sede Electr\u00f3nica en el siguiente enlace:<\/p>\n\n\n\n<p><a href=\"https:\/\/www.oficinavirtual.aldaia.es\/portalCiudadano\/portal\/entidades.do\" target=\"_blank\" rel=\"noreferrer noopener\">Portal Ciudadano<\/a><\/p>\n\n\n\n<p>o presencialmente en la Oficia de Informaci\u00f3n (OIA) con cita previa.<\/p>\n\n\n\n<h2 class=\"wp-block-heading\">\u00bfC\u00f3mo solicitar Cita Previa?<\/h2>\n\n\n\n<p>Deber\u00e1 solicitar cita previa en el 96 150 15 00 oa trav\u00e9s de la web municipal en el siguiente enlace: <a href=\"https:\/\/citaprevia.aldaia.eu\/frontend.php\" target=\"_blank\" rel=\"noreferrer noopener\">CITA PREVIA<\/a> o en la APP del Ayuntamiento de Aldaia<br>El horario de atenci\u00f3n al cliente es de lunes a viernes de 9.00ha 14.00hy de lunes a jueves de 17.00ha 19.00h (horario de invierno), (de 9.00ha 14.00h horario de verano)<\/p>\n\n\n\n<h2 class=\"wp-block-heading\">\u00bfQu\u00e9 necesito para obtener el Certificado Digital?<\/h2>\n\n\n\n<p>Tendr\u00e1 que solicitar cita previa en el 96 150 15 00.<\/p>\n\n\n\n<p>En horario de atenci\u00f3n al cliente de lunes a viernes de 9,00 a 14,00h.<\/p>\n\n\n\n<p>1. Es necesario que el titular se persone en la Oficina de Informaci\u00f3n y Registro del Ayuntamiento de Aldaia.<\/p>\n\n\n\n<p>2. Si el titular es de nacionalidad espa\u00f1ola:<\/p>\n\n\n\n<ul class=\"wp-block-list\">\n<li>DNI, en vigor.<\/li>\n\n\n\n<li>Permiso de conducir en formato tarjeta, en vigor.<\/li>\n\n\n\n<li>Pasaporte espa\u00f1ol, en vigor.<\/li>\n<\/ul>\n\n\n\n<p>3. Si el titular no tiene nacionalidad espa\u00f1ola: NIE (N\u00famero de Identificaci\u00f3n de Extranjero). Aceptamos cualquier documento oficial que contenga el NIE (NIE, permiso de residencia, tarjeta de hacienda, folio de la Polic\u00eda Nacional etc.), teniendo en cuenta que:<\/p>\n\n\n\n<ul class=\"wp-block-list\">\n<li>Si el documento no tiene fotograf\u00eda deber\u00e1 presentar, adem\u00e1s, otro documento (pasaporte en vigor o documento de identidad de su pa\u00eds, en caso de ser comunitario) en el que aparezca la foto del solicitante para proceder a la su identificaci\u00f3n.<\/li>\n\n\n\n<li>Si el NIE no est\u00e1 en vigor, se solicitar\u00e1 la presentaci\u00f3n del pasaporte o documento de identidad del pa\u00eds de origen (en caso de ser comunitario) que est\u00e9n en vigor.<\/li>\n<\/ul>\n\n\n\n<p>Podr\u00e1 prescindirse de la personaci\u00f3n del solicitante SI Y SOLO SI la firma en la solicitud de expedici\u00f3n de un certificado reconocido ha sido legitimada en presencia notarial. El solicitante deber\u00e1 acudir a un notario para que certifique su voluntad de obtener un certificado digital y la autorizaci\u00f3n al representante para su recogida por cuenta del firmante.<\/p>\n\n\n\n<p>* Es obligatorio aportar una cuenta de correo electr\u00f3nico.<\/p>\n<\/div>\n<\/div>\n\n\n\n<div class=\"wp-block-columns is-layout-flex wp-container-core-columns-is-layout-9d6595d7 wp-block-columns-is-layout-flex\">\n<div class=\"wp-block-column lista_adjuntos is-layout-flow wp-block-column-is-layout-flow\">\n<h2 class=\"wp-block-heading display-4\">Enlaces<\/h2>\n\n\n\n<p><i class=\"fas fa-file-pdf\"><\/i> <a href=\"https:\/\/www.oficinavirtual.aldaia.es\/portalCiudadano\/portal\/entidades.do\" target=\"_blank\" rel=\"noreferrer noopener\">Oficina virtual<\/a><\/p>\n\n\n\n<p><i class=\"fas fa-file-pdf\"><\/i> <a href=\"https:\/\/citaprevia.aldaia.es\/\" target=\"_blank\" rel=\"noreferrer noopener\">Cita previa<\/a><\/p>\n<\/div>\n<\/div>\n","protected":false},"excerpt":{"rendered":"<p>OIA \u00b7 Oficina de Informaci\u00f3n y Atenci\u00f3n al Ciudadano \u00bfQu\u00e9 es el OIA? La Oficina de Informaci\u00f3n es el servicio de referencia del Ayuntamiento y primer punto de acceso para <a class=\"text-decoration-none text-black\" href=\"https:\/\/aldaia.es\/es\/servicios-administrativos\/oficina-de-informacion-y-registro\/\"> &#8230; <\/a><\/p>\n","protected":false},"author":16,"featured_media":0,"parent":6255,"menu_order":0,"comment_status":"closed","ping_status":"closed","template":"basic-page-departamentos.php","meta":{"_acf_changed":false,"footnotes":""},"class_list":["post-6555","page","type-page","status-publish","hentry"],"acf":[],"yoast_head":"<!-- This site is optimized with the Yoast SEO plugin v27.0 - https:\/\/yoast.com\/product\/yoast-seo-wordpress\/ -->\n<title>OIA \u00b7 Oficina de Informaci\u00f3n y Atenci\u00f3n al Ciudadano - Ayuntamiento de Aldaia<\/title>\n<meta name=\"description\" content=\"La Oficina de Informaci\u00f3n es el servicio de referencia del Ayuntamiento y primer punto de acceso para la ciudadan\u00eda. Ayuntamiento de Aldaia.\" \/>\n<meta name=\"robots\" content=\"index, follow, max-snippet:-1, max-image-preview:large, max-video-preview:-1\" \/>\n<link rel=\"canonical\" href=\"https:\/\/aldaia.es\/es\/servicios-administrativos\/oficina-de-informacion-y-registro\/\" \/>\n<meta property=\"og:locale\" content=\"es_ES\" \/>\n<meta property=\"og:type\" content=\"article\" \/>\n<meta property=\"og:title\" content=\"OIA \u00b7 Oficina de Informaci\u00f3n y Atenci\u00f3n al Ciudadano - Ayuntamiento de Aldaia\" \/>\n<meta property=\"og:description\" content=\"La Oficina de Informaci\u00f3n es el servicio de referencia del Ayuntamiento y primer punto de acceso para la ciudadan\u00eda. Ayuntamiento de Aldaia.\" \/>\n<meta property=\"og:url\" content=\"https:\/\/aldaia.es\/es\/servicios-administrativos\/oficina-de-informacion-y-registro\/\" \/>\n<meta property=\"og:site_name\" content=\"Ayuntamiento de Aldaia\" \/>\n<meta property=\"article:modified_time\" content=\"2024-11-20T10:45:59+00:00\" \/>\n<script type=\"application\/ld+json\" class=\"yoast-schema-graph\">{\"@context\":\"https:\/\/schema.org\",\"@graph\":[{\"@type\":\"WebPage\",\"@id\":\"https:\/\/aldaia.es\/es\/servicios-administrativos\/oficina-de-informacion-y-registro\/\",\"url\":\"https:\/\/aldaia.es\/es\/servicios-administrativos\/oficina-de-informacion-y-registro\/\",\"name\":\"OIA \u00b7 Oficina de Informaci\u00f3n y Atenci\u00f3n al Ciudadano - Ayuntamiento de Aldaia\",\"isPartOf\":{\"@id\":\"https:\/\/aldaia.es\/es\/#website\"},\"datePublished\":\"2022-08-30T06:52:03+00:00\",\"dateModified\":\"2024-11-20T10:45:59+00:00\",\"description\":\"La Oficina de Informaci\u00f3n es el servicio de referencia del Ayuntamiento y primer punto de acceso para la ciudadan\u00eda. Ayuntamiento de Aldaia.\",\"breadcrumb\":{\"@id\":\"https:\/\/aldaia.es\/es\/servicios-administrativos\/oficina-de-informacion-y-registro\/#breadcrumb\"},\"inLanguage\":\"es\",\"potentialAction\":[{\"@type\":\"ReadAction\",\"target\":[\"https:\/\/aldaia.es\/es\/servicios-administrativos\/oficina-de-informacion-y-registro\/\"]}]},{\"@type\":\"BreadcrumbList\",\"@id\":\"https:\/\/aldaia.es\/es\/servicios-administrativos\/oficina-de-informacion-y-registro\/#breadcrumb\",\"itemListElement\":[{\"@type\":\"ListItem\",\"position\":1,\"name\":\"Portada\",\"item\":\"https:\/\/aldaia.es\/es\/\"},{\"@type\":\"ListItem\",\"position\":2,\"name\":\"Servicios administrativos\",\"item\":\"https:\/\/aldaia.es\/es\/servicios-administrativos\/\"},{\"@type\":\"ListItem\",\"position\":3,\"name\":\"OIA \u00b7 Oficina de Informaci\u00f3n y Atenci\u00f3n al Ciudadano\"}]},{\"@type\":\"WebSite\",\"@id\":\"https:\/\/aldaia.es\/es\/#website\",\"url\":\"https:\/\/aldaia.es\/es\/\",\"name\":\"Ajuntament D'Aldaia\",\"description\":\"\",\"publisher\":{\"@id\":\"https:\/\/aldaia.es\/es\/#organization\"},\"alternateName\":\"Ajuntament D'Aldaia\",\"potentialAction\":[{\"@type\":\"SearchAction\",\"target\":{\"@type\":\"EntryPoint\",\"urlTemplate\":\"https:\/\/aldaia.es\/es\/?s={search_term_string}\"},\"query-input\":{\"@type\":\"PropertyValueSpecification\",\"valueRequired\":true,\"valueName\":\"search_term_string\"}}],\"inLanguage\":\"es\"},{\"@type\":\"Organization\",\"@id\":\"https:\/\/aldaia.es\/es\/#organization\",\"name\":\"Ajuntament D'Aldaia\",\"url\":\"https:\/\/aldaia.es\/es\/\",\"logo\":{\"@type\":\"ImageObject\",\"inLanguage\":\"es\",\"@id\":\"https:\/\/aldaia.es\/es\/#\/schema\/logo\/image\/\",\"url\":\"https:\/\/aldaia.es\/wp-content\/uploads\/2022\/06\/aldaia-negro-1.png\",\"contentUrl\":\"https:\/\/aldaia.es\/wp-content\/uploads\/2022\/06\/aldaia-negro-1.png\",\"width\":152,\"height\":70,\"caption\":\"Ajuntament D'Aldaia\"},\"image\":{\"@id\":\"https:\/\/aldaia.es\/es\/#\/schema\/logo\/image\/\"}}]}<\/script>\n<!-- \/ Yoast SEO plugin. -->","yoast_head_json":{"title":"OIA \u00b7 Oficina de Informaci\u00f3n y Atenci\u00f3n al Ciudadano - Ayuntamiento de Aldaia","description":"La Oficina de Informaci\u00f3n es el servicio de referencia del Ayuntamiento y primer punto de acceso para la ciudadan\u00eda. Ayuntamiento de Aldaia.","robots":{"index":"index","follow":"follow","max-snippet":"max-snippet:-1","max-image-preview":"max-image-preview:large","max-video-preview":"max-video-preview:-1"},"canonical":"https:\/\/aldaia.es\/es\/servicios-administrativos\/oficina-de-informacion-y-registro\/","og_locale":"es_ES","og_type":"article","og_title":"OIA \u00b7 Oficina de Informaci\u00f3n y Atenci\u00f3n al Ciudadano - Ayuntamiento de Aldaia","og_description":"La Oficina de Informaci\u00f3n es el servicio de referencia del Ayuntamiento y primer punto de acceso para la ciudadan\u00eda. Ayuntamiento de Aldaia.","og_url":"https:\/\/aldaia.es\/es\/servicios-administrativos\/oficina-de-informacion-y-registro\/","og_site_name":"Ayuntamiento de Aldaia","article_modified_time":"2024-11-20T10:45:59+00:00","schema":{"@context":"https:\/\/schema.org","@graph":[{"@type":"WebPage","@id":"https:\/\/aldaia.es\/es\/servicios-administrativos\/oficina-de-informacion-y-registro\/","url":"https:\/\/aldaia.es\/es\/servicios-administrativos\/oficina-de-informacion-y-registro\/","name":"OIA \u00b7 Oficina de Informaci\u00f3n y Atenci\u00f3n al Ciudadano - Ayuntamiento de Aldaia","isPartOf":{"@id":"https:\/\/aldaia.es\/es\/#website"},"datePublished":"2022-08-30T06:52:03+00:00","dateModified":"2024-11-20T10:45:59+00:00","description":"La Oficina de Informaci\u00f3n es el servicio de referencia del Ayuntamiento y primer punto de acceso para la ciudadan\u00eda. Ayuntamiento de Aldaia.","breadcrumb":{"@id":"https:\/\/aldaia.es\/es\/servicios-administrativos\/oficina-de-informacion-y-registro\/#breadcrumb"},"inLanguage":"es","potentialAction":[{"@type":"ReadAction","target":["https:\/\/aldaia.es\/es\/servicios-administrativos\/oficina-de-informacion-y-registro\/"]}]},{"@type":"BreadcrumbList","@id":"https:\/\/aldaia.es\/es\/servicios-administrativos\/oficina-de-informacion-y-registro\/#breadcrumb","itemListElement":[{"@type":"ListItem","position":1,"name":"Portada","item":"https:\/\/aldaia.es\/es\/"},{"@type":"ListItem","position":2,"name":"Servicios administrativos","item":"https:\/\/aldaia.es\/es\/servicios-administrativos\/"},{"@type":"ListItem","position":3,"name":"OIA \u00b7 Oficina de Informaci\u00f3n y Atenci\u00f3n al Ciudadano"}]},{"@type":"WebSite","@id":"https:\/\/aldaia.es\/es\/#website","url":"https:\/\/aldaia.es\/es\/","name":"Ajuntament D'Aldaia","description":"","publisher":{"@id":"https:\/\/aldaia.es\/es\/#organization"},"alternateName":"Ajuntament D'Aldaia","potentialAction":[{"@type":"SearchAction","target":{"@type":"EntryPoint","urlTemplate":"https:\/\/aldaia.es\/es\/?s={search_term_string}"},"query-input":{"@type":"PropertyValueSpecification","valueRequired":true,"valueName":"search_term_string"}}],"inLanguage":"es"},{"@type":"Organization","@id":"https:\/\/aldaia.es\/es\/#organization","name":"Ajuntament D'Aldaia","url":"https:\/\/aldaia.es\/es\/","logo":{"@type":"ImageObject","inLanguage":"es","@id":"https:\/\/aldaia.es\/es\/#\/schema\/logo\/image\/","url":"https:\/\/aldaia.es\/wp-content\/uploads\/2022\/06\/aldaia-negro-1.png","contentUrl":"https:\/\/aldaia.es\/wp-content\/uploads\/2022\/06\/aldaia-negro-1.png","width":152,"height":70,"caption":"Ajuntament D'Aldaia"},"image":{"@id":"https:\/\/aldaia.es\/es\/#\/schema\/logo\/image\/"}}]}},"_links":{"self":[{"href":"https:\/\/aldaia.es\/es\/wp-json\/wp\/v2\/pages\/6555","targetHints":{"allow":["GET"]}}],"collection":[{"href":"https:\/\/aldaia.es\/es\/wp-json\/wp\/v2\/pages"}],"about":[{"href":"https:\/\/aldaia.es\/es\/wp-json\/wp\/v2\/types\/page"}],"author":[{"embeddable":true,"href":"https:\/\/aldaia.es\/es\/wp-json\/wp\/v2\/users\/16"}],"replies":[{"embeddable":true,"href":"https:\/\/aldaia.es\/es\/wp-json\/wp\/v2\/comments?post=6555"}],"version-history":[{"count":8,"href":"https:\/\/aldaia.es\/es\/wp-json\/wp\/v2\/pages\/6555\/revisions"}],"predecessor-version":[{"id":34735,"href":"https:\/\/aldaia.es\/es\/wp-json\/wp\/v2\/pages\/6555\/revisions\/34735"}],"up":[{"embeddable":true,"href":"https:\/\/aldaia.es\/es\/wp-json\/wp\/v2\/pages\/6255"}],"wp:attachment":[{"href":"https:\/\/aldaia.es\/es\/wp-json\/wp\/v2\/media?parent=6555"}],"curies":[{"name":"wp","href":"https:\/\/api.w.org\/{rel}","templated":true}]}}