{"id":8754,"date":"2023-02-28T11:02:14","date_gmt":"2023-02-28T10:02:14","guid":{"rendered":"https:\/\/aldaia.es\/viii-concurso-de-fallas-escolares-2023\/"},"modified":"2026-03-03T13:32:55","modified_gmt":"2026-03-03T12:32:55","slug":"concurso-de-fallas-escolares","status":"publish","type":"page","link":"https:\/\/aldaia.es\/es\/educacion\/concurso-de-fallas-escolares\/","title":{"rendered":"XI Concurso de fallas escolares 2026"},"content":{"rendered":"\n<div class=\"wp-block-columns dep-educacion is-layout-flex wp-container-core-columns-is-layout-9d6595d7 wp-block-columns-is-layout-flex\">\n<div class=\"wp-block-column is-layout-flow wp-block-column-is-layout-flow\" style=\"flex-basis:30%\"><!--  Info educacion -->\n\n \n\n<div class='bloque-infos-educacion wrapper-departamentos'>\n<p class=\"tit-bloque-infos\">Centro Municipal Vicent Andres Estell\u00e9s<\/p>\n        <div class='infos-departamento'>\n            <p>Av. Miguel Hern\u00e1ndez, 36, 46960 Aldaia, Valencia, Espa\u00f1a<\/p>\n            <p><i class=\"fa fa-phone\" aria-hidden=\"true\"><\/i> <a href=\"tel:+34961510693\">+34 96 198 88 12<\/a><\/p>\n            <p><strong>Horari:<\/strong><\/p>\n            <p>Lunes a Viernes de 9:00 a 14:00 horas. Tardes lunes de 17:00 a 19:00 horas.<\/p>\n            <p><i class=\"fas fa-envelope\"><\/i> <a href=\"mailto:educacio@ajuntamentaldaia.org\">educacio@ajuntamentaldaia.org<\/a><\/p>\n           \n        <\/div>\n\n        <div class='mapa-1'>\n        <iframe src=\"https:\/\/www.google.com\/maps\/embed?pb=!1m18!1m12!1m3!1d2690.682908478369!2d-0.4686331129630299!3d39.46730324512737!2m3!1f0!2f0!3f0!3m2!1i1024!2i768!4f13.1!3m3!1m2!1s0xd605015adeec8f5%3A0x8b1b4140f8e0c4b3!2sCentre%20Municipal%20Vicent%20Andres%20Estell%C3%A9s!5e0!3m2!1ses!2sus!4v1726660218475!5m2!1ses!2sus\" width=\"100%\" height=\"450\" style=\"border:0;\" allowfullscreen=\"\" loading=\"lazy\" referrerpolicy=\"no-referrer-when-downgrade\"><\/iframe>\n        <\/div>\n\n    <\/div>\n    <!-- end bloque infos -->\n   \n\n    \n\n\n<\/div>\n\n\n\n<div class=\"wp-block-column is-layout-flow wp-block-column-is-layout-flow\" style=\"flex-basis:70%\">\n<h1 class=\"wp-block-heading\">XI Concurso de fallas escolares 2026<\/h1>\n\n\n\n<figure class=\"wp-block-image size-large\"><img loading=\"lazy\" decoding=\"async\" width=\"724\" height=\"1024\" src=\"https:\/\/aldaia.es\/wp-content\/uploads\/2026\/03\/CARTEL-CONCURSO-FALLAS-ESCOLARES-2026-724x1024.png\" alt=\"\" class=\"wp-image-41099\" srcset=\"https:\/\/aldaia.es\/wp-content\/uploads\/2026\/03\/CARTEL-CONCURSO-FALLAS-ESCOLARES-2026-724x1024.png 724w, https:\/\/aldaia.es\/wp-content\/uploads\/2026\/03\/CARTEL-CONCURSO-FALLAS-ESCOLARES-2026-212x300.png 212w, https:\/\/aldaia.es\/wp-content\/uploads\/2026\/03\/CARTEL-CONCURSO-FALLAS-ESCOLARES-2026-768x1086.png 768w, https:\/\/aldaia.es\/wp-content\/uploads\/2026\/03\/CARTEL-CONCURSO-FALLAS-ESCOLARES-2026-1086x1536.png 1086w, https:\/\/aldaia.es\/wp-content\/uploads\/2026\/03\/CARTEL-CONCURSO-FALLAS-ESCOLARES-2026-1448x2048.png 1448w, https:\/\/aldaia.es\/wp-content\/uploads\/2026\/03\/CARTEL-CONCURSO-FALLAS-ESCOLARES-2026-scaled.png 1810w\" sizes=\"auto, (max-width: 724px) 100vw, 724px\" \/><\/figure>\n\n\n\n<p>Desde el Ayuntamiento de Aldaia se convoca el X CONCURSO DE FALLAS ESCOLARES 2025.<\/p>\n\n\n\n<p>El objetivo del concurso es fomentar entre los escolares los valores de trabajo en equipo, la creatividad art\u00edstica y la imaginaci\u00f3n, as\u00ed como la difusi\u00f3n de la cultura y las tradiciones valencianas.<\/p>\n\n\n\n<p>El concurso est\u00e1 dirigido en los siguientes centros de Aldaia:<\/p>\n\n\n\n<p>\u2013 Centros de Educaci\u00f3n Infantil privados.<br>\u2013 Escuelas Infantiles p\u00fablicas o municipales.<br>\u2013 Centros de Educaci\u00f3n Infantil, Primaria y Secundaria.<\/p>\n\n\n\n<p>Hay dos categor\u00edas: una para Fallas Infantiles (alumnado hasta 6 a\u00f1os) y otra para Fallas Grandes (el resto del alumnado).<\/p>\n\n\n\n<p>Tambi\u00e9n 5 premios por: Mejor libreto, Mejor mu\u00f1eco infantil, Mejor mu\u00f1eco mayor, Originalidad y Ingenio y gracia.<\/p>\n\n\n\n<p>Solo se podr\u00e1 presentar una falla por categor\u00eda, independientemente de que se haga por el Centro o por el AMPA.<\/p>\n\n\n\n<p><strong>El Jurado pasar\u00e1 por las distintas fallas el 11 de marzo 2026.<\/strong><\/p>\n\n\n\n<p><strong>El 12 de marzo de 2026 la entrega de premios en la sala polivalente del polideportivo a las 18:00 horas.<\/strong><\/p>\n\n\n\n<h2 class=\"wp-block-heading\">INSCRIPCIONES: PLAZO Y PRESENTACI\u00d3N<\/h2>\n\n\n\n<p>Para solicitar la participaci\u00f3n se presentar\u00e1n rellenados el ANEXO II (solicitud\/declaraci\u00f3n responsable) y el ANEXO III (ficha mantenimiento de terceros).<\/p>\n\n\n\n<p>El plazo para inscribirse ser\u00e1 del <strong>4 de marzo de 2026 hasta el 6 de marzo de 2026 <\/strong>incluido telem\u00e1ticamente con certificado digital del centro o del AMPA. Toda solicitud presentada fuera de plazo ser\u00e1 desestimada.<\/p>\n\n\n\n<p>La solicitud de inscripci\u00f3n se har\u00e1 por escrito del Centro o del AMPA debidamente identificada y firmada por el Director\/a, Jefe de Estudios o Presidente\/a del AMPA. El escrito de inscripci\u00f3n ir\u00e1 acompa\u00f1ado de la documentaci\u00f3n que se indica:<\/p>\n\n\n\n<p>\u2022 Esbozo de la falla en DIN A4.<\/p>\n\n\n\n<p><br>\u2022 Plano del emplazamiento de la falla en el centro.<\/p>\n\n\n\n<p><br>\u2022 Memoria descriptiva del proyecto con las condiciones t\u00e9cnicas para la construcci\u00f3n de la falla, as\u00ed como los materiales utilizados. Se pueden a\u00f1adir las explicaciones gr\u00e1ficas y t\u00e9cnicas que sean oportunas.<\/p>\n\n\n\n<p>\u2022 Llibret<\/p>\n\n\n\n<p><\/p>\n\n\n\n<p>Se podr\u00e1 presentar cualquier proyecto con total libertad en su planteamiento y realizaci\u00f3n.<\/p>\n\n\n\n<p>La falla se construir\u00e1 con material combustible y se valorar\u00e1 positivamente la utilizaci\u00f3n de materiales no contaminantes ni perjudiciales para el medio ambiente.<\/p>\n\n\n\n<p>Se garantiza el correcto tratamiento de toda la documentaci\u00f3n aportada y de los datos facilitados por los centros escolares participantes, seg\u00fan la Ley Org\u00e1nica 3\/2018, de 5 de diciembre, de Protecci\u00f3n de Datos Personales y garant\u00eda de los derechos digitales.<\/p>\n\n\n\n<p>La lengua vehicular ser\u00e1 el valenciano.<\/p>\n\n\n\n<p>Las medidas de las fallas ser\u00e1n de acuerdo con el espacio donde se tienen que ubicar para evitar riesgos innecesarios, pero en ning\u00fan caso ser\u00e1n superiores a 10 metros de di\u00e1metro y 4 metros de estatura.<\/p>\n\n\n\n<p>El Ayuntamiento de Aldaia \u00fanicamente es el organizador del concurso, cualquier incidente que tenga lugar dentro del centro educativo ser\u00e1 responsabilidad del centro.<\/p>\n\n\n\n<p><strong>Adjunto pod\u00e9is consultar las bases completas, y la documentaci\u00f3n a presentar.<\/strong><\/p>\n<\/div>\n<\/div>\n\n\n\n<div style=\"height:42px\" aria-hidden=\"true\" class=\"wp-block-spacer\"><\/div>\n\n\n\n<div class=\"wp-block-columns is-layout-flex wp-container-core-columns-is-layout-9d6595d7 wp-block-columns-is-layout-flex\">\n<div class=\"wp-block-column lista_adjuntos is-layout-flow wp-block-column-is-layout-flow\">\n<h2 class=\"wp-block-heading  display-4\">Adjuntos<\/h2>\n\n\n\n<p><i class=\"fas fa-file-pdf\"><\/i> <a href=\"https:\/\/aldaia.es\/wp-content\/uploads\/2026\/03\/Decret-convocatoria.pdf\" target=\"_blank\" rel=\"noreferrer noopener\">Publicaci\u00f3n BOP X &#8211; Concurso de Fallas Escolares 2026<\/a><\/p>\n\n\n\n<p><i class=\"fas fa-file-pdf\"><\/i> <a href=\"https:\/\/aldaia.es\/wp-content\/uploads\/2025\/02\/Annex-II-Concurs-Falles-2025-auto-rellenable.pdf\" target=\"_blank\" rel=\"noreferrer noopener\"><strong>ANEXO II<\/strong><\/a><\/p>\n\n\n\n<p><i class=\"fas fa-file-pdf\"><\/i> <a href=\"https:\/\/aldaia.es\/wp-content\/uploads\/2024\/02\/Annex-III-Fitxa-de-manteniment-de-tercers.pdf\" target=\"_blank\" rel=\"noreferrer noopener\"><strong>ANEXO III &#8211; Ficha de mantenimiento de terceros<\/strong><\/a><\/p>\n\n\n\n<p><\/p>\n<\/div>\n<\/div>\n\n\n\n<p><\/p>\n","protected":false},"excerpt":{"rendered":"<p>XI Concurso de fallas escolares 2026 Desde el Ayuntamiento de Aldaia se convoca el X CONCURSO DE FALLAS ESCOLARES 2025. El objetivo del concurso es fomentar entre los escolares los <a class=\"text-decoration-none text-black\" href=\"https:\/\/aldaia.es\/es\/educacion\/concurso-de-fallas-escolares\/\"> &#8230; <\/a><\/p>\n","protected":false},"author":4,"featured_media":0,"parent":6252,"menu_order":0,"comment_status":"closed","ping_status":"closed","template":"basic-page-departamentos.php","meta":{"_acf_changed":false,"footnotes":""},"class_list":["post-8754","page","type-page","status-publish","hentry"],"acf":[],"yoast_head":"<!-- This site is optimized with the Yoast SEO plugin v27.0 - https:\/\/yoast.com\/product\/yoast-seo-wordpress\/ -->\n<title>XI Concurso de fallas escolares 2026 - Ayuntamiento de Aldaia<\/title>\n<meta name=\"description\" content=\"Desde el Ayuntamiento de Aldaia se convoca el IX CONCURSO DE FALLAS ESCOLARES. Informaci\u00f3n de la convocatoria cada a\u00f1o.\" \/>\n<meta name=\"robots\" content=\"index, follow, max-snippet:-1, max-image-preview:large, max-video-preview:-1\" \/>\n<link rel=\"canonical\" href=\"https:\/\/aldaia.es\/es\/educacion\/concurso-de-fallas-escolares\/\" \/>\n<meta property=\"og:locale\" content=\"es_ES\" \/>\n<meta property=\"og:type\" content=\"article\" \/>\n<meta property=\"og:title\" content=\"XI Concurso de fallas escolares 2026 - Ayuntamiento de Aldaia\" \/>\n<meta property=\"og:description\" content=\"Desde el Ayuntamiento de Aldaia se convoca el IX CONCURSO DE FALLAS ESCOLARES. Informaci\u00f3n de la convocatoria cada a\u00f1o.\" \/>\n<meta property=\"og:url\" content=\"https:\/\/aldaia.es\/es\/educacion\/concurso-de-fallas-escolares\/\" \/>\n<meta property=\"og:site_name\" content=\"Ayuntamiento de Aldaia\" \/>\n<meta property=\"article:modified_time\" content=\"2026-03-03T12:32:55+00:00\" \/>\n<meta property=\"og:image\" content=\"https:\/\/aldaia.es\/wp-content\/uploads\/2026\/03\/CARTEL-CONCURSO-FALLAS-ESCOLARES-2026-scaled.png\" \/>\n\t<meta property=\"og:image:width\" content=\"1810\" \/>\n\t<meta property=\"og:image:height\" content=\"2560\" \/>\n\t<meta property=\"og:image:type\" content=\"image\/png\" \/>\n<script type=\"application\/ld+json\" class=\"yoast-schema-graph\">{\"@context\":\"https:\/\/schema.org\",\"@graph\":[{\"@type\":\"WebPage\",\"@id\":\"https:\/\/aldaia.es\/es\/educacion\/concurso-de-fallas-escolares\/\",\"url\":\"https:\/\/aldaia.es\/es\/educacion\/concurso-de-fallas-escolares\/\",\"name\":\"XI Concurso de fallas escolares 2026 - Ayuntamiento de Aldaia\",\"isPartOf\":{\"@id\":\"https:\/\/aldaia.es\/es\/#website\"},\"primaryImageOfPage\":{\"@id\":\"https:\/\/aldaia.es\/es\/educacion\/concurso-de-fallas-escolares\/#primaryimage\"},\"image\":{\"@id\":\"https:\/\/aldaia.es\/es\/educacion\/concurso-de-fallas-escolares\/#primaryimage\"},\"thumbnailUrl\":\"https:\/\/aldaia.es\/wp-content\/uploads\/2026\/03\/CARTEL-CONCURSO-FALLAS-ESCOLARES-2026-724x1024.png\",\"datePublished\":\"2023-02-28T10:02:14+00:00\",\"dateModified\":\"2026-03-03T12:32:55+00:00\",\"description\":\"Desde el Ayuntamiento de Aldaia se convoca el IX CONCURSO DE FALLAS ESCOLARES. Informaci\u00f3n de la convocatoria cada a\u00f1o.\",\"breadcrumb\":{\"@id\":\"https:\/\/aldaia.es\/es\/educacion\/concurso-de-fallas-escolares\/#breadcrumb\"},\"inLanguage\":\"es\",\"potentialAction\":[{\"@type\":\"ReadAction\",\"target\":[\"https:\/\/aldaia.es\/es\/educacion\/concurso-de-fallas-escolares\/\"]}]},{\"@type\":\"ImageObject\",\"inLanguage\":\"es\",\"@id\":\"https:\/\/aldaia.es\/es\/educacion\/concurso-de-fallas-escolares\/#primaryimage\",\"url\":\"https:\/\/aldaia.es\/wp-content\/uploads\/2026\/03\/CARTEL-CONCURSO-FALLAS-ESCOLARES-2026-724x1024.png\",\"contentUrl\":\"https:\/\/aldaia.es\/wp-content\/uploads\/2026\/03\/CARTEL-CONCURSO-FALLAS-ESCOLARES-2026-724x1024.png\"},{\"@type\":\"BreadcrumbList\",\"@id\":\"https:\/\/aldaia.es\/es\/educacion\/concurso-de-fallas-escolares\/#breadcrumb\",\"itemListElement\":[{\"@type\":\"ListItem\",\"position\":1,\"name\":\"Portada\",\"item\":\"https:\/\/aldaia.es\/es\/\"},{\"@type\":\"ListItem\",\"position\":2,\"name\":\"Educaci\u00f3n\",\"item\":\"https:\/\/aldaia.es\/es\/educacion\/\"},{\"@type\":\"ListItem\",\"position\":3,\"name\":\"XI Concurso de fallas escolares 2026\"}]},{\"@type\":\"WebSite\",\"@id\":\"https:\/\/aldaia.es\/es\/#website\",\"url\":\"https:\/\/aldaia.es\/es\/\",\"name\":\"Ajuntament D'Aldaia\",\"description\":\"\",\"publisher\":{\"@id\":\"https:\/\/aldaia.es\/es\/#organization\"},\"alternateName\":\"Ajuntament D'Aldaia\",\"potentialAction\":[{\"@type\":\"SearchAction\",\"target\":{\"@type\":\"EntryPoint\",\"urlTemplate\":\"https:\/\/aldaia.es\/es\/?s={search_term_string}\"},\"query-input\":{\"@type\":\"PropertyValueSpecification\",\"valueRequired\":true,\"valueName\":\"search_term_string\"}}],\"inLanguage\":\"es\"},{\"@type\":\"Organization\",\"@id\":\"https:\/\/aldaia.es\/es\/#organization\",\"name\":\"Ajuntament D'Aldaia\",\"url\":\"https:\/\/aldaia.es\/es\/\",\"logo\":{\"@type\":\"ImageObject\",\"inLanguage\":\"es\",\"@id\":\"https:\/\/aldaia.es\/es\/#\/schema\/logo\/image\/\",\"url\":\"https:\/\/aldaia.es\/wp-content\/uploads\/2022\/06\/aldaia-negro-1.png\",\"contentUrl\":\"https:\/\/aldaia.es\/wp-content\/uploads\/2022\/06\/aldaia-negro-1.png\",\"width\":152,\"height\":70,\"caption\":\"Ajuntament D'Aldaia\"},\"image\":{\"@id\":\"https:\/\/aldaia.es\/es\/#\/schema\/logo\/image\/\"}}]}<\/script>\n<!-- \/ Yoast SEO plugin. -->","yoast_head_json":{"title":"XI Concurso de fallas escolares 2026 - Ayuntamiento de Aldaia","description":"Desde el Ayuntamiento de Aldaia se convoca el IX CONCURSO DE FALLAS ESCOLARES. Informaci\u00f3n de la convocatoria cada a\u00f1o.","robots":{"index":"index","follow":"follow","max-snippet":"max-snippet:-1","max-image-preview":"max-image-preview:large","max-video-preview":"max-video-preview:-1"},"canonical":"https:\/\/aldaia.es\/es\/educacion\/concurso-de-fallas-escolares\/","og_locale":"es_ES","og_type":"article","og_title":"XI Concurso de fallas escolares 2026 - Ayuntamiento de Aldaia","og_description":"Desde el Ayuntamiento de Aldaia se convoca el IX CONCURSO DE FALLAS ESCOLARES. Informaci\u00f3n de la convocatoria cada a\u00f1o.","og_url":"https:\/\/aldaia.es\/es\/educacion\/concurso-de-fallas-escolares\/","og_site_name":"Ayuntamiento de Aldaia","article_modified_time":"2026-03-03T12:32:55+00:00","og_image":[{"width":1810,"height":2560,"url":"https:\/\/aldaia.es\/wp-content\/uploads\/2026\/03\/CARTEL-CONCURSO-FALLAS-ESCOLARES-2026-scaled.png","type":"image\/png"}],"schema":{"@context":"https:\/\/schema.org","@graph":[{"@type":"WebPage","@id":"https:\/\/aldaia.es\/es\/educacion\/concurso-de-fallas-escolares\/","url":"https:\/\/aldaia.es\/es\/educacion\/concurso-de-fallas-escolares\/","name":"XI Concurso de fallas escolares 2026 - Ayuntamiento de Aldaia","isPartOf":{"@id":"https:\/\/aldaia.es\/es\/#website"},"primaryImageOfPage":{"@id":"https:\/\/aldaia.es\/es\/educacion\/concurso-de-fallas-escolares\/#primaryimage"},"image":{"@id":"https:\/\/aldaia.es\/es\/educacion\/concurso-de-fallas-escolares\/#primaryimage"},"thumbnailUrl":"https:\/\/aldaia.es\/wp-content\/uploads\/2026\/03\/CARTEL-CONCURSO-FALLAS-ESCOLARES-2026-724x1024.png","datePublished":"2023-02-28T10:02:14+00:00","dateModified":"2026-03-03T12:32:55+00:00","description":"Desde el Ayuntamiento de Aldaia se convoca el IX CONCURSO DE FALLAS ESCOLARES. Informaci\u00f3n de la convocatoria cada a\u00f1o.","breadcrumb":{"@id":"https:\/\/aldaia.es\/es\/educacion\/concurso-de-fallas-escolares\/#breadcrumb"},"inLanguage":"es","potentialAction":[{"@type":"ReadAction","target":["https:\/\/aldaia.es\/es\/educacion\/concurso-de-fallas-escolares\/"]}]},{"@type":"ImageObject","inLanguage":"es","@id":"https:\/\/aldaia.es\/es\/educacion\/concurso-de-fallas-escolares\/#primaryimage","url":"https:\/\/aldaia.es\/wp-content\/uploads\/2026\/03\/CARTEL-CONCURSO-FALLAS-ESCOLARES-2026-724x1024.png","contentUrl":"https:\/\/aldaia.es\/wp-content\/uploads\/2026\/03\/CARTEL-CONCURSO-FALLAS-ESCOLARES-2026-724x1024.png"},{"@type":"BreadcrumbList","@id":"https:\/\/aldaia.es\/es\/educacion\/concurso-de-fallas-escolares\/#breadcrumb","itemListElement":[{"@type":"ListItem","position":1,"name":"Portada","item":"https:\/\/aldaia.es\/es\/"},{"@type":"ListItem","position":2,"name":"Educaci\u00f3n","item":"https:\/\/aldaia.es\/es\/educacion\/"},{"@type":"ListItem","position":3,"name":"XI Concurso de fallas escolares 2026"}]},{"@type":"WebSite","@id":"https:\/\/aldaia.es\/es\/#website","url":"https:\/\/aldaia.es\/es\/","name":"Ajuntament D'Aldaia","description":"","publisher":{"@id":"https:\/\/aldaia.es\/es\/#organization"},"alternateName":"Ajuntament D'Aldaia","potentialAction":[{"@type":"SearchAction","target":{"@type":"EntryPoint","urlTemplate":"https:\/\/aldaia.es\/es\/?s={search_term_string}"},"query-input":{"@type":"PropertyValueSpecification","valueRequired":true,"valueName":"search_term_string"}}],"inLanguage":"es"},{"@type":"Organization","@id":"https:\/\/aldaia.es\/es\/#organization","name":"Ajuntament D'Aldaia","url":"https:\/\/aldaia.es\/es\/","logo":{"@type":"ImageObject","inLanguage":"es","@id":"https:\/\/aldaia.es\/es\/#\/schema\/logo\/image\/","url":"https:\/\/aldaia.es\/wp-content\/uploads\/2022\/06\/aldaia-negro-1.png","contentUrl":"https:\/\/aldaia.es\/wp-content\/uploads\/2022\/06\/aldaia-negro-1.png","width":152,"height":70,"caption":"Ajuntament D'Aldaia"},"image":{"@id":"https:\/\/aldaia.es\/es\/#\/schema\/logo\/image\/"}}]}},"_links":{"self":[{"href":"https:\/\/aldaia.es\/es\/wp-json\/wp\/v2\/pages\/8754","targetHints":{"allow":["GET"]}}],"collection":[{"href":"https:\/\/aldaia.es\/es\/wp-json\/wp\/v2\/pages"}],"about":[{"href":"https:\/\/aldaia.es\/es\/wp-json\/wp\/v2\/types\/page"}],"author":[{"embeddable":true,"href":"https:\/\/aldaia.es\/es\/wp-json\/wp\/v2\/users\/4"}],"replies":[{"embeddable":true,"href":"https:\/\/aldaia.es\/es\/wp-json\/wp\/v2\/comments?post=8754"}],"version-history":[{"count":24,"href":"https:\/\/aldaia.es\/es\/wp-json\/wp\/v2\/pages\/8754\/revisions"}],"predecessor-version":[{"id":41106,"href":"https:\/\/aldaia.es\/es\/wp-json\/wp\/v2\/pages\/8754\/revisions\/41106"}],"up":[{"embeddable":true,"href":"https:\/\/aldaia.es\/es\/wp-json\/wp\/v2\/pages\/6252"}],"wp:attachment":[{"href":"https:\/\/aldaia.es\/es\/wp-json\/wp\/v2\/media?parent=8754"}],"curies":[{"name":"wp","href":"https:\/\/api.w.org\/{rel}","templated":true}]}}