{"id":118,"date":"2026-03-02T11:17:16","date_gmt":"2026-03-02T10:17:16","guid":{"rendered":"https:\/\/aldaia.es\/transportes\/?page_id=118"},"modified":"2026-03-16T13:35:09","modified_gmt":"2026-03-16T12:35:09","slug":"parades-bus-aldaia-horaris","status":"publish","type":"page","link":"https:\/\/aldaia.es\/transportes\/parades-bus-aldaia-horaris\/","title":{"rendered":"Parades i horaris"},"content":{"rendered":"\n<div class=\"wp-block-columns is-not-stacked-on-mobile icon-pag-paradas-horaris mb-0 is-layout-flex wp-container-core-columns-is-layout-9d6595d7 wp-block-columns-is-layout-flex\">\n<div class=\"wp-block-column is-layout-flow wp-block-column-is-layout-flow\">\n<h1 class=\"wp-block-heading text-primary\"><strong>Parades i horaris<\/strong><\/h1>\n<\/div>\n\n\n\n<div class=\"wp-block-column text-end is-layout-flow wp-block-column-is-layout-flow\" style=\"flex-basis:22%\">\n<figure class=\"wp-block-image size-large is-resized\"><img decoding=\"async\" src=\"https:\/\/aldaia.es\/transportes\/wp-content\/themes\/transport-aldaia-theme\/img\/reloj.svg\" alt=\"Enlaces\" style=\"width:90px\"\/><\/figure>\n<\/div>\n<\/div>\n\n\n\n<div class=\"wp-block-columns paradas mb-0 is-layout-flex wp-container-core-columns-is-layout-9d6595d7 wp-block-columns-is-layout-flex\">\n<div class=\"wp-block-column is-layout-flow wp-block-column-is-layout-flow\">\n<h2 class=\"wp-block-heading\"><strong>Escultor Melit\u00f3n Comes 11<\/strong><\/h2>\n\n\n\n<a title=\"Horaris l\u00ednia 106\" href=\"201\" class=\"open-bus-modal\">106<\/a> <a title=\"Horaris l\u00ednia 161\" href=\"218\" class=\"open-bus-modal\">161<\/a> <a title=\"Horaris l\u00ednia 162\" href=\"450\" class=\"open-bus-modal\">162<\/a> <a title=\"Horaris l\u00ednia 161N\" href=\"453\" class=\"open-bus-modal nocturno\">161N<\/a>\n\n\n\n<div style=\"height:18px\" aria-hidden=\"true\" class=\"wp-block-spacer\"><\/div>\n\n\n\n<h2 class=\"wp-block-heading\"><strong>Escultor Melit\u00f3n Comes 8<\/strong><\/h2>\n\n\n\n<a title=\"Horaris l\u00ednia 106\" href=\"487\" class=\"open-bus-modal\">106<\/a> <a title=\"Horaris l\u00ednia 161\" href=\"489\" class=\"open-bus-modal\">161<\/a> <a title=\"Horaris l\u00ednia 161N\" href=\"453\" class=\"open-bus-modal nocturno\">161N<\/a>\n\n\n\n<div style=\"height:18px\" aria-hidden=\"true\" class=\"wp-block-spacer\"><\/div>\n\n\n\n<h2 class=\"wp-block-heading\"><strong>Miguel Hern\u00e1ndez 54<\/strong><\/h2>\n\n\n\n<a title=\"Horaris l\u00ednia 160\" href=\"492\" class=\"open-bus-modal\">160<\/a>\n\n\n\n<div style=\"height:18px\" aria-hidden=\"true\" class=\"wp-block-spacer\"><\/div>\n\n\n\n<h2 class=\"wp-block-heading\"><strong>Mayor 87<\/strong><\/h2>\n\n\n\n<a title=\"Horaris l\u00ednia 106\" href=\"497\" class=\"open-bus-modal\">106<\/a> <a title=\"Horaris l\u00ednia 161\" href=\"498\" class=\"open-bus-modal\">161<\/a> <a title=\"Horaris l\u00ednia 161N\" href=\"502\" class=\"open-bus-modal nocturno\">161N<\/a>\n\n\n\n<div style=\"height:18px\" aria-hidden=\"true\" class=\"wp-block-spacer\"><\/div>\n\n\n\n<h2 class=\"wp-block-heading\"><strong>Coladors 48<\/strong><\/h2>\n\n\n\n<a title=\"Horaris l\u00ednia 160\" href=\"503\" class=\"open-bus-modal\">160<\/a> <a title=\"Horaris l\u00ednia 161\" href=\"506\" class=\"open-bus-modal\">161<\/a> <a title=\"Horaris l\u00ednia 161N\" href=\"508\" class=\"open-bus-modal nocturno\">161N<\/a>\n\n\n\n<div style=\"height:18px\" aria-hidden=\"true\" class=\"wp-block-spacer\"><\/div>\n\n\n\n<h2 class=\"wp-block-heading\"><strong>Coladors 8<\/strong><\/h2>\n\n\n\n<a title=\"Horaris l\u00ednia 160\" href=\"509\" class=\"open-bus-modal\">160<\/a> <a title=\"Horaris l\u00ednia 161\" href=\"512\" class=\"open-bus-modal\">161<\/a> <a title=\"Horaris l\u00ednia 161N\" href=\"514\" class=\"open-bus-modal nocturno\">161N<\/a>\n\n\n\n<div style=\"height:18px\" aria-hidden=\"true\" class=\"wp-block-spacer\"><\/div>\n\n\n\n<h2 class=\"wp-block-heading\"><strong>Blasco Iba\u00f1ez 21<\/strong><\/h2>\n\n\n\n<a title=\"Horaris l\u00ednia 160\" href=\"515\" class=\"open-bus-modal\">160<\/a>\n\n\n\n<div style=\"height:18px\" aria-hidden=\"true\" class=\"wp-block-spacer\"><\/div>\n\n\n\n<h2 class=\"wp-block-heading\"><strong><strong>Blasco Iba\u00f1ez 22<\/strong><\/strong><\/h2>\n\n\n\n<a title=\"Horaris l\u00ednia 160\" href=\"516\" class=\"open-bus-modal\">160<\/a>\n\n\n\n<div style=\"height:18px\" aria-hidden=\"true\" class=\"wp-block-spacer\"><\/div>\n\n\n\n<h2 class=\"wp-block-heading\"><strong>Cuenca 7<\/strong><\/h2>\n\n\n\n<a title=\"Horaris l\u00ednia 106\" href=\"524\" class=\"open-bus-modal\">106<\/a> <a title=\"Horaris l\u00ednia 161\" href=\"520\" class=\"open-bus-modal\">161<\/a> <a title=\"Horaris l\u00ednia 162\" href=\"525\" class=\"open-bus-modal\">162<\/a> <a title=\"Horaris l\u00ednia 161N\" href=\"523\" class=\"open-bus-modal nocturno\">161N<\/a>\n\n\n\n<div style=\"height:18px\" aria-hidden=\"true\" class=\"wp-block-spacer\"><\/div>\n\n\n\n<h2 class=\"wp-block-heading\"><strong>Coladors 47<\/strong><\/h2>\n\n\n\n<a  title=\"Horaris l\u00ednia 160\" href=\"526\" class=\"open-bus-modal\">160<\/a>\n\n\n\n<div style=\"height:18px\" aria-hidden=\"true\" class=\"wp-block-spacer\"><\/div>\n\n\n\n<h2 class=\"wp-block-heading\"><strong><strong>Miguel Hern\u00e1ndez 8<\/strong><\/strong><\/h2>\n\n\n\n<a title=\"Horaris l\u00ednia 160\" href=\"528\" class=\"open-bus-modal\">160<\/a>\n\n\n\n<div style=\"height:18px\" aria-hidden=\"true\" class=\"wp-block-spacer\"><\/div>\n\n\n\n<h2 class=\"wp-block-heading\"><strong><strong>Miguel Hern\u00e1ndez frente 44<\/strong><\/strong><\/h2>\n\n\n\n<a title=\"Horaris l\u00ednia 106\" href=\"530\" class=\"open-bus-modal\">106<\/a> <a title=\"Horaris l\u00ednia 161\" href=\"532\" class=\"open-bus-modal\">161<\/a> <a title=\"Horaris l\u00ednia 161N\" href=\"531\" class=\"open-bus-modal nocturno\">161N<\/a>\n\n\n\n<div style=\"height:18px\" aria-hidden=\"true\" class=\"wp-block-spacer\"><\/div>\n\n\n\n<h2 class=\"wp-block-heading\"><strong>Concordia 5<\/strong><\/h2>\n\n\n\n<a title=\"Horaris l\u00ednia 106\" href=\"533\" class=\"open-bus-modal\">106<\/a> <a title=\"Horaris l\u00ednia 161\" href=\"535\" class=\"open-bus-modal\">161<\/a> <a title=\"Horaris l\u00ednia 162\" href=\"536\" class=\"open-bus-modal\">162<\/a> <a title=\"Horaris l\u00ednia 161N\" href=\"534\" class=\"open-bus-modal nocturno\">161N<\/a>\n\n\n\n<div style=\"height:18px\" aria-hidden=\"true\" class=\"wp-block-spacer\"><\/div>\n\n\n\n<h2 class=\"wp-block-heading\"><strong><strong>Concordia 6<\/strong><\/strong><\/h2>\n\n\n\n<a title=\"Horaris l\u00ednia 106\" href=\"537\" class=\"open-bus-modal\">106<\/a> <a title=\"Horaris l\u00ednia 161\" href=\"542\" class=\"open-bus-modal\">161<\/a> <a title=\"Horaris l\u00ednia 162\" href=\"539\" class=\"open-bus-modal\">162<\/a> <a title=\"Horaris l\u00ednia 161N\" href=\"541\" class=\"open-bus-modal nocturno\">161N<\/a>\n\n\n\n<div style=\"height:18px\" aria-hidden=\"true\" class=\"wp-block-spacer\"><\/div>\n\n\n\n<h2 class=\"wp-block-heading\"><strong>Pablo Iglesias 17<\/strong><\/h2>\n\n\n\n<a title=\"Horaris l\u00ednia 160\" href=\"545\" class=\"open-bus-modal\">160<\/a>\n\n\n\n<div style=\"height:18px\" aria-hidden=\"true\" class=\"wp-block-spacer\"><\/div>\n<\/div>\n<\/div>\n","protected":false},"excerpt":{"rendered":"<p>Parades i horaris Escultor Melit\u00f3n Comes 11 106 161 162 161N Escultor Melit\u00f3n Comes 8 106 161 161N Miguel Hern\u00e1ndez 54 160 Mayor 87 106 161 161N Coladors 48 160 161 161N Coladors 8 160 161 161N Blasco Iba\u00f1ez 21 160 Blasco Iba\u00f1ez 22 160 Cuenca 7 106 161 162 161N Coladors 47 160 Miguel [&hellip;]<\/p>\n","protected":false},"author":1,"featured_media":0,"parent":0,"menu_order":0,"comment_status":"closed","ping_status":"closed","template":"page-templates\/page-no-title.php","meta":{"_acf_changed":false,"footnotes":""},"class_list":["post-118","page","type-page","status-publish","hentry"],"acf":[],"yoast_head":"<!-- This site is optimized with the Yoast SEO plugin v27.1.1 - https:\/\/yoast.com\/product\/yoast-seo-wordpress\/ -->\n<title>Parades i horaris - Transport Urb\u00e0 d&#039;Aldaia<\/title>\n<meta name=\"description\" content=\"Troba els horaris i el mapa de parades dels autobusos d\u00b4Aldaia. L\u00ednies de MetroBus, FernanB\u00fas i connexions amb Val\u00e8ncia i rodalies.\" \/>\n<meta name=\"robots\" content=\"index, follow, max-snippet:-1, max-image-preview:large, max-video-preview:-1\" \/>\n<link rel=\"canonical\" href=\"https:\/\/aldaia.es\/transportes\/parades-bus-aldaia-horaris\/\" \/>\n<meta property=\"og:locale\" content=\"es_ES\" \/>\n<meta property=\"og:type\" content=\"article\" \/>\n<meta property=\"og:title\" content=\"Parades i horaris - Transport Urb\u00e0 d&#039;Aldaia\" \/>\n<meta property=\"og:description\" content=\"Troba els horaris i el mapa de parades dels autobusos d\u00b4Aldaia. L\u00ednies de MetroBus, FernanB\u00fas i connexions amb Val\u00e8ncia i rodalies.\" \/>\n<meta property=\"og:url\" content=\"https:\/\/aldaia.es\/transportes\/parades-bus-aldaia-horaris\/\" \/>\n<meta property=\"og:site_name\" content=\"Transport Urb\u00e0 d&#039;Aldaia\" \/>\n<meta property=\"article:modified_time\" content=\"2026-03-16T12:35:09+00:00\" \/>\n<meta property=\"og:image\" content=\"https:\/\/aldaia.es\/transportes\/wp-content\/themes\/transport-aldaia-theme\/img\/reloj.svg\" \/>\n<meta name=\"twitter:card\" content=\"summary_large_image\" \/>\n<meta name=\"twitter:label1\" content=\"Tiempo de lectura\" \/>\n\t<meta name=\"twitter:data1\" content=\"1 minuto\" \/>\n<script type=\"application\/ld+json\" class=\"yoast-schema-graph\">{\"@context\":\"https:\/\/schema.org\",\"@graph\":[{\"@type\":\"WebPage\",\"@id\":\"https:\/\/aldaia.es\/transportes\/parades-bus-aldaia-horaris\/\",\"url\":\"https:\/\/aldaia.es\/transportes\/parades-bus-aldaia-horaris\/\",\"name\":\"Parades i horaris - Transport Urb\u00e0 d&#039;Aldaia\",\"isPartOf\":{\"@id\":\"https:\/\/aldaia.es\/transportes\/#website\"},\"primaryImageOfPage\":{\"@id\":\"https:\/\/aldaia.es\/transportes\/parades-bus-aldaia-horaris\/#primaryimage\"},\"image\":{\"@id\":\"https:\/\/aldaia.es\/transportes\/parades-bus-aldaia-horaris\/#primaryimage\"},\"thumbnailUrl\":\"https:\/\/aldaia.es\/transportes\/wp-content\/themes\/transport-aldaia-theme\/img\/reloj.svg\",\"datePublished\":\"2026-03-02T10:17:16+00:00\",\"dateModified\":\"2026-03-16T12:35:09+00:00\",\"description\":\"Troba els horaris i el mapa de parades dels autobusos d\u00b4Aldaia. L\u00ednies de MetroBus, FernanB\u00fas i connexions amb Val\u00e8ncia i rodalies.\",\"breadcrumb\":{\"@id\":\"https:\/\/aldaia.es\/transportes\/parades-bus-aldaia-horaris\/#breadcrumb\"},\"inLanguage\":\"es\",\"potentialAction\":[{\"@type\":\"ReadAction\",\"target\":[\"https:\/\/aldaia.es\/transportes\/parades-bus-aldaia-horaris\/\"]}]},{\"@type\":\"ImageObject\",\"inLanguage\":\"es\",\"@id\":\"https:\/\/aldaia.es\/transportes\/parades-bus-aldaia-horaris\/#primaryimage\",\"url\":\"https:\/\/aldaia.es\/transportes\/wp-content\/themes\/transport-aldaia-theme\/img\/reloj.svg\",\"contentUrl\":\"https:\/\/aldaia.es\/transportes\/wp-content\/themes\/transport-aldaia-theme\/img\/reloj.svg\"},{\"@type\":\"BreadcrumbList\",\"@id\":\"https:\/\/aldaia.es\/transportes\/parades-bus-aldaia-horaris\/#breadcrumb\",\"itemListElement\":[{\"@type\":\"ListItem\",\"position\":1,\"name\":\"Portada\",\"item\":\"https:\/\/aldaia.es\/transportes\/\"},{\"@type\":\"ListItem\",\"position\":2,\"name\":\"Parades i horaris\"}]},{\"@type\":\"WebSite\",\"@id\":\"https:\/\/aldaia.es\/transportes\/#website\",\"url\":\"https:\/\/aldaia.es\/transportes\/\",\"name\":\"Transport Urb\u00e0 d'Aldaia\",\"description\":\"\",\"potentialAction\":[{\"@type\":\"SearchAction\",\"target\":{\"@type\":\"EntryPoint\",\"urlTemplate\":\"https:\/\/aldaia.es\/transportes\/?s={search_term_string}\"},\"query-input\":{\"@type\":\"PropertyValueSpecification\",\"valueRequired\":true,\"valueName\":\"search_term_string\"}}],\"inLanguage\":\"es\"}]}<\/script>\n<!-- \/ Yoast SEO plugin. -->","yoast_head_json":{"title":"Parades i horaris - Transport Urb\u00e0 d&#039;Aldaia","description":"Troba els horaris i el mapa de parades dels autobusos d\u00b4Aldaia. L\u00ednies de MetroBus, FernanB\u00fas i connexions amb Val\u00e8ncia i rodalies.","robots":{"index":"index","follow":"follow","max-snippet":"max-snippet:-1","max-image-preview":"max-image-preview:large","max-video-preview":"max-video-preview:-1"},"canonical":"https:\/\/aldaia.es\/transportes\/parades-bus-aldaia-horaris\/","og_locale":"es_ES","og_type":"article","og_title":"Parades i horaris - Transport Urb\u00e0 d&#039;Aldaia","og_description":"Troba els horaris i el mapa de parades dels autobusos d\u00b4Aldaia. L\u00ednies de MetroBus, FernanB\u00fas i connexions amb Val\u00e8ncia i rodalies.","og_url":"https:\/\/aldaia.es\/transportes\/parades-bus-aldaia-horaris\/","og_site_name":"Transport Urb\u00e0 d&#039;Aldaia","article_modified_time":"2026-03-16T12:35:09+00:00","og_image":[{"url":"https:\/\/aldaia.es\/transportes\/wp-content\/themes\/transport-aldaia-theme\/img\/reloj.svg","type":"","width":"","height":""}],"twitter_card":"summary_large_image","twitter_misc":{"Tiempo de lectura":"1 minuto"},"schema":{"@context":"https:\/\/schema.org","@graph":[{"@type":"WebPage","@id":"https:\/\/aldaia.es\/transportes\/parades-bus-aldaia-horaris\/","url":"https:\/\/aldaia.es\/transportes\/parades-bus-aldaia-horaris\/","name":"Parades i horaris - Transport Urb\u00e0 d&#039;Aldaia","isPartOf":{"@id":"https:\/\/aldaia.es\/transportes\/#website"},"primaryImageOfPage":{"@id":"https:\/\/aldaia.es\/transportes\/parades-bus-aldaia-horaris\/#primaryimage"},"image":{"@id":"https:\/\/aldaia.es\/transportes\/parades-bus-aldaia-horaris\/#primaryimage"},"thumbnailUrl":"https:\/\/aldaia.es\/transportes\/wp-content\/themes\/transport-aldaia-theme\/img\/reloj.svg","datePublished":"2026-03-02T10:17:16+00:00","dateModified":"2026-03-16T12:35:09+00:00","description":"Troba els horaris i el mapa de parades dels autobusos d\u00b4Aldaia. L\u00ednies de MetroBus, FernanB\u00fas i connexions amb Val\u00e8ncia i rodalies.","breadcrumb":{"@id":"https:\/\/aldaia.es\/transportes\/parades-bus-aldaia-horaris\/#breadcrumb"},"inLanguage":"es","potentialAction":[{"@type":"ReadAction","target":["https:\/\/aldaia.es\/transportes\/parades-bus-aldaia-horaris\/"]}]},{"@type":"ImageObject","inLanguage":"es","@id":"https:\/\/aldaia.es\/transportes\/parades-bus-aldaia-horaris\/#primaryimage","url":"https:\/\/aldaia.es\/transportes\/wp-content\/themes\/transport-aldaia-theme\/img\/reloj.svg","contentUrl":"https:\/\/aldaia.es\/transportes\/wp-content\/themes\/transport-aldaia-theme\/img\/reloj.svg"},{"@type":"BreadcrumbList","@id":"https:\/\/aldaia.es\/transportes\/parades-bus-aldaia-horaris\/#breadcrumb","itemListElement":[{"@type":"ListItem","position":1,"name":"Portada","item":"https:\/\/aldaia.es\/transportes\/"},{"@type":"ListItem","position":2,"name":"Parades i horaris"}]},{"@type":"WebSite","@id":"https:\/\/aldaia.es\/transportes\/#website","url":"https:\/\/aldaia.es\/transportes\/","name":"Transport Urb\u00e0 d'Aldaia","description":"","potentialAction":[{"@type":"SearchAction","target":{"@type":"EntryPoint","urlTemplate":"https:\/\/aldaia.es\/transportes\/?s={search_term_string}"},"query-input":{"@type":"PropertyValueSpecification","valueRequired":true,"valueName":"search_term_string"}}],"inLanguage":"es"}]}},"_links":{"self":[{"href":"https:\/\/aldaia.es\/transportes\/wp-json\/wp\/v2\/pages\/118","targetHints":{"allow":["GET"]}}],"collection":[{"href":"https:\/\/aldaia.es\/transportes\/wp-json\/wp\/v2\/pages"}],"about":[{"href":"https:\/\/aldaia.es\/transportes\/wp-json\/wp\/v2\/types\/page"}],"author":[{"embeddable":true,"href":"https:\/\/aldaia.es\/transportes\/wp-json\/wp\/v2\/users\/1"}],"replies":[{"embeddable":true,"href":"https:\/\/aldaia.es\/transportes\/wp-json\/wp\/v2\/comments?post=118"}],"version-history":[{"count":52,"href":"https:\/\/aldaia.es\/transportes\/wp-json\/wp\/v2\/pages\/118\/revisions"}],"predecessor-version":[{"id":569,"href":"https:\/\/aldaia.es\/transportes\/wp-json\/wp\/v2\/pages\/118\/revisions\/569"}],"wp:attachment":[{"href":"https:\/\/aldaia.es\/transportes\/wp-json\/wp\/v2\/media?parent=118"}],"curies":[{"name":"wp","href":"https:\/\/api.w.org\/{rel}","templated":true}]}}