{"id":125,"date":"2026-03-02T11:30:24","date_gmt":"2026-03-02T10:30:24","guid":{"rendered":"https:\/\/aldaia.es\/transportes\/?page_id=125"},"modified":"2026-03-16T13:32:11","modified_gmt":"2026-03-16T12:32:11","slug":"linies-bus-aldaia","status":"publish","type":"page","link":"https:\/\/aldaia.es\/transportes\/linies-bus-aldaia\/","title":{"rendered":"L\u00ednies"},"content":{"rendered":"\n<div class=\"wp-block-columns is-not-stacked-on-mobile is-layout-flex wp-container-core-columns-is-layout-9d6595d7 wp-block-columns-is-layout-flex\">\n<div class=\"wp-block-column is-layout-flow wp-block-column-is-layout-flow\">\n<div class=\"contenedor-seccion\"> \n<h1><strong>L\u00ednies<\/strong><\/h1>\n        <div class=\"linea-puntos\">\n            <div class=\"punto extremo\"><\/div>\n            <div class=\"punto\"><\/div>\n            <div class=\"punto\"><\/div>\n            <div class=\"punto\"><\/div>\n            <div class=\"punto\"><\/div>\n            <div class=\"punto\"><\/div>\n            <div class=\"punto extremo\"><\/div>\n        <\/div>\n    <\/div>\n<\/div>\n<\/div>\n\n\n\n<div class=\"wp-block-columns is-layout-flex wp-container-core-columns-is-layout-9d6595d7 wp-block-columns-is-layout-flex\">\n<div class=\"wp-block-column is-layout-flow wp-block-column-is-layout-flow\">\n<ul class=\"wp-block-list lineas m-0 p-0\">\n<li><a title=\"L\u00ednia Bus 106\" href=\"https:\/\/aldaia.es\/transportes\/itinerario\/itinerari-bus-106-torrent-aldaia-aeroport\/\"><strong>106<\/strong> Torrent \u2013 Aeroport<\/a><\/li>\n\n\n\n<li><a title=\"L\u00ednia Bus 160\" href=\"https:\/\/aldaia.es\/transportes\/itinerario\/itinerari-bus-160-cc-bonaire-aldaia-valencia\/\"><strong>160<\/strong>CC Bonaire \u2013 Val\u00e8ncia<\/a><\/li>\n\n\n\n<li><a title=\"L\u00ednia Bus 161\" href=\"https:\/\/aldaia.es\/transportes\/itinerario\/itinerari-bus-161-salt-aigua-quart-de-poblet-aldaia-valencia\/\"><strong>161<\/strong>Salt de l&#8217;Aigua \u2013 Val\u00e8ncia<\/a><\/li>\n\n\n\n<li><a title=\"L\u00ednia Bus 162\" href=\"https:\/\/aldaia.es\/transportes\/itinerario\/itinerari-bus-162-aldaia-salt-de-l-aigua\/\"><strong>162<\/strong>Aldaia &#8211; Salt de l\u2019Aigua<\/a><\/li>\n\n\n\n<li class=\"nocturno\"><a title=\"L\u00ednia Bus 161N\" href=\"https:\/\/aldaia.es\/transportes\/itinerario\/itinerari-bus-161n-aldaia-valencia\/\"><strong>161N<\/strong>Aldaia \u2013 Val\u00e8ncia<\/a><\/li>\n<\/ul>\n<\/div>\n<\/div>\n\n\n\n<div class=\"wp-block-columns is-layout-flex wp-container-core-columns-is-layout-9d6595d7 wp-block-columns-is-layout-flex\">\n<div class=\"wp-block-column p-3 p-lg-5 is-layout-flow wp-block-column-is-layout-flow\"><div class=\"wp-block-image img-fluid\">\n<figure class=\"aligncenter size-full is-resized\"><img loading=\"lazy\" decoding=\"async\" width=\"138\" height=\"137\" src=\"https:\/\/aldaia.es\/transportes\/wp-content\/uploads\/2026\/03\/icono-bus.svg\" alt=\"Icono Autob\u00fas\" class=\"wp-image-272\" style=\"width:200px\"\/><\/figure>\n<\/div><\/div>\n<\/div>\n\n\n\n<div style=\"height:49px\" aria-hidden=\"true\" class=\"wp-block-spacer\"><\/div>\n","protected":false},"excerpt":{"rendered":"<p>L\u00ednies<\/p>\n","protected":false},"author":1,"featured_media":0,"parent":0,"menu_order":0,"comment_status":"closed","ping_status":"closed","template":"page-templates\/page-no-title.php","meta":{"_acf_changed":false,"footnotes":""},"class_list":["post-125","page","type-page","status-publish","hentry"],"acf":[],"yoast_head":"<!-- This site is optimized with the Yoast SEO plugin v27.1.1 - https:\/\/yoast.com\/product\/yoast-seo-wordpress\/ -->\n<title>L\u00ednies - Transport Urb\u00e0 d&#039;Aldaia<\/title>\n<meta name=\"description\" content=\"L\u00ednies de transport amb bus a Aldaia. Consulta els trajectes i les parades de bus a la localitat d&#039;Aldaia. L\u00ednies Fernanb\u00fas.\" \/>\n<meta name=\"robots\" content=\"index, follow, max-snippet:-1, max-image-preview:large, max-video-preview:-1\" \/>\n<link rel=\"canonical\" href=\"https:\/\/aldaia.es\/transportes\/linies-bus-aldaia\/\" \/>\n<meta property=\"og:locale\" content=\"es_ES\" \/>\n<meta property=\"og:type\" content=\"article\" \/>\n<meta property=\"og:title\" content=\"L\u00ednies - Transport Urb\u00e0 d&#039;Aldaia\" \/>\n<meta property=\"og:description\" content=\"L\u00ednies de transport amb bus a Aldaia. Consulta els trajectes i les parades de bus a la localitat d&#039;Aldaia. L\u00ednies Fernanb\u00fas.\" \/>\n<meta property=\"og:url\" content=\"https:\/\/aldaia.es\/transportes\/linies-bus-aldaia\/\" \/>\n<meta property=\"og:site_name\" content=\"Transport Urb\u00e0 d&#039;Aldaia\" \/>\n<meta property=\"article:modified_time\" content=\"2026-03-16T12:32:11+00:00\" \/>\n<meta property=\"og:image\" content=\"https:\/\/aldaia.es\/transportes\/wp-content\/uploads\/2026\/03\/transport-urba-aldaia.png\" \/>\n\t<meta property=\"og:image:width\" content=\"1024\" \/>\n\t<meta property=\"og:image:height\" content=\"586\" \/>\n\t<meta property=\"og:image:type\" content=\"image\/png\" \/>\n<meta name=\"twitter:card\" content=\"summary_large_image\" \/>\n<meta name=\"twitter:label1\" content=\"Tiempo de lectura\" \/>\n\t<meta name=\"twitter:data1\" content=\"1 minuto\" \/>\n<script type=\"application\/ld+json\" class=\"yoast-schema-graph\">{\"@context\":\"https:\/\/schema.org\",\"@graph\":[{\"@type\":\"WebPage\",\"@id\":\"https:\/\/aldaia.es\/transportes\/linies-bus-aldaia\/\",\"url\":\"https:\/\/aldaia.es\/transportes\/linies-bus-aldaia\/\",\"name\":\"L\u00ednies - Transport Urb\u00e0 d&#039;Aldaia\",\"isPartOf\":{\"@id\":\"https:\/\/aldaia.es\/transportes\/#website\"},\"primaryImageOfPage\":{\"@id\":\"https:\/\/aldaia.es\/transportes\/linies-bus-aldaia\/#primaryimage\"},\"image\":{\"@id\":\"https:\/\/aldaia.es\/transportes\/linies-bus-aldaia\/#primaryimage\"},\"thumbnailUrl\":\"https:\/\/aldaia.es\/transportes\/wp-content\/uploads\/2026\/03\/icono-bus.svg\",\"datePublished\":\"2026-03-02T10:30:24+00:00\",\"dateModified\":\"2026-03-16T12:32:11+00:00\",\"description\":\"L\u00ednies de transport amb bus a Aldaia. Consulta els trajectes i les parades de bus a la localitat d'Aldaia. L\u00ednies Fernanb\u00fas.\",\"breadcrumb\":{\"@id\":\"https:\/\/aldaia.es\/transportes\/linies-bus-aldaia\/#breadcrumb\"},\"inLanguage\":\"es\",\"potentialAction\":[{\"@type\":\"ReadAction\",\"target\":[\"https:\/\/aldaia.es\/transportes\/linies-bus-aldaia\/\"]}]},{\"@type\":\"ImageObject\",\"inLanguage\":\"es\",\"@id\":\"https:\/\/aldaia.es\/transportes\/linies-bus-aldaia\/#primaryimage\",\"url\":\"https:\/\/aldaia.es\/transportes\/wp-content\/uploads\/2026\/03\/icono-bus.svg\",\"contentUrl\":\"https:\/\/aldaia.es\/transportes\/wp-content\/uploads\/2026\/03\/icono-bus.svg\",\"width\":138,\"height\":137},{\"@type\":\"BreadcrumbList\",\"@id\":\"https:\/\/aldaia.es\/transportes\/linies-bus-aldaia\/#breadcrumb\",\"itemListElement\":[{\"@type\":\"ListItem\",\"position\":1,\"name\":\"Portada\",\"item\":\"https:\/\/aldaia.es\/transportes\/\"},{\"@type\":\"ListItem\",\"position\":2,\"name\":\"L\u00ednies\"}]},{\"@type\":\"WebSite\",\"@id\":\"https:\/\/aldaia.es\/transportes\/#website\",\"url\":\"https:\/\/aldaia.es\/transportes\/\",\"name\":\"Transport Urb\u00e0 d'Aldaia\",\"description\":\"\",\"potentialAction\":[{\"@type\":\"SearchAction\",\"target\":{\"@type\":\"EntryPoint\",\"urlTemplate\":\"https:\/\/aldaia.es\/transportes\/?s={search_term_string}\"},\"query-input\":{\"@type\":\"PropertyValueSpecification\",\"valueRequired\":true,\"valueName\":\"search_term_string\"}}],\"inLanguage\":\"es\"}]}<\/script>\n<!-- \/ Yoast SEO plugin. -->","yoast_head_json":{"title":"L\u00ednies - Transport Urb\u00e0 d&#039;Aldaia","description":"L\u00ednies de transport amb bus a Aldaia. Consulta els trajectes i les parades de bus a la localitat d'Aldaia. L\u00ednies Fernanb\u00fas.","robots":{"index":"index","follow":"follow","max-snippet":"max-snippet:-1","max-image-preview":"max-image-preview:large","max-video-preview":"max-video-preview:-1"},"canonical":"https:\/\/aldaia.es\/transportes\/linies-bus-aldaia\/","og_locale":"es_ES","og_type":"article","og_title":"L\u00ednies - Transport Urb\u00e0 d&#039;Aldaia","og_description":"L\u00ednies de transport amb bus a Aldaia. Consulta els trajectes i les parades de bus a la localitat d'Aldaia. L\u00ednies Fernanb\u00fas.","og_url":"https:\/\/aldaia.es\/transportes\/linies-bus-aldaia\/","og_site_name":"Transport Urb\u00e0 d&#039;Aldaia","article_modified_time":"2026-03-16T12:32:11+00:00","og_image":[{"width":1024,"height":586,"url":"https:\/\/aldaia.es\/transportes\/wp-content\/uploads\/2026\/03\/transport-urba-aldaia.png","type":"image\/png"}],"twitter_card":"summary_large_image","twitter_misc":{"Tiempo de lectura":"1 minuto"},"schema":{"@context":"https:\/\/schema.org","@graph":[{"@type":"WebPage","@id":"https:\/\/aldaia.es\/transportes\/linies-bus-aldaia\/","url":"https:\/\/aldaia.es\/transportes\/linies-bus-aldaia\/","name":"L\u00ednies - Transport Urb\u00e0 d&#039;Aldaia","isPartOf":{"@id":"https:\/\/aldaia.es\/transportes\/#website"},"primaryImageOfPage":{"@id":"https:\/\/aldaia.es\/transportes\/linies-bus-aldaia\/#primaryimage"},"image":{"@id":"https:\/\/aldaia.es\/transportes\/linies-bus-aldaia\/#primaryimage"},"thumbnailUrl":"https:\/\/aldaia.es\/transportes\/wp-content\/uploads\/2026\/03\/icono-bus.svg","datePublished":"2026-03-02T10:30:24+00:00","dateModified":"2026-03-16T12:32:11+00:00","description":"L\u00ednies de transport amb bus a Aldaia. Consulta els trajectes i les parades de bus a la localitat d'Aldaia. L\u00ednies Fernanb\u00fas.","breadcrumb":{"@id":"https:\/\/aldaia.es\/transportes\/linies-bus-aldaia\/#breadcrumb"},"inLanguage":"es","potentialAction":[{"@type":"ReadAction","target":["https:\/\/aldaia.es\/transportes\/linies-bus-aldaia\/"]}]},{"@type":"ImageObject","inLanguage":"es","@id":"https:\/\/aldaia.es\/transportes\/linies-bus-aldaia\/#primaryimage","url":"https:\/\/aldaia.es\/transportes\/wp-content\/uploads\/2026\/03\/icono-bus.svg","contentUrl":"https:\/\/aldaia.es\/transportes\/wp-content\/uploads\/2026\/03\/icono-bus.svg","width":138,"height":137},{"@type":"BreadcrumbList","@id":"https:\/\/aldaia.es\/transportes\/linies-bus-aldaia\/#breadcrumb","itemListElement":[{"@type":"ListItem","position":1,"name":"Portada","item":"https:\/\/aldaia.es\/transportes\/"},{"@type":"ListItem","position":2,"name":"L\u00ednies"}]},{"@type":"WebSite","@id":"https:\/\/aldaia.es\/transportes\/#website","url":"https:\/\/aldaia.es\/transportes\/","name":"Transport Urb\u00e0 d'Aldaia","description":"","potentialAction":[{"@type":"SearchAction","target":{"@type":"EntryPoint","urlTemplate":"https:\/\/aldaia.es\/transportes\/?s={search_term_string}"},"query-input":{"@type":"PropertyValueSpecification","valueRequired":true,"valueName":"search_term_string"}}],"inLanguage":"es"}]}},"_links":{"self":[{"href":"https:\/\/aldaia.es\/transportes\/wp-json\/wp\/v2\/pages\/125","targetHints":{"allow":["GET"]}}],"collection":[{"href":"https:\/\/aldaia.es\/transportes\/wp-json\/wp\/v2\/pages"}],"about":[{"href":"https:\/\/aldaia.es\/transportes\/wp-json\/wp\/v2\/types\/page"}],"author":[{"embeddable":true,"href":"https:\/\/aldaia.es\/transportes\/wp-json\/wp\/v2\/users\/1"}],"replies":[{"embeddable":true,"href":"https:\/\/aldaia.es\/transportes\/wp-json\/wp\/v2\/comments?post=125"}],"version-history":[{"count":39,"href":"https:\/\/aldaia.es\/transportes\/wp-json\/wp\/v2\/pages\/125\/revisions"}],"predecessor-version":[{"id":486,"href":"https:\/\/aldaia.es\/transportes\/wp-json\/wp\/v2\/pages\/125\/revisions\/486"}],"wp:attachment":[{"href":"https:\/\/aldaia.es\/transportes\/wp-json\/wp\/v2\/media?parent=125"}],"curies":[{"name":"wp","href":"https:\/\/api.w.org\/{rel}","templated":true}]}}