{"id":127,"date":"2026-03-02T11:30:36","date_gmt":"2026-03-02T10:30:36","guid":{"rendered":"https:\/\/aldaia.es\/transportes\/?page_id=127"},"modified":"2026-03-16T13:29:20","modified_gmt":"2026-03-16T12:29:20","slug":"contacte","status":"publish","type":"page","link":"https:\/\/aldaia.es\/transportes\/contacte\/","title":{"rendered":"Contacte"},"content":{"rendered":"\n<div class=\"wp-block-columns is-not-stacked-on-mobile  mb-0 is-layout-flex wp-container-core-columns-is-layout-9d6595d7 wp-block-columns-is-layout-flex\">\n<div class=\"wp-block-column is-layout-flow wp-block-column-is-layout-flow\">\n<h1 class=\"wp-block-heading text-primary\"><strong>Contacte<\/strong><\/h1>\n<\/div>\n\n\n\n<div class=\"wp-block-column text-end is-layout-flow wp-block-column-is-layout-flow\" style=\"flex-basis:22%\">\n<figure class=\"wp-block-image size-large is-resized\"><img loading=\"lazy\" decoding=\"async\" width=\"61\" height=\"52\" src=\"https:\/\/aldaia.es\/transportes\/wp-content\/uploads\/2026\/03\/phone.svg\" alt=\"\" class=\"wp-image-347\" style=\"width:110px\"\/><\/figure>\n<\/div>\n<\/div>\n\n\n\n<div class=\"wp-block-columns listado-contacto mt-0 is-layout-flex wp-container-core-columns-is-layout-9d6595d7 wp-block-columns-is-layout-flex\">\n<div class=\"wp-block-column is-layout-flow wp-block-column-is-layout-flow\">\n<h2 class=\"wp-block-heading\"><strong>Ajuntament<\/strong><\/h2>\n\n\n\n<p class=\"lead fw-semibold\"><a href=\"tel:+34961501500\" type=\"tel\" id=\"tel:+34961501500\">95 150 15 00<\/a> \/\/ <a href=\"tel:+34961510693\" type=\"tel\" id=\"tel:+34961510693\">96 151 06 93<\/a><br><a href=\"mailto:ajuntament@ajuntamentaldaia.org\">ajuntament@ajuntamentaldaia.org<\/a><\/p>\n\n\n\n<div style=\"height:7px\" aria-hidden=\"true\" class=\"wp-block-spacer\"><\/div>\n\n\n\n<p>Pla\u00e7a de la Constituci\u00f3, 10 46960 Aldaia Valencia.<\/p>\n<\/div>\n<\/div>\n\n\n\n<div class=\"wp-block-columns listado-contacto is-layout-flex wp-container-core-columns-is-layout-9d6595d7 wp-block-columns-is-layout-flex\">\n<div class=\"wp-block-column is-layout-flow wp-block-column-is-layout-flow\">\n<h2 class=\"wp-block-heading\"><strong>OIA- Oficina d&#8217;informaci\u00f3 administrativa i Atenci\u00f3 a la Ciutadania<\/strong><\/h2>\n\n\n\n<p class=\"lead fw-semibold\"><a href=\"tel: +34961501500\"><a href=\"tel:+34961501500\" type=\"tel\" id=\"tel:+34961501500\">95 150 15 00<\/a><\/a><br><a href=\"mailto:ofinfor@ajuntamentaldaia.org\">ofinfor@ajuntamentaldaia.org<\/a><\/p>\n\n\n\n<div style=\"height:7px\" aria-hidden=\"true\" class=\"wp-block-spacer\"><\/div>\n\n\n\n<p>Pla\u00e7a de la Constituci\u00f3, 10 46960 Aldaia Valencia.<\/p>\n<\/div>\n<\/div>\n\n\n\n<div class=\"wp-block-columns listado-contacto is-layout-flex wp-container-core-columns-is-layout-9d6595d7 wp-block-columns-is-layout-flex\">\n<div class=\"wp-block-column is-layout-flow wp-block-column-is-layout-flow\">\n<h2 class=\"wp-block-heading\"><strong>Polic\u00eda Local<\/strong><\/h2>\n\n\n\n<p class=\"lead fw-semibold\"><a href=\"tel:+34961500061\" type=\"tel\" id=\"tel:+34961500061\">95 150 00 61<\/a> \/\/ 092 (per a trucades des d&#8217;Aldaia)<\/p>\n\n\n\n<div style=\"height:7px\" aria-hidden=\"true\" class=\"wp-block-spacer\"><\/div>\n\n\n\n<p>Pla\u00e7a de la Constituci\u00f3, 10 46960 Aldaia Valencia.<br>Edifici Municipal &#8211; Servei 24 hores.<br>Prefectura i Oficines de Policia Local.<br><\/p>\n<\/div>\n<\/div>\n\n\n\n<div class=\"wp-block-columns listado-contacto is-layout-flex wp-container-core-columns-is-layout-9d6595d7 wp-block-columns-is-layout-flex\">\n<div class=\"wp-block-column is-layout-flow wp-block-column-is-layout-flow\">\n<h2 class=\"wp-block-heading\"><strong>B\u00f9stia Ciutadana<\/strong><\/h2>\n\n\n\n<p class=\"lead fw-semibold\"><a href=\"https:\/\/aldaia.es\/contacte\/\">Formulari de contacte<\/a><br><\/p>\n<\/div>\n<\/div>\n\n\n\n<div style=\"height:62px\" aria-hidden=\"true\" class=\"wp-block-spacer\"><\/div>\n","protected":false},"excerpt":{"rendered":"<p>Contacte Ajuntament 95 150 15 00 \/\/ 96 151 06 93ajuntament@ajuntamentaldaia.org Pla\u00e7a de la Constituci\u00f3, 10 46960 Aldaia Valencia. OIA- Oficina d&#8217;informaci\u00f3 administrativa i Atenci\u00f3 a la Ciutadania 95 150 15 00ofinfor@ajuntamentaldaia.org Pla\u00e7a de la Constituci\u00f3, 10 46960 Aldaia Valencia. Polic\u00eda Local 95 150 00 61 \/\/ 092 (per a trucades des d&#8217;Aldaia) Pla\u00e7a de [&hellip;]<\/p>\n","protected":false},"author":1,"featured_media":0,"parent":0,"menu_order":0,"comment_status":"closed","ping_status":"closed","template":"page-templates\/page-no-title.php","meta":{"_acf_changed":false,"footnotes":""},"class_list":["post-127","page","type-page","status-publish","hentry"],"acf":[],"yoast_head":"<!-- This site is optimized with the Yoast SEO plugin v27.1.1 - https:\/\/yoast.com\/product\/yoast-seo-wordpress\/ -->\n<title>Transport Urb\u00e0 d&#039;Aldaia - Aplicaci\u00f3 amb les parades de bus<\/title>\n<meta name=\"description\" content=\"Contacte amb l&#039;Ajuntament d&#039;Aldaia, informaci\u00f3 dels transports a la localitat d&#039;Aldaia. Oficina d&#039;informaci\u00f3 i atenci\u00f3 a la ciutadania.\" \/>\n<meta name=\"robots\" content=\"index, follow, max-snippet:-1, max-image-preview:large, max-video-preview:-1\" \/>\n<link rel=\"canonical\" href=\"https:\/\/aldaia.es\/transportes\/contacte\/\" \/>\n<meta property=\"og:locale\" content=\"es_ES\" \/>\n<meta property=\"og:type\" content=\"article\" \/>\n<meta property=\"og:title\" content=\"Transport Urb\u00e0 d&#039;Aldaia - Aplicaci\u00f3 amb les parades de bus\" \/>\n<meta property=\"og:description\" content=\"Contacte amb l&#039;Ajuntament d&#039;Aldaia, informaci\u00f3 dels transports a la localitat d&#039;Aldaia. Oficina d&#039;informaci\u00f3 i atenci\u00f3 a la ciutadania.\" \/>\n<meta property=\"og:url\" content=\"https:\/\/aldaia.es\/transportes\/contacte\/\" \/>\n<meta property=\"og:site_name\" content=\"Transport Urb\u00e0 d&#039;Aldaia\" \/>\n<meta property=\"article:modified_time\" content=\"2026-03-16T12:29:20+00:00\" \/>\n<meta property=\"og:image\" content=\"https:\/\/aldaia.es\/transportes\/wp-content\/uploads\/2026\/03\/transport-urba-aldaia.png\" \/>\n\t<meta property=\"og:image:width\" content=\"1024\" \/>\n\t<meta property=\"og:image:height\" content=\"586\" \/>\n\t<meta property=\"og:image:type\" content=\"image\/png\" \/>\n<meta name=\"twitter:card\" content=\"summary_large_image\" \/>\n<meta name=\"twitter:label1\" content=\"Tiempo de lectura\" \/>\n\t<meta name=\"twitter:data1\" content=\"1 minuto\" \/>\n<script type=\"application\/ld+json\" class=\"yoast-schema-graph\">{\"@context\":\"https:\/\/schema.org\",\"@graph\":[{\"@type\":\"WebPage\",\"@id\":\"https:\/\/aldaia.es\/transportes\/contacte\/\",\"url\":\"https:\/\/aldaia.es\/transportes\/contacte\/\",\"name\":\"Transport Urb\u00e0 d'Aldaia - Aplicaci\u00f3 amb les parades de bus\",\"isPartOf\":{\"@id\":\"https:\/\/aldaia.es\/transportes\/#website\"},\"primaryImageOfPage\":{\"@id\":\"https:\/\/aldaia.es\/transportes\/contacte\/#primaryimage\"},\"image\":{\"@id\":\"https:\/\/aldaia.es\/transportes\/contacte\/#primaryimage\"},\"thumbnailUrl\":\"https:\/\/aldaia.es\/transportes\/wp-content\/uploads\/2026\/03\/phone.svg\",\"datePublished\":\"2026-03-02T10:30:36+00:00\",\"dateModified\":\"2026-03-16T12:29:20+00:00\",\"description\":\"Contacte amb l'Ajuntament d'Aldaia, informaci\u00f3 dels transports a la localitat d'Aldaia. Oficina d'informaci\u00f3 i atenci\u00f3 a la ciutadania.\",\"breadcrumb\":{\"@id\":\"https:\/\/aldaia.es\/transportes\/contacte\/#breadcrumb\"},\"inLanguage\":\"es\",\"potentialAction\":[{\"@type\":\"ReadAction\",\"target\":[\"https:\/\/aldaia.es\/transportes\/contacte\/\"]}]},{\"@type\":\"ImageObject\",\"inLanguage\":\"es\",\"@id\":\"https:\/\/aldaia.es\/transportes\/contacte\/#primaryimage\",\"url\":\"https:\/\/aldaia.es\/transportes\/wp-content\/uploads\/2026\/03\/phone.svg\",\"contentUrl\":\"https:\/\/aldaia.es\/transportes\/wp-content\/uploads\/2026\/03\/phone.svg\",\"width\":61,\"height\":52},{\"@type\":\"BreadcrumbList\",\"@id\":\"https:\/\/aldaia.es\/transportes\/contacte\/#breadcrumb\",\"itemListElement\":[{\"@type\":\"ListItem\",\"position\":1,\"name\":\"Portada\",\"item\":\"https:\/\/aldaia.es\/transportes\/\"},{\"@type\":\"ListItem\",\"position\":2,\"name\":\"Contacte\"}]},{\"@type\":\"WebSite\",\"@id\":\"https:\/\/aldaia.es\/transportes\/#website\",\"url\":\"https:\/\/aldaia.es\/transportes\/\",\"name\":\"Transport Urb\u00e0 d'Aldaia\",\"description\":\"\",\"potentialAction\":[{\"@type\":\"SearchAction\",\"target\":{\"@type\":\"EntryPoint\",\"urlTemplate\":\"https:\/\/aldaia.es\/transportes\/?s={search_term_string}\"},\"query-input\":{\"@type\":\"PropertyValueSpecification\",\"valueRequired\":true,\"valueName\":\"search_term_string\"}}],\"inLanguage\":\"es\"}]}<\/script>\n<!-- \/ Yoast SEO plugin. -->","yoast_head_json":{"title":"Transport Urb\u00e0 d'Aldaia - Aplicaci\u00f3 amb les parades de bus","description":"Contacte amb l'Ajuntament d'Aldaia, informaci\u00f3 dels transports a la localitat d'Aldaia. Oficina d'informaci\u00f3 i atenci\u00f3 a la ciutadania.","robots":{"index":"index","follow":"follow","max-snippet":"max-snippet:-1","max-image-preview":"max-image-preview:large","max-video-preview":"max-video-preview:-1"},"canonical":"https:\/\/aldaia.es\/transportes\/contacte\/","og_locale":"es_ES","og_type":"article","og_title":"Transport Urb\u00e0 d'Aldaia - Aplicaci\u00f3 amb les parades de bus","og_description":"Contacte amb l'Ajuntament d'Aldaia, informaci\u00f3 dels transports a la localitat d'Aldaia. Oficina d'informaci\u00f3 i atenci\u00f3 a la ciutadania.","og_url":"https:\/\/aldaia.es\/transportes\/contacte\/","og_site_name":"Transport Urb\u00e0 d&#039;Aldaia","article_modified_time":"2026-03-16T12:29:20+00:00","og_image":[{"width":1024,"height":586,"url":"https:\/\/aldaia.es\/transportes\/wp-content\/uploads\/2026\/03\/transport-urba-aldaia.png","type":"image\/png"}],"twitter_card":"summary_large_image","twitter_misc":{"Tiempo de lectura":"1 minuto"},"schema":{"@context":"https:\/\/schema.org","@graph":[{"@type":"WebPage","@id":"https:\/\/aldaia.es\/transportes\/contacte\/","url":"https:\/\/aldaia.es\/transportes\/contacte\/","name":"Transport Urb\u00e0 d'Aldaia - Aplicaci\u00f3 amb les parades de bus","isPartOf":{"@id":"https:\/\/aldaia.es\/transportes\/#website"},"primaryImageOfPage":{"@id":"https:\/\/aldaia.es\/transportes\/contacte\/#primaryimage"},"image":{"@id":"https:\/\/aldaia.es\/transportes\/contacte\/#primaryimage"},"thumbnailUrl":"https:\/\/aldaia.es\/transportes\/wp-content\/uploads\/2026\/03\/phone.svg","datePublished":"2026-03-02T10:30:36+00:00","dateModified":"2026-03-16T12:29:20+00:00","description":"Contacte amb l'Ajuntament d'Aldaia, informaci\u00f3 dels transports a la localitat d'Aldaia. Oficina d'informaci\u00f3 i atenci\u00f3 a la ciutadania.","breadcrumb":{"@id":"https:\/\/aldaia.es\/transportes\/contacte\/#breadcrumb"},"inLanguage":"es","potentialAction":[{"@type":"ReadAction","target":["https:\/\/aldaia.es\/transportes\/contacte\/"]}]},{"@type":"ImageObject","inLanguage":"es","@id":"https:\/\/aldaia.es\/transportes\/contacte\/#primaryimage","url":"https:\/\/aldaia.es\/transportes\/wp-content\/uploads\/2026\/03\/phone.svg","contentUrl":"https:\/\/aldaia.es\/transportes\/wp-content\/uploads\/2026\/03\/phone.svg","width":61,"height":52},{"@type":"BreadcrumbList","@id":"https:\/\/aldaia.es\/transportes\/contacte\/#breadcrumb","itemListElement":[{"@type":"ListItem","position":1,"name":"Portada","item":"https:\/\/aldaia.es\/transportes\/"},{"@type":"ListItem","position":2,"name":"Contacte"}]},{"@type":"WebSite","@id":"https:\/\/aldaia.es\/transportes\/#website","url":"https:\/\/aldaia.es\/transportes\/","name":"Transport Urb\u00e0 d'Aldaia","description":"","potentialAction":[{"@type":"SearchAction","target":{"@type":"EntryPoint","urlTemplate":"https:\/\/aldaia.es\/transportes\/?s={search_term_string}"},"query-input":{"@type":"PropertyValueSpecification","valueRequired":true,"valueName":"search_term_string"}}],"inLanguage":"es"}]}},"_links":{"self":[{"href":"https:\/\/aldaia.es\/transportes\/wp-json\/wp\/v2\/pages\/127","targetHints":{"allow":["GET"]}}],"collection":[{"href":"https:\/\/aldaia.es\/transportes\/wp-json\/wp\/v2\/pages"}],"about":[{"href":"https:\/\/aldaia.es\/transportes\/wp-json\/wp\/v2\/types\/page"}],"author":[{"embeddable":true,"href":"https:\/\/aldaia.es\/transportes\/wp-json\/wp\/v2\/users\/1"}],"replies":[{"embeddable":true,"href":"https:\/\/aldaia.es\/transportes\/wp-json\/wp\/v2\/comments?post=127"}],"version-history":[{"count":13,"href":"https:\/\/aldaia.es\/transportes\/wp-json\/wp\/v2\/pages\/127\/revisions"}],"predecessor-version":[{"id":372,"href":"https:\/\/aldaia.es\/transportes\/wp-json\/wp\/v2\/pages\/127\/revisions\/372"}],"wp:attachment":[{"href":"https:\/\/aldaia.es\/transportes\/wp-json\/wp\/v2\/media?parent=127"}],"curies":[{"name":"wp","href":"https:\/\/api.w.org\/{rel}","templated":true}]}}