{"id":152,"date":"2026-03-04T13:25:49","date_gmt":"2026-03-04T12:25:49","guid":{"rendered":"https:\/\/aldaia.es\/transportes\/?page_id=152"},"modified":"2026-03-16T11:28:48","modified_gmt":"2026-03-16T10:28:48","slug":"avis","status":"publish","type":"page","link":"https:\/\/aldaia.es\/transportes\/avis\/","title":{"rendered":"Informaci\u00f3 sobre els autobusos a Aldaia"},"content":{"rendered":"\n<p>Informaci\u00f3 sobre els autobusos a Aldaia<br>Consulta aqu\u00ed els avisos sobre les parades, els horaris i els avisos d&#8217;\u00faltima hora sobre les l\u00ednies d&#8217;autob\u00fas que connecten Aldaia amb Val\u00e8ncia i poblacions ve\u00efnes. Tota l&#8217;actualitat del transport p\u00fablic al vostre abast.<\/p>\n\n\n\n<p><\/p>\n","protected":false},"excerpt":{"rendered":"<p>Informaci\u00f3 sobre els autobusos a AldaiaConsulta aqu\u00ed els avisos sobre les parades, els horaris i els avisos d&#8217;\u00faltima hora sobre les l\u00ednies d&#8217;autob\u00fas que connecten Aldaia amb Val\u00e8ncia i poblacions ve\u00efnes. Tota l&#8217;actualitat del transport p\u00fablic al vostre abast.<\/p>\n","protected":false},"author":1,"featured_media":0,"parent":0,"menu_order":0,"comment_status":"closed","ping_status":"closed","template":"","meta":{"_acf_changed":false,"footnotes":""},"class_list":["post-152","page","type-page","status-publish","hentry"],"acf":[],"yoast_head":"<!-- This site is optimized with the Yoast SEO plugin v27.1.1 - https:\/\/yoast.com\/product\/yoast-seo-wordpress\/ -->\n<title>Informaci\u00f3 sobre els autobusos a Aldaia - Transport Urb\u00e0 d&#039;Aldaia<\/title>\n<meta name=\"robots\" content=\"noindex, nofollow\" \/>\n<meta property=\"og:locale\" content=\"es_ES\" \/>\n<meta property=\"og:type\" content=\"article\" \/>\n<meta property=\"og:title\" content=\"Informaci\u00f3 sobre els autobusos a Aldaia - Transport Urb\u00e0 d&#039;Aldaia\" \/>\n<meta property=\"og:description\" content=\"Informaci\u00f3 sobre els autobusos a AldaiaConsulta aqu\u00ed els avisos sobre les parades, els horaris i els avisos d&#8217;\u00faltima hora sobre les l\u00ednies d&#8217;autob\u00fas que connecten Aldaia amb Val\u00e8ncia i poblacions ve\u00efnes. Tota l&#8217;actualitat del transport p\u00fablic al vostre abast.\" \/>\n<meta property=\"og:url\" content=\"https:\/\/aldaia.es\/transportes\/avis\/\" \/>\n<meta property=\"og:site_name\" content=\"Transport Urb\u00e0 d&#039;Aldaia\" \/>\n<meta property=\"article:modified_time\" content=\"2026-03-16T10:28:48+00:00\" \/>\n<meta property=\"og:image\" content=\"https:\/\/aldaia.es\/transportes\/wp-content\/uploads\/2026\/03\/transport-urba-aldaia.png\" \/>\n\t<meta property=\"og:image:width\" content=\"1024\" \/>\n\t<meta property=\"og:image:height\" content=\"586\" \/>\n\t<meta property=\"og:image:type\" content=\"image\/png\" \/>\n<meta name=\"twitter:card\" content=\"summary_large_image\" \/>\n<script type=\"application\/ld+json\" class=\"yoast-schema-graph\">{\"@context\":\"https:\/\/schema.org\",\"@graph\":[{\"@type\":\"WebPage\",\"@id\":\"https:\/\/aldaia.es\/transportes\/avis\/\",\"url\":\"https:\/\/aldaia.es\/transportes\/avis\/\",\"name\":\"Informaci\u00f3 sobre els autobusos a Aldaia - Transport Urb\u00e0 d&#039;Aldaia\",\"isPartOf\":{\"@id\":\"https:\/\/aldaia.es\/transportes\/#website\"},\"datePublished\":\"2026-03-04T12:25:49+00:00\",\"dateModified\":\"2026-03-16T10:28:48+00:00\",\"breadcrumb\":{\"@id\":\"https:\/\/aldaia.es\/transportes\/avis\/#breadcrumb\"},\"inLanguage\":\"es\",\"potentialAction\":[{\"@type\":\"ReadAction\",\"target\":[\"https:\/\/aldaia.es\/transportes\/avis\/\"]}]},{\"@type\":\"BreadcrumbList\",\"@id\":\"https:\/\/aldaia.es\/transportes\/avis\/#breadcrumb\",\"itemListElement\":[{\"@type\":\"ListItem\",\"position\":1,\"name\":\"Portada\",\"item\":\"https:\/\/aldaia.es\/transportes\/\"},{\"@type\":\"ListItem\",\"position\":2,\"name\":\"Informaci\u00f3 sobre els autobusos a Aldaia\"}]},{\"@type\":\"WebSite\",\"@id\":\"https:\/\/aldaia.es\/transportes\/#website\",\"url\":\"https:\/\/aldaia.es\/transportes\/\",\"name\":\"Transport Urb\u00e0 d'Aldaia\",\"description\":\"\",\"potentialAction\":[{\"@type\":\"SearchAction\",\"target\":{\"@type\":\"EntryPoint\",\"urlTemplate\":\"https:\/\/aldaia.es\/transportes\/?s={search_term_string}\"},\"query-input\":{\"@type\":\"PropertyValueSpecification\",\"valueRequired\":true,\"valueName\":\"search_term_string\"}}],\"inLanguage\":\"es\"}]}<\/script>\n<!-- \/ Yoast SEO plugin. -->","yoast_head_json":{"title":"Informaci\u00f3 sobre els autobusos a Aldaia - Transport Urb\u00e0 d&#039;Aldaia","robots":{"index":"noindex","follow":"nofollow"},"og_locale":"es_ES","og_type":"article","og_title":"Informaci\u00f3 sobre els autobusos a Aldaia - Transport Urb\u00e0 d&#039;Aldaia","og_description":"Informaci\u00f3 sobre els autobusos a AldaiaConsulta aqu\u00ed els avisos sobre les parades, els horaris i els avisos d&#8217;\u00faltima hora sobre les l\u00ednies d&#8217;autob\u00fas que connecten Aldaia amb Val\u00e8ncia i poblacions ve\u00efnes. Tota l&#8217;actualitat del transport p\u00fablic al vostre abast.","og_url":"https:\/\/aldaia.es\/transportes\/avis\/","og_site_name":"Transport Urb\u00e0 d&#039;Aldaia","article_modified_time":"2026-03-16T10:28:48+00:00","og_image":[{"width":1024,"height":586,"url":"https:\/\/aldaia.es\/transportes\/wp-content\/uploads\/2026\/03\/transport-urba-aldaia.png","type":"image\/png"}],"twitter_card":"summary_large_image","schema":{"@context":"https:\/\/schema.org","@graph":[{"@type":"WebPage","@id":"https:\/\/aldaia.es\/transportes\/avis\/","url":"https:\/\/aldaia.es\/transportes\/avis\/","name":"Informaci\u00f3 sobre els autobusos a Aldaia - Transport Urb\u00e0 d&#039;Aldaia","isPartOf":{"@id":"https:\/\/aldaia.es\/transportes\/#website"},"datePublished":"2026-03-04T12:25:49+00:00","dateModified":"2026-03-16T10:28:48+00:00","breadcrumb":{"@id":"https:\/\/aldaia.es\/transportes\/avis\/#breadcrumb"},"inLanguage":"es","potentialAction":[{"@type":"ReadAction","target":["https:\/\/aldaia.es\/transportes\/avis\/"]}]},{"@type":"BreadcrumbList","@id":"https:\/\/aldaia.es\/transportes\/avis\/#breadcrumb","itemListElement":[{"@type":"ListItem","position":1,"name":"Portada","item":"https:\/\/aldaia.es\/transportes\/"},{"@type":"ListItem","position":2,"name":"Informaci\u00f3 sobre els autobusos a Aldaia"}]},{"@type":"WebSite","@id":"https:\/\/aldaia.es\/transportes\/#website","url":"https:\/\/aldaia.es\/transportes\/","name":"Transport Urb\u00e0 d'Aldaia","description":"","potentialAction":[{"@type":"SearchAction","target":{"@type":"EntryPoint","urlTemplate":"https:\/\/aldaia.es\/transportes\/?s={search_term_string}"},"query-input":{"@type":"PropertyValueSpecification","valueRequired":true,"valueName":"search_term_string"}}],"inLanguage":"es"}]}},"_links":{"self":[{"href":"https:\/\/aldaia.es\/transportes\/wp-json\/wp\/v2\/pages\/152","targetHints":{"allow":["GET"]}}],"collection":[{"href":"https:\/\/aldaia.es\/transportes\/wp-json\/wp\/v2\/pages"}],"about":[{"href":"https:\/\/aldaia.es\/transportes\/wp-json\/wp\/v2\/types\/page"}],"author":[{"embeddable":true,"href":"https:\/\/aldaia.es\/transportes\/wp-json\/wp\/v2\/users\/1"}],"replies":[{"embeddable":true,"href":"https:\/\/aldaia.es\/transportes\/wp-json\/wp\/v2\/comments?post=152"}],"version-history":[{"count":8,"href":"https:\/\/aldaia.es\/transportes\/wp-json\/wp\/v2\/pages\/152\/revisions"}],"predecessor-version":[{"id":665,"href":"https:\/\/aldaia.es\/transportes\/wp-json\/wp\/v2\/pages\/152\/revisions\/665"}],"wp:attachment":[{"href":"https:\/\/aldaia.es\/transportes\/wp-json\/wp\/v2\/media?parent=152"}],"curies":[{"name":"wp","href":"https:\/\/api.w.org\/{rel}","templated":true}]}}