{"id":9,"date":"2026-02-26T09:48:48","date_gmt":"2026-02-26T08:48:48","guid":{"rendered":"https:\/\/aldaia.es\/transportes\/?page_id=9"},"modified":"2026-03-16T13:04:17","modified_gmt":"2026-03-16T12:04:17","slug":"inici","status":"publish","type":"page","link":"https:\/\/aldaia.es\/transportes\/","title":{"rendered":"Inici"},"content":{"rendered":"\n<div class=\"wp-block-columns is-not-stacked-on-mobile my-3  gap-0 my-lg-5 mapa-enlaces bg-white is-layout-flex wp-container-core-columns-is-layout-9d6595d7 wp-block-columns-is-layout-flex\">\n<div class=\"wp-block-column lead bg-white py-3 py-lg-5 px-3 text-decoration-none text-dark is-layout-flow wp-block-column-is-layout-flow\">\n<h2 class=\"wp-block-heading h3\"><strong>Enlla\u00e7os d&#8217;inter\u00e9s<\/strong><\/h2>\n\n\n\n<p class=\"fw-semibold\"><a href=\"https:\/\/transviago.com\/fernanbus\/\" target=\"_blank\" rel=\"noreferrer noopener\">Transviago Fernanbus<\/a><br><a href=\"https:\/\/www.renfe.com\/es\/es\/cercanias\/cercanias-valencia\/horarios#\/buscar\">Renfe Cercan\u00edas<\/a><\/p>\n<\/div>\n\n\n\n<div class=\"wp-block-column py-3 text-end is-layout-flow wp-block-column-is-layout-flow\" style=\"flex-basis:22%\">\n<figure class=\"wp-block-image size-large is-resized pt-5\"><img decoding=\"async\" src=\"https:\/\/aldaia.es\/transportes\/wp-content\/themes\/transport-aldaia-theme\/img\/enlaces.svg\" alt=\"Enlaces\" style=\"width:140px\"\/><\/figure>\n<\/div>\n<\/div>\n","protected":false},"excerpt":{"rendered":"<p>Enlla\u00e7os d&#8217;inter\u00e9s Transviago FernanbusRenfe Cercan\u00edas<\/p>\n","protected":false},"author":1,"featured_media":0,"parent":0,"menu_order":0,"comment_status":"closed","ping_status":"closed","template":"page-templates\/mapa.php","meta":{"_acf_changed":false,"footnotes":""},"class_list":["post-9","page","type-page","status-publish","hentry"],"acf":[],"yoast_head":"<!-- This site is optimized with the Yoast SEO plugin v27.1.1 - https:\/\/yoast.com\/product\/yoast-seo-wordpress\/ -->\n<title>Autobusos a Aldaia: Horaris, L\u00ednies i Avisos d&#039;\u00daltima Hora<\/title>\n<meta name=\"description\" content=\"Busques un autob\u00fas a Aldaia? Troba aqu\u00ed totes les rutes, les parades de bus i els horaris per planificar el teu trajecte.\" \/>\n<meta name=\"robots\" content=\"index, follow, max-snippet:-1, max-image-preview:large, max-video-preview:-1\" \/>\n<link rel=\"canonical\" href=\"https:\/\/aldaia.es\/transportes\/\" \/>\n<meta property=\"og:locale\" content=\"es_ES\" \/>\n<meta property=\"og:type\" content=\"article\" \/>\n<meta property=\"og:title\" content=\"Autobusos a Aldaia: Horaris, L\u00ednies i Avisos d&#039;\u00daltima Hora\" \/>\n<meta property=\"og:description\" content=\"Busques un autob\u00fas a Aldaia? Troba aqu\u00ed totes les rutes, les parades de bus i els horaris per planificar el teu trajecte.\" \/>\n<meta property=\"og:url\" content=\"https:\/\/aldaia.es\/transportes\/\" \/>\n<meta property=\"og:site_name\" content=\"Transport Urb\u00e0 d&#039;Aldaia\" \/>\n<meta property=\"article:modified_time\" content=\"2026-03-16T12:04:17+00:00\" \/>\n<meta property=\"og:image\" content=\"https:\/\/aldaia.es\/transportes\/wp-content\/themes\/transport-aldaia-theme\/img\/enlaces.svg\" \/>\n<meta name=\"twitter:card\" content=\"summary_large_image\" \/>\n<meta name=\"twitter:label1\" content=\"Tiempo de lectura\" \/>\n\t<meta name=\"twitter:data1\" content=\"1 minuto\" \/>\n<script type=\"application\/ld+json\" class=\"yoast-schema-graph\">{\"@context\":\"https:\/\/schema.org\",\"@graph\":[{\"@type\":\"WebPage\",\"@id\":\"https:\/\/aldaia.es\/transportes\/\",\"url\":\"https:\/\/aldaia.es\/transportes\/\",\"name\":\"Autobusos a Aldaia: Horaris, L\u00ednies i Avisos d'\u00daltima Hora\",\"isPartOf\":{\"@id\":\"https:\/\/aldaia.es\/transportes\/#website\"},\"primaryImageOfPage\":{\"@id\":\"https:\/\/aldaia.es\/transportes\/#primaryimage\"},\"image\":{\"@id\":\"https:\/\/aldaia.es\/transportes\/#primaryimage\"},\"thumbnailUrl\":\"https:\/\/aldaia.es\/transportes\/wp-content\/themes\/transport-aldaia-theme\/img\/enlaces.svg\",\"datePublished\":\"2026-02-26T08:48:48+00:00\",\"dateModified\":\"2026-03-16T12:04:17+00:00\",\"description\":\"Busques un autob\u00fas a Aldaia? Troba aqu\u00ed totes les rutes, les parades de bus i els horaris per planificar el teu trajecte.\",\"breadcrumb\":{\"@id\":\"https:\/\/aldaia.es\/transportes\/#breadcrumb\"},\"inLanguage\":\"es\",\"potentialAction\":[{\"@type\":\"ReadAction\",\"target\":[\"https:\/\/aldaia.es\/transportes\/\"]}]},{\"@type\":\"ImageObject\",\"inLanguage\":\"es\",\"@id\":\"https:\/\/aldaia.es\/transportes\/#primaryimage\",\"url\":\"https:\/\/aldaia.es\/transportes\/wp-content\/themes\/transport-aldaia-theme\/img\/enlaces.svg\",\"contentUrl\":\"https:\/\/aldaia.es\/transportes\/wp-content\/themes\/transport-aldaia-theme\/img\/enlaces.svg\"},{\"@type\":\"BreadcrumbList\",\"@id\":\"https:\/\/aldaia.es\/transportes\/#breadcrumb\",\"itemListElement\":[{\"@type\":\"ListItem\",\"position\":1,\"name\":\"Portada\",\"item\":\"https:\/\/aldaia.es\/transportes\/\"},{\"@type\":\"ListItem\",\"position\":2,\"name\":\"Inici\"}]},{\"@type\":\"WebSite\",\"@id\":\"https:\/\/aldaia.es\/transportes\/#website\",\"url\":\"https:\/\/aldaia.es\/transportes\/\",\"name\":\"Transport Urb\u00e0 d'Aldaia\",\"description\":\"\",\"potentialAction\":[{\"@type\":\"SearchAction\",\"target\":{\"@type\":\"EntryPoint\",\"urlTemplate\":\"https:\/\/aldaia.es\/transportes\/?s={search_term_string}\"},\"query-input\":{\"@type\":\"PropertyValueSpecification\",\"valueRequired\":true,\"valueName\":\"search_term_string\"}}],\"inLanguage\":\"es\"}]}<\/script>\n<!-- \/ Yoast SEO plugin. -->","yoast_head_json":{"title":"Autobusos a Aldaia: Horaris, L\u00ednies i Avisos d'\u00daltima Hora","description":"Busques un autob\u00fas a Aldaia? Troba aqu\u00ed totes les rutes, les parades de bus i els horaris per planificar el teu trajecte.","robots":{"index":"index","follow":"follow","max-snippet":"max-snippet:-1","max-image-preview":"max-image-preview:large","max-video-preview":"max-video-preview:-1"},"canonical":"https:\/\/aldaia.es\/transportes\/","og_locale":"es_ES","og_type":"article","og_title":"Autobusos a Aldaia: Horaris, L\u00ednies i Avisos d'\u00daltima Hora","og_description":"Busques un autob\u00fas a Aldaia? Troba aqu\u00ed totes les rutes, les parades de bus i els horaris per planificar el teu trajecte.","og_url":"https:\/\/aldaia.es\/transportes\/","og_site_name":"Transport Urb\u00e0 d&#039;Aldaia","article_modified_time":"2026-03-16T12:04:17+00:00","og_image":[{"url":"https:\/\/aldaia.es\/transportes\/wp-content\/themes\/transport-aldaia-theme\/img\/enlaces.svg","type":"","width":"","height":""}],"twitter_card":"summary_large_image","twitter_misc":{"Tiempo de lectura":"1 minuto"},"schema":{"@context":"https:\/\/schema.org","@graph":[{"@type":"WebPage","@id":"https:\/\/aldaia.es\/transportes\/","url":"https:\/\/aldaia.es\/transportes\/","name":"Autobusos a Aldaia: Horaris, L\u00ednies i Avisos d'\u00daltima Hora","isPartOf":{"@id":"https:\/\/aldaia.es\/transportes\/#website"},"primaryImageOfPage":{"@id":"https:\/\/aldaia.es\/transportes\/#primaryimage"},"image":{"@id":"https:\/\/aldaia.es\/transportes\/#primaryimage"},"thumbnailUrl":"https:\/\/aldaia.es\/transportes\/wp-content\/themes\/transport-aldaia-theme\/img\/enlaces.svg","datePublished":"2026-02-26T08:48:48+00:00","dateModified":"2026-03-16T12:04:17+00:00","description":"Busques un autob\u00fas a Aldaia? Troba aqu\u00ed totes les rutes, les parades de bus i els horaris per planificar el teu trajecte.","breadcrumb":{"@id":"https:\/\/aldaia.es\/transportes\/#breadcrumb"},"inLanguage":"es","potentialAction":[{"@type":"ReadAction","target":["https:\/\/aldaia.es\/transportes\/"]}]},{"@type":"ImageObject","inLanguage":"es","@id":"https:\/\/aldaia.es\/transportes\/#primaryimage","url":"https:\/\/aldaia.es\/transportes\/wp-content\/themes\/transport-aldaia-theme\/img\/enlaces.svg","contentUrl":"https:\/\/aldaia.es\/transportes\/wp-content\/themes\/transport-aldaia-theme\/img\/enlaces.svg"},{"@type":"BreadcrumbList","@id":"https:\/\/aldaia.es\/transportes\/#breadcrumb","itemListElement":[{"@type":"ListItem","position":1,"name":"Portada","item":"https:\/\/aldaia.es\/transportes\/"},{"@type":"ListItem","position":2,"name":"Inici"}]},{"@type":"WebSite","@id":"https:\/\/aldaia.es\/transportes\/#website","url":"https:\/\/aldaia.es\/transportes\/","name":"Transport Urb\u00e0 d'Aldaia","description":"","potentialAction":[{"@type":"SearchAction","target":{"@type":"EntryPoint","urlTemplate":"https:\/\/aldaia.es\/transportes\/?s={search_term_string}"},"query-input":{"@type":"PropertyValueSpecification","valueRequired":true,"valueName":"search_term_string"}}],"inLanguage":"es"}]}},"_links":{"self":[{"href":"https:\/\/aldaia.es\/transportes\/wp-json\/wp\/v2\/pages\/9","targetHints":{"allow":["GET"]}}],"collection":[{"href":"https:\/\/aldaia.es\/transportes\/wp-json\/wp\/v2\/pages"}],"about":[{"href":"https:\/\/aldaia.es\/transportes\/wp-json\/wp\/v2\/types\/page"}],"author":[{"embeddable":true,"href":"https:\/\/aldaia.es\/transportes\/wp-json\/wp\/v2\/users\/1"}],"replies":[{"embeddable":true,"href":"https:\/\/aldaia.es\/transportes\/wp-json\/wp\/v2\/comments?post=9"}],"version-history":[{"count":45,"href":"https:\/\/aldaia.es\/transportes\/wp-json\/wp\/v2\/pages\/9\/revisions"}],"predecessor-version":[{"id":407,"href":"https:\/\/aldaia.es\/transportes\/wp-json\/wp\/v2\/pages\/9\/revisions\/407"}],"wp:attachment":[{"href":"https:\/\/aldaia.es\/transportes\/wp-json\/wp\/v2\/media?parent=9"}],"curies":[{"name":"wp","href":"https:\/\/api.w.org\/{rel}","templated":true}]}}